{"id":3760,"date":"2022-07-01T08:34:39","date_gmt":"2022-07-01T08:34:39","guid":{"rendered":"https:\/\/www.anatomicaclinic.com\/estetica-medica\/filorga-nctf-135-dominik\/"},"modified":"2026-02-11T11:44:43","modified_gmt":"2026-02-11T11:44:43","slug":"tratamiento-contra-el-acne","status":"publish","type":"page","link":"https:\/\/www.anatomicaclinic.com\/do\/tratamiento-contra-el-acne\/","title":{"rendered":"Tratamiento Contra el Acn\u00e9"},"content":{"rendered":"<div class=\"wpb-content-wrapper\"><p>[vc_section][vc_row el_class=\"container_1200&#8243;][vc_column][vc_row_inner][vc_column_inner][vc_custom_heading text=\"Tratamiento Contra el Acn\u00e9\" font_container=\"tag:h2|font_size:48|text_align:center\" use_theme_fonts=\"yes\" el_class=\"single-page-h2&#8243;][\/vc_column_inner][\/vc_row_inner][vc_row_inner][vc_column_inner width=\"1\/3&#8243;][vc_single_image image=\"3761&#8243; img_size=\"full\"][\/vc_column_inner][vc_column_inner width=\"2\/3&#8243;][vc_column_text]<strong>\u00bfQu\u00e9 m\u00e9todos se utilizan en su cl\u00ednica para el tratamiento del acn\u00e9?<\/strong><\/p> <ul> <li>Tratamientos topicos<\/li> <li>Tratamiento oral<\/li> <\/ul> <p>&nbsp;<\/p> <p><strong>\u00bfEl tratamiento del acn\u00e9 es permanente?<\/strong><\/p> <ul> <li>No necesariamente<\/li> <\/ul> <p>&nbsp;<\/p> <p><strong>\u00bfEs importante la estaci\u00f3n en el tratamiento del acn\u00e9?<\/strong><\/p> <ul> <li>Si es importante<\/li> <\/ul> <p>&nbsp;<\/p> <p><strong>\u00bfA qu\u00e9 debo prestar atenci\u00f3n despu\u00e9s del tratamiento del acn\u00e9?<\/strong><\/p> <ul> <li>Proteger del sol<\/li> <li>Control graso de la piel<\/li> <\/ul> <p>[\/vc_column_text][\/vc_column_inner][\/vc_row_inner][\/vc_column][\/vc_row][\/vc_section]<\/p> <\/div>","protected":false},"excerpt":{"rendered":"[vc_section][vc_row el_class=\"container_1200&#8243;][vc_column][vc_row_inner][vc_column_inner][vc_custom_heading text=\"Tratamiento Contra el Acn\u00e9\" font_container=\"tag:h2|font_size:48|text_align:center\" use_theme_fonts=\"yes\" el_class=\"single-page-h2&#8243;][\/vc_column_inner][\/vc_row_inner][vc_row_inner][vc_column_inner width=\"1\/3&#8243;][vc_single_image image=\"3761&#8243; img_size=\"full\"][\/vc_column_inner][vc_column_inner width=\"2\/3&#8243;][vc_column_text]\u00bfQu\u00e9 m\u00e9todos se utilizan en su cl\u00ednica para el tratamiento del acn\u00e9? Tratamientos topicos Tratamiento oral &nbsp; \u00bfEl tratamiento del acn\u00e9 es permanente? No necesariamente &nbsp; \u00bfEs importante la estaci\u00f3n en el tratamiento del acn\u00e9? Si es importante &nbsp; \u00bfA qu\u00e9 debo prestar&#8230; <a class=\"view-article\" href=\"https:\/\/www.anatomicaclinic.com\/do\/tratamiento-contra-el-acne\/\">View Article<\/a>","protected":false},"author":10,"featured_media":0,"parent":0,"menu_order":0,"comment_status":"closed","ping_status":"closed","template":"","meta":{"footnotes":""},"class_list":["post-3760","page","type-page","status-publish","hentry"],"yoast_head":"<!-- This site is optimized with the Yoast SEO plugin v27.0 - https:\/\/yoast.com\/product\/yoast-seo-wordpress\/ -->\n<title>Tratamiento Contra el Acn\u00e9 - Anatomica Cl\u00ednica<\/title>\n<meta name=\"description\" content=\"Tratamiento Contra el Acn\u00e9 - Anatomica Cl\u00ednica\" \/>\n<meta name=\"robots\" content=\"index, follow, max-snippet:-1, max-image-preview:large, max-video-preview:-1\" \/>\n<link rel=\"canonical\" href=\"https:\/\/www.anatomicaclinic.com\/do\/?page_id=3760\" \/>\n<meta property=\"og:locale\" content=\"es_ES\" \/>\n<meta property=\"og:type\" content=\"article\" \/>\n<meta property=\"og:title\" content=\"Tratamiento Contra el Acn\u00e9 - Anatomica Cl\u00ednica\" \/>\n<meta property=\"og:description\" content=\"Tratamiento Contra el Acn\u00e9 - Anatomica Cl\u00ednica\" \/>\n<meta property=\"og:url\" content=\"https:\/\/www.anatomicaclinic.com\/do\/?page_id=3760\" \/>\n<meta property=\"og:site_name\" content=\"Anatomica Cl\u00ednica\" \/>\n<meta property=\"article:publisher\" content=\"https:\/\/www.facebook.com\/anatomicadominican\" \/>\n<meta property=\"article:modified_time\" content=\"2026-02-11T11:44:43+00:00\" \/>\n<meta name=\"twitter:card\" content=\"summary_large_image\" \/>\n<meta name=\"twitter:label1\" content=\"Est. reading time\" \/>\n\t<meta name=\"twitter:data1\" content=\"1 minuto\" \/>\n<script type=\"application\/ld+json\" class=\"yoast-schema-graph\">{\"@context\":\"https:\/\/schema.org\",\"@graph\":[{\"@type\":\"WebPage\",\"@id\":\"https:\/\/www.anatomicaclinic.com\/do\/?page_id=3760\",\"url\":\"https:\/\/www.anatomicaclinic.com\/do\/?page_id=3760\",\"name\":\"Tratamiento Contra el Acn\u00e9 - Anatomica Cl\u00ednica\",\"isPartOf\":{\"@id\":\"https:\/\/www.anatomicaclinic.com\/#website\"},\"datePublished\":\"2022-07-01T08:34:39+00:00\",\"dateModified\":\"2026-02-11T11:44:43+00:00\",\"description\":\"Tratamiento Contra el Acn\u00e9 - Anatomica Cl\u00ednica\",\"breadcrumb\":{\"@id\":\"https:\/\/www.anatomicaclinic.com\/do\/?page_id=3760#breadcrumb\"},\"inLanguage\":\"es-DO\",\"potentialAction\":[{\"@type\":\"ReadAction\",\"target\":[\"https:\/\/www.anatomicaclinic.com\/do\/?page_id=3760\"]}]},{\"@type\":\"BreadcrumbList\",\"@id\":\"https:\/\/www.anatomicaclinic.com\/do\/?page_id=3760#breadcrumb\",\"itemListElement\":[{\"@type\":\"ListItem\",\"position\":1,\"name\":\"Anasayfa\",\"item\":\"https:\/\/www.anatomicaclinic.com\/do\/\"},{\"@type\":\"ListItem\",\"position\":2,\"name\":\"Tratamiento Contra el Acn\u00e9\"}]},{\"@type\":\"WebSite\",\"@id\":\"https:\/\/www.anatomicaclinic.com\/#website\",\"url\":\"https:\/\/www.anatomicaclinic.com\/\",\"name\":\"Anatomica Clinic\",\"description\":\"Anatomica\",\"publisher\":{\"@id\":\"https:\/\/www.anatomicaclinic.com\/#organization\"},\"alternateName\":\"Anatomica Clinic International\",\"potentialAction\":[{\"@type\":\"SearchAction\",\"target\":{\"@type\":\"EntryPoint\",\"urlTemplate\":\"https:\/\/www.anatomicaclinic.com\/?s={search_term_string}\"},\"query-input\":{\"@type\":\"PropertyValueSpecification\",\"valueRequired\":true,\"valueName\":\"search_term_string\"}}],\"inLanguage\":\"es-DO\"},{\"@type\":\"Organization\",\"@id\":\"https:\/\/www.anatomicaclinic.com\/#organization\",\"name\":\"Anatomica Clinic Dominicana\",\"url\":\"https:\/\/www.anatomicaclinic.com\/\",\"logo\":{\"@type\":\"ImageObject\",\"inLanguage\":\"es-DO\",\"@id\":\"https:\/\/www.anatomicaclinic.com\/#\/schema\/logo\/image\/\",\"url\":\"https:\/\/www.anatomicaclinic.com\/wp-content\/uploads\/2023\/11\/8aa015e1-a0cd-4d48-b1d5-c9598cbdad99.jpg\",\"contentUrl\":\"https:\/\/www.anatomicaclinic.com\/wp-content\/uploads\/2023\/11\/8aa015e1-a0cd-4d48-b1d5-c9598cbdad99.jpg\",\"width\":1600,\"height\":1600,\"caption\":\"Anatomica Clinic Dominicana\"},\"image\":{\"@id\":\"https:\/\/www.anatomicaclinic.com\/#\/schema\/logo\/image\/\"},\"sameAs\":[\"https:\/\/www.facebook.com\/anatomicadominican\",\"https:\/\/instagram.com\/anatomicadominican\"]}]}<\/script>\n<!-- \/ Yoast SEO plugin. -->","yoast_head_json":{"title":"Tratamiento Contra el Acn\u00e9 - Anatomica Cl\u00ednica","description":"Tratamiento Contra el Acn\u00e9 - Anatomica Cl\u00ednica","robots":{"index":"index","follow":"follow","max-snippet":"max-snippet:-1","max-image-preview":"max-image-preview:large","max-video-preview":"max-video-preview:-1"},"canonical":"https:\/\/www.anatomicaclinic.com\/do\/?page_id=3760","og_locale":"es_ES","og_type":"article","og_title":"Tratamiento Contra el Acn\u00e9 - Anatomica Cl\u00ednica","og_description":"Tratamiento Contra el Acn\u00e9 - Anatomica Cl\u00ednica","og_url":"https:\/\/www.anatomicaclinic.com\/do\/?page_id=3760","og_site_name":"Anatomica Cl\u00ednica","article_publisher":"https:\/\/www.facebook.com\/anatomicadominican","article_modified_time":"2026-02-11T11:44:43+00:00","twitter_card":"summary_large_image","twitter_misc":{"Est. reading time":"1 minuto"},"schema":{"@context":"https:\/\/schema.org","@graph":[{"@type":"WebPage","@id":"https:\/\/www.anatomicaclinic.com\/do\/?page_id=3760","url":"https:\/\/www.anatomicaclinic.com\/do\/?page_id=3760","name":"Tratamiento Contra el Acn\u00e9 - Anatomica Cl\u00ednica","isPartOf":{"@id":"https:\/\/www.anatomicaclinic.com\/#website"},"datePublished":"2022-07-01T08:34:39+00:00","dateModified":"2026-02-11T11:44:43+00:00","description":"Tratamiento Contra el Acn\u00e9 - Anatomica Cl\u00ednica","breadcrumb":{"@id":"https:\/\/www.anatomicaclinic.com\/do\/?page_id=3760#breadcrumb"},"inLanguage":"es-DO","potentialAction":[{"@type":"ReadAction","target":["https:\/\/www.anatomicaclinic.com\/do\/?page_id=3760"]}]},{"@type":"BreadcrumbList","@id":"https:\/\/www.anatomicaclinic.com\/do\/?page_id=3760#breadcrumb","itemListElement":[{"@type":"ListItem","position":1,"name":"Anasayfa","item":"https:\/\/www.anatomicaclinic.com\/do\/"},{"@type":"ListItem","position":2,"name":"Tratamiento Contra el Acn\u00e9"}]},{"@type":"WebSite","@id":"https:\/\/www.anatomicaclinic.com\/#website","url":"https:\/\/www.anatomicaclinic.com\/","name":"Anatomica Clinic","description":"Anatomica","publisher":{"@id":"https:\/\/www.anatomicaclinic.com\/#organization"},"alternateName":"Anatomica Clinic International","potentialAction":[{"@type":"SearchAction","target":{"@type":"EntryPoint","urlTemplate":"https:\/\/www.anatomicaclinic.com\/?s={search_term_string}"},"query-input":{"@type":"PropertyValueSpecification","valueRequired":true,"valueName":"search_term_string"}}],"inLanguage":"es-DO"},{"@type":"Organization","@id":"https:\/\/www.anatomicaclinic.com\/#organization","name":"Anatomica Clinic Dominicana","url":"https:\/\/www.anatomicaclinic.com\/","logo":{"@type":"ImageObject","inLanguage":"es-DO","@id":"https:\/\/www.anatomicaclinic.com\/#\/schema\/logo\/image\/","url":"https:\/\/www.anatomicaclinic.com\/wp-content\/uploads\/2023\/11\/8aa015e1-a0cd-4d48-b1d5-c9598cbdad99.jpg","contentUrl":"https:\/\/www.anatomicaclinic.com\/wp-content\/uploads\/2023\/11\/8aa015e1-a0cd-4d48-b1d5-c9598cbdad99.jpg","width":1600,"height":1600,"caption":"Anatomica Clinic Dominicana"},"image":{"@id":"https:\/\/www.anatomicaclinic.com\/#\/schema\/logo\/image\/"},"sameAs":["https:\/\/www.facebook.com\/anatomicadominican","https:\/\/instagram.com\/anatomicadominican"]}]}},"_links":{"self":[{"href":"https:\/\/www.anatomicaclinic.com\/do\/wp-json\/wp\/v2\/pages\/3760","targetHints":{"allow":["GET"]}}],"collection":[{"href":"https:\/\/www.anatomicaclinic.com\/do\/wp-json\/wp\/v2\/pages"}],"about":[{"href":"https:\/\/www.anatomicaclinic.com\/do\/wp-json\/wp\/v2\/types\/page"}],"author":[{"embeddable":true,"href":"https:\/\/www.anatomicaclinic.com\/do\/wp-json\/wp\/v2\/users\/10"}],"replies":[{"embeddable":true,"href":"https:\/\/www.anatomicaclinic.com\/do\/wp-json\/wp\/v2\/comments?post=3760"}],"version-history":[{"count":1,"href":"https:\/\/www.anatomicaclinic.com\/do\/wp-json\/wp\/v2\/pages\/3760\/revisions"}],"predecessor-version":[{"id":8586,"href":"https:\/\/www.anatomicaclinic.com\/do\/wp-json\/wp\/v2\/pages\/3760\/revisions\/8586"}],"wp:attachment":[{"href":"https:\/\/www.anatomicaclinic.com\/do\/wp-json\/wp\/v2\/media?parent=3760"}],"curies":[{"name":"wp","href":"https:\/\/api.w.org\/{rel}","templated":true}]}}