{"id":3774,"date":"2022-06-08T19:34:46","date_gmt":"2022-06-08T19:34:46","guid":{"rendered":"https:\/\/www.anatomicaclinic.com\/nuestros-servicios\/"},"modified":"2026-02-11T11:44:43","modified_gmt":"2026-02-11T11:44:43","slug":"nuestros-servicios","status":"publish","type":"page","link":"https:\/\/www.anatomicaclinic.com\/do\/nuestros-servicios\/","title":{"rendered":"Nuestros Servicios"},"content":{"rendered":"<div class=\"wpb-content-wrapper\"><p>[vc_section el_id=\"section-homepage-services\"][vc_row el_class=\"container_1200&#8243;][vc_column css=\".vc_custom_1652803767976{padding-top: 100px !important;}\"][vc_custom_heading text=\"Nuestros Servicios\" font_container=\"tag:h1|text_align:center\" use_theme_fonts=\"yes\" el_class=\"section-services-title\"][vc_row_inner el_class=\"section-service-items\"][vc_column_inner el_class=\"section-service-item\" width=\"1\/4&#8243;][vc_single_image image=\"4080&#8243; img_size=\"full\" el_class=\"service-item-image\"][vc_custom_heading text=\"Trasplante Capilar\" use_theme_fonts=\"yes\" el_class=\"service-item-title\"][vc_custom_heading text=\"El trasplante capilar es una de las operaciones est\u00e9ticas m\u00e1s frecuentes.\" font_container=\"tag:div|text_align:left\" use_theme_fonts=\"yes\" el_class=\"service-item-excerpt\"][vc_custom_heading text=\"Para m\u00e1s informaci\u00f3n\u2026\" font_container=\"tag:div|text_align:left\" use_theme_fonts=\"yes\" el_class=\"service-item-more\" link=\"url:http%3A%2F%2Fwww.anatomicaclinic.com%2Fdo%2Ftrasplante-capilar%2F|title:Sa%C3%A7%20Ekimi\"][\/vc_column_inner][vc_column_inner el_class=\"section-service-item\" width=\"1\/4&#8243;][vc_single_image image=\"4081&#8243; img_size=\"full\" el_class=\"service-item-image\"][vc_custom_heading text=\"Cosm\u00e9tica Dermatolog\u00eda\" use_theme_fonts=\"yes\" css=\"\" el_class=\"service-item-title\"][vc_custom_heading text=\"La medicina est\u00e9tica es un m\u00e9todo para lograr una apariencia est\u00e9tica espec\u00edfica con varios tratamientos no quir\u00fargicos.\" font_container=\"tag:div|text_align:left\" use_theme_fonts=\"yes\" el_class=\"service-item-excerpt\"][vc_custom_heading text=\"Para m\u00e1s informaci\u00f3n\u2026\" font_container=\"tag:div|text_align:left\" use_theme_fonts=\"yes\" el_class=\"service-item-more\" link=\"url:http%3A%2F%2Fwww.anatomicaclinic.com%2Fdo%2Festetica-medica%2F|title:Di%C5%9F\"][\/vc_column_inner][\/vc_row_inner][\/vc_column][\/vc_row][\/vc_section][vc_section el_id=\"section-homepage-footer-contact-form\"][vc_row el_class=\"container_1200&#8243;][vc_column width=\"1\/2&#8243;][vc_column_text]<strong>Para m\u00e1s informaci\u00f3n\u2026<\/strong>[\/vc_column_text] <div class=\"wpcf7 no-js\" id=\"wpcf7-f4057-o1\" lang=\"es-DO\" dir=\"ltr\" data-wpcf7-id=\"4057\"> <div class=\"screen-reader-response\"><p role=\"status\" aria-live=\"polite\" aria-atomic=\"true\"><\/p> <ul><\/ul><\/div> <form action=\"\/do\/wp-json\/wp\/v2\/pages\/3774#wpcf7-f4057-o1\" method=\"post\" class=\"wpcf7-form init cf7mls-no-scroll cf7mls-auto-return-first-step cf7mls-no-moving-animation\" aria-label=\"Contact form\" novalidate=\"novalidate\" data-status=\"init\"> <fieldset class=\"hidden-fields-container\"><input type=\"hidden\" name=\"_wpcf7\" value=\"4057\" \/><input type=\"hidden\" name=\"_wpcf7_version\" value=\"6.1.5\" \/><input type=\"hidden\" name=\"_wpcf7_locale\" value=\"es_DO\" \/><input type=\"hidden\" name=\"_wpcf7_unit_tag\" value=\"wpcf7-f4057-o1\" \/><input type=\"hidden\" name=\"_wpcf7_container_post\" value=\"0\" \/><input type=\"hidden\" name=\"_wpcf7_posted_data_hash\" value=\"\" \/><input type=\"hidden\" name=\"_wpcf7_recaptcha_response\" value=\"\" \/> <\/fieldset> <div id=\"homepage-footer-contact-form-layout\"> \t<div class=\"row group gutters\"> \t\t<div class=\"col span_6\"> \t\t\t<p><label><span class=\"wpcf7-form-control-wrap\" data-name=\"your-name\"><input size=\"40\" maxlength=\"400\" class=\"wpcf7-form-control wpcf7-text wpcf7-validates-as-required\" aria-required=\"true\" aria-invalid=\"false\" placeholder=\"Nombre y apellido\" value=\"\" type=\"text\" name=\"your-name\" \/><\/span><\/label> \t\t\t<\/p> \t\t<\/div> \t\t<div class=\"col span_6\"> \t\t\t<p><label><span class=\"wpcf7-form-control-wrap\" data-name=\"your-phone\"><input size=\"40\" maxlength=\"400\" class=\"wpcf7-form-control wpcf7-text wpcf7-validates-as-required\" aria-required=\"true\" aria-invalid=\"false\" placeholder=\"N\u00famero de tel\u00e9fono\" value=\"\" type=\"text\" name=\"your-phone\" \/><\/span><\/label> \t\t\t<\/p> \t\t<\/div> \t<\/div> \t<div class=\"row group gutters\"> \t\t<div class=\"col span_12\"> \t\t\t<p><label><span class=\"wpcf7-form-control-wrap\" data-name=\"your-email\"><input size=\"40\" maxlength=\"400\" class=\"wpcf7-form-control wpcf7-email wpcf7-validates-as-required wpcf7-text wpcf7-validates-as-email\" aria-required=\"true\" aria-invalid=\"false\" placeholder=\"E-Mail\" value=\"\" type=\"email\" name=\"your-email\" \/><\/span><\/label> \t\t\t<\/p> \t\t<\/div> \t<\/div> \t<div class=\"row group gutters\"> \t\t<div class=\"col span_12\"> \t\t\t<p><label><span class=\"wpcf7-form-control-wrap\" data-name=\"your-message\"><textarea cols=\"40\" rows=\"10\" maxlength=\"2000\" class=\"wpcf7-form-control wpcf7-textarea wpcf7-validates-as-required\" aria-required=\"true\" aria-invalid=\"false\" name=\"your-message\">Mensaje<\/textarea><\/span><\/label> \t\t\t<\/p> \t\t\t<p><span class=\"wpcf7-form-control-wrap\" data-name=\"your-kvkk\"><span class=\"wpcf7-form-control wpcf7-acceptance\"><span class=\"wpcf7-list-item\"><label><input type=\"checkbox\" name=\"your-kvkk\" value=\"1\" class=\"required\" aria-invalid=\"false\" \/><span class=\"wpcf7-list-item-label\">De acuerdo con el RGPD, acepto que he le\u00eddo y comprendido la Pol\u00edtica de privacidad del RGPD de Anatomica y las empresas del grupo.<\/span><\/label><\/span><\/span><\/span> \t\t\t<\/p> \t\t\t<p><span class=\"wpcf7-form-control-wrap\" data-name=\"your-kvkk2\"><span class=\"wpcf7-form-control wpcf7-acceptance\"><span class=\"wpcf7-list-item\"><label><input type=\"checkbox\" name=\"your-kvkk2\" value=\"1\" class=\"required\" aria-invalid=\"false\" \/><span class=\"wpcf7-list-item-label\">De conformidad con lo que establece la Ley N\u00b0 6563 sobre la Regulaci\u00f3n del Comercio Electr\u00f3nico y la Ley de Protecci\u00f3n de Datos Personales N\u00b0 6698, Anatomica y empresas del grupo pueden enviarme informaci\u00f3n y mensajes de marketing con contenido de audio y visual sobre campa\u00f1as y otras noticias a trav\u00e9s de correo electr\u00f3nico, tel\u00e9fono y canales de comunicaci\u00f3n similares y que mis datos personales se procesan para este prop\u00f3sito.<\/span><\/label><\/span><\/span><\/span> \t\t\t<\/p> \t\t<input class=\"wpcf7-form-control wpcf7-hidden\" value=\"\" type=\"hidden\" name=\"utm_campaign\" \/> \t\t<input class=\"wpcf7-form-control wpcf7-hidden\" value=\"\" type=\"hidden\" name=\"utm_source\" \/> \t\t<input class=\"wpcf7-form-control wpcf7-hidden\" value=\"\" type=\"hidden\" name=\"utm_medium\" \/> \t\t<input class=\"wpcf7-form-control wpcf7-hidden\" value=\"\" type=\"hidden\" name=\"utm_term\" \/> \t\t<input class=\"wpcf7-form-control wpcf7-hidden\" value=\"\" type=\"hidden\" name=\"utm_content\" \/> \t\t<input class=\"wpcf7-form-control wpcf7-hidden\" value=\"\" type=\"hidden\" name=\"gclid\" \/> \t\t\t<p><input class=\"wpcf7-form-control wpcf7-submit has-spinner\" type=\"submit\" value=\"Enviar\" \/> \t\t\t<\/p> \t\t<\/div> \t<\/div> <\/div><div class=\"wpcf7-response-output\" aria-hidden=\"true\"><\/div> <\/form> <\/div> [\/vc_column][vc_column width=\"1\/2&#8243;][\/vc_column][\/vc_row][\/vc_section]<\/p> <\/div>","protected":false},"excerpt":{"rendered":"[vc_section el_id=\"section-homepage-services\"][vc_row el_class=\"container_1200&#8243;][vc_column css=\".vc_custom_1652803767976{padding-top: 100px !important;}\"][vc_custom_heading text=\"Nuestros Servicios\" font_container=\"tag:h1|text_align:center\" use_theme_fonts=\"yes\" el_class=\"section-services-title\"][vc_row_inner el_class=\"section-service-items\"][vc_column_inner el_class=\"section-service-item\" width=\"1\/4&#8243;][vc_single_image image=\"4080&#8243; img_size=\"full\" el_class=\"service-item-image\"][vc_custom_heading text=\"Trasplante Capilar\" use_theme_fonts=\"yes\" el_class=\"service-item-title\"][vc_custom_heading text=\"El trasplante capilar es una de las operaciones est\u00e9ticas m\u00e1s frecuentes.\" font_container=\"tag:div|text_align:left\" use_theme_fonts=\"yes\" el_class=\"service-item-excerpt\"][vc_custom_heading text=\"Para m\u00e1s informaci\u00f3n\u2026\" font_container=\"tag:div|text_align:left\" use_theme_fonts=\"yes\" el_class=\"service-item-more\" link=\"url:http%3A%2F%2Fwww.anatomicaclinic.com%2Fdo%2Ftrasplante-capilar%2F|title:Sa%C3%A7%20Ekimi\"][\/vc_column_inner][vc_column_inner el_class=\"section-service-item\" width=\"1\/4&#8243;][vc_single_image image=\"4081&#8243; img_size=\"full\" el_class=\"service-item-image\"][vc_custom_heading text=\"Cosm\u00e9tica Dermatolog\u00eda\" use_theme_fonts=\"yes\" css=\"\" el_class=\"service-item-title\"][vc_custom_heading text=\"La medicina est\u00e9tica&#8230; <a class=\"view-article\" href=\"https:\/\/www.anatomicaclinic.com\/do\/nuestros-servicios\/\">View Article<\/a>","protected":false},"author":1,"featured_media":0,"parent":0,"menu_order":0,"comment_status":"closed","ping_status":"closed","template":"","meta":{"footnotes":""},"class_list":["post-3774","page","type-page","status-publish","hentry"],"yoast_head":"<!-- This site is optimized with the Yoast SEO plugin v27.0 - https:\/\/yoast.com\/product\/yoast-seo-wordpress\/ -->\n<title>Nuestros Servicios - Anatomica Cl\u00ednica<\/title>\n<meta name=\"description\" content=\"Nuestros Servicios - Anatomica Cl\u00ednica\" \/>\n<meta name=\"robots\" content=\"index, follow, max-snippet:-1, max-image-preview:large, max-video-preview:-1\" \/>\n<link rel=\"canonical\" href=\"https:\/\/www.anatomicaclinic.com\/do\/?page_id=3774\" \/>\n<meta property=\"og:locale\" content=\"es_ES\" \/>\n<meta property=\"og:type\" content=\"article\" \/>\n<meta property=\"og:title\" content=\"Nuestros Servicios - Anatomica Cl\u00ednica\" \/>\n<meta property=\"og:description\" content=\"Nuestros Servicios - Anatomica Cl\u00ednica\" \/>\n<meta property=\"og:url\" content=\"https:\/\/www.anatomicaclinic.com\/do\/?page_id=3774\" \/>\n<meta property=\"og:site_name\" content=\"Anatomica Cl\u00ednica\" \/>\n<meta property=\"article:publisher\" content=\"https:\/\/www.facebook.com\/anatomicadominican\" \/>\n<meta property=\"article:modified_time\" content=\"2026-02-11T11:44:43+00:00\" \/>\n<meta name=\"twitter:card\" content=\"summary_large_image\" \/>\n<meta name=\"twitter:label1\" content=\"Est. reading time\" \/>\n\t<meta name=\"twitter:data1\" content=\"2 minutos\" \/>\n<script type=\"application\/ld+json\" class=\"yoast-schema-graph\">{\"@context\":\"https:\/\/schema.org\",\"@graph\":[{\"@type\":\"WebPage\",\"@id\":\"https:\/\/www.anatomicaclinic.com\/do\/?page_id=3774\",\"url\":\"https:\/\/www.anatomicaclinic.com\/do\/?page_id=3774\",\"name\":\"Nuestros Servicios - Anatomica Cl\u00ednica\",\"isPartOf\":{\"@id\":\"https:\/\/www.anatomicaclinic.com\/#website\"},\"datePublished\":\"2022-06-08T19:34:46+00:00\",\"dateModified\":\"2026-02-11T11:44:43+00:00\",\"description\":\"Nuestros Servicios - Anatomica Cl\u00ednica\",\"breadcrumb\":{\"@id\":\"https:\/\/www.anatomicaclinic.com\/do\/?page_id=3774#breadcrumb\"},\"inLanguage\":\"es-DO\",\"potentialAction\":[{\"@type\":\"ReadAction\",\"target\":[\"https:\/\/www.anatomicaclinic.com\/do\/?page_id=3774\"]}]},{\"@type\":\"BreadcrumbList\",\"@id\":\"https:\/\/www.anatomicaclinic.com\/do\/?page_id=3774#breadcrumb\",\"itemListElement\":[{\"@type\":\"ListItem\",\"position\":1,\"name\":\"Anasayfa\",\"item\":\"https:\/\/www.anatomicaclinic.com\/do\/\"},{\"@type\":\"ListItem\",\"position\":2,\"name\":\"Nuestros Servicios\"}]},{\"@type\":\"WebSite\",\"@id\":\"https:\/\/www.anatomicaclinic.com\/#website\",\"url\":\"https:\/\/www.anatomicaclinic.com\/\",\"name\":\"Anatomica Clinic\",\"description\":\"Anatomica\",\"publisher\":{\"@id\":\"https:\/\/www.anatomicaclinic.com\/#organization\"},\"alternateName\":\"Anatomica Clinic International\",\"potentialAction\":[{\"@type\":\"SearchAction\",\"target\":{\"@type\":\"EntryPoint\",\"urlTemplate\":\"https:\/\/www.anatomicaclinic.com\/?s={search_term_string}\"},\"query-input\":{\"@type\":\"PropertyValueSpecification\",\"valueRequired\":true,\"valueName\":\"search_term_string\"}}],\"inLanguage\":\"es-DO\"},{\"@type\":\"Organization\",\"@id\":\"https:\/\/www.anatomicaclinic.com\/#organization\",\"name\":\"Anatomica Clinic Dominicana\",\"url\":\"https:\/\/www.anatomicaclinic.com\/\",\"logo\":{\"@type\":\"ImageObject\",\"inLanguage\":\"es-DO\",\"@id\":\"https:\/\/www.anatomicaclinic.com\/#\/schema\/logo\/image\/\",\"url\":\"https:\/\/www.anatomicaclinic.com\/wp-content\/uploads\/2023\/11\/8aa015e1-a0cd-4d48-b1d5-c9598cbdad99.jpg\",\"contentUrl\":\"https:\/\/www.anatomicaclinic.com\/wp-content\/uploads\/2023\/11\/8aa015e1-a0cd-4d48-b1d5-c9598cbdad99.jpg\",\"width\":1600,\"height\":1600,\"caption\":\"Anatomica Clinic Dominicana\"},\"image\":{\"@id\":\"https:\/\/www.anatomicaclinic.com\/#\/schema\/logo\/image\/\"},\"sameAs\":[\"https:\/\/www.facebook.com\/anatomicadominican\",\"https:\/\/instagram.com\/anatomicadominican\"]}]}<\/script>\n<!-- \/ Yoast SEO plugin. -->","yoast_head_json":{"title":"Nuestros Servicios - Anatomica Cl\u00ednica","description":"Nuestros Servicios - Anatomica Cl\u00ednica","robots":{"index":"index","follow":"follow","max-snippet":"max-snippet:-1","max-image-preview":"max-image-preview:large","max-video-preview":"max-video-preview:-1"},"canonical":"https:\/\/www.anatomicaclinic.com\/do\/?page_id=3774","og_locale":"es_ES","og_type":"article","og_title":"Nuestros Servicios - Anatomica Cl\u00ednica","og_description":"Nuestros Servicios - Anatomica Cl\u00ednica","og_url":"https:\/\/www.anatomicaclinic.com\/do\/?page_id=3774","og_site_name":"Anatomica Cl\u00ednica","article_publisher":"https:\/\/www.facebook.com\/anatomicadominican","article_modified_time":"2026-02-11T11:44:43+00:00","twitter_card":"summary_large_image","twitter_misc":{"Est. reading time":"2 minutos"},"schema":{"@context":"https:\/\/schema.org","@graph":[{"@type":"WebPage","@id":"https:\/\/www.anatomicaclinic.com\/do\/?page_id=3774","url":"https:\/\/www.anatomicaclinic.com\/do\/?page_id=3774","name":"Nuestros Servicios - Anatomica Cl\u00ednica","isPartOf":{"@id":"https:\/\/www.anatomicaclinic.com\/#website"},"datePublished":"2022-06-08T19:34:46+00:00","dateModified":"2026-02-11T11:44:43+00:00","description":"Nuestros Servicios - Anatomica Cl\u00ednica","breadcrumb":{"@id":"https:\/\/www.anatomicaclinic.com\/do\/?page_id=3774#breadcrumb"},"inLanguage":"es-DO","potentialAction":[{"@type":"ReadAction","target":["https:\/\/www.anatomicaclinic.com\/do\/?page_id=3774"]}]},{"@type":"BreadcrumbList","@id":"https:\/\/www.anatomicaclinic.com\/do\/?page_id=3774#breadcrumb","itemListElement":[{"@type":"ListItem","position":1,"name":"Anasayfa","item":"https:\/\/www.anatomicaclinic.com\/do\/"},{"@type":"ListItem","position":2,"name":"Nuestros Servicios"}]},{"@type":"WebSite","@id":"https:\/\/www.anatomicaclinic.com\/#website","url":"https:\/\/www.anatomicaclinic.com\/","name":"Anatomica Clinic","description":"Anatomica","publisher":{"@id":"https:\/\/www.anatomicaclinic.com\/#organization"},"alternateName":"Anatomica Clinic International","potentialAction":[{"@type":"SearchAction","target":{"@type":"EntryPoint","urlTemplate":"https:\/\/www.anatomicaclinic.com\/?s={search_term_string}"},"query-input":{"@type":"PropertyValueSpecification","valueRequired":true,"valueName":"search_term_string"}}],"inLanguage":"es-DO"},{"@type":"Organization","@id":"https:\/\/www.anatomicaclinic.com\/#organization","name":"Anatomica Clinic Dominicana","url":"https:\/\/www.anatomicaclinic.com\/","logo":{"@type":"ImageObject","inLanguage":"es-DO","@id":"https:\/\/www.anatomicaclinic.com\/#\/schema\/logo\/image\/","url":"https:\/\/www.anatomicaclinic.com\/wp-content\/uploads\/2023\/11\/8aa015e1-a0cd-4d48-b1d5-c9598cbdad99.jpg","contentUrl":"https:\/\/www.anatomicaclinic.com\/wp-content\/uploads\/2023\/11\/8aa015e1-a0cd-4d48-b1d5-c9598cbdad99.jpg","width":1600,"height":1600,"caption":"Anatomica Clinic Dominicana"},"image":{"@id":"https:\/\/www.anatomicaclinic.com\/#\/schema\/logo\/image\/"},"sameAs":["https:\/\/www.facebook.com\/anatomicadominican","https:\/\/instagram.com\/anatomicadominican"]}]}},"_links":{"self":[{"href":"https:\/\/www.anatomicaclinic.com\/do\/wp-json\/wp\/v2\/pages\/3774","targetHints":{"allow":["GET"]}}],"collection":[{"href":"https:\/\/www.anatomicaclinic.com\/do\/wp-json\/wp\/v2\/pages"}],"about":[{"href":"https:\/\/www.anatomicaclinic.com\/do\/wp-json\/wp\/v2\/types\/page"}],"author":[{"embeddable":true,"href":"https:\/\/www.anatomicaclinic.com\/do\/wp-json\/wp\/v2\/users\/1"}],"replies":[{"embeddable":true,"href":"https:\/\/www.anatomicaclinic.com\/do\/wp-json\/wp\/v2\/comments?post=3774"}],"version-history":[{"count":1,"href":"https:\/\/www.anatomicaclinic.com\/do\/wp-json\/wp\/v2\/pages\/3774\/revisions"}],"predecessor-version":[{"id":8491,"href":"https:\/\/www.anatomicaclinic.com\/do\/wp-json\/wp\/v2\/pages\/3774\/revisions\/8491"}],"wp:attachment":[{"href":"https:\/\/www.anatomicaclinic.com\/do\/wp-json\/wp\/v2\/media?parent=3774"}],"curies":[{"name":"wp","href":"https:\/\/api.w.org\/{rel}","templated":true}]}}