{"id":1453,"date":"2022-06-08T19:43:16","date_gmt":"2022-06-08T19:43:16","guid":{"rendered":"https:\/\/www.anatomicaclinic.com\/iletisim\/"},"modified":"2026-02-11T11:45:15","modified_gmt":"2026-02-11T11:45:15","slug":"contactenos","status":"publish","type":"page","link":"https:\/\/www.anatomicaclinic.com\/es\/contactenos\/","title":{"rendered":"Cont\u00e1ctenos"},"content":{"rendered":"<div class=\"wpb-content-wrapper\"><p>[vc_section el_id=\u00bbsection-homepage-footer-contact-form\u00bb][vc_row el_class=\u00bbcontainer_1200&#8243;][vc_column][vc_row_inner][vc_column_inner][vc_custom_heading text=\u00bbCont\u00e1ctenos\u00bb use_theme_fonts=\u00bbyes\u00bb el_class=\u00bbsection-contact-page-title\u00bb][\/vc_column_inner][\/vc_row_inner][vc_row_inner][vc_column_inner width=\u00bb1\/2&#8243;][vc_custom_heading text=\u00bbCont\u00e1ctenos\u00bb use_theme_fonts=\u00bbyes\u00bb el_class=\u00bbsection-homepage-footer-contact-form-title\u00bb][\/vc_column_inner][\/vc_row_inner][vc_row_inner][vc_column_inner el_class=\u00bbsection-homepage-footer-contact-form-information-layout\u00bb width=\u00bb1\/2&#8243;][vc_custom_heading text=\u00bbInformaci\u00f3n del contacto\u00bb use_theme_fonts=\u00bbyes\u00bb el_class=\u00bbsection-homepage-footer-contact-form-information-title\u00bb][vc_column_text css=\u00bb\u00bb el_class=\u00bbsection-homepage-footer-contact-form-information-list\u00bb]<strong>Cont\u00e1ctenos \/ Estambul, Turquia<\/strong><\/p> <p>&nbsp;<\/p> <div class=\"text\"> <ul> <li><a href=\"tel:+905337937151\">+90 533 793 71 51<\/a><\/li> <li>info@anatomicaclinic.com<\/li> <li> <div class=\"text\">Fulya Mah. B\u00fcy\u00fckdere Cad. No:74\/A Torun Center &#8211; Garden Office No:66 &#8211; \u015ei\u015fli\/\u0130STANBUL<\/div> <\/li> <\/ul> <\/div> <p><strong>Cont\u00e1ctenos \/ Rep\u00fablica Dominicana<\/strong><\/p> <p>&nbsp;<\/p> <div class=\"text\"> <ul> <li><a href=\"tel:+18098931040\">+1 (809) 893 10 40<\/a><\/li> <li>info@anatomicaclinic.com<\/li> <li> <div class=\"text\">KM 13 Carretera La Romana\/ Bayahibe Plaza Boulevard \u2013 Local #21, Altagracia de Higuey, Rep\u00fablica Dominicana<\/div> <\/li> <\/ul> <\/div> <p>&nbsp;<\/p> <p><strong>Cont\u00e1ctenos \/ Panama<\/strong><\/p> <p>&nbsp;<\/p> <div class=\"text\"> <ul> <li><a href=\"tel:+50766910504\">+507 6691 0504<\/a><\/li> <li>info@anatomicaclinic.com<\/li> <li> <div class=\"text\">V\u00eda argentina, entrando por la estaci\u00f3n puma que est\u00e1 por la universidad de Panam\u00e1, calle52, casa 12<\/div> <\/li> <\/ul> <\/div> <p>[\/vc_column_text][vc_column_text el_class=\u00bbsection-homepage-footer-contact-form-information-social-list\u00bb]<\/p> <ul> <li><a href=\"https:\/\/www.facebook.com\/anatomica.es\" target=\"_blank\" rel=\"noopener\"><img decoding=\"async\" src=\"https:\/\/www.anatomicaclinic.com\/wp-content\/uploads\/2022\/05\/facebook.png\" alt=\"\" \/><\/a><\/li> <li><a href=\"https:\/\/www.instagram.com\/anatomica.es\/\" target=\"_blank\" rel=\"noopener\"><img decoding=\"async\" src=\"https:\/\/www.anatomicaclinic.com\/wp-content\/uploads\/2022\/05\/instagram.png\" alt=\"\" \/><\/a><\/li> <li><a href=\"https:\/\/www.youtube.com\/c\/anatomicaclinic\" target=\"_blank\" rel=\"noopener\"><img decoding=\"async\" src=\"https:\/\/www.anatomicaclinic.com\/wp-content\/uploads\/2022\/05\/youtube.png\" alt=\"\" \/><\/a><\/li> <\/ul> <p>[\/vc_column_text][\/vc_column_inner][vc_column_inner width=\u00bb1\/2&#8243;] <div class=\"wpcf7 no-js\" id=\"wpcf7-f1889-o1\" lang=\"es-ES\" dir=\"ltr\" data-wpcf7-id=\"1889\"> <div class=\"screen-reader-response\"><p role=\"status\" aria-live=\"polite\" aria-atomic=\"true\"><\/p> <ul><\/ul><\/div> <form action=\"\/es\/wp-json\/wp\/v2\/pages\/1453#wpcf7-f1889-o1\" method=\"post\" class=\"wpcf7-form init cf7mls-no-scroll cf7mls-auto-return-first-step cf7mls-no-moving-animation\" aria-label=\"Formulario de contacto\" novalidate=\"novalidate\" data-status=\"init\"> <fieldset class=\"hidden-fields-container\"><input type=\"hidden\" name=\"_wpcf7\" value=\"1889\" \/><input type=\"hidden\" name=\"_wpcf7_version\" value=\"6.1.5\" \/><input type=\"hidden\" name=\"_wpcf7_locale\" value=\"es_ES\" \/><input type=\"hidden\" name=\"_wpcf7_unit_tag\" value=\"wpcf7-f1889-o1\" \/><input type=\"hidden\" name=\"_wpcf7_container_post\" value=\"0\" \/><input type=\"hidden\" name=\"_wpcf7_posted_data_hash\" value=\"\" \/><input type=\"hidden\" name=\"_wpcf7_recaptcha_response\" value=\"\" \/> <\/fieldset> <div id=\"homepage-footer-contact-form-layout\"> \t<div class=\"row group gutters\"> \t\t<div class=\"col span_6\"> \t\t\t<p><label><span class=\"wpcf7-form-control-wrap\" data-name=\"your-name\"><input size=\"40\" maxlength=\"400\" class=\"wpcf7-form-control wpcf7-text wpcf7-validates-as-required\" aria-required=\"true\" aria-invalid=\"false\" placeholder=\"Nombre y apellido\" value=\"\" type=\"text\" name=\"your-name\" \/><\/span><\/label> \t\t\t<\/p> \t\t<\/div> \t\t<div class=\"col span_6\"> \t\t\t<p><label><span class=\"wpcf7-form-control-wrap\" data-name=\"your-phone\"><input size=\"40\" maxlength=\"400\" class=\"wpcf7-form-control wpcf7-text wpcf7-validates-as-required\" aria-required=\"true\" aria-invalid=\"false\" placeholder=\"N\u00famero de tel\u00e9fono\" value=\"\" type=\"text\" name=\"your-phone\" \/><\/span><\/label> \t\t\t<\/p> \t\t<\/div> \t<\/div> \t<div class=\"row group gutters\"> \t\t<div class=\"col span_12\"> \t\t\t<p><label><span class=\"wpcf7-form-control-wrap\" data-name=\"your-email\"><input size=\"40\" maxlength=\"400\" class=\"wpcf7-form-control wpcf7-email wpcf7-validates-as-required wpcf7-text wpcf7-validates-as-email\" aria-required=\"true\" aria-invalid=\"false\" placeholder=\"E-Mail\" value=\"\" type=\"email\" name=\"your-email\" \/><\/span><\/label> \t\t\t<\/p> \t\t<\/div> \t<\/div> \t<div class=\"row group gutters\"> \t\t<div class=\"col span_12\"> \t\t\t<p><label><span class=\"wpcf7-form-control-wrap\" data-name=\"your-message\"><textarea cols=\"40\" rows=\"10\" maxlength=\"2000\" class=\"wpcf7-form-control wpcf7-textarea wpcf7-validates-as-required\" aria-required=\"true\" aria-invalid=\"false\" name=\"your-message\">Mensaje<\/textarea><\/span><\/label> \t\t\t<\/p> \t\t\t<p><span class=\"wpcf7-form-control-wrap\" data-name=\"your-kvkk\"><span class=\"wpcf7-form-control wpcf7-acceptance\"><span class=\"wpcf7-list-item\"><label><input type=\"checkbox\" name=\"your-kvkk\" value=\"1\" class=\"required\" aria-invalid=\"false\" \/><span class=\"wpcf7-list-item-label\">De acuerdo con el RGPD, acepto que he le\u00eddo y comprendido la Pol\u00edtica de privacidad del RGPD de Anatomica y las empresas del grupo.<\/span><\/label><\/span><\/span><\/span> \t\t\t<\/p> \t\t\t<p><span class=\"wpcf7-form-control-wrap\" data-name=\"your-kvkk2\"><span class=\"wpcf7-form-control wpcf7-acceptance\"><span class=\"wpcf7-list-item\"><label><input type=\"checkbox\" name=\"your-kvkk2\" value=\"1\" class=\"required\" aria-invalid=\"false\" \/><span class=\"wpcf7-list-item-label\">De conformidad con lo que establece la Ley N\u00b0 6563 sobre la Regulaci\u00f3n del Comercio Electr\u00f3nico y la Ley de Protecci\u00f3n de Datos Personales N\u00b0 6698, Anatomica y empresas del grupo pueden enviarme informaci\u00f3n y mensajes de marketing con contenido de audio y visual sobre campa\u00f1as y otras noticias a trav\u00e9s de correo electr\u00f3nico, tel\u00e9fono y canales de comunicaci\u00f3n similares y que mis datos personales se procesan para este prop\u00f3sito.<\/span><\/label><\/span><\/span><\/span> \t\t\t<\/p> \t\t<input class=\"wpcf7-form-control wpcf7-hidden\" value=\"Unknown\" type=\"hidden\" name=\"your-country\" \/> \t\t<input class=\"wpcf7-form-control wpcf7-hidden\" value=\"\" type=\"hidden\" name=\"utm_campaign\" \/> \t\t<input class=\"wpcf7-form-control wpcf7-hidden\" value=\"\" type=\"hidden\" name=\"utm_source\" \/> \t\t<input class=\"wpcf7-form-control wpcf7-hidden\" value=\"\" type=\"hidden\" name=\"utm_medium\" \/> \t\t<input class=\"wpcf7-form-control wpcf7-hidden\" value=\"\" type=\"hidden\" name=\"utm_term\" \/> \t\t<input class=\"wpcf7-form-control wpcf7-hidden\" value=\"\" type=\"hidden\" name=\"utm_content\" \/> \t\t<input class=\"wpcf7-form-control wpcf7-hidden\" value=\"\" type=\"hidden\" name=\"gclid\" \/> \t\t\t<p><input class=\"wpcf7-form-control wpcf7-submit has-spinner\" type=\"submit\" value=\"Enviar\" \/> \t\t\t<\/p> \t\t<\/div> \t<\/div> <\/div><div class=\"wpcf7-response-output\" aria-hidden=\"true\"><\/div> <\/form> <\/div> [\/vc_column_inner][\/vc_row_inner][\/vc_column][\/vc_row][vc_row el_class=\u00bbcontainer_1200&#8243; css=\u00bb.vc_custom_1654717988219{padding-top: 50px !important;}\u00bb][vc_column][vc_gmaps link=\u00bb#E-8_JTNDaWZyYW1lJTIwc3JjJTNEJTIyaHR0cHMlM0ElMkYlMkZ3d3cuZ29vZ2xlLmNvbSUyRm1hcHMlMkZlbWJlZCUzRnBiJTNEJTIxMW0xNCUyMTFtOCUyMTFtMyUyMTFkMTUwNC4xMjAzNzIwMjgyNTglMjEyZDI5LjAwMDkxNjIlMjEzZDQxLjA2MzczJTIxM20yJTIxMWkxMDI0JTIxMmk3NjglMjE0ZjEzLjElMjEzbTMlMjExbTIlMjExczB4MTRjYWI3ZmI3ZTEyYWQzNSUyNTNBMHhhNjE5Nzk4Y2NmNjViMDkxJTIxMnMlMjVDMyUyNTk2emVsJTI1MjBBbmF0b21pY2ElMjUyMFQlMjVDNCUyNUIxcCUyNTIwTWVya2V6aSUyNTIwJTI4QW5hdG9taWElMjUyMFNhJTI1QzQlMjU5RmwlMjVDNCUyNUIxayUyNTIwSGl6bWV0bGVyaSUyOSUyMTVlMCUyMTNtMiUyMTFzdHIlMjEyc3RyJTIxNHYxNjU3MDQxODgzNDU1JTIxNW0yJTIxMXN0ciUyMTJzdHIlMjIlMjB3aWR0aCUzRCUyMjEwMCUyNSUyMiUyMGhlaWdodCUzRCUyMjYwMCUyMiUyMHN0eWxlJTNEJTIyYm9yZGVyJTNBMCUzQiUyMiUyMGFsbG93ZnVsbHNjcmVlbiUzRCUyMiUyMiUyMGxvYWRpbmclM0QlMjJsYXp5JTIyJTIwcmVmZXJyZXJwb2xpY3klM0QlMjJuby1yZWZlcnJlci13aGVuLWRvd25ncmFkZSUyMiUzRSUzQyUyRmlmcmFtZSUzRQ==\u00bb][\/vc_column][\/vc_row][\/vc_section]<\/p> <\/div>","protected":false},"excerpt":{"rendered":"[vc_section el_id=\u00bbsection-homepage-footer-contact-form\u00bb][vc_row el_class=\u00bbcontainer_1200&#8243;][vc_column][vc_row_inner][vc_column_inner][vc_custom_heading text=\u00bbCont\u00e1ctenos\u00bb use_theme_fonts=\u00bbyes\u00bb el_class=\u00bbsection-contact-page-title\u00bb][\/vc_column_inner][\/vc_row_inner][vc_row_inner][vc_column_inner width=\u00bb1\/2&#8243;][vc_custom_heading text=\u00bbCont\u00e1ctenos\u00bb use_theme_fonts=\u00bbyes\u00bb el_class=\u00bbsection-homepage-footer-contact-form-title\u00bb][\/vc_column_inner][\/vc_row_inner][vc_row_inner][vc_column_inner el_class=\u00bbsection-homepage-footer-contact-form-information-layout\u00bb width=\u00bb1\/2&#8243;][vc_custom_heading text=\u00bbInformaci\u00f3n del contacto\u00bb use_theme_fonts=\u00bbyes\u00bb el_class=\u00bbsection-homepage-footer-contact-form-information-title\u00bb][vc_column_text css=\u00bb\u00bb el_class=\u00bbsection-homepage-footer-contact-form-information-list\u00bb]Cont\u00e1ctenos \/ Estambul, Turquia &nbsp; +90 533 793 71 51 info@anatomicaclinic.com Fulya Mah. B\u00fcy\u00fckdere Cad. No:74\/A Torun Center &#8211; Garden Office No:66 &#8211; \u015ei\u015fli\/\u0130STANBUL Cont\u00e1ctenos \/ Rep\u00fablica Dominicana &nbsp; +1 (809) 893 10 40 info@anatomicaclinic.com KM 13&#8230; <a class=\"view-article\" href=\"https:\/\/www.anatomicaclinic.com\/es\/contactenos\/\">Ver art\u00edculo<\/a>","protected":false},"author":1,"featured_media":0,"parent":0,"menu_order":0,"comment_status":"closed","ping_status":"closed","template":"","meta":{"footnotes":""},"class_list":["post-1453","page","type-page","status-publish","hentry"],"yoast_head":"<!-- This site is optimized with the Yoast SEO plugin v27.0 - https:\/\/yoast.com\/product\/yoast-seo-wordpress\/ -->\n<title>Cont\u00e1ctenos - Anatomica Cl\u00ednica<\/title>\n<meta name=\"description\" content=\"Cont\u00e1ctenos - Anatomica Cl\u00ednica\" \/>\n<meta name=\"robots\" content=\"index, follow, max-snippet:-1, max-image-preview:large, max-video-preview:-1\" \/>\n<link rel=\"canonical\" href=\"https:\/\/www.anatomicaclinic.com\/es\/?page_id=1453\" \/>\n<meta property=\"og:locale\" content=\"es_ES\" \/>\n<meta property=\"og:type\" content=\"article\" \/>\n<meta property=\"og:title\" content=\"Cont\u00e1ctenos - Anatomica Cl\u00ednica\" \/>\n<meta property=\"og:description\" content=\"Cont\u00e1ctenos - Anatomica Cl\u00ednica\" \/>\n<meta property=\"og:url\" content=\"https:\/\/www.anatomicaclinic.com\/es\/?page_id=1453\" \/>\n<meta property=\"og:site_name\" content=\"Anatomica Cl\u00ednica\" \/>\n<meta property=\"article:publisher\" content=\"https:\/\/www.facebook.com\/anatomicadominican\" \/>\n<meta property=\"article:modified_time\" content=\"2026-02-11T11:45:15+00:00\" \/>\n<meta property=\"og:image\" content=\"https:\/\/www.anatomicaclinic.com\/wp-content\/uploads\/2022\/05\/facebook.png\" \/>\n<meta name=\"twitter:card\" content=\"summary_large_image\" \/>\n<meta name=\"twitter:label1\" content=\"Tiempo de lectura\" \/>\n\t<meta name=\"twitter:data1\" content=\"2 minutos\" \/>\n<script type=\"application\/ld+json\" class=\"yoast-schema-graph\">{\"@context\":\"https:\/\/schema.org\",\"@graph\":[{\"@type\":\"WebPage\",\"@id\":\"https:\/\/www.anatomicaclinic.com\/es\/?page_id=1453\",\"url\":\"https:\/\/www.anatomicaclinic.com\/es\/?page_id=1453\",\"name\":\"Cont\u00e1ctenos - Anatomica Cl\u00ednica\",\"isPartOf\":{\"@id\":\"https:\/\/www.anatomicaclinic.com\/#website\"},\"primaryImageOfPage\":{\"@id\":\"https:\/\/www.anatomicaclinic.com\/es\/?page_id=1453#primaryimage\"},\"image\":{\"@id\":\"https:\/\/www.anatomicaclinic.com\/es\/?page_id=1453#primaryimage\"},\"thumbnailUrl\":\"https:\/\/www.anatomicaclinic.com\/wp-content\/uploads\/2022\/05\/facebook.png\",\"datePublished\":\"2022-06-08T19:43:16+00:00\",\"dateModified\":\"2026-02-11T11:45:15+00:00\",\"description\":\"Cont\u00e1ctenos - Anatomica Cl\u00ednica\",\"breadcrumb\":{\"@id\":\"https:\/\/www.anatomicaclinic.com\/es\/?page_id=1453#breadcrumb\"},\"inLanguage\":\"es\",\"potentialAction\":[{\"@type\":\"ReadAction\",\"target\":[\"https:\/\/www.anatomicaclinic.com\/es\/?page_id=1453\"]}]},{\"@type\":\"ImageObject\",\"inLanguage\":\"es\",\"@id\":\"https:\/\/www.anatomicaclinic.com\/es\/?page_id=1453#primaryimage\",\"url\":\"https:\/\/www.anatomicaclinic.com\/wp-content\/uploads\/2022\/05\/facebook.png\",\"contentUrl\":\"https:\/\/www.anatomicaclinic.com\/wp-content\/uploads\/2022\/05\/facebook.png\"},{\"@type\":\"BreadcrumbList\",\"@id\":\"https:\/\/www.anatomicaclinic.com\/es\/?page_id=1453#breadcrumb\",\"itemListElement\":[{\"@type\":\"ListItem\",\"position\":1,\"name\":\"Anasayfa\",\"item\":\"https:\/\/www.anatomicaclinic.com\/es\/\"},{\"@type\":\"ListItem\",\"position\":2,\"name\":\"Cont\u00e1ctenos\"}]},{\"@type\":\"WebSite\",\"@id\":\"https:\/\/www.anatomicaclinic.com\/#website\",\"url\":\"https:\/\/www.anatomicaclinic.com\/\",\"name\":\"Anatomica Clinic\",\"description\":\"Anatomica\",\"publisher\":{\"@id\":\"https:\/\/www.anatomicaclinic.com\/#organization\"},\"alternateName\":\"Anatomica Clinic International\",\"potentialAction\":[{\"@type\":\"SearchAction\",\"target\":{\"@type\":\"EntryPoint\",\"urlTemplate\":\"https:\/\/www.anatomicaclinic.com\/?s={search_term_string}\"},\"query-input\":{\"@type\":\"PropertyValueSpecification\",\"valueRequired\":true,\"valueName\":\"search_term_string\"}}],\"inLanguage\":\"es\"},{\"@type\":\"Organization\",\"@id\":\"https:\/\/www.anatomicaclinic.com\/#organization\",\"name\":\"Anatomica Clinic Dominicana\",\"url\":\"https:\/\/www.anatomicaclinic.com\/\",\"logo\":{\"@type\":\"ImageObject\",\"inLanguage\":\"es\",\"@id\":\"https:\/\/www.anatomicaclinic.com\/#\/schema\/logo\/image\/\",\"url\":\"https:\/\/www.anatomicaclinic.com\/wp-content\/uploads\/2023\/11\/8aa015e1-a0cd-4d48-b1d5-c9598cbdad99.jpg\",\"contentUrl\":\"https:\/\/www.anatomicaclinic.com\/wp-content\/uploads\/2023\/11\/8aa015e1-a0cd-4d48-b1d5-c9598cbdad99.jpg\",\"width\":1600,\"height\":1600,\"caption\":\"Anatomica Clinic Dominicana\"},\"image\":{\"@id\":\"https:\/\/www.anatomicaclinic.com\/#\/schema\/logo\/image\/\"},\"sameAs\":[\"https:\/\/www.facebook.com\/anatomicadominican\",\"https:\/\/instagram.com\/anatomicadominican\"]}]}<\/script>\n<!-- \/ Yoast SEO plugin. -->","yoast_head_json":{"title":"Cont\u00e1ctenos - Anatomica Cl\u00ednica","description":"Cont\u00e1ctenos - Anatomica Cl\u00ednica","robots":{"index":"index","follow":"follow","max-snippet":"max-snippet:-1","max-image-preview":"max-image-preview:large","max-video-preview":"max-video-preview:-1"},"canonical":"https:\/\/www.anatomicaclinic.com\/es\/?page_id=1453","og_locale":"es_ES","og_type":"article","og_title":"Cont\u00e1ctenos - Anatomica Cl\u00ednica","og_description":"Cont\u00e1ctenos - Anatomica Cl\u00ednica","og_url":"https:\/\/www.anatomicaclinic.com\/es\/?page_id=1453","og_site_name":"Anatomica Cl\u00ednica","article_publisher":"https:\/\/www.facebook.com\/anatomicadominican","article_modified_time":"2026-02-11T11:45:15+00:00","og_image":[{"url":"https:\/\/www.anatomicaclinic.com\/wp-content\/uploads\/2022\/05\/facebook.png","type":"","width":"","height":""}],"twitter_card":"summary_large_image","twitter_misc":{"Tiempo de lectura":"2 minutos"},"schema":{"@context":"https:\/\/schema.org","@graph":[{"@type":"WebPage","@id":"https:\/\/www.anatomicaclinic.com\/es\/?page_id=1453","url":"https:\/\/www.anatomicaclinic.com\/es\/?page_id=1453","name":"Cont\u00e1ctenos - Anatomica Cl\u00ednica","isPartOf":{"@id":"https:\/\/www.anatomicaclinic.com\/#website"},"primaryImageOfPage":{"@id":"https:\/\/www.anatomicaclinic.com\/es\/?page_id=1453#primaryimage"},"image":{"@id":"https:\/\/www.anatomicaclinic.com\/es\/?page_id=1453#primaryimage"},"thumbnailUrl":"https:\/\/www.anatomicaclinic.com\/wp-content\/uploads\/2022\/05\/facebook.png","datePublished":"2022-06-08T19:43:16+00:00","dateModified":"2026-02-11T11:45:15+00:00","description":"Cont\u00e1ctenos - Anatomica Cl\u00ednica","breadcrumb":{"@id":"https:\/\/www.anatomicaclinic.com\/es\/?page_id=1453#breadcrumb"},"inLanguage":"es","potentialAction":[{"@type":"ReadAction","target":["https:\/\/www.anatomicaclinic.com\/es\/?page_id=1453"]}]},{"@type":"ImageObject","inLanguage":"es","@id":"https:\/\/www.anatomicaclinic.com\/es\/?page_id=1453#primaryimage","url":"https:\/\/www.anatomicaclinic.com\/wp-content\/uploads\/2022\/05\/facebook.png","contentUrl":"https:\/\/www.anatomicaclinic.com\/wp-content\/uploads\/2022\/05\/facebook.png"},{"@type":"BreadcrumbList","@id":"https:\/\/www.anatomicaclinic.com\/es\/?page_id=1453#breadcrumb","itemListElement":[{"@type":"ListItem","position":1,"name":"Anasayfa","item":"https:\/\/www.anatomicaclinic.com\/es\/"},{"@type":"ListItem","position":2,"name":"Cont\u00e1ctenos"}]},{"@type":"WebSite","@id":"https:\/\/www.anatomicaclinic.com\/#website","url":"https:\/\/www.anatomicaclinic.com\/","name":"Anatomica Clinic","description":"Anatomica","publisher":{"@id":"https:\/\/www.anatomicaclinic.com\/#organization"},"alternateName":"Anatomica Clinic International","potentialAction":[{"@type":"SearchAction","target":{"@type":"EntryPoint","urlTemplate":"https:\/\/www.anatomicaclinic.com\/?s={search_term_string}"},"query-input":{"@type":"PropertyValueSpecification","valueRequired":true,"valueName":"search_term_string"}}],"inLanguage":"es"},{"@type":"Organization","@id":"https:\/\/www.anatomicaclinic.com\/#organization","name":"Anatomica Clinic Dominicana","url":"https:\/\/www.anatomicaclinic.com\/","logo":{"@type":"ImageObject","inLanguage":"es","@id":"https:\/\/www.anatomicaclinic.com\/#\/schema\/logo\/image\/","url":"https:\/\/www.anatomicaclinic.com\/wp-content\/uploads\/2023\/11\/8aa015e1-a0cd-4d48-b1d5-c9598cbdad99.jpg","contentUrl":"https:\/\/www.anatomicaclinic.com\/wp-content\/uploads\/2023\/11\/8aa015e1-a0cd-4d48-b1d5-c9598cbdad99.jpg","width":1600,"height":1600,"caption":"Anatomica Clinic Dominicana"},"image":{"@id":"https:\/\/www.anatomicaclinic.com\/#\/schema\/logo\/image\/"},"sameAs":["https:\/\/www.facebook.com\/anatomicadominican","https:\/\/instagram.com\/anatomicadominican"]}]}},"_links":{"self":[{"href":"https:\/\/www.anatomicaclinic.com\/es\/wp-json\/wp\/v2\/pages\/1453","targetHints":{"allow":["GET"]}}],"collection":[{"href":"https:\/\/www.anatomicaclinic.com\/es\/wp-json\/wp\/v2\/pages"}],"about":[{"href":"https:\/\/www.anatomicaclinic.com\/es\/wp-json\/wp\/v2\/types\/page"}],"author":[{"embeddable":true,"href":"https:\/\/www.anatomicaclinic.com\/es\/wp-json\/wp\/v2\/users\/1"}],"replies":[{"embeddable":true,"href":"https:\/\/www.anatomicaclinic.com\/es\/wp-json\/wp\/v2\/comments?post=1453"}],"version-history":[{"count":1,"href":"https:\/\/www.anatomicaclinic.com\/es\/wp-json\/wp\/v2\/pages\/1453\/revisions"}],"predecessor-version":[{"id":8473,"href":"https:\/\/www.anatomicaclinic.com\/es\/wp-json\/wp\/v2\/pages\/1453\/revisions\/8473"}],"wp:attachment":[{"href":"https:\/\/www.anatomicaclinic.com\/es\/wp-json\/wp\/v2\/media?parent=1453"}],"curies":[{"name":"wp","href":"https:\/\/api.w.org\/{rel}","templated":true}]}}