{"id":1471,"date":"2022-05-16T08:10:07","date_gmt":"2022-05-16T08:10:07","guid":{"rendered":"https:\/\/www.anatomicaclinic.com\/kvkk\/"},"modified":"2026-02-11T11:45:16","modified_gmt":"2026-02-11T11:45:16","slug":"rgpd","status":"publish","type":"page","link":"https:\/\/www.anatomicaclinic.com\/es\/rgpd\/","title":{"rendered":"RGPD"},"content":{"rendered":"<div class=\"wpb-content-wrapper\"><p>[vc_section el_id=\u00bbsection-page-kvkk\u00bb][vc_row el_class=\u00bbcontainer_1200&#8243;][vc_column][vc_custom_heading text=\u00bbRGDP\u00bb use_theme_fonts=\u00bbyes\u00bb el_class=\u00bbkvkk-main-title\u00bb][vc_column_text el_class=\u00bbkvkk-text\u00bb]<strong>FORMULARIO DE INFORMACI\u00d3N RELATIVA A LA OBTENCI\u00d3N Y TRATAMIENTO DE DATOS PERSONALES<\/strong><\/p> <p>Anatomica Clinic (Anatomica) y los accionistas mayoritarios, empresas matrices y afiliadas de Anatomica (en lo sucesivo denominados colectivamente como Grupo Anatomica) pueden, actuando como Supervisor de datos en virtud de la Ley de Protecci\u00f3n de Datos Personales no. 6698 (la Ley) y dem\u00e1s leyes y reglamentos pertinentes, traten sus datos personales en el marco siguiente y en estricto cumplimiento de la Ley de Servicios B\u00e1sicos de Salud n\u00fam. 3359, el Decreto Gubernativo-Ley de Organizaci\u00f3n y Funciones del Ministerio de Salud y sus Empresas Afiliadas no. 663, Reglamento de Hospitales Privados, y dem\u00e1s normas del Ministerio de Salud, y dem\u00e1s leyes y disposiciones aplicables.[\/vc_column_text][vc_custom_heading text=\u00bb1. Obtenci\u00f3n y Tratamiento de Datos Personales, y Fines del Tratamiento:\u00bb use_theme_fonts=\u00bbyes\u00bb el_class=\u00bbkvkk-title\u00bb][vc_column_text el_class=\u00bbkvkk-text\u00bb]Sus datos personales se recopilan y obtienen verbalmente, por escrito, o en medios visuales o electr\u00f3nicos, a trav\u00e9s de un centro de llamadas, sitio de Internet, verbalmente, por escrito u otros canales similares para la realizaci\u00f3n de servicios tales como protecci\u00f3n de la salud p\u00fablica, medicina preventiva, diagn\u00f3stico m\u00e9dico. , tratamiento y servicios de mantenimiento ofrecidos por el Grupo Anatomica, o para la planificaci\u00f3n y gesti\u00f3n de servicios de salud y financiaci\u00f3n, y de acuerdo con las \u00e1reas de negocio de las Empresas del Grupo Anatomica. Sus datos personales generales y datos personales especiales, especialmente sus datos de atenci\u00f3n m\u00e9dica, pueden ser procesados por el grupo en una medida limitada para todos y cualquier prop\u00f3sito, incluidos, entre otros, los siguientes prop\u00f3sitos:<\/p> <ul> <li><strong>Sus datos e informaci\u00f3n de identidad:<\/strong> Su nombre, apellido, T.R. n\u00famero de identidad, n\u00famero de pasaporte o T.R. n\u00famero de identidad, fecha y lugar de nacimiento, estado civil, g\u00e9nero, n\u00famero de seguro social o de protocolo del paciente, as\u00ed como otros datos de identidad que puedan ser de utilidad para identificarle a usted; y<\/li> <li><strong>Su informaci\u00f3n de comunicaci\u00f3n:<\/strong> Su direcci\u00f3n, n\u00famero de tel\u00e9fono, direcci\u00f3n de correo electr\u00f3nico y otros datos de comunicaci\u00f3n, y su entrevista verbal o registros de llamadas mantenidos por los departamentos de atenci\u00f3n al cliente o atenci\u00f3n al paciente seg\u00fan los est\u00e1ndares del centro de llamadas, as\u00ed como sus datos personales recopilados cuando usted comunicarse con nosotros por correo electr\u00f3nico, carta u otros medios de comunicaci\u00f3n; y<\/li> <li><strong> Su informaci\u00f3n contable: <\/strong>su n\u00famero de cuenta bancaria, n\u00famero IBAN, datos de la tarjeta de cr\u00e9dito, datos de facturaci\u00f3n y otros datos e informaci\u00f3n financieros similares; y<\/li> <li>Los datos de su seguro de salud privado y los datos e informaci\u00f3n de la Agencia de Seguridad Social seg\u00fan sea necesario para financiar y planificar los servicios de atenci\u00f3n m\u00e9dica; y<\/li> <li>Las grabaciones de su c\u00e1mara y las im\u00e1genes tomadas y guardadas con fines de seguridad y auditor\u00eda siempre y cuando visite nuestros hospitales o centros m\u00e9dicos; y<\/li> <li>El n\u00famero de placa de su autom\u00f3vil si utiliza el \u00e1rea de estacionamiento de autom\u00f3viles; y<\/li> <li><strong> Su informaci\u00f3n de atenci\u00f3n m\u00e9dica: <\/strong>sus datos personales sobre su salud y vida sexual adquiridos y recopilados durante la prestaci\u00f3n o como resultado de los servicios de diagn\u00f3stico, tratamiento y atenci\u00f3n m\u00e9dica, incluidos, entre otros, los resultados de sus an\u00e1lisis de laboratorio, resultados de pruebas, datos de ex\u00e1menes m\u00e9dicos , datos e informaci\u00f3n de citas, datos de control y datos e informaci\u00f3n de recetas; y<\/li> <\/ul> <p>Sus datos personales obtenidos y procesados \u200b\u200bconforme a las leyes y reglamentos aplicables podr\u00e1n ser transferidos a archivos f\u00edsicos y\/o sistemas de informaci\u00f3n de Anatomica o Anatomica Group y podr\u00e1n ser conservados y almacenados tanto en plataformas digitales como f\u00edsicas.[\/vc_column_text][vc_custom_heading text=\u00bb2. Transferencia de Datos Personales\u00bb use_theme_fonts=\u00bbyes\u00bb el_class=\u00bbkvkk-title\u00bb][vc_column_text el_class=\u00bbkvkk-text\u00bb]Sus datos personales pueden ser compartidos por Anatomica y Grupo Anatomica con empresas incluidas en Grupo Anatomica o con compa\u00f1\u00edas de seguros privadas, Ministerio de Salud y sus subunidades, Caja de Seguro Social, Direcci\u00f3n General de Seguridad y otras fuerzas de seguridad, Direcci\u00f3n General de Poblaci\u00f3n y Censo , Asociaci\u00f3n de Farmac\u00e9uticos de Turqu\u00eda, tribunales y todo tipo de otras autoridades jur\u00eddicas, terceros centrales, etc., sus representantes y agentes autorizados, y terceros que nos ofrecen servicios de consultor\u00eda y asesoramiento, incluidos, entre otros, abogados, fiscales y financieros consultores y auditores, y nuestros socios comerciales y otros terceros que act\u00faan en cooperaci\u00f3n con nosotros para un mayor desarrollo o desempe\u00f1o de los servicios de atenci\u00f3n m\u00e9dica para los fines mencionados anteriormente, incluidos tambi\u00e9n los organismos y autoridades reguladores y de supervisi\u00f3n, y las autoridades oficiales, para los fines de procesamiento enumerados anteriores, de conformidad con la Ley y dem\u00e1s disposiciones legales y reglamentarias aplicables.[\/vc_column_text][vc_custom_heading text=\u00bb3. Modalidades y Causas Legales de Obtenci\u00f3n de Datos Personales\u00bb use_theme_fonts=\u00bbyes\u00bb el_class=\u00bbkvkk-title\u00bb][vc_column_text el_class=\u00bbkvkk-text\u00bb]Sus datos personales son recabados y tratados en toda clase de medios verbales, escritos, visuales o electr\u00f3nicos, con las finalidades antes enumeradas, y para la realizaci\u00f3n de toda clase de trabajos comprendidos en los campos de actividad de Grupo Anatomica dentro del marco legal, y en consecuencia , para el pleno y debido cumplimiento de toda clase de deberes y obligaciones contractuales y legales de Anatomica Group. Las causas legales de recolecci\u00f3n y adquisici\u00f3n de sus datos personales son las disposiciones pertinentes de:<\/p> <ul> <li>Ley de Protecci\u00f3n de Datos Personales n\u00fam. 6698; y<\/li> <li>Ley de Servicios B\u00e1sicos de Salud n\u00fam. 3359; y<\/li> <li>Decreto Gubernativo-Ley de Organizaci\u00f3n y Funciones del Ministerio de Salud y sus Empresas Afiliadas nro. 663; y<\/li> <li>Reglamento de Hospitales Privados; y<\/li> <li>Reglamento sobre el Tratamiento y Protecci\u00f3n de la Privacidad de la Informaci\u00f3n Personal de Salud; y<\/li> <li>otras normas del Ministerio de Salud, y dem\u00e1s leyes y disposiciones aplicables.<\/li> <\/ul> <p>Asimismo, seg\u00fan lo dispuesto en el p\u00e1rrafo 3 del art\u00edculo 6 de la Ley, los datos personales relativos a la salud tambi\u00e9n podr\u00e1n ser tratados por personas sujetas a obligaciones de secreto o por entidades y organismos oficiales autorizados, sin que puedan obtener el consentimiento previo expl\u00edcito de la finalidad correspondiente, \u00fanicamente para la protecci\u00f3n de la salud p\u00fablica, la medicina preventiva, el diagn\u00f3stico m\u00e9dico, los servicios de tratamiento y mantenimiento, y para la planificaci\u00f3n y gesti\u00f3n de los servicios sanitarios y su financiaci\u00f3n.[\/vc_column_text][vc_custom_heading text=\u00bb4. Sus derechos en materia de protecci\u00f3n de datos personales\u00bb use_theme_fonts=\u00bbyes\u00bb el_class=\u00bbkvkk-title\u00bb][vc_column_text el_class=\u00bbkvkk-text\u00bb]De conformidad con la Ley y dem\u00e1s leyes y reglamentos pertinentes aplicables, usted tiene derecho a:<\/p> <ul> <li>Para saber si sus datos personales son procesados \u200b\u200bo no; y<\/li> <li>Si se procesan sus datos personales, para solicitar informaci\u00f3n relacionada con los mismos; y<\/li> <li>Tener acceso y solicitar informaci\u00f3n y datos personales de salud; y<\/li> <li>Conocer la finalidad del tratamiento de los datos personales y si se utilizan para los fines previstos o no; y<\/li> <li>Conocer el domicilio de terceros en el pa\u00eds o en el extranjero ya qui\u00e9n se transfieren sus datos personales; y<\/li> <li>Si sus datos personales son procesados \u200b\u200bde forma incompleta o incorrecta, para solicitar la correcci\u00f3n o finalizaci\u00f3n de los mismos; y<\/li> <li>Solicitar la eliminaci\u00f3n o destrucci\u00f3n de sus datos personales; y<\/li> <li>Solicitar que se informe a los terceros a los que se hayan transferido previamente sus datos personales sobre la correcci\u00f3n o finalizaci\u00f3n de sus datos personales en caso de procesamiento incompleto o err\u00f3neo, y\/o sobre la eliminaci\u00f3n o destrucci\u00f3n de sus datos personales; y<\/li> <li>Oponerse a las conclusiones que puedan surgir en contra de sus intereses a partir del an\u00e1lisis de sus datos personales tratados \u00fanicamente mediante sistemas autom\u00e1ticos.<\/li> <\/ul> <p>Si en alg\u00fan momento hace uso de uno o m\u00e1s de sus derechos antes mencionados, la informaci\u00f3n relevante se le transmitir\u00e1 de manera clara y comprensible, por escrito o en medios electr\u00f3nicos, utilizando los datos de comunicaci\u00f3n y la informaci\u00f3n proporcionada por usted.[\/vc_column_text][vc_custom_heading text=\u00bb5. Seguridad de los datos\u00bb use_theme_fonts=\u00bbyes\u00bb el_class=\u00bbkvkk-title\u00bb][vc_column_text el_class=\u00bbkvkk-text\u00bb]Grupo Anatomica protege sus datos personales en total y estricto cumplimiento de todos los controles de seguridad t\u00e9cnicos y administrativos que se requieren de acuerdo con las normas y procedimientos de seguridad de la informaci\u00f3n. Dichas acciones y medidas de seguridad son tomadas y proporcionadas a un nivel apropiado para los riesgos probables tomando tambi\u00e9n en consideraci\u00f3n las posibilidades tecnol\u00f3gicas.[\/vc_column_text][vc_custom_heading text=\u00bb6. Quejas y Comunicaciones\u00bb use_theme_fonts=\u00bbyes\u00bb el_class=\u00bbkvkk-title\u00bb][vc_column_text el_class=\u00bbkvkk-text\u00bb]Si desea presentar sus solicitudes y solicitudes respecto de sus datos personales, a trav\u00e9s del Formulario de Solicitud de Persona Relevante;<\/p> <ul> <li>Envi\u00e1ndolo a GAYRETTEPE MAH.MEVL\u00dcT PEHL\u0130VAN CAD.NO.23 \u015e\u0130\u015eL\u0130\/\u0130STANBUL con firma h\u00fameda y fotocopia del DNI<\/li> <li>Solicitando personalmente a la Direcci\u00f3n General de Anatomica Group ubicada en la direcci\u00f3n de GAYRETTEPE MAH.MEVL\u00dcT PEHL\u0130VAN CAD.NO.23 \u015e\u0130\u015eL\u0130\/\u0130STANBUL, con un documento de identidad v\u00e1lido,<\/li> <li>Firmar con firma m\u00f3vil o firma electr\u00f3nica segura y enviar un correo electr\u00f3nico a kvkk@anatomicaclinic.com,<\/li> <li>Puede reenviarlo a Anatomica Group envi\u00e1ndolo a nuestra direcci\u00f3n de correo electr\u00f3nico registrada sergun@hs08.kep.tr utilizando una direcci\u00f3n de correo electr\u00f3nico registrada (KEP) y firma electr\u00f3nica segura o firma m\u00f3vil.<\/li> <\/ul> <p>Todos los tipos de sus datos personales obtenidos por Anatomica Group (incluidos, entre otros, sus datos personales especiales) pueden ser procesados \u200b\u200bpara los siguientes fines:<\/p> <ul> <li>Para la confirmaci\u00f3n de su identidad; y<\/li> <li>Para la protecci\u00f3n de la salud p\u00fablica, la medicina preventiva, el diagn\u00f3stico m\u00e9dico, los servicios de tratamiento y mantenimiento, y para la planificaci\u00f3n y gesti\u00f3n de los servicios de salud y su financiaci\u00f3n; y<\/li> <li>Compartir la informaci\u00f3n solicitada con el Ministerio de Salud y otras entidades y administraciones p\u00fablicas pertinentes de conformidad con las leyes y reglamentos aplicables; y<\/li> <li>Planificaci\u00f3n y gesti\u00f3n de operaciones internas y operaciones diarias de nuestros Hospitales y Centros M\u00e9dicos; y<\/li> <li>Medici\u00f3n, mejora y estudio de la satisfacci\u00f3n del paciente por parte de los departamentos de Gesti\u00f3n Hospitalaria, Derechos del Paciente y Experiencia del Paciente; y<\/li> <li>Adquisici\u00f3n de medicamentos; y<\/li> <li>Si obtiene una cita, mantenerlo informado sobre la cita; y<\/li> <li>Realizaci\u00f3n de actividades de gesti\u00f3n de riesgos y mejora de la calidad; y<\/li> <li>Realizaci\u00f3n de an\u00e1lisis para un mayor desarrollo de los servicios de salud; y<\/li> <li>Financiamiento de sus servicios de atenci\u00f3n m\u00e9dica por parte de Servicios al Paciente. Departamentos de Asuntos Financieros y Marketing, y pago de sus costos de examen m\u00e9dico, diagn\u00f3stico y tratamiento. y compartir la informaci\u00f3n solicitada con empresas privadas de seguros de salud como parte de su consulta de elegibilidad; y<\/li> <li>Realizaci\u00f3n de investigaciones y estudios; y<\/li> <li>Cumplimiento de los requisitos y condiciones legales y reglamentarios; y<\/li> <li>Intercambio de la informaci\u00f3n solicitada con empresas privadas de seguros de salud en el curso de la financiaci\u00f3n de los servicios de atenci\u00f3n de la salud; y<\/li> <li>Realizaci\u00f3n de actividades de gesti\u00f3n de riesgos y desarrollo de la calidad por parte de los departamentos de Calidad, Experiencia del paciente y Sistemas de informaci\u00f3n; y<\/li> <li>Emisi\u00f3n de facturas por Servicios al Paciente. Asuntos Financieros y respectivos departamentos en consideraci\u00f3n a nuestros servicios. y confirmaci\u00f3n de sus relaciones con las instituciones y empresas contratadas; y<\/li> <li>Participaci\u00f3n en campa\u00f1as y divulgaci\u00f3n de informaci\u00f3n de campa\u00f1as. y dise\u00f1o y transmisi\u00f3n de contenidos especiales, y prestaciones discretas y abstractas en canales web y m\u00f3vil, por parte de los departamentos de Medios y Comunicaci\u00f3n, y Call Center.<\/li> <\/ul> <p>[\/vc_column_text][\/vc_column][\/vc_row][\/vc_section]<\/p> <\/div>","protected":false},"excerpt":{"rendered":"[vc_section el_id=\u00bbsection-page-kvkk\u00bb][vc_row el_class=\u00bbcontainer_1200&#8243;][vc_column][vc_custom_heading text=\u00bbRGDP\u00bb use_theme_fonts=\u00bbyes\u00bb el_class=\u00bbkvkk-main-title\u00bb][vc_column_text el_class=\u00bbkvkk-text\u00bb]FORMULARIO DE INFORMACI\u00d3N RELATIVA A LA OBTENCI\u00d3N Y TRATAMIENTO DE DATOS PERSONALES Anatomica Clinic (Anatomica) y los accionistas mayoritarios, empresas matrices y afiliadas de Anatomica (en lo sucesivo denominados colectivamente como Grupo Anatomica) pueden, actuando como Supervisor de datos en virtud de la Ley de Protecci\u00f3n de Datos Personales&#8230; <a class=\"view-article\" href=\"https:\/\/www.anatomicaclinic.com\/es\/rgpd\/\">Ver art\u00edculo<\/a>","protected":false},"author":1,"featured_media":0,"parent":0,"menu_order":0,"comment_status":"closed","ping_status":"closed","template":"","meta":{"footnotes":""},"class_list":["post-1471","page","type-page","status-publish","hentry"],"yoast_head":"<!-- This site is optimized with the Yoast SEO plugin v27.0 - https:\/\/yoast.com\/product\/yoast-seo-wordpress\/ -->\n<title>RGPD - Anatomica Cl\u00ednica<\/title>\n<meta name=\"description\" content=\"RGPD - Anatomica Cl\u00ednica\" \/>\n<meta name=\"robots\" content=\"index, follow, max-snippet:-1, max-image-preview:large, max-video-preview:-1\" \/>\n<link rel=\"canonical\" href=\"https:\/\/www.anatomicaclinic.com\/es\/?page_id=1471\" \/>\n<meta property=\"og:locale\" content=\"es_ES\" \/>\n<meta property=\"og:type\" content=\"article\" \/>\n<meta property=\"og:title\" content=\"RGPD - Anatomica Cl\u00ednica\" \/>\n<meta property=\"og:description\" content=\"RGPD - Anatomica Cl\u00ednica\" \/>\n<meta property=\"og:url\" content=\"https:\/\/www.anatomicaclinic.com\/es\/?page_id=1471\" \/>\n<meta property=\"og:site_name\" content=\"Anatomica Cl\u00ednica\" \/>\n<meta property=\"article:publisher\" content=\"https:\/\/www.facebook.com\/anatomicadominican\" \/>\n<meta property=\"article:modified_time\" content=\"2026-02-11T11:45:16+00:00\" \/>\n<meta name=\"twitter:card\" content=\"summary_large_image\" \/>\n<meta name=\"twitter:label1\" content=\"Tiempo de lectura\" \/>\n\t<meta name=\"twitter:data1\" content=\"11 minutos\" \/>\n<script type=\"application\/ld+json\" class=\"yoast-schema-graph\">{\"@context\":\"https:\/\/schema.org\",\"@graph\":[{\"@type\":\"WebPage\",\"@id\":\"https:\/\/www.anatomicaclinic.com\/es\/?page_id=1471\",\"url\":\"https:\/\/www.anatomicaclinic.com\/es\/?page_id=1471\",\"name\":\"RGPD - Anatomica Cl\u00ednica\",\"isPartOf\":{\"@id\":\"https:\/\/www.anatomicaclinic.com\/#website\"},\"datePublished\":\"2022-05-16T08:10:07+00:00\",\"dateModified\":\"2026-02-11T11:45:16+00:00\",\"description\":\"RGPD - Anatomica Cl\u00ednica\",\"breadcrumb\":{\"@id\":\"https:\/\/www.anatomicaclinic.com\/es\/?page_id=1471#breadcrumb\"},\"inLanguage\":\"es\",\"potentialAction\":[{\"@type\":\"ReadAction\",\"target\":[\"https:\/\/www.anatomicaclinic.com\/es\/?page_id=1471\"]}]},{\"@type\":\"BreadcrumbList\",\"@id\":\"https:\/\/www.anatomicaclinic.com\/es\/?page_id=1471#breadcrumb\",\"itemListElement\":[{\"@type\":\"ListItem\",\"position\":1,\"name\":\"Anasayfa\",\"item\":\"https:\/\/www.anatomicaclinic.com\/es\/\"},{\"@type\":\"ListItem\",\"position\":2,\"name\":\"RGPD\"}]},{\"@type\":\"WebSite\",\"@id\":\"https:\/\/www.anatomicaclinic.com\/#website\",\"url\":\"https:\/\/www.anatomicaclinic.com\/\",\"name\":\"Anatomica Clinic\",\"description\":\"Anatomica\",\"publisher\":{\"@id\":\"https:\/\/www.anatomicaclinic.com\/#organization\"},\"alternateName\":\"Anatomica Clinic International\",\"potentialAction\":[{\"@type\":\"SearchAction\",\"target\":{\"@type\":\"EntryPoint\",\"urlTemplate\":\"https:\/\/www.anatomicaclinic.com\/?s={search_term_string}\"},\"query-input\":{\"@type\":\"PropertyValueSpecification\",\"valueRequired\":true,\"valueName\":\"search_term_string\"}}],\"inLanguage\":\"es\"},{\"@type\":\"Organization\",\"@id\":\"https:\/\/www.anatomicaclinic.com\/#organization\",\"name\":\"Anatomica Clinic Dominicana\",\"url\":\"https:\/\/www.anatomicaclinic.com\/\",\"logo\":{\"@type\":\"ImageObject\",\"inLanguage\":\"es\",\"@id\":\"https:\/\/www.anatomicaclinic.com\/#\/schema\/logo\/image\/\",\"url\":\"https:\/\/www.anatomicaclinic.com\/wp-content\/uploads\/2023\/11\/8aa015e1-a0cd-4d48-b1d5-c9598cbdad99.jpg\",\"contentUrl\":\"https:\/\/www.anatomicaclinic.com\/wp-content\/uploads\/2023\/11\/8aa015e1-a0cd-4d48-b1d5-c9598cbdad99.jpg\",\"width\":1600,\"height\":1600,\"caption\":\"Anatomica Clinic Dominicana\"},\"image\":{\"@id\":\"https:\/\/www.anatomicaclinic.com\/#\/schema\/logo\/image\/\"},\"sameAs\":[\"https:\/\/www.facebook.com\/anatomicadominican\",\"https:\/\/instagram.com\/anatomicadominican\"]}]}<\/script>\n<!-- \/ Yoast SEO plugin. -->","yoast_head_json":{"title":"RGPD - Anatomica Cl\u00ednica","description":"RGPD - Anatomica Cl\u00ednica","robots":{"index":"index","follow":"follow","max-snippet":"max-snippet:-1","max-image-preview":"max-image-preview:large","max-video-preview":"max-video-preview:-1"},"canonical":"https:\/\/www.anatomicaclinic.com\/es\/?page_id=1471","og_locale":"es_ES","og_type":"article","og_title":"RGPD - Anatomica Cl\u00ednica","og_description":"RGPD - Anatomica Cl\u00ednica","og_url":"https:\/\/www.anatomicaclinic.com\/es\/?page_id=1471","og_site_name":"Anatomica Cl\u00ednica","article_publisher":"https:\/\/www.facebook.com\/anatomicadominican","article_modified_time":"2026-02-11T11:45:16+00:00","twitter_card":"summary_large_image","twitter_misc":{"Tiempo de lectura":"11 minutos"},"schema":{"@context":"https:\/\/schema.org","@graph":[{"@type":"WebPage","@id":"https:\/\/www.anatomicaclinic.com\/es\/?page_id=1471","url":"https:\/\/www.anatomicaclinic.com\/es\/?page_id=1471","name":"RGPD - Anatomica Cl\u00ednica","isPartOf":{"@id":"https:\/\/www.anatomicaclinic.com\/#website"},"datePublished":"2022-05-16T08:10:07+00:00","dateModified":"2026-02-11T11:45:16+00:00","description":"RGPD - Anatomica Cl\u00ednica","breadcrumb":{"@id":"https:\/\/www.anatomicaclinic.com\/es\/?page_id=1471#breadcrumb"},"inLanguage":"es","potentialAction":[{"@type":"ReadAction","target":["https:\/\/www.anatomicaclinic.com\/es\/?page_id=1471"]}]},{"@type":"BreadcrumbList","@id":"https:\/\/www.anatomicaclinic.com\/es\/?page_id=1471#breadcrumb","itemListElement":[{"@type":"ListItem","position":1,"name":"Anasayfa","item":"https:\/\/www.anatomicaclinic.com\/es\/"},{"@type":"ListItem","position":2,"name":"RGPD"}]},{"@type":"WebSite","@id":"https:\/\/www.anatomicaclinic.com\/#website","url":"https:\/\/www.anatomicaclinic.com\/","name":"Anatomica Clinic","description":"Anatomica","publisher":{"@id":"https:\/\/www.anatomicaclinic.com\/#organization"},"alternateName":"Anatomica Clinic International","potentialAction":[{"@type":"SearchAction","target":{"@type":"EntryPoint","urlTemplate":"https:\/\/www.anatomicaclinic.com\/?s={search_term_string}"},"query-input":{"@type":"PropertyValueSpecification","valueRequired":true,"valueName":"search_term_string"}}],"inLanguage":"es"},{"@type":"Organization","@id":"https:\/\/www.anatomicaclinic.com\/#organization","name":"Anatomica Clinic Dominicana","url":"https:\/\/www.anatomicaclinic.com\/","logo":{"@type":"ImageObject","inLanguage":"es","@id":"https:\/\/www.anatomicaclinic.com\/#\/schema\/logo\/image\/","url":"https:\/\/www.anatomicaclinic.com\/wp-content\/uploads\/2023\/11\/8aa015e1-a0cd-4d48-b1d5-c9598cbdad99.jpg","contentUrl":"https:\/\/www.anatomicaclinic.com\/wp-content\/uploads\/2023\/11\/8aa015e1-a0cd-4d48-b1d5-c9598cbdad99.jpg","width":1600,"height":1600,"caption":"Anatomica Clinic Dominicana"},"image":{"@id":"https:\/\/www.anatomicaclinic.com\/#\/schema\/logo\/image\/"},"sameAs":["https:\/\/www.facebook.com\/anatomicadominican","https:\/\/instagram.com\/anatomicadominican"]}]}},"_links":{"self":[{"href":"https:\/\/www.anatomicaclinic.com\/es\/wp-json\/wp\/v2\/pages\/1471","targetHints":{"allow":["GET"]}}],"collection":[{"href":"https:\/\/www.anatomicaclinic.com\/es\/wp-json\/wp\/v2\/pages"}],"about":[{"href":"https:\/\/www.anatomicaclinic.com\/es\/wp-json\/wp\/v2\/types\/page"}],"author":[{"embeddable":true,"href":"https:\/\/www.anatomicaclinic.com\/es\/wp-json\/wp\/v2\/users\/1"}],"replies":[{"embeddable":true,"href":"https:\/\/www.anatomicaclinic.com\/es\/wp-json\/wp\/v2\/comments?post=1471"}],"version-history":[{"count":1,"href":"https:\/\/www.anatomicaclinic.com\/es\/wp-json\/wp\/v2\/pages\/1471\/revisions"}],"predecessor-version":[{"id":8671,"href":"https:\/\/www.anatomicaclinic.com\/es\/wp-json\/wp\/v2\/pages\/1471\/revisions\/8671"}],"wp:attachment":[{"href":"https:\/\/www.anatomicaclinic.com\/es\/wp-json\/wp\/v2\/media?parent=1471"}],"curies":[{"name":"wp","href":"https:\/\/api.w.org\/{rel}","templated":true}]}}