{"id":1481,"date":"2022-06-19T18:56:41","date_gmt":"2022-06-19T18:56:41","guid":{"rendered":"https:\/\/www.anatomicaclinic.com\/estetica-medica\/dolgu\/"},"modified":"2026-02-11T11:45:17","modified_gmt":"2026-02-11T11:45:17","slug":"relleno","status":"publish","type":"page","link":"https:\/\/www.anatomicaclinic.com\/es\/relleno\/","title":{"rendered":"Relleno"},"content":{"rendered":"<div class=\"wpb-content-wrapper\"><p>[vc_section][vc_row el_class=\u00bbcontainer_1200&#8243;][vc_column][vc_row_inner][vc_column_inner][vc_custom_heading text=\u00bbRelleno\u00bb font_container=\u00bbtag:h2|font_size:48|text_align:center\u00bb use_theme_fonts=\u00bbyes\u00bb el_class=\u00bbsingle-page-h2&#8243;][\/vc_column_inner][\/vc_row_inner][vc_row_inner][vc_column_inner width=\u00bb1\/3&#8243;][vc_single_image image=\u00bb1047&#8243; img_size=\u00bbfull\u00bb][\/vc_column_inner][vc_column_inner width=\u00bb2\/3&#8243;][vc_column_text]Las aplicaciones de relleno se encuentran entre los m\u00e9todos m\u00e1s utilizados por quienes desean lograr una apariencia m\u00e1s joven y saludable. La cantidad de \u00e1cido hialur\u00f3nico en nuestra piel disminuye con el tiempo. La caracter\u00edstica m\u00e1s importante de este \u00e1cido es que retiene mucha agua. Dado que la piel que envejece naturalmente no puede retener agua, aparecen arrugas profundas. Captar el aspecto est\u00e9tico del rostro con el proceso de relleno es uno de los m\u00e9todos m\u00e1s utilizados. El hecho de que los productos utilizados est\u00e9n aprobados por la FDA demuestra su fiabilidad y elimina el riesgo de alergias.<\/p> <p>La profundidad de aplicaci\u00f3n var\u00eda seg\u00fan el tipo de relleno y la profundidad del defecto o arruga de la piel. El tiempo de procesamiento es de entre 10 y 20 minutos. Se recomiendan inyecciones repetidas para obtener los mejores resultados.[\/vc_column_text][\/vc_column_inner][\/vc_row_inner][vc_row_inner][vc_column_inner][vc_column_text]Entre las principales \u00e1reas de uso de rellenos;<\/p> <ul> <li>L\u00edneas que descienden desde el borde de la nariz (L\u00edneas Nasolabiales)<\/li> <li>L\u00edneas entre la nariz y la boca (Filtrum)<\/li> <li>Aumento de labios<\/li> <li>L\u00edneas radiales alrededor de los labios<\/li> <li>Arrugas alrededor de los ojos<\/li> <li>L\u00edneas en la frente<\/li> <li>Cicatrices de acn\u00e9<\/li> <li>Deformidades causadas por accidente o trauma<\/li> <li>Relleno de mejillas y p\u00f3mulos<\/li> <li>Correcci\u00f3n de algunas asimetr\u00edas en el cuerpo<\/li> <\/ul> <p>[\/vc_column_text][\/vc_column_inner][\/vc_row_inner][vc_row_inner][vc_column_inner width=\u00bb2\/3&#8243;][vc_column_text]<strong>\u00bfEn qu\u00e9 problemas est\u00e9ticos se utilizan rellenos?<\/strong><\/p> <p>Se usa con \u00e9xito, especialmente en la correcci\u00f3n de arrugas est\u00e1ticas y l\u00edneas profundas en la cara, y en la clarificaci\u00f3n de los labios.<\/p> <p>Los rellenos de tejido se fabrican listos para usar en el inyector. Se inyecta una dosis adecuada de relleno tisular en el \u00e1rea que se va a tratar con una aguja de punta fina. Los pacientes casi no tienen quejas de dolor o sangrado. Se recomienda la aplicaci\u00f3n de hielo a corto plazo a los pacientes despu\u00e9s de la inyecci\u00f3n.<\/p> <p><strong>\u00bfCu\u00e1ntas veces se debe aplicar?<\/strong><\/p> <p>Debe ser decidido por un m\u00e9dico especialista de acuerdo a las necesidades y la caracteristica del \u00e1rea a aplicar. Si bien la eficacia del tratamiento se muestra en 5 a 7 d\u00edas, su efecto contin\u00faa durante 3 a 6 meses. Puede volver a su vida normal despu\u00e9s de 2-4 horas de descanso.<\/p> <p><strong>\u00bfPuedo hac\u00e9rmelo en cualquier lugar?<\/strong><\/p> <p>No, ya que aunque este procedimiento parezca una simple inyecci\u00f3n, se recomienda que usted sea evaluado por un m\u00e9dico experto en este tema, con el fin de realizar primero el an\u00e1lisis facial correcto y revelar las opciones de tratamiento adecuadas. Esto es muy importante tanto para el \u00e9xito del resultado a obtener como para evitar las complicaciones que se puedan producir.[\/vc_column_text][\/vc_column_inner][vc_column_inner width=\u00bb1\/3&#8243;][vc_single_image image=\u00bb1049&#8243; img_size=\u00bbfull\u00bb][\/vc_column_inner][\/vc_row_inner][\/vc_column][\/vc_row][\/vc_section]<\/p> <\/div>","protected":false},"excerpt":{"rendered":"[vc_section][vc_row el_class=\u00bbcontainer_1200&#8243;][vc_column][vc_row_inner][vc_column_inner][vc_custom_heading text=\u00bbRelleno\u00bb font_container=\u00bbtag:h2|font_size:48|text_align:center\u00bb use_theme_fonts=\u00bbyes\u00bb el_class=\u00bbsingle-page-h2&#8243;][\/vc_column_inner][\/vc_row_inner][vc_row_inner][vc_column_inner width=\u00bb1\/3&#8243;][vc_single_image image=\u00bb1047&#8243; img_size=\u00bbfull\u00bb][\/vc_column_inner][vc_column_inner width=\u00bb2\/3&#8243;][vc_column_text]Las aplicaciones de relleno se encuentran entre los m\u00e9todos m\u00e1s utilizados por quienes desean lograr una apariencia m\u00e1s joven y saludable. La cantidad de \u00e1cido hialur\u00f3nico en nuestra piel disminuye con el tiempo. La caracter\u00edstica m\u00e1s importante de este \u00e1cido es que retiene mucha agua. Dado&#8230; <a class=\"view-article\" href=\"https:\/\/www.anatomicaclinic.com\/es\/relleno\/\">Ver art\u00edculo<\/a>","protected":false},"author":10,"featured_media":0,"parent":0,"menu_order":0,"comment_status":"closed","ping_status":"closed","template":"","meta":{"footnotes":""},"class_list":["post-1481","page","type-page","status-publish","hentry"],"yoast_head":"<!-- This site is optimized with the Yoast SEO plugin v27.0 - https:\/\/yoast.com\/product\/yoast-seo-wordpress\/ -->\n<title>Relleno - Anatomica Cl\u00ednica<\/title>\n<meta name=\"description\" content=\"Relleno - Anatomica Cl\u00ednica\" \/>\n<meta name=\"robots\" content=\"index, follow, max-snippet:-1, max-image-preview:large, max-video-preview:-1\" \/>\n<link rel=\"canonical\" href=\"https:\/\/www.anatomicaclinic.com\/es\/?page_id=1481\" \/>\n<meta property=\"og:locale\" content=\"es_ES\" \/>\n<meta property=\"og:type\" content=\"article\" \/>\n<meta property=\"og:title\" content=\"Relleno - Anatomica Cl\u00ednica\" \/>\n<meta property=\"og:description\" content=\"Relleno - Anatomica Cl\u00ednica\" \/>\n<meta property=\"og:url\" content=\"https:\/\/www.anatomicaclinic.com\/es\/?page_id=1481\" \/>\n<meta property=\"og:site_name\" content=\"Anatomica Cl\u00ednica\" \/>\n<meta property=\"article:publisher\" content=\"https:\/\/www.facebook.com\/anatomicadominican\" \/>\n<meta property=\"article:modified_time\" content=\"2026-02-11T11:45:17+00:00\" \/>\n<meta name=\"twitter:card\" content=\"summary_large_image\" \/>\n<meta name=\"twitter:label1\" content=\"Tiempo de lectura\" \/>\n\t<meta name=\"twitter:data1\" content=\"3 minutos\" \/>\n<script type=\"application\/ld+json\" class=\"yoast-schema-graph\">{\"@context\":\"https:\/\/schema.org\",\"@graph\":[{\"@type\":\"WebPage\",\"@id\":\"https:\/\/www.anatomicaclinic.com\/es\/?page_id=1481\",\"url\":\"https:\/\/www.anatomicaclinic.com\/es\/?page_id=1481\",\"name\":\"Relleno - Anatomica Cl\u00ednica\",\"isPartOf\":{\"@id\":\"https:\/\/www.anatomicaclinic.com\/#website\"},\"datePublished\":\"2022-06-19T18:56:41+00:00\",\"dateModified\":\"2026-02-11T11:45:17+00:00\",\"description\":\"Relleno - Anatomica Cl\u00ednica\",\"breadcrumb\":{\"@id\":\"https:\/\/www.anatomicaclinic.com\/es\/?page_id=1481#breadcrumb\"},\"inLanguage\":\"es\",\"potentialAction\":[{\"@type\":\"ReadAction\",\"target\":[\"https:\/\/www.anatomicaclinic.com\/es\/?page_id=1481\"]}]},{\"@type\":\"BreadcrumbList\",\"@id\":\"https:\/\/www.anatomicaclinic.com\/es\/?page_id=1481#breadcrumb\",\"itemListElement\":[{\"@type\":\"ListItem\",\"position\":1,\"name\":\"Anasayfa\",\"item\":\"https:\/\/www.anatomicaclinic.com\/es\/\"},{\"@type\":\"ListItem\",\"position\":2,\"name\":\"Relleno\"}]},{\"@type\":\"WebSite\",\"@id\":\"https:\/\/www.anatomicaclinic.com\/#website\",\"url\":\"https:\/\/www.anatomicaclinic.com\/\",\"name\":\"Anatomica Clinic\",\"description\":\"Anatomica\",\"publisher\":{\"@id\":\"https:\/\/www.anatomicaclinic.com\/#organization\"},\"alternateName\":\"Anatomica Clinic International\",\"potentialAction\":[{\"@type\":\"SearchAction\",\"target\":{\"@type\":\"EntryPoint\",\"urlTemplate\":\"https:\/\/www.anatomicaclinic.com\/?s={search_term_string}\"},\"query-input\":{\"@type\":\"PropertyValueSpecification\",\"valueRequired\":true,\"valueName\":\"search_term_string\"}}],\"inLanguage\":\"es\"},{\"@type\":\"Organization\",\"@id\":\"https:\/\/www.anatomicaclinic.com\/#organization\",\"name\":\"Anatomica Clinic Dominicana\",\"url\":\"https:\/\/www.anatomicaclinic.com\/\",\"logo\":{\"@type\":\"ImageObject\",\"inLanguage\":\"es\",\"@id\":\"https:\/\/www.anatomicaclinic.com\/#\/schema\/logo\/image\/\",\"url\":\"https:\/\/www.anatomicaclinic.com\/wp-content\/uploads\/2023\/11\/8aa015e1-a0cd-4d48-b1d5-c9598cbdad99.jpg\",\"contentUrl\":\"https:\/\/www.anatomicaclinic.com\/wp-content\/uploads\/2023\/11\/8aa015e1-a0cd-4d48-b1d5-c9598cbdad99.jpg\",\"width\":1600,\"height\":1600,\"caption\":\"Anatomica Clinic Dominicana\"},\"image\":{\"@id\":\"https:\/\/www.anatomicaclinic.com\/#\/schema\/logo\/image\/\"},\"sameAs\":[\"https:\/\/www.facebook.com\/anatomicadominican\",\"https:\/\/instagram.com\/anatomicadominican\"]}]}<\/script>\n<!-- \/ Yoast SEO plugin. -->","yoast_head_json":{"title":"Relleno - Anatomica Cl\u00ednica","description":"Relleno - Anatomica Cl\u00ednica","robots":{"index":"index","follow":"follow","max-snippet":"max-snippet:-1","max-image-preview":"max-image-preview:large","max-video-preview":"max-video-preview:-1"},"canonical":"https:\/\/www.anatomicaclinic.com\/es\/?page_id=1481","og_locale":"es_ES","og_type":"article","og_title":"Relleno - Anatomica Cl\u00ednica","og_description":"Relleno - Anatomica Cl\u00ednica","og_url":"https:\/\/www.anatomicaclinic.com\/es\/?page_id=1481","og_site_name":"Anatomica Cl\u00ednica","article_publisher":"https:\/\/www.facebook.com\/anatomicadominican","article_modified_time":"2026-02-11T11:45:17+00:00","twitter_card":"summary_large_image","twitter_misc":{"Tiempo de lectura":"3 minutos"},"schema":{"@context":"https:\/\/schema.org","@graph":[{"@type":"WebPage","@id":"https:\/\/www.anatomicaclinic.com\/es\/?page_id=1481","url":"https:\/\/www.anatomicaclinic.com\/es\/?page_id=1481","name":"Relleno - Anatomica Cl\u00ednica","isPartOf":{"@id":"https:\/\/www.anatomicaclinic.com\/#website"},"datePublished":"2022-06-19T18:56:41+00:00","dateModified":"2026-02-11T11:45:17+00:00","description":"Relleno - Anatomica Cl\u00ednica","breadcrumb":{"@id":"https:\/\/www.anatomicaclinic.com\/es\/?page_id=1481#breadcrumb"},"inLanguage":"es","potentialAction":[{"@type":"ReadAction","target":["https:\/\/www.anatomicaclinic.com\/es\/?page_id=1481"]}]},{"@type":"BreadcrumbList","@id":"https:\/\/www.anatomicaclinic.com\/es\/?page_id=1481#breadcrumb","itemListElement":[{"@type":"ListItem","position":1,"name":"Anasayfa","item":"https:\/\/www.anatomicaclinic.com\/es\/"},{"@type":"ListItem","position":2,"name":"Relleno"}]},{"@type":"WebSite","@id":"https:\/\/www.anatomicaclinic.com\/#website","url":"https:\/\/www.anatomicaclinic.com\/","name":"Anatomica Clinic","description":"Anatomica","publisher":{"@id":"https:\/\/www.anatomicaclinic.com\/#organization"},"alternateName":"Anatomica Clinic International","potentialAction":[{"@type":"SearchAction","target":{"@type":"EntryPoint","urlTemplate":"https:\/\/www.anatomicaclinic.com\/?s={search_term_string}"},"query-input":{"@type":"PropertyValueSpecification","valueRequired":true,"valueName":"search_term_string"}}],"inLanguage":"es"},{"@type":"Organization","@id":"https:\/\/www.anatomicaclinic.com\/#organization","name":"Anatomica Clinic Dominicana","url":"https:\/\/www.anatomicaclinic.com\/","logo":{"@type":"ImageObject","inLanguage":"es","@id":"https:\/\/www.anatomicaclinic.com\/#\/schema\/logo\/image\/","url":"https:\/\/www.anatomicaclinic.com\/wp-content\/uploads\/2023\/11\/8aa015e1-a0cd-4d48-b1d5-c9598cbdad99.jpg","contentUrl":"https:\/\/www.anatomicaclinic.com\/wp-content\/uploads\/2023\/11\/8aa015e1-a0cd-4d48-b1d5-c9598cbdad99.jpg","width":1600,"height":1600,"caption":"Anatomica Clinic Dominicana"},"image":{"@id":"https:\/\/www.anatomicaclinic.com\/#\/schema\/logo\/image\/"},"sameAs":["https:\/\/www.facebook.com\/anatomicadominican","https:\/\/instagram.com\/anatomicadominican"]}]}},"_links":{"self":[{"href":"https:\/\/www.anatomicaclinic.com\/es\/wp-json\/wp\/v2\/pages\/1481","targetHints":{"allow":["GET"]}}],"collection":[{"href":"https:\/\/www.anatomicaclinic.com\/es\/wp-json\/wp\/v2\/pages"}],"about":[{"href":"https:\/\/www.anatomicaclinic.com\/es\/wp-json\/wp\/v2\/types\/page"}],"author":[{"embeddable":true,"href":"https:\/\/www.anatomicaclinic.com\/es\/wp-json\/wp\/v2\/users\/10"}],"replies":[{"embeddable":true,"href":"https:\/\/www.anatomicaclinic.com\/es\/wp-json\/wp\/v2\/comments?post=1481"}],"version-history":[{"count":1,"href":"https:\/\/www.anatomicaclinic.com\/es\/wp-json\/wp\/v2\/pages\/1481\/revisions"}],"predecessor-version":[{"id":8670,"href":"https:\/\/www.anatomicaclinic.com\/es\/wp-json\/wp\/v2\/pages\/1481\/revisions\/8670"}],"wp:attachment":[{"href":"https:\/\/www.anatomicaclinic.com\/es\/wp-json\/wp\/v2\/media?parent=1481"}],"curies":[{"name":"wp","href":"https:\/\/api.w.org\/{rel}","templated":true}]}}