{"id":1486,"date":"2022-06-19T19:01:02","date_gmt":"2022-06-19T19:01:02","guid":{"rendered":"https:\/\/www.anatomicaclinic.com\/tratamientos-dentales\/dis-implantlari\/"},"modified":"2026-02-11T11:45:17","modified_gmt":"2026-02-11T11:45:17","slug":"implantes-dentales","status":"publish","type":"page","link":"https:\/\/www.anatomicaclinic.com\/es\/tratamientos-dentales\/implantes-dentales\/","title":{"rendered":"Implantes Dentales"},"content":{"rendered":"<div class=\"wpb-content-wrapper\"><p>[vc_section][vc_row el_class=\u00bbcontainer_1200&#8243;][vc_column][vc_row_inner][vc_column_inner][vc_custom_heading text=\u00bbImplantes Dentales\u00bb font_container=\u00bbtag:h2|font_size:48|text_align:center\u00bb use_theme_fonts=\u00bbyes\u00bb el_class=\u00bbsingle-page-h2&#8243;][\/vc_column_inner][\/vc_row_inner][vc_row_inner][vc_column_inner][vc_column_text]Los implantes dentales pueden mejorar la salud general de nuestros pacientes, ayud\u00e1ndolos a ganar la confianza que proviene de una sonrisa que funciona bien, se ve bien y se siente natural.<\/p> <p>Hay muchos beneficios de reemplazar los dientes perdidos con implantes dentales, principalmente que:<\/p> <ul> <li>Mantener la integridad de la estructura \u00f3sea despu\u00e9s de la p\u00e9rdida de dientes<\/li> <li>Preservar la salud de los dientes adyacentes, ya que no hay necesidad de puentes<\/li> <li>Reemplace las dentaduras postizas sueltas<\/li> <li>Distribuir las fuerzas de mordida uniformemente por toda la boca<\/li> <li>Funcionan y se sienten como dientes naturales<\/li> <li>Mejorar la capacidad de hablar cuando se eliminan las dentaduras postizas voluminosas<\/li> <li>Mejorar la apariencia facial al prevenir la p\u00e9rdida \u00f3sea<\/li> <\/ul> <p>Es de vital importancia reemplazar los dientes perdidos con implantes dentales con prontitud para prevenir consecuencias para la salud tales como:<\/p> <ul> <li>P\u00e9rdida de hueso<\/li> <li>Desplazamiento y desplazamiento de los dientes<\/li> <li>Alteraci\u00f3n en la mordida como resultado del desplazamiento de los dientes<\/li> <li>Problemas en las articulaciones de la mand\u00edbula<\/li> <li>Dificultad para masticar correctamente<\/li> <li>Estr\u00e9s adicional en los dientes restantes<\/li> <\/ul> <p>[\/vc_column_text][\/vc_column_inner][\/vc_row_inner][vc_row_inner][vc_column_inner width=\u00bb1\/3&#8243;][vc_single_image image=\u00bb1106&#8243; img_size=\u00bbfull\u00bb][\/vc_column_inner][vc_column_inner width=\u00bb2\/3&#8243;][vc_column_text]<strong>\u00bfQu\u00e9 son los implantes dentales?<\/strong><\/p> <p>Los implantes dentales son reemplazos de titanio biocompatibles de las ra\u00edces de anclaje del diente. Los implantes dentales reemplazan los dientes perdidos imitando lo m\u00e1s posible a la naturaleza.<\/p> <p>En nuestra oficina de dentista cosm\u00e9tico, las restauraciones de implantes dentales tienen tres partes:<\/p> <ul> <li>Implante de titanio integrado en el hueso<\/li> <li>Pilar de implante<\/li> <li>Corona de porcelana sobre implantes<\/li> <\/ul> <p><strong>\u00bfCu\u00e1l es el proceso de colocaci\u00f3n de implantes dentales?<\/strong><\/p> <p><strong>Etapa de planificaci\u00f3n:<\/strong> La planificaci\u00f3n es la parte m\u00e1s importante del proceso. Un plan de tratamiento cuidadosamente e inteligentemente pensado es la diferencia entre el \u00e9xito y el fracaso. A veces podemos requerir im\u00e1genes especializadas para visualizar la condici\u00f3n \u00f3sea.<\/p> <p><strong>Colocaci\u00f3n del implante:<\/strong> Nuestros especialistas colocar\u00e1n el implante dental en el lugar ideal para formar el tejido de la enc\u00eda alrededor del implante.<\/p> <p><strong>Restauraci\u00f3n temporal:<\/strong> si el implante dental se encuentra en un \u00e1rea f\u00e1cilmente visible, se puede colocar una restauraci\u00f3n temporal con fines est\u00e9ticos mientras cicatriza el sitio.<\/p> <p><strong>Colocaci\u00f3n del pilar:<\/strong> cuando se completa la cicatrizaci\u00f3n, se coloca el pilar del implante dental para conectar el implante dental a la corona de porcelana.<\/p> <p><strong>Corona de porcelana:<\/strong> una vez que nuestro ceramista fabrica la nueva corona de porcelana seg\u00fan las especificaciones exactas, adherimos la corona al pilar.[\/vc_column_text][\/vc_column_inner][\/vc_row_inner][vc_row_inner][vc_column_inner width=\u00bb2\/3&#8243;][vc_column_text]<strong>\u00bfC\u00f3mo se sentir\u00e1 el procedimiento?<\/strong><\/p> <p>La ciencia de la implantolog\u00eda dental ha evolucionado tan r\u00e1pidamente desde sus inicios que ahora es un procedimiento muy predecible. Los implantes dentales se sentir\u00e1n, se ver\u00e1n y funcionar\u00e1n como dientes naturales. Las personas a menudo nos dicen que ni siquiera pueden recordar d\u00f3nde se colocaron los implantes dentales en la boca porque realmente se ven y se sienten como dientes naturales.<\/p> <p><strong>\u00bfEs necesario reemplazar los implantes dentales?<\/strong><\/p> <p>Creemos que una planificaci\u00f3n adecuada es imprescindible para garantizar el \u00e9xito. Tenemos un cuidado meticuloso para garantizar la distribuci\u00f3n adecuada de las fuerzas en la boca para que los dientes o los implantes no se fuercen en la direcci\u00f3n incorrecta o se comprometan al aplicarles una fuerza excesiva.<\/p> <p><strong>\u00bfLos implantes dentales requieren cuidados especiales?<\/strong><\/p> <p>No hay restricciones a largo plazo con los implantes dentales, aunque se necesita precauci\u00f3n hasta que el hueso est\u00e9 completamente curado. Cuando los implantes dentales se restauran con \u00e9xito, es importante evitar morder sustancias duras al principio.[\/vc_column_text][\/vc_column_inner][vc_column_inner width=\u00bb1\/3&#8243;][vc_single_image image=\u00bb1108&#8243; img_size=\u00bbfull\u00bb][\/vc_column_inner][\/vc_row_inner][\/vc_column][\/vc_row][\/vc_section]<\/p> <\/div>","protected":false},"excerpt":{"rendered":"[vc_section][vc_row el_class=\u00bbcontainer_1200&#8243;][vc_column][vc_row_inner][vc_column_inner][vc_custom_heading text=\u00bbImplantes Dentales\u00bb font_container=\u00bbtag:h2|font_size:48|text_align:center\u00bb use_theme_fonts=\u00bbyes\u00bb el_class=\u00bbsingle-page-h2&#8243;][\/vc_column_inner][\/vc_row_inner][vc_row_inner][vc_column_inner][vc_column_text]Los implantes dentales pueden mejorar la salud general de nuestros pacientes, ayud\u00e1ndolos a ganar la confianza que proviene de una sonrisa que funciona bien, se ve bien y se siente natural. Hay muchos beneficios de reemplazar los dientes perdidos con implantes dentales, principalmente que: Mantener la integridad de la&#8230; <a class=\"view-article\" href=\"https:\/\/www.anatomicaclinic.com\/es\/tratamientos-dentales\/implantes-dentales\/\">Ver art\u00edculo<\/a>","protected":false},"author":10,"featured_media":0,"parent":1458,"menu_order":0,"comment_status":"closed","ping_status":"closed","template":"","meta":{"footnotes":""},"class_list":["post-1486","page","type-page","status-publish","hentry"],"yoast_head":"<!-- This site is optimized with the Yoast SEO plugin v27.0 - https:\/\/yoast.com\/product\/yoast-seo-wordpress\/ -->\n<title>Implantes Dentales - Anatomica Cl\u00ednica<\/title>\n<meta name=\"description\" content=\"Implantes Dentales - Anatomica Cl\u00ednica\" \/>\n<meta name=\"robots\" content=\"index, follow, max-snippet:-1, max-image-preview:large, max-video-preview:-1\" \/>\n<link rel=\"canonical\" href=\"https:\/\/www.anatomicaclinic.com\/es\/?page_id=1486\" \/>\n<meta property=\"og:locale\" content=\"es_ES\" \/>\n<meta property=\"og:type\" content=\"article\" \/>\n<meta property=\"og:title\" content=\"Implantes Dentales - Anatomica Cl\u00ednica\" \/>\n<meta property=\"og:description\" content=\"Implantes Dentales - Anatomica Cl\u00ednica\" \/>\n<meta property=\"og:url\" content=\"https:\/\/www.anatomicaclinic.com\/es\/?page_id=1486\" \/>\n<meta property=\"og:site_name\" content=\"Anatomica Cl\u00ednica\" \/>\n<meta property=\"article:publisher\" content=\"https:\/\/www.facebook.com\/anatomicadominican\" \/>\n<meta property=\"article:modified_time\" content=\"2026-02-11T11:45:17+00:00\" \/>\n<meta name=\"twitter:card\" content=\"summary_large_image\" \/>\n<meta name=\"twitter:label1\" content=\"Tiempo de lectura\" \/>\n\t<meta name=\"twitter:data1\" content=\"4 minutos\" \/>\n<script type=\"application\/ld+json\" class=\"yoast-schema-graph\">{\"@context\":\"https:\/\/schema.org\",\"@graph\":[{\"@type\":\"WebPage\",\"@id\":\"https:\/\/www.anatomicaclinic.com\/es\/?page_id=1486\",\"url\":\"https:\/\/www.anatomicaclinic.com\/es\/?page_id=1486\",\"name\":\"Implantes Dentales - Anatomica Cl\u00ednica\",\"isPartOf\":{\"@id\":\"https:\/\/www.anatomicaclinic.com\/#website\"},\"datePublished\":\"2022-06-19T19:01:02+00:00\",\"dateModified\":\"2026-02-11T11:45:17+00:00\",\"description\":\"Implantes Dentales - Anatomica Cl\u00ednica\",\"breadcrumb\":{\"@id\":\"https:\/\/www.anatomicaclinic.com\/es\/?page_id=1486#breadcrumb\"},\"inLanguage\":\"es\",\"potentialAction\":[{\"@type\":\"ReadAction\",\"target\":[\"https:\/\/www.anatomicaclinic.com\/es\/?page_id=1486\"]}]},{\"@type\":\"BreadcrumbList\",\"@id\":\"https:\/\/www.anatomicaclinic.com\/es\/?page_id=1486#breadcrumb\",\"itemListElement\":[{\"@type\":\"ListItem\",\"position\":1,\"name\":\"Anasayfa\",\"item\":\"https:\/\/www.anatomicaclinic.com\/es\/\"},{\"@type\":\"ListItem\",\"position\":2,\"name\":\"Tratamientos Dentales\",\"item\":\"https:\/\/www.anatomicaclinic.com\/es\/?page_id=1458\"},{\"@type\":\"ListItem\",\"position\":3,\"name\":\"Implantes Dentales\"}]},{\"@type\":\"WebSite\",\"@id\":\"https:\/\/www.anatomicaclinic.com\/#website\",\"url\":\"https:\/\/www.anatomicaclinic.com\/\",\"name\":\"Anatomica Clinic\",\"description\":\"Anatomica\",\"publisher\":{\"@id\":\"https:\/\/www.anatomicaclinic.com\/#organization\"},\"alternateName\":\"Anatomica Clinic International\",\"potentialAction\":[{\"@type\":\"SearchAction\",\"target\":{\"@type\":\"EntryPoint\",\"urlTemplate\":\"https:\/\/www.anatomicaclinic.com\/?s={search_term_string}\"},\"query-input\":{\"@type\":\"PropertyValueSpecification\",\"valueRequired\":true,\"valueName\":\"search_term_string\"}}],\"inLanguage\":\"es\"},{\"@type\":\"Organization\",\"@id\":\"https:\/\/www.anatomicaclinic.com\/#organization\",\"name\":\"Anatomica Clinic Dominicana\",\"url\":\"https:\/\/www.anatomicaclinic.com\/\",\"logo\":{\"@type\":\"ImageObject\",\"inLanguage\":\"es\",\"@id\":\"https:\/\/www.anatomicaclinic.com\/#\/schema\/logo\/image\/\",\"url\":\"https:\/\/www.anatomicaclinic.com\/wp-content\/uploads\/2023\/11\/8aa015e1-a0cd-4d48-b1d5-c9598cbdad99.jpg\",\"contentUrl\":\"https:\/\/www.anatomicaclinic.com\/wp-content\/uploads\/2023\/11\/8aa015e1-a0cd-4d48-b1d5-c9598cbdad99.jpg\",\"width\":1600,\"height\":1600,\"caption\":\"Anatomica Clinic Dominicana\"},\"image\":{\"@id\":\"https:\/\/www.anatomicaclinic.com\/#\/schema\/logo\/image\/\"},\"sameAs\":[\"https:\/\/www.facebook.com\/anatomicadominican\",\"https:\/\/instagram.com\/anatomicadominican\"]}]}<\/script>\n<!-- \/ Yoast SEO plugin. -->","yoast_head_json":{"title":"Implantes Dentales - Anatomica Cl\u00ednica","description":"Implantes Dentales - Anatomica Cl\u00ednica","robots":{"index":"index","follow":"follow","max-snippet":"max-snippet:-1","max-image-preview":"max-image-preview:large","max-video-preview":"max-video-preview:-1"},"canonical":"https:\/\/www.anatomicaclinic.com\/es\/?page_id=1486","og_locale":"es_ES","og_type":"article","og_title":"Implantes Dentales - Anatomica Cl\u00ednica","og_description":"Implantes Dentales - Anatomica Cl\u00ednica","og_url":"https:\/\/www.anatomicaclinic.com\/es\/?page_id=1486","og_site_name":"Anatomica Cl\u00ednica","article_publisher":"https:\/\/www.facebook.com\/anatomicadominican","article_modified_time":"2026-02-11T11:45:17+00:00","twitter_card":"summary_large_image","twitter_misc":{"Tiempo de lectura":"4 minutos"},"schema":{"@context":"https:\/\/schema.org","@graph":[{"@type":"WebPage","@id":"https:\/\/www.anatomicaclinic.com\/es\/?page_id=1486","url":"https:\/\/www.anatomicaclinic.com\/es\/?page_id=1486","name":"Implantes Dentales - Anatomica Cl\u00ednica","isPartOf":{"@id":"https:\/\/www.anatomicaclinic.com\/#website"},"datePublished":"2022-06-19T19:01:02+00:00","dateModified":"2026-02-11T11:45:17+00:00","description":"Implantes Dentales - Anatomica Cl\u00ednica","breadcrumb":{"@id":"https:\/\/www.anatomicaclinic.com\/es\/?page_id=1486#breadcrumb"},"inLanguage":"es","potentialAction":[{"@type":"ReadAction","target":["https:\/\/www.anatomicaclinic.com\/es\/?page_id=1486"]}]},{"@type":"BreadcrumbList","@id":"https:\/\/www.anatomicaclinic.com\/es\/?page_id=1486#breadcrumb","itemListElement":[{"@type":"ListItem","position":1,"name":"Anasayfa","item":"https:\/\/www.anatomicaclinic.com\/es\/"},{"@type":"ListItem","position":2,"name":"Tratamientos Dentales","item":"https:\/\/www.anatomicaclinic.com\/es\/?page_id=1458"},{"@type":"ListItem","position":3,"name":"Implantes Dentales"}]},{"@type":"WebSite","@id":"https:\/\/www.anatomicaclinic.com\/#website","url":"https:\/\/www.anatomicaclinic.com\/","name":"Anatomica Clinic","description":"Anatomica","publisher":{"@id":"https:\/\/www.anatomicaclinic.com\/#organization"},"alternateName":"Anatomica Clinic International","potentialAction":[{"@type":"SearchAction","target":{"@type":"EntryPoint","urlTemplate":"https:\/\/www.anatomicaclinic.com\/?s={search_term_string}"},"query-input":{"@type":"PropertyValueSpecification","valueRequired":true,"valueName":"search_term_string"}}],"inLanguage":"es"},{"@type":"Organization","@id":"https:\/\/www.anatomicaclinic.com\/#organization","name":"Anatomica Clinic Dominicana","url":"https:\/\/www.anatomicaclinic.com\/","logo":{"@type":"ImageObject","inLanguage":"es","@id":"https:\/\/www.anatomicaclinic.com\/#\/schema\/logo\/image\/","url":"https:\/\/www.anatomicaclinic.com\/wp-content\/uploads\/2023\/11\/8aa015e1-a0cd-4d48-b1d5-c9598cbdad99.jpg","contentUrl":"https:\/\/www.anatomicaclinic.com\/wp-content\/uploads\/2023\/11\/8aa015e1-a0cd-4d48-b1d5-c9598cbdad99.jpg","width":1600,"height":1600,"caption":"Anatomica Clinic Dominicana"},"image":{"@id":"https:\/\/www.anatomicaclinic.com\/#\/schema\/logo\/image\/"},"sameAs":["https:\/\/www.facebook.com\/anatomicadominican","https:\/\/instagram.com\/anatomicadominican"]}]}},"_links":{"self":[{"href":"https:\/\/www.anatomicaclinic.com\/es\/wp-json\/wp\/v2\/pages\/1486","targetHints":{"allow":["GET"]}}],"collection":[{"href":"https:\/\/www.anatomicaclinic.com\/es\/wp-json\/wp\/v2\/pages"}],"about":[{"href":"https:\/\/www.anatomicaclinic.com\/es\/wp-json\/wp\/v2\/types\/page"}],"author":[{"embeddable":true,"href":"https:\/\/www.anatomicaclinic.com\/es\/wp-json\/wp\/v2\/users\/10"}],"replies":[{"embeddable":true,"href":"https:\/\/www.anatomicaclinic.com\/es\/wp-json\/wp\/v2\/comments?post=1486"}],"version-history":[{"count":1,"href":"https:\/\/www.anatomicaclinic.com\/es\/wp-json\/wp\/v2\/pages\/1486\/revisions"}],"predecessor-version":[{"id":8681,"href":"https:\/\/www.anatomicaclinic.com\/es\/wp-json\/wp\/v2\/pages\/1486\/revisions\/8681"}],"up":[{"embeddable":true,"href":"https:\/\/www.anatomicaclinic.com\/es\/wp-json\/wp\/v2\/pages\/1458"}],"wp:attachment":[{"href":"https:\/\/www.anatomicaclinic.com\/es\/wp-json\/wp\/v2\/media?parent=1486"}],"curies":[{"name":"wp","href":"https:\/\/api.w.org\/{rel}","templated":true}]}}