{"id":1512,"date":"2022-06-19T19:02:17","date_gmt":"2022-06-19T19:02:17","guid":{"rendered":"https:\/\/www.anatomicaclinic.com\/tratamientos-dentales\/dis-telleri\/"},"modified":"2026-02-11T11:45:18","modified_gmt":"2026-02-11T11:45:18","slug":"tirantes","status":"publish","type":"page","link":"https:\/\/www.anatomicaclinic.com\/es\/tratamientos-dentales\/tirantes\/","title":{"rendered":"Tirantes"},"content":{"rendered":"<div class=\"wpb-content-wrapper\"><p>[vc_section][vc_row el_class=\u00bbcontainer_1200&#8243;][vc_column][vc_row_inner][vc_column_inner][vc_custom_heading text=\u00bbTirantes\u00bb font_container=\u00bbtag:h2|font_size:48|text_align:center\u00bb use_theme_fonts=\u00bbyes\u00bb el_class=\u00bbsingle-page-h2&#8243;][\/vc_column_inner][\/vc_row_inner][vc_row_inner][vc_column_inner][vc_column_text]Al comparar diferentes tipos de aparatos ortop\u00e9dicos para adultos, adolescentes y ni\u00f1os, hay 4 tipos principales de aparatos ortop\u00e9dicos disponibles en la actualidad:<\/p> <ol> <li>Brackets met\u00e1licos<\/li> <li>Brackets cer\u00e1micos<\/li> <li>Brackets de autoligado<\/li> <li>Alineadores transparentes como Invisalign<\/li> <\/ol> <p>[\/vc_column_text][\/vc_column_inner][\/vc_row_inner][vc_row_inner][vc_column_inner width=\u00bb1\/3&#8243;][vc_single_image image=\u00bb1117&#8243; img_size=\u00bbfull\u00bb][\/vc_column_inner][vc_column_inner width=\u00bb2\/3&#8243;][vc_column_text]<strong>Brackets Met\u00e1licos<\/strong><\/p> <p>Los aparatos met\u00e1licos o tradicionales son el tipo m\u00e1s com\u00fan de aparatos ortop\u00e9dicos en todo el mundo y existen desde hace m\u00e1s de 100 a\u00f1os. En el pasado, los frenos eran muy voluminosos y notorios. Afortunadamente, los frenos de hoy no se parecen en nada a lo que eran hace 100 a\u00f1os. Los avances en innovaci\u00f3n y tecnolog\u00eda han hecho que los aparatos ortop\u00e9dicos:<\/p> <ul> <li>M\u00e1s peque\u00f1o<\/li> <li>M\u00e1s r\u00e1pido<\/li> <li>M\u00e1s c\u00f3modo<\/li> <li>M\u00e1s efectivo<\/li> <\/ul> <p>Los frenos met\u00e1licos son los m\u00e1s populares entre los pacientes ni\u00f1os y adolescentes. Funcionan aplicando los frenos a los dientes y conect\u00e1ndolos con un alambre. El cable se ata a las abrazaderas con lazos el\u00e1sticos, que vienen en una variedad de colores para elegir. Para mover los dientes, el ortodoncista hace ajustes al alambre en sus citas cada 4-8 semanas.<\/p> <p>A diferencia de los alineadores transparentes que son removibles, a algunos padres y pacientes les encantan los frenos met\u00e1licos porque no necesitan recordarle a su hijo que los use. Sin embargo, los frenos met\u00e1licos requieren cuidado y atenci\u00f3n, y una buena higiene bucal es imprescindible durante todo el tratamiento.[\/vc_column_text][\/vc_column_inner][\/vc_row_inner][vc_row_inner][vc_column_inner width=\u00bb2\/3&#8243;][vc_column_text]<strong>Brackets de cer\u00e1mica<\/strong><\/p> <p>Los frenos cer\u00e1micos son frenos hechos de material transparente del color del diente. Funcionan de la misma forma que los brackets met\u00e1licos, pero son m\u00e1s discretos y menos visibles. Los frenos cer\u00e1micos son m\u00e1s populares entre los pacientes que no creen que los alineadores transparentes o los frenos linguales sean adecuados para ellos, pero que a\u00fan desean enderezar sus dientes de una manera discreta y asequible. Estos pacientes tienden a ser adolescentes y adultos motivados por la est\u00e9tica.<\/p> <p>En comparaci\u00f3n con los aparatos met\u00e1licos, los aparatos cer\u00e1micos se notan menos y presentan una alternativa asequible a los aparatos met\u00e1licos. Sin embargo, debe saber que estos aparatos tambi\u00e9n son un poco m\u00e1s grandes que los aparatos met\u00e1licos y pueden mancharse seg\u00fan la dieta y los h\u00e1bitos de cepillado.[\/vc_column_text][\/vc_column_inner][vc_column_inner width=\u00bb1\/3&#8243;][vc_single_image image=\u00bb1119&#8243; img_size=\u00bbfull\u00bb][\/vc_column_inner][\/vc_row_inner][vc_row_inner][vc_column_inner width=\u00bb1\/3&#8243;][vc_single_image image=\u00bb1121&#8243; img_size=\u00bbfull\u00bb][\/vc_column_inner][vc_column_inner width=\u00bb2\/3&#8243;][vc_column_text]<strong>Brace de autoligado<\/strong><\/p> <p>Los aparatos ortop\u00e9dicos de autoligado funcionan de manera similar a los aparatos ortop\u00e9dicos met\u00e1licos y cer\u00e1micos y est\u00e1n disponibles en material met\u00e1lico o transparente\/cer\u00e1mico. Ellos tambi\u00e9n conf\u00edan en aparatos ortop\u00e9dicos y un alambre para mover los dientes. La diferencia entre los aparatos ortop\u00e9dicos de autoligado en comparaci\u00f3n con los aparatos ortop\u00e9dicos de metal o cer\u00e1mica es que los aparatos ortop\u00e9dicos de autoligado utilizan puertas o clips para mantener el alambre en su lugar, en lugar de ataduras de goma el\u00e1stica.<\/p> <p>Por su facilidad de ajuste, son una buena opci\u00f3n para:<\/p> <ul> <li>Pacientes que son m\u00e1s sensibles a las molestias<\/li> <li>Pacientes que no pueden quedarse quietos en el sill\u00f3n dental por mucho tiempo<\/li> <li>Pacientes con retrasos en el desarrollo y necesidad de ortodoncia.<\/li> <\/ul> <p>[\/vc_column_text][\/vc_column_inner][\/vc_row_inner][vc_row_inner][vc_column_inner width=\u00bb2\/3&#8243;][vc_column_text]<strong>Alineadores transparentes<\/strong><\/p> <p>Los alineadores transparentes han experimentado un aumento de popularidad en la \u00faltima d\u00e9cada. Est\u00e1 claro por qu\u00e9 los alineadores transparentes son tan populares en este momento:<\/p> <ul> <li>Claro y transparente<\/li> <li>Retirable<\/li> <li>Permitir un cepillado y uso de hilo dental m\u00e1s f\u00e1cil<\/li> <li>M\u00e1s r\u00e1pido que los frenos para algunos tratamientos limitados<\/li> <li>Requiere menos citas en algunos casos<\/li> <li>A veces son posibles citas m\u00e1s cortas<\/li> <\/ul> <p>Los alineadores transparentes son excelentes para los pacientes que usaron aparatos ortop\u00e9dicos cuando eran m\u00e1s j\u00f3venes y solo necesitan un \u00abretoque\u00bb, as\u00ed como para los pacientes que tienen problemas dentales de leves a moderados, como dientes desalineados, sobremordida grande, sin problemas de alineaci\u00f3n de la mand\u00edbula y que tienen espacios en sus dientes frontales (mordida abierta). Pero cualquier sistema de alineadores transparentes tiene limitaciones significativas en comparaci\u00f3n con los aparatos ortop\u00e9dicos cuando se trata de problemas dif\u00edciles o tratamientos integrales.<\/p> <p>Para problemas m\u00e1s complejos, los frenos linguales detr\u00e1s de los dientes o una combinaci\u00f3n de alineadores transparentes y frenos linguales pueden ofrecer una soluci\u00f3n de tratamiento \u00fanica y est\u00e9tica. Podemos proporcionarle informaci\u00f3n m\u00e1s personalizada en su examen inicial gratuito.[\/vc_column_text][\/vc_column_inner][vc_column_inner width=\u00bb1\/3&#8243;][vc_single_image image=\u00bb1123&#8243; img_size=\u00bbfull\u00bb][\/vc_column_inner][\/vc_row_inner][\/vc_column][\/vc_row][\/vc_section]<\/p> <\/div>","protected":false},"excerpt":{"rendered":"[vc_section][vc_row el_class=\u00bbcontainer_1200&#8243;][vc_column][vc_row_inner][vc_column_inner][vc_custom_heading text=\u00bbTirantes\u00bb font_container=\u00bbtag:h2|font_size:48|text_align:center\u00bb use_theme_fonts=\u00bbyes\u00bb el_class=\u00bbsingle-page-h2&#8243;][\/vc_column_inner][\/vc_row_inner][vc_row_inner][vc_column_inner][vc_column_text]Al comparar diferentes tipos de aparatos ortop\u00e9dicos para adultos, adolescentes y ni\u00f1os, hay 4 tipos principales de aparatos ortop\u00e9dicos disponibles en la actualidad: Brackets met\u00e1licos Brackets cer\u00e1micos Brackets de autoligado Alineadores transparentes como Invisalign [\/vc_column_text][\/vc_column_inner][\/vc_row_inner][vc_row_inner][vc_column_inner width=\u00bb1\/3&#8243;][vc_single_image image=\u00bb1117&#8243; img_size=\u00bbfull\u00bb][\/vc_column_inner][vc_column_inner width=\u00bb2\/3&#8243;][vc_column_text]Brackets Met\u00e1licos Los aparatos met\u00e1licos o tradicionales son el tipo m\u00e1s com\u00fan&#8230; <a class=\"view-article\" href=\"https:\/\/www.anatomicaclinic.com\/es\/tratamientos-dentales\/tirantes\/\">Ver art\u00edculo<\/a>","protected":false},"author":10,"featured_media":0,"parent":1458,"menu_order":0,"comment_status":"closed","ping_status":"closed","template":"","meta":{"footnotes":""},"class_list":["post-1512","page","type-page","status-publish","hentry"],"yoast_head":"<!-- This site is optimized with the Yoast SEO plugin v27.0 - https:\/\/yoast.com\/product\/yoast-seo-wordpress\/ -->\n<title>Tirantes - Anatomica Cl\u00ednica<\/title>\n<meta name=\"description\" content=\"Tirantes - Anatomica Cl\u00ednica\" \/>\n<meta name=\"robots\" content=\"index, follow, max-snippet:-1, max-image-preview:large, max-video-preview:-1\" \/>\n<link rel=\"canonical\" href=\"https:\/\/www.anatomicaclinic.com\/es\/?page_id=1512\" \/>\n<meta property=\"og:locale\" content=\"es_ES\" \/>\n<meta property=\"og:type\" content=\"article\" \/>\n<meta property=\"og:title\" content=\"Tirantes - Anatomica Cl\u00ednica\" \/>\n<meta property=\"og:description\" content=\"Tirantes - Anatomica Cl\u00ednica\" \/>\n<meta property=\"og:url\" content=\"https:\/\/www.anatomicaclinic.com\/es\/?page_id=1512\" \/>\n<meta property=\"og:site_name\" content=\"Anatomica Cl\u00ednica\" \/>\n<meta property=\"article:publisher\" content=\"https:\/\/www.facebook.com\/anatomicadominican\" \/>\n<meta property=\"article:modified_time\" content=\"2026-02-11T11:45:18+00:00\" \/>\n<meta name=\"twitter:card\" content=\"summary_large_image\" \/>\n<meta name=\"twitter:label1\" content=\"Tiempo de lectura\" \/>\n\t<meta name=\"twitter:data1\" content=\"5 minutos\" \/>\n<script type=\"application\/ld+json\" class=\"yoast-schema-graph\">{\"@context\":\"https:\/\/schema.org\",\"@graph\":[{\"@type\":\"WebPage\",\"@id\":\"https:\/\/www.anatomicaclinic.com\/es\/?page_id=1512\",\"url\":\"https:\/\/www.anatomicaclinic.com\/es\/?page_id=1512\",\"name\":\"Tirantes - Anatomica Cl\u00ednica\",\"isPartOf\":{\"@id\":\"https:\/\/www.anatomicaclinic.com\/#website\"},\"datePublished\":\"2022-06-19T19:02:17+00:00\",\"dateModified\":\"2026-02-11T11:45:18+00:00\",\"description\":\"Tirantes - Anatomica Cl\u00ednica\",\"breadcrumb\":{\"@id\":\"https:\/\/www.anatomicaclinic.com\/es\/?page_id=1512#breadcrumb\"},\"inLanguage\":\"es\",\"potentialAction\":[{\"@type\":\"ReadAction\",\"target\":[\"https:\/\/www.anatomicaclinic.com\/es\/?page_id=1512\"]}]},{\"@type\":\"BreadcrumbList\",\"@id\":\"https:\/\/www.anatomicaclinic.com\/es\/?page_id=1512#breadcrumb\",\"itemListElement\":[{\"@type\":\"ListItem\",\"position\":1,\"name\":\"Anasayfa\",\"item\":\"https:\/\/www.anatomicaclinic.com\/es\/\"},{\"@type\":\"ListItem\",\"position\":2,\"name\":\"Tratamientos Dentales\",\"item\":\"https:\/\/www.anatomicaclinic.com\/es\/?page_id=1458\"},{\"@type\":\"ListItem\",\"position\":3,\"name\":\"Tirantes\"}]},{\"@type\":\"WebSite\",\"@id\":\"https:\/\/www.anatomicaclinic.com\/#website\",\"url\":\"https:\/\/www.anatomicaclinic.com\/\",\"name\":\"Anatomica Clinic\",\"description\":\"Anatomica\",\"publisher\":{\"@id\":\"https:\/\/www.anatomicaclinic.com\/#organization\"},\"alternateName\":\"Anatomica Clinic International\",\"potentialAction\":[{\"@type\":\"SearchAction\",\"target\":{\"@type\":\"EntryPoint\",\"urlTemplate\":\"https:\/\/www.anatomicaclinic.com\/?s={search_term_string}\"},\"query-input\":{\"@type\":\"PropertyValueSpecification\",\"valueRequired\":true,\"valueName\":\"search_term_string\"}}],\"inLanguage\":\"es\"},{\"@type\":\"Organization\",\"@id\":\"https:\/\/www.anatomicaclinic.com\/#organization\",\"name\":\"Anatomica Clinic Dominicana\",\"url\":\"https:\/\/www.anatomicaclinic.com\/\",\"logo\":{\"@type\":\"ImageObject\",\"inLanguage\":\"es\",\"@id\":\"https:\/\/www.anatomicaclinic.com\/#\/schema\/logo\/image\/\",\"url\":\"https:\/\/www.anatomicaclinic.com\/wp-content\/uploads\/2023\/11\/8aa015e1-a0cd-4d48-b1d5-c9598cbdad99.jpg\",\"contentUrl\":\"https:\/\/www.anatomicaclinic.com\/wp-content\/uploads\/2023\/11\/8aa015e1-a0cd-4d48-b1d5-c9598cbdad99.jpg\",\"width\":1600,\"height\":1600,\"caption\":\"Anatomica Clinic Dominicana\"},\"image\":{\"@id\":\"https:\/\/www.anatomicaclinic.com\/#\/schema\/logo\/image\/\"},\"sameAs\":[\"https:\/\/www.facebook.com\/anatomicadominican\",\"https:\/\/instagram.com\/anatomicadominican\"]}]}<\/script>\n<!-- \/ Yoast SEO plugin. -->","yoast_head_json":{"title":"Tirantes - Anatomica Cl\u00ednica","description":"Tirantes - Anatomica Cl\u00ednica","robots":{"index":"index","follow":"follow","max-snippet":"max-snippet:-1","max-image-preview":"max-image-preview:large","max-video-preview":"max-video-preview:-1"},"canonical":"https:\/\/www.anatomicaclinic.com\/es\/?page_id=1512","og_locale":"es_ES","og_type":"article","og_title":"Tirantes - Anatomica Cl\u00ednica","og_description":"Tirantes - Anatomica Cl\u00ednica","og_url":"https:\/\/www.anatomicaclinic.com\/es\/?page_id=1512","og_site_name":"Anatomica Cl\u00ednica","article_publisher":"https:\/\/www.facebook.com\/anatomicadominican","article_modified_time":"2026-02-11T11:45:18+00:00","twitter_card":"summary_large_image","twitter_misc":{"Tiempo de lectura":"5 minutos"},"schema":{"@context":"https:\/\/schema.org","@graph":[{"@type":"WebPage","@id":"https:\/\/www.anatomicaclinic.com\/es\/?page_id=1512","url":"https:\/\/www.anatomicaclinic.com\/es\/?page_id=1512","name":"Tirantes - Anatomica Cl\u00ednica","isPartOf":{"@id":"https:\/\/www.anatomicaclinic.com\/#website"},"datePublished":"2022-06-19T19:02:17+00:00","dateModified":"2026-02-11T11:45:18+00:00","description":"Tirantes - Anatomica Cl\u00ednica","breadcrumb":{"@id":"https:\/\/www.anatomicaclinic.com\/es\/?page_id=1512#breadcrumb"},"inLanguage":"es","potentialAction":[{"@type":"ReadAction","target":["https:\/\/www.anatomicaclinic.com\/es\/?page_id=1512"]}]},{"@type":"BreadcrumbList","@id":"https:\/\/www.anatomicaclinic.com\/es\/?page_id=1512#breadcrumb","itemListElement":[{"@type":"ListItem","position":1,"name":"Anasayfa","item":"https:\/\/www.anatomicaclinic.com\/es\/"},{"@type":"ListItem","position":2,"name":"Tratamientos Dentales","item":"https:\/\/www.anatomicaclinic.com\/es\/?page_id=1458"},{"@type":"ListItem","position":3,"name":"Tirantes"}]},{"@type":"WebSite","@id":"https:\/\/www.anatomicaclinic.com\/#website","url":"https:\/\/www.anatomicaclinic.com\/","name":"Anatomica Clinic","description":"Anatomica","publisher":{"@id":"https:\/\/www.anatomicaclinic.com\/#organization"},"alternateName":"Anatomica Clinic International","potentialAction":[{"@type":"SearchAction","target":{"@type":"EntryPoint","urlTemplate":"https:\/\/www.anatomicaclinic.com\/?s={search_term_string}"},"query-input":{"@type":"PropertyValueSpecification","valueRequired":true,"valueName":"search_term_string"}}],"inLanguage":"es"},{"@type":"Organization","@id":"https:\/\/www.anatomicaclinic.com\/#organization","name":"Anatomica Clinic Dominicana","url":"https:\/\/www.anatomicaclinic.com\/","logo":{"@type":"ImageObject","inLanguage":"es","@id":"https:\/\/www.anatomicaclinic.com\/#\/schema\/logo\/image\/","url":"https:\/\/www.anatomicaclinic.com\/wp-content\/uploads\/2023\/11\/8aa015e1-a0cd-4d48-b1d5-c9598cbdad99.jpg","contentUrl":"https:\/\/www.anatomicaclinic.com\/wp-content\/uploads\/2023\/11\/8aa015e1-a0cd-4d48-b1d5-c9598cbdad99.jpg","width":1600,"height":1600,"caption":"Anatomica Clinic Dominicana"},"image":{"@id":"https:\/\/www.anatomicaclinic.com\/#\/schema\/logo\/image\/"},"sameAs":["https:\/\/www.facebook.com\/anatomicadominican","https:\/\/instagram.com\/anatomicadominican"]}]}},"_links":{"self":[{"href":"https:\/\/www.anatomicaclinic.com\/es\/wp-json\/wp\/v2\/pages\/1512","targetHints":{"allow":["GET"]}}],"collection":[{"href":"https:\/\/www.anatomicaclinic.com\/es\/wp-json\/wp\/v2\/pages"}],"about":[{"href":"https:\/\/www.anatomicaclinic.com\/es\/wp-json\/wp\/v2\/types\/page"}],"author":[{"embeddable":true,"href":"https:\/\/www.anatomicaclinic.com\/es\/wp-json\/wp\/v2\/users\/10"}],"replies":[{"embeddable":true,"href":"https:\/\/www.anatomicaclinic.com\/es\/wp-json\/wp\/v2\/comments?post=1512"}],"version-history":[{"count":1,"href":"https:\/\/www.anatomicaclinic.com\/es\/wp-json\/wp\/v2\/pages\/1512\/revisions"}],"predecessor-version":[{"id":8687,"href":"https:\/\/www.anatomicaclinic.com\/es\/wp-json\/wp\/v2\/pages\/1512\/revisions\/8687"}],"up":[{"embeddable":true,"href":"https:\/\/www.anatomicaclinic.com\/es\/wp-json\/wp\/v2\/pages\/1458"}],"wp:attachment":[{"href":"https:\/\/www.anatomicaclinic.com\/es\/wp-json\/wp\/v2\/media?parent=1512"}],"curies":[{"name":"wp","href":"https:\/\/api.w.org\/{rel}","templated":true}]}}