{"id":1518,"date":"2022-06-19T19:02:33","date_gmt":"2022-06-19T19:02:33","guid":{"rendered":"https:\/\/www.anatomicaclinic.com\/tratamientos-dentales\/kok-kanal-tedavisi\/"},"modified":"2026-02-11T11:45:17","modified_gmt":"2026-02-11T11:45:17","slug":"terapia-de-conducto-radicular","status":"publish","type":"page","link":"https:\/\/www.anatomicaclinic.com\/es\/tratamientos-dentales\/terapia-de-conducto-radicular\/","title":{"rendered":"Terapia de Conducto Radicular"},"content":{"rendered":"<div class=\"wpb-content-wrapper\"><p>[vc_section][vc_row el_class=\u00bbcontainer_1200&#8243;][vc_column][vc_row_inner][vc_column_inner][vc_custom_heading text=\u00bbTerapia de Conducto Radicular\u00bb font_container=\u00bbtag:h2|font_size:48|text_align:center\u00bb use_theme_fonts=\u00bbyes\u00bb el_class=\u00bbsingle-page-h2&#8243;][\/vc_column_inner][\/vc_row_inner][vc_row_inner][vc_column_inner][vc_column_text]<strong>\u00bfQu\u00e9 es la terapia de conducto?<\/strong><\/p> <p>Un endodoncista realiza un tratamiento de conducto para tratar problemas relacionados con la pulpa interior blanda de un diente.[\/vc_column_text][\/vc_column_inner][\/vc_row_inner][vc_row_inner][vc_column_inner width=\u00bb1\/3&#8243;][vc_single_image image=\u00bb1079&#8243; img_size=\u00bbfull\u00bb][\/vc_column_inner][vc_column_inner width=\u00bb2\/3&#8243;][vc_column_text]<strong>\u00bfPor qu\u00e9 necesito una endodoncia?<\/strong><\/p> <p>Se requiere un tratamiento de conducto cuando el tejido nervioso dentro de los dientes se degenera. Sin un tratamiento de conducto, la infecci\u00f3n en la pulpa del diente puede provocar un absceso, que a su vez puede da\u00f1ar la mand\u00edbula. Necesitar\u00e1 un tratamiento de conducto para salvar su diente y asegurarse de que el tejido alrededor de la ra\u00edz del diente permanezca sano y libre de inflamaci\u00f3n.<\/p> <p>Hay varias razones por las que su diente puede irritarse e inflamarse, tales como: caries profundas, empastes grandes, trauma en el diente, un diente astillado o incluso trabajo dental repetido.<\/p> <p><strong>\u00bfCu\u00e1les son los s\u00edntomas o signos de que se necesita una endodoncia?<\/strong><\/p> <p>Es posible que necesite un tratamiento de conducto si un diente le est\u00e1 causando dolor o si las enc\u00edas adyacentes al diente est\u00e1n sensibles e hinchadas. Otro s\u00edntoma es si el diente parece decolorado y se ha vuelto m\u00e1s sensible al calor y al fr\u00edo. Si estos s\u00edntomas revelan una pulpa inflamada e infectada dentro del diente, entonces su dentista puede recomendarle un procedimiento de endodoncia.<\/p> <p><strong>\u00bfCu\u00e1les son las causas del da\u00f1o a la pulpa dental o a los nervios?<\/strong><\/p> <p>La caries dental (cavidades), los dientes astillados, los empastes dentales agrietados y las lesiones en los dientes pueden da\u00f1ar la pulpa dental. Si la caries dental no se trata a tiempo, la caries se propaga hacia el interior de la pulpa del diente y causa da\u00f1o a los nervios. Los empastes dentales agrietados permiten que la saliva y las bacterias da\u00f1inas lleguen al conducto radicular e infecten la pulpa. Los dientes fracturados pueden exponer la pulpa. Las lesiones en los dientes pueden causar da\u00f1o a la pulpa incluso si no hay signos externos de da\u00f1o en el interior de los dientes.[\/vc_column_text][\/vc_column_inner][\/vc_row_inner][vc_row_inner][vc_column_inner width=\u00bb2\/3&#8243;][vc_column_text]<strong>\u00bfPor qu\u00e9 es necesaria la terapia de conducto?<\/strong><br \/> Cuando los nervios dentro de la pulpa del diente mueren, la dentina y el esmalte del diente ya no pueden recibir nutrientes org\u00e1nicos ni humedad. El tejido inflamado que rodea el diente causa dolor de muelas y la infecci\u00f3n puede da\u00f1ar los huesos alrededor de los dientes. Si la pulpa da\u00f1ada no se trata, la infecci\u00f3n bacteriana y la inflamaci\u00f3n pueden aflojar el diente y es posible que haya que extraerlo. Por lo tanto, la terapia de conducto es necesaria para preservar el diente y tambi\u00e9n proteger la mand\u00edbula.<\/p> <p><strong>\u00bfEn qu\u00e9 consiste el procedimiento de conducto radicular?<\/strong><br \/> El procedimiento se lleva a cabo en cuatro pasos. Primero, el dentista estudia la radiograf\u00eda del diente infectado y luego administra un anest\u00e9sico local. Luego, el dentista extrae el tejido nervioso inflamado a trav\u00e9s de una abertura en la corona del diente. El conducto radicular se limpia adecuadamente para que no queden residuos ni bacterias. Esto asegurar\u00e1 que la infecci\u00f3n y la inflamaci\u00f3n del tejido no vuelvan a ocurrir. En el segundo paso del procedimiento del conducto radicular, el dentista sellar\u00e1 la cavidad del conducto radicular limpiado. Esto es para evitar que entren l\u00edquidos y bacterias en la cavidad. En el tercer paso, el conducto radicular se rellena con una mezcla. En el cuarto y \u00faltimo paso, se coloca una corona sobre el diente sellado que permite que el diente funcione normalmente.[\/vc_column_text][\/vc_column_inner][vc_column_inner width=\u00bb1\/3&#8243;][vc_single_image image=\u00bb1082&#8243; img_size=\u00bbfull\u00bb][\/vc_column_inner][\/vc_row_inner][\/vc_column][\/vc_row][\/vc_section]<\/p> <\/div>","protected":false},"excerpt":{"rendered":"[vc_section][vc_row el_class=\u00bbcontainer_1200&#8243;][vc_column][vc_row_inner][vc_column_inner][vc_custom_heading text=\u00bbTerapia de Conducto Radicular\u00bb font_container=\u00bbtag:h2|font_size:48|text_align:center\u00bb use_theme_fonts=\u00bbyes\u00bb el_class=\u00bbsingle-page-h2&#8243;][\/vc_column_inner][\/vc_row_inner][vc_row_inner][vc_column_inner][vc_column_text]\u00bfQu\u00e9 es la terapia de conducto? Un endodoncista realiza un tratamiento de conducto para tratar problemas relacionados con la pulpa interior blanda de un diente.[\/vc_column_text][\/vc_column_inner][\/vc_row_inner][vc_row_inner][vc_column_inner width=\u00bb1\/3&#8243;][vc_single_image image=\u00bb1079&#8243; img_size=\u00bbfull\u00bb][\/vc_column_inner][vc_column_inner width=\u00bb2\/3&#8243;][vc_column_text]\u00bfPor qu\u00e9 necesito una endodoncia? Se requiere un tratamiento de conducto cuando el tejido nervioso dentro de los dientes&#8230; <a class=\"view-article\" href=\"https:\/\/www.anatomicaclinic.com\/es\/tratamientos-dentales\/terapia-de-conducto-radicular\/\">Ver art\u00edculo<\/a>","protected":false},"author":10,"featured_media":0,"parent":1458,"menu_order":0,"comment_status":"closed","ping_status":"closed","template":"","meta":{"footnotes":""},"class_list":["post-1518","page","type-page","status-publish","hentry"],"yoast_head":"<!-- This site is optimized with the Yoast SEO plugin v27.0 - https:\/\/yoast.com\/product\/yoast-seo-wordpress\/ -->\n<title>Terapia de Conducto Radicular - Anatomica Cl\u00ednica<\/title>\n<meta name=\"description\" content=\"Terapia de Conducto Radicular - Anatomica Cl\u00ednica\" \/>\n<meta name=\"robots\" content=\"index, follow, max-snippet:-1, max-image-preview:large, max-video-preview:-1\" \/>\n<link rel=\"canonical\" href=\"https:\/\/www.anatomicaclinic.com\/es\/?page_id=1518\" \/>\n<meta property=\"og:locale\" content=\"es_ES\" \/>\n<meta property=\"og:type\" content=\"article\" \/>\n<meta property=\"og:title\" content=\"Terapia de Conducto Radicular - Anatomica Cl\u00ednica\" \/>\n<meta property=\"og:description\" content=\"Terapia de Conducto Radicular - Anatomica Cl\u00ednica\" \/>\n<meta property=\"og:url\" content=\"https:\/\/www.anatomicaclinic.com\/es\/?page_id=1518\" \/>\n<meta property=\"og:site_name\" content=\"Anatomica Cl\u00ednica\" \/>\n<meta property=\"article:publisher\" content=\"https:\/\/www.facebook.com\/anatomicadominican\" \/>\n<meta property=\"article:modified_time\" content=\"2026-02-11T11:45:17+00:00\" \/>\n<meta name=\"twitter:card\" content=\"summary_large_image\" \/>\n<meta name=\"twitter:label1\" content=\"Tiempo de lectura\" \/>\n\t<meta name=\"twitter:data1\" content=\"4 minutos\" \/>\n<script type=\"application\/ld+json\" class=\"yoast-schema-graph\">{\"@context\":\"https:\/\/schema.org\",\"@graph\":[{\"@type\":\"WebPage\",\"@id\":\"https:\/\/www.anatomicaclinic.com\/es\/?page_id=1518\",\"url\":\"https:\/\/www.anatomicaclinic.com\/es\/?page_id=1518\",\"name\":\"Terapia de Conducto Radicular - Anatomica Cl\u00ednica\",\"isPartOf\":{\"@id\":\"https:\/\/www.anatomicaclinic.com\/#website\"},\"datePublished\":\"2022-06-19T19:02:33+00:00\",\"dateModified\":\"2026-02-11T11:45:17+00:00\",\"description\":\"Terapia de Conducto Radicular - Anatomica Cl\u00ednica\",\"breadcrumb\":{\"@id\":\"https:\/\/www.anatomicaclinic.com\/es\/?page_id=1518#breadcrumb\"},\"inLanguage\":\"es\",\"potentialAction\":[{\"@type\":\"ReadAction\",\"target\":[\"https:\/\/www.anatomicaclinic.com\/es\/?page_id=1518\"]}]},{\"@type\":\"BreadcrumbList\",\"@id\":\"https:\/\/www.anatomicaclinic.com\/es\/?page_id=1518#breadcrumb\",\"itemListElement\":[{\"@type\":\"ListItem\",\"position\":1,\"name\":\"Anasayfa\",\"item\":\"https:\/\/www.anatomicaclinic.com\/es\/\"},{\"@type\":\"ListItem\",\"position\":2,\"name\":\"Tratamientos Dentales\",\"item\":\"https:\/\/www.anatomicaclinic.com\/es\/?page_id=1458\"},{\"@type\":\"ListItem\",\"position\":3,\"name\":\"Terapia de Conducto Radicular\"}]},{\"@type\":\"WebSite\",\"@id\":\"https:\/\/www.anatomicaclinic.com\/#website\",\"url\":\"https:\/\/www.anatomicaclinic.com\/\",\"name\":\"Anatomica Clinic\",\"description\":\"Anatomica\",\"publisher\":{\"@id\":\"https:\/\/www.anatomicaclinic.com\/#organization\"},\"alternateName\":\"Anatomica Clinic International\",\"potentialAction\":[{\"@type\":\"SearchAction\",\"target\":{\"@type\":\"EntryPoint\",\"urlTemplate\":\"https:\/\/www.anatomicaclinic.com\/?s={search_term_string}\"},\"query-input\":{\"@type\":\"PropertyValueSpecification\",\"valueRequired\":true,\"valueName\":\"search_term_string\"}}],\"inLanguage\":\"es\"},{\"@type\":\"Organization\",\"@id\":\"https:\/\/www.anatomicaclinic.com\/#organization\",\"name\":\"Anatomica Clinic Dominicana\",\"url\":\"https:\/\/www.anatomicaclinic.com\/\",\"logo\":{\"@type\":\"ImageObject\",\"inLanguage\":\"es\",\"@id\":\"https:\/\/www.anatomicaclinic.com\/#\/schema\/logo\/image\/\",\"url\":\"https:\/\/www.anatomicaclinic.com\/wp-content\/uploads\/2023\/11\/8aa015e1-a0cd-4d48-b1d5-c9598cbdad99.jpg\",\"contentUrl\":\"https:\/\/www.anatomicaclinic.com\/wp-content\/uploads\/2023\/11\/8aa015e1-a0cd-4d48-b1d5-c9598cbdad99.jpg\",\"width\":1600,\"height\":1600,\"caption\":\"Anatomica Clinic Dominicana\"},\"image\":{\"@id\":\"https:\/\/www.anatomicaclinic.com\/#\/schema\/logo\/image\/\"},\"sameAs\":[\"https:\/\/www.facebook.com\/anatomicadominican\",\"https:\/\/instagram.com\/anatomicadominican\"]}]}<\/script>\n<!-- \/ Yoast SEO plugin. -->","yoast_head_json":{"title":"Terapia de Conducto Radicular - Anatomica Cl\u00ednica","description":"Terapia de Conducto Radicular - Anatomica Cl\u00ednica","robots":{"index":"index","follow":"follow","max-snippet":"max-snippet:-1","max-image-preview":"max-image-preview:large","max-video-preview":"max-video-preview:-1"},"canonical":"https:\/\/www.anatomicaclinic.com\/es\/?page_id=1518","og_locale":"es_ES","og_type":"article","og_title":"Terapia de Conducto Radicular - Anatomica Cl\u00ednica","og_description":"Terapia de Conducto Radicular - Anatomica Cl\u00ednica","og_url":"https:\/\/www.anatomicaclinic.com\/es\/?page_id=1518","og_site_name":"Anatomica Cl\u00ednica","article_publisher":"https:\/\/www.facebook.com\/anatomicadominican","article_modified_time":"2026-02-11T11:45:17+00:00","twitter_card":"summary_large_image","twitter_misc":{"Tiempo de lectura":"4 minutos"},"schema":{"@context":"https:\/\/schema.org","@graph":[{"@type":"WebPage","@id":"https:\/\/www.anatomicaclinic.com\/es\/?page_id=1518","url":"https:\/\/www.anatomicaclinic.com\/es\/?page_id=1518","name":"Terapia de Conducto Radicular - Anatomica Cl\u00ednica","isPartOf":{"@id":"https:\/\/www.anatomicaclinic.com\/#website"},"datePublished":"2022-06-19T19:02:33+00:00","dateModified":"2026-02-11T11:45:17+00:00","description":"Terapia de Conducto Radicular - Anatomica Cl\u00ednica","breadcrumb":{"@id":"https:\/\/www.anatomicaclinic.com\/es\/?page_id=1518#breadcrumb"},"inLanguage":"es","potentialAction":[{"@type":"ReadAction","target":["https:\/\/www.anatomicaclinic.com\/es\/?page_id=1518"]}]},{"@type":"BreadcrumbList","@id":"https:\/\/www.anatomicaclinic.com\/es\/?page_id=1518#breadcrumb","itemListElement":[{"@type":"ListItem","position":1,"name":"Anasayfa","item":"https:\/\/www.anatomicaclinic.com\/es\/"},{"@type":"ListItem","position":2,"name":"Tratamientos Dentales","item":"https:\/\/www.anatomicaclinic.com\/es\/?page_id=1458"},{"@type":"ListItem","position":3,"name":"Terapia de Conducto Radicular"}]},{"@type":"WebSite","@id":"https:\/\/www.anatomicaclinic.com\/#website","url":"https:\/\/www.anatomicaclinic.com\/","name":"Anatomica Clinic","description":"Anatomica","publisher":{"@id":"https:\/\/www.anatomicaclinic.com\/#organization"},"alternateName":"Anatomica Clinic International","potentialAction":[{"@type":"SearchAction","target":{"@type":"EntryPoint","urlTemplate":"https:\/\/www.anatomicaclinic.com\/?s={search_term_string}"},"query-input":{"@type":"PropertyValueSpecification","valueRequired":true,"valueName":"search_term_string"}}],"inLanguage":"es"},{"@type":"Organization","@id":"https:\/\/www.anatomicaclinic.com\/#organization","name":"Anatomica Clinic Dominicana","url":"https:\/\/www.anatomicaclinic.com\/","logo":{"@type":"ImageObject","inLanguage":"es","@id":"https:\/\/www.anatomicaclinic.com\/#\/schema\/logo\/image\/","url":"https:\/\/www.anatomicaclinic.com\/wp-content\/uploads\/2023\/11\/8aa015e1-a0cd-4d48-b1d5-c9598cbdad99.jpg","contentUrl":"https:\/\/www.anatomicaclinic.com\/wp-content\/uploads\/2023\/11\/8aa015e1-a0cd-4d48-b1d5-c9598cbdad99.jpg","width":1600,"height":1600,"caption":"Anatomica Clinic Dominicana"},"image":{"@id":"https:\/\/www.anatomicaclinic.com\/#\/schema\/logo\/image\/"},"sameAs":["https:\/\/www.facebook.com\/anatomicadominican","https:\/\/instagram.com\/anatomicadominican"]}]}},"_links":{"self":[{"href":"https:\/\/www.anatomicaclinic.com\/es\/wp-json\/wp\/v2\/pages\/1518","targetHints":{"allow":["GET"]}}],"collection":[{"href":"https:\/\/www.anatomicaclinic.com\/es\/wp-json\/wp\/v2\/pages"}],"about":[{"href":"https:\/\/www.anatomicaclinic.com\/es\/wp-json\/wp\/v2\/types\/page"}],"author":[{"embeddable":true,"href":"https:\/\/www.anatomicaclinic.com\/es\/wp-json\/wp\/v2\/users\/10"}],"replies":[{"embeddable":true,"href":"https:\/\/www.anatomicaclinic.com\/es\/wp-json\/wp\/v2\/comments?post=1518"}],"version-history":[{"count":1,"href":"https:\/\/www.anatomicaclinic.com\/es\/wp-json\/wp\/v2\/pages\/1518\/revisions"}],"predecessor-version":[{"id":8686,"href":"https:\/\/www.anatomicaclinic.com\/es\/wp-json\/wp\/v2\/pages\/1518\/revisions\/8686"}],"up":[{"embeddable":true,"href":"https:\/\/www.anatomicaclinic.com\/es\/wp-json\/wp\/v2\/pages\/1458"}],"wp:attachment":[{"href":"https:\/\/www.anatomicaclinic.com\/es\/wp-json\/wp\/v2\/media?parent=1518"}],"curies":[{"name":"wp","href":"https:\/\/api.w.org\/{rel}","templated":true}]}}