{"id":1531,"date":"2022-06-15T15:18:41","date_gmt":"2022-06-15T15:18:41","guid":{"rendered":"https:\/\/www.anatomicaclinic.com\/trasplante-capilar\/sakal-ve-biyik-ekimi\/"},"modified":"2026-02-11T11:45:17","modified_gmt":"2026-02-11T11:45:17","slug":"trasplante-de-barba-y-bigote","status":"publish","type":"page","link":"https:\/\/www.anatomicaclinic.com\/es\/trasplante-capilar\/trasplante-de-barba-y-bigote\/","title":{"rendered":"Trasplante de Barba y Bigote"},"content":{"rendered":"<div class=\"wpb-content-wrapper\"><p>[vc_section][vc_row el_class=\u00bbcontainer_1200&#8243;][vc_column][vc_row_inner][vc_column_inner][vc_custom_heading text=\u00bbTrasplante de Barba y Bigote\u00bb font_container=\u00bbtag:h2|font_size:48|text_align:center\u00bb use_theme_fonts=\u00bbyes\u00bb el_class=\u00bbsingle-page-h2&#8243;][\/vc_column_inner][\/vc_row_inner][vc_row_inner][vc_column_inner][vc_column_text]Trasplante de Barba y Bigote; no existe todav\u00eda ning\u00fan tratamiento oral o topical para hacer nacer pelos nuevos en \u00e1reas despobladas de las barbas y bigotes. Por esta raz\u00f3n, el mejor m\u00e9todo es el proceso de trasplante. Es posible lograr una apariencia m\u00e1s est\u00e9tica a trav\u00e9s del trasplante realizado con las T\u00e9cnica FUE(Follicular Unit Extraciton) en zonas con alopecia regional, ti\u00f1a de barba o cicatrices.[\/vc_column_text][\/vc_column_inner][\/vc_row_inner][vc_row_inner][vc_column_inner width=\u00bb1\/3&#8243;][vc_single_image image=\u00bb775&#8243; img_size=\u00bbfull\u00bb][\/vc_column_inner][vc_column_inner width=\u00bb2\/3&#8243;][vc_column_text]Seg\u00fan las estad\u00edsticas de la Asociaci\u00f3n Internacional de Cirug\u00eda del Cabello (ISHRS) en 2008, el aumento de la demanda de trasplante de barba y bigote en Turqu\u00eda y la geograf\u00eda cercana aument\u00f3 en un 110%, especialmente con el aumento de la informaci\u00f3n p\u00fablica sobre el trasplante de cabello. No existe todav\u00eda ning\u00fan tratamiento oral o topical para hacer nacer pelos nuevos en \u00e1reas despobladas. Por esta raz\u00f3n, el mejor m\u00e9todo es el proceso de trasplante. Es posible lograr una apariencia m\u00e1s est\u00e9tica a trav\u00e9s del trasplante realizado con las T\u00e9cnica FUE(Follicular Unit Extraciton) en zonas con alopecia regional, ti\u00f1a de barba o cicatrices.<\/p> <p><strong>\u00bfCu\u00e1les son las causas de la p\u00e9rdida de barba?<\/strong><\/p> <p>La densidad de la barba y la calidad del pelo dependen enteramente de la estructura gen\u00e9tica. Despu\u00e9s de entrar en la edad de adolescencia, los pelos de la barba se vuelven m\u00e1s gruesos durante 3 a\u00f1os y se convierten en formas terminales, largas, gruesas y pigmentadas, y los pelos de la barba mantienen esta caracter\u00edstica a menos que haya un cambio significativo en los niveles de hormona masculina. La p\u00e9rdida de barba tambi\u00e9n puede ocurrir debido a enfermedades de la piel, as\u00ed como enfermedades autoinmunes. Aparte de esto, la imagen m\u00e1s pesada la crean los desequilibrios hormonales. En los hombres, la hormona masculina testosterona debe ser verificada cuando est\u00e1 por debajo del nivel umbral. Tambi\u00e9n puede ocurrir la p\u00e9rdida de barba debido a la enfermedad de alopecia areata.<\/p> <p><strong>\u00bfQui\u00e9n es adecuado para el trasplante de barba?<\/strong><\/p> <p>Ser lampi\u00f1o o tener una barba escasa y dispersa es la raz\u00f3n m\u00e1s com\u00fanmente necesaria para el trasplante. El trasplante de barba se puede hacer a partir de 20-22 a\u00f1os cuando las hormonas se estabilizan en el nivel basal. Tambi\u00e9n es preferible para los hombres que les gusta alargar sus patillas, o tener la imagen de barba de dos d\u00edas, pero cuyas l\u00ednea de barba es irregular o incompleta. El trasplante de barba tambi\u00e9n se puede aplicar a los hombres que tienen \u00e1reas sin pelo en sus barbas, as\u00ed como aquellos que no tienen barba.<\/p> <p><strong>\u00bfC\u00f3mo se realiza el trasplante de barba?<\/strong><\/p> <ul> <li>La barba no es como el pelo porque se puede encontrar en una densidad muy diferente de persona a persona. Una persona con barba un poco escasa puede no sentirse inc\u00f3moda con ella.<\/li> <li>Por esta raz\u00f3n, no suele ser necesario realizar trasplantes de barba con mucha frecuencia. Si existe una p\u00e9rdida regional de barba, entonces se planea el trasplante de acuerdo con la densidad de la barba cercana y se armonizada con los alrededores.<\/li> <li>Si no se tiene barba en absoluto,, se puede implantar entre 1000-3000 ra\u00edces dependiendo de la frecuencia y el grado deseado por la persona.<\/li> <li>En una persona totalmente lampi\u00f1a se consigue un cambio de apariencia distintivo trasplantando un total de 1000 ra\u00edces, 400 ra\u00edces en el \u00e1rea del bigote y la mand\u00edbula, 100 ra\u00edces en la zona de las patillas.<\/li> <li>El trasplante de la barba se realiza tomando ra\u00edces del pelo de la zona de cabello delgado inmediatamente por encima de la nuca o del pelo de por encima de la oreja.<\/li> <li>En el trasplante de barba, se aplica el m\u00e9todo FUE a los que aceptan el afeitarse el pelo, y el m\u00e9todo FUT se aplica a los que no lo aceptan.<\/li> <li>Extracci\u00f3n de ra\u00edz de estas \u00e1reas, que no lucen bien debido a la densidad de la barba, proporciona una clara ventaja ya que proporciona depilaci\u00f3n permanente en el \u00e1rea.<\/li> <\/ul> <p><strong>\u00bfC\u00f3mo es el proceso despu\u00e9s de la operaci\u00f3n?<\/strong><\/p> <p>Despu\u00e9s de trasplantar la barba no habr\u00e1 marcas en el cuerpo o la nuca. Inmediatamente despu\u00e9s del trasplante, el \u00e1rea trasplantada tendr\u00e1 una apariencia roja oscura, debido a los co\u00e1gulos sangu\u00edneos de los lugares donde se introdujeron las agujas, pero esta apariencia desaparecer\u00e1 tras el primer ba\u00f1o. Hay un aumento del flujo sangu\u00edneo en el \u00e1rea del trasplante para que la barba plantada sea mejor alimentada por el cuerpo, y hay peque\u00f1as rojeces en las ra\u00edces de los pelos. Esta apariencia ligeramente roja desaparece en 1-2 semanas. Despu\u00e9s de la 2 \u00aa semana, una parte de la barba y el bigote que se trasplant\u00f3 experimentar\u00e1 una ca\u00edda temporal llamada ca\u00edda de choque. Despu\u00e9s de 4-8 meses sin ninguna ca\u00edda temporal, todos los pelos ca\u00eddos vuelven a aparecer. El resultado es natural y permanente.<\/p> <p><strong>\u00bfQu\u00e9 es el trasplante de bigote y c\u00f3mo se realiza?<\/strong><\/p> <p>El trasplante de bigote es el trasplante de ra\u00edces del pelo en las \u00e1reas de la piel del labio superior donde no salen pelos de bigote. Utilizando el m\u00e9todo FUE para el trasplante, se pueden cerrar naturalmente los problemas tales como cicatrices, marcas de operaci\u00f3n, marcas de quemaduras, ca\u00eddas en el \u00e1rea de bigotes.<\/p> <p>Con FUE, se toma la ra\u00edz del pelo del lugar deseado, tanto como se desee, y se trasplanta en el \u00e1rea requerida del bigote con la frecuencia deseada y el \u00e1ngulo natural en que debe estar en esa \u00e1rea. Los fol\u00edculos pilosos se trasplantan con la ayuda de herramientas de 0.6-0.7 mm sin cortar la piel, de esta manera se acorta el tiempo de plantaci\u00f3n y, por lo tanto, no mueren las ra\u00edces porque las mismas no esperan.<\/p> <p>Los fol\u00edculos pilosos trasplantados contin\u00faan creciendo despu\u00e9s de que se plantan. Pasados de 4-6 meses despu\u00e9s del trasplante, si el bigote es ralo, se puede volver a trasplantar pelo otra vez. El proceso de trasplante de bigote, aunque es un procedimiento corto y pr\u00e1ctico, debe ser realizado por un experto para evitar resultados indeseables.[\/vc_column_text][\/vc_column_inner][\/vc_row_inner][\/vc_column][\/vc_row][\/vc_section]<\/p> <\/div>","protected":false},"excerpt":{"rendered":"[vc_section][vc_row el_class=\u00bbcontainer_1200&#8243;][vc_column][vc_row_inner][vc_column_inner][vc_custom_heading text=\u00bbTrasplante de Barba y Bigote\u00bb font_container=\u00bbtag:h2|font_size:48|text_align:center\u00bb use_theme_fonts=\u00bbyes\u00bb el_class=\u00bbsingle-page-h2&#8243;][\/vc_column_inner][\/vc_row_inner][vc_row_inner][vc_column_inner][vc_column_text]Trasplante de Barba y Bigote; no existe todav\u00eda ning\u00fan tratamiento oral o topical para hacer nacer pelos nuevos en \u00e1reas despobladas de las barbas y bigotes. Por esta raz\u00f3n, el mejor m\u00e9todo es el proceso de trasplante. Es posible lograr una apariencia m\u00e1s est\u00e9tica a trav\u00e9s&#8230; <a class=\"view-article\" href=\"https:\/\/www.anatomicaclinic.com\/es\/trasplante-capilar\/trasplante-de-barba-y-bigote\/\">Ver art\u00edculo<\/a>","protected":false},"author":1,"featured_media":0,"parent":1526,"menu_order":0,"comment_status":"closed","ping_status":"closed","template":"","meta":{"footnotes":""},"class_list":["post-1531","page","type-page","status-publish","hentry"],"yoast_head":"<!-- This site is optimized with the Yoast SEO plugin v27.0 - https:\/\/yoast.com\/product\/yoast-seo-wordpress\/ -->\n<title>Trasplante de Barba y Bigote - Anatomica Cl\u00ednica<\/title>\n<meta name=\"description\" content=\"Trasplante de Barba y Bigote - Anatomica Cl\u00ednica\" \/>\n<meta name=\"robots\" content=\"index, follow, max-snippet:-1, max-image-preview:large, max-video-preview:-1\" \/>\n<link rel=\"canonical\" href=\"https:\/\/www.anatomicaclinic.com\/es\/?page_id=1531\" \/>\n<meta property=\"og:locale\" content=\"es_ES\" \/>\n<meta property=\"og:type\" content=\"article\" \/>\n<meta property=\"og:title\" content=\"Trasplante de Barba y Bigote - Anatomica Cl\u00ednica\" \/>\n<meta property=\"og:description\" content=\"Trasplante de Barba y Bigote - Anatomica Cl\u00ednica\" \/>\n<meta property=\"og:url\" content=\"https:\/\/www.anatomicaclinic.com\/es\/?page_id=1531\" \/>\n<meta property=\"og:site_name\" content=\"Anatomica Cl\u00ednica\" \/>\n<meta property=\"article:publisher\" content=\"https:\/\/www.facebook.com\/anatomicadominican\" \/>\n<meta property=\"article:modified_time\" content=\"2026-02-11T11:45:17+00:00\" \/>\n<meta name=\"twitter:card\" content=\"summary_large_image\" \/>\n<meta name=\"twitter:label1\" content=\"Tiempo de lectura\" \/>\n\t<meta name=\"twitter:data1\" content=\"6 minutos\" \/>\n<script type=\"application\/ld+json\" class=\"yoast-schema-graph\">{\"@context\":\"https:\/\/schema.org\",\"@graph\":[{\"@type\":\"WebPage\",\"@id\":\"https:\/\/www.anatomicaclinic.com\/es\/?page_id=1531\",\"url\":\"https:\/\/www.anatomicaclinic.com\/es\/?page_id=1531\",\"name\":\"Trasplante de Barba y Bigote - Anatomica Cl\u00ednica\",\"isPartOf\":{\"@id\":\"https:\/\/www.anatomicaclinic.com\/#website\"},\"datePublished\":\"2022-06-15T15:18:41+00:00\",\"dateModified\":\"2026-02-11T11:45:17+00:00\",\"description\":\"Trasplante de Barba y Bigote - Anatomica Cl\u00ednica\",\"breadcrumb\":{\"@id\":\"https:\/\/www.anatomicaclinic.com\/es\/?page_id=1531#breadcrumb\"},\"inLanguage\":\"es\",\"potentialAction\":[{\"@type\":\"ReadAction\",\"target\":[\"https:\/\/www.anatomicaclinic.com\/es\/?page_id=1531\"]}]},{\"@type\":\"BreadcrumbList\",\"@id\":\"https:\/\/www.anatomicaclinic.com\/es\/?page_id=1531#breadcrumb\",\"itemListElement\":[{\"@type\":\"ListItem\",\"position\":1,\"name\":\"Anasayfa\",\"item\":\"https:\/\/www.anatomicaclinic.com\/es\/\"},{\"@type\":\"ListItem\",\"position\":2,\"name\":\"Trasplante Capilar\",\"item\":\"https:\/\/www.anatomicaclinic.com\/es\/?page_id=1526\"},{\"@type\":\"ListItem\",\"position\":3,\"name\":\"Trasplante de Barba y Bigote\"}]},{\"@type\":\"WebSite\",\"@id\":\"https:\/\/www.anatomicaclinic.com\/#website\",\"url\":\"https:\/\/www.anatomicaclinic.com\/\",\"name\":\"Anatomica Clinic\",\"description\":\"Anatomica\",\"publisher\":{\"@id\":\"https:\/\/www.anatomicaclinic.com\/#organization\"},\"alternateName\":\"Anatomica Clinic International\",\"potentialAction\":[{\"@type\":\"SearchAction\",\"target\":{\"@type\":\"EntryPoint\",\"urlTemplate\":\"https:\/\/www.anatomicaclinic.com\/?s={search_term_string}\"},\"query-input\":{\"@type\":\"PropertyValueSpecification\",\"valueRequired\":true,\"valueName\":\"search_term_string\"}}],\"inLanguage\":\"es\"},{\"@type\":\"Organization\",\"@id\":\"https:\/\/www.anatomicaclinic.com\/#organization\",\"name\":\"Anatomica Clinic Dominicana\",\"url\":\"https:\/\/www.anatomicaclinic.com\/\",\"logo\":{\"@type\":\"ImageObject\",\"inLanguage\":\"es\",\"@id\":\"https:\/\/www.anatomicaclinic.com\/#\/schema\/logo\/image\/\",\"url\":\"https:\/\/www.anatomicaclinic.com\/wp-content\/uploads\/2023\/11\/8aa015e1-a0cd-4d48-b1d5-c9598cbdad99.jpg\",\"contentUrl\":\"https:\/\/www.anatomicaclinic.com\/wp-content\/uploads\/2023\/11\/8aa015e1-a0cd-4d48-b1d5-c9598cbdad99.jpg\",\"width\":1600,\"height\":1600,\"caption\":\"Anatomica Clinic Dominicana\"},\"image\":{\"@id\":\"https:\/\/www.anatomicaclinic.com\/#\/schema\/logo\/image\/\"},\"sameAs\":[\"https:\/\/www.facebook.com\/anatomicadominican\",\"https:\/\/instagram.com\/anatomicadominican\"]}]}<\/script>\n<!-- \/ Yoast SEO plugin. -->","yoast_head_json":{"title":"Trasplante de Barba y Bigote - Anatomica Cl\u00ednica","description":"Trasplante de Barba y Bigote - Anatomica Cl\u00ednica","robots":{"index":"index","follow":"follow","max-snippet":"max-snippet:-1","max-image-preview":"max-image-preview:large","max-video-preview":"max-video-preview:-1"},"canonical":"https:\/\/www.anatomicaclinic.com\/es\/?page_id=1531","og_locale":"es_ES","og_type":"article","og_title":"Trasplante de Barba y Bigote - Anatomica Cl\u00ednica","og_description":"Trasplante de Barba y Bigote - Anatomica Cl\u00ednica","og_url":"https:\/\/www.anatomicaclinic.com\/es\/?page_id=1531","og_site_name":"Anatomica Cl\u00ednica","article_publisher":"https:\/\/www.facebook.com\/anatomicadominican","article_modified_time":"2026-02-11T11:45:17+00:00","twitter_card":"summary_large_image","twitter_misc":{"Tiempo de lectura":"6 minutos"},"schema":{"@context":"https:\/\/schema.org","@graph":[{"@type":"WebPage","@id":"https:\/\/www.anatomicaclinic.com\/es\/?page_id=1531","url":"https:\/\/www.anatomicaclinic.com\/es\/?page_id=1531","name":"Trasplante de Barba y Bigote - Anatomica Cl\u00ednica","isPartOf":{"@id":"https:\/\/www.anatomicaclinic.com\/#website"},"datePublished":"2022-06-15T15:18:41+00:00","dateModified":"2026-02-11T11:45:17+00:00","description":"Trasplante de Barba y Bigote - Anatomica Cl\u00ednica","breadcrumb":{"@id":"https:\/\/www.anatomicaclinic.com\/es\/?page_id=1531#breadcrumb"},"inLanguage":"es","potentialAction":[{"@type":"ReadAction","target":["https:\/\/www.anatomicaclinic.com\/es\/?page_id=1531"]}]},{"@type":"BreadcrumbList","@id":"https:\/\/www.anatomicaclinic.com\/es\/?page_id=1531#breadcrumb","itemListElement":[{"@type":"ListItem","position":1,"name":"Anasayfa","item":"https:\/\/www.anatomicaclinic.com\/es\/"},{"@type":"ListItem","position":2,"name":"Trasplante Capilar","item":"https:\/\/www.anatomicaclinic.com\/es\/?page_id=1526"},{"@type":"ListItem","position":3,"name":"Trasplante de Barba y Bigote"}]},{"@type":"WebSite","@id":"https:\/\/www.anatomicaclinic.com\/#website","url":"https:\/\/www.anatomicaclinic.com\/","name":"Anatomica Clinic","description":"Anatomica","publisher":{"@id":"https:\/\/www.anatomicaclinic.com\/#organization"},"alternateName":"Anatomica Clinic International","potentialAction":[{"@type":"SearchAction","target":{"@type":"EntryPoint","urlTemplate":"https:\/\/www.anatomicaclinic.com\/?s={search_term_string}"},"query-input":{"@type":"PropertyValueSpecification","valueRequired":true,"valueName":"search_term_string"}}],"inLanguage":"es"},{"@type":"Organization","@id":"https:\/\/www.anatomicaclinic.com\/#organization","name":"Anatomica Clinic Dominicana","url":"https:\/\/www.anatomicaclinic.com\/","logo":{"@type":"ImageObject","inLanguage":"es","@id":"https:\/\/www.anatomicaclinic.com\/#\/schema\/logo\/image\/","url":"https:\/\/www.anatomicaclinic.com\/wp-content\/uploads\/2023\/11\/8aa015e1-a0cd-4d48-b1d5-c9598cbdad99.jpg","contentUrl":"https:\/\/www.anatomicaclinic.com\/wp-content\/uploads\/2023\/11\/8aa015e1-a0cd-4d48-b1d5-c9598cbdad99.jpg","width":1600,"height":1600,"caption":"Anatomica Clinic Dominicana"},"image":{"@id":"https:\/\/www.anatomicaclinic.com\/#\/schema\/logo\/image\/"},"sameAs":["https:\/\/www.facebook.com\/anatomicadominican","https:\/\/instagram.com\/anatomicadominican"]}]}},"_links":{"self":[{"href":"https:\/\/www.anatomicaclinic.com\/es\/wp-json\/wp\/v2\/pages\/1531","targetHints":{"allow":["GET"]}}],"collection":[{"href":"https:\/\/www.anatomicaclinic.com\/es\/wp-json\/wp\/v2\/pages"}],"about":[{"href":"https:\/\/www.anatomicaclinic.com\/es\/wp-json\/wp\/v2\/types\/page"}],"author":[{"embeddable":true,"href":"https:\/\/www.anatomicaclinic.com\/es\/wp-json\/wp\/v2\/users\/1"}],"replies":[{"embeddable":true,"href":"https:\/\/www.anatomicaclinic.com\/es\/wp-json\/wp\/v2\/comments?post=1531"}],"version-history":[{"count":1,"href":"https:\/\/www.anatomicaclinic.com\/es\/wp-json\/wp\/v2\/pages\/1531\/revisions"}],"predecessor-version":[{"id":8674,"href":"https:\/\/www.anatomicaclinic.com\/es\/wp-json\/wp\/v2\/pages\/1531\/revisions\/8674"}],"up":[{"embeddable":true,"href":"https:\/\/www.anatomicaclinic.com\/es\/wp-json\/wp\/v2\/pages\/1526"}],"wp:attachment":[{"href":"https:\/\/www.anatomicaclinic.com\/es\/wp-json\/wp\/v2\/media?parent=1531"}],"curies":[{"name":"wp","href":"https:\/\/api.w.org\/{rel}","templated":true}]}}