{"id":1533,"date":"2022-06-12T11:56:33","date_gmt":"2022-06-12T11:56:33","guid":{"rendered":"https:\/\/www.anatomicaclinic.com\/subeler\/"},"modified":"2026-02-11T11:45:17","modified_gmt":"2026-02-11T11:45:17","slug":"clinicas","status":"publish","type":"page","link":"https:\/\/www.anatomicaclinic.com\/es\/clinicas\/","title":{"rendered":"Cl\u00ednicas"},"content":{"rendered":"<div class=\"wpb-content-wrapper\"><p>[vc_section el_id=\u00bbsection-branches-page\u00bb][vc_row el_class=\u00bbcontainer_1200&#8243;][vc_column][vc_custom_heading text=\u00bbCl\u00ednicas\u00bb use_theme_fonts=\u00bbyes\u00bb el_class=\u00bbsection-branches-page-text-title\u00bb][vc_row_inner el_class=\u00bbsection-branches-page-items\u00bb][vc_column_inner el_class=\u00bbsection-branches-page-item\u00bb width=\u00bb1\/2&#8243;][vc_custom_heading text=\u00bbTurquia\/Istanbul\u00bb use_theme_fonts=\u00bbyes\u00bb el_class=\u00bbsection-branches-page-item-title\u00bb][vc_single_image image=\u00bb6961&#8243; img_size=\u00bbfull\u00bb el_class=\u00bbsection-branches-page-item-img\u00bb][vc_column_text css=\u00bb.vc_custom_1759239999731{margin-top: 10px !important;}\u00bb el_class=\u00bbsection-branches-page-country-text turkey\u00bb]<strong>TURQUIA:<\/strong> Fundada en el a\u00f1o 2000, Anatomica llega cada d\u00eda a m\u00e1s personas con los servicios profesionales que ofrece en los campos de la salud y la belleza. Nuestra cl\u00ednica brinda servicios en trasplante de cabello y ramas de Otorrinolaringolog\u00eda.Con m\u00e1s de 20 a\u00f1os de experiencia y su equipo de expertos, nuestra cl\u00ednica ha atendido a m\u00e1s de 77.000 personas de todo el mundo.<\/p> <p>&nbsp;<\/p> <p>Como Anatomica, continuamos produciendo soluciones personalizadas y acompa\u00f1ando a nuestros pacientes en sus viajes de salud y belleza con nuestro segundo centro, que se inaugur\u00f3 en la Rep\u00fablica Dominicana en 2020, lo que nos permite llevar nuestras experiencias a m\u00e1s personas.[\/vc_column_text][\/vc_column_inner][vc_column_inner el_class=\u00bbsection-branches-page-item\u00bb width=\u00bb1\/2&#8243;][vc_custom_heading text=\u00bbRepublica Dominicana\/La Romana\u00bb font_container=\u00bbtag:h2|text_align:right\u00bb use_theme_fonts=\u00bbyes\u00bb el_class=\u00bbsection-branches-page-item-title\u00bb][vc_single_image image=\u00bb656&#8243; img_size=\u00bbfull\u00bb alignment=\u00bbright\u00bb el_class=\u00bbsection-branches-page-item-img\u00bb][vc_column_text css=\u00bb.vc_custom_1759240053760{margin-top: 10px !important;}\u00bb el_class=\u00bbsection-branches-page-country-text dominik\u00bb]<strong>Rep\u00fablica Dominicana\/La Romana:<\/strong> Con una superficie de 600 m2, nuestra cl\u00ednica de Rep\u00fablica Dominicana cuenta con c\u00f3modas habitaciones para pacientes y la tecnolog\u00eda m\u00e1s avanzada para garantizar que cada paciente tenga acceso a las mejores pr\u00e1cticas. El equipo profesional de Anat\u00f3mica ofrece diversas soluciones de restauraci\u00f3n capilar a hu\u00e9spedes de todo el mundo. Tambi\u00e9n proporcionamos servicios dermatol\u00f3gicos en la Rep\u00fablica Dominicana.<\/p> <p>&nbsp;<\/p> <p>La regi\u00f3n de la romana, donde se encuentra nuestra cl\u00ednica, es tambi\u00e9n uno de los destinos vacacionales preferidos. La regi\u00f3n, que cuenta con magn\u00edficas islas como Offshore, Saona, Catalina y Catalinita, tambi\u00e9n ofrece tiendas, buceo, deportes de lujo y restaurantes gourmet. Se puede llegar desde el aeropuerto de Santo Domingo (SDQ), el aeropuerto internacional de La Romana (LRM), Punta Cana (PUJ) y el puerto tur\u00edstico Casa de Campo (en el r\u00edo Salao, en La Romana).[\/vc_column_text][\/vc_column_inner][\/vc_row_inner][\/vc_column][\/vc_row][vc_row][vc_column][vc_custom_heading text=\u00bbFOTOS DE LA CLINICA\u00bb use_theme_fonts=\u00bbyes\u00bb el_class=\u00bbsection-branches-page-item-photos-title\u00bb][vc_column_text]              <div class=\"swiper-container\"          data-slider='swiperSlider465'          data-general='{\"initialSlide\":0,\"direction\":\"horizontal\",\"speed\":300,\"autoHeight\":false,\"effect\":\"slide\",\"slidesPerView\":5,\"slidesPerColumn\":1,\"spaceBetween\":20}'          data-autoplay='{\"delay\":3000,\"stopOnLastSlide\":false,\"disableOnInteraction\":true,\"reverseDirection\":false,\"waitForTransition\":true}'          data-pagination='false'          data-navigation='false'          data-breakpoints='{\"320\":{\"slidesPerView\":1},\"480\":{\"slidesPerView\":2},\"640\":{\"slidesPerView\":3},\"768\":{\"slidesPerView\":3},\"980\":{\"slidesPerView\":3},\"1024\":{\"slidesPerView\":3}}'>          <div class=\"swiper-wrapper\">                                                  <div class=\"swiper-slide\">                          <img decoding=\"async\" class=\"image-preview\" src=\"https:\/\/www.anatomicaclinic.com\/wp-content\/uploads\/2026\/02\/klinik_foto1.jpeg\">                      <\/div>                                      <div class=\"swiper-slide\">                          <img decoding=\"async\" class=\"image-preview\" src=\"https:\/\/www.anatomicaclinic.com\/wp-content\/uploads\/2026\/02\/klinik_foto2.jpeg\">                      <\/div>                                      <div class=\"swiper-slide\">                          <img decoding=\"async\" class=\"image-preview\" src=\"https:\/\/www.anatomicaclinic.com\/wp-content\/uploads\/2026\/02\/klinik_foto3.jpeg\">                      <\/div>                                      <div class=\"swiper-slide\">                          <img decoding=\"async\" class=\"image-preview\" src=\"https:\/\/www.anatomicaclinic.com\/wp-content\/uploads\/2026\/02\/klinik_foto4.jpeg\">                      <\/div>                                      <div class=\"swiper-slide\">                          <img decoding=\"async\" class=\"image-preview\" src=\"https:\/\/www.anatomicaclinic.com\/wp-content\/uploads\/2026\/02\/klinik_foto5.jpeg\">                      <\/div>                                      <\/div>                                      <\/div>                 [\/vc_column_text][\/vc_column][\/vc_row][\/vc_section][vc_section el_id=\u00bbsection-homepage-footer-contact-form\u00bb][vc_row el_class=\u00bbcontainer_1200&#8243;][vc_column][vc_row_inner][vc_column_inner el_class=\u00bbsection-branches-page-location-items\u00bb width=\u00bb1\/2&#8243;][vc_custom_heading text=\u00bbAnatomica<br \/> <i>Istanbul, Turqu\u00eda<\/i>\u00bb font_container=\u00bbtag:div|text_align:left\u00bb use_theme_fonts=\u00bbyes\u00bb link=\u00bburl:%230|\u00bb el_class=\u00bbsection-branches-page-location-item selected item-1&#8243;][vc_custom_heading text=\u00bbAnatomica<br \/> <i>Rep\u00fablica Dominicana\/La Romana<\/i>\u00bb font_container=\u00bbtag:div|text_align:left\u00bb use_theme_fonts=\u00bbyes\u00bb link=\u00bburl:%230|\u00bb el_class=\u00bbsection-branches-page-location-item item-2&#8243;][\/vc_column_inner][vc_column_inner width=\u00bb1\/2&#8243;][vc_gmaps link=\u00bb#E-8_JTNDaWZyYW1lJTIwc3JjJTNEJTIyaHR0cHMlM0ElMkYlMkZ3d3cuZ29vZ2xlLmNvbSUyRm1hcHMlMkZlbWJlZCUzRnBiJTNEJTIxMW0xNCUyMTFtOCUyMTFtMyUyMTFkMTUwNC4xMjAzNzIwMjgyNTglMjEyZDI5LjAwMDkxNjIlMjEzZDQxLjA2MzczJTIxM20yJTIxMWkxMDI0JTIxMmk3NjglMjE0ZjEzLjElMjEzbTMlMjExbTIlMjExczB4MTRjYWI3ZmI3ZTEyYWQzNSUyNTNBMHhhNjE5Nzk4Y2NmNjViMDkxJTIxMnMlMjVDMyUyNTk2emVsJTI1MjBBbmF0b21pY2ElMjUyMFQlMjVDNCUyNUIxcCUyNTIwTWVya2V6aSUyNTIwJTI4QW5hdG9taWElMjUyMFNhJTI1QzQlMjU5RmwlMjVDNCUyNUIxayUyNTIwSGl6bWV0bGVyaSUyOSUyMTVlMCUyMTNtMiUyMTFzdHIlMjEyc3RyJTIxNHYxNjU3MDQxODgzNDU1JTIxNW0yJTIxMXN0ciUyMTJzdHIlMjIlMjB3aWR0aCUzRCUyMjEwMCUyNSUyMiUyMGhlaWdodCUzRCUyMjQ3MCUyMiUyMHN0eWxlJTNEJTIyYm9yZGVyJTNBMCUzQiUyMiUyMGFsbG93ZnVsbHNjcmVlbiUzRCUyMiUyMiUyMGxvYWRpbmclM0QlMjJsYXp5JTIyJTIwcmVmZXJyZXJwb2xpY3klM0QlMjJuby1yZWZlcnJlci13aGVuLWRvd25ncmFkZSUyMiUzRSUzQyUyRmlmcmFtZSUzRQ==\u00bb css=\u00bb.vc_custom_1659537578612{margin-top: 0px !important;margin-right: 0px !important;margin-bottom: 0px !important;margin-left: 0px !important;padding-top: 0px !important;padding-right: 0px !important;padding-bottom: 0px !important;padding-left: 0px !important;}\u00bb el_class=\u00bbmap-item item-1&#8243;][vc_gmaps link=\u00bb#E-8_JTNDaWZyYW1lJTIwc3JjJTNEJTIyaHR0cHMlM0ElMkYlMkZ3d3cuZ29vZ2xlLmNvbSUyRm1hcHMlMkZlbWJlZCUzRnBiJTNEJTIxMW0xNCUyMTFtOCUyMTFtMyUyMTFkMTUxMzkuODk0Mjk5MzM4NTY2JTIxMmQtNjguODYzMTMzNCUyMTNkMTguNDM5NTA4OSUyMTNtMiUyMTFpMTAyNCUyMTJpNzY4JTIxNGYxMy4xJTIxM20zJTIxMW0yJTIxMXMweDhlYThhZDI2NWEwZTQ0NDMlMjUzQTB4NDBhNTU1MjYzZjY3MGI5MCUyMTJzQW5hdG9taWNhJTI1MjBEb21pbmljYW4lMjUyMFJlcHVibGljJTIxNWUwJTIxM20yJTIxMXN0ciUyMTJzdHIlMjE0djE2NTcwNDE5OTI3NzAlMjE1bTIlMjExc3RyJTIxMnN0ciUyMiUyMHdpZHRoJTNEJTIyMTAwJTI1JTIyJTIwaGVpZ2h0JTNEJTIyNDcwJTIyJTIwc3R5bGUlM0QlMjJib3JkZXIlM0EwJTNCJTIyJTIwYWxsb3dmdWxsc2NyZWVuJTNEJTIyJTIyJTIwbG9hZGluZyUzRCUyMmxhenklMjIlMjByZWZlcnJlcnBvbGljeSUzRCUyMm5vLXJlZmVycmVyLXdoZW4tZG93bmdyYWRlJTIyJTNFJTNDJTJGaWZyYW1lJTNF\u00bb css=\u00bb.vc_custom_1659537587136{margin-top: 0px !important;margin-right: 0px !important;margin-bottom: 0px !important;margin-left: 0px !important;padding-top: 0px !important;padding-right: 0px !important;padding-bottom: 0px !important;padding-left: 0px !important;}\u00bb el_class=\u00bbmap-item item-2 hide\u00bb][\/vc_column_inner][\/vc_row_inner][vc_row_inner css=\u00bb.vc_custom_1655039867807{margin-top: 100px !important;}\u00bb][vc_column_inner el_class=\u00bbsection-homepage-footer-contact-form-information-layout\u00bb width=\u00bb1\/2&#8243;][vc_custom_heading text=\u00bbDatos De Contacto\u00bb use_theme_fonts=\u00bbyes\u00bb el_class=\u00bbsection-homepage-footer-contact-form-information-title\u00bb][vc_column_text css=\u00bb\u00bb el_class=\u00bbsection-homepage-footer-contact-form-information-list\u00bb]<\/p> <ul> <li><a href=\"tel:+905337937151\">+90 533 793 71 51<\/a><\/li> <li>info@anatomicaclinic.com<\/li> <li> <div class=\"text\">Fulya Mah. B\u00fcy\u00fckdere Cad. No:74\/A Torun Center &#8211; Garden Office No:66 &#8211; \u015ei\u015fli\/\u0130STANBUL<\/div> <\/li> <li> <div class=\"text\">Faks<strong>:<\/strong>\u00a0+90 (212) 211 45 22<\/div> <\/li> <\/ul> <p>[\/vc_column_text][vc_column_text el_class=\u00bbsection-homepage-footer-contact-form-information-social-list\u00bb]<\/p> <ul> <li><a href=\"https:\/\/www.facebook.com\/anatomicasaglik\"><img decoding=\"async\" class=\"alignnone size-full wp-image-143\" src=\"https:\/\/www.anatomicaclinic.com\/wp-content\/uploads\/2022\/05\/facebook.png\" alt=\"\" \/><\/a><\/li> <li><a href=\"https:\/\/twitter.com\/AnatomicaTR\"><img decoding=\"async\" class=\"alignnone size-full wp-image-144\" src=\"https:\/\/www.anatomicaclinic.com\/wp-content\/uploads\/2022\/05\/twitter.png\" alt=\"\" \/><\/a><\/li> <li><a href=\"https:\/\/www.instagram.com\/anatomicaklinik\/\"><img decoding=\"async\" class=\"alignnone size-full wp-image-145\" src=\"https:\/\/www.anatomicaclinic.com\/wp-content\/uploads\/2022\/05\/instagram.png\" alt=\"\" \/><\/a><\/li> <li><a href=\"https:\/\/www.youtube.com\/c\/AnatomicaTrSaglikGrubu\"><img decoding=\"async\" class=\"alignnone size-full wp-image-146\" src=\"https:\/\/www.anatomicaclinic.com\/wp-content\/uploads\/2022\/05\/youtube.png\" alt=\"\" \/><\/a><\/li> <\/ul> <p>[\/vc_column_text][\/vc_column_inner][vc_column_inner width=\u00bb1\/2&#8243;] <div class=\"wpcf7 no-js\" id=\"wpcf7-f1889-o1\" lang=\"es-ES\" dir=\"ltr\" data-wpcf7-id=\"1889\"> <div class=\"screen-reader-response\"><p role=\"status\" aria-live=\"polite\" aria-atomic=\"true\"><\/p> <ul><\/ul><\/div> <form action=\"\/es\/wp-json\/wp\/v2\/pages\/1533#wpcf7-f1889-o1\" method=\"post\" class=\"wpcf7-form init cf7mls-no-scroll cf7mls-auto-return-first-step cf7mls-no-moving-animation\" aria-label=\"Formulario de contacto\" novalidate=\"novalidate\" data-status=\"init\"> <fieldset class=\"hidden-fields-container\"><input type=\"hidden\" name=\"_wpcf7\" value=\"1889\" \/><input type=\"hidden\" name=\"_wpcf7_version\" value=\"6.1.5\" \/><input type=\"hidden\" name=\"_wpcf7_locale\" value=\"es_ES\" \/><input type=\"hidden\" name=\"_wpcf7_unit_tag\" value=\"wpcf7-f1889-o1\" \/><input type=\"hidden\" name=\"_wpcf7_container_post\" value=\"0\" \/><input type=\"hidden\" name=\"_wpcf7_posted_data_hash\" value=\"\" \/><input type=\"hidden\" name=\"_wpcf7_recaptcha_response\" value=\"\" \/> <\/fieldset> <div id=\"homepage-footer-contact-form-layout\"> \t<div class=\"row group gutters\"> \t\t<div class=\"col span_6\"> \t\t\t<p><label><span class=\"wpcf7-form-control-wrap\" data-name=\"your-name\"><input size=\"40\" maxlength=\"400\" class=\"wpcf7-form-control wpcf7-text wpcf7-validates-as-required\" aria-required=\"true\" aria-invalid=\"false\" placeholder=\"Nombre y apellido\" value=\"\" type=\"text\" name=\"your-name\" \/><\/span><\/label> \t\t\t<\/p> \t\t<\/div> \t\t<div class=\"col span_6\"> \t\t\t<p><label><span class=\"wpcf7-form-control-wrap\" data-name=\"your-phone\"><input size=\"40\" maxlength=\"400\" class=\"wpcf7-form-control wpcf7-text wpcf7-validates-as-required\" aria-required=\"true\" aria-invalid=\"false\" placeholder=\"N\u00famero de tel\u00e9fono\" value=\"\" type=\"text\" name=\"your-phone\" \/><\/span><\/label> \t\t\t<\/p> \t\t<\/div> \t<\/div> \t<div class=\"row group gutters\"> \t\t<div class=\"col span_12\"> \t\t\t<p><label><span class=\"wpcf7-form-control-wrap\" data-name=\"your-email\"><input size=\"40\" maxlength=\"400\" class=\"wpcf7-form-control wpcf7-email wpcf7-validates-as-required wpcf7-text wpcf7-validates-as-email\" aria-required=\"true\" aria-invalid=\"false\" placeholder=\"E-Mail\" value=\"\" type=\"email\" name=\"your-email\" \/><\/span><\/label> \t\t\t<\/p> \t\t<\/div> \t<\/div> \t<div class=\"row group gutters\"> \t\t<div class=\"col span_12\"> \t\t\t<p><label><span class=\"wpcf7-form-control-wrap\" data-name=\"your-message\"><textarea cols=\"40\" rows=\"10\" maxlength=\"2000\" class=\"wpcf7-form-control wpcf7-textarea wpcf7-validates-as-required\" aria-required=\"true\" aria-invalid=\"false\" name=\"your-message\">Mensaje<\/textarea><\/span><\/label> \t\t\t<\/p> \t\t\t<p><span class=\"wpcf7-form-control-wrap\" data-name=\"your-kvkk\"><span class=\"wpcf7-form-control wpcf7-acceptance\"><span class=\"wpcf7-list-item\"><label><input type=\"checkbox\" name=\"your-kvkk\" value=\"1\" class=\"required\" aria-invalid=\"false\" \/><span class=\"wpcf7-list-item-label\">De acuerdo con el RGPD, acepto que he le\u00eddo y comprendido la Pol\u00edtica de privacidad del RGPD de Anatomica y las empresas del grupo.<\/span><\/label><\/span><\/span><\/span> \t\t\t<\/p> \t\t\t<p><span class=\"wpcf7-form-control-wrap\" data-name=\"your-kvkk2\"><span class=\"wpcf7-form-control wpcf7-acceptance\"><span class=\"wpcf7-list-item\"><label><input type=\"checkbox\" name=\"your-kvkk2\" value=\"1\" class=\"required\" aria-invalid=\"false\" \/><span class=\"wpcf7-list-item-label\">De conformidad con lo que establece la Ley N\u00b0 6563 sobre la Regulaci\u00f3n del Comercio Electr\u00f3nico y la Ley de Protecci\u00f3n de Datos Personales N\u00b0 6698, Anatomica y empresas del grupo pueden enviarme informaci\u00f3n y mensajes de marketing con contenido de audio y visual sobre campa\u00f1as y otras noticias a trav\u00e9s de correo electr\u00f3nico, tel\u00e9fono y canales de comunicaci\u00f3n similares y que mis datos personales se procesan para este prop\u00f3sito.<\/span><\/label><\/span><\/span><\/span> \t\t\t<\/p> \t\t<input class=\"wpcf7-form-control wpcf7-hidden\" value=\"Unknown\" type=\"hidden\" name=\"your-country\" \/> \t\t<input class=\"wpcf7-form-control wpcf7-hidden\" value=\"\" type=\"hidden\" name=\"utm_campaign\" \/> \t\t<input class=\"wpcf7-form-control wpcf7-hidden\" value=\"\" type=\"hidden\" name=\"utm_source\" \/> \t\t<input class=\"wpcf7-form-control wpcf7-hidden\" value=\"\" type=\"hidden\" name=\"utm_medium\" \/> \t\t<input class=\"wpcf7-form-control wpcf7-hidden\" value=\"\" type=\"hidden\" name=\"utm_term\" \/> \t\t<input class=\"wpcf7-form-control wpcf7-hidden\" value=\"\" type=\"hidden\" name=\"utm_content\" \/> \t\t<input class=\"wpcf7-form-control wpcf7-hidden\" value=\"\" type=\"hidden\" name=\"gclid\" \/> \t\t\t<p><input class=\"wpcf7-form-control wpcf7-submit has-spinner\" type=\"submit\" value=\"Enviar\" \/> \t\t\t<\/p> \t\t<\/div> \t<\/div> <\/div><div class=\"wpcf7-response-output\" aria-hidden=\"true\"><\/div> <\/form> <\/div> [\/vc_column_inner][\/vc_row_inner][\/vc_column][\/vc_row][\/vc_section]<\/p> <\/div>","protected":false},"excerpt":{"rendered":"[vc_section el_id=\u00bbsection-branches-page\u00bb][vc_row el_class=\u00bbcontainer_1200&#8243;][vc_column][vc_custom_heading text=\u00bbCl\u00ednicas\u00bb use_theme_fonts=\u00bbyes\u00bb el_class=\u00bbsection-branches-page-text-title\u00bb][vc_row_inner el_class=\u00bbsection-branches-page-items\u00bb][vc_column_inner el_class=\u00bbsection-branches-page-item\u00bb width=\u00bb1\/2&#8243;][vc_custom_heading text=\u00bbTurquia\/Istanbul\u00bb use_theme_fonts=\u00bbyes\u00bb el_class=\u00bbsection-branches-page-item-title\u00bb][vc_single_image image=\u00bb6961&#8243; img_size=\u00bbfull\u00bb el_class=\u00bbsection-branches-page-item-img\u00bb][vc_column_text css=\u00bb.vc_custom_1759239999731{margin-top: 10px !important;}\u00bb el_class=\u00bbsection-branches-page-country-text turkey\u00bb]TURQUIA: Fundada en el a\u00f1o 2000, Anatomica llega cada d\u00eda a m\u00e1s personas con los servicios profesionales que ofrece en los campos de la salud y la belleza. Nuestra cl\u00ednica brinda servicios en trasplante de cabello&#8230; <a class=\"view-article\" href=\"https:\/\/www.anatomicaclinic.com\/es\/swiper_js_slides\/subelerimizden-kareler\/\">Ver art\u00edculo<\/a>","protected":false},"author":1,"featured_media":0,"parent":0,"menu_order":0,"comment_status":"closed","ping_status":"closed","template":"","meta":{"footnotes":""},"class_list":["post-1533","page","type-page","status-publish","hentry"],"yoast_head":"<!-- This site is optimized with the Yoast SEO plugin v27.0 - https:\/\/yoast.com\/product\/yoast-seo-wordpress\/ -->\n<title>Cl\u00ednicas - Anatomica Cl\u00ednica<\/title>\n<meta name=\"description\" content=\"Cl\u00ednicas - Anatomica Cl\u00ednica\" \/>\n<meta name=\"robots\" content=\"index, follow, max-snippet:-1, max-image-preview:large, max-video-preview:-1\" \/>\n<link rel=\"canonical\" href=\"https:\/\/www.anatomicaclinic.com\/es\/?page_id=1533\" \/>\n<meta property=\"og:locale\" content=\"es_ES\" \/>\n<meta property=\"og:type\" content=\"article\" \/>\n<meta property=\"og:title\" content=\"Cl\u00ednicas - Anatomica Cl\u00ednica\" \/>\n<meta property=\"og:description\" content=\"Cl\u00ednicas - Anatomica Cl\u00ednica\" \/>\n<meta property=\"og:url\" content=\"https:\/\/www.anatomicaclinic.com\/es\/?page_id=1533\" \/>\n<meta property=\"og:site_name\" content=\"Anatomica Cl\u00ednica\" \/>\n<meta property=\"article:publisher\" content=\"https:\/\/www.facebook.com\/anatomicadominican\" \/>\n<meta property=\"article:modified_time\" content=\"2026-02-11T11:45:17+00:00\" \/>\n<meta property=\"og:image\" content=\"https:\/\/www.anatomicaclinic.com\/wp-content\/uploads\/2022\/05\/facebook.png\" \/>\n<meta name=\"twitter:card\" content=\"summary_large_image\" \/>\n<meta name=\"twitter:label1\" content=\"Tiempo de lectura\" \/>\n\t<meta name=\"twitter:data1\" content=\"3 minutos\" \/>\n<script type=\"application\/ld+json\" class=\"yoast-schema-graph\">{\"@context\":\"https:\/\/schema.org\",\"@graph\":[{\"@type\":\"WebPage\",\"@id\":\"https:\/\/www.anatomicaclinic.com\/es\/?page_id=1533\",\"url\":\"https:\/\/www.anatomicaclinic.com\/es\/?page_id=1533\",\"name\":\"Cl\u00ednicas - Anatomica Cl\u00ednica\",\"isPartOf\":{\"@id\":\"https:\/\/www.anatomicaclinic.com\/#website\"},\"primaryImageOfPage\":{\"@id\":\"https:\/\/www.anatomicaclinic.com\/es\/?page_id=1533#primaryimage\"},\"image\":{\"@id\":\"https:\/\/www.anatomicaclinic.com\/es\/?page_id=1533#primaryimage\"},\"thumbnailUrl\":\"https:\/\/www.anatomicaclinic.com\/wp-content\/uploads\/2022\/05\/facebook.png\",\"datePublished\":\"2022-06-12T11:56:33+00:00\",\"dateModified\":\"2026-02-11T11:45:17+00:00\",\"description\":\"Cl\u00ednicas - Anatomica Cl\u00ednica\",\"breadcrumb\":{\"@id\":\"https:\/\/www.anatomicaclinic.com\/es\/?page_id=1533#breadcrumb\"},\"inLanguage\":\"es\",\"potentialAction\":[{\"@type\":\"ReadAction\",\"target\":[\"https:\/\/www.anatomicaclinic.com\/es\/?page_id=1533\"]}]},{\"@type\":\"ImageObject\",\"inLanguage\":\"es\",\"@id\":\"https:\/\/www.anatomicaclinic.com\/es\/?page_id=1533#primaryimage\",\"url\":\"https:\/\/www.anatomicaclinic.com\/wp-content\/uploads\/2022\/05\/facebook.png\",\"contentUrl\":\"https:\/\/www.anatomicaclinic.com\/wp-content\/uploads\/2022\/05\/facebook.png\"},{\"@type\":\"BreadcrumbList\",\"@id\":\"https:\/\/www.anatomicaclinic.com\/es\/?page_id=1533#breadcrumb\",\"itemListElement\":[{\"@type\":\"ListItem\",\"position\":1,\"name\":\"Anasayfa\",\"item\":\"https:\/\/www.anatomicaclinic.com\/es\/\"},{\"@type\":\"ListItem\",\"position\":2,\"name\":\"Cl\u00ednicas\"}]},{\"@type\":\"WebSite\",\"@id\":\"https:\/\/www.anatomicaclinic.com\/#website\",\"url\":\"https:\/\/www.anatomicaclinic.com\/\",\"name\":\"Anatomica Clinic\",\"description\":\"Anatomica\",\"publisher\":{\"@id\":\"https:\/\/www.anatomicaclinic.com\/#organization\"},\"alternateName\":\"Anatomica Clinic International\",\"potentialAction\":[{\"@type\":\"SearchAction\",\"target\":{\"@type\":\"EntryPoint\",\"urlTemplate\":\"https:\/\/www.anatomicaclinic.com\/?s={search_term_string}\"},\"query-input\":{\"@type\":\"PropertyValueSpecification\",\"valueRequired\":true,\"valueName\":\"search_term_string\"}}],\"inLanguage\":\"es\"},{\"@type\":\"Organization\",\"@id\":\"https:\/\/www.anatomicaclinic.com\/#organization\",\"name\":\"Anatomica Clinic Dominicana\",\"url\":\"https:\/\/www.anatomicaclinic.com\/\",\"logo\":{\"@type\":\"ImageObject\",\"inLanguage\":\"es\",\"@id\":\"https:\/\/www.anatomicaclinic.com\/#\/schema\/logo\/image\/\",\"url\":\"https:\/\/www.anatomicaclinic.com\/wp-content\/uploads\/2023\/11\/8aa015e1-a0cd-4d48-b1d5-c9598cbdad99.jpg\",\"contentUrl\":\"https:\/\/www.anatomicaclinic.com\/wp-content\/uploads\/2023\/11\/8aa015e1-a0cd-4d48-b1d5-c9598cbdad99.jpg\",\"width\":1600,\"height\":1600,\"caption\":\"Anatomica Clinic Dominicana\"},\"image\":{\"@id\":\"https:\/\/www.anatomicaclinic.com\/#\/schema\/logo\/image\/\"},\"sameAs\":[\"https:\/\/www.facebook.com\/anatomicadominican\",\"https:\/\/instagram.com\/anatomicadominican\"]}]}<\/script>\n<!-- \/ Yoast SEO plugin. -->","yoast_head_json":{"title":"Cl\u00ednicas - Anatomica Cl\u00ednica","description":"Cl\u00ednicas - Anatomica Cl\u00ednica","robots":{"index":"index","follow":"follow","max-snippet":"max-snippet:-1","max-image-preview":"max-image-preview:large","max-video-preview":"max-video-preview:-1"},"canonical":"https:\/\/www.anatomicaclinic.com\/es\/?page_id=1533","og_locale":"es_ES","og_type":"article","og_title":"Cl\u00ednicas - Anatomica Cl\u00ednica","og_description":"Cl\u00ednicas - Anatomica Cl\u00ednica","og_url":"https:\/\/www.anatomicaclinic.com\/es\/?page_id=1533","og_site_name":"Anatomica Cl\u00ednica","article_publisher":"https:\/\/www.facebook.com\/anatomicadominican","article_modified_time":"2026-02-11T11:45:17+00:00","og_image":[{"url":"https:\/\/www.anatomicaclinic.com\/wp-content\/uploads\/2022\/05\/facebook.png","type":"","width":"","height":""}],"twitter_card":"summary_large_image","twitter_misc":{"Tiempo de lectura":"3 minutos"},"schema":{"@context":"https:\/\/schema.org","@graph":[{"@type":"WebPage","@id":"https:\/\/www.anatomicaclinic.com\/es\/?page_id=1533","url":"https:\/\/www.anatomicaclinic.com\/es\/?page_id=1533","name":"Cl\u00ednicas - Anatomica Cl\u00ednica","isPartOf":{"@id":"https:\/\/www.anatomicaclinic.com\/#website"},"primaryImageOfPage":{"@id":"https:\/\/www.anatomicaclinic.com\/es\/?page_id=1533#primaryimage"},"image":{"@id":"https:\/\/www.anatomicaclinic.com\/es\/?page_id=1533#primaryimage"},"thumbnailUrl":"https:\/\/www.anatomicaclinic.com\/wp-content\/uploads\/2022\/05\/facebook.png","datePublished":"2022-06-12T11:56:33+00:00","dateModified":"2026-02-11T11:45:17+00:00","description":"Cl\u00ednicas - Anatomica Cl\u00ednica","breadcrumb":{"@id":"https:\/\/www.anatomicaclinic.com\/es\/?page_id=1533#breadcrumb"},"inLanguage":"es","potentialAction":[{"@type":"ReadAction","target":["https:\/\/www.anatomicaclinic.com\/es\/?page_id=1533"]}]},{"@type":"ImageObject","inLanguage":"es","@id":"https:\/\/www.anatomicaclinic.com\/es\/?page_id=1533#primaryimage","url":"https:\/\/www.anatomicaclinic.com\/wp-content\/uploads\/2022\/05\/facebook.png","contentUrl":"https:\/\/www.anatomicaclinic.com\/wp-content\/uploads\/2022\/05\/facebook.png"},{"@type":"BreadcrumbList","@id":"https:\/\/www.anatomicaclinic.com\/es\/?page_id=1533#breadcrumb","itemListElement":[{"@type":"ListItem","position":1,"name":"Anasayfa","item":"https:\/\/www.anatomicaclinic.com\/es\/"},{"@type":"ListItem","position":2,"name":"Cl\u00ednicas"}]},{"@type":"WebSite","@id":"https:\/\/www.anatomicaclinic.com\/#website","url":"https:\/\/www.anatomicaclinic.com\/","name":"Anatomica Clinic","description":"Anatomica","publisher":{"@id":"https:\/\/www.anatomicaclinic.com\/#organization"},"alternateName":"Anatomica Clinic International","potentialAction":[{"@type":"SearchAction","target":{"@type":"EntryPoint","urlTemplate":"https:\/\/www.anatomicaclinic.com\/?s={search_term_string}"},"query-input":{"@type":"PropertyValueSpecification","valueRequired":true,"valueName":"search_term_string"}}],"inLanguage":"es"},{"@type":"Organization","@id":"https:\/\/www.anatomicaclinic.com\/#organization","name":"Anatomica Clinic Dominicana","url":"https:\/\/www.anatomicaclinic.com\/","logo":{"@type":"ImageObject","inLanguage":"es","@id":"https:\/\/www.anatomicaclinic.com\/#\/schema\/logo\/image\/","url":"https:\/\/www.anatomicaclinic.com\/wp-content\/uploads\/2023\/11\/8aa015e1-a0cd-4d48-b1d5-c9598cbdad99.jpg","contentUrl":"https:\/\/www.anatomicaclinic.com\/wp-content\/uploads\/2023\/11\/8aa015e1-a0cd-4d48-b1d5-c9598cbdad99.jpg","width":1600,"height":1600,"caption":"Anatomica Clinic Dominicana"},"image":{"@id":"https:\/\/www.anatomicaclinic.com\/#\/schema\/logo\/image\/"},"sameAs":["https:\/\/www.facebook.com\/anatomicadominican","https:\/\/instagram.com\/anatomicadominican"]}]}},"_links":{"self":[{"href":"https:\/\/www.anatomicaclinic.com\/es\/wp-json\/wp\/v2\/pages\/1533","targetHints":{"allow":["GET"]}}],"collection":[{"href":"https:\/\/www.anatomicaclinic.com\/es\/wp-json\/wp\/v2\/pages"}],"about":[{"href":"https:\/\/www.anatomicaclinic.com\/es\/wp-json\/wp\/v2\/types\/page"}],"author":[{"embeddable":true,"href":"https:\/\/www.anatomicaclinic.com\/es\/wp-json\/wp\/v2\/users\/1"}],"replies":[{"embeddable":true,"href":"https:\/\/www.anatomicaclinic.com\/es\/wp-json\/wp\/v2\/comments?post=1533"}],"version-history":[{"count":1,"href":"https:\/\/www.anatomicaclinic.com\/es\/wp-json\/wp\/v2\/pages\/1533\/revisions"}],"predecessor-version":[{"id":8477,"href":"https:\/\/www.anatomicaclinic.com\/es\/wp-json\/wp\/v2\/pages\/1533\/revisions\/8477"}],"wp:attachment":[{"href":"https:\/\/www.anatomicaclinic.com\/es\/wp-json\/wp\/v2\/media?parent=1533"}],"curies":[{"name":"wp","href":"https:\/\/api.w.org\/{rel}","templated":true}]}}