{"id":1550,"date":"2022-06-19T18:59:51","date_gmt":"2022-06-19T18:59:51","guid":{"rendered":"https:\/\/www.anatomicaclinic.com\/tratamientos-dentales\/porselen-inlay-onlay\/"},"modified":"2026-02-11T11:45:17","modified_gmt":"2026-02-11T11:45:17","slug":"inlaysy-onlays-de-porcelana","status":"publish","type":"page","link":"https:\/\/www.anatomicaclinic.com\/es\/tratamientos-dentales\/inlaysy-onlays-de-porcelana\/","title":{"rendered":"Inlays y Onlays de Porcelana"},"content":{"rendered":"<div class=\"wpb-content-wrapper\"><p>[vc_section][vc_row el_class=\u00bbcontainer_1200&#8243;][vc_column][vc_row_inner][vc_column_inner][vc_custom_heading text=\u00bbInlays y Onlays de Porcelana\u00bb font_container=\u00bbtag:h2|font_size:48|text_align:center\u00bb use_theme_fonts=\u00bbyes\u00bb el_class=\u00bbsingle-page-h2&#8243;][\/vc_column_inner][\/vc_row_inner][vc_row_inner][vc_column_inner][vc_column_text]La odontolog\u00eda cosm\u00e9tica moderna nos ha brindado avances en tecnolog\u00eda para ayudar a crear empastes personalizados para abordar los problemas estructurales de los dientes. Las incrustaciones y onlays de porcelana son empastes de aspecto natural que ayudan a reparar la superficie de los dientes para que sean m\u00e1s fuertes y ayuden a prevenir futuros problemas dentales.<\/p> <p>Tanto las incrustaciones como las incrustaciones de porcelana son excelentes para los dientes con caries que requieren una reparaci\u00f3n menos extensa que una corona dental pero que son lo suficientemente graves como para necesitar algo m\u00e1s de apoyo que un empaste dental. Tambi\u00e9n son ideales para dientes que tienen peque\u00f1as grietas o fracturas que requieren restauraci\u00f3n. Los inlays y onlays de porcelana son una opci\u00f3n conservadora que asegura la conservaci\u00f3n de la m\u00e1xima cantidad de su propio diente.<\/p> <p>Si bien las incrustaciones y las incrustaciones de porcelana generalmente tienen el mismo prop\u00f3sito, existen distinciones sutiles entre las dos, que son:[\/vc_column_text][\/vc_column_inner][\/vc_row_inner][vc_row_inner][vc_column_inner width=\u00bb1\/3&#8243;][vc_single_image image=\u00bb1096&#8243; img_size=\u00bbfull\u00bb][\/vc_column_inner][vc_column_inner width=\u00bb2\/3&#8243;][vc_column_text]<strong>Incrustaciones de porcelana: <\/strong>Las incrustaciones se colocan en el centro de un diente y se adhieren a \u00e9l. Se usan con mayor frecuencia para dientes cariados o da\u00f1ados donde las \u00e1reas problem\u00e1ticas son poco profundas pero anchas y cerca de las superficies externas del diente.<\/p> <p><strong>Onlays de porcelana: <\/strong>los onlays pueden ser necesarios cuando un empaste grande anterior ha fallado y necesita ser reemplazado o si hay una gran cavidad que necesita ser reparada. Los onlays tambi\u00e9n se pueden usar para reparar da\u00f1os en varias c\u00faspides.<\/p> <p>Cada opci\u00f3n es \u00fatil al brindar m\u00e1s soporte a la estructura dental restante y minimizar las posibilidades de que eventualmente necesite un tratamiento adicional, como coronas dentales, puentes o implantes.<\/p> <p><strong>\u00bfEn qu\u00e9 se diferencian los inlays y onlays de los empastes y las coronas?<\/strong><\/p> <p>Los empastes dentales se utilizan para tratar las caries en casi cualquier superficie dental. Las coronas dentales se colocan sobre dientes debilitados por caries o traumatismos. Las incrustaciones abordan las caries entre las c\u00faspides de los dientes. Los onlays abordan las caries sobre y en las c\u00faspides de los dientes. Hay aplicaciones cruzadas entre todos estos servicios de restauraci\u00f3n, pero cada uno est\u00e1 dise\u00f1ado espec\u00edficamente para un prop\u00f3sito diferente.[\/vc_column_text][\/vc_column_inner][\/vc_row_inner][vc_row_inner][vc_column_inner width=\u00bb2\/3&#8243;][vc_column_text]<strong>Ventajas de los Inlays y Onlays de Porcelana<\/strong><\/p> <p>Como se mencion\u00f3 anteriormente, las incrustaciones y onlays de porcelana son una excelente soluci\u00f3n cuando sus dientes necesitan restauraciones intermedias. Ofrecen muchas ventajas, entre ellas:<\/p> <p>Ajuste personalizado: las incrustaciones inlay y onlay requieren una preparaci\u00f3n m\u00ednima y preservan la mayor cantidad posible de su diente. Mediante el uso de impresiones de su diente existente, se crea un molde que se ajustar\u00e1 perfectamente a su diente.<\/p> <p><strong>Aspecto natural:<\/strong> la porcelana utilizada coincide con el color de su diente existente y es poco probable que se desvanezca con el tiempo como lo hacen los empastes de resina.<\/p> <p><strong>F\u00e1cil limpieza:<\/strong> debido a su ajuste preciso, las incrustaciones y los recubrimientos son como los dientes naturales, aunque tambi\u00e9n son menos voluminosos que las coronas dentales, lo que hace que el cepillado y el uso de hilo dental sean un proceso f\u00e1cil. Tambi\u00e9n son resistentes a las manchas.<\/p> <p><strong>Sensaci\u00f3n natural:<\/strong> cuando se fabrican correctamente, se sienten y funcionan igual que sus dientes naturales.<\/p> <p><strong>Fuerza:<\/strong> Una vez adheridos a su diente, los insertos de porcelana agregan fuerza y \u200b\u200bsoporte al diente da\u00f1ado.<\/p> <p><strong>Larga duraci\u00f3n:<\/strong> el material de porcelana es bastante duradero y est\u00e1 hecho para durar mucho tiempo.<\/p> <p><strong>Seguro:<\/strong> el material de porcelana no se contrae ni se expande con alimentos y bebidas fr\u00edos o calientes, lo que significa que no le romper\u00e1n los dientes.[\/vc_column_text][\/vc_column_inner][vc_column_inner width=\u00bb1\/3&#8243;][vc_single_image image=\u00bb1098&#8243; img_size=\u00bbfull\u00bb][\/vc_column_inner][\/vc_row_inner][\/vc_column][\/vc_row][\/vc_section]<\/p> <\/div>","protected":false},"excerpt":{"rendered":"[vc_section][vc_row el_class=\u00bbcontainer_1200&#8243;][vc_column][vc_row_inner][vc_column_inner][vc_custom_heading text=\u00bbInlays y Onlays de Porcelana\u00bb font_container=\u00bbtag:h2|font_size:48|text_align:center\u00bb use_theme_fonts=\u00bbyes\u00bb el_class=\u00bbsingle-page-h2&#8243;][\/vc_column_inner][\/vc_row_inner][vc_row_inner][vc_column_inner][vc_column_text]La odontolog\u00eda cosm\u00e9tica moderna nos ha brindado avances en tecnolog\u00eda para ayudar a crear empastes personalizados para abordar los problemas estructurales de los dientes. Las incrustaciones y onlays de porcelana son empastes de aspecto natural que ayudan a reparar la superficie de los dientes para que&#8230; <a class=\"view-article\" href=\"https:\/\/www.anatomicaclinic.com\/es\/tratamientos-dentales\/inlaysy-onlays-de-porcelana\/\">Ver art\u00edculo<\/a>","protected":false},"author":10,"featured_media":0,"parent":1458,"menu_order":0,"comment_status":"closed","ping_status":"closed","template":"","meta":{"footnotes":""},"class_list":["post-1550","page","type-page","status-publish","hentry"],"yoast_head":"<!-- This site is optimized with the Yoast SEO plugin v27.0 - https:\/\/yoast.com\/product\/yoast-seo-wordpress\/ -->\n<title>Inlays y Onlays de Porcelana - Anatomica Cl\u00ednica<\/title>\n<meta name=\"description\" content=\"Inlays y Onlays de Porcelana - Anatomica Cl\u00ednica\" \/>\n<meta name=\"robots\" content=\"index, follow, max-snippet:-1, max-image-preview:large, max-video-preview:-1\" \/>\n<link rel=\"canonical\" href=\"https:\/\/www.anatomicaclinic.com\/es\/?page_id=1550\" \/>\n<meta property=\"og:locale\" content=\"es_ES\" \/>\n<meta property=\"og:type\" content=\"article\" \/>\n<meta property=\"og:title\" content=\"Inlays y Onlays de Porcelana - Anatomica Cl\u00ednica\" \/>\n<meta property=\"og:description\" content=\"Inlays y Onlays de Porcelana - Anatomica Cl\u00ednica\" \/>\n<meta property=\"og:url\" content=\"https:\/\/www.anatomicaclinic.com\/es\/?page_id=1550\" \/>\n<meta property=\"og:site_name\" content=\"Anatomica Cl\u00ednica\" \/>\n<meta property=\"article:publisher\" content=\"https:\/\/www.facebook.com\/anatomicadominican\" \/>\n<meta property=\"article:modified_time\" content=\"2026-02-11T11:45:17+00:00\" \/>\n<meta name=\"twitter:card\" content=\"summary_large_image\" \/>\n<meta name=\"twitter:label1\" content=\"Tiempo de lectura\" \/>\n\t<meta name=\"twitter:data1\" content=\"4 minutos\" \/>\n<script type=\"application\/ld+json\" class=\"yoast-schema-graph\">{\"@context\":\"https:\/\/schema.org\",\"@graph\":[{\"@type\":\"WebPage\",\"@id\":\"https:\/\/www.anatomicaclinic.com\/es\/?page_id=1550\",\"url\":\"https:\/\/www.anatomicaclinic.com\/es\/?page_id=1550\",\"name\":\"Inlays y Onlays de Porcelana - Anatomica Cl\u00ednica\",\"isPartOf\":{\"@id\":\"https:\/\/www.anatomicaclinic.com\/#website\"},\"datePublished\":\"2022-06-19T18:59:51+00:00\",\"dateModified\":\"2026-02-11T11:45:17+00:00\",\"description\":\"Inlays y Onlays de Porcelana - Anatomica Cl\u00ednica\",\"breadcrumb\":{\"@id\":\"https:\/\/www.anatomicaclinic.com\/es\/?page_id=1550#breadcrumb\"},\"inLanguage\":\"es\",\"potentialAction\":[{\"@type\":\"ReadAction\",\"target\":[\"https:\/\/www.anatomicaclinic.com\/es\/?page_id=1550\"]}]},{\"@type\":\"BreadcrumbList\",\"@id\":\"https:\/\/www.anatomicaclinic.com\/es\/?page_id=1550#breadcrumb\",\"itemListElement\":[{\"@type\":\"ListItem\",\"position\":1,\"name\":\"Anasayfa\",\"item\":\"https:\/\/www.anatomicaclinic.com\/es\/\"},{\"@type\":\"ListItem\",\"position\":2,\"name\":\"Tratamientos Dentales\",\"item\":\"https:\/\/www.anatomicaclinic.com\/es\/?page_id=1458\"},{\"@type\":\"ListItem\",\"position\":3,\"name\":\"Inlays y Onlays de Porcelana\"}]},{\"@type\":\"WebSite\",\"@id\":\"https:\/\/www.anatomicaclinic.com\/#website\",\"url\":\"https:\/\/www.anatomicaclinic.com\/\",\"name\":\"Anatomica Clinic\",\"description\":\"Anatomica\",\"publisher\":{\"@id\":\"https:\/\/www.anatomicaclinic.com\/#organization\"},\"alternateName\":\"Anatomica Clinic International\",\"potentialAction\":[{\"@type\":\"SearchAction\",\"target\":{\"@type\":\"EntryPoint\",\"urlTemplate\":\"https:\/\/www.anatomicaclinic.com\/?s={search_term_string}\"},\"query-input\":{\"@type\":\"PropertyValueSpecification\",\"valueRequired\":true,\"valueName\":\"search_term_string\"}}],\"inLanguage\":\"es\"},{\"@type\":\"Organization\",\"@id\":\"https:\/\/www.anatomicaclinic.com\/#organization\",\"name\":\"Anatomica Clinic Dominicana\",\"url\":\"https:\/\/www.anatomicaclinic.com\/\",\"logo\":{\"@type\":\"ImageObject\",\"inLanguage\":\"es\",\"@id\":\"https:\/\/www.anatomicaclinic.com\/#\/schema\/logo\/image\/\",\"url\":\"https:\/\/www.anatomicaclinic.com\/wp-content\/uploads\/2023\/11\/8aa015e1-a0cd-4d48-b1d5-c9598cbdad99.jpg\",\"contentUrl\":\"https:\/\/www.anatomicaclinic.com\/wp-content\/uploads\/2023\/11\/8aa015e1-a0cd-4d48-b1d5-c9598cbdad99.jpg\",\"width\":1600,\"height\":1600,\"caption\":\"Anatomica Clinic Dominicana\"},\"image\":{\"@id\":\"https:\/\/www.anatomicaclinic.com\/#\/schema\/logo\/image\/\"},\"sameAs\":[\"https:\/\/www.facebook.com\/anatomicadominican\",\"https:\/\/instagram.com\/anatomicadominican\"]}]}<\/script>\n<!-- \/ Yoast SEO plugin. -->","yoast_head_json":{"title":"Inlays y Onlays de Porcelana - Anatomica Cl\u00ednica","description":"Inlays y Onlays de Porcelana - Anatomica Cl\u00ednica","robots":{"index":"index","follow":"follow","max-snippet":"max-snippet:-1","max-image-preview":"max-image-preview:large","max-video-preview":"max-video-preview:-1"},"canonical":"https:\/\/www.anatomicaclinic.com\/es\/?page_id=1550","og_locale":"es_ES","og_type":"article","og_title":"Inlays y Onlays de Porcelana - Anatomica Cl\u00ednica","og_description":"Inlays y Onlays de Porcelana - Anatomica Cl\u00ednica","og_url":"https:\/\/www.anatomicaclinic.com\/es\/?page_id=1550","og_site_name":"Anatomica Cl\u00ednica","article_publisher":"https:\/\/www.facebook.com\/anatomicadominican","article_modified_time":"2026-02-11T11:45:17+00:00","twitter_card":"summary_large_image","twitter_misc":{"Tiempo de lectura":"4 minutos"},"schema":{"@context":"https:\/\/schema.org","@graph":[{"@type":"WebPage","@id":"https:\/\/www.anatomicaclinic.com\/es\/?page_id=1550","url":"https:\/\/www.anatomicaclinic.com\/es\/?page_id=1550","name":"Inlays y Onlays de Porcelana - Anatomica Cl\u00ednica","isPartOf":{"@id":"https:\/\/www.anatomicaclinic.com\/#website"},"datePublished":"2022-06-19T18:59:51+00:00","dateModified":"2026-02-11T11:45:17+00:00","description":"Inlays y Onlays de Porcelana - Anatomica Cl\u00ednica","breadcrumb":{"@id":"https:\/\/www.anatomicaclinic.com\/es\/?page_id=1550#breadcrumb"},"inLanguage":"es","potentialAction":[{"@type":"ReadAction","target":["https:\/\/www.anatomicaclinic.com\/es\/?page_id=1550"]}]},{"@type":"BreadcrumbList","@id":"https:\/\/www.anatomicaclinic.com\/es\/?page_id=1550#breadcrumb","itemListElement":[{"@type":"ListItem","position":1,"name":"Anasayfa","item":"https:\/\/www.anatomicaclinic.com\/es\/"},{"@type":"ListItem","position":2,"name":"Tratamientos Dentales","item":"https:\/\/www.anatomicaclinic.com\/es\/?page_id=1458"},{"@type":"ListItem","position":3,"name":"Inlays y Onlays de Porcelana"}]},{"@type":"WebSite","@id":"https:\/\/www.anatomicaclinic.com\/#website","url":"https:\/\/www.anatomicaclinic.com\/","name":"Anatomica Clinic","description":"Anatomica","publisher":{"@id":"https:\/\/www.anatomicaclinic.com\/#organization"},"alternateName":"Anatomica Clinic International","potentialAction":[{"@type":"SearchAction","target":{"@type":"EntryPoint","urlTemplate":"https:\/\/www.anatomicaclinic.com\/?s={search_term_string}"},"query-input":{"@type":"PropertyValueSpecification","valueRequired":true,"valueName":"search_term_string"}}],"inLanguage":"es"},{"@type":"Organization","@id":"https:\/\/www.anatomicaclinic.com\/#organization","name":"Anatomica Clinic Dominicana","url":"https:\/\/www.anatomicaclinic.com\/","logo":{"@type":"ImageObject","inLanguage":"es","@id":"https:\/\/www.anatomicaclinic.com\/#\/schema\/logo\/image\/","url":"https:\/\/www.anatomicaclinic.com\/wp-content\/uploads\/2023\/11\/8aa015e1-a0cd-4d48-b1d5-c9598cbdad99.jpg","contentUrl":"https:\/\/www.anatomicaclinic.com\/wp-content\/uploads\/2023\/11\/8aa015e1-a0cd-4d48-b1d5-c9598cbdad99.jpg","width":1600,"height":1600,"caption":"Anatomica Clinic Dominicana"},"image":{"@id":"https:\/\/www.anatomicaclinic.com\/#\/schema\/logo\/image\/"},"sameAs":["https:\/\/www.facebook.com\/anatomicadominican","https:\/\/instagram.com\/anatomicadominican"]}]}},"_links":{"self":[{"href":"https:\/\/www.anatomicaclinic.com\/es\/wp-json\/wp\/v2\/pages\/1550","targetHints":{"allow":["GET"]}}],"collection":[{"href":"https:\/\/www.anatomicaclinic.com\/es\/wp-json\/wp\/v2\/pages"}],"about":[{"href":"https:\/\/www.anatomicaclinic.com\/es\/wp-json\/wp\/v2\/types\/page"}],"author":[{"embeddable":true,"href":"https:\/\/www.anatomicaclinic.com\/es\/wp-json\/wp\/v2\/users\/10"}],"replies":[{"embeddable":true,"href":"https:\/\/www.anatomicaclinic.com\/es\/wp-json\/wp\/v2\/comments?post=1550"}],"version-history":[{"count":1,"href":"https:\/\/www.anatomicaclinic.com\/es\/wp-json\/wp\/v2\/pages\/1550\/revisions"}],"predecessor-version":[{"id":8682,"href":"https:\/\/www.anatomicaclinic.com\/es\/wp-json\/wp\/v2\/pages\/1550\/revisions\/8682"}],"up":[{"embeddable":true,"href":"https:\/\/www.anatomicaclinic.com\/es\/wp-json\/wp\/v2\/pages\/1458"}],"wp:attachment":[{"href":"https:\/\/www.anatomicaclinic.com\/es\/wp-json\/wp\/v2\/media?parent=1550"}],"curies":[{"name":"wp","href":"https:\/\/api.w.org\/{rel}","templated":true}]}}