{"id":1561,"date":"2022-06-19T19:00:31","date_gmt":"2022-06-19T19:00:31","guid":{"rendered":"https:\/\/www.anatomicaclinic.com\/tratamientos-dentales\/mine-sekillendirme\/"},"modified":"2026-02-11T11:45:17","modified_gmt":"2026-02-11T11:45:17","slug":"contorno-de-esmaltey-remodelacion-de-dientes","status":"publish","type":"page","link":"https:\/\/www.anatomicaclinic.com\/es\/tratamientos-dentales\/contorno-de-esmaltey-remodelacion-de-dientes\/","title":{"rendered":"Contorno de esmalte y remodelaci\u00f3n de dientes"},"content":{"rendered":"<div class=\"wpb-content-wrapper\"><p>[vc_section][vc_row el_class=\u00bbcontainer_1200&#8243;][vc_column][vc_row_inner][vc_column_inner][vc_custom_heading text=\u00bbContorno de esmalte y remodelaci\u00f3n de dientes\u00bb font_container=\u00bbtag:h2|font_size:48|text_align:center\u00bb use_theme_fonts=\u00bbyes\u00bb el_class=\u00bbsingle-page-h2&#8243;][\/vc_column_inner][\/vc_row_inner][vc_row_inner][vc_column_inner][vc_column_text]Los dientes deformes o que no coinciden pueden tener un aspecto poco atractivo que puede impedirle sonre\u00edr tanto como deber\u00eda. El contorneado del esmalte es un procedimiento dental cosm\u00e9tico que remodela el esmalte dental para corregir imperfecciones menores y mejorar la apariencia general de los dientes. En algunos casos, los procedimientos de contorneado del esmalte tambi\u00e9n se pueden usar en coordinaci\u00f3n con la uni\u00f3n cosm\u00e9tica para dar forma a los dientes. El contorno de esmalte puede ser adecuado para usted:[\/vc_column_text][\/vc_column_inner][\/vc_row_inner][vc_row_inner][vc_column_inner width=\u00bb1\/3&#8243;][vc_single_image image=\u00bb1126&#8243; img_size=\u00bbfull\u00bb][\/vc_column_inner][vc_column_inner width=\u00bb2\/3&#8243;][vc_column_text]<strong>Si tienes dientes largos<\/strong><\/p> <p>Si sus dientes parecen ser m\u00e1s largos de lo normal, se puede usar el contorneado del esmalte para reducir la longitud. Sin embargo, los dientes que parecen ser m\u00e1s largos de lo normal tambi\u00e9n pueden ser un signo de recesi\u00f3n de las enc\u00edas causada por una enfermedad de las enc\u00edas. Por lo tanto, su dentista primero deber\u00e1 determinar la causa antes de continuar con el tratamiento.<\/p> <p><strong>Si Tus dientes son desiguales<\/strong><\/p> <p>El contorno del esmalte es ideal para las personas que tienen dientes de tama\u00f1o desigual. Cuando hay varios dientes con diferentes tama\u00f1os, algunos dientes pueden tener una longitud reducida mientras que a otros se les puede agregar un material compuesto. El resultado final es una l\u00ednea uniforme de dientes de tama\u00f1o adecuado.<\/p> <p><strong>Si tienes imperfecciones menores<\/strong><\/p> <p>El contorneado de esmalte es ideal para hacer ajustes menores a la forma y longitud de los dientes. Esto se debe a que su dentista tiene una cantidad limitada de esmalte que puede eliminar. Desafortunadamente, quitar demasiado esmalte dental puede debilitar los dientes y hacerlos m\u00e1s susceptibles a las caries. Por esta raz\u00f3n, las imperfecciones m\u00e1s severas pueden requerir un enfoque diferente, como las carillas.<\/p> <p><strong>Si quiere resultados r\u00e1pidos<\/strong><\/p> <p>El contorno del esmalte se puede realizar durante una sola cita dental. Dependiendo de la cantidad de contorno que se necesite, la mayor\u00eda de las citas se pueden completar en aproximadamente 30 a 45 minutos. Sin embargo, las citas que requieren la adici\u00f3n de material compuesto pueden llevar m\u00e1s tiempo ya que el compuesto se aplica y endurece una capa a la vez.[\/vc_column_text][\/vc_column_inner][\/vc_row_inner][vc_row_inner][vc_column_inner width=\u00bb2\/3&#8243;][vc_column_text]<strong>Si quiere resultados permanentes<\/strong><\/p> <p>El esmalte dental no vuelve a crecer, lo que significa que los resultados son permanentes una vez que se ha reformado el esmalte. Sin embargo, si se utiliz\u00f3 un adhesivo cosm\u00e9tico para agregar material a los dientes, este material eventualmente deber\u00e1 ser reemplazado cuando se desgaste. En promedio, los materiales compuestos pueden durar entre 5 y 7 a\u00f1os si se cuidan adecuadamente.<\/p> <p><strong>Si quiere un procedimiento no invasive<\/strong><\/p> <p>Dado que el contorneado del esmalte solo afecta la capa m\u00e1s externa de los dientes, se considera un tratamiento dental cosm\u00e9tico no invasivo. Adem\u00e1s, el uso de anest\u00e9sicos dentales a menudo no es necesario durante un procedimiento de contorneado del esmalte.<\/p> <p><strong>Si quiere mejorar su salud bucal<\/strong><\/p> <p>Hay algunos casos en los que el contorno del esmalte puede ofrecer algo m\u00e1s que beneficios est\u00e9ticos. Por ejemplo, la correcci\u00f3n de superposiciones menores puede reducir la acumulaci\u00f3n de placa en esa \u00e1rea. En \u00faltima instancia, esto reduce el riesgo de caries y enfermedades de las enc\u00edas.[\/vc_column_text][\/vc_column_inner][vc_column_inner width=\u00bb1\/3&#8243;][vc_single_image image=\u00bb1128&#8243; img_size=\u00bbfull\u00bb][\/vc_column_inner][\/vc_row_inner][\/vc_column][\/vc_row][\/vc_section]<\/p> <\/div>","protected":false},"excerpt":{"rendered":"[vc_section][vc_row el_class=\u00bbcontainer_1200&#8243;][vc_column][vc_row_inner][vc_column_inner][vc_custom_heading text=\u00bbContorno de esmalte y remodelaci\u00f3n de dientes\u00bb font_container=\u00bbtag:h2|font_size:48|text_align:center\u00bb use_theme_fonts=\u00bbyes\u00bb el_class=\u00bbsingle-page-h2&#8243;][\/vc_column_inner][\/vc_row_inner][vc_row_inner][vc_column_inner][vc_column_text]Los dientes deformes o que no coinciden pueden tener un aspecto poco atractivo que puede impedirle sonre\u00edr tanto como deber\u00eda. El contorneado del esmalte es un procedimiento dental cosm\u00e9tico que remodela el esmalte dental para corregir imperfecciones menores y mejorar la apariencia general de&#8230; <a class=\"view-article\" href=\"https:\/\/www.anatomicaclinic.com\/es\/tratamientos-dentales\/contorno-de-esmaltey-remodelacion-de-dientes\/\">Ver art\u00edculo<\/a>","protected":false},"author":10,"featured_media":0,"parent":1458,"menu_order":0,"comment_status":"closed","ping_status":"closed","template":"","meta":{"footnotes":""},"class_list":["post-1561","page","type-page","status-publish","hentry"],"yoast_head":"<!-- This site is optimized with the Yoast SEO plugin v27.0 - https:\/\/yoast.com\/product\/yoast-seo-wordpress\/ -->\n<title>Contorno de esmalte y remodelaci\u00f3n de dientes - Anatomica Cl\u00ednica<\/title>\n<meta name=\"description\" content=\"Contorno de esmalte y remodelaci\u00f3n de dientes - Anatomica Cl\u00ednica\" \/>\n<meta name=\"robots\" content=\"index, follow, max-snippet:-1, max-image-preview:large, max-video-preview:-1\" \/>\n<link rel=\"canonical\" href=\"https:\/\/www.anatomicaclinic.com\/es\/?page_id=1561\" \/>\n<meta property=\"og:locale\" content=\"es_ES\" \/>\n<meta property=\"og:type\" content=\"article\" \/>\n<meta property=\"og:title\" content=\"Contorno de esmalte y remodelaci\u00f3n de dientes - Anatomica Cl\u00ednica\" \/>\n<meta property=\"og:description\" content=\"Contorno de esmalte y remodelaci\u00f3n de dientes - Anatomica Cl\u00ednica\" \/>\n<meta property=\"og:url\" content=\"https:\/\/www.anatomicaclinic.com\/es\/?page_id=1561\" \/>\n<meta property=\"og:site_name\" content=\"Anatomica Cl\u00ednica\" \/>\n<meta property=\"article:publisher\" content=\"https:\/\/www.facebook.com\/anatomicadominican\" \/>\n<meta property=\"article:modified_time\" content=\"2026-02-11T11:45:17+00:00\" \/>\n<meta name=\"twitter:card\" content=\"summary_large_image\" \/>\n<meta name=\"twitter:label1\" content=\"Tiempo de lectura\" \/>\n\t<meta name=\"twitter:data1\" content=\"3 minutos\" \/>\n<script type=\"application\/ld+json\" class=\"yoast-schema-graph\">{\"@context\":\"https:\/\/schema.org\",\"@graph\":[{\"@type\":\"WebPage\",\"@id\":\"https:\/\/www.anatomicaclinic.com\/es\/?page_id=1561\",\"url\":\"https:\/\/www.anatomicaclinic.com\/es\/?page_id=1561\",\"name\":\"Contorno de esmalte y remodelaci\u00f3n de dientes - Anatomica Cl\u00ednica\",\"isPartOf\":{\"@id\":\"https:\/\/www.anatomicaclinic.com\/#website\"},\"datePublished\":\"2022-06-19T19:00:31+00:00\",\"dateModified\":\"2026-02-11T11:45:17+00:00\",\"description\":\"Contorno de esmalte y remodelaci\u00f3n de dientes - Anatomica Cl\u00ednica\",\"breadcrumb\":{\"@id\":\"https:\/\/www.anatomicaclinic.com\/es\/?page_id=1561#breadcrumb\"},\"inLanguage\":\"es\",\"potentialAction\":[{\"@type\":\"ReadAction\",\"target\":[\"https:\/\/www.anatomicaclinic.com\/es\/?page_id=1561\"]}]},{\"@type\":\"BreadcrumbList\",\"@id\":\"https:\/\/www.anatomicaclinic.com\/es\/?page_id=1561#breadcrumb\",\"itemListElement\":[{\"@type\":\"ListItem\",\"position\":1,\"name\":\"Anasayfa\",\"item\":\"https:\/\/www.anatomicaclinic.com\/es\/\"},{\"@type\":\"ListItem\",\"position\":2,\"name\":\"Tratamientos Dentales\",\"item\":\"https:\/\/www.anatomicaclinic.com\/es\/?page_id=1458\"},{\"@type\":\"ListItem\",\"position\":3,\"name\":\"Contorno de esmalte y remodelaci\u00f3n de dientes\"}]},{\"@type\":\"WebSite\",\"@id\":\"https:\/\/www.anatomicaclinic.com\/#website\",\"url\":\"https:\/\/www.anatomicaclinic.com\/\",\"name\":\"Anatomica Clinic\",\"description\":\"Anatomica\",\"publisher\":{\"@id\":\"https:\/\/www.anatomicaclinic.com\/#organization\"},\"alternateName\":\"Anatomica Clinic International\",\"potentialAction\":[{\"@type\":\"SearchAction\",\"target\":{\"@type\":\"EntryPoint\",\"urlTemplate\":\"https:\/\/www.anatomicaclinic.com\/?s={search_term_string}\"},\"query-input\":{\"@type\":\"PropertyValueSpecification\",\"valueRequired\":true,\"valueName\":\"search_term_string\"}}],\"inLanguage\":\"es\"},{\"@type\":\"Organization\",\"@id\":\"https:\/\/www.anatomicaclinic.com\/#organization\",\"name\":\"Anatomica Clinic Dominicana\",\"url\":\"https:\/\/www.anatomicaclinic.com\/\",\"logo\":{\"@type\":\"ImageObject\",\"inLanguage\":\"es\",\"@id\":\"https:\/\/www.anatomicaclinic.com\/#\/schema\/logo\/image\/\",\"url\":\"https:\/\/www.anatomicaclinic.com\/wp-content\/uploads\/2023\/11\/8aa015e1-a0cd-4d48-b1d5-c9598cbdad99.jpg\",\"contentUrl\":\"https:\/\/www.anatomicaclinic.com\/wp-content\/uploads\/2023\/11\/8aa015e1-a0cd-4d48-b1d5-c9598cbdad99.jpg\",\"width\":1600,\"height\":1600,\"caption\":\"Anatomica Clinic Dominicana\"},\"image\":{\"@id\":\"https:\/\/www.anatomicaclinic.com\/#\/schema\/logo\/image\/\"},\"sameAs\":[\"https:\/\/www.facebook.com\/anatomicadominican\",\"https:\/\/instagram.com\/anatomicadominican\"]}]}<\/script>\n<!-- \/ Yoast SEO plugin. -->","yoast_head_json":{"title":"Contorno de esmalte y remodelaci\u00f3n de dientes - Anatomica Cl\u00ednica","description":"Contorno de esmalte y remodelaci\u00f3n de dientes - Anatomica Cl\u00ednica","robots":{"index":"index","follow":"follow","max-snippet":"max-snippet:-1","max-image-preview":"max-image-preview:large","max-video-preview":"max-video-preview:-1"},"canonical":"https:\/\/www.anatomicaclinic.com\/es\/?page_id=1561","og_locale":"es_ES","og_type":"article","og_title":"Contorno de esmalte y remodelaci\u00f3n de dientes - Anatomica Cl\u00ednica","og_description":"Contorno de esmalte y remodelaci\u00f3n de dientes - Anatomica Cl\u00ednica","og_url":"https:\/\/www.anatomicaclinic.com\/es\/?page_id=1561","og_site_name":"Anatomica Cl\u00ednica","article_publisher":"https:\/\/www.facebook.com\/anatomicadominican","article_modified_time":"2026-02-11T11:45:17+00:00","twitter_card":"summary_large_image","twitter_misc":{"Tiempo de lectura":"3 minutos"},"schema":{"@context":"https:\/\/schema.org","@graph":[{"@type":"WebPage","@id":"https:\/\/www.anatomicaclinic.com\/es\/?page_id=1561","url":"https:\/\/www.anatomicaclinic.com\/es\/?page_id=1561","name":"Contorno de esmalte y remodelaci\u00f3n de dientes - Anatomica Cl\u00ednica","isPartOf":{"@id":"https:\/\/www.anatomicaclinic.com\/#website"},"datePublished":"2022-06-19T19:00:31+00:00","dateModified":"2026-02-11T11:45:17+00:00","description":"Contorno de esmalte y remodelaci\u00f3n de dientes - Anatomica Cl\u00ednica","breadcrumb":{"@id":"https:\/\/www.anatomicaclinic.com\/es\/?page_id=1561#breadcrumb"},"inLanguage":"es","potentialAction":[{"@type":"ReadAction","target":["https:\/\/www.anatomicaclinic.com\/es\/?page_id=1561"]}]},{"@type":"BreadcrumbList","@id":"https:\/\/www.anatomicaclinic.com\/es\/?page_id=1561#breadcrumb","itemListElement":[{"@type":"ListItem","position":1,"name":"Anasayfa","item":"https:\/\/www.anatomicaclinic.com\/es\/"},{"@type":"ListItem","position":2,"name":"Tratamientos Dentales","item":"https:\/\/www.anatomicaclinic.com\/es\/?page_id=1458"},{"@type":"ListItem","position":3,"name":"Contorno de esmalte y remodelaci\u00f3n de dientes"}]},{"@type":"WebSite","@id":"https:\/\/www.anatomicaclinic.com\/#website","url":"https:\/\/www.anatomicaclinic.com\/","name":"Anatomica Clinic","description":"Anatomica","publisher":{"@id":"https:\/\/www.anatomicaclinic.com\/#organization"},"alternateName":"Anatomica Clinic International","potentialAction":[{"@type":"SearchAction","target":{"@type":"EntryPoint","urlTemplate":"https:\/\/www.anatomicaclinic.com\/?s={search_term_string}"},"query-input":{"@type":"PropertyValueSpecification","valueRequired":true,"valueName":"search_term_string"}}],"inLanguage":"es"},{"@type":"Organization","@id":"https:\/\/www.anatomicaclinic.com\/#organization","name":"Anatomica Clinic Dominicana","url":"https:\/\/www.anatomicaclinic.com\/","logo":{"@type":"ImageObject","inLanguage":"es","@id":"https:\/\/www.anatomicaclinic.com\/#\/schema\/logo\/image\/","url":"https:\/\/www.anatomicaclinic.com\/wp-content\/uploads\/2023\/11\/8aa015e1-a0cd-4d48-b1d5-c9598cbdad99.jpg","contentUrl":"https:\/\/www.anatomicaclinic.com\/wp-content\/uploads\/2023\/11\/8aa015e1-a0cd-4d48-b1d5-c9598cbdad99.jpg","width":1600,"height":1600,"caption":"Anatomica Clinic Dominicana"},"image":{"@id":"https:\/\/www.anatomicaclinic.com\/#\/schema\/logo\/image\/"},"sameAs":["https:\/\/www.facebook.com\/anatomicadominican","https:\/\/instagram.com\/anatomicadominican"]}]}},"_links":{"self":[{"href":"https:\/\/www.anatomicaclinic.com\/es\/wp-json\/wp\/v2\/pages\/1561","targetHints":{"allow":["GET"]}}],"collection":[{"href":"https:\/\/www.anatomicaclinic.com\/es\/wp-json\/wp\/v2\/pages"}],"about":[{"href":"https:\/\/www.anatomicaclinic.com\/es\/wp-json\/wp\/v2\/types\/page"}],"author":[{"embeddable":true,"href":"https:\/\/www.anatomicaclinic.com\/es\/wp-json\/wp\/v2\/users\/10"}],"replies":[{"embeddable":true,"href":"https:\/\/www.anatomicaclinic.com\/es\/wp-json\/wp\/v2\/comments?post=1561"}],"version-history":[{"count":1,"href":"https:\/\/www.anatomicaclinic.com\/es\/wp-json\/wp\/v2\/pages\/1561\/revisions"}],"predecessor-version":[{"id":8679,"href":"https:\/\/www.anatomicaclinic.com\/es\/wp-json\/wp\/v2\/pages\/1561\/revisions\/8679"}],"up":[{"embeddable":true,"href":"https:\/\/www.anatomicaclinic.com\/es\/wp-json\/wp\/v2\/pages\/1458"}],"wp:attachment":[{"href":"https:\/\/www.anatomicaclinic.com\/es\/wp-json\/wp\/v2\/media?parent=1561"}],"curies":[{"name":"wp","href":"https:\/\/api.w.org\/{rel}","templated":true}]}}