{"id":1579,"date":"2022-06-29T14:46:36","date_gmt":"2022-06-29T14:46:36","guid":{"rendered":"https:\/\/www.anatomicaclinic.com\/tratamientos-dentales\/porselen-kaplamalar-veneerler\/"},"modified":"2026-02-11T11:45:17","modified_gmt":"2026-02-11T11:45:17","slug":"coronas-de-porcelana","status":"publish","type":"page","link":"https:\/\/www.anatomicaclinic.com\/es\/tratamientos-dentales\/coronas-de-porcelana\/","title":{"rendered":"Coronas de Porcelana"},"content":{"rendered":"<div class=\"wpb-content-wrapper\"><p>[vc_section][vc_row el_class=\u00bbcontainer_1200&#8243;][vc_column][vc_row_inner][vc_column_inner][vc_custom_heading text=\u00bbCoronas de Porcelana\u00bb font_container=\u00bbtag:h2|font_size:48|text_align:center\u00bb use_theme_fonts=\u00bbyes\u00bb el_class=\u00bbsingle-page-h2&#8243;][\/vc_column_inner][\/vc_row_inner][vc_row_inner][vc_column_inner][vc_column_text]Con las carillas de porcelana, puede tener una sonrisa que le permita sentirse m\u00e1s confiado, atractivo y seguro de s\u00ed mismo. Las carillas que ofrecemos son duraderas, hermosas y capaces de abordar innumerables problemas dentales est\u00e9ticos para producir una sonrisa que estar\u00e1 orgulloso de mostrar al mundo.[\/vc_column_text][\/vc_column_inner][\/vc_row_inner][vc_row_inner][vc_column_inner width=\u00bb1\/3&#8243;][vc_single_image image=\u00bb1071&#8243; img_size=\u00bbfull\u00bb][\/vc_column_inner][vc_column_inner width=\u00bb2\/3&#8243;][vc_column_text]<strong>Coronas de Porcelana<\/strong><\/p> <p>Un diente severamente da\u00f1ado o cariado puede crear imperfecciones cosm\u00e9ticas, convertirse en una fuente de sensibilidad o provocar un dolor significativo. Las coronas de porcelana est\u00e1n dise\u00f1adas para reforzar y restaurar la integridad estructural de un diente, al mismo tiempo que conservan la mayor cantidad posible de la estructura natural del diente. Cuando es necesaria una endodoncia para mejorar la salud del diente, se puede utilizar una corona de porcelana para fortalecer la estructura del diente, al mismo tiempo que rejuvenece su apariencia. Una corona de porcelana puede ser la soluci\u00f3n ideal para los pacientes que buscan restaurar tanto la funci\u00f3n como la est\u00e9tica de un diente da\u00f1ado o cariado.<\/p> <p><strong>Beneficios de las Coronas de Porcelana<\/strong><\/p> <p>Una corona de porcelana ofrece la doble ventaja de apoyar un diente comprometido y realzar la belleza de la sonrisa. Los beneficios adicionales de las coronas dentales de porcelana de calidad pueden incluir:<\/p> <ul> <li>Integridad estructural, resistencia y durabilidad mejoradas<\/li> <li>Protecci\u00f3n contra m\u00e1s da\u00f1os o deterioro<\/li> <li>Forma restaurada<\/li> <\/ul> <p>[\/vc_column_text][\/vc_column_inner][\/vc_row_inner][\/vc_column][\/vc_row][\/vc_section]<\/p> <\/div>","protected":false},"excerpt":{"rendered":"[vc_section][vc_row el_class=\u00bbcontainer_1200&#8243;][vc_column][vc_row_inner][vc_column_inner][vc_custom_heading text=\u00bbCoronas de Porcelana\u00bb font_container=\u00bbtag:h2|font_size:48|text_align:center\u00bb use_theme_fonts=\u00bbyes\u00bb el_class=\u00bbsingle-page-h2&#8243;][\/vc_column_inner][\/vc_row_inner][vc_row_inner][vc_column_inner][vc_column_text]Con las carillas de porcelana, puede tener una sonrisa que le permita sentirse m\u00e1s confiado, atractivo y seguro de s\u00ed mismo. Las carillas que ofrecemos son duraderas, hermosas y capaces de abordar innumerables problemas dentales est\u00e9ticos para producir una sonrisa que estar\u00e1 orgulloso de mostrar al mundo.[\/vc_column_text][\/vc_column_inner][\/vc_row_inner][vc_row_inner][vc_column_inner width=\u00bb1\/3&#8243;][vc_single_image&#8230; <a class=\"view-article\" href=\"https:\/\/www.anatomicaclinic.com\/es\/tratamientos-dentales\/coronas-de-porcelana\/\">Ver art\u00edculo<\/a>","protected":false},"author":10,"featured_media":0,"parent":1458,"menu_order":0,"comment_status":"closed","ping_status":"closed","template":"","meta":{"footnotes":""},"class_list":["post-1579","page","type-page","status-publish","hentry"],"yoast_head":"<!-- This site is optimized with the Yoast SEO plugin v27.0 - https:\/\/yoast.com\/product\/yoast-seo-wordpress\/ -->\n<title>Coronas de Porcelana - Anatomica Cl\u00ednica<\/title>\n<meta name=\"description\" content=\"Coronas de Porcelana - Anatomica Cl\u00ednica\" \/>\n<meta name=\"robots\" content=\"index, follow, max-snippet:-1, max-image-preview:large, max-video-preview:-1\" \/>\n<link rel=\"canonical\" href=\"https:\/\/www.anatomicaclinic.com\/es\/?page_id=1579\" \/>\n<meta property=\"og:locale\" content=\"es_ES\" \/>\n<meta property=\"og:type\" content=\"article\" \/>\n<meta property=\"og:title\" content=\"Coronas de Porcelana - Anatomica Cl\u00ednica\" \/>\n<meta property=\"og:description\" content=\"Coronas de Porcelana - Anatomica Cl\u00ednica\" \/>\n<meta property=\"og:url\" content=\"https:\/\/www.anatomicaclinic.com\/es\/?page_id=1579\" \/>\n<meta property=\"og:site_name\" content=\"Anatomica Cl\u00ednica\" \/>\n<meta property=\"article:publisher\" content=\"https:\/\/www.facebook.com\/anatomicadominican\" \/>\n<meta property=\"article:modified_time\" content=\"2026-02-11T11:45:17+00:00\" \/>\n<meta name=\"twitter:card\" content=\"summary_large_image\" \/>\n<meta name=\"twitter:label1\" content=\"Tiempo de lectura\" \/>\n\t<meta name=\"twitter:data1\" content=\"2 minutos\" \/>\n<script type=\"application\/ld+json\" class=\"yoast-schema-graph\">{\"@context\":\"https:\/\/schema.org\",\"@graph\":[{\"@type\":\"WebPage\",\"@id\":\"https:\/\/www.anatomicaclinic.com\/es\/?page_id=1579\",\"url\":\"https:\/\/www.anatomicaclinic.com\/es\/?page_id=1579\",\"name\":\"Coronas de Porcelana - Anatomica Cl\u00ednica\",\"isPartOf\":{\"@id\":\"https:\/\/www.anatomicaclinic.com\/#website\"},\"datePublished\":\"2022-06-29T14:46:36+00:00\",\"dateModified\":\"2026-02-11T11:45:17+00:00\",\"description\":\"Coronas de Porcelana - Anatomica Cl\u00ednica\",\"breadcrumb\":{\"@id\":\"https:\/\/www.anatomicaclinic.com\/es\/?page_id=1579#breadcrumb\"},\"inLanguage\":\"es\",\"potentialAction\":[{\"@type\":\"ReadAction\",\"target\":[\"https:\/\/www.anatomicaclinic.com\/es\/?page_id=1579\"]}]},{\"@type\":\"BreadcrumbList\",\"@id\":\"https:\/\/www.anatomicaclinic.com\/es\/?page_id=1579#breadcrumb\",\"itemListElement\":[{\"@type\":\"ListItem\",\"position\":1,\"name\":\"Anasayfa\",\"item\":\"https:\/\/www.anatomicaclinic.com\/es\/\"},{\"@type\":\"ListItem\",\"position\":2,\"name\":\"Tratamientos Dentales\",\"item\":\"https:\/\/www.anatomicaclinic.com\/es\/?page_id=1458\"},{\"@type\":\"ListItem\",\"position\":3,\"name\":\"Coronas de Porcelana\"}]},{\"@type\":\"WebSite\",\"@id\":\"https:\/\/www.anatomicaclinic.com\/#website\",\"url\":\"https:\/\/www.anatomicaclinic.com\/\",\"name\":\"Anatomica Clinic\",\"description\":\"Anatomica\",\"publisher\":{\"@id\":\"https:\/\/www.anatomicaclinic.com\/#organization\"},\"alternateName\":\"Anatomica Clinic International\",\"potentialAction\":[{\"@type\":\"SearchAction\",\"target\":{\"@type\":\"EntryPoint\",\"urlTemplate\":\"https:\/\/www.anatomicaclinic.com\/?s={search_term_string}\"},\"query-input\":{\"@type\":\"PropertyValueSpecification\",\"valueRequired\":true,\"valueName\":\"search_term_string\"}}],\"inLanguage\":\"es\"},{\"@type\":\"Organization\",\"@id\":\"https:\/\/www.anatomicaclinic.com\/#organization\",\"name\":\"Anatomica Clinic Dominicana\",\"url\":\"https:\/\/www.anatomicaclinic.com\/\",\"logo\":{\"@type\":\"ImageObject\",\"inLanguage\":\"es\",\"@id\":\"https:\/\/www.anatomicaclinic.com\/#\/schema\/logo\/image\/\",\"url\":\"https:\/\/www.anatomicaclinic.com\/wp-content\/uploads\/2023\/11\/8aa015e1-a0cd-4d48-b1d5-c9598cbdad99.jpg\",\"contentUrl\":\"https:\/\/www.anatomicaclinic.com\/wp-content\/uploads\/2023\/11\/8aa015e1-a0cd-4d48-b1d5-c9598cbdad99.jpg\",\"width\":1600,\"height\":1600,\"caption\":\"Anatomica Clinic Dominicana\"},\"image\":{\"@id\":\"https:\/\/www.anatomicaclinic.com\/#\/schema\/logo\/image\/\"},\"sameAs\":[\"https:\/\/www.facebook.com\/anatomicadominican\",\"https:\/\/instagram.com\/anatomicadominican\"]}]}<\/script>\n<!-- \/ Yoast SEO plugin. -->","yoast_head_json":{"title":"Coronas de Porcelana - Anatomica Cl\u00ednica","description":"Coronas de Porcelana - Anatomica Cl\u00ednica","robots":{"index":"index","follow":"follow","max-snippet":"max-snippet:-1","max-image-preview":"max-image-preview:large","max-video-preview":"max-video-preview:-1"},"canonical":"https:\/\/www.anatomicaclinic.com\/es\/?page_id=1579","og_locale":"es_ES","og_type":"article","og_title":"Coronas de Porcelana - Anatomica Cl\u00ednica","og_description":"Coronas de Porcelana - Anatomica Cl\u00ednica","og_url":"https:\/\/www.anatomicaclinic.com\/es\/?page_id=1579","og_site_name":"Anatomica Cl\u00ednica","article_publisher":"https:\/\/www.facebook.com\/anatomicadominican","article_modified_time":"2026-02-11T11:45:17+00:00","twitter_card":"summary_large_image","twitter_misc":{"Tiempo de lectura":"2 minutos"},"schema":{"@context":"https:\/\/schema.org","@graph":[{"@type":"WebPage","@id":"https:\/\/www.anatomicaclinic.com\/es\/?page_id=1579","url":"https:\/\/www.anatomicaclinic.com\/es\/?page_id=1579","name":"Coronas de Porcelana - Anatomica Cl\u00ednica","isPartOf":{"@id":"https:\/\/www.anatomicaclinic.com\/#website"},"datePublished":"2022-06-29T14:46:36+00:00","dateModified":"2026-02-11T11:45:17+00:00","description":"Coronas de Porcelana - Anatomica Cl\u00ednica","breadcrumb":{"@id":"https:\/\/www.anatomicaclinic.com\/es\/?page_id=1579#breadcrumb"},"inLanguage":"es","potentialAction":[{"@type":"ReadAction","target":["https:\/\/www.anatomicaclinic.com\/es\/?page_id=1579"]}]},{"@type":"BreadcrumbList","@id":"https:\/\/www.anatomicaclinic.com\/es\/?page_id=1579#breadcrumb","itemListElement":[{"@type":"ListItem","position":1,"name":"Anasayfa","item":"https:\/\/www.anatomicaclinic.com\/es\/"},{"@type":"ListItem","position":2,"name":"Tratamientos Dentales","item":"https:\/\/www.anatomicaclinic.com\/es\/?page_id=1458"},{"@type":"ListItem","position":3,"name":"Coronas de Porcelana"}]},{"@type":"WebSite","@id":"https:\/\/www.anatomicaclinic.com\/#website","url":"https:\/\/www.anatomicaclinic.com\/","name":"Anatomica Clinic","description":"Anatomica","publisher":{"@id":"https:\/\/www.anatomicaclinic.com\/#organization"},"alternateName":"Anatomica Clinic International","potentialAction":[{"@type":"SearchAction","target":{"@type":"EntryPoint","urlTemplate":"https:\/\/www.anatomicaclinic.com\/?s={search_term_string}"},"query-input":{"@type":"PropertyValueSpecification","valueRequired":true,"valueName":"search_term_string"}}],"inLanguage":"es"},{"@type":"Organization","@id":"https:\/\/www.anatomicaclinic.com\/#organization","name":"Anatomica Clinic Dominicana","url":"https:\/\/www.anatomicaclinic.com\/","logo":{"@type":"ImageObject","inLanguage":"es","@id":"https:\/\/www.anatomicaclinic.com\/#\/schema\/logo\/image\/","url":"https:\/\/www.anatomicaclinic.com\/wp-content\/uploads\/2023\/11\/8aa015e1-a0cd-4d48-b1d5-c9598cbdad99.jpg","contentUrl":"https:\/\/www.anatomicaclinic.com\/wp-content\/uploads\/2023\/11\/8aa015e1-a0cd-4d48-b1d5-c9598cbdad99.jpg","width":1600,"height":1600,"caption":"Anatomica Clinic Dominicana"},"image":{"@id":"https:\/\/www.anatomicaclinic.com\/#\/schema\/logo\/image\/"},"sameAs":["https:\/\/www.facebook.com\/anatomicadominican","https:\/\/instagram.com\/anatomicadominican"]}]}},"_links":{"self":[{"href":"https:\/\/www.anatomicaclinic.com\/es\/wp-json\/wp\/v2\/pages\/1579","targetHints":{"allow":["GET"]}}],"collection":[{"href":"https:\/\/www.anatomicaclinic.com\/es\/wp-json\/wp\/v2\/pages"}],"about":[{"href":"https:\/\/www.anatomicaclinic.com\/es\/wp-json\/wp\/v2\/types\/page"}],"author":[{"embeddable":true,"href":"https:\/\/www.anatomicaclinic.com\/es\/wp-json\/wp\/v2\/users\/10"}],"replies":[{"embeddable":true,"href":"https:\/\/www.anatomicaclinic.com\/es\/wp-json\/wp\/v2\/comments?post=1579"}],"version-history":[{"count":1,"href":"https:\/\/www.anatomicaclinic.com\/es\/wp-json\/wp\/v2\/pages\/1579\/revisions"}],"predecessor-version":[{"id":8513,"href":"https:\/\/www.anatomicaclinic.com\/es\/wp-json\/wp\/v2\/pages\/1579\/revisions\/8513"}],"up":[{"embeddable":true,"href":"https:\/\/www.anatomicaclinic.com\/es\/wp-json\/wp\/v2\/pages\/1458"}],"wp:attachment":[{"href":"https:\/\/www.anatomicaclinic.com\/es\/wp-json\/wp\/v2\/media?parent=1579"}],"curies":[{"name":"wp","href":"https:\/\/api.w.org\/{rel}","templated":true}]}}