{"id":1744,"date":"2022-07-01T08:34:01","date_gmt":"2022-07-01T08:34:01","guid":{"rendered":"https:\/\/www.anatomicaclinic.com\/?page_id=1744"},"modified":"2026-02-11T11:45:15","modified_gmt":"2026-02-11T11:45:15","slug":"botox-dominik","status":"publish","type":"page","link":"https:\/\/www.anatomicaclinic.com\/es\/botox-dominik\/","title":{"rendered":"B\u00f3tox DOM\u0130N\u0130K"},"content":{"rendered":"<div class=\"wpb-content-wrapper\"><p>[vc_section][vc_row el_class=\u00bbcontainer_1200&#8243;][vc_column][vc_row_inner][vc_column_inner][vc_custom_heading text=\u00bbB\u00f3tox\u00bb font_container=\u00bbtag:h2|font_size:48|text_align:center\u00bb use_theme_fonts=\u00bbyes\u00bb el_class=\u00bbsingle-page-h2&#8243;][\/vc_column_inner][\/vc_row_inner][vc_row_inner][vc_column_inner width=\u00bb1\/3&#8243;][vc_single_image image=\u00bb1043&#8243; img_size=\u00bbfull\u00bb][\/vc_column_inner][vc_column_inner width=\u00bb2\/3&#8243;][vc_column_text]Las inyecciones de b\u00f3tox se conocen principalmente por su capacidad para reducir la apariencia de algunas arrugas faciales. Tambi\u00e9n se usan para tratar problemas como espasmos de cuello (diston\u00eda cervical), transpiraci\u00f3n excesiva (hiperhidrosis), vejiga hiperactiva y ojo vago. Las inyecciones de b\u00f3tox tambi\u00e9n quiz\u00e1s ayuden a prevenir las migra\u00f1as cr\u00f3nicas.<\/p> <p>Las inyecciones de b\u00f3tox usan una toxina conocida como onobotulinumtoxinA para evitar temporariamente que un m\u00fasculo se mueva. Esta toxina est\u00e1 producida por un microorganismo que causa botulismo, un tipo de intoxicaci\u00f3n alimentaria.<\/p> <p>B\u00f3tox fue el primer medicamento en usar la toxina botul\u00ednica. Otros productos ahora incluyen abobotulinumtoxinA (Dysport), rimabotulinumtoxinB (Myobloc) e incobotulinumtoxinA (Xeomin). Son un poco diferentes entre s\u00ed, en especial, cuando se trata de unidades de dosificaci\u00f3n, por lo que no son intercambiables.<\/p> <p><strong>Por qu\u00e9 se realiza<\/strong><\/p> <p>Las inyecciones de b\u00f3tox bloquean determinadas se\u00f1ales qu\u00edmicas de los nervios, principalmente las se\u00f1ales que hacen que los m\u00fasculos se contraigan. El uso m\u00e1s frecuente de estas inyecciones es relajar temporariamente los m\u00fasculos faciales que causan arrugas en la frente y alrededor de los ojos. Las inyecciones de b\u00f3tox tambi\u00e9n se utilizan para tratar enfermedades que afectan el funcionamiento del cuerpo. Por ejemplo:<\/p> <p><strong>Diston\u00eda cervical:<\/strong> En este doloroso trastorno, los m\u00fasculos del cuello se contraen de manera involuntaria, lo que hace que la cabeza se tuerza o gire a una posici\u00f3n inc\u00f3moda.<\/p> <p><strong>Ojo vago (ambliop\u00eda): <\/strong>La causa m\u00e1s frecuente de la ambliop\u00eda es un desequilibrio en los m\u00fasculos que son responsables por poner el ojo en posici\u00f3n.<\/p> <p><strong>Contracturas musculares<\/strong>: Algunos trastornos neurol\u00f3gicos, como la par\u00e1lisis cerebral, pueden hacer que las extremidades se vuelvan hacia el centro del cuerpo. En algunos casos, estos m\u00fasculos contra\u00eddos se pueden relajar con inyecciones de b\u00f3tox.<\/p> <p><strong>Hiperhidrosis<\/strong>: Este trastorno se caracteriza por una sudoraci\u00f3n excesiva incluso cuando la temperatura no es alta y no est\u00e1s haciendo esfuerzo.<\/p> <p>Migra\u00f1a cr\u00f3nica. Si experimentas migra\u00f1as m\u00e1s de 15 d\u00edas por mes, las inyecciones de b\u00f3tox pueden ayudar a reducir la frecuencia de los dolores de cabeza.<\/p> <p><strong>Disfunci\u00f3n de la vejiga<\/strong>: Las inyecciones de b\u00f3tox tambi\u00e9n pueden ayudar a reducir la incontinencia urinaria provocada por una vejiga hiperactiva.<\/p> <p>Pulsaciones oculares. Las inyecciones de b\u00f3tox pueden ayudar a aliviar las contracturas o las pulsaciones de los m\u00fasculos que se encuentran alrededor de los ojos.<\/p> <p><strong>Resultados<\/strong><\/p> <p>Las inyecciones de toxina botul\u00ednica generalmente tienen efecto de uno a tres d\u00edas despu\u00e9s del tratamiento. Seg\u00fan el problema que se est\u00e9 tratando, el efecto puede durar tres meses o m\u00e1s. Para conservar el efecto, necesitar\u00e1s inyecciones de seguimiento regulares.<\/p> <p>&nbsp;<\/p> <p>[\/vc_column_text][\/vc_column_inner][\/vc_row_inner][\/vc_column][\/vc_row][\/vc_section]<\/p> <\/div>","protected":false},"excerpt":{"rendered":"[vc_section][vc_row el_class=\u00bbcontainer_1200&#8243;][vc_column][vc_row_inner][vc_column_inner][vc_custom_heading text=\u00bbB\u00f3tox\u00bb font_container=\u00bbtag:h2|font_size:48|text_align:center\u00bb use_theme_fonts=\u00bbyes\u00bb el_class=\u00bbsingle-page-h2&#8243;][\/vc_column_inner][\/vc_row_inner][vc_row_inner][vc_column_inner width=\u00bb1\/3&#8243;][vc_single_image image=\u00bb1043&#8243; img_size=\u00bbfull\u00bb][\/vc_column_inner][vc_column_inner width=\u00bb2\/3&#8243;][vc_column_text]Las inyecciones de b\u00f3tox se conocen principalmente por su capacidad para reducir la apariencia de algunas arrugas faciales. Tambi\u00e9n se usan para tratar problemas como espasmos de cuello (diston\u00eda cervical), transpiraci\u00f3n excesiva (hiperhidrosis), vejiga hiperactiva y ojo vago. Las inyecciones de b\u00f3tox tambi\u00e9n quiz\u00e1s ayuden a&#8230; <a class=\"view-article\" href=\"https:\/\/www.anatomicaclinic.com\/es\/botox-dominik\/\">Ver art\u00edculo<\/a>","protected":false},"author":10,"featured_media":0,"parent":0,"menu_order":0,"comment_status":"closed","ping_status":"closed","template":"","meta":{"footnotes":""},"class_list":["post-1744","page","type-page","status-publish","hentry"],"yoast_head":"<!-- This site is optimized with the Yoast SEO plugin v27.0 - https:\/\/yoast.com\/product\/yoast-seo-wordpress\/ -->\n<title>B\u00f3tox DOM\u0130N\u0130K - Anatomica Cl\u00ednica<\/title>\n<meta name=\"description\" content=\"B\u00f3tox DOM\u0130N\u0130K - Anatomica Cl\u00ednica\" \/>\n<meta name=\"robots\" content=\"index, follow, max-snippet:-1, max-image-preview:large, max-video-preview:-1\" \/>\n<link rel=\"canonical\" href=\"https:\/\/www.anatomicaclinic.com\/es\/?page_id=1744\" \/>\n<meta property=\"og:locale\" content=\"es_ES\" \/>\n<meta property=\"og:type\" content=\"article\" \/>\n<meta property=\"og:title\" content=\"B\u00f3tox DOM\u0130N\u0130K - Anatomica Cl\u00ednica\" \/>\n<meta property=\"og:description\" content=\"B\u00f3tox DOM\u0130N\u0130K - Anatomica Cl\u00ednica\" \/>\n<meta property=\"og:url\" content=\"https:\/\/www.anatomicaclinic.com\/es\/?page_id=1744\" \/>\n<meta property=\"og:site_name\" content=\"Anatomica Cl\u00ednica\" \/>\n<meta property=\"article:publisher\" content=\"https:\/\/www.facebook.com\/anatomicadominican\" \/>\n<meta property=\"article:modified_time\" content=\"2026-02-11T11:45:15+00:00\" \/>\n<meta name=\"twitter:card\" content=\"summary_large_image\" \/>\n<meta name=\"twitter:label1\" content=\"Tiempo de lectura\" \/>\n\t<meta name=\"twitter:data1\" content=\"3 minutos\" \/>\n<script type=\"application\/ld+json\" class=\"yoast-schema-graph\">{\"@context\":\"https:\/\/schema.org\",\"@graph\":[{\"@type\":\"WebPage\",\"@id\":\"https:\/\/www.anatomicaclinic.com\/es\/?page_id=1744\",\"url\":\"https:\/\/www.anatomicaclinic.com\/es\/?page_id=1744\",\"name\":\"B\u00f3tox DOM\u0130N\u0130K - Anatomica Cl\u00ednica\",\"isPartOf\":{\"@id\":\"https:\/\/www.anatomicaclinic.com\/#website\"},\"datePublished\":\"2022-07-01T08:34:01+00:00\",\"dateModified\":\"2026-02-11T11:45:15+00:00\",\"description\":\"B\u00f3tox DOM\u0130N\u0130K - Anatomica Cl\u00ednica\",\"breadcrumb\":{\"@id\":\"https:\/\/www.anatomicaclinic.com\/es\/?page_id=1744#breadcrumb\"},\"inLanguage\":\"es\",\"potentialAction\":[{\"@type\":\"ReadAction\",\"target\":[\"https:\/\/www.anatomicaclinic.com\/es\/?page_id=1744\"]}]},{\"@type\":\"BreadcrumbList\",\"@id\":\"https:\/\/www.anatomicaclinic.com\/es\/?page_id=1744#breadcrumb\",\"itemListElement\":[{\"@type\":\"ListItem\",\"position\":1,\"name\":\"Anasayfa\",\"item\":\"https:\/\/www.anatomicaclinic.com\/es\/\"},{\"@type\":\"ListItem\",\"position\":2,\"name\":\"B\u00f3tox DOM\u0130N\u0130K\"}]},{\"@type\":\"WebSite\",\"@id\":\"https:\/\/www.anatomicaclinic.com\/#website\",\"url\":\"https:\/\/www.anatomicaclinic.com\/\",\"name\":\"Anatomica Clinic\",\"description\":\"Anatomica\",\"publisher\":{\"@id\":\"https:\/\/www.anatomicaclinic.com\/#organization\"},\"alternateName\":\"Anatomica Clinic International\",\"potentialAction\":[{\"@type\":\"SearchAction\",\"target\":{\"@type\":\"EntryPoint\",\"urlTemplate\":\"https:\/\/www.anatomicaclinic.com\/?s={search_term_string}\"},\"query-input\":{\"@type\":\"PropertyValueSpecification\",\"valueRequired\":true,\"valueName\":\"search_term_string\"}}],\"inLanguage\":\"es\"},{\"@type\":\"Organization\",\"@id\":\"https:\/\/www.anatomicaclinic.com\/#organization\",\"name\":\"Anatomica Clinic Dominicana\",\"url\":\"https:\/\/www.anatomicaclinic.com\/\",\"logo\":{\"@type\":\"ImageObject\",\"inLanguage\":\"es\",\"@id\":\"https:\/\/www.anatomicaclinic.com\/#\/schema\/logo\/image\/\",\"url\":\"https:\/\/www.anatomicaclinic.com\/wp-content\/uploads\/2023\/11\/8aa015e1-a0cd-4d48-b1d5-c9598cbdad99.jpg\",\"contentUrl\":\"https:\/\/www.anatomicaclinic.com\/wp-content\/uploads\/2023\/11\/8aa015e1-a0cd-4d48-b1d5-c9598cbdad99.jpg\",\"width\":1600,\"height\":1600,\"caption\":\"Anatomica Clinic Dominicana\"},\"image\":{\"@id\":\"https:\/\/www.anatomicaclinic.com\/#\/schema\/logo\/image\/\"},\"sameAs\":[\"https:\/\/www.facebook.com\/anatomicadominican\",\"https:\/\/instagram.com\/anatomicadominican\"]}]}<\/script>\n<!-- \/ Yoast SEO plugin. -->","yoast_head_json":{"title":"B\u00f3tox DOM\u0130N\u0130K - Anatomica Cl\u00ednica","description":"B\u00f3tox DOM\u0130N\u0130K - Anatomica Cl\u00ednica","robots":{"index":"index","follow":"follow","max-snippet":"max-snippet:-1","max-image-preview":"max-image-preview:large","max-video-preview":"max-video-preview:-1"},"canonical":"https:\/\/www.anatomicaclinic.com\/es\/?page_id=1744","og_locale":"es_ES","og_type":"article","og_title":"B\u00f3tox DOM\u0130N\u0130K - Anatomica Cl\u00ednica","og_description":"B\u00f3tox DOM\u0130N\u0130K - Anatomica Cl\u00ednica","og_url":"https:\/\/www.anatomicaclinic.com\/es\/?page_id=1744","og_site_name":"Anatomica Cl\u00ednica","article_publisher":"https:\/\/www.facebook.com\/anatomicadominican","article_modified_time":"2026-02-11T11:45:15+00:00","twitter_card":"summary_large_image","twitter_misc":{"Tiempo de lectura":"3 minutos"},"schema":{"@context":"https:\/\/schema.org","@graph":[{"@type":"WebPage","@id":"https:\/\/www.anatomicaclinic.com\/es\/?page_id=1744","url":"https:\/\/www.anatomicaclinic.com\/es\/?page_id=1744","name":"B\u00f3tox DOM\u0130N\u0130K - Anatomica Cl\u00ednica","isPartOf":{"@id":"https:\/\/www.anatomicaclinic.com\/#website"},"datePublished":"2022-07-01T08:34:01+00:00","dateModified":"2026-02-11T11:45:15+00:00","description":"B\u00f3tox DOM\u0130N\u0130K - Anatomica Cl\u00ednica","breadcrumb":{"@id":"https:\/\/www.anatomicaclinic.com\/es\/?page_id=1744#breadcrumb"},"inLanguage":"es","potentialAction":[{"@type":"ReadAction","target":["https:\/\/www.anatomicaclinic.com\/es\/?page_id=1744"]}]},{"@type":"BreadcrumbList","@id":"https:\/\/www.anatomicaclinic.com\/es\/?page_id=1744#breadcrumb","itemListElement":[{"@type":"ListItem","position":1,"name":"Anasayfa","item":"https:\/\/www.anatomicaclinic.com\/es\/"},{"@type":"ListItem","position":2,"name":"B\u00f3tox DOM\u0130N\u0130K"}]},{"@type":"WebSite","@id":"https:\/\/www.anatomicaclinic.com\/#website","url":"https:\/\/www.anatomicaclinic.com\/","name":"Anatomica Clinic","description":"Anatomica","publisher":{"@id":"https:\/\/www.anatomicaclinic.com\/#organization"},"alternateName":"Anatomica Clinic International","potentialAction":[{"@type":"SearchAction","target":{"@type":"EntryPoint","urlTemplate":"https:\/\/www.anatomicaclinic.com\/?s={search_term_string}"},"query-input":{"@type":"PropertyValueSpecification","valueRequired":true,"valueName":"search_term_string"}}],"inLanguage":"es"},{"@type":"Organization","@id":"https:\/\/www.anatomicaclinic.com\/#organization","name":"Anatomica Clinic Dominicana","url":"https:\/\/www.anatomicaclinic.com\/","logo":{"@type":"ImageObject","inLanguage":"es","@id":"https:\/\/www.anatomicaclinic.com\/#\/schema\/logo\/image\/","url":"https:\/\/www.anatomicaclinic.com\/wp-content\/uploads\/2023\/11\/8aa015e1-a0cd-4d48-b1d5-c9598cbdad99.jpg","contentUrl":"https:\/\/www.anatomicaclinic.com\/wp-content\/uploads\/2023\/11\/8aa015e1-a0cd-4d48-b1d5-c9598cbdad99.jpg","width":1600,"height":1600,"caption":"Anatomica Clinic Dominicana"},"image":{"@id":"https:\/\/www.anatomicaclinic.com\/#\/schema\/logo\/image\/"},"sameAs":["https:\/\/www.facebook.com\/anatomicadominican","https:\/\/instagram.com\/anatomicadominican"]}]}},"_links":{"self":[{"href":"https:\/\/www.anatomicaclinic.com\/es\/wp-json\/wp\/v2\/pages\/1744","targetHints":{"allow":["GET"]}}],"collection":[{"href":"https:\/\/www.anatomicaclinic.com\/es\/wp-json\/wp\/v2\/pages"}],"about":[{"href":"https:\/\/www.anatomicaclinic.com\/es\/wp-json\/wp\/v2\/types\/page"}],"author":[{"embeddable":true,"href":"https:\/\/www.anatomicaclinic.com\/es\/wp-json\/wp\/v2\/users\/10"}],"replies":[{"embeddable":true,"href":"https:\/\/www.anatomicaclinic.com\/es\/wp-json\/wp\/v2\/comments?post=1744"}],"version-history":[{"count":1,"href":"https:\/\/www.anatomicaclinic.com\/es\/wp-json\/wp\/v2\/pages\/1744\/revisions"}],"predecessor-version":[{"id":8515,"href":"https:\/\/www.anatomicaclinic.com\/es\/wp-json\/wp\/v2\/pages\/1744\/revisions\/8515"}],"wp:attachment":[{"href":"https:\/\/www.anatomicaclinic.com\/es\/wp-json\/wp\/v2\/media?parent=1744"}],"curies":[{"name":"wp","href":"https:\/\/api.w.org\/{rel}","templated":true}]}}