{"id":1940,"date":"2022-07-01T19:05:52","date_gmt":"2022-07-01T19:05:52","guid":{"rendered":"https:\/\/www.anatomicaclinic.com\/online-randevu\/"},"modified":"2026-02-11T11:45:15","modified_gmt":"2026-02-11T11:45:15","slug":"cita-en-linea","status":"publish","type":"page","link":"https:\/\/www.anatomicaclinic.com\/es\/cita-en-linea\/","title":{"rendered":"Cita en L\u00ednea"},"content":{"rendered":"<div class=\"wpb-content-wrapper\"><p>[vc_section el_id=\u00bbsection-online-reservation-page\u00bb][vc_row el_class=\u00bbcontainer_1200&#8243;][vc_column][vc_custom_heading text=\u00bbCita en L\u00ednea\u00bb use_theme_fonts=\u00bbyes\u00bb el_class=\u00bbsection-online-reservation-page-title\u00bb] <div class=\"wpcf7 no-js\" id=\"wpcf7-f1939-o1\" lang=\"es-ES\" dir=\"ltr\" data-wpcf7-id=\"1939\"> <div class=\"screen-reader-response\"><p role=\"status\" aria-live=\"polite\" aria-atomic=\"true\"><\/p> <ul><\/ul><\/div> <form action=\"\/es\/wp-json\/wp\/v2\/pages\/1940#wpcf7-f1939-o1\" method=\"post\" class=\"wpcf7-form init form online-reservation cf7mls-no-scroll cf7mls-auto-return-first-step cf7mls-no-moving-animation\" aria-label=\"Formulario de contacto\" novalidate=\"novalidate\" data-status=\"init\"> <fieldset class=\"hidden-fields-container\"><input type=\"hidden\" name=\"_wpcf7\" value=\"1939\" \/><input type=\"hidden\" name=\"_wpcf7_version\" value=\"6.1.5\" \/><input type=\"hidden\" name=\"_wpcf7_locale\" value=\"es_ES\" \/><input type=\"hidden\" name=\"_wpcf7_unit_tag\" value=\"wpcf7-f1939-o1\" \/><input type=\"hidden\" name=\"_wpcf7_container_post\" value=\"0\" \/><input type=\"hidden\" name=\"_wpcf7_posted_data_hash\" value=\"\" \/><input type=\"hidden\" name=\"_wpcf7_recaptcha_response\" value=\"\" \/> <\/fieldset> <div class=\"fieldset-cf7mls-wrapper\" data-transition-effects><fieldset class=\"fieldset-cf7mls cf7mls_current_fs\"><h2 class=\"section-online-reservation-page-sub-title\">\u00bfPara qu\u00e9 servicio desea concertar una cita? <\/h2> <p><span class=\"wpcf7-form-control-wrap\" data-name=\"your-service\"><span class=\"wpcf7-form-control wpcf7-radio\"><span class=\"wpcf7-list-item first last\"><label><input type=\"radio\" name=\"your-service\" value=\"Trasplante Capilar\" checked=\"checked\" \/><span class=\"wpcf7-list-item-label\">Trasplante Capilar<\/span><\/label><\/span><\/span><\/span> <\/p> <div class=\"cf7mls-btns\"><button type=\"button\" class=\"cf7mls_next cf7mls_btn action-button\" name=\"cf7mls_next\" id=\"cf7mls-next-btn-cf7mls_step-1\">Siguiente<img decoding=\"async\" src=\"https:\/\/www.anatomicaclinic.com\/wp-content\/plugins\/cf7-multi-step\/assets\/frontend\/img\/loader.svg\" alt=\"Step Loading\" data-lazy-src=\"https:\/\/www.anatomicaclinic.com\/wp-content\/plugins\/cf7-multi-step\/assets\/frontend\/img\/loader.svg\" style=\"display: none;\" \/><\/button><\/div><p><\/p><\/fieldset><fieldset class=\"fieldset-cf7mls\"> <\/p> <h2 class=\"section-online-reservation-page-sub-title\">Por favor seleccione una fecha <\/h2> <p><span class=\"wpcf7-form-control-wrap\" data-name=\"your-date\"><input class=\"wpcf7-form-control wpcf7-date wpcf7-validates-as-required wpcf7-validates-as-date required\" min=\"2022-01-01\" max=\"2023-12-31\" aria-required=\"true\" aria-invalid=\"false\" value=\"\" type=\"date\" name=\"your-date\" \/><\/span><div class=\"cf7mls-btns\"><button type=\"button\" class=\"cf7mls_back action-button\" name=\"cf7mls_back\" id=\"cf7mls-back-btn-cf7mls_step-2\">Regresar<\/button><button type=\"button\" class=\"cf7mls_next cf7mls_btn action-button\" name=\"cf7mls_next\" id=\"cf7mls-next-btn-cf7mls_step-2\">Siguiente<img decoding=\"async\" src=\"https:\/\/www.anatomicaclinic.com\/wp-content\/plugins\/cf7-multi-step\/assets\/frontend\/img\/loader.svg\" alt=\"Step Loading\" data-lazy-src=\"https:\/\/www.anatomicaclinic.com\/wp-content\/plugins\/cf7-multi-step\/assets\/frontend\/img\/loader.svg\" style=\"display: none;\" \/><\/button><\/div><p><\/p><\/fieldset><fieldset class=\"fieldset-cf7mls\"> <\/p> <h2 class=\"section-online-reservation-page-sub-title\">Por favor ingrese su informaci\u00f3n personal <\/h2> <div class=\"row group gutters maxWidth600\"> \t<div class=\"col span_6\"> \t\t<p><label> <span class=\"wpcf7-form-control-wrap\" data-name=\"your-name\"><input size=\"40\" maxlength=\"400\" class=\"wpcf7-form-control wpcf7-text wpcf7-validates-as-required\" aria-required=\"true\" aria-invalid=\"false\" placeholder=\"Nombre y apellido\" value=\"\" type=\"text\" name=\"your-name\" \/><\/span><\/label> \t\t<\/p> \t<\/div> \t<div class=\"col span_6\"> \t\t<p><label> <span class=\"wpcf7-form-control-wrap\" data-name=\"your-tel\"><input size=\"40\" maxlength=\"400\" class=\"wpcf7-form-control wpcf7-tel wpcf7-validates-as-required wpcf7-text wpcf7-validates-as-tel\" aria-required=\"true\" aria-invalid=\"false\" placeholder=\"N\u00famero de tel\u00e9fono\" value=\"\" type=\"tel\" name=\"your-tel\" \/><\/span><\/label> \t\t<\/p> \t<\/div> <\/div> <div class=\"row group gutters maxWidth600\"> \t<div class=\"col span_12\"> \t\t<p><label> <span class=\"wpcf7-form-control-wrap\" data-name=\"your-email\"><input size=\"40\" maxlength=\"400\" class=\"wpcf7-form-control wpcf7-email wpcf7-validates-as-required wpcf7-text wpcf7-validates-as-email\" aria-required=\"true\" aria-invalid=\"false\" placeholder=\"E-Mail\" value=\"\" type=\"email\" name=\"your-email\" \/><\/span><\/label> \t\t<\/p> \t<\/div> <\/div> <div class=\"cf7mls-btns\"><button type=\"button\" class=\"cf7mls_back action-button\" name=\"cf7mls_back\" id=\"cf7mls-back-btn-cf7mls_step-3\">Regresar<\/button><button type=\"button\" class=\"cf7mls_next cf7mls_btn action-button\" name=\"cf7mls_next\" id=\"cf7mls-next-btn-cf7mls_step-3\">Siguiente<img decoding=\"async\" src=\"https:\/\/www.anatomicaclinic.com\/wp-content\/plugins\/cf7-multi-step\/assets\/frontend\/img\/loader.svg\" alt=\"Step Loading\" data-lazy-src=\"https:\/\/www.anatomicaclinic.com\/wp-content\/plugins\/cf7-multi-step\/assets\/frontend\/img\/loader.svg\" style=\"display: none;\" \/><\/button><\/div><p><\/p><\/fieldset><fieldset class=\"fieldset-cf7mls\"> <\/p> <h2 class=\"section-online-reservation-page-sub-title\">Por favor confirme su cita <\/h2> <div class=\"row group bordered\"> \t<div class=\"col span_6\"> \t\t<div id=\"bolum\" class=\"last-step-item\"> \t\t\t<p><span class=\"label\">Secci\u00f3n<\/span><span class=\"value\">Sa\u00e7 Ekimi<\/span> \t\t\t<\/p> \t\t<\/div> \t<\/div> \t<div class=\"col span_6\"> \t\t<div id=\"randevu_tarihi\" class=\"last-step-item\"> \t\t\t<p><span class=\"label\">D\u00eda de la cita<\/span><span class=\"value\"><\/span> \t\t\t<\/p> \t\t<\/div> \t<\/div> <\/div> <div class=\"row group bordered\"> \t<div class=\"col span_6\"> \t\t<div id=\"name_surname\" class=\"last-step-item\"> \t\t\t<p><span class=\"label\">Nombre y apellido<\/span><span class=\"value\"><\/span> \t\t\t<\/p> \t\t<\/div> \t<\/div> \t<div class=\"col span_6\"> \t\t<div id=\"phone\" class=\"last-step-item\"> \t\t\t<p><span class=\"label\">N\u00famero de tel\u00e9fono<\/span><span class=\"value\"><\/span> \t\t\t<\/p> \t\t<\/div> \t<\/div> <\/div> <div class=\"row group bordered\"> \t<div class=\"col span_6\"> \t\t<div id=\"email\" class=\"last-step-item\"> \t\t\t<p><span class=\"label\">E-Mail<\/span><span class=\"value\"><\/span> \t\t\t<\/p> \t\t<\/div> \t<\/div> \t<div class=\"col span_6\"> \t\t<div id=\"last_item\" class=\"last-step-item\"> \t\t<\/div> \t<\/div> <\/div> <div class=\"row group gutters\"> \t<div class=\"col span_12\"> \t\t<p><span class=\"wpcf7-form-control-wrap\" data-name=\"your-kvkk\"><span class=\"wpcf7-form-control wpcf7-acceptance\"><span class=\"wpcf7-list-item\"><label><input type=\"checkbox\" name=\"your-kvkk\" value=\"1\" class=\"required\" aria-invalid=\"false\" \/><span class=\"wpcf7-list-item-label\">De acuerdo con el RGPD, acepto que he le\u00eddo y comprendido la Pol\u00edtica de privacidad del RGPD de Anatomia Sa\u011fl\u0131k Hizmetleri Co. Ltd. y las empresas del grupo.<\/span><\/label><\/span><\/span><\/span> \t\t<\/p> \t<\/div> <\/div> <div class=\"row group gutters\"> \t<div class=\"col span_12\"> \t\t<p><span class=\"wpcf7-form-control-wrap\" data-name=\"your-kvkk2\"><span class=\"wpcf7-form-control wpcf7-acceptance\"><span class=\"wpcf7-list-item\"><label><input type=\"checkbox\" name=\"your-kvkk2\" value=\"1\" class=\"required\" aria-invalid=\"false\" \/><span class=\"wpcf7-list-item-label\">De conformidad con lo que establece la Ley N\u00b0 6563 sobre la Regulaci\u00f3n del Comercio Electr\u00f3nico y la Ley de Protecci\u00f3n de Datos Personales N\u00b0 6698, Anatomia Sa\u011fl\u0131k Hizmetleri LTD. ITS. y empresas del grupo pueden enviarme informaci\u00f3n y mensajes de marketing con contenido de audio y visual sobre campa\u00f1as y otras noticias a trav\u00e9s de correo electr\u00f3nico, tel\u00e9fono y canales de comunicaci\u00f3n similares y que mis datos personales se procesan para este prop\u00f3sito.<\/span><\/label><\/span><\/span><\/span> \t\t<\/p> \t<\/div> <\/div> <input class=\"wpcf7-form-control wpcf7-hidden\" value=\"Unknown\" type=\"hidden\" name=\"your-country\" \/> <input class=\"wpcf7-form-control wpcf7-hidden\" value=\"\" type=\"hidden\" name=\"utm_campaign\" \/> <input class=\"wpcf7-form-control wpcf7-hidden\" value=\"\" type=\"hidden\" name=\"utm_source\" \/> <input class=\"wpcf7-form-control wpcf7-hidden\" value=\"\" type=\"hidden\" name=\"utm_medium\" \/> <input class=\"wpcf7-form-control wpcf7-hidden\" value=\"\" type=\"hidden\" name=\"utm_term\" \/> <input class=\"wpcf7-form-control wpcf7-hidden\" value=\"\" type=\"hidden\" name=\"utm_content\" \/> <input class=\"wpcf7-form-control wpcf7-hidden\" value=\"\" type=\"hidden\" name=\"gclid\" \/> <p><input class=\"wpcf7-form-control wpcf7-submit has-spinner\" type=\"submit\" value=\"Enviar\" \/><div class=\"cf7mls-btns cf7mls-btns-last-step\"><button type=\"button\" class=\"cf7mls_back action-button\" name=\"cf7mls_back\" id=\"cf7mls-back-btn-cf7mls_step-4\">Regresar<\/button><button type=\"button\" style=\"display: none;\" class=\"cf7mls_next cf7mls_btn action-button\" name=\"cf7mls_next\" id=\"cf7mls-next-btn-cf7mls_step-4\"><img decoding=\"async\" src=\"https:\/\/www.anatomicaclinic.com\/wp-content\/plugins\/cf7-multi-step\/assets\/frontend\/img\/loader.svg\" alt=\"Step Loading\" data-lazy-src=\"https:\/\/www.anatomicaclinic.com\/wp-content\/plugins\/cf7-multi-step\/assets\/frontend\/img\/loader.svg\" style=\"display: none;\" \/><\/button> <\/p><\/fieldset><\/div><div class=\"wpcf7-response-output\" aria-hidden=\"true\"><\/div> <\/form> <\/div> [\/vc_column][\/vc_row][\/vc_section]<\/p> <\/div>","protected":false},"excerpt":{"rendered":"[vc_section el_id=\u00bbsection-online-reservation-page\u00bb][vc_row el_class=\u00bbcontainer_1200&#8243;][vc_column][vc_custom_heading text=\u00bbCita en L\u00ednea\u00bb use_theme_fonts=\u00bbyes\u00bb el_class=\u00bbsection-online-reservation-page-title\u00bb][\/vc_column][\/vc_row][\/vc_section]","protected":false},"author":10,"featured_media":0,"parent":0,"menu_order":0,"comment_status":"closed","ping_status":"closed","template":"","meta":{"footnotes":""},"class_list":["post-1940","page","type-page","status-publish","hentry"],"yoast_head":"<!-- This site is optimized with the Yoast SEO plugin v27.0 - https:\/\/yoast.com\/product\/yoast-seo-wordpress\/ -->\n<title>Cita en L\u00ednea - Anatomica Cl\u00ednica<\/title>\n<meta name=\"description\" content=\"Cita en L\u00ednea - Anatomica Cl\u00ednica\" \/>\n<meta name=\"robots\" content=\"index, follow, max-snippet:-1, max-image-preview:large, max-video-preview:-1\" \/>\n<link rel=\"canonical\" href=\"https:\/\/www.anatomicaclinic.com\/es\/?page_id=1940\" \/>\n<meta property=\"og:locale\" content=\"es_ES\" \/>\n<meta property=\"og:type\" content=\"article\" \/>\n<meta property=\"og:title\" content=\"Cita en L\u00ednea - Anatomica Cl\u00ednica\" \/>\n<meta property=\"og:description\" content=\"Cita en L\u00ednea - Anatomica Cl\u00ednica\" \/>\n<meta property=\"og:url\" content=\"https:\/\/www.anatomicaclinic.com\/es\/?page_id=1940\" \/>\n<meta property=\"og:site_name\" content=\"Anatomica Cl\u00ednica\" \/>\n<meta property=\"article:publisher\" content=\"https:\/\/www.facebook.com\/anatomicadominican\" \/>\n<meta property=\"article:modified_time\" content=\"2026-02-11T11:45:15+00:00\" \/>\n<meta name=\"twitter:card\" content=\"summary_large_image\" \/>\n<meta name=\"twitter:label1\" content=\"Tiempo de lectura\" \/>\n\t<meta name=\"twitter:data1\" content=\"1 minuto\" \/>\n<script type=\"application\/ld+json\" class=\"yoast-schema-graph\">{\"@context\":\"https:\/\/schema.org\",\"@graph\":[{\"@type\":\"WebPage\",\"@id\":\"https:\/\/www.anatomicaclinic.com\/es\/?page_id=1940\",\"url\":\"https:\/\/www.anatomicaclinic.com\/es\/?page_id=1940\",\"name\":\"Cita en L\u00ednea - Anatomica Cl\u00ednica\",\"isPartOf\":{\"@id\":\"https:\/\/www.anatomicaclinic.com\/#website\"},\"datePublished\":\"2022-07-01T19:05:52+00:00\",\"dateModified\":\"2026-02-11T11:45:15+00:00\",\"description\":\"Cita en L\u00ednea - Anatomica Cl\u00ednica\",\"breadcrumb\":{\"@id\":\"https:\/\/www.anatomicaclinic.com\/es\/?page_id=1940#breadcrumb\"},\"inLanguage\":\"es\",\"potentialAction\":[{\"@type\":\"ReadAction\",\"target\":[\"https:\/\/www.anatomicaclinic.com\/es\/?page_id=1940\"]}]},{\"@type\":\"BreadcrumbList\",\"@id\":\"https:\/\/www.anatomicaclinic.com\/es\/?page_id=1940#breadcrumb\",\"itemListElement\":[{\"@type\":\"ListItem\",\"position\":1,\"name\":\"Anasayfa\",\"item\":\"https:\/\/www.anatomicaclinic.com\/es\/\"},{\"@type\":\"ListItem\",\"position\":2,\"name\":\"Cita en L\u00ednea\"}]},{\"@type\":\"WebSite\",\"@id\":\"https:\/\/www.anatomicaclinic.com\/#website\",\"url\":\"https:\/\/www.anatomicaclinic.com\/\",\"name\":\"Anatomica Clinic\",\"description\":\"Anatomica\",\"publisher\":{\"@id\":\"https:\/\/www.anatomicaclinic.com\/#organization\"},\"alternateName\":\"Anatomica Clinic International\",\"potentialAction\":[{\"@type\":\"SearchAction\",\"target\":{\"@type\":\"EntryPoint\",\"urlTemplate\":\"https:\/\/www.anatomicaclinic.com\/?s={search_term_string}\"},\"query-input\":{\"@type\":\"PropertyValueSpecification\",\"valueRequired\":true,\"valueName\":\"search_term_string\"}}],\"inLanguage\":\"es\"},{\"@type\":\"Organization\",\"@id\":\"https:\/\/www.anatomicaclinic.com\/#organization\",\"name\":\"Anatomica Clinic Dominicana\",\"url\":\"https:\/\/www.anatomicaclinic.com\/\",\"logo\":{\"@type\":\"ImageObject\",\"inLanguage\":\"es\",\"@id\":\"https:\/\/www.anatomicaclinic.com\/#\/schema\/logo\/image\/\",\"url\":\"https:\/\/www.anatomicaclinic.com\/wp-content\/uploads\/2023\/11\/8aa015e1-a0cd-4d48-b1d5-c9598cbdad99.jpg\",\"contentUrl\":\"https:\/\/www.anatomicaclinic.com\/wp-content\/uploads\/2023\/11\/8aa015e1-a0cd-4d48-b1d5-c9598cbdad99.jpg\",\"width\":1600,\"height\":1600,\"caption\":\"Anatomica Clinic Dominicana\"},\"image\":{\"@id\":\"https:\/\/www.anatomicaclinic.com\/#\/schema\/logo\/image\/\"},\"sameAs\":[\"https:\/\/www.facebook.com\/anatomicadominican\",\"https:\/\/instagram.com\/anatomicadominican\"]}]}<\/script>\n<!-- \/ Yoast SEO plugin. -->","yoast_head_json":{"title":"Cita en L\u00ednea - Anatomica Cl\u00ednica","description":"Cita en L\u00ednea - Anatomica Cl\u00ednica","robots":{"index":"index","follow":"follow","max-snippet":"max-snippet:-1","max-image-preview":"max-image-preview:large","max-video-preview":"max-video-preview:-1"},"canonical":"https:\/\/www.anatomicaclinic.com\/es\/?page_id=1940","og_locale":"es_ES","og_type":"article","og_title":"Cita en L\u00ednea - Anatomica Cl\u00ednica","og_description":"Cita en L\u00ednea - Anatomica Cl\u00ednica","og_url":"https:\/\/www.anatomicaclinic.com\/es\/?page_id=1940","og_site_name":"Anatomica Cl\u00ednica","article_publisher":"https:\/\/www.facebook.com\/anatomicadominican","article_modified_time":"2026-02-11T11:45:15+00:00","twitter_card":"summary_large_image","twitter_misc":{"Tiempo de lectura":"1 minuto"},"schema":{"@context":"https:\/\/schema.org","@graph":[{"@type":"WebPage","@id":"https:\/\/www.anatomicaclinic.com\/es\/?page_id=1940","url":"https:\/\/www.anatomicaclinic.com\/es\/?page_id=1940","name":"Cita en L\u00ednea - Anatomica Cl\u00ednica","isPartOf":{"@id":"https:\/\/www.anatomicaclinic.com\/#website"},"datePublished":"2022-07-01T19:05:52+00:00","dateModified":"2026-02-11T11:45:15+00:00","description":"Cita en L\u00ednea - Anatomica Cl\u00ednica","breadcrumb":{"@id":"https:\/\/www.anatomicaclinic.com\/es\/?page_id=1940#breadcrumb"},"inLanguage":"es","potentialAction":[{"@type":"ReadAction","target":["https:\/\/www.anatomicaclinic.com\/es\/?page_id=1940"]}]},{"@type":"BreadcrumbList","@id":"https:\/\/www.anatomicaclinic.com\/es\/?page_id=1940#breadcrumb","itemListElement":[{"@type":"ListItem","position":1,"name":"Anasayfa","item":"https:\/\/www.anatomicaclinic.com\/es\/"},{"@type":"ListItem","position":2,"name":"Cita en L\u00ednea"}]},{"@type":"WebSite","@id":"https:\/\/www.anatomicaclinic.com\/#website","url":"https:\/\/www.anatomicaclinic.com\/","name":"Anatomica Clinic","description":"Anatomica","publisher":{"@id":"https:\/\/www.anatomicaclinic.com\/#organization"},"alternateName":"Anatomica Clinic International","potentialAction":[{"@type":"SearchAction","target":{"@type":"EntryPoint","urlTemplate":"https:\/\/www.anatomicaclinic.com\/?s={search_term_string}"},"query-input":{"@type":"PropertyValueSpecification","valueRequired":true,"valueName":"search_term_string"}}],"inLanguage":"es"},{"@type":"Organization","@id":"https:\/\/www.anatomicaclinic.com\/#organization","name":"Anatomica Clinic Dominicana","url":"https:\/\/www.anatomicaclinic.com\/","logo":{"@type":"ImageObject","inLanguage":"es","@id":"https:\/\/www.anatomicaclinic.com\/#\/schema\/logo\/image\/","url":"https:\/\/www.anatomicaclinic.com\/wp-content\/uploads\/2023\/11\/8aa015e1-a0cd-4d48-b1d5-c9598cbdad99.jpg","contentUrl":"https:\/\/www.anatomicaclinic.com\/wp-content\/uploads\/2023\/11\/8aa015e1-a0cd-4d48-b1d5-c9598cbdad99.jpg","width":1600,"height":1600,"caption":"Anatomica Clinic Dominicana"},"image":{"@id":"https:\/\/www.anatomicaclinic.com\/#\/schema\/logo\/image\/"},"sameAs":["https:\/\/www.facebook.com\/anatomicadominican","https:\/\/instagram.com\/anatomicadominican"]}]}},"_links":{"self":[{"href":"https:\/\/www.anatomicaclinic.com\/es\/wp-json\/wp\/v2\/pages\/1940","targetHints":{"allow":["GET"]}}],"collection":[{"href":"https:\/\/www.anatomicaclinic.com\/es\/wp-json\/wp\/v2\/pages"}],"about":[{"href":"https:\/\/www.anatomicaclinic.com\/es\/wp-json\/wp\/v2\/types\/page"}],"author":[{"embeddable":true,"href":"https:\/\/www.anatomicaclinic.com\/es\/wp-json\/wp\/v2\/users\/10"}],"replies":[{"embeddable":true,"href":"https:\/\/www.anatomicaclinic.com\/es\/wp-json\/wp\/v2\/comments?post=1940"}],"version-history":[{"count":1,"href":"https:\/\/www.anatomicaclinic.com\/es\/wp-json\/wp\/v2\/pages\/1940\/revisions"}],"predecessor-version":[{"id":8659,"href":"https:\/\/www.anatomicaclinic.com\/es\/wp-json\/wp\/v2\/pages\/1940\/revisions\/8659"}],"wp:attachment":[{"href":"https:\/\/www.anatomicaclinic.com\/es\/wp-json\/wp\/v2\/media?parent=1940"}],"curies":[{"name":"wp","href":"https:\/\/api.w.org\/{rel}","templated":true}]}}