{"id":8210,"date":"2022-07-05T17:02:59","date_gmt":"2022-07-05T17:02:59","guid":{"rendered":"https:\/\/www.anatomicaclinic.com\/cookie-policy\/"},"modified":"2026-02-11T11:45:16","modified_gmt":"2026-02-11T11:45:16","slug":"politica-de-cookies","status":"publish","type":"page","link":"https:\/\/www.anatomicaclinic.com\/es\/politica-de-cookies\/","title":{"rendered":"POL\u00cdTICA DE COOKIES"},"content":{"rendered":"<div class=\"wpb-content-wrapper\"><p>[vc_section el_id=\u00bbsection-page-kvkk\u00bb][vc_row el_class=\u00bbcontainer_1200&#8243; css=\u00bb.vc_custom_1758809527235{margin-top: 50px !important;}\u00bb][vc_column][vc_custom_heading text=\u00bbPOL\u00cdTICA DE COOKIES\u00bb font_container=\u00bbtag:h2|font_size:24px|text_align:left|line_height:24px\u00bb use_theme_fonts=\u00bbyes\u00bb css=\u00bb\u00bb][vc_column_text css=\u00bb\u00bb]Cuando visita nuestros sitios web, sitios m\u00f3viles o aplicaciones m\u00f3viles, recopilamos sus datos personales para muchos prop\u00f3sitos diferentes a trav\u00e9s de \u00abcookies\u00bb. Nuestro objetivo es ser lo m\u00e1s abiertos y transparentes posible con usted en este asunto. Esta pol\u00edtica ha sido creada para explicarle qu\u00e9 son las cookies y c\u00f3mo las utilizamos. Tambi\u00e9n explicamos los diferentes tipos de cookies que utilizamos y c\u00f3mo puede cambiarlas o eliminarlas. Esperamos que esta pol\u00edtica le proporcione informaci\u00f3n comprensible sobre el uso de cookies y tambi\u00e9n le ayude a sentirse seguro. Si tiene m\u00e1s preguntas sobre este asunto, no dude en contactarnos.<\/p> <p>&nbsp;<\/p> <p>Esta Pol\u00edtica de Cookies puede ser modificada en cualquier momento con fines de revisi\u00f3n. Para ver cu\u00e1ndo fue revisada esta Pol\u00edtica de Cookies, por favor consulte la expresi\u00f3n \u00abFECHA\u00bb en la parte superior de esta p\u00e1gina.<\/p> <p>&nbsp;<\/p> <p>Cualquier cambio a esta Pol\u00edtica de Cookies se vuelve v\u00e1lido cuando hacemos disponible la Pol\u00edtica de Cookies en nuestro Sitio o a trav\u00e9s del Sitio. Para obtener informaci\u00f3n m\u00e1s detallada sobre sus datos personales recopilados a trav\u00e9s de cookies, por favor revise nuestra Pol\u00edtica de Protecci\u00f3n de Datos Personales y Privacidad.<\/p> <p>&nbsp;<\/p> <p><strong>\u00bfQu\u00e9 es una Cookie?<\/strong><\/p> <p>Una cookie del navegador es un fragmento de datos almacenado en su dispositivo que ayuda a los sitios web y aplicaciones m\u00f3viles a recordar informaci\u00f3n sobre usted. Otras tecnolog\u00edas relacionadas con dispositivos como el almacenamiento de internet e identificadores tambi\u00e9n pueden ser utilizadas para prop\u00f3sitos similares. En esta pol\u00edtica, nos referiremos a todas las dem\u00e1s tecnolog\u00edas como \u00abCookies\u00bb.<\/p> <p>&nbsp;<\/p> <p><strong>\u00bfPara Qu\u00e9 Prop\u00f3sitos Utilizamos las Cookies?<\/strong><\/p> <p>Utilizamos cookies para proteger sus datos y cuenta, identificar las caracter\u00edsticas m\u00e1s populares, contar el acceso a una p\u00e1gina, mejorar la experiencia del usuario, mantener nuestros servicios seguros, hacer nuestro sitio web m\u00e1s f\u00e1cil de usar, ajustar nuestro sitio web a sus intereses y necesidades, y realizar actividades de publicidad conductual en l\u00ednea para nuestros usuarios. Las cookies recuerdan informaci\u00f3n sobre usted para realizar las funciones mencionadas anteriormente y nos ayudan a proporcionarle estos servicios.<\/p> <p>&nbsp;<\/p> <p><strong>Tipos de Cookies<\/strong><\/p> <p>A continuaci\u00f3n hemos enumerado los tipos de cookies que utilizamos en nuestro sitio web, sitio m\u00f3vil y aplicaciones m\u00f3viles.<\/p> <p>A trav\u00e9s de estas cookies, sus datos personales son procesados, y para obtener informaci\u00f3n m\u00e1s detallada sobre este asunto, por favor revise la Pol\u00edtica de Protecci\u00f3n de Datos Personales y Privacidad.<\/p> <p>&nbsp;<\/p> <p><strong>Tipos de Cookies Utilizadas en Nuestro Sitio Web<\/strong><\/p> <ol> <li><strong>Cookies de Sesi\u00f3n:<\/strong> Las cookies de sesi\u00f3n son cookies temporales utilizadas durante las visitas de nuestros visitantes al Sitio Web y se eliminan despu\u00e9s de cerrar el navegador. El prop\u00f3sito principal de utilizar estos tipos de cookies es asegurar el funcionamiento adecuado del Sitio Web durante su visita. Por ejemplo, le permiten completar formularios en l\u00ednea que constan de m\u00faltiples p\u00e1ginas.<\/li> <li><strong>Cookies Persistentes:<\/strong> Las cookies persistentes son tipos de cookies utilizadas para aumentar la funcionalidad del Sitio Web y proporcionar a nuestros visitantes un servicio m\u00e1s r\u00e1pido y mejor. Estos tipos de cookies se utilizan para recordar sus preferencias y se almacenan en su dispositivo a trav\u00e9s de navegadores. Algunos tipos de cookies persistentes pueden ser utilizadas para proporcionarle sugerencias especiales, considerando aspectos como el prop\u00f3sito de su uso del Sitio Web. Gracias a las cookies persistentes, cuando visite nuestro Sitio Web nuevamente con el mismo dispositivo, se verifica si hay una cookie creada por nuestro Sitio Web en su dispositivo, y si es as\u00ed, se entiende que ha visitado previamente el sitio, y el contenido que se le entregar\u00e1 se determina en consecuencia, proporcion\u00e1ndole as\u00ed un mejor servicio.<\/li> <li><strong>Cookies Anal\u00edticas:<\/strong> Las cookies anal\u00edticas son cookies que permiten la producci\u00f3n de resultados anal\u00edticos como el n\u00famero de visitantes al sitio web, la determinaci\u00f3n de las p\u00e1ginas vistas en el sitio web, las horas de visita al sitio web y los movimientos de desplazamiento de p\u00e1ginas del sitio web.<\/li> <\/ol> <p>&nbsp;<\/p> <p><strong>Gesti\u00f3n de Cookies<\/strong><\/p> <p>La mayor\u00eda de los navegadores de internet est\u00e1n configurados para aceptar cookies autom\u00e1ticamente por defecto. Lo mismo se aplica cuando utiliza nuestro sitio web, sitios m\u00f3viles o aplicaciones m\u00f3viles. Si desea eliminar las cookies existentes de su dispositivo, puede hacerlo utilizando las opciones de su navegador. Tambi\u00e9n puede bloquear cookies en la configuraci\u00f3n de su navegador si no desea que se coloquen cookies en su dispositivo en el futuro. Tenga en cuenta que si elimina o bloquea las cookies que utilizamos, puede haber algunos efectos en su experiencia de usuario en nuestro sitio web, sitio m\u00f3vil o aplicaciones m\u00f3viles, y el sitio puede volverse inutilizable. A menos que cambie la configuraci\u00f3n de su navegador para bloquear cookies, incluso si ha eliminado previamente nuestras cookies, nuestro sistema colocar\u00e1 cookies cuando visite nuestro sitio o cuando haga clic en un enlace incluido en un correo electr\u00f3nico que le enviemos.<\/p> <p>&nbsp;<\/p> <p><strong>Para Contactarnos<\/strong><\/p> <p>Si tiene otras preguntas sobre nuestra \u00abPol\u00edtica de Cookies\u00bb, por favor cont\u00e1ctenos en info@anatomicaclinic.com. Adem\u00e1s, si llega a la direcci\u00f3n proporcionada en nuestra p\u00e1gina de contacto, estaremos encantados de ayudarle con sus preguntas dentro del marco de nuestra \u00abPol\u00edtica de Cookies\u00bb.[\/vc_column_text][\/vc_column][\/vc_row][\/vc_section]<\/p> <\/div>","protected":false},"excerpt":{"rendered":"[vc_section el_id=\u00bbsection-page-kvkk\u00bb][vc_row el_class=\u00bbcontainer_1200&#8243; css=\u00bb.vc_custom_1758809527235{margin-top: 50px !important;}\u00bb][vc_column][vc_custom_heading text=\u00bbPOL\u00cdTICA DE COOKIES\u00bb font_container=\u00bbtag:h2|font_size:24px|text_align:left|line_height:24px\u00bb use_theme_fonts=\u00bbyes\u00bb css=\u00bb\u00bb][vc_column_text css=\u00bb\u00bb]Cuando visita nuestros sitios web, sitios m\u00f3viles o aplicaciones m\u00f3viles, recopilamos sus datos personales para muchos prop\u00f3sitos diferentes a trav\u00e9s de \u00abcookies\u00bb. Nuestro objetivo es ser lo m\u00e1s abiertos y transparentes posible con usted en este asunto. Esta pol\u00edtica ha sido creada para&#8230; <a class=\"view-article\" href=\"https:\/\/www.anatomicaclinic.com\/es\/politica-de-cookies\/\">Ver art\u00edculo<\/a>","protected":false},"author":10,"featured_media":0,"parent":0,"menu_order":0,"comment_status":"closed","ping_status":"closed","template":"","meta":{"footnotes":""},"class_list":["post-8210","page","type-page","status-publish","hentry"],"yoast_head":"<!-- This site is optimized with the Yoast SEO plugin v27.0 - https:\/\/yoast.com\/product\/yoast-seo-wordpress\/ -->\n<title>POL\u00cdTICA DE COOKIES - Anatomica Cl\u00ednica<\/title>\n<meta name=\"description\" content=\"POL\u00cdTICA DE COOKIES - Anatomica Cl\u00ednica\" \/>\n<meta name=\"robots\" content=\"index, follow, max-snippet:-1, max-image-preview:large, max-video-preview:-1\" \/>\n<link rel=\"canonical\" href=\"https:\/\/www.anatomicaclinic.com\/es\/?page_id=8210\" \/>\n<meta property=\"og:locale\" content=\"es_ES\" \/>\n<meta property=\"og:type\" content=\"article\" \/>\n<meta property=\"og:title\" content=\"POL\u00cdTICA DE COOKIES - Anatomica Cl\u00ednica\" \/>\n<meta property=\"og:description\" content=\"POL\u00cdTICA DE COOKIES - Anatomica Cl\u00ednica\" \/>\n<meta property=\"og:url\" content=\"https:\/\/www.anatomicaclinic.com\/es\/?page_id=8210\" \/>\n<meta property=\"og:site_name\" content=\"Anatomica Cl\u00ednica\" \/>\n<meta property=\"article:publisher\" content=\"https:\/\/www.facebook.com\/anatomicadominican\" \/>\n<meta property=\"article:modified_time\" content=\"2026-02-11T11:45:16+00:00\" \/>\n<meta name=\"twitter:card\" content=\"summary_large_image\" \/>\n<meta name=\"twitter:label1\" content=\"Tiempo de lectura\" \/>\n\t<meta name=\"twitter:data1\" content=\"6 minutos\" \/>\n<script type=\"application\/ld+json\" class=\"yoast-schema-graph\">{\"@context\":\"https:\/\/schema.org\",\"@graph\":[{\"@type\":\"WebPage\",\"@id\":\"https:\/\/www.anatomicaclinic.com\/es\/?page_id=8210\",\"url\":\"https:\/\/www.anatomicaclinic.com\/es\/?page_id=8210\",\"name\":\"POL\u00cdTICA DE COOKIES - Anatomica Cl\u00ednica\",\"isPartOf\":{\"@id\":\"https:\/\/www.anatomicaclinic.com\/#website\"},\"datePublished\":\"2022-07-05T17:02:59+00:00\",\"dateModified\":\"2026-02-11T11:45:16+00:00\",\"description\":\"POL\u00cdTICA DE COOKIES - Anatomica Cl\u00ednica\",\"breadcrumb\":{\"@id\":\"https:\/\/www.anatomicaclinic.com\/es\/?page_id=8210#breadcrumb\"},\"inLanguage\":\"es\",\"potentialAction\":[{\"@type\":\"ReadAction\",\"target\":[\"https:\/\/www.anatomicaclinic.com\/es\/?page_id=8210\"]}]},{\"@type\":\"BreadcrumbList\",\"@id\":\"https:\/\/www.anatomicaclinic.com\/es\/?page_id=8210#breadcrumb\",\"itemListElement\":[{\"@type\":\"ListItem\",\"position\":1,\"name\":\"Anasayfa\",\"item\":\"https:\/\/www.anatomicaclinic.com\/es\/\"},{\"@type\":\"ListItem\",\"position\":2,\"name\":\"POL\u00cdTICA DE COOKIES\"}]},{\"@type\":\"WebSite\",\"@id\":\"https:\/\/www.anatomicaclinic.com\/#website\",\"url\":\"https:\/\/www.anatomicaclinic.com\/\",\"name\":\"Anatomica Clinic\",\"description\":\"Anatomica\",\"publisher\":{\"@id\":\"https:\/\/www.anatomicaclinic.com\/#organization\"},\"alternateName\":\"Anatomica Clinic International\",\"potentialAction\":[{\"@type\":\"SearchAction\",\"target\":{\"@type\":\"EntryPoint\",\"urlTemplate\":\"https:\/\/www.anatomicaclinic.com\/?s={search_term_string}\"},\"query-input\":{\"@type\":\"PropertyValueSpecification\",\"valueRequired\":true,\"valueName\":\"search_term_string\"}}],\"inLanguage\":\"es\"},{\"@type\":\"Organization\",\"@id\":\"https:\/\/www.anatomicaclinic.com\/#organization\",\"name\":\"Anatomica Clinic Dominicana\",\"url\":\"https:\/\/www.anatomicaclinic.com\/\",\"logo\":{\"@type\":\"ImageObject\",\"inLanguage\":\"es\",\"@id\":\"https:\/\/www.anatomicaclinic.com\/#\/schema\/logo\/image\/\",\"url\":\"https:\/\/www.anatomicaclinic.com\/wp-content\/uploads\/2023\/11\/8aa015e1-a0cd-4d48-b1d5-c9598cbdad99.jpg\",\"contentUrl\":\"https:\/\/www.anatomicaclinic.com\/wp-content\/uploads\/2023\/11\/8aa015e1-a0cd-4d48-b1d5-c9598cbdad99.jpg\",\"width\":1600,\"height\":1600,\"caption\":\"Anatomica Clinic Dominicana\"},\"image\":{\"@id\":\"https:\/\/www.anatomicaclinic.com\/#\/schema\/logo\/image\/\"},\"sameAs\":[\"https:\/\/www.facebook.com\/anatomicadominican\",\"https:\/\/instagram.com\/anatomicadominican\"]}]}<\/script>\n<!-- \/ Yoast SEO plugin. -->","yoast_head_json":{"title":"POL\u00cdTICA DE COOKIES - Anatomica Cl\u00ednica","description":"POL\u00cdTICA DE COOKIES - Anatomica Cl\u00ednica","robots":{"index":"index","follow":"follow","max-snippet":"max-snippet:-1","max-image-preview":"max-image-preview:large","max-video-preview":"max-video-preview:-1"},"canonical":"https:\/\/www.anatomicaclinic.com\/es\/?page_id=8210","og_locale":"es_ES","og_type":"article","og_title":"POL\u00cdTICA DE COOKIES - Anatomica Cl\u00ednica","og_description":"POL\u00cdTICA DE COOKIES - Anatomica Cl\u00ednica","og_url":"https:\/\/www.anatomicaclinic.com\/es\/?page_id=8210","og_site_name":"Anatomica Cl\u00ednica","article_publisher":"https:\/\/www.facebook.com\/anatomicadominican","article_modified_time":"2026-02-11T11:45:16+00:00","twitter_card":"summary_large_image","twitter_misc":{"Tiempo de lectura":"6 minutos"},"schema":{"@context":"https:\/\/schema.org","@graph":[{"@type":"WebPage","@id":"https:\/\/www.anatomicaclinic.com\/es\/?page_id=8210","url":"https:\/\/www.anatomicaclinic.com\/es\/?page_id=8210","name":"POL\u00cdTICA DE COOKIES - Anatomica Cl\u00ednica","isPartOf":{"@id":"https:\/\/www.anatomicaclinic.com\/#website"},"datePublished":"2022-07-05T17:02:59+00:00","dateModified":"2026-02-11T11:45:16+00:00","description":"POL\u00cdTICA DE COOKIES - Anatomica Cl\u00ednica","breadcrumb":{"@id":"https:\/\/www.anatomicaclinic.com\/es\/?page_id=8210#breadcrumb"},"inLanguage":"es","potentialAction":[{"@type":"ReadAction","target":["https:\/\/www.anatomicaclinic.com\/es\/?page_id=8210"]}]},{"@type":"BreadcrumbList","@id":"https:\/\/www.anatomicaclinic.com\/es\/?page_id=8210#breadcrumb","itemListElement":[{"@type":"ListItem","position":1,"name":"Anasayfa","item":"https:\/\/www.anatomicaclinic.com\/es\/"},{"@type":"ListItem","position":2,"name":"POL\u00cdTICA DE COOKIES"}]},{"@type":"WebSite","@id":"https:\/\/www.anatomicaclinic.com\/#website","url":"https:\/\/www.anatomicaclinic.com\/","name":"Anatomica Clinic","description":"Anatomica","publisher":{"@id":"https:\/\/www.anatomicaclinic.com\/#organization"},"alternateName":"Anatomica Clinic International","potentialAction":[{"@type":"SearchAction","target":{"@type":"EntryPoint","urlTemplate":"https:\/\/www.anatomicaclinic.com\/?s={search_term_string}"},"query-input":{"@type":"PropertyValueSpecification","valueRequired":true,"valueName":"search_term_string"}}],"inLanguage":"es"},{"@type":"Organization","@id":"https:\/\/www.anatomicaclinic.com\/#organization","name":"Anatomica Clinic Dominicana","url":"https:\/\/www.anatomicaclinic.com\/","logo":{"@type":"ImageObject","inLanguage":"es","@id":"https:\/\/www.anatomicaclinic.com\/#\/schema\/logo\/image\/","url":"https:\/\/www.anatomicaclinic.com\/wp-content\/uploads\/2023\/11\/8aa015e1-a0cd-4d48-b1d5-c9598cbdad99.jpg","contentUrl":"https:\/\/www.anatomicaclinic.com\/wp-content\/uploads\/2023\/11\/8aa015e1-a0cd-4d48-b1d5-c9598cbdad99.jpg","width":1600,"height":1600,"caption":"Anatomica Clinic Dominicana"},"image":{"@id":"https:\/\/www.anatomicaclinic.com\/#\/schema\/logo\/image\/"},"sameAs":["https:\/\/www.facebook.com\/anatomicadominican","https:\/\/instagram.com\/anatomicadominican"]}]}},"_links":{"self":[{"href":"https:\/\/www.anatomicaclinic.com\/es\/wp-json\/wp\/v2\/pages\/8210","targetHints":{"allow":["GET"]}}],"collection":[{"href":"https:\/\/www.anatomicaclinic.com\/es\/wp-json\/wp\/v2\/pages"}],"about":[{"href":"https:\/\/www.anatomicaclinic.com\/es\/wp-json\/wp\/v2\/types\/page"}],"author":[{"embeddable":true,"href":"https:\/\/www.anatomicaclinic.com\/es\/wp-json\/wp\/v2\/users\/10"}],"replies":[{"embeddable":true,"href":"https:\/\/www.anatomicaclinic.com\/es\/wp-json\/wp\/v2\/comments?post=8210"}],"version-history":[{"count":1,"href":"https:\/\/www.anatomicaclinic.com\/es\/wp-json\/wp\/v2\/pages\/8210\/revisions"}],"predecessor-version":[{"id":8667,"href":"https:\/\/www.anatomicaclinic.com\/es\/wp-json\/wp\/v2\/pages\/8210\/revisions\/8667"}],"wp:attachment":[{"href":"https:\/\/www.anatomicaclinic.com\/es\/wp-json\/wp\/v2\/media?parent=8210"}],"curies":[{"name":"wp","href":"https:\/\/api.w.org\/{rel}","templated":true}]}}