{"id":4445,"date":"2022-05-24T19:19:14","date_gmt":"2022-05-24T19:19:14","guid":{"rendered":"https:\/\/www.anatomicaclinic.com\/about-us\/"},"modified":"2026-02-11T11:44:54","modified_gmt":"2026-02-11T11:44:54","slug":"a-propos-de-nous","status":"publish","type":"page","link":"https:\/\/www.anatomicaclinic.com\/fr\/a-propos-de-nous\/","title":{"rendered":"A propos de nous"},"content":{"rendered":"<div class=\"wpb-content-wrapper\"><p>[vc_section el_id=\u00a0\u00bbsection-hakkimizda-section-1&Prime;][vc_row el_class=\u00a0\u00bbcontainer_1200&Prime;][vc_column][vc_row_inner][vc_column_inner][vc_single_image image=\u00a0\u00bb5153&Prime; img_size=\u00a0\u00bbfull\u00a0\u00bb el_class=\u00a0\u00bbdesktop\u00a0\u00bb][vc_single_image image=\u00a0\u00bb5041&Prime; img_size=\u00a0\u00bbfull\u00a0\u00bb el_class=\u00a0\u00bbmobile\u00a0\u00bb][vc_custom_heading text=\u00a0\u00bb\u00c0 Propos de Nous\u00a0\u00bb font_container=\u00a0\u00bbtag:h3|text_align:left\u00a0\u00bb use_theme_fonts=\u00a0\u00bbyes\u00a0\u00bb][vc_column_text css=\u00a0\u00bb\u00a0\u00bb]Le service de classe mondiale Anatomica dans les domaines de la greffe de cheveux et de l\u2019ORL \u00e0 Istanbul et en R\u00e9publique dominicaine avec son \u00e9quipe de sp\u00e9cialistes et ses installations de pointe. Avec une exp\u00e9rience de plus de 20 ans et 77.000 patients de plus de 45 pays, Anatomica est l\u2019un des principaux centres de greffe de cheveux. Repr\u00e9sentant le succ\u00e8s et la r\u00e9putation des \u00e9quipes turques de greffe de cheveux dans le monde, Anatomica a renforc\u00e9 son r\u00e9seau de services avec ses agences en Europe. Notre \u00e9quipe de greffe de cheveux, devenue aujourd&rsquo;hui une \u00e9quipe de r\u00e9f\u00e9rence en Europe, donne des s\u00e9minaires dans plus de 40 villes d&rsquo;Europe pour transmettre son savoir et son exp\u00e9rience.<\/p> <p>Anatomica a port\u00e9 son succ\u00e8s en R\u00e9publique Dominicaine en effectuant des op\u00e9rations sur de nombreux patients de toutes les r\u00e9gions du monde, en particulier d&rsquo;Am\u00e9rique du Nord et du Sud et en repr\u00e9sentant fi\u00e8rement et avec succ\u00e8s l&rsquo;exp\u00e9rience et la fiabilit\u00e9 turques en R\u00e9publique dominicaine.[\/vc_column_text][\/vc_column_inner][vc_column_inner][\/vc_column_inner][\/vc_row_inner][\/vc_column][\/vc_row][\/vc_section][vc_section el_id=\u00a0\u00bbsection-homepage-statistics\u00a0\u00bb][vc_row el_class=\u00a0\u00bbcontainer_1200&Prime;][vc_column][vc_row_inner el_id=\u00a0\u00bbsection-statistic-items\u00a0\u00bb css=\u00a0\u00bb.vc_custom_1652786401637{padding-top: 44px !important;}\u00a0\u00bb][vc_column_inner el_class=\u00a0\u00bbsection-statistic-item\u00a0\u00bb width=\u00a0\u00bb1\/4&Prime;][vc_single_image image=\u00a0\u00bb4364&Prime; img_size=\u00a0\u00bbfull\u00a0\u00bb el_class=\u00a0\u00bbstatistic-item-image\u00a0\u00bb][vc_custom_heading text=\u00a0\u00bb<i>25<\/i>+\u00a0\u00bb use_theme_fonts=\u00a0\u00bbyes\u00a0\u00bb css=\u00a0\u00bb\u00a0\u00bb el_class=\u00a0\u00bbstatistic-item-value\u00a0\u00bb el_id=\u00a0\u00bbnum1&Prime;][vc_custom_heading text=\u00a0\u00bbAns d&rsquo;experience\u00a0\u00bb use_theme_fonts=\u00a0\u00bbyes\u00a0\u00bb el_class=\u00a0\u00bbstatistic-item-title\u00a0\u00bb][\/vc_column_inner][vc_column_inner el_class=\u00a0\u00bbsection-statistic-item\u00a0\u00bb width=\u00a0\u00bb1\/4&Prime;][vc_single_image image=\u00a0\u00bb4365&Prime; img_size=\u00a0\u00bbfull\u00a0\u00bb el_class=\u00a0\u00bbstatistic-item-image\u00a0\u00bb][vc_custom_heading text=\u00a0\u00bb<i>45<\/i>+\u00a0\u00bb use_theme_fonts=\u00a0\u00bbyes\u00a0\u00bb el_class=\u00a0\u00bbstatistic-item-value\u00a0\u00bb el_id=\u00a0\u00bbnum2&Prime;][vc_custom_heading text=\u00a0\u00bbPays\u00a0\u00bb use_theme_fonts=\u00a0\u00bbyes\u00a0\u00bb el_class=\u00a0\u00bbstatistic-item-title\u00a0\u00bb][\/vc_column_inner][vc_column_inner el_class=\u00a0\u00bbsection-statistic-item\u00a0\u00bb width=\u00a0\u00bb1\/4&Prime;][vc_single_image image=\u00a0\u00bb4366&Prime; img_size=\u00a0\u00bbfull\u00a0\u00bb el_class=\u00a0\u00bbstatistic-item-image\u00a0\u00bb][vc_custom_heading text=\u00a0\u00bb<i>77<\/i>.b+\u00a0\u00bb use_theme_fonts=\u00a0\u00bbyes\u00a0\u00bb css=\u00a0\u00bb\u00a0\u00bb el_class=\u00a0\u00bbstatistic-item-value\u00a0\u00bb el_id=\u00a0\u00bbnum3&Prime;][vc_custom_heading text=\u00a0\u00bbPatients satisfaits\u00a0\u00bb use_theme_fonts=\u00a0\u00bbyes\u00a0\u00bb el_class=\u00a0\u00bbstatistic-item-title\u00a0\u00bb][\/vc_column_inner][vc_column_inner el_class=\u00a0\u00bbsection-statistic-item\u00a0\u00bb width=\u00a0\u00bb1\/4&Prime;][vc_single_image image=\u00a0\u00bb4367&Prime; img_size=\u00a0\u00bbfull\u00a0\u00bb el_class=\u00a0\u00bbstatistic-item-image\u00a0\u00bb][vc_custom_heading text=\u00a0\u00bb<i>90<\/i>+\u00a0\u00bb use_theme_fonts=\u00a0\u00bbyes\u00a0\u00bb el_class=\u00a0\u00bbstatistic-item-value\u00a0\u00bb el_id=\u00a0\u00bbnum4&Prime;][vc_custom_heading text=\u00a0\u00bbMembres de l&rsquo;\u00e9quipe d&rsquo;experts\u00a0\u00bb use_theme_fonts=\u00a0\u00bbyes\u00a0\u00bb el_class=\u00a0\u00bbstatistic-item-title\u00a0\u00bb][\/vc_column_inner][\/vc_row_inner][\/vc_column][\/vc_row][\/vc_section][vc_section el_id=\u00a0\u00bbsection-hakkimizda-experts\u00a0\u00bb][\/vc_section][vc_section el_id=\u00a0\u00bbsection-homepage-horizontal-contact-form\u00a0\u00bb css=\u00a0\u00bb.vc_custom_1653426814256{margin-top: 100px !important;margin-bottom: 158px !important;}\u00a0\u00bb][vc_row el_class=\u00a0\u00bbcontainer_1200&Prime;][vc_column] <div class=\"wpcf7 no-js\" id=\"wpcf7-f5622-o1\" lang=\"fr-FR\" dir=\"ltr\" data-wpcf7-id=\"5622\"> <div class=\"screen-reader-response\"><p role=\"status\" aria-live=\"polite\" aria-atomic=\"true\"><\/p> <ul><\/ul><\/div> <form action=\"\/fr\/wp-json\/wp\/v2\/pages\/4445#wpcf7-f5622-o1\" method=\"post\" class=\"wpcf7-form init cf7mls-no-scroll cf7mls-auto-return-first-step cf7mls-no-moving-animation\" aria-label=\"Formulaire de contact\" novalidate=\"novalidate\" data-status=\"init\"> <fieldset class=\"hidden-fields-container\"><input type=\"hidden\" name=\"_wpcf7\" value=\"5622\" \/><input type=\"hidden\" name=\"_wpcf7_version\" value=\"6.1.5\" \/><input type=\"hidden\" name=\"_wpcf7_locale\" value=\"fr_FR\" \/><input type=\"hidden\" name=\"_wpcf7_unit_tag\" value=\"wpcf7-f5622-o1\" \/><input type=\"hidden\" name=\"_wpcf7_container_post\" value=\"0\" \/><input type=\"hidden\" name=\"_wpcf7_posted_data_hash\" value=\"\" \/><input type=\"hidden\" name=\"_wpcf7_recaptcha_response\" value=\"\" \/> <\/fieldset> <div id=\"homepage-horizontal-contact-form-layout\"> \t<div class=\"row group gutters\"> \t\t<div class=\"col span_6\"> \t\t\t<p class=\"contact-form-services-title\">Reservez votre rendez-vous \t\t\t<\/p> \t\t\t<p class=\"contact-form-services-subtitle\">Veuillez s\u00e9lectionner l'unit\u00e9 avec laquelle vous souhaitez prendre rendez-vous. \t\t\t<\/p> \t\t<\/div> \t\t<div class=\"col span_6\"> \t\t\t<div class=\"contact-form-services-list\"> \t\t\t\t<p><span class=\"wpcf7-form-control-wrap\" data-name=\"your-services\"><select class=\"wpcf7-form-control wpcf7-select wpcf7-validates-as-required\" aria-required=\"true\" aria-invalid=\"false\" name=\"your-services\"><option value=\"\">S\u00e9lectionnez l&#039;unit\u00e9<\/option><option value=\"Greffe de Cheuveux\">Greffe de Cheuveux<\/option><\/select><\/span> \t\t\t\t<\/p> \t\t\t<\/div> \t\t<\/div> \t<\/div> \t<div class=\"row group gutters\"> \t\t<div class=\"col span_6\"> \t\t\t<div class=\"row group gutters\"> \t\t\t\t<div class=\"col span_6\"> \t\t\t\t\t<p><label><span class=\"wpcf7-form-control-wrap\" data-name=\"your-name\"><input size=\"40\" maxlength=\"400\" class=\"wpcf7-form-control wpcf7-text wpcf7-validates-as-required\" aria-required=\"true\" aria-invalid=\"false\" placeholder=\"Nom et prenom\" value=\"\" type=\"text\" name=\"your-name\" \/><\/span><\/label> \t\t\t\t\t<\/p> \t\t\t\t<\/div> \t\t\t\t<div class=\"col span_6\"> \t\t\t\t\t<p><label><span class=\"wpcf7-form-control-wrap\" data-name=\"your-phone\"><input size=\"40\" maxlength=\"400\" class=\"wpcf7-form-control wpcf7-text wpcf7-validates-as-required\" aria-required=\"true\" aria-invalid=\"false\" placeholder=\"Numero de telephone\" value=\"\" type=\"text\" name=\"your-phone\" \/><\/span><\/label> \t\t\t\t\t<\/p> \t\t\t\t<\/div> \t\t\t<\/div> \t\t<\/div> \t\t<div class=\"col span_6\"> \t\t\t<div class=\"row group gutters\"> \t\t\t\t<div class=\"col span_8\"> \t\t\t\t\t<p><label><span class=\"wpcf7-form-control-wrap\" data-name=\"your-email\"><input size=\"40\" maxlength=\"400\" class=\"wpcf7-form-control wpcf7-email wpcf7-validates-as-required wpcf7-text wpcf7-validates-as-email\" aria-required=\"true\" aria-invalid=\"false\" placeholder=\"E-Mail\" value=\"\" type=\"email\" name=\"your-email\" \/><\/span><\/label> \t\t\t\t\t<\/p> \t\t\t\t<\/div> \t\t\t\t<div class=\"col span_4\"> \t\t\t\t\t<p><input class=\"wpcf7-form-control wpcf7-submit has-spinner\" type=\"submit\" value=\"Envoyer\" \/> \t\t\t\t\t<\/p> \t\t\t\t<\/div> \t\t\t<\/div> \t\t<\/div> \t<\/div> \t<div class=\"row group gutters\"> \t\t<div class=\"col span_6\"> \t\t\t<p><span class=\"wpcf7-form-control-wrap\" data-name=\"your-kvkk\"><span class=\"wpcf7-form-control wpcf7-acceptance\"><span class=\"wpcf7-list-item\"><label><input type=\"checkbox\" name=\"your-kvkk\" value=\"1\" class=\"required\" aria-invalid=\"false\" \/><span class=\"wpcf7-list-item-label\">Conform\u00e9ment au GDPR, j'accepte d'avoir lu et compris la politique de confidentialit\u00e9 GDPR d'Anatomica et LES soci\u00e9t\u00e9s de son groupe<\/span><\/label><\/span><\/span><\/span> \t\t\t<\/p> \t\t<\/div> \t\t<div class=\"col span_6\"> \t\t\t<p><span class=\"wpcf7-form-control-wrap\" data-name=\"your-kvkk2\"><span class=\"wpcf7-form-control wpcf7-acceptance\"><span class=\"wpcf7-list-item\"><label><input type=\"checkbox\" name=\"your-kvkk2\" value=\"1\" class=\"required\" aria-invalid=\"false\" \/><span class=\"wpcf7-list-item-label\">J'accepte et j'autorise le traitement de mes donn\u00e9es par le Groupe Anatomica, aux fins indiqu\u00e9es dans la Politique de confidentialit\u00e9 pour m'envoyer, par tout moyen, y compris \u00e9lectroniques (WhatsApp, SMS, messagerie directe, e-mail), bulletins (newsletter) informant sur les produits ou services du groupe Anatomica et communications de courtoisie.<\/span><\/label><\/span><\/span><\/span> \t\t\t<\/p> \t\t<\/div> \t<\/div> <input class=\"wpcf7-form-control wpcf7-hidden\" value=\"Unknown\" type=\"hidden\" name=\"your-country\" \/> <input class=\"wpcf7-form-control wpcf7-hidden\" value=\"\" type=\"hidden\" name=\"utm_campaign\" \/> <input class=\"wpcf7-form-control wpcf7-hidden\" value=\"\" type=\"hidden\" name=\"utm_source\" \/> <input class=\"wpcf7-form-control wpcf7-hidden\" value=\"\" type=\"hidden\" name=\"utm_medium\" \/> <input class=\"wpcf7-form-control wpcf7-hidden\" value=\"\" type=\"hidden\" name=\"utm_term\" \/> <input class=\"wpcf7-form-control wpcf7-hidden\" value=\"\" type=\"hidden\" name=\"utm_content\" \/> <input class=\"wpcf7-form-control wpcf7-hidden\" value=\"\" type=\"hidden\" name=\"gclid\" \/> <\/div><div class=\"wpcf7-response-output\" aria-hidden=\"true\"><\/div> <\/form> <\/div> [\/vc_column][\/vc_row][\/vc_section]<\/p> <\/div>","protected":false},"excerpt":{"rendered":"[vc_section el_id=\u00a0\u00bbsection-hakkimizda-section-1&Prime;][vc_row el_class=\u00a0\u00bbcontainer_1200&Prime;][vc_column][vc_row_inner][vc_column_inner][vc_single_image image=\u00a0\u00bb5153&Prime; img_size=\u00a0\u00bbfull\u00a0\u00bb el_class=\u00a0\u00bbdesktop\u00a0\u00bb][vc_single_image image=\u00a0\u00bb5041&Prime; img_size=\u00a0\u00bbfull\u00a0\u00bb el_class=\u00a0\u00bbmobile\u00a0\u00bb][vc_custom_heading text=\u00a0\u00bb\u00c0 Propos de Nous\u00a0\u00bb font_container=\u00a0\u00bbtag:h3|text_align:left\u00a0\u00bb use_theme_fonts=\u00a0\u00bbyes\u00a0\u00bb][vc_column_text css=\u00a0\u00bb\u00a0\u00bb]Le service de classe mondiale Anatomica dans les domaines de la greffe de cheveux et de l\u2019ORL \u00e0 Istanbul et en R\u00e9publique dominicaine avec son \u00e9quipe de sp\u00e9cialistes et ses installations de pointe. Avec une exp\u00e9rience de plus de 20&#8230; <a class=\"view-article\" href=\"https:\/\/www.anatomicaclinic.com\/fr\/a-propos-de-nous\/\">Voir l&rsquo;article<\/a>","protected":false},"author":1,"featured_media":0,"parent":0,"menu_order":0,"comment_status":"closed","ping_status":"closed","template":"","meta":{"footnotes":""},"class_list":["post-4445","page","type-page","status-publish","hentry"],"yoast_head":"<!-- This site is optimized with the Yoast SEO plugin v27.0 - https:\/\/yoast.com\/product\/yoast-seo-wordpress\/ -->\n<title>A propos de nous - Anatomica Clinique<\/title>\n<meta name=\"description\" content=\"A propos de nous - Anatomica Clinique\" \/>\n<meta name=\"robots\" content=\"index, follow, max-snippet:-1, max-image-preview:large, max-video-preview:-1\" \/>\n<link rel=\"canonical\" href=\"https:\/\/www.anatomicaclinic.com\/fr\/?page_id=4445\" \/>\n<meta property=\"og:locale\" content=\"fr_FR\" \/>\n<meta property=\"og:type\" content=\"article\" \/>\n<meta property=\"og:title\" content=\"A propos de nous - Anatomica Clinique\" \/>\n<meta property=\"og:description\" content=\"A propos de nous - Anatomica Clinique\" \/>\n<meta property=\"og:url\" content=\"https:\/\/www.anatomicaclinic.com\/fr\/?page_id=4445\" \/>\n<meta property=\"og:site_name\" content=\"Anatomica Clinique\" \/>\n<meta property=\"article:publisher\" content=\"https:\/\/www.facebook.com\/anatomicadominican\" \/>\n<meta property=\"article:modified_time\" content=\"2026-02-11T11:44:54+00:00\" \/>\n<meta name=\"twitter:card\" content=\"summary_large_image\" \/>\n<meta name=\"twitter:label1\" content=\"Dur\u00e9e de lecture estim\u00e9e\" \/>\n\t<meta name=\"twitter:data1\" content=\"2 minutes\" \/>\n<script type=\"application\/ld+json\" class=\"yoast-schema-graph\">{\"@context\":\"https:\/\/schema.org\",\"@graph\":[{\"@type\":\"WebPage\",\"@id\":\"https:\/\/www.anatomicaclinic.com\/fr\/?page_id=4445\",\"url\":\"https:\/\/www.anatomicaclinic.com\/fr\/?page_id=4445\",\"name\":\"A propos de nous - Anatomica Clinique\",\"isPartOf\":{\"@id\":\"https:\/\/www.anatomicaclinic.com\/#website\"},\"datePublished\":\"2022-05-24T19:19:14+00:00\",\"dateModified\":\"2026-02-11T11:44:54+00:00\",\"description\":\"A propos de nous - Anatomica Clinique\",\"breadcrumb\":{\"@id\":\"https:\/\/www.anatomicaclinic.com\/fr\/?page_id=4445#breadcrumb\"},\"inLanguage\":\"fr-FR\",\"potentialAction\":[{\"@type\":\"ReadAction\",\"target\":[\"https:\/\/www.anatomicaclinic.com\/fr\/?page_id=4445\"]}]},{\"@type\":\"BreadcrumbList\",\"@id\":\"https:\/\/www.anatomicaclinic.com\/fr\/?page_id=4445#breadcrumb\",\"itemListElement\":[{\"@type\":\"ListItem\",\"position\":1,\"name\":\"Anasayfa\",\"item\":\"https:\/\/www.anatomicaclinic.com\/fr\/?page_id=7928\"},{\"@type\":\"ListItem\",\"position\":2,\"name\":\"A propos de nous\"}]},{\"@type\":\"WebSite\",\"@id\":\"https:\/\/www.anatomicaclinic.com\/#website\",\"url\":\"https:\/\/www.anatomicaclinic.com\/\",\"name\":\"Anatomica Clinic\",\"description\":\"Anatomica\",\"publisher\":{\"@id\":\"https:\/\/www.anatomicaclinic.com\/#organization\"},\"alternateName\":\"Anatomica Clinic International\",\"potentialAction\":[{\"@type\":\"SearchAction\",\"target\":{\"@type\":\"EntryPoint\",\"urlTemplate\":\"https:\/\/www.anatomicaclinic.com\/?s={search_term_string}\"},\"query-input\":{\"@type\":\"PropertyValueSpecification\",\"valueRequired\":true,\"valueName\":\"search_term_string\"}}],\"inLanguage\":\"fr-FR\"},{\"@type\":\"Organization\",\"@id\":\"https:\/\/www.anatomicaclinic.com\/#organization\",\"name\":\"Anatomica Clinic Dominicana\",\"url\":\"https:\/\/www.anatomicaclinic.com\/\",\"logo\":{\"@type\":\"ImageObject\",\"inLanguage\":\"fr-FR\",\"@id\":\"https:\/\/www.anatomicaclinic.com\/#\/schema\/logo\/image\/\",\"url\":\"https:\/\/www.anatomicaclinic.com\/wp-content\/uploads\/2023\/11\/8aa015e1-a0cd-4d48-b1d5-c9598cbdad99.jpg\",\"contentUrl\":\"https:\/\/www.anatomicaclinic.com\/wp-content\/uploads\/2023\/11\/8aa015e1-a0cd-4d48-b1d5-c9598cbdad99.jpg\",\"width\":1600,\"height\":1600,\"caption\":\"Anatomica Clinic Dominicana\"},\"image\":{\"@id\":\"https:\/\/www.anatomicaclinic.com\/#\/schema\/logo\/image\/\"},\"sameAs\":[\"https:\/\/www.facebook.com\/anatomicadominican\",\"https:\/\/instagram.com\/anatomicadominican\"]}]}<\/script>\n<!-- \/ Yoast SEO plugin. -->","yoast_head_json":{"title":"A propos de nous - Anatomica Clinique","description":"A propos de nous - Anatomica Clinique","robots":{"index":"index","follow":"follow","max-snippet":"max-snippet:-1","max-image-preview":"max-image-preview:large","max-video-preview":"max-video-preview:-1"},"canonical":"https:\/\/www.anatomicaclinic.com\/fr\/?page_id=4445","og_locale":"fr_FR","og_type":"article","og_title":"A propos de nous - Anatomica Clinique","og_description":"A propos de nous - Anatomica Clinique","og_url":"https:\/\/www.anatomicaclinic.com\/fr\/?page_id=4445","og_site_name":"Anatomica Clinique","article_publisher":"https:\/\/www.facebook.com\/anatomicadominican","article_modified_time":"2026-02-11T11:44:54+00:00","twitter_card":"summary_large_image","twitter_misc":{"Dur\u00e9e de lecture estim\u00e9e":"2 minutes"},"schema":{"@context":"https:\/\/schema.org","@graph":[{"@type":"WebPage","@id":"https:\/\/www.anatomicaclinic.com\/fr\/?page_id=4445","url":"https:\/\/www.anatomicaclinic.com\/fr\/?page_id=4445","name":"A propos de nous - Anatomica Clinique","isPartOf":{"@id":"https:\/\/www.anatomicaclinic.com\/#website"},"datePublished":"2022-05-24T19:19:14+00:00","dateModified":"2026-02-11T11:44:54+00:00","description":"A propos de nous - Anatomica Clinique","breadcrumb":{"@id":"https:\/\/www.anatomicaclinic.com\/fr\/?page_id=4445#breadcrumb"},"inLanguage":"fr-FR","potentialAction":[{"@type":"ReadAction","target":["https:\/\/www.anatomicaclinic.com\/fr\/?page_id=4445"]}]},{"@type":"BreadcrumbList","@id":"https:\/\/www.anatomicaclinic.com\/fr\/?page_id=4445#breadcrumb","itemListElement":[{"@type":"ListItem","position":1,"name":"Anasayfa","item":"https:\/\/www.anatomicaclinic.com\/fr\/?page_id=7928"},{"@type":"ListItem","position":2,"name":"A propos de nous"}]},{"@type":"WebSite","@id":"https:\/\/www.anatomicaclinic.com\/#website","url":"https:\/\/www.anatomicaclinic.com\/","name":"Anatomica Clinic","description":"Anatomica","publisher":{"@id":"https:\/\/www.anatomicaclinic.com\/#organization"},"alternateName":"Anatomica Clinic International","potentialAction":[{"@type":"SearchAction","target":{"@type":"EntryPoint","urlTemplate":"https:\/\/www.anatomicaclinic.com\/?s={search_term_string}"},"query-input":{"@type":"PropertyValueSpecification","valueRequired":true,"valueName":"search_term_string"}}],"inLanguage":"fr-FR"},{"@type":"Organization","@id":"https:\/\/www.anatomicaclinic.com\/#organization","name":"Anatomica Clinic Dominicana","url":"https:\/\/www.anatomicaclinic.com\/","logo":{"@type":"ImageObject","inLanguage":"fr-FR","@id":"https:\/\/www.anatomicaclinic.com\/#\/schema\/logo\/image\/","url":"https:\/\/www.anatomicaclinic.com\/wp-content\/uploads\/2023\/11\/8aa015e1-a0cd-4d48-b1d5-c9598cbdad99.jpg","contentUrl":"https:\/\/www.anatomicaclinic.com\/wp-content\/uploads\/2023\/11\/8aa015e1-a0cd-4d48-b1d5-c9598cbdad99.jpg","width":1600,"height":1600,"caption":"Anatomica Clinic Dominicana"},"image":{"@id":"https:\/\/www.anatomicaclinic.com\/#\/schema\/logo\/image\/"},"sameAs":["https:\/\/www.facebook.com\/anatomicadominican","https:\/\/instagram.com\/anatomicadominican"]}]}},"_links":{"self":[{"href":"https:\/\/www.anatomicaclinic.com\/fr\/wp-json\/wp\/v2\/pages\/4445","targetHints":{"allow":["GET"]}}],"collection":[{"href":"https:\/\/www.anatomicaclinic.com\/fr\/wp-json\/wp\/v2\/pages"}],"about":[{"href":"https:\/\/www.anatomicaclinic.com\/fr\/wp-json\/wp\/v2\/types\/page"}],"author":[{"embeddable":true,"href":"https:\/\/www.anatomicaclinic.com\/fr\/wp-json\/wp\/v2\/users\/1"}],"replies":[{"embeddable":true,"href":"https:\/\/www.anatomicaclinic.com\/fr\/wp-json\/wp\/v2\/comments?post=4445"}],"version-history":[{"count":1,"href":"https:\/\/www.anatomicaclinic.com\/fr\/wp-json\/wp\/v2\/pages\/4445\/revisions"}],"predecessor-version":[{"id":8494,"href":"https:\/\/www.anatomicaclinic.com\/fr\/wp-json\/wp\/v2\/pages\/4445\/revisions\/8494"}],"wp:attachment":[{"href":"https:\/\/www.anatomicaclinic.com\/fr\/wp-json\/wp\/v2\/media?parent=4445"}],"curies":[{"name":"wp","href":"https:\/\/api.w.org\/{rel}","templated":true}]}}