{"id":5081,"date":"2022-06-19T19:01:02","date_gmt":"2022-06-19T19:01:02","guid":{"rendered":"https:\/\/www.anatomicaclinic.com\/dental-treatments\/dental-implants\/"},"modified":"2026-02-11T11:44:54","modified_gmt":"2026-02-11T11:44:54","slug":"implants-dentaires","status":"publish","type":"page","link":"https:\/\/www.anatomicaclinic.com\/fr\/traitement-dentaire\/implants-dentaires\/","title":{"rendered":"Implants Dentaires"},"content":{"rendered":"<div class=\"wpb-content-wrapper\"><p>[vc_section][vc_row el_class=\u00a0\u00bbcontainer_1200&Prime;][vc_column][vc_row_inner][vc_column_inner][vc_custom_heading text=\u00a0\u00bbImplants Dentaires\u00a0\u00bb font_container=\u00a0\u00bbtag:h2|font_size:48|text_align:center\u00a0\u00bb use_theme_fonts=\u00a0\u00bbyes\u00a0\u00bb el_class=\u00a0\u00bbsingle-page-h2&Prime;][\/vc_column_inner][\/vc_row_inner][vc_row_inner][vc_column_inner][vc_column_text]Les implants dentaires peuvent am\u00e9liorer la sant\u00e9 globale de nos patients, tout en les aidant \u00e0 acqu\u00e9rir la confiance que procure un sourire fonctionnel, beau et naturel.<\/p> <p>Le remplacement des dents manquantes par des implants dentaires pr\u00e9sente de nombreux avantages, dont le principal est qu&rsquo;ils.. :<\/p> <ul> <li>Maintenir l&rsquo;int\u00e9grit\u00e9 de la structure osseuse apr\u00e8s la perte d&rsquo;une dent<\/li> <li>Pr\u00e9server la sant\u00e9 des dents adjacentes, puisqu&rsquo;il n&rsquo;est pas n\u00e9cessaire de r\u00e9aliser un bridge.<\/li> <li>Remplacer les proth\u00e8ses dentaires mal ajust\u00e9es<\/li> <li>R\u00e9partissent les forces d&rsquo;occlusion de mani\u00e8re uniforme dans toute la bouche<\/li> <li>Fonctionnement et sensation comme des dents naturelles<\/li> <li>Am\u00e9lioration de la capacit\u00e9 \u00e0 parler gr\u00e2ce \u00e0 l&rsquo;\u00e9limination des proth\u00e8ses dentaires encombrantes.<\/li> <li>Am\u00e9liorer l&rsquo;apparence du visage en pr\u00e9venant la perte osseuse<\/li> <\/ul> <p>Il est d&rsquo;une importance vitale de remplacer rapidement les dents manquantes par des implants dentaires afin de pr\u00e9venir les cons\u00e9quences sur la sant\u00e9 telles que :<\/p> <ul> <li>Perte osseuse<\/li> <li>D\u00e9placement et d\u00e9rive des dents<\/li> <li>Modification de l&rsquo;occlusion \u00e0 la suite d&rsquo;un d\u00e9placement des dents<\/li> <li>Probl\u00e8mes d&rsquo;articulation de la m\u00e2choire<\/li> <li>Difficult\u00e9 \u00e0 mastiquer correctement<\/li> <li>Stress suppl\u00e9mentaire sur les dents restantes<\/li> <\/ul> <p>[\/vc_column_text][\/vc_column_inner][\/vc_row_inner][vc_row_inner][vc_column_inner width=\u00a0\u00bb1\/3&Prime;][vc_single_image image=\u00a0\u00bb4588&Prime; img_size=\u00a0\u00bbfull\u00a0\u00bb][\/vc_column_inner][vc_column_inner width=\u00a0\u00bb2\/3&Prime;][vc_column_text]<strong>Que sont les implants dentaires ?<\/strong><\/p> <p>Les implants dentaires sont des substituts en titane biocompatible des racines d&rsquo;ancrage de la dent. Les implants dentaires remplacent les dents manquantes en imitant la nature le plus fid\u00e8lement possible.<\/p> <p>Dans notre cabinet de dentisterie esth\u00e9tique, les restaurations par implants dentaires se composent de trois parties :<\/p> <ul> <li>Implant en titane, int\u00e9gr\u00e9 \u00e0 l&rsquo;os<\/li> <li>Pilier d&rsquo;implant<\/li> <li>Couronne en porcelaine pour implant<\/li> <\/ul> <p><strong>Quel est le processus de pose d&rsquo;un implant dentaire ?<\/strong><\/p> <p><strong>Phase de planification : <\/strong>La planification est la partie la plus importante du processus. Un plan de traitement soigneusement et intelligemment con\u00e7u fait la diff\u00e9rence entre le succ\u00e8s et l&rsquo;\u00e9chec. Parfois, nous pouvons avoir besoin d&rsquo;une imagerie sp\u00e9cialis\u00e9e pour visualiser l&rsquo;\u00e9tat de l&rsquo;os.<\/p> <p><strong>Pose de l&rsquo;implant : <\/strong>Nos sp\u00e9cialistes placeront l&rsquo;implant dentaire \u00e0 l&rsquo;endroit id\u00e9al pour former le tissu gingival autour de l&rsquo;implant.<\/p> <p><strong>Restauration temporaire : <\/strong>si l&rsquo;implant dentaire se trouve dans une zone facilement visible, une restauration temporaire peut \u00eatre mise en place \u00e0 des fins esth\u00e9tiques pendant que le site gu\u00e9rit.<\/p> <p><strong>Pose du pilier : <\/strong>lorsque la cicatrisation est termin\u00e9e, le pilier de l&rsquo;implant dentaire est pos\u00e9 pour relier l&rsquo;implant dentaire \u00e0 la couronne en porcelaine.<\/p> <p><strong>Couronne en porcelaine : <\/strong>une fois que notre c\u00e9ramiste a fabriqu\u00e9 la nouvelle couronne en porcelaine selon les sp\u00e9cifications exactes, nous collons la couronne au pilier.<\/p> <p><strong>Quelle sera la sensation de l&rsquo;intervention ?<\/strong><\/p> <p>La science de l&rsquo;implantologie dentaire a \u00e9volu\u00e9 si rapidement depuis ses d\u00e9buts qu&rsquo;il s&rsquo;agit d\u00e9sormais d&rsquo;une proc\u00e9dure tr\u00e8s pr\u00e9visible. Les implants dentaires ont la m\u00eame sensation, le m\u00eame aspect et la m\u00eame fonction que les dents naturelles. Les patients nous disent souvent qu&rsquo;ils ne se souviennent m\u00eame pas de l&rsquo;endroit o\u00f9 les implants dentaires ont \u00e9t\u00e9 plac\u00e9s dans leur bouche, car ils ont vraiment l&rsquo;apparence et la sensation de dents naturelles.[\/vc_column_text][\/vc_column_inner][\/vc_row_inner][vc_row_inner][vc_column_inner width=\u00a0\u00bb2\/3&Prime;][vc_column_text]<strong>Les implants dentaires doivent-ils \u00eatre remplac\u00e9s ?<\/strong><\/p> <p>Nous pensons qu&rsquo;une bonne planification est imp\u00e9rative pour garantir le succ\u00e8s. Nous prenons un soin m\u00e9ticuleux \u00e0 assurer la bonne distribution des forces dans la bouche afin que les dents ou les implants ne soient pas forc\u00e9s dans la mauvaise direction ou compromis par l&rsquo;application d&rsquo;une force excessive sur eux.<\/p> <p><strong>Les implants dentaires n\u00e9cessitent-ils des soins particuliers ?<\/strong><\/p> <p>Il n&rsquo;y a pas de restrictions \u00e0 long terme avec les implants dentaires, bien qu&rsquo;il faille \u00eatre prudent jusqu&rsquo;\u00e0 ce que l&rsquo;os soit compl\u00e8tement gu\u00e9ri. Lorsque les implants dentaires sont restaur\u00e9s avec succ\u00e8s, il est important d&rsquo;\u00e9viter de mordre des substances dures dans un premier temps.<\/p> <p>Imaginez : si votre bras \u00e9tait pl\u00e2tr\u00e9 pendant des mois, vous ne voudriez pas jouer au tennis tout de suite. Vos os ne seraient pas habitu\u00e9s \u00e0 \u00eatre soumis \u00e0 une telle force et devraient \u00eatre r\u00e9adapt\u00e9s progressivement. Il en va de m\u00eame pour les implants dentaires.<\/p> <p>Dans un premier temps, il est pr\u00e9f\u00e9rable d&rsquo;adopter un r\u00e9gime alimentaire mou pendant les deux premi\u00e8res semaines ; ensuite, vous pourrez introduire lentement des aliments plus durs. Rassurez-vous, vous serez bient\u00f4t en mesure d&rsquo;appr\u00e9cier toutes sortes d&rsquo;aliments. Il n&rsquo;y a pas de m\u00e9thode sp\u00e9ciale pour nettoyer les implants dentaires. Brossez-vous les dents et utilisez le fil dentaire deux fois par jour, comme vous le feriez pour vos dents naturelles, et rendez visite \u00e0 votre dentiste deux fois par an pour des contr\u00f4les et des nettoyages.[\/vc_column_text][\/vc_column_inner][vc_column_inner width=\u00a0\u00bb1\/3&Prime;][vc_single_image image=\u00a0\u00bb4589&Prime; img_size=\u00a0\u00bbfull\u00a0\u00bb][\/vc_column_inner][\/vc_row_inner][\/vc_column][\/vc_row][\/vc_section]<\/p> <\/div>","protected":false},"excerpt":{"rendered":"[vc_section][vc_row el_class=\u00a0\u00bbcontainer_1200&Prime;][vc_column][vc_row_inner][vc_column_inner][vc_custom_heading text=\u00a0\u00bbImplants Dentaires\u00a0\u00bb font_container=\u00a0\u00bbtag:h2|font_size:48|text_align:center\u00a0\u00bb use_theme_fonts=\u00a0\u00bbyes\u00a0\u00bb el_class=\u00a0\u00bbsingle-page-h2&Prime;][\/vc_column_inner][\/vc_row_inner][vc_row_inner][vc_column_inner][vc_column_text]Les implants dentaires peuvent am\u00e9liorer la sant\u00e9 globale de nos patients, tout en les aidant \u00e0 acqu\u00e9rir la confiance que procure un sourire fonctionnel, beau et naturel. Le remplacement des dents manquantes par des implants dentaires pr\u00e9sente de nombreux avantages, dont le principal est qu&rsquo;ils.. : Maintenir l&rsquo;int\u00e9grit\u00e9 de&#8230; <a class=\"view-article\" href=\"https:\/\/www.anatomicaclinic.com\/fr\/traitement-dentaire\/implants-dentaires\/\">Voir l&rsquo;article<\/a>","protected":false},"author":10,"featured_media":0,"parent":4769,"menu_order":0,"comment_status":"closed","ping_status":"closed","template":"","meta":{"footnotes":""},"class_list":["post-5081","page","type-page","status-publish","hentry"],"yoast_head":"<!-- This site is optimized with the Yoast SEO plugin v27.0 - https:\/\/yoast.com\/product\/yoast-seo-wordpress\/ -->\n<title>Implants Dentaires - Anatomica Clinique<\/title>\n<meta name=\"description\" content=\"Implants Dentaires - Anatomica Clinique\" \/>\n<meta name=\"robots\" content=\"index, follow, max-snippet:-1, max-image-preview:large, max-video-preview:-1\" \/>\n<link rel=\"canonical\" href=\"https:\/\/www.anatomicaclinic.com\/fr\/?page_id=5081\" \/>\n<meta property=\"og:locale\" content=\"fr_FR\" \/>\n<meta property=\"og:type\" content=\"article\" \/>\n<meta property=\"og:title\" content=\"Implants Dentaires - Anatomica Clinique\" \/>\n<meta property=\"og:description\" content=\"Implants Dentaires - Anatomica Clinique\" \/>\n<meta property=\"og:url\" content=\"https:\/\/www.anatomicaclinic.com\/fr\/?page_id=5081\" \/>\n<meta property=\"og:site_name\" content=\"Anatomica Clinique\" \/>\n<meta property=\"article:publisher\" content=\"https:\/\/www.facebook.com\/anatomicadominican\" \/>\n<meta property=\"article:modified_time\" content=\"2026-02-11T11:44:54+00:00\" \/>\n<meta name=\"twitter:card\" content=\"summary_large_image\" \/>\n<meta name=\"twitter:label1\" content=\"Dur\u00e9e de lecture estim\u00e9e\" \/>\n\t<meta name=\"twitter:data1\" content=\"4 minutes\" \/>\n<script type=\"application\/ld+json\" class=\"yoast-schema-graph\">{\"@context\":\"https:\/\/schema.org\",\"@graph\":[{\"@type\":\"WebPage\",\"@id\":\"https:\/\/www.anatomicaclinic.com\/fr\/?page_id=5081\",\"url\":\"https:\/\/www.anatomicaclinic.com\/fr\/?page_id=5081\",\"name\":\"Implants Dentaires - Anatomica Clinique\",\"isPartOf\":{\"@id\":\"https:\/\/www.anatomicaclinic.com\/#website\"},\"datePublished\":\"2022-06-19T19:01:02+00:00\",\"dateModified\":\"2026-02-11T11:44:54+00:00\",\"description\":\"Implants Dentaires - Anatomica Clinique\",\"breadcrumb\":{\"@id\":\"https:\/\/www.anatomicaclinic.com\/fr\/?page_id=5081#breadcrumb\"},\"inLanguage\":\"fr-FR\",\"potentialAction\":[{\"@type\":\"ReadAction\",\"target\":[\"https:\/\/www.anatomicaclinic.com\/fr\/?page_id=5081\"]}]},{\"@type\":\"BreadcrumbList\",\"@id\":\"https:\/\/www.anatomicaclinic.com\/fr\/?page_id=5081#breadcrumb\",\"itemListElement\":[{\"@type\":\"ListItem\",\"position\":1,\"name\":\"Anasayfa\",\"item\":\"https:\/\/www.anatomicaclinic.com\/fr\/?page_id=7928\"},{\"@type\":\"ListItem\",\"position\":2,\"name\":\"Traitement Dentaire\",\"item\":\"https:\/\/www.anatomicaclinic.com\/fr\/?page_id=4769\"},{\"@type\":\"ListItem\",\"position\":3,\"name\":\"Implants Dentaires\"}]},{\"@type\":\"WebSite\",\"@id\":\"https:\/\/www.anatomicaclinic.com\/#website\",\"url\":\"https:\/\/www.anatomicaclinic.com\/\",\"name\":\"Anatomica Clinic\",\"description\":\"Anatomica\",\"publisher\":{\"@id\":\"https:\/\/www.anatomicaclinic.com\/#organization\"},\"alternateName\":\"Anatomica Clinic International\",\"potentialAction\":[{\"@type\":\"SearchAction\",\"target\":{\"@type\":\"EntryPoint\",\"urlTemplate\":\"https:\/\/www.anatomicaclinic.com\/?s={search_term_string}\"},\"query-input\":{\"@type\":\"PropertyValueSpecification\",\"valueRequired\":true,\"valueName\":\"search_term_string\"}}],\"inLanguage\":\"fr-FR\"},{\"@type\":\"Organization\",\"@id\":\"https:\/\/www.anatomicaclinic.com\/#organization\",\"name\":\"Anatomica Clinic Dominicana\",\"url\":\"https:\/\/www.anatomicaclinic.com\/\",\"logo\":{\"@type\":\"ImageObject\",\"inLanguage\":\"fr-FR\",\"@id\":\"https:\/\/www.anatomicaclinic.com\/#\/schema\/logo\/image\/\",\"url\":\"https:\/\/www.anatomicaclinic.com\/wp-content\/uploads\/2023\/11\/8aa015e1-a0cd-4d48-b1d5-c9598cbdad99.jpg\",\"contentUrl\":\"https:\/\/www.anatomicaclinic.com\/wp-content\/uploads\/2023\/11\/8aa015e1-a0cd-4d48-b1d5-c9598cbdad99.jpg\",\"width\":1600,\"height\":1600,\"caption\":\"Anatomica Clinic Dominicana\"},\"image\":{\"@id\":\"https:\/\/www.anatomicaclinic.com\/#\/schema\/logo\/image\/\"},\"sameAs\":[\"https:\/\/www.facebook.com\/anatomicadominican\",\"https:\/\/instagram.com\/anatomicadominican\"]}]}<\/script>\n<!-- \/ Yoast SEO plugin. -->","yoast_head_json":{"title":"Implants Dentaires - Anatomica Clinique","description":"Implants Dentaires - Anatomica Clinique","robots":{"index":"index","follow":"follow","max-snippet":"max-snippet:-1","max-image-preview":"max-image-preview:large","max-video-preview":"max-video-preview:-1"},"canonical":"https:\/\/www.anatomicaclinic.com\/fr\/?page_id=5081","og_locale":"fr_FR","og_type":"article","og_title":"Implants Dentaires - Anatomica Clinique","og_description":"Implants Dentaires - Anatomica Clinique","og_url":"https:\/\/www.anatomicaclinic.com\/fr\/?page_id=5081","og_site_name":"Anatomica Clinique","article_publisher":"https:\/\/www.facebook.com\/anatomicadominican","article_modified_time":"2026-02-11T11:44:54+00:00","twitter_card":"summary_large_image","twitter_misc":{"Dur\u00e9e de lecture estim\u00e9e":"4 minutes"},"schema":{"@context":"https:\/\/schema.org","@graph":[{"@type":"WebPage","@id":"https:\/\/www.anatomicaclinic.com\/fr\/?page_id=5081","url":"https:\/\/www.anatomicaclinic.com\/fr\/?page_id=5081","name":"Implants Dentaires - Anatomica Clinique","isPartOf":{"@id":"https:\/\/www.anatomicaclinic.com\/#website"},"datePublished":"2022-06-19T19:01:02+00:00","dateModified":"2026-02-11T11:44:54+00:00","description":"Implants Dentaires - Anatomica Clinique","breadcrumb":{"@id":"https:\/\/www.anatomicaclinic.com\/fr\/?page_id=5081#breadcrumb"},"inLanguage":"fr-FR","potentialAction":[{"@type":"ReadAction","target":["https:\/\/www.anatomicaclinic.com\/fr\/?page_id=5081"]}]},{"@type":"BreadcrumbList","@id":"https:\/\/www.anatomicaclinic.com\/fr\/?page_id=5081#breadcrumb","itemListElement":[{"@type":"ListItem","position":1,"name":"Anasayfa","item":"https:\/\/www.anatomicaclinic.com\/fr\/?page_id=7928"},{"@type":"ListItem","position":2,"name":"Traitement Dentaire","item":"https:\/\/www.anatomicaclinic.com\/fr\/?page_id=4769"},{"@type":"ListItem","position":3,"name":"Implants Dentaires"}]},{"@type":"WebSite","@id":"https:\/\/www.anatomicaclinic.com\/#website","url":"https:\/\/www.anatomicaclinic.com\/","name":"Anatomica Clinic","description":"Anatomica","publisher":{"@id":"https:\/\/www.anatomicaclinic.com\/#organization"},"alternateName":"Anatomica Clinic International","potentialAction":[{"@type":"SearchAction","target":{"@type":"EntryPoint","urlTemplate":"https:\/\/www.anatomicaclinic.com\/?s={search_term_string}"},"query-input":{"@type":"PropertyValueSpecification","valueRequired":true,"valueName":"search_term_string"}}],"inLanguage":"fr-FR"},{"@type":"Organization","@id":"https:\/\/www.anatomicaclinic.com\/#organization","name":"Anatomica Clinic Dominicana","url":"https:\/\/www.anatomicaclinic.com\/","logo":{"@type":"ImageObject","inLanguage":"fr-FR","@id":"https:\/\/www.anatomicaclinic.com\/#\/schema\/logo\/image\/","url":"https:\/\/www.anatomicaclinic.com\/wp-content\/uploads\/2023\/11\/8aa015e1-a0cd-4d48-b1d5-c9598cbdad99.jpg","contentUrl":"https:\/\/www.anatomicaclinic.com\/wp-content\/uploads\/2023\/11\/8aa015e1-a0cd-4d48-b1d5-c9598cbdad99.jpg","width":1600,"height":1600,"caption":"Anatomica Clinic Dominicana"},"image":{"@id":"https:\/\/www.anatomicaclinic.com\/#\/schema\/logo\/image\/"},"sameAs":["https:\/\/www.facebook.com\/anatomicadominican","https:\/\/instagram.com\/anatomicadominican"]}]}},"_links":{"self":[{"href":"https:\/\/www.anatomicaclinic.com\/fr\/wp-json\/wp\/v2\/pages\/5081","targetHints":{"allow":["GET"]}}],"collection":[{"href":"https:\/\/www.anatomicaclinic.com\/fr\/wp-json\/wp\/v2\/pages"}],"about":[{"href":"https:\/\/www.anatomicaclinic.com\/fr\/wp-json\/wp\/v2\/types\/page"}],"author":[{"embeddable":true,"href":"https:\/\/www.anatomicaclinic.com\/fr\/wp-json\/wp\/v2\/users\/10"}],"replies":[{"embeddable":true,"href":"https:\/\/www.anatomicaclinic.com\/fr\/wp-json\/wp\/v2\/comments?post=5081"}],"version-history":[{"count":1,"href":"https:\/\/www.anatomicaclinic.com\/fr\/wp-json\/wp\/v2\/pages\/5081\/revisions"}],"predecessor-version":[{"id":8616,"href":"https:\/\/www.anatomicaclinic.com\/fr\/wp-json\/wp\/v2\/pages\/5081\/revisions\/8616"}],"up":[{"embeddable":true,"href":"https:\/\/www.anatomicaclinic.com\/fr\/wp-json\/wp\/v2\/pages\/4769"}],"wp:attachment":[{"href":"https:\/\/www.anatomicaclinic.com\/fr\/wp-json\/wp\/v2\/media?parent=5081"}],"curies":[{"name":"wp","href":"https:\/\/api.w.org\/{rel}","templated":true}]}}