{"id":5085,"date":"2022-06-19T19:00:31","date_gmt":"2022-06-19T19:00:31","guid":{"rendered":"https:\/\/www.anatomicaclinic.com\/dental-treatments\/enamel-contouring-tooth-reshaping\/"},"modified":"2026-02-11T11:44:54","modified_gmt":"2026-02-11T11:44:54","slug":"contour-de-lemail-et-remodelage-des-dents","status":"publish","type":"page","link":"https:\/\/www.anatomicaclinic.com\/fr\/traitement-dentaire\/contour-de-lemail-et-remodelage-des-dents\/","title":{"rendered":"Contour de l&rsquo;\u00e9mail et Remodelage des Dents"},"content":{"rendered":"<div class=\"wpb-content-wrapper\"><p>[vc_section][vc_row el_class=\u00a0\u00bbcontainer_1200&Prime;][vc_column][vc_row_inner][vc_column_inner][vc_custom_heading text=\u00a0\u00bbContour de l&rsquo;\u00e9mail et Remodelage des Dents\u00a0\u00bb font_container=\u00a0\u00bbtag:h2|font_size:48|text_align:center\u00a0\u00bb use_theme_fonts=\u00a0\u00bbyes\u00a0\u00bb el_class=\u00a0\u00bbsingle-page-h2&Prime;][\/vc_column_inner][\/vc_row_inner][vc_row_inner][vc_column_inner][vc_column_text]Des dents mal form\u00e9es ou mal assorties peuvent avoir un aspect peu attrayant qui peut vous emp\u00eacher de sourire autant que vous le devriez. Le contour de l&rsquo;\u00e9mail est une proc\u00e9dure dentaire cosm\u00e9tique qui remod\u00e8le l&rsquo;\u00e9mail des dents afin de corriger les imperfections mineures et d&rsquo;am\u00e9liorer l&rsquo;aspect g\u00e9n\u00e9ral de vos dents.<\/p> <p>Dans certains cas, les proc\u00e9dures de contournement de l&rsquo;\u00e9mail peuvent \u00e9galement \u00eatre utilis\u00e9es en coordination avec le collage cosm\u00e9tique pour fa\u00e7onner les dents. Le remodelage de l&rsquo;\u00e9mail peut vous convenir si :[\/vc_column_text][\/vc_column_inner][\/vc_row_inner][vc_row_inner][vc_column_inner width=\u00a0\u00bb1\/3&Prime;][vc_single_image image=\u00a0\u00bb4596&Prime; img_size=\u00a0\u00bbfull\u00a0\u00bb][\/vc_column_inner][vc_column_inner width=\u00a0\u00bb2\/3&Prime;][vc_column_text]<strong>Vous avez les dents longues<\/strong><\/p> <p>Si vos dents semblent \u00eatre plus longues que la normale, le contour de l&rsquo;\u00e9mail peut \u00eatre utilis\u00e9 pour r\u00e9duire leur longueur. Cependant, les dents qui semblent plus longues que la normale peuvent aussi \u00eatre le signe d&rsquo;une r\u00e9cession gingivale caus\u00e9e par une maladie des gencives. Par cons\u00e9quent, votre dentiste devra d&rsquo;abord d\u00e9terminer la cause avant de proc\u00e9der au traitement.<\/p> <p><strong>Vos dents sont in\u00e9gales<\/strong><\/p> <p>Le contour de l&rsquo;\u00e9mail est id\u00e9al pour les personnes dont les dents sont de taille in\u00e9gale. Lorsqu&rsquo;il y a plusieurs dents de tailles diff\u00e9rentes, la longueur de certaines dents peut \u00eatre r\u00e9duite tandis qu&rsquo;un mat\u00e9riau composite peut \u00eatre ajout\u00e9 \u00e0 d&rsquo;autres. Le r\u00e9sultat final est une ligne r\u00e9guli\u00e8re de dents de taille appropri\u00e9e.<\/p> <p><strong>Vous avez des imperfections mineures<\/strong><\/p> <p>Le contour de l&rsquo;\u00e9mail est id\u00e9al pour apporter des ajustements mineurs \u00e0 la forme ou \u00e0 la longueur de vos dents. En effet, votre dentiste est limit\u00e9 dans la quantit\u00e9 d&rsquo;\u00e9mail qu&rsquo;il peut enlever. Malheureusement, l&rsquo;\u00e9limination d&rsquo;une trop grande quantit\u00e9 d&rsquo;\u00e9mail dentaire peut affaiblir vos dents et les rendre plus sensibles aux caries. C&rsquo;est pourquoi les imperfections plus graves peuvent n\u00e9cessiter une approche diff\u00e9rente, comme les facettes.[\/vc_column_text][\/vc_column_inner][\/vc_row_inner][vc_row_inner][vc_column_inner width=\u00a0\u00bb2\/3&Prime;][vc_column_text]<strong>Vous voulez des r\u00e9sultats rapides<\/strong><\/p> <p>Le contour de l&rsquo;\u00e9mail peut \u00eatre r\u00e9alis\u00e9 au cours d&rsquo;un seul rendez-vous dentaire. En fonction de la quantit\u00e9 de contours n\u00e9cessaires, la plupart des rendez-vous peuvent \u00eatre r\u00e9alis\u00e9s en 30 \u00e0 45 minutes. Cependant, les rendez-vous n\u00e9cessitant l&rsquo;ajout de mat\u00e9riau composite peuvent prendre plus de temps, car le composite est appliqu\u00e9 et durci une couche \u00e0 la fois.<\/p> <p><strong>Vous voulez des r\u00e9sultats permanents<\/strong><\/p> <p>L&rsquo;\u00e9mail des dents ne repousse pas, ce qui signifie que les r\u00e9sultats sont permanents une fois que votre \u00e9mail a \u00e9t\u00e9 remodel\u00e9. Toutefois, si le collage cosm\u00e9tique a \u00e9t\u00e9 utilis\u00e9 pour ajouter du mat\u00e9riau \u00e0 vos dents, ce mat\u00e9riau devra \u00e9ventuellement \u00eatre remplac\u00e9 lorsqu&rsquo;il s&rsquo;usera. En moyenne, les mat\u00e9riaux composites peuvent durer de 5 \u00e0 7 ans s&rsquo;ils sont entretenus correctement.<\/p> <p><strong>Vous voulez une proc\u00e9dure non invasive<\/strong><\/p> <p>Comme le contour de l&rsquo;\u00e9mail n&rsquo;affecte que la couche la plus externe de vos dents, il est consid\u00e9r\u00e9 comme un traitement dentaire cosm\u00e9tique non invasif. En outre, l&rsquo;utilisation d&rsquo;anesth\u00e9siques dentaires n&rsquo;est souvent pas n\u00e9cessaire pendant une proc\u00e9dure de contournement de l&rsquo;\u00e9mail.<\/p> <p><strong>Vous voulez am\u00e9liorer votre sant\u00e9 bucco-dentaire<\/strong><\/p> <p>Dans certains cas, le contour de l&rsquo;\u00e9mail peut offrir plus que des avantages esth\u00e9tiques. Par exemple, la correction de chevauchements mineurs peut r\u00e9duire l&rsquo;accumulation de plaque dans cette zone. Au final, cela r\u00e9duit le risque de carie dentaire et de maladie des gencives.[\/vc_column_text][\/vc_column_inner][vc_column_inner width=\u00a0\u00bb1\/3&Prime;][vc_single_image image=\u00a0\u00bb4597&Prime; img_size=\u00a0\u00bbfull\u00a0\u00bb][\/vc_column_inner][\/vc_row_inner][\/vc_column][\/vc_row][\/vc_section]<\/p> <\/div>","protected":false},"excerpt":{"rendered":"[vc_section][vc_row el_class=\u00a0\u00bbcontainer_1200&Prime;][vc_column][vc_row_inner][vc_column_inner][vc_custom_heading text=\u00a0\u00bbContour de l&rsquo;\u00e9mail et Remodelage des Dents\u00a0\u00bb font_container=\u00a0\u00bbtag:h2|font_size:48|text_align:center\u00a0\u00bb use_theme_fonts=\u00a0\u00bbyes\u00a0\u00bb el_class=\u00a0\u00bbsingle-page-h2&Prime;][\/vc_column_inner][\/vc_row_inner][vc_row_inner][vc_column_inner][vc_column_text]Des dents mal form\u00e9es ou mal assorties peuvent avoir un aspect peu attrayant qui peut vous emp\u00eacher de sourire autant que vous le devriez. Le contour de l&rsquo;\u00e9mail est une proc\u00e9dure dentaire cosm\u00e9tique qui remod\u00e8le l&rsquo;\u00e9mail des dents afin de corriger les imperfections mineures&#8230; <a class=\"view-article\" href=\"https:\/\/www.anatomicaclinic.com\/fr\/traitement-dentaire\/contour-de-lemail-et-remodelage-des-dents\/\">Voir l&rsquo;article<\/a>","protected":false},"author":10,"featured_media":0,"parent":4769,"menu_order":0,"comment_status":"closed","ping_status":"closed","template":"","meta":{"footnotes":""},"class_list":["post-5085","page","type-page","status-publish","hentry"],"yoast_head":"<!-- This site is optimized with the Yoast SEO plugin v27.0 - https:\/\/yoast.com\/product\/yoast-seo-wordpress\/ -->\n<title>Contour de l&#039;\u00e9mail et Remodelage des Dents - Anatomica Clinique<\/title>\n<meta name=\"description\" content=\"Contour de l&#039;\u00e9mail et Remodelage des Dents - Anatomica Clinique\" \/>\n<meta name=\"robots\" content=\"index, follow, max-snippet:-1, max-image-preview:large, max-video-preview:-1\" \/>\n<link rel=\"canonical\" href=\"https:\/\/www.anatomicaclinic.com\/fr\/?page_id=5085\" \/>\n<meta property=\"og:locale\" content=\"fr_FR\" \/>\n<meta property=\"og:type\" content=\"article\" \/>\n<meta property=\"og:title\" content=\"Contour de l&#039;\u00e9mail et Remodelage des Dents - Anatomica Clinique\" \/>\n<meta property=\"og:description\" content=\"Contour de l&#039;\u00e9mail et Remodelage des Dents - Anatomica Clinique\" \/>\n<meta property=\"og:url\" content=\"https:\/\/www.anatomicaclinic.com\/fr\/?page_id=5085\" \/>\n<meta property=\"og:site_name\" content=\"Anatomica Clinique\" \/>\n<meta property=\"article:publisher\" content=\"https:\/\/www.facebook.com\/anatomicadominican\" \/>\n<meta property=\"article:modified_time\" content=\"2026-02-11T11:44:54+00:00\" \/>\n<meta name=\"twitter:card\" content=\"summary_large_image\" \/>\n<meta name=\"twitter:label1\" content=\"Dur\u00e9e de lecture estim\u00e9e\" \/>\n\t<meta name=\"twitter:data1\" content=\"3 minutes\" \/>\n<script type=\"application\/ld+json\" class=\"yoast-schema-graph\">{\"@context\":\"https:\/\/schema.org\",\"@graph\":[{\"@type\":\"WebPage\",\"@id\":\"https:\/\/www.anatomicaclinic.com\/fr\/?page_id=5085\",\"url\":\"https:\/\/www.anatomicaclinic.com\/fr\/?page_id=5085\",\"name\":\"Contour de l'\u00e9mail et Remodelage des Dents - Anatomica Clinique\",\"isPartOf\":{\"@id\":\"https:\/\/www.anatomicaclinic.com\/#website\"},\"datePublished\":\"2022-06-19T19:00:31+00:00\",\"dateModified\":\"2026-02-11T11:44:54+00:00\",\"description\":\"Contour de l'\u00e9mail et Remodelage des Dents - Anatomica Clinique\",\"breadcrumb\":{\"@id\":\"https:\/\/www.anatomicaclinic.com\/fr\/?page_id=5085#breadcrumb\"},\"inLanguage\":\"fr-FR\",\"potentialAction\":[{\"@type\":\"ReadAction\",\"target\":[\"https:\/\/www.anatomicaclinic.com\/fr\/?page_id=5085\"]}]},{\"@type\":\"BreadcrumbList\",\"@id\":\"https:\/\/www.anatomicaclinic.com\/fr\/?page_id=5085#breadcrumb\",\"itemListElement\":[{\"@type\":\"ListItem\",\"position\":1,\"name\":\"Anasayfa\",\"item\":\"https:\/\/www.anatomicaclinic.com\/fr\/?page_id=7928\"},{\"@type\":\"ListItem\",\"position\":2,\"name\":\"Traitement Dentaire\",\"item\":\"https:\/\/www.anatomicaclinic.com\/fr\/?page_id=4769\"},{\"@type\":\"ListItem\",\"position\":3,\"name\":\"Contour de l&#8217;\u00e9mail et Remodelage des Dents\"}]},{\"@type\":\"WebSite\",\"@id\":\"https:\/\/www.anatomicaclinic.com\/#website\",\"url\":\"https:\/\/www.anatomicaclinic.com\/\",\"name\":\"Anatomica Clinic\",\"description\":\"Anatomica\",\"publisher\":{\"@id\":\"https:\/\/www.anatomicaclinic.com\/#organization\"},\"alternateName\":\"Anatomica Clinic International\",\"potentialAction\":[{\"@type\":\"SearchAction\",\"target\":{\"@type\":\"EntryPoint\",\"urlTemplate\":\"https:\/\/www.anatomicaclinic.com\/?s={search_term_string}\"},\"query-input\":{\"@type\":\"PropertyValueSpecification\",\"valueRequired\":true,\"valueName\":\"search_term_string\"}}],\"inLanguage\":\"fr-FR\"},{\"@type\":\"Organization\",\"@id\":\"https:\/\/www.anatomicaclinic.com\/#organization\",\"name\":\"Anatomica Clinic Dominicana\",\"url\":\"https:\/\/www.anatomicaclinic.com\/\",\"logo\":{\"@type\":\"ImageObject\",\"inLanguage\":\"fr-FR\",\"@id\":\"https:\/\/www.anatomicaclinic.com\/#\/schema\/logo\/image\/\",\"url\":\"https:\/\/www.anatomicaclinic.com\/wp-content\/uploads\/2023\/11\/8aa015e1-a0cd-4d48-b1d5-c9598cbdad99.jpg\",\"contentUrl\":\"https:\/\/www.anatomicaclinic.com\/wp-content\/uploads\/2023\/11\/8aa015e1-a0cd-4d48-b1d5-c9598cbdad99.jpg\",\"width\":1600,\"height\":1600,\"caption\":\"Anatomica Clinic Dominicana\"},\"image\":{\"@id\":\"https:\/\/www.anatomicaclinic.com\/#\/schema\/logo\/image\/\"},\"sameAs\":[\"https:\/\/www.facebook.com\/anatomicadominican\",\"https:\/\/instagram.com\/anatomicadominican\"]}]}<\/script>\n<!-- \/ Yoast SEO plugin. -->","yoast_head_json":{"title":"Contour de l'\u00e9mail et Remodelage des Dents - Anatomica Clinique","description":"Contour de l'\u00e9mail et Remodelage des Dents - Anatomica Clinique","robots":{"index":"index","follow":"follow","max-snippet":"max-snippet:-1","max-image-preview":"max-image-preview:large","max-video-preview":"max-video-preview:-1"},"canonical":"https:\/\/www.anatomicaclinic.com\/fr\/?page_id=5085","og_locale":"fr_FR","og_type":"article","og_title":"Contour de l'\u00e9mail et Remodelage des Dents - Anatomica Clinique","og_description":"Contour de l'\u00e9mail et Remodelage des Dents - Anatomica Clinique","og_url":"https:\/\/www.anatomicaclinic.com\/fr\/?page_id=5085","og_site_name":"Anatomica Clinique","article_publisher":"https:\/\/www.facebook.com\/anatomicadominican","article_modified_time":"2026-02-11T11:44:54+00:00","twitter_card":"summary_large_image","twitter_misc":{"Dur\u00e9e de lecture estim\u00e9e":"3 minutes"},"schema":{"@context":"https:\/\/schema.org","@graph":[{"@type":"WebPage","@id":"https:\/\/www.anatomicaclinic.com\/fr\/?page_id=5085","url":"https:\/\/www.anatomicaclinic.com\/fr\/?page_id=5085","name":"Contour de l'\u00e9mail et Remodelage des Dents - Anatomica Clinique","isPartOf":{"@id":"https:\/\/www.anatomicaclinic.com\/#website"},"datePublished":"2022-06-19T19:00:31+00:00","dateModified":"2026-02-11T11:44:54+00:00","description":"Contour de l'\u00e9mail et Remodelage des Dents - Anatomica Clinique","breadcrumb":{"@id":"https:\/\/www.anatomicaclinic.com\/fr\/?page_id=5085#breadcrumb"},"inLanguage":"fr-FR","potentialAction":[{"@type":"ReadAction","target":["https:\/\/www.anatomicaclinic.com\/fr\/?page_id=5085"]}]},{"@type":"BreadcrumbList","@id":"https:\/\/www.anatomicaclinic.com\/fr\/?page_id=5085#breadcrumb","itemListElement":[{"@type":"ListItem","position":1,"name":"Anasayfa","item":"https:\/\/www.anatomicaclinic.com\/fr\/?page_id=7928"},{"@type":"ListItem","position":2,"name":"Traitement Dentaire","item":"https:\/\/www.anatomicaclinic.com\/fr\/?page_id=4769"},{"@type":"ListItem","position":3,"name":"Contour de l&#8217;\u00e9mail et Remodelage des Dents"}]},{"@type":"WebSite","@id":"https:\/\/www.anatomicaclinic.com\/#website","url":"https:\/\/www.anatomicaclinic.com\/","name":"Anatomica Clinic","description":"Anatomica","publisher":{"@id":"https:\/\/www.anatomicaclinic.com\/#organization"},"alternateName":"Anatomica Clinic International","potentialAction":[{"@type":"SearchAction","target":{"@type":"EntryPoint","urlTemplate":"https:\/\/www.anatomicaclinic.com\/?s={search_term_string}"},"query-input":{"@type":"PropertyValueSpecification","valueRequired":true,"valueName":"search_term_string"}}],"inLanguage":"fr-FR"},{"@type":"Organization","@id":"https:\/\/www.anatomicaclinic.com\/#organization","name":"Anatomica Clinic Dominicana","url":"https:\/\/www.anatomicaclinic.com\/","logo":{"@type":"ImageObject","inLanguage":"fr-FR","@id":"https:\/\/www.anatomicaclinic.com\/#\/schema\/logo\/image\/","url":"https:\/\/www.anatomicaclinic.com\/wp-content\/uploads\/2023\/11\/8aa015e1-a0cd-4d48-b1d5-c9598cbdad99.jpg","contentUrl":"https:\/\/www.anatomicaclinic.com\/wp-content\/uploads\/2023\/11\/8aa015e1-a0cd-4d48-b1d5-c9598cbdad99.jpg","width":1600,"height":1600,"caption":"Anatomica Clinic Dominicana"},"image":{"@id":"https:\/\/www.anatomicaclinic.com\/#\/schema\/logo\/image\/"},"sameAs":["https:\/\/www.facebook.com\/anatomicadominican","https:\/\/instagram.com\/anatomicadominican"]}]}},"_links":{"self":[{"href":"https:\/\/www.anatomicaclinic.com\/fr\/wp-json\/wp\/v2\/pages\/5085","targetHints":{"allow":["GET"]}}],"collection":[{"href":"https:\/\/www.anatomicaclinic.com\/fr\/wp-json\/wp\/v2\/pages"}],"about":[{"href":"https:\/\/www.anatomicaclinic.com\/fr\/wp-json\/wp\/v2\/types\/page"}],"author":[{"embeddable":true,"href":"https:\/\/www.anatomicaclinic.com\/fr\/wp-json\/wp\/v2\/users\/10"}],"replies":[{"embeddable":true,"href":"https:\/\/www.anatomicaclinic.com\/fr\/wp-json\/wp\/v2\/comments?post=5085"}],"version-history":[{"count":1,"href":"https:\/\/www.anatomicaclinic.com\/fr\/wp-json\/wp\/v2\/pages\/5085\/revisions"}],"predecessor-version":[{"id":8612,"href":"https:\/\/www.anatomicaclinic.com\/fr\/wp-json\/wp\/v2\/pages\/5085\/revisions\/8612"}],"up":[{"embeddable":true,"href":"https:\/\/www.anatomicaclinic.com\/fr\/wp-json\/wp\/v2\/pages\/4769"}],"wp:attachment":[{"href":"https:\/\/www.anatomicaclinic.com\/fr\/wp-json\/wp\/v2\/media?parent=5085"}],"curies":[{"name":"wp","href":"https:\/\/api.w.org\/{rel}","templated":true}]}}