{"id":5091,"date":"2022-06-19T18:59:51","date_gmt":"2022-06-19T18:59:51","guid":{"rendered":"https:\/\/www.anatomicaclinic.com\/dental-treatments\/porcelain-inlays-and-onlays\/"},"modified":"2026-02-11T11:44:54","modified_gmt":"2026-02-11T11:44:54","slug":"inlays-et-onlays-en-porcelaine","status":"publish","type":"page","link":"https:\/\/www.anatomicaclinic.com\/fr\/traitement-dentaire\/inlays-et-onlays-en-porcelaine\/","title":{"rendered":"Inlays et Onlays en Porcelaine"},"content":{"rendered":"<div class=\"wpb-content-wrapper\"><p>[vc_section][vc_row el_class=\u00a0\u00bbcontainer_1200&Prime;][vc_column][vc_row_inner][vc_column_inner][vc_custom_heading text=\u00a0\u00bbInlays et Onlays en Porcelaine\u00a0\u00bb font_container=\u00a0\u00bbtag:h2|font_size:48|text_align:center\u00a0\u00bb use_theme_fonts=\u00a0\u00bbyes\u00a0\u00bb el_class=\u00a0\u00bbsingle-page-h2&Prime;][\/vc_column_inner][\/vc_row_inner][vc_row_inner][vc_column_inner][vc_column_text]<\/p> <p style=\"text-align: center;\">La dentisterie cosm\u00e9tique moderne nous a permis de b\u00e9n\u00e9ficier des progr\u00e8s technologiques pour cr\u00e9er des obturations sur mesure afin de r\u00e9soudre les probl\u00e8mes structurels de vos dents. Les inlays et onlays en porcelaine sont des obturations d&rsquo;aspect naturel qui permettent de r\u00e9parer la surface de vos dents afin qu&rsquo;elles soient plus solides tout en aidant \u00e0 pr\u00e9venir les probl\u00e8mes dentaires futurs.<\/p> <p style=\"text-align: center;\">Les inlays et onlays en porcelaine sont parfaits pour les dents pr\u00e9sentant des caries qui n\u00e9cessitent une r\u00e9paration moins importante qu&rsquo;une couronne dentaire, mais qui sont suffisamment graves pour n\u00e9cessiter un support plus important qu&rsquo;un plombage. Ils sont \u00e9galement parfaits pour les dents pr\u00e9sentant de petites fissures ou fractures qui n\u00e9cessitent une restauration. Les inlays et onlays en porcelaine sont un choix conservateur qui garantit la pr\u00e9servation d&rsquo;un maximum de votre propre dent.<\/p> <p style=\"text-align: center;\">Si les inlays et onlays en porcelaine ont g\u00e9n\u00e9ralement la m\u00eame fonction, il existe des distinctions subtiles entre les deux :<\/p> <p>[\/vc_column_text][\/vc_column_inner][\/vc_row_inner][vc_row_inner][vc_column_inner width=\u00a0\u00bb1\/3&Prime;][vc_single_image image=\u00a0\u00bb4584&Prime; img_size=\u00a0\u00bbfull\u00a0\u00bb][\/vc_column_inner][vc_column_inner width=\u00a0\u00bb2\/3&Prime;][vc_column_text]<strong>Les inlays en porcelaine :<\/strong> Les inlays sont plac\u00e9s au centre d&rsquo;une dent et coll\u00e9s \u00e0 celle-ci. Ils sont le plus souvent utilis\u00e9s pour les dents cari\u00e9es ou endommag\u00e9es o\u00f9 les zones probl\u00e9matiques sont peu profondes mais larges, et pr\u00e8s des surfaces externes de la dent.<\/p> <p><strong>Onlays en porcelaine : Les <\/strong>onlays peuvent \u00eatre n\u00e9cessaires lorsqu&rsquo;une obturation pr\u00e9c\u00e9dente de grande taille a \u00e9chou\u00e9 et doit \u00eatre remplac\u00e9e ou lorsqu&rsquo;une grande cavit\u00e9 doit \u00eatre r\u00e9par\u00e9e. Les onlays peuvent \u00e9galement \u00eatre utilis\u00e9s pour r\u00e9parer les dommages caus\u00e9s \u00e0 plusieurs cuspides.<\/p> <p>Chaque option est utile en donnant plus de soutien \u00e0 la structure dentaire restante tout en minimisant les risques que vous ayez besoin d&rsquo;un traitement suppl\u00e9mentaire, comme des couronnes dentaires, des bridges ou des implants.<\/p> <p><strong>En quoi les inlays et onlays sont-ils diff\u00e9rents des plombages et des couronnes ?<\/strong><\/p> <p>Les obturations dentaires sont utilis\u00e9es pour traiter les caries sur presque toutes les surfaces dentaires. Les couronnes dentaires sont plac\u00e9es sur les dents qui ont \u00e9t\u00e9 affaiblies par la carie ou un traumatisme. Les inlays traitent les caries entre les cuspides des dents. Les onlays traitent les caries au-dessus et sur les cuspides des dents. Il existe des applications crois\u00e9es entre tous ces services de restauration, mais chacun d&rsquo;entre eux est sp\u00e9cifiquement con\u00e7u pour un objectif diff\u00e9rent.[\/vc_column_text][\/vc_column_inner][\/vc_row_inner][vc_row_inner][vc_column_inner width=\u00a0\u00bb2\/3&Prime;][vc_column_text]<strong>Advantages of Porcelain Inlays and Onlays<\/strong><\/p> <p>As mentioned above, porcelain inlays and onlays are a great solution for when your teeth need intermediary restorations. They offer many advantages, including:<\/p> <p><strong>Custom fitting: <\/strong>Inlays and onlays require minimal preparation and preserve as much of your tooth as possible. By using impressions of your existing tooth, a mold is created that will fit tightly to your tooth.<\/p> <p><strong>Natural look: <\/strong>The porcelain used matches your existing tooth color and is unlikely to fade over time as resin fillings can.<\/p> <p><strong>Easy cleaning: <\/strong>Because of their precise fit, inlays and onlays are just like your natural teeth, while also being less bulky than dental crowns, making brushing and flossing an easy process. They are also stain resistant.<\/p> <p><strong>Natural feel: <\/strong>When correctly made they feel and function just as your natural teeth.<\/p> <p><strong>Strength: <\/strong>Once bonded to your tooth, the porcelain inserts add strength and support to the damaged tooth.<\/p> <p><strong>Long lasting: <\/strong>The porcelain material is quite durable and made to last a long time.<\/p> <p><strong>Safe: <\/strong>The porcelain material does not contract or expand with hot or cold foods and drinks, meaning they will not crack your teeth.[\/vc_column_text][\/vc_column_inner][vc_column_inner width=\u00a0\u00bb1\/3&Prime;][vc_single_image image=\u00a0\u00bb4585&Prime; img_size=\u00a0\u00bbfull\u00a0\u00bb][\/vc_column_inner][\/vc_row_inner][\/vc_column][\/vc_row][\/vc_section]<\/p> <\/div>","protected":false},"excerpt":{"rendered":"[vc_section][vc_row el_class=\u00a0\u00bbcontainer_1200&Prime;][vc_column][vc_row_inner][vc_column_inner][vc_custom_heading text=\u00a0\u00bbInlays et Onlays en Porcelaine\u00a0\u00bb font_container=\u00a0\u00bbtag:h2|font_size:48|text_align:center\u00a0\u00bb use_theme_fonts=\u00a0\u00bbyes\u00a0\u00bb el_class=\u00a0\u00bbsingle-page-h2&Prime;][\/vc_column_inner][\/vc_row_inner][vc_row_inner][vc_column_inner][vc_column_text] La dentisterie cosm\u00e9tique moderne nous a permis de b\u00e9n\u00e9ficier des progr\u00e8s technologiques pour cr\u00e9er des obturations sur mesure afin de r\u00e9soudre les probl\u00e8mes structurels de vos dents. Les inlays et onlays en porcelaine sont des obturations d&rsquo;aspect naturel qui permettent de r\u00e9parer la surface de&#8230; <a class=\"view-article\" href=\"https:\/\/www.anatomicaclinic.com\/fr\/traitement-dentaire\/inlays-et-onlays-en-porcelaine\/\">Voir l&rsquo;article<\/a>","protected":false},"author":10,"featured_media":0,"parent":4769,"menu_order":0,"comment_status":"closed","ping_status":"closed","template":"","meta":{"footnotes":""},"class_list":["post-5091","page","type-page","status-publish","hentry"],"yoast_head":"<!-- This site is optimized with the Yoast SEO plugin v27.0 - https:\/\/yoast.com\/product\/yoast-seo-wordpress\/ -->\n<title>Inlays et Onlays en Porcelaine - Anatomica Clinique<\/title>\n<meta name=\"description\" content=\"Inlays et Onlays en Porcelaine - Anatomica Clinique\" \/>\n<meta name=\"robots\" content=\"index, follow, max-snippet:-1, max-image-preview:large, max-video-preview:-1\" \/>\n<link rel=\"canonical\" href=\"https:\/\/www.anatomicaclinic.com\/fr\/?page_id=5091\" \/>\n<meta property=\"og:locale\" content=\"fr_FR\" \/>\n<meta property=\"og:type\" content=\"article\" \/>\n<meta property=\"og:title\" content=\"Inlays et Onlays en Porcelaine - Anatomica Clinique\" \/>\n<meta property=\"og:description\" content=\"Inlays et Onlays en Porcelaine - Anatomica Clinique\" \/>\n<meta property=\"og:url\" content=\"https:\/\/www.anatomicaclinic.com\/fr\/?page_id=5091\" \/>\n<meta property=\"og:site_name\" content=\"Anatomica Clinique\" \/>\n<meta property=\"article:publisher\" content=\"https:\/\/www.facebook.com\/anatomicadominican\" \/>\n<meta property=\"article:modified_time\" content=\"2026-02-11T11:44:54+00:00\" \/>\n<meta name=\"twitter:card\" content=\"summary_large_image\" \/>\n<meta name=\"twitter:label1\" content=\"Dur\u00e9e de lecture estim\u00e9e\" \/>\n\t<meta name=\"twitter:data1\" content=\"3 minutes\" \/>\n<script type=\"application\/ld+json\" class=\"yoast-schema-graph\">{\"@context\":\"https:\/\/schema.org\",\"@graph\":[{\"@type\":\"WebPage\",\"@id\":\"https:\/\/www.anatomicaclinic.com\/fr\/?page_id=5091\",\"url\":\"https:\/\/www.anatomicaclinic.com\/fr\/?page_id=5091\",\"name\":\"Inlays et Onlays en Porcelaine - Anatomica Clinique\",\"isPartOf\":{\"@id\":\"https:\/\/www.anatomicaclinic.com\/#website\"},\"datePublished\":\"2022-06-19T18:59:51+00:00\",\"dateModified\":\"2026-02-11T11:44:54+00:00\",\"description\":\"Inlays et Onlays en Porcelaine - Anatomica Clinique\",\"breadcrumb\":{\"@id\":\"https:\/\/www.anatomicaclinic.com\/fr\/?page_id=5091#breadcrumb\"},\"inLanguage\":\"fr-FR\",\"potentialAction\":[{\"@type\":\"ReadAction\",\"target\":[\"https:\/\/www.anatomicaclinic.com\/fr\/?page_id=5091\"]}]},{\"@type\":\"BreadcrumbList\",\"@id\":\"https:\/\/www.anatomicaclinic.com\/fr\/?page_id=5091#breadcrumb\",\"itemListElement\":[{\"@type\":\"ListItem\",\"position\":1,\"name\":\"Anasayfa\",\"item\":\"https:\/\/www.anatomicaclinic.com\/fr\/?page_id=7928\"},{\"@type\":\"ListItem\",\"position\":2,\"name\":\"Traitement Dentaire\",\"item\":\"https:\/\/www.anatomicaclinic.com\/fr\/?page_id=4769\"},{\"@type\":\"ListItem\",\"position\":3,\"name\":\"Inlays et Onlays en Porcelaine\"}]},{\"@type\":\"WebSite\",\"@id\":\"https:\/\/www.anatomicaclinic.com\/#website\",\"url\":\"https:\/\/www.anatomicaclinic.com\/\",\"name\":\"Anatomica Clinic\",\"description\":\"Anatomica\",\"publisher\":{\"@id\":\"https:\/\/www.anatomicaclinic.com\/#organization\"},\"alternateName\":\"Anatomica Clinic International\",\"potentialAction\":[{\"@type\":\"SearchAction\",\"target\":{\"@type\":\"EntryPoint\",\"urlTemplate\":\"https:\/\/www.anatomicaclinic.com\/?s={search_term_string}\"},\"query-input\":{\"@type\":\"PropertyValueSpecification\",\"valueRequired\":true,\"valueName\":\"search_term_string\"}}],\"inLanguage\":\"fr-FR\"},{\"@type\":\"Organization\",\"@id\":\"https:\/\/www.anatomicaclinic.com\/#organization\",\"name\":\"Anatomica Clinic Dominicana\",\"url\":\"https:\/\/www.anatomicaclinic.com\/\",\"logo\":{\"@type\":\"ImageObject\",\"inLanguage\":\"fr-FR\",\"@id\":\"https:\/\/www.anatomicaclinic.com\/#\/schema\/logo\/image\/\",\"url\":\"https:\/\/www.anatomicaclinic.com\/wp-content\/uploads\/2023\/11\/8aa015e1-a0cd-4d48-b1d5-c9598cbdad99.jpg\",\"contentUrl\":\"https:\/\/www.anatomicaclinic.com\/wp-content\/uploads\/2023\/11\/8aa015e1-a0cd-4d48-b1d5-c9598cbdad99.jpg\",\"width\":1600,\"height\":1600,\"caption\":\"Anatomica Clinic Dominicana\"},\"image\":{\"@id\":\"https:\/\/www.anatomicaclinic.com\/#\/schema\/logo\/image\/\"},\"sameAs\":[\"https:\/\/www.facebook.com\/anatomicadominican\",\"https:\/\/instagram.com\/anatomicadominican\"]}]}<\/script>\n<!-- \/ Yoast SEO plugin. -->","yoast_head_json":{"title":"Inlays et Onlays en Porcelaine - Anatomica Clinique","description":"Inlays et Onlays en Porcelaine - Anatomica Clinique","robots":{"index":"index","follow":"follow","max-snippet":"max-snippet:-1","max-image-preview":"max-image-preview:large","max-video-preview":"max-video-preview:-1"},"canonical":"https:\/\/www.anatomicaclinic.com\/fr\/?page_id=5091","og_locale":"fr_FR","og_type":"article","og_title":"Inlays et Onlays en Porcelaine - Anatomica Clinique","og_description":"Inlays et Onlays en Porcelaine - Anatomica Clinique","og_url":"https:\/\/www.anatomicaclinic.com\/fr\/?page_id=5091","og_site_name":"Anatomica Clinique","article_publisher":"https:\/\/www.facebook.com\/anatomicadominican","article_modified_time":"2026-02-11T11:44:54+00:00","twitter_card":"summary_large_image","twitter_misc":{"Dur\u00e9e de lecture estim\u00e9e":"3 minutes"},"schema":{"@context":"https:\/\/schema.org","@graph":[{"@type":"WebPage","@id":"https:\/\/www.anatomicaclinic.com\/fr\/?page_id=5091","url":"https:\/\/www.anatomicaclinic.com\/fr\/?page_id=5091","name":"Inlays et Onlays en Porcelaine - Anatomica Clinique","isPartOf":{"@id":"https:\/\/www.anatomicaclinic.com\/#website"},"datePublished":"2022-06-19T18:59:51+00:00","dateModified":"2026-02-11T11:44:54+00:00","description":"Inlays et Onlays en Porcelaine - Anatomica Clinique","breadcrumb":{"@id":"https:\/\/www.anatomicaclinic.com\/fr\/?page_id=5091#breadcrumb"},"inLanguage":"fr-FR","potentialAction":[{"@type":"ReadAction","target":["https:\/\/www.anatomicaclinic.com\/fr\/?page_id=5091"]}]},{"@type":"BreadcrumbList","@id":"https:\/\/www.anatomicaclinic.com\/fr\/?page_id=5091#breadcrumb","itemListElement":[{"@type":"ListItem","position":1,"name":"Anasayfa","item":"https:\/\/www.anatomicaclinic.com\/fr\/?page_id=7928"},{"@type":"ListItem","position":2,"name":"Traitement Dentaire","item":"https:\/\/www.anatomicaclinic.com\/fr\/?page_id=4769"},{"@type":"ListItem","position":3,"name":"Inlays et Onlays en Porcelaine"}]},{"@type":"WebSite","@id":"https:\/\/www.anatomicaclinic.com\/#website","url":"https:\/\/www.anatomicaclinic.com\/","name":"Anatomica Clinic","description":"Anatomica","publisher":{"@id":"https:\/\/www.anatomicaclinic.com\/#organization"},"alternateName":"Anatomica Clinic International","potentialAction":[{"@type":"SearchAction","target":{"@type":"EntryPoint","urlTemplate":"https:\/\/www.anatomicaclinic.com\/?s={search_term_string}"},"query-input":{"@type":"PropertyValueSpecification","valueRequired":true,"valueName":"search_term_string"}}],"inLanguage":"fr-FR"},{"@type":"Organization","@id":"https:\/\/www.anatomicaclinic.com\/#organization","name":"Anatomica Clinic Dominicana","url":"https:\/\/www.anatomicaclinic.com\/","logo":{"@type":"ImageObject","inLanguage":"fr-FR","@id":"https:\/\/www.anatomicaclinic.com\/#\/schema\/logo\/image\/","url":"https:\/\/www.anatomicaclinic.com\/wp-content\/uploads\/2023\/11\/8aa015e1-a0cd-4d48-b1d5-c9598cbdad99.jpg","contentUrl":"https:\/\/www.anatomicaclinic.com\/wp-content\/uploads\/2023\/11\/8aa015e1-a0cd-4d48-b1d5-c9598cbdad99.jpg","width":1600,"height":1600,"caption":"Anatomica Clinic Dominicana"},"image":{"@id":"https:\/\/www.anatomicaclinic.com\/#\/schema\/logo\/image\/"},"sameAs":["https:\/\/www.facebook.com\/anatomicadominican","https:\/\/instagram.com\/anatomicadominican"]}]}},"_links":{"self":[{"href":"https:\/\/www.anatomicaclinic.com\/fr\/wp-json\/wp\/v2\/pages\/5091","targetHints":{"allow":["GET"]}}],"collection":[{"href":"https:\/\/www.anatomicaclinic.com\/fr\/wp-json\/wp\/v2\/pages"}],"about":[{"href":"https:\/\/www.anatomicaclinic.com\/fr\/wp-json\/wp\/v2\/types\/page"}],"author":[{"embeddable":true,"href":"https:\/\/www.anatomicaclinic.com\/fr\/wp-json\/wp\/v2\/users\/10"}],"replies":[{"embeddable":true,"href":"https:\/\/www.anatomicaclinic.com\/fr\/wp-json\/wp\/v2\/comments?post=5091"}],"version-history":[{"count":1,"href":"https:\/\/www.anatomicaclinic.com\/fr\/wp-json\/wp\/v2\/pages\/5091\/revisions"}],"predecessor-version":[{"id":8617,"href":"https:\/\/www.anatomicaclinic.com\/fr\/wp-json\/wp\/v2\/pages\/5091\/revisions\/8617"}],"up":[{"embeddable":true,"href":"https:\/\/www.anatomicaclinic.com\/fr\/wp-json\/wp\/v2\/pages\/4769"}],"wp:attachment":[{"href":"https:\/\/www.anatomicaclinic.com\/fr\/wp-json\/wp\/v2\/media?parent=5091"}],"curies":[{"name":"wp","href":"https:\/\/api.w.org\/{rel}","templated":true}]}}