{"id":5093,"date":"2022-06-29T14:46:36","date_gmt":"2022-06-29T14:46:36","guid":{"rendered":"https:\/\/www.anatomicaclinic.com\/dental-treatments\/porcelain-veneers\/"},"modified":"2026-02-11T11:44:54","modified_gmt":"2026-02-11T11:44:54","slug":"facettes-en-porcelaine","status":"publish","type":"page","link":"https:\/\/www.anatomicaclinic.com\/fr\/traitement-dentaire\/facettes-en-porcelaine\/","title":{"rendered":"Facettes en Porcelaine"},"content":{"rendered":"<div class=\"wpb-content-wrapper\"><p>[vc_section][vc_row el_class=\u00a0\u00bbcontainer_1200&Prime;][vc_column][vc_row_inner][vc_column_inner][vc_custom_heading text=\u00a0\u00bbPorcelain Veneers\u00a0\u00bb font_container=\u00a0\u00bbtag:h2|font_size:48|text_align:center\u00a0\u00bb use_theme_fonts=\u00a0\u00bbyes\u00a0\u00bb el_class=\u00a0\u00bbsingle-page-h2&Prime;][\/vc_column_inner][\/vc_row_inner][vc_row_inner][vc_column_inner][vc_column_text]Avec les facettes en porcelaine, vous pouvez avoir un sourire qui vous permet de vous sentir le plus confiant, le plus attirant et le plus s\u00fbr de vous. Les facettes que nous proposons sont durables, belles et capables de traiter une myriade de probl\u00e8mes dentaires cosm\u00e9tiques pour produire un sourire que vous serez fier de montrer au monde.[\/vc_column_text][\/vc_column_inner][\/vc_row_inner][vc_row_inner][vc_column_inner width=\u00a0\u00bb1\/3&Prime;][vc_single_image image=\u00a0\u00bb4575&Prime; img_size=\u00a0\u00bbfull\u00a0\u00bb][\/vc_column_inner][vc_column_inner width=\u00a0\u00bb2\/3&Prime;][vc_column_text]<strong>Probl\u00e8mes trait\u00e9s par les facettes en porcelaine<\/strong><br \/> Les facettes sont plac\u00e9es sur le devant des dents pour dissimuler une vari\u00e9t\u00e9 de probl\u00e8mes dentaires cosm\u00e9tiques. Voici quelques-uns des probl\u00e8mes les plus courants corrig\u00e9s par les facettes en porcelaine :<\/p> <ul> <li>Lacunes et espaces entre les dents<\/li> <li>Pr\u00e9sentation des dents croches<\/li> <li>Dents de forme irr\u00e9guli\u00e8re ou de taille in\u00e9gale<\/li> <li>Taches qui ne r\u00e9pondent pas aux traitements de blanchiment des dents<\/li> <\/ul> <p>Gr\u00e2ce \u00e0 leur capacit\u00e9 \u00e0 corriger les malocclusions esth\u00e9tiques telles que les probl\u00e8mes d&rsquo;espacement et de positionnement des dents, les facettes sont parfois qualifi\u00e9es d'\u00a0\u00bborthodontie instantan\u00e9e\u00a0\u00bb. En effet, pour certains patients, ces restaurations cosm\u00e9tiques constituent une merveilleuse alternative aux options orthodontiques plus invasives.<\/p> <p>Les facettes en porcelaine peuvent \u00e9galement servir de solution autonome pour la correction de nombreux probl\u00e8mes cosm\u00e9tiques affectant un seul et m\u00eame sourire, ce qui permet dans certains cas une transformation compl\u00e8te du sourire.[\/vc_column_text][\/vc_column_inner][\/vc_row_inner][vc_row_inner][vc_column_inner width=\u00a0\u00bb2\/3&Prime;][vc_column_text]<strong>Avantages des facettes en porcelaine<\/strong><\/p> <p>Les facettes en porcelaine peuvent r\u00e9soudre un certain nombre de probl\u00e8mes cosm\u00e9tiques dans un laps de temps relativement court. Toutefois, ce n&rsquo;est pas le seul avantage qu&rsquo;elles procurent. Les facettes sont :<\/p> <ul> <li>Personnalis\u00e9es pour s&rsquo;adapter parfaitement \u00e0 votre sourire.<\/li> <li>Fabriqu\u00e9es \u00e0 partir de mat\u00e9riaux de la plus haute qualit\u00e9<\/li> <li>Durable et longue dur\u00e9e de vie<\/li> <li>Facile \u00e0 entretenir<\/li> <li>Capable de compl\u00e9ter la forme g\u00e9n\u00e9rale de votre visage<\/li> <\/ul> <p>Le mat\u00e9riau en porcelaine utilis\u00e9 pour les facettes dentaires est durable et peut durer de nombreuses ann\u00e9es, voire des d\u00e9cennies, sans devoir \u00eatre remplac\u00e9. Ce mat\u00e9riau r\u00e9siste \u00e9galement \u00e0 la d\u00e9coloration et aux taches.[\/vc_column_text][\/vc_column_inner][vc_column_inner width=\u00a0\u00bb1\/3&Prime;][vc_single_image image=\u00a0\u00bb4576&Prime; img_size=\u00a0\u00bbfull\u00a0\u00bb][\/vc_column_inner][\/vc_row_inner][\/vc_column][\/vc_row][\/vc_section]<\/p> <\/div>","protected":false},"excerpt":{"rendered":"[vc_section][vc_row el_class=\u00a0\u00bbcontainer_1200&Prime;][vc_column][vc_row_inner][vc_column_inner][vc_custom_heading text=\u00a0\u00bbPorcelain Veneers\u00a0\u00bb font_container=\u00a0\u00bbtag:h2|font_size:48|text_align:center\u00a0\u00bb use_theme_fonts=\u00a0\u00bbyes\u00a0\u00bb el_class=\u00a0\u00bbsingle-page-h2&Prime;][\/vc_column_inner][\/vc_row_inner][vc_row_inner][vc_column_inner][vc_column_text]Avec les facettes en porcelaine, vous pouvez avoir un sourire qui vous permet de vous sentir le plus confiant, le plus attirant et le plus s\u00fbr de vous. Les facettes que nous proposons sont durables, belles et capables de traiter une myriade de probl\u00e8mes dentaires cosm\u00e9tiques pour produire un&#8230; <a class=\"view-article\" href=\"https:\/\/www.anatomicaclinic.com\/fr\/traitement-dentaire\/facettes-en-porcelaine\/\">Voir l&rsquo;article<\/a>","protected":false},"author":10,"featured_media":0,"parent":4769,"menu_order":0,"comment_status":"closed","ping_status":"closed","template":"","meta":{"footnotes":""},"class_list":["post-5093","page","type-page","status-publish","hentry"],"yoast_head":"<!-- This site is optimized with the Yoast SEO plugin v27.0 - https:\/\/yoast.com\/product\/yoast-seo-wordpress\/ -->\n<title>Facettes en Porcelaine - Anatomica Clinique<\/title>\n<meta name=\"description\" content=\"Facettes en Porcelaine - Anatomica Clinique\" \/>\n<meta name=\"robots\" content=\"index, follow, max-snippet:-1, max-image-preview:large, max-video-preview:-1\" \/>\n<link rel=\"canonical\" href=\"https:\/\/www.anatomicaclinic.com\/fr\/?page_id=5093\" \/>\n<meta property=\"og:locale\" content=\"fr_FR\" \/>\n<meta property=\"og:type\" content=\"article\" \/>\n<meta property=\"og:title\" content=\"Facettes en Porcelaine - Anatomica Clinique\" \/>\n<meta property=\"og:description\" content=\"Facettes en Porcelaine - Anatomica Clinique\" \/>\n<meta property=\"og:url\" content=\"https:\/\/www.anatomicaclinic.com\/fr\/?page_id=5093\" \/>\n<meta property=\"og:site_name\" content=\"Anatomica Clinique\" \/>\n<meta property=\"article:publisher\" content=\"https:\/\/www.facebook.com\/anatomicadominican\" \/>\n<meta property=\"article:modified_time\" content=\"2026-02-11T11:44:54+00:00\" \/>\n<meta name=\"twitter:card\" content=\"summary_large_image\" \/>\n<meta name=\"twitter:label1\" content=\"Dur\u00e9e de lecture estim\u00e9e\" \/>\n\t<meta name=\"twitter:data1\" content=\"2 minutes\" \/>\n<script type=\"application\/ld+json\" class=\"yoast-schema-graph\">{\"@context\":\"https:\/\/schema.org\",\"@graph\":[{\"@type\":\"WebPage\",\"@id\":\"https:\/\/www.anatomicaclinic.com\/fr\/?page_id=5093\",\"url\":\"https:\/\/www.anatomicaclinic.com\/fr\/?page_id=5093\",\"name\":\"Facettes en Porcelaine - Anatomica Clinique\",\"isPartOf\":{\"@id\":\"https:\/\/www.anatomicaclinic.com\/#website\"},\"datePublished\":\"2022-06-29T14:46:36+00:00\",\"dateModified\":\"2026-02-11T11:44:54+00:00\",\"description\":\"Facettes en Porcelaine - Anatomica Clinique\",\"breadcrumb\":{\"@id\":\"https:\/\/www.anatomicaclinic.com\/fr\/?page_id=5093#breadcrumb\"},\"inLanguage\":\"fr-FR\",\"potentialAction\":[{\"@type\":\"ReadAction\",\"target\":[\"https:\/\/www.anatomicaclinic.com\/fr\/?page_id=5093\"]}]},{\"@type\":\"BreadcrumbList\",\"@id\":\"https:\/\/www.anatomicaclinic.com\/fr\/?page_id=5093#breadcrumb\",\"itemListElement\":[{\"@type\":\"ListItem\",\"position\":1,\"name\":\"Anasayfa\",\"item\":\"https:\/\/www.anatomicaclinic.com\/fr\/?page_id=7928\"},{\"@type\":\"ListItem\",\"position\":2,\"name\":\"Traitement Dentaire\",\"item\":\"https:\/\/www.anatomicaclinic.com\/fr\/?page_id=4769\"},{\"@type\":\"ListItem\",\"position\":3,\"name\":\"Facettes en Porcelaine\"}]},{\"@type\":\"WebSite\",\"@id\":\"https:\/\/www.anatomicaclinic.com\/#website\",\"url\":\"https:\/\/www.anatomicaclinic.com\/\",\"name\":\"Anatomica Clinic\",\"description\":\"Anatomica\",\"publisher\":{\"@id\":\"https:\/\/www.anatomicaclinic.com\/#organization\"},\"alternateName\":\"Anatomica Clinic International\",\"potentialAction\":[{\"@type\":\"SearchAction\",\"target\":{\"@type\":\"EntryPoint\",\"urlTemplate\":\"https:\/\/www.anatomicaclinic.com\/?s={search_term_string}\"},\"query-input\":{\"@type\":\"PropertyValueSpecification\",\"valueRequired\":true,\"valueName\":\"search_term_string\"}}],\"inLanguage\":\"fr-FR\"},{\"@type\":\"Organization\",\"@id\":\"https:\/\/www.anatomicaclinic.com\/#organization\",\"name\":\"Anatomica Clinic Dominicana\",\"url\":\"https:\/\/www.anatomicaclinic.com\/\",\"logo\":{\"@type\":\"ImageObject\",\"inLanguage\":\"fr-FR\",\"@id\":\"https:\/\/www.anatomicaclinic.com\/#\/schema\/logo\/image\/\",\"url\":\"https:\/\/www.anatomicaclinic.com\/wp-content\/uploads\/2023\/11\/8aa015e1-a0cd-4d48-b1d5-c9598cbdad99.jpg\",\"contentUrl\":\"https:\/\/www.anatomicaclinic.com\/wp-content\/uploads\/2023\/11\/8aa015e1-a0cd-4d48-b1d5-c9598cbdad99.jpg\",\"width\":1600,\"height\":1600,\"caption\":\"Anatomica Clinic Dominicana\"},\"image\":{\"@id\":\"https:\/\/www.anatomicaclinic.com\/#\/schema\/logo\/image\/\"},\"sameAs\":[\"https:\/\/www.facebook.com\/anatomicadominican\",\"https:\/\/instagram.com\/anatomicadominican\"]}]}<\/script>\n<!-- \/ Yoast SEO plugin. -->","yoast_head_json":{"title":"Facettes en Porcelaine - Anatomica Clinique","description":"Facettes en Porcelaine - Anatomica Clinique","robots":{"index":"index","follow":"follow","max-snippet":"max-snippet:-1","max-image-preview":"max-image-preview:large","max-video-preview":"max-video-preview:-1"},"canonical":"https:\/\/www.anatomicaclinic.com\/fr\/?page_id=5093","og_locale":"fr_FR","og_type":"article","og_title":"Facettes en Porcelaine - Anatomica Clinique","og_description":"Facettes en Porcelaine - Anatomica Clinique","og_url":"https:\/\/www.anatomicaclinic.com\/fr\/?page_id=5093","og_site_name":"Anatomica Clinique","article_publisher":"https:\/\/www.facebook.com\/anatomicadominican","article_modified_time":"2026-02-11T11:44:54+00:00","twitter_card":"summary_large_image","twitter_misc":{"Dur\u00e9e de lecture estim\u00e9e":"2 minutes"},"schema":{"@context":"https:\/\/schema.org","@graph":[{"@type":"WebPage","@id":"https:\/\/www.anatomicaclinic.com\/fr\/?page_id=5093","url":"https:\/\/www.anatomicaclinic.com\/fr\/?page_id=5093","name":"Facettes en Porcelaine - Anatomica Clinique","isPartOf":{"@id":"https:\/\/www.anatomicaclinic.com\/#website"},"datePublished":"2022-06-29T14:46:36+00:00","dateModified":"2026-02-11T11:44:54+00:00","description":"Facettes en Porcelaine - Anatomica Clinique","breadcrumb":{"@id":"https:\/\/www.anatomicaclinic.com\/fr\/?page_id=5093#breadcrumb"},"inLanguage":"fr-FR","potentialAction":[{"@type":"ReadAction","target":["https:\/\/www.anatomicaclinic.com\/fr\/?page_id=5093"]}]},{"@type":"BreadcrumbList","@id":"https:\/\/www.anatomicaclinic.com\/fr\/?page_id=5093#breadcrumb","itemListElement":[{"@type":"ListItem","position":1,"name":"Anasayfa","item":"https:\/\/www.anatomicaclinic.com\/fr\/?page_id=7928"},{"@type":"ListItem","position":2,"name":"Traitement Dentaire","item":"https:\/\/www.anatomicaclinic.com\/fr\/?page_id=4769"},{"@type":"ListItem","position":3,"name":"Facettes en Porcelaine"}]},{"@type":"WebSite","@id":"https:\/\/www.anatomicaclinic.com\/#website","url":"https:\/\/www.anatomicaclinic.com\/","name":"Anatomica Clinic","description":"Anatomica","publisher":{"@id":"https:\/\/www.anatomicaclinic.com\/#organization"},"alternateName":"Anatomica Clinic International","potentialAction":[{"@type":"SearchAction","target":{"@type":"EntryPoint","urlTemplate":"https:\/\/www.anatomicaclinic.com\/?s={search_term_string}"},"query-input":{"@type":"PropertyValueSpecification","valueRequired":true,"valueName":"search_term_string"}}],"inLanguage":"fr-FR"},{"@type":"Organization","@id":"https:\/\/www.anatomicaclinic.com\/#organization","name":"Anatomica Clinic Dominicana","url":"https:\/\/www.anatomicaclinic.com\/","logo":{"@type":"ImageObject","inLanguage":"fr-FR","@id":"https:\/\/www.anatomicaclinic.com\/#\/schema\/logo\/image\/","url":"https:\/\/www.anatomicaclinic.com\/wp-content\/uploads\/2023\/11\/8aa015e1-a0cd-4d48-b1d5-c9598cbdad99.jpg","contentUrl":"https:\/\/www.anatomicaclinic.com\/wp-content\/uploads\/2023\/11\/8aa015e1-a0cd-4d48-b1d5-c9598cbdad99.jpg","width":1600,"height":1600,"caption":"Anatomica Clinic Dominicana"},"image":{"@id":"https:\/\/www.anatomicaclinic.com\/#\/schema\/logo\/image\/"},"sameAs":["https:\/\/www.facebook.com\/anatomicadominican","https:\/\/instagram.com\/anatomicadominican"]}]}},"_links":{"self":[{"href":"https:\/\/www.anatomicaclinic.com\/fr\/wp-json\/wp\/v2\/pages\/5093","targetHints":{"allow":["GET"]}}],"collection":[{"href":"https:\/\/www.anatomicaclinic.com\/fr\/wp-json\/wp\/v2\/pages"}],"about":[{"href":"https:\/\/www.anatomicaclinic.com\/fr\/wp-json\/wp\/v2\/types\/page"}],"author":[{"embeddable":true,"href":"https:\/\/www.anatomicaclinic.com\/fr\/wp-json\/wp\/v2\/users\/10"}],"replies":[{"embeddable":true,"href":"https:\/\/www.anatomicaclinic.com\/fr\/wp-json\/wp\/v2\/comments?post=5093"}],"version-history":[{"count":1,"href":"https:\/\/www.anatomicaclinic.com\/fr\/wp-json\/wp\/v2\/pages\/5093\/revisions"}],"predecessor-version":[{"id":8527,"href":"https:\/\/www.anatomicaclinic.com\/fr\/wp-json\/wp\/v2\/pages\/5093\/revisions\/8527"}],"up":[{"embeddable":true,"href":"https:\/\/www.anatomicaclinic.com\/fr\/wp-json\/wp\/v2\/pages\/4769"}],"wp:attachment":[{"href":"https:\/\/www.anatomicaclinic.com\/fr\/wp-json\/wp\/v2\/media?parent=5093"}],"curies":[{"name":"wp","href":"https:\/\/api.w.org\/{rel}","templated":true}]}}