{"id":5097,"date":"2022-06-19T19:02:33","date_gmt":"2022-06-19T19:02:33","guid":{"rendered":"https:\/\/www.anatomicaclinic.com\/dental-treatments\/root-canal-therapy\/"},"modified":"2026-02-11T11:44:55","modified_gmt":"2026-02-11T11:44:55","slug":"traitement-canalaire","status":"publish","type":"page","link":"https:\/\/www.anatomicaclinic.com\/fr\/traitement-dentaire\/traitement-canalaire\/","title":{"rendered":"Traitement Canalaire"},"content":{"rendered":"<div class=\"wpb-content-wrapper\"><p>[vc_section][vc_row el_class=\u00a0\u00bbcontainer_1200&Prime;][vc_column][vc_row_inner][vc_column_inner][vc_custom_heading text=\u00a0\u00bbTraitement Canalaire\u00a0\u00bb font_container=\u00a0\u00bbtag:h2|font_size:48|text_align:center\u00a0\u00bb use_theme_fonts=\u00a0\u00bbyes\u00a0\u00bb el_class=\u00a0\u00bbsingle-page-h2&Prime;][\/vc_column_inner][\/vc_row_inner][vc_row_inner][vc_column_inner][vc_column_text]<strong>Qu&rsquo;est-ce que le traitement de canal ?<\/strong><\/p> <p>Un endodontiste effectue un traitement de canal pour traiter les probl\u00e8mes li\u00e9s \u00e0 la pulpe interne molle d&rsquo;une dent.[\/vc_column_text][\/vc_column_inner][\/vc_row_inner][vc_row_inner][vc_column_inner width=\u00a0\u00bb1\/3&Prime;][vc_single_image image=\u00a0\u00bb4578&Prime; img_size=\u00a0\u00bbfull\u00a0\u00bb][\/vc_column_inner][vc_column_inner width=\u00a0\u00bb2\/3&Prime;][vc_column_text]<strong>Pourquoi ai-je besoin d&rsquo;un traitement de canal ?<\/strong><\/p> <p>Le traitement de canal est n\u00e9cessaire lorsque le tissu nerveux \u00e0 l&rsquo;int\u00e9rieur des dents d\u00e9g\u00e9n\u00e8re. Sans traitement de canal, l&rsquo;infection de la pulpe dentaire peut entra\u00eener un abc\u00e8s, qui peut \u00e0 son tour endommager l&rsquo;os de la m\u00e2choire. Vous aurez besoin d&rsquo;un traitement de canal pour sauver votre dent et pour vous assurer que le tissu autour de la racine de la dent reste sain et exempt d&rsquo;inflammation.<\/p> <p>Il y a plusieurs raisons pour lesquelles votre dent peut \u00eatre irrit\u00e9e et enflamm\u00e9e, par exemple : une carie profonde, de gros plombages, un traumatisme de la dent, une dent \u00e9br\u00e9ch\u00e9e ou m\u00eame des travaux dentaires r\u00e9p\u00e9t\u00e9s.<\/p> <p><strong>Quels sont les sympt\u00f4mes ou les signes indiquant qu&rsquo;un traitement de canal est n\u00e9cessaire ?<\/strong><\/p> <p>Vous pouvez avoir besoin d&rsquo;un traitement de canal si une dent vous fait souffrir ou si les gencives adjacentes \u00e0 la dent sont sensibles et enfl\u00e9es. Un autre sympt\u00f4me est que la dent semble d\u00e9color\u00e9e et qu&rsquo;elle est devenue tr\u00e8s sensible au chaud et au froid. Si ces sympt\u00f4mes r\u00e9v\u00e8lent une pulpe enflamm\u00e9e et infect\u00e9e \u00e0 l&rsquo;int\u00e9rieur de la dent, votre dentiste peut recommander une proc\u00e9dure de traitement de canal.<\/p> <p><strong>Quelles sont les causes des l\u00e9sions de la pulpe dentaire ou des nerfs ?<\/strong><\/p> <p>Les caries dentaires, les dents \u00e9br\u00e9ch\u00e9es, les obturations dentaires fissur\u00e9es et les blessures aux dents peuvent endommager la pulpe dentaire. Si les caries dentaires ne sont pas trait\u00e9es \u00e0 temps, la carie se propage vers l&rsquo;int\u00e9rieur de la pulpe dentaire et provoque des l\u00e9sions nerveuses. Les obturations dentaires fissur\u00e9es permettent \u00e0 la salive et aux bact\u00e9ries nocives d&rsquo;atteindre le canal radiculaire et d&rsquo;infecter la pulpe. Les dents fractur\u00e9es peuvent exposer la pulpe. Une blessure aux dents peut causer des dommages \u00e0 la pulpe m\u00eame s&rsquo;il n&rsquo;y a pas de signes ext\u00e9rieurs de dommages \u00e0 l&rsquo;int\u00e9rieur des dents.[\/vc_column_text][\/vc_column_inner][\/vc_row_inner][vc_row_inner][vc_column_inner width=\u00a0\u00bb2\/3&Prime;][vc_column_text]<strong>Pourquoi un traitement de canal est-il n\u00e9cessaire ?<\/strong><\/p> <p>Lorsque les nerfs \u00e0 l&rsquo;int\u00e9rieur de la pulpe dentaire meurent, la dentine et l&rsquo;\u00e9mail de la dent ne peuvent plus recevoir de nutriments organiques et d&rsquo;humidit\u00e9. Le tissu enflamm\u00e9 entourant la dent provoque des maux de dents et l&rsquo;infection peut endommager les os autour des dents. Si la pulpe endommag\u00e9e n&rsquo;est pas trait\u00e9e, l&rsquo;infection bact\u00e9rienne et l&rsquo;inflammation peuvent d\u00e9loger la dent et il peut \u00eatre n\u00e9cessaire de l&rsquo;extraire. Par cons\u00e9quent, un traitement de canal est n\u00e9cessaire pour pr\u00e9server la dent et prot\u00e9ger \u00e9galement la m\u00e2choire.<\/p> <p><strong>En quoi consiste la proc\u00e9dure de traitement radiculaire ?<\/strong><\/p> <p>La proc\u00e9dure se d\u00e9roule en quatre \u00e9tapes. Tout d&rsquo;abord, le dentiste \u00e9tudie la radiographie de la dent infect\u00e9e, puis administre un anesth\u00e9sique local. Ensuite, le dentiste retire le tissu nerveux enflamm\u00e9 par une ouverture dans la couronne de la dent. Le canal radiculaire est nettoy\u00e9 correctement afin de ne laisser aucun d\u00e9bris ou bact\u00e9rie derri\u00e8re lui. Cela permettra d&rsquo;\u00e9viter que l&rsquo;infection et le gonflement des tissus ne se reproduisent. Dans la deuxi\u00e8me \u00e9tape de la proc\u00e9dure de traitement canalaire, le dentiste scelle la cavit\u00e9 canalaire nettoy\u00e9e. Cela permet d&#8217;emp\u00eacher les fluides et les bact\u00e9ries de p\u00e9n\u00e9trer dans la cavit\u00e9. Dans la troisi\u00e8me \u00e9tape, le canal radiculaire est rempli d&rsquo;un m\u00e9lange. Dans la quatri\u00e8me et derni\u00e8re \u00e9tape, une couronne est plac\u00e9e sur la dent scell\u00e9e, ce qui permet \u00e0 la dent de fonctionner normalement.[\/vc_column_text][\/vc_column_inner][vc_column_inner width=\u00a0\u00bb1\/3&Prime;][vc_single_image image=\u00a0\u00bb4579&Prime; img_size=\u00a0\u00bbfull\u00a0\u00bb][\/vc_column_inner][\/vc_row_inner][\/vc_column][\/vc_row][\/vc_section]<\/p> <\/div>","protected":false},"excerpt":{"rendered":"[vc_section][vc_row el_class=\u00a0\u00bbcontainer_1200&Prime;][vc_column][vc_row_inner][vc_column_inner][vc_custom_heading text=\u00a0\u00bbTraitement Canalaire\u00a0\u00bb font_container=\u00a0\u00bbtag:h2|font_size:48|text_align:center\u00a0\u00bb use_theme_fonts=\u00a0\u00bbyes\u00a0\u00bb el_class=\u00a0\u00bbsingle-page-h2&Prime;][\/vc_column_inner][\/vc_row_inner][vc_row_inner][vc_column_inner][vc_column_text]Qu&rsquo;est-ce que le traitement de canal ? Un endodontiste effectue un traitement de canal pour traiter les probl\u00e8mes li\u00e9s \u00e0 la pulpe interne molle d&rsquo;une dent.[\/vc_column_text][\/vc_column_inner][\/vc_row_inner][vc_row_inner][vc_column_inner width=\u00a0\u00bb1\/3&Prime;][vc_single_image image=\u00a0\u00bb4578&Prime; img_size=\u00a0\u00bbfull\u00a0\u00bb][\/vc_column_inner][vc_column_inner width=\u00a0\u00bb2\/3&Prime;][vc_column_text]Pourquoi ai-je besoin d&rsquo;un traitement de canal ? Le traitement de canal est n\u00e9cessaire lorsque le tissu nerveux \u00e0 l&rsquo;int\u00e9rieur&#8230; <a class=\"view-article\" href=\"https:\/\/www.anatomicaclinic.com\/fr\/traitement-dentaire\/traitement-canalaire\/\">Voir l&rsquo;article<\/a>","protected":false},"author":10,"featured_media":0,"parent":4769,"menu_order":0,"comment_status":"closed","ping_status":"closed","template":"","meta":{"footnotes":""},"class_list":["post-5097","page","type-page","status-publish","hentry"],"yoast_head":"<!-- This site is optimized with the Yoast SEO plugin v27.0 - https:\/\/yoast.com\/product\/yoast-seo-wordpress\/ -->\n<title>Traitement Canalaire - Anatomica Clinique<\/title>\n<meta name=\"description\" content=\"Traitement Canalaire - Anatomica Clinique\" \/>\n<meta name=\"robots\" content=\"index, follow, max-snippet:-1, max-image-preview:large, max-video-preview:-1\" \/>\n<link rel=\"canonical\" href=\"https:\/\/www.anatomicaclinic.com\/fr\/?page_id=5097\" \/>\n<meta property=\"og:locale\" content=\"fr_FR\" \/>\n<meta property=\"og:type\" content=\"article\" \/>\n<meta property=\"og:title\" content=\"Traitement Canalaire - Anatomica Clinique\" \/>\n<meta property=\"og:description\" content=\"Traitement Canalaire - Anatomica Clinique\" \/>\n<meta property=\"og:url\" content=\"https:\/\/www.anatomicaclinic.com\/fr\/?page_id=5097\" \/>\n<meta property=\"og:site_name\" content=\"Anatomica Clinique\" \/>\n<meta property=\"article:publisher\" content=\"https:\/\/www.facebook.com\/anatomicadominican\" \/>\n<meta property=\"article:modified_time\" content=\"2026-02-11T11:44:55+00:00\" \/>\n<meta name=\"twitter:card\" content=\"summary_large_image\" \/>\n<meta name=\"twitter:label1\" content=\"Dur\u00e9e de lecture estim\u00e9e\" \/>\n\t<meta name=\"twitter:data1\" content=\"3 minutes\" \/>\n<script type=\"application\/ld+json\" class=\"yoast-schema-graph\">{\"@context\":\"https:\/\/schema.org\",\"@graph\":[{\"@type\":\"WebPage\",\"@id\":\"https:\/\/www.anatomicaclinic.com\/fr\/?page_id=5097\",\"url\":\"https:\/\/www.anatomicaclinic.com\/fr\/?page_id=5097\",\"name\":\"Traitement Canalaire - Anatomica Clinique\",\"isPartOf\":{\"@id\":\"https:\/\/www.anatomicaclinic.com\/#website\"},\"datePublished\":\"2022-06-19T19:02:33+00:00\",\"dateModified\":\"2026-02-11T11:44:55+00:00\",\"description\":\"Traitement Canalaire - Anatomica Clinique\",\"breadcrumb\":{\"@id\":\"https:\/\/www.anatomicaclinic.com\/fr\/?page_id=5097#breadcrumb\"},\"inLanguage\":\"fr-FR\",\"potentialAction\":[{\"@type\":\"ReadAction\",\"target\":[\"https:\/\/www.anatomicaclinic.com\/fr\/?page_id=5097\"]}]},{\"@type\":\"BreadcrumbList\",\"@id\":\"https:\/\/www.anatomicaclinic.com\/fr\/?page_id=5097#breadcrumb\",\"itemListElement\":[{\"@type\":\"ListItem\",\"position\":1,\"name\":\"Anasayfa\",\"item\":\"https:\/\/www.anatomicaclinic.com\/fr\/?page_id=7928\"},{\"@type\":\"ListItem\",\"position\":2,\"name\":\"Traitement Dentaire\",\"item\":\"https:\/\/www.anatomicaclinic.com\/fr\/?page_id=4769\"},{\"@type\":\"ListItem\",\"position\":3,\"name\":\"Traitement Canalaire\"}]},{\"@type\":\"WebSite\",\"@id\":\"https:\/\/www.anatomicaclinic.com\/#website\",\"url\":\"https:\/\/www.anatomicaclinic.com\/\",\"name\":\"Anatomica Clinic\",\"description\":\"Anatomica\",\"publisher\":{\"@id\":\"https:\/\/www.anatomicaclinic.com\/#organization\"},\"alternateName\":\"Anatomica Clinic International\",\"potentialAction\":[{\"@type\":\"SearchAction\",\"target\":{\"@type\":\"EntryPoint\",\"urlTemplate\":\"https:\/\/www.anatomicaclinic.com\/?s={search_term_string}\"},\"query-input\":{\"@type\":\"PropertyValueSpecification\",\"valueRequired\":true,\"valueName\":\"search_term_string\"}}],\"inLanguage\":\"fr-FR\"},{\"@type\":\"Organization\",\"@id\":\"https:\/\/www.anatomicaclinic.com\/#organization\",\"name\":\"Anatomica Clinic Dominicana\",\"url\":\"https:\/\/www.anatomicaclinic.com\/\",\"logo\":{\"@type\":\"ImageObject\",\"inLanguage\":\"fr-FR\",\"@id\":\"https:\/\/www.anatomicaclinic.com\/#\/schema\/logo\/image\/\",\"url\":\"https:\/\/www.anatomicaclinic.com\/wp-content\/uploads\/2023\/11\/8aa015e1-a0cd-4d48-b1d5-c9598cbdad99.jpg\",\"contentUrl\":\"https:\/\/www.anatomicaclinic.com\/wp-content\/uploads\/2023\/11\/8aa015e1-a0cd-4d48-b1d5-c9598cbdad99.jpg\",\"width\":1600,\"height\":1600,\"caption\":\"Anatomica Clinic Dominicana\"},\"image\":{\"@id\":\"https:\/\/www.anatomicaclinic.com\/#\/schema\/logo\/image\/\"},\"sameAs\":[\"https:\/\/www.facebook.com\/anatomicadominican\",\"https:\/\/instagram.com\/anatomicadominican\"]}]}<\/script>\n<!-- \/ Yoast SEO plugin. -->","yoast_head_json":{"title":"Traitement Canalaire - Anatomica Clinique","description":"Traitement Canalaire - Anatomica Clinique","robots":{"index":"index","follow":"follow","max-snippet":"max-snippet:-1","max-image-preview":"max-image-preview:large","max-video-preview":"max-video-preview:-1"},"canonical":"https:\/\/www.anatomicaclinic.com\/fr\/?page_id=5097","og_locale":"fr_FR","og_type":"article","og_title":"Traitement Canalaire - Anatomica Clinique","og_description":"Traitement Canalaire - Anatomica Clinique","og_url":"https:\/\/www.anatomicaclinic.com\/fr\/?page_id=5097","og_site_name":"Anatomica Clinique","article_publisher":"https:\/\/www.facebook.com\/anatomicadominican","article_modified_time":"2026-02-11T11:44:55+00:00","twitter_card":"summary_large_image","twitter_misc":{"Dur\u00e9e de lecture estim\u00e9e":"3 minutes"},"schema":{"@context":"https:\/\/schema.org","@graph":[{"@type":"WebPage","@id":"https:\/\/www.anatomicaclinic.com\/fr\/?page_id=5097","url":"https:\/\/www.anatomicaclinic.com\/fr\/?page_id=5097","name":"Traitement Canalaire - Anatomica Clinique","isPartOf":{"@id":"https:\/\/www.anatomicaclinic.com\/#website"},"datePublished":"2022-06-19T19:02:33+00:00","dateModified":"2026-02-11T11:44:55+00:00","description":"Traitement Canalaire - Anatomica Clinique","breadcrumb":{"@id":"https:\/\/www.anatomicaclinic.com\/fr\/?page_id=5097#breadcrumb"},"inLanguage":"fr-FR","potentialAction":[{"@type":"ReadAction","target":["https:\/\/www.anatomicaclinic.com\/fr\/?page_id=5097"]}]},{"@type":"BreadcrumbList","@id":"https:\/\/www.anatomicaclinic.com\/fr\/?page_id=5097#breadcrumb","itemListElement":[{"@type":"ListItem","position":1,"name":"Anasayfa","item":"https:\/\/www.anatomicaclinic.com\/fr\/?page_id=7928"},{"@type":"ListItem","position":2,"name":"Traitement Dentaire","item":"https:\/\/www.anatomicaclinic.com\/fr\/?page_id=4769"},{"@type":"ListItem","position":3,"name":"Traitement Canalaire"}]},{"@type":"WebSite","@id":"https:\/\/www.anatomicaclinic.com\/#website","url":"https:\/\/www.anatomicaclinic.com\/","name":"Anatomica Clinic","description":"Anatomica","publisher":{"@id":"https:\/\/www.anatomicaclinic.com\/#organization"},"alternateName":"Anatomica Clinic International","potentialAction":[{"@type":"SearchAction","target":{"@type":"EntryPoint","urlTemplate":"https:\/\/www.anatomicaclinic.com\/?s={search_term_string}"},"query-input":{"@type":"PropertyValueSpecification","valueRequired":true,"valueName":"search_term_string"}}],"inLanguage":"fr-FR"},{"@type":"Organization","@id":"https:\/\/www.anatomicaclinic.com\/#organization","name":"Anatomica Clinic Dominicana","url":"https:\/\/www.anatomicaclinic.com\/","logo":{"@type":"ImageObject","inLanguage":"fr-FR","@id":"https:\/\/www.anatomicaclinic.com\/#\/schema\/logo\/image\/","url":"https:\/\/www.anatomicaclinic.com\/wp-content\/uploads\/2023\/11\/8aa015e1-a0cd-4d48-b1d5-c9598cbdad99.jpg","contentUrl":"https:\/\/www.anatomicaclinic.com\/wp-content\/uploads\/2023\/11\/8aa015e1-a0cd-4d48-b1d5-c9598cbdad99.jpg","width":1600,"height":1600,"caption":"Anatomica Clinic Dominicana"},"image":{"@id":"https:\/\/www.anatomicaclinic.com\/#\/schema\/logo\/image\/"},"sameAs":["https:\/\/www.facebook.com\/anatomicadominican","https:\/\/instagram.com\/anatomicadominican"]}]}},"_links":{"self":[{"href":"https:\/\/www.anatomicaclinic.com\/fr\/wp-json\/wp\/v2\/pages\/5097","targetHints":{"allow":["GET"]}}],"collection":[{"href":"https:\/\/www.anatomicaclinic.com\/fr\/wp-json\/wp\/v2\/pages"}],"about":[{"href":"https:\/\/www.anatomicaclinic.com\/fr\/wp-json\/wp\/v2\/types\/page"}],"author":[{"embeddable":true,"href":"https:\/\/www.anatomicaclinic.com\/fr\/wp-json\/wp\/v2\/users\/10"}],"replies":[{"embeddable":true,"href":"https:\/\/www.anatomicaclinic.com\/fr\/wp-json\/wp\/v2\/comments?post=5097"}],"version-history":[{"count":1,"href":"https:\/\/www.anatomicaclinic.com\/fr\/wp-json\/wp\/v2\/pages\/5097\/revisions"}],"predecessor-version":[{"id":8620,"href":"https:\/\/www.anatomicaclinic.com\/fr\/wp-json\/wp\/v2\/pages\/5097\/revisions\/8620"}],"up":[{"embeddable":true,"href":"https:\/\/www.anatomicaclinic.com\/fr\/wp-json\/wp\/v2\/pages\/4769"}],"wp:attachment":[{"href":"https:\/\/www.anatomicaclinic.com\/fr\/wp-json\/wp\/v2\/media?parent=5097"}],"curies":[{"name":"wp","href":"https:\/\/api.w.org\/{rel}","templated":true}]}}