{"id":5101,"date":"2022-06-19T18:59:35","date_gmt":"2022-06-19T18:59:35","guid":{"rendered":"https:\/\/www.anatomicaclinic.com\/dental-treatments\/teeth-whitining\/"},"modified":"2026-02-11T11:44:54","modified_gmt":"2026-02-11T11:44:54","slug":"blanchiment-des-dents","status":"publish","type":"page","link":"https:\/\/www.anatomicaclinic.com\/fr\/traitement-dentaire\/blanchiment-des-dents\/","title":{"rendered":"Blanchiment des dents"},"content":{"rendered":"<div class=\"wpb-content-wrapper\"><p>[vc_section][vc_row el_class=\u00a0\u00bbcontainer_1200&Prime;][vc_column][vc_row_inner][vc_column_inner][vc_custom_heading text=\u00a0\u00bbBlanchiment des dents\u00a0\u00bb font_container=\u00a0\u00bbtag:h2|font_size:48|text_align:center\u00a0\u00bb use_theme_fonts=\u00a0\u00bbyes\u00a0\u00bb el_class=\u00a0\u00bbsingle-page-h2&Prime;][\/vc_column_inner][\/vc_row_inner][vc_row_inner][vc_column_inner][vc_column_text][\/vc_column_text][\/vc_column_inner][\/vc_row_inner][vc_row_inner][vc_column_inner width=\u00a0\u00bb1\/3&Prime;][vc_single_image image=\u00a0\u00bb4575&Prime; img_size=\u00a0\u00bbfull\u00a0\u00bb][\/vc_column_inner][vc_column_inner width=\u00a0\u00bb2\/3&Prime;][vc_column_text]Avec le blanchiment des dents, nous pouvons blanchir l&rsquo;\u00e9mail pour \u00e9liminer les d\u00e9colorations et les taches des dents.<\/p> <p><strong>Quelles sont mes options pour le blanchiment des dents ? <\/strong><br \/> Pour le blanchiment des dents, les patients peuvent choisir entre un blanchiment en cabinet ou \u00e0 domicile. Pour le blanchiment en cabinet, nous couvrons vos l\u00e8vres et vos gencives avant d&rsquo;appliquer une fine couche de gel sur vos dents. La p\u00e2te est ensuite activ\u00e9e par une lumi\u00e8re ultraviolette sp\u00e9ciale. En un seul rendez-vous, vous pouvez repartir avec un nouveau sourire \u00e9clatant.<\/p> <p><strong>Le blanchiment des dents est-il efficace ? Le <\/strong><br \/> blanchiment professionnel des dents peut \u00e9liminer efficacement et en toute s\u00e9curit\u00e9 les taches de<br \/> surface et renouveler votre sourire. Les produits peuvent \u00e9claircir vos dents de 10 \u00e0 12 teintes en un rien de temps. Une bonne hygi\u00e8ne bucco-dentaire, des visites r\u00e9guli\u00e8res chez le dentiste et l&rsquo;\u00e9vitement des produits qui tachent vous permettront de conserver un sourire \u00e9clatant.<\/p> <p><strong>Quelle est la diff\u00e9rence entre le blanchiment professionnel des dents et les kits que je peux acheter en pharmacie ? <\/strong><br \/> Les kits de blanchiment vendus en pharmacie n&rsquo;ont pas la puissance d&rsquo;un blanchiment de qualit\u00e9 professionnelle, si bien que bien souvent, les patients n&rsquo;obtiennent pas les r\u00e9sultats qu&rsquo;ils souhaitent. De plus, ces kits de blanchiment irritent souvent les gencives et les tissus mous car ils ne sont pas adapt\u00e9s \u00e0 votre bouche.[\/vc_column_text][\/vc_column_inner][\/vc_row_inner][vc_row_inner][vc_column_inner width=\u00a0\u00bb2\/3&Prime;][vc_column_text]<strong>Que faire si le blanchiment des dents ne fonctionne pas ? <\/strong><br \/> Dans certains cas, notamment lorsqu&rsquo;il existe des taches intrins\u00e8ques profondes, le blanchiment des dents peut ne pas \u00eatre la meilleure solution. Nous examinerons votre cas et pourrons vous recommander d&rsquo;autres alternatives, comme des facettes en porcelaine ou des couronnes cosm\u00e9tiques, si le blanchiment des dents ne convient pas \u00e0 votre situation.<\/p> <p><strong>Le blanchiment des dents est-il s\u00fbr ? <\/strong><br \/> De nombreux dentistes consid\u00e8rent le blanchiment des dents comme la proc\u00e9dure cosm\u00e9tique la plus s\u00fbre actuellement. Avec une surveillance attentive, vous pouvez \u00e9claircir vos dents jusqu&rsquo;\u00e0 10 teintes et faire perdre des ann\u00e9es \u00e0 votre apparence.[\/vc_column_text][\/vc_column_inner][vc_column_inner width=\u00a0\u00bb1\/3&Prime;][vc_single_image image=\u00a0\u00bb4576&Prime; img_size=\u00a0\u00bbfull\u00a0\u00bb][\/vc_column_inner][\/vc_row_inner][\/vc_column][\/vc_row][\/vc_section]<\/p> <\/div>","protected":false},"excerpt":{"rendered":"[vc_section][vc_row el_class=\u00a0\u00bbcontainer_1200&Prime;][vc_column][vc_row_inner][vc_column_inner][vc_custom_heading text=\u00a0\u00bbBlanchiment des dents\u00a0\u00bb font_container=\u00a0\u00bbtag:h2|font_size:48|text_align:center\u00a0\u00bb use_theme_fonts=\u00a0\u00bbyes\u00a0\u00bb el_class=\u00a0\u00bbsingle-page-h2&Prime;][\/vc_column_inner][\/vc_row_inner][vc_row_inner][vc_column_inner][vc_column_text][\/vc_column_text][\/vc_column_inner][\/vc_row_inner][vc_row_inner][vc_column_inner width=\u00a0\u00bb1\/3&Prime;][vc_single_image image=\u00a0\u00bb4575&Prime; img_size=\u00a0\u00bbfull\u00a0\u00bb][\/vc_column_inner][vc_column_inner width=\u00a0\u00bb2\/3&Prime;][vc_column_text]Avec le blanchiment des dents, nous pouvons blanchir l&rsquo;\u00e9mail pour \u00e9liminer les d\u00e9colorations et les taches des dents. Quelles sont mes options pour le blanchiment des dents ? Pour le blanchiment des dents, les patients peuvent choisir entre un blanchiment en cabinet ou \u00e0&#8230; <a class=\"view-article\" href=\"https:\/\/www.anatomicaclinic.com\/fr\/traitement-dentaire\/blanchiment-des-dents\/\">Voir l&rsquo;article<\/a>","protected":false},"author":10,"featured_media":0,"parent":4769,"menu_order":0,"comment_status":"closed","ping_status":"closed","template":"","meta":{"footnotes":""},"class_list":["post-5101","page","type-page","status-publish","hentry"],"yoast_head":"<!-- This site is optimized with the Yoast SEO plugin v27.0 - https:\/\/yoast.com\/product\/yoast-seo-wordpress\/ -->\n<title>Blanchiment des dents - Anatomica Clinique<\/title>\n<meta name=\"description\" content=\"Blanchiment des dents - Anatomica Clinique\" \/>\n<meta name=\"robots\" content=\"index, follow, max-snippet:-1, max-image-preview:large, max-video-preview:-1\" \/>\n<link rel=\"canonical\" href=\"https:\/\/www.anatomicaclinic.com\/fr\/?page_id=5101\" \/>\n<meta property=\"og:locale\" content=\"fr_FR\" \/>\n<meta property=\"og:type\" content=\"article\" \/>\n<meta property=\"og:title\" content=\"Blanchiment des dents - Anatomica Clinique\" \/>\n<meta property=\"og:description\" content=\"Blanchiment des dents - Anatomica Clinique\" \/>\n<meta property=\"og:url\" content=\"https:\/\/www.anatomicaclinic.com\/fr\/?page_id=5101\" \/>\n<meta property=\"og:site_name\" content=\"Anatomica Clinique\" \/>\n<meta property=\"article:publisher\" content=\"https:\/\/www.facebook.com\/anatomicadominican\" \/>\n<meta property=\"article:modified_time\" content=\"2026-02-11T11:44:54+00:00\" \/>\n<meta name=\"twitter:card\" content=\"summary_large_image\" \/>\n<meta name=\"twitter:label1\" content=\"Dur\u00e9e de lecture estim\u00e9e\" \/>\n\t<meta name=\"twitter:data1\" content=\"2 minutes\" \/>\n<script type=\"application\/ld+json\" class=\"yoast-schema-graph\">{\"@context\":\"https:\/\/schema.org\",\"@graph\":[{\"@type\":\"WebPage\",\"@id\":\"https:\/\/www.anatomicaclinic.com\/fr\/?page_id=5101\",\"url\":\"https:\/\/www.anatomicaclinic.com\/fr\/?page_id=5101\",\"name\":\"Blanchiment des dents - Anatomica Clinique\",\"isPartOf\":{\"@id\":\"https:\/\/www.anatomicaclinic.com\/#website\"},\"datePublished\":\"2022-06-19T18:59:35+00:00\",\"dateModified\":\"2026-02-11T11:44:54+00:00\",\"description\":\"Blanchiment des dents - Anatomica Clinique\",\"breadcrumb\":{\"@id\":\"https:\/\/www.anatomicaclinic.com\/fr\/?page_id=5101#breadcrumb\"},\"inLanguage\":\"fr-FR\",\"potentialAction\":[{\"@type\":\"ReadAction\",\"target\":[\"https:\/\/www.anatomicaclinic.com\/fr\/?page_id=5101\"]}]},{\"@type\":\"BreadcrumbList\",\"@id\":\"https:\/\/www.anatomicaclinic.com\/fr\/?page_id=5101#breadcrumb\",\"itemListElement\":[{\"@type\":\"ListItem\",\"position\":1,\"name\":\"Anasayfa\",\"item\":\"https:\/\/www.anatomicaclinic.com\/fr\/?page_id=7928\"},{\"@type\":\"ListItem\",\"position\":2,\"name\":\"Traitement Dentaire\",\"item\":\"https:\/\/www.anatomicaclinic.com\/fr\/?page_id=4769\"},{\"@type\":\"ListItem\",\"position\":3,\"name\":\"Blanchiment des dents\"}]},{\"@type\":\"WebSite\",\"@id\":\"https:\/\/www.anatomicaclinic.com\/#website\",\"url\":\"https:\/\/www.anatomicaclinic.com\/\",\"name\":\"Anatomica Clinic\",\"description\":\"Anatomica\",\"publisher\":{\"@id\":\"https:\/\/www.anatomicaclinic.com\/#organization\"},\"alternateName\":\"Anatomica Clinic International\",\"potentialAction\":[{\"@type\":\"SearchAction\",\"target\":{\"@type\":\"EntryPoint\",\"urlTemplate\":\"https:\/\/www.anatomicaclinic.com\/?s={search_term_string}\"},\"query-input\":{\"@type\":\"PropertyValueSpecification\",\"valueRequired\":true,\"valueName\":\"search_term_string\"}}],\"inLanguage\":\"fr-FR\"},{\"@type\":\"Organization\",\"@id\":\"https:\/\/www.anatomicaclinic.com\/#organization\",\"name\":\"Anatomica Clinic Dominicana\",\"url\":\"https:\/\/www.anatomicaclinic.com\/\",\"logo\":{\"@type\":\"ImageObject\",\"inLanguage\":\"fr-FR\",\"@id\":\"https:\/\/www.anatomicaclinic.com\/#\/schema\/logo\/image\/\",\"url\":\"https:\/\/www.anatomicaclinic.com\/wp-content\/uploads\/2023\/11\/8aa015e1-a0cd-4d48-b1d5-c9598cbdad99.jpg\",\"contentUrl\":\"https:\/\/www.anatomicaclinic.com\/wp-content\/uploads\/2023\/11\/8aa015e1-a0cd-4d48-b1d5-c9598cbdad99.jpg\",\"width\":1600,\"height\":1600,\"caption\":\"Anatomica Clinic Dominicana\"},\"image\":{\"@id\":\"https:\/\/www.anatomicaclinic.com\/#\/schema\/logo\/image\/\"},\"sameAs\":[\"https:\/\/www.facebook.com\/anatomicadominican\",\"https:\/\/instagram.com\/anatomicadominican\"]}]}<\/script>\n<!-- \/ Yoast SEO plugin. -->","yoast_head_json":{"title":"Blanchiment des dents - Anatomica Clinique","description":"Blanchiment des dents - Anatomica Clinique","robots":{"index":"index","follow":"follow","max-snippet":"max-snippet:-1","max-image-preview":"max-image-preview:large","max-video-preview":"max-video-preview:-1"},"canonical":"https:\/\/www.anatomicaclinic.com\/fr\/?page_id=5101","og_locale":"fr_FR","og_type":"article","og_title":"Blanchiment des dents - Anatomica Clinique","og_description":"Blanchiment des dents - Anatomica Clinique","og_url":"https:\/\/www.anatomicaclinic.com\/fr\/?page_id=5101","og_site_name":"Anatomica Clinique","article_publisher":"https:\/\/www.facebook.com\/anatomicadominican","article_modified_time":"2026-02-11T11:44:54+00:00","twitter_card":"summary_large_image","twitter_misc":{"Dur\u00e9e de lecture estim\u00e9e":"2 minutes"},"schema":{"@context":"https:\/\/schema.org","@graph":[{"@type":"WebPage","@id":"https:\/\/www.anatomicaclinic.com\/fr\/?page_id=5101","url":"https:\/\/www.anatomicaclinic.com\/fr\/?page_id=5101","name":"Blanchiment des dents - Anatomica Clinique","isPartOf":{"@id":"https:\/\/www.anatomicaclinic.com\/#website"},"datePublished":"2022-06-19T18:59:35+00:00","dateModified":"2026-02-11T11:44:54+00:00","description":"Blanchiment des dents - Anatomica Clinique","breadcrumb":{"@id":"https:\/\/www.anatomicaclinic.com\/fr\/?page_id=5101#breadcrumb"},"inLanguage":"fr-FR","potentialAction":[{"@type":"ReadAction","target":["https:\/\/www.anatomicaclinic.com\/fr\/?page_id=5101"]}]},{"@type":"BreadcrumbList","@id":"https:\/\/www.anatomicaclinic.com\/fr\/?page_id=5101#breadcrumb","itemListElement":[{"@type":"ListItem","position":1,"name":"Anasayfa","item":"https:\/\/www.anatomicaclinic.com\/fr\/?page_id=7928"},{"@type":"ListItem","position":2,"name":"Traitement Dentaire","item":"https:\/\/www.anatomicaclinic.com\/fr\/?page_id=4769"},{"@type":"ListItem","position":3,"name":"Blanchiment des dents"}]},{"@type":"WebSite","@id":"https:\/\/www.anatomicaclinic.com\/#website","url":"https:\/\/www.anatomicaclinic.com\/","name":"Anatomica Clinic","description":"Anatomica","publisher":{"@id":"https:\/\/www.anatomicaclinic.com\/#organization"},"alternateName":"Anatomica Clinic International","potentialAction":[{"@type":"SearchAction","target":{"@type":"EntryPoint","urlTemplate":"https:\/\/www.anatomicaclinic.com\/?s={search_term_string}"},"query-input":{"@type":"PropertyValueSpecification","valueRequired":true,"valueName":"search_term_string"}}],"inLanguage":"fr-FR"},{"@type":"Organization","@id":"https:\/\/www.anatomicaclinic.com\/#organization","name":"Anatomica Clinic Dominicana","url":"https:\/\/www.anatomicaclinic.com\/","logo":{"@type":"ImageObject","inLanguage":"fr-FR","@id":"https:\/\/www.anatomicaclinic.com\/#\/schema\/logo\/image\/","url":"https:\/\/www.anatomicaclinic.com\/wp-content\/uploads\/2023\/11\/8aa015e1-a0cd-4d48-b1d5-c9598cbdad99.jpg","contentUrl":"https:\/\/www.anatomicaclinic.com\/wp-content\/uploads\/2023\/11\/8aa015e1-a0cd-4d48-b1d5-c9598cbdad99.jpg","width":1600,"height":1600,"caption":"Anatomica Clinic Dominicana"},"image":{"@id":"https:\/\/www.anatomicaclinic.com\/#\/schema\/logo\/image\/"},"sameAs":["https:\/\/www.facebook.com\/anatomicadominican","https:\/\/instagram.com\/anatomicadominican"]}]}},"_links":{"self":[{"href":"https:\/\/www.anatomicaclinic.com\/fr\/wp-json\/wp\/v2\/pages\/5101","targetHints":{"allow":["GET"]}}],"collection":[{"href":"https:\/\/www.anatomicaclinic.com\/fr\/wp-json\/wp\/v2\/pages"}],"about":[{"href":"https:\/\/www.anatomicaclinic.com\/fr\/wp-json\/wp\/v2\/types\/page"}],"author":[{"embeddable":true,"href":"https:\/\/www.anatomicaclinic.com\/fr\/wp-json\/wp\/v2\/users\/10"}],"replies":[{"embeddable":true,"href":"https:\/\/www.anatomicaclinic.com\/fr\/wp-json\/wp\/v2\/comments?post=5101"}],"version-history":[{"count":1,"href":"https:\/\/www.anatomicaclinic.com\/fr\/wp-json\/wp\/v2\/pages\/5101\/revisions"}],"predecessor-version":[{"id":8610,"href":"https:\/\/www.anatomicaclinic.com\/fr\/wp-json\/wp\/v2\/pages\/5101\/revisions\/8610"}],"up":[{"embeddable":true,"href":"https:\/\/www.anatomicaclinic.com\/fr\/wp-json\/wp\/v2\/pages\/4769"}],"wp:attachment":[{"href":"https:\/\/www.anatomicaclinic.com\/fr\/wp-json\/wp\/v2\/media?parent=5101"}],"curies":[{"name":"wp","href":"https:\/\/api.w.org\/{rel}","templated":true}]}}