{"id":5107,"date":"2022-05-16T08:10:07","date_gmt":"2022-05-16T08:10:07","guid":{"rendered":"https:\/\/www.anatomicaclinic.com\/gdpr\/"},"modified":"2026-02-11T11:44:52","modified_gmt":"2026-02-11T11:44:52","slug":"gdpr","status":"publish","type":"page","link":"https:\/\/www.anatomicaclinic.com\/fr\/gdpr\/","title":{"rendered":"GDPR"},"content":{"rendered":"<div class=\"wpb-content-wrapper\"><p>[vc_section el_id=\u00a0\u00bbsection-page-kvkk\u00a0\u00bb][vc_row el_class=\u00a0\u00bbcontainer_1200&Prime;][vc_column][vc_custom_heading text=\u00a0\u00bbFORMULAIRE D&rsquo;INFORMATION CONCERNANT L&rsquo;OBTENTION ET LE TRAITEMENT DES DONN\u00c9ES PERSONNELLES\u00a0\u00bb use_theme_fonts=\u00a0\u00bbyes\u00a0\u00bb el_class=\u00a0\u00bbkvkk-main-title\u00a0\u00bb][vc_column_text el_class=\u00a0\u00bbkvkk-text\u00a0\u00bb]Anatomica Clinic (Anatomica) and Anatomica&rsquo;s controlling shareholders, parent companies and affiliates (hereinafter to be collectively referred to as Anatomica Group) may, acting as Data Supervisor under the Law on Protection of Personal Data no. 6698 (la Loi) et d&rsquo;autres lois et r\u00e8glements pertinents, traiter vos donn\u00e9es personnelles dans le cadre suivant et dans le strict respect de la Loi sur les services de sant\u00e9 de base n\u00b0 3359, du D\u00e9cret-loi gouvernemental sur l&rsquo;organisation et les fonctions du minist\u00e8re de la Sant\u00e9 et de ses soci\u00e9t\u00e9s affili\u00e9es n\u00b0 663, des H\u00f4pitaux priv\u00e9s et de la Loi sur la protection des donn\u00e9es. 663, le r\u00e8glement sur les h\u00f4pitaux priv\u00e9s et les autres r\u00e8glements du minist\u00e8re de la sant\u00e9, ainsi que les autres lois et dispositions applicables.[\/vc_column_text][vc_custom_heading text=\u00a0\u00bb1. Obtention et traitement des donn\u00e9es personnelles, et finalit\u00e9s du traitement :\u00a0\u00bb use_theme_fonts=\u00a0\u00bbyes\u00a0\u00bb el_class=\u00a0\u00bbkvkk-title\u00a0\u00bb][vc_column_text el_class=\u00a0\u00bbkvkk-text\u00a0\u00bb]Vos donn\u00e9es personnelles sont collect\u00e9es et obtenues oralement, par \u00e9crit, ou sur des supports visuels ou \u00e9lectroniques, par le biais d&rsquo;un centre d&rsquo;appels, d&rsquo;un site Internet, oralement, par \u00e9crit ou par d&rsquo;autres canaux similaires pour la conduite de services tels que la protection de la sant\u00e9 publique, la m\u00e9decine pr\u00e9ventive, le diagnostic m\u00e9dical, les services de traitement et d&rsquo;entretien offerts par le Groupe Anatomica, ou pour la planification et la gestion des services et du financement des soins de sant\u00e9, et conform\u00e9ment aux domaines d&rsquo;activit\u00e9 des soci\u00e9t\u00e9s du Groupe Anatomica. Vos donn\u00e9es personnelles g\u00e9n\u00e9rales et vos donn\u00e9es personnelles sp\u00e9ciales, en particulier vos donn\u00e9es relatives aux soins de sant\u00e9, peuvent \u00eatre trait\u00e9es par le Groupe dans une mesure limit\u00e9e \u00e0 toutes les fins, y compris, mais sans s&rsquo;y limiter, aux fins suivantes :<\/p> <p>&#8211; Vos donn\u00e9es et informations d&rsquo;identit\u00e9 : Votre pr\u00e9nom, votre nom, votre num\u00e9ro d&rsquo;identit\u00e9 R.T., votre num\u00e9ro de passeport ou votre num\u00e9ro d&rsquo;identit\u00e9 R.T. temporaire, votre date et votre lieu de naissance, votre \u00e9tat civil, votre sexe, votre num\u00e9ro de s\u00e9curit\u00e9 sociale ou de protocole patient, ainsi que d&rsquo;autres donn\u00e9es d&rsquo;identit\u00e9 qui peuvent nous aider \u00e0 vous identifier.<\/p> <p>&#8211; Vos donn\u00e9es de communication : Votre adresse, votre num\u00e9ro de t\u00e9l\u00e9phone, votre adresse de courrier \u00e9lectronique et d&rsquo;autres donn\u00e9es de communication, ainsi que votre entretien verbal ou les enregistrements d&rsquo;appels conserv\u00e9s par les services client\u00e8le ou les services aux patients conform\u00e9ment aux normes des centres d&rsquo;appels, ainsi que vos donn\u00e9es personnelles recueillies lorsque vous communiquez avec nous par courrier \u00e9lectronique, lettre ou autres moyens de communication ; et<\/p> <p>&#8211; Vos informations comptables : Votre num\u00e9ro de compte bancaire, votre num\u00e9ro IBAN, les donn\u00e9es de votre carte de cr\u00e9dit, les donn\u00e9es de facturation et d&rsquo;autres donn\u00e9es et informations financi\u00e8res similaires ; et<\/p> <p>&#8211; Vos donn\u00e9es d&rsquo;assurance maladie priv\u00e9e et les donn\u00e9es et informations de l&rsquo;Agence de s\u00e9curit\u00e9 sociale, dans la mesure o\u00f9 elles sont n\u00e9cessaires au financement et \u00e0 la planification des services de soins de sant\u00e9 ; et<\/p> <p>&#8211; les enregistrements et les images prises par une cam\u00e9ra et conserv\u00e9es \u00e0 des fins de s\u00e9curit\u00e9 et d&rsquo;audit si et quand vous visitez nos h\u00f4pitaux ou centres m\u00e9dicaux ; et<\/p> <p>&#8211; le num\u00e9ro de la plaque d&rsquo;immatriculation de votre voiture si vous utilisez l&rsquo;aire de stationnement de la voiture ; et<\/p> <p>&#8211; Vos informations de sant\u00e9 : Vos donn\u00e9es personnelles concernant votre sant\u00e9 et votre vie sexuelle acquises et collect\u00e9es lors de la prestation ou \u00e0 la suite de services de diagnostic, de traitement et de soins m\u00e9dicaux, y compris, mais sans s&rsquo;y limiter, vos r\u00e9sultats d&rsquo;analyses de laboratoire, vos r\u00e9sultats de tests, vos donn\u00e9es d&rsquo;examens m\u00e9dicaux, vos donn\u00e9es et informations de rendez-vous, vos donn\u00e9es de contr\u00f4le et vos donn\u00e9es et informations de prescription ; et<\/p> <p>Vos donn\u00e9es personnelles obtenues et trait\u00e9es conform\u00e9ment aux lois et r\u00e8glements applicables peuvent \u00eatre transf\u00e9r\u00e9es vers des archives physiques et\/ou des syst\u00e8mes d&rsquo;information d&rsquo;Anatomica ou du Groupe Anatomica et peuvent \u00eatre conserv\u00e9es et stock\u00e9es tant sur des plateformes num\u00e9riques que physiques.[\/vc_column_text][vc_custom_heading text=\u00a0\u00bb2. Transfert de donn\u00e9es personnelles\u00a0\u00bb use_theme_fonts=\u00a0\u00bbyes\u00a0\u00bb el_class=\u00a0\u00bbkvkk-title\u00a0\u00bb][vc_column_text el_class=\u00a0\u00bbkvkk-text\u00a0\u00bb]Vos donn\u00e9es personnelles peuvent \u00eatre partag\u00e9es par Anatomica et le Groupe Anatomica avec des soci\u00e9t\u00e9s incluses dans le Groupe Anatomica ou avec des compagnies d&rsquo;assurance priv\u00e9es, le minist\u00e8re de la Sant\u00e9 et ses sous-unit\u00e9s, l&rsquo;Agence de s\u00e9curit\u00e9 sociale, la Direction g\u00e9n\u00e9rale de la s\u00e9curit\u00e9 et d&rsquo;autres forces de s\u00e9curit\u00e9, la Direction g\u00e9n\u00e9rale de la population et du recensement, l&rsquo;Association turque des pharmaciens, les tribunaux et toutes sortes d&rsquo;autres autorit\u00e9s juridiques, les centrales, etc. les tiers, vos repr\u00e9sentants et agents autoris\u00e9s, et les tiers qui nous offrent des services de consultation et de conseil, y compris, mais sans s&rsquo;y limiter, les avocats, les conseillers fiscaux et financiers et les auditeurs, ainsi que nos partenaires commerciaux et autres tiers agissant en coop\u00e9ration avec nous pour le d\u00e9veloppement ou l&rsquo;ex\u00e9cution de services de soins de sant\u00e9 aux fins cit\u00e9es ci-dessus, y compris \u00e9galement les organismes et autorit\u00e9s de r\u00e9glementation et de surveillance, et les autorit\u00e9s officielles, aux fins de traitement \u00e9num\u00e9r\u00e9es ci-dessus, conform\u00e9ment \u00e0 la Loi et aux autres lois et r\u00e8glements applicables.[\/vc_column_text][vc_custom_heading text=\u00a0\u00bb3. M\u00e9thodes et causes l\u00e9gales d&rsquo;obtention des donn\u00e9es personnelles\u00a0\u00bb use_theme_fonts=\u00a0\u00bbyes\u00a0\u00bb el_class=\u00a0\u00bbkvkk-title\u00a0\u00bb][vc_column_text el_class=\u00a0\u00bbkvkk-text\u00a0\u00bb]Vos donn\u00e9es personnelles sont collect\u00e9es et trait\u00e9es sur tout type de support verbal, \u00e9crit, visuel ou \u00e9lectronique, aux fins \u00e9num\u00e9r\u00e9es ci-dessus, et pour l&rsquo;ex\u00e9cution de tout type de travaux inclus dans les domaines d&rsquo;activit\u00e9 d&rsquo;Anatomica dans le cadre l\u00e9gal, et par cons\u00e9quent, pour la pleine et bonne ex\u00e9cution de tout type de devoirs et obligations contractuels et l\u00e9gaux d&rsquo;Anatomica. Les causes l\u00e9gales de la collecte et de l&rsquo;acquisition de vos donn\u00e9es personnelles sont les dispositions pertinentes de :<\/p> <p>&#8211; Loi sur la protection des donn\u00e9es personnelles no. 6698, et<\/p> <p>&#8211; la loi n\u00b0 3359 sur les services de sant\u00e9 de base, et<\/p> <p>&#8211; D\u00e9cret-loi gouvernemental sur l&rsquo;organisation et les fonctions du minist\u00e8re de la Sant\u00e9 et de ses soci\u00e9t\u00e9s affili\u00e9es n\u00b0 663, et d\u00e9cret-loi sur l&rsquo;organisation et les fonctions du minist\u00e8re de la Sant\u00e9. 663, et<\/p> <p>&#8211; R\u00e8glement sur les h\u00f4pitaux priv\u00e9s, et<\/p> <p>&#8211; R\u00e8glement sur le traitement et la protection de la vie priv\u00e9e des informations personnelles sur la sant\u00e9, et<\/p> <p>&#8211; d&rsquo;autres r\u00e8glements du minist\u00e8re de la sant\u00e9, et d&rsquo;autres lois et dispositions applicables.<\/p> <p>En outre, comme le stipule le troisi\u00e8me paragraphe de l&rsquo;article 6 de la loi, les donn\u00e9es personnelles relatives \u00e0 la sant\u00e9 peuvent \u00e9galement \u00eatre trait\u00e9es par des personnes soumises \u00e0 des obligations de secret ou par des entit\u00e9s et organisations officielles autoris\u00e9es, sans \u00eatre tenues de recevoir un consentement explicite pr\u00e9alable \u00e0 la finalit\u00e9 concern\u00e9e, uniquement pour la protection de la sant\u00e9 publique, la m\u00e9decine pr\u00e9ventive, les services de diagnostic, de traitement et d&rsquo;entretien m\u00e9dicaux, ainsi que pour la planification et la gestion des services et du financement des soins de sant\u00e9.[\/vc_column_text][vc_custom_heading text=\u00a0\u00bb4. Vos droits en mati\u00e8re de protection des donn\u00e9es personnelles\u00a0\u00bb use_theme_fonts=\u00a0\u00bbyes\u00a0\u00bb el_class=\u00a0\u00bbkvkk-title\u00a0\u00bb][vc_column_text el_class=\u00a0\u00bbkvkk-text\u00a0\u00bb]Conform\u00e9ment \u00e0 la loi et aux autres lois et r\u00e9glementations applicables, vous avez le droit de<\/p> <p>&#8211; Pour savoir si vos donn\u00e9es personnelles sont trait\u00e9es ou non, et<\/p> <p>&#8211; Si vos donn\u00e9es personnelles sont trait\u00e9es, de demander des informations \u00e0 ce sujet, et<\/p> <p>&#8211; d&rsquo;avoir acc\u00e8s aux donn\u00e9es et informations personnelles sur les soins de sant\u00e9 et de les demander, et<\/p> <p>&#8211; conna\u00eetre la finalit\u00e9 du traitement des donn\u00e9es personnelles et savoir si elles sont utilis\u00e9es aux fins pr\u00e9vues ou non. et<\/p> <p>&#8211; apprendre \u00e0 des tiers r\u00e9sidant dans le pays ou \u00e0 l&rsquo;\u00e9tranger et \u00e0 qui vos donn\u00e9es personnelles sont transf\u00e9r\u00e9es, et<\/p> <p>&#8211; Si vos donn\u00e9es personnelles sont trait\u00e9es de mani\u00e8re incompl\u00e8te ou erron\u00e9e, de demander qu&rsquo;elles soient corrig\u00e9es ou compl\u00e9t\u00e9es, et<\/p> <p>&#8211; pour demander l&rsquo;effacement ou la destruction de vos donn\u00e9es personnelles, et<\/p> <p>&#8211; de demander que les tiers auxquels vos donn\u00e9es personnelles ont \u00e9t\u00e9 pr\u00e9c\u00e9demment transf\u00e9r\u00e9es soient inform\u00e9s de la correction ou du compl\u00e9ment de vos donn\u00e9es personnelles en cas de traitement incomplet ou erron\u00e9, et\/ou de l&rsquo;effacement ou de la destruction de vos donn\u00e9es personnelles, et<\/p> <p>&#8211; S&rsquo;opposer \u00e0 toute conclusion contraire \u00e0 vos int\u00e9r\u00eats d\u00e9coulant de l&rsquo;analyse de vos donn\u00e9es personnelles trait\u00e9es uniquement au moyen de syst\u00e8mes automatiques.<\/p> <p>Si, \u00e0 tout moment, vous faites usage d&rsquo;un ou de plusieurs de vos droits susmentionn\u00e9s, les informations correspondantes vous seront transmises de mani\u00e8re claire et compr\u00e9hensible, par \u00e9crit ou sur des supports \u00e9lectroniques, en utilisant les donn\u00e9es de communication et les informations que vous aurez fournies.[\/vc_column_text][vc_custom_heading text=\u00a0\u00bb5. S\u00e9curit\u00e9 des donn\u00e9es\u00a0\u00bb use_theme_fonts=\u00a0\u00bbyes\u00a0\u00bb el_class=\u00a0\u00bbkvkk-title\u00a0\u00bb][vc_column_text el_class=\u00a0\u00bbkvkk-text\u00a0\u00bb]Anatomica prot\u00e8ge vos donn\u00e9es personnelles dans le respect total et strict de tous les contr\u00f4les de s\u00e9curit\u00e9 techniques et administratifs qui doivent \u00eatre pris conform\u00e9ment aux normes et proc\u00e9dures de s\u00e9curit\u00e9 de l&rsquo;information. Ces actions et mesures de s\u00e9curit\u00e9 sont prises et fournies \u00e0 un niveau appropri\u00e9 aux risques probables en prenant \u00e9galement en consid\u00e9ration les possibilit\u00e9s technologiques.[\/vc_column_text][vc_custom_heading text=\u00a0\u00bb6. Plaintes et communications\u00a0\u00bb use_theme_fonts=\u00a0\u00bbyes\u00a0\u00bb el_class=\u00a0\u00bbkvkk-title\u00a0\u00bb][vc_column_text el_class=\u00a0\u00bbkvkk-text\u00a0\u00bb]Si vous souhaitez soumettre vos demandes et requ\u00eates concernant vos donn\u00e9es personnelles, par le biais du formulaire de demande de la personne concern\u00e9e ;<\/p> <ul> <li>En l&rsquo;envoyant \u00e0 GAYRETTEPE MAH.MEVL\u00dcT PEHL\u0130VAN CAD.NO.23 \u015e\u0130\u015eL\u0130\/\u0130STANBUL avec une signature humide et une photocopie de la pi\u00e8ce d&rsquo;identit\u00e9.<\/li> <li>En s&rsquo;adressant personnellement \u00e0 la Direction g\u00e9n\u00e9rale de l&rsquo;ANATOMIE situ\u00e9e \u00e0 l&rsquo;adresse GAYRETTEPE MAH.MEVL\u00dcT PEHL\u0130VAN CAD.NO.23 \u015e\u0130\u015eL\u0130\/\u0130STANBUL, muni d&rsquo;une pi\u00e8ce d&rsquo;identit\u00e9 valable,<\/li> <li>Signature avec signature mobile ou signature \u00e9lectronique s\u00e9curis\u00e9e et envoi d&rsquo;un e-mail \u00e0 kvkk@anatomica.com.tr,<\/li> <li>Vous pouvez la transmettre \u00e0 ANATOMICA en l&rsquo;envoyant \u00e0 notre adresse \u00e9lectronique enregistr\u00e9e sergun@hs08.kep.tr en utilisant une adresse \u00e9lectronique enregistr\u00e9e (KEP) et une signature \u00e9lectronique ou mobile s\u00e9curis\u00e9e.<\/li> <\/ul> <p>Tous les types de vos donn\u00e9es personnelles obtenues par le Groupe Anatomica (y compris, mais sans s&rsquo;y limiter, vos donn\u00e9es personnelles sp\u00e9ciales) peuvent \u00eatre trait\u00e9s aux fins suivantes :<\/p> <p>&#8211; Pour la confirmation de votre identit\u00e9, et<\/p> <p>&#8211; Pour la protection de la sant\u00e9 publique, la m\u00e9decine pr\u00e9ventive. les services de diagnostic, de traitement et d&rsquo;entretien m\u00e9dicaux, ainsi que pour la planification et la gestion des services et du financement des soins de sant\u00e9, et<\/p> <p>&#8211; le partage des informations demand\u00e9es avec le minist\u00e8re de la Sant\u00e9 et d&rsquo;autres entit\u00e9s et administrations publiques concern\u00e9es, conform\u00e9ment aux lois et r\u00e8glements applicables.<\/p> <p>&#8211; La planification et la gestion des op\u00e9rations internes et des activit\u00e9s quotidiennes de nos h\u00f4pitaux et centres m\u00e9dicaux. et<\/p> <p>&#8211; Mesure, am\u00e9lioration et \u00e9tude de la satisfaction des patients par les services de la direction de l&rsquo;h\u00f4pital, des droits des patients et de l&rsquo;exp\u00e9rience des patients. et<\/p> <p>&#8211; l&rsquo;achat de m\u00e9dicaments, et<\/p> <p>&#8211; Si vous obtenez un rendez-vous, vous tenir inform\u00e9 de ce rendez-vous, et<\/p> <p>&#8211; R\u00e9alisation d&rsquo;activit\u00e9s de gestion des risques et d&rsquo;am\u00e9lioration de la qualit\u00e9. et<\/p> <p>&#8211; R\u00e9alisation d&rsquo;analyses pour le d\u00e9veloppement futur des services de soins de sant\u00e9. et<\/p> <p>&#8211; le financement de vos soins de sant\u00e9 par les services aux patients. Affaires financi\u00e8res et Marketing, et le paiement de vos frais d&rsquo;examen m\u00e9dical, de diagnostic et de traitement. et le partage des informations demand\u00e9es avec des soci\u00e9t\u00e9s d&rsquo;assurance maladie priv\u00e9es dans le cadre de votre demande d&rsquo;\u00e9ligibilit\u00e9, et<\/p> <p>&#8211; la r\u00e9alisation de recherches et d&rsquo;\u00e9tudes, et<\/p> <p>&#8211; Respect des exigences et des conditions l\u00e9gales et r\u00e9glementaires. et<\/p> <p>&#8211; le partage des informations demand\u00e9es avec des soci\u00e9t\u00e9s d&rsquo;assurance maladie priv\u00e9es dans le cadre du financement des services de sant\u00e9. et<\/p> <p>&#8211; La conduite d&rsquo;activit\u00e9s de gestion des risques et de d\u00e9veloppement de la qualit\u00e9 par les d\u00e9partements Qualit\u00e9, Exp\u00e9rience du patient et Syst\u00e8mes d&rsquo;information. et<\/p> <p>&#8211; l&rsquo;\u00e9mission de factures par les services aux patients. Affaires financi\u00e8res et les d\u00e9partements respectifs en contrepartie de nos services. et la confirmation de vos relations avec les institutions et les entreprises sous contrat, et<\/p> <p>&#8211; Participation \u00e0 des campagnes et divulgation d&rsquo;informations sur les campagnes. et conception et transmission de contenus sp\u00e9ciaux et d&rsquo;avantages discrets et abstraits sur les canaux web et mobiles, par les d\u00e9partements M\u00e9dias et Communication et Call Center.[\/vc_column_text][\/vc_column][\/vc_row][\/vc_section]<\/p> <\/div>","protected":false},"excerpt":{"rendered":"[vc_section el_id=\u00a0\u00bbsection-page-kvkk\u00a0\u00bb][vc_row el_class=\u00a0\u00bbcontainer_1200&Prime;][vc_column][vc_custom_heading text=\u00a0\u00bbFORMULAIRE D&rsquo;INFORMATION CONCERNANT L&rsquo;OBTENTION ET LE TRAITEMENT DES DONN\u00c9ES PERSONNELLES\u00a0\u00bb use_theme_fonts=\u00a0\u00bbyes\u00a0\u00bb el_class=\u00a0\u00bbkvkk-main-title\u00a0\u00bb][vc_column_text el_class=\u00a0\u00bbkvkk-text\u00a0\u00bb]Anatomica Clinic (Anatomica) and Anatomica&rsquo;s controlling shareholders, parent companies and affiliates (hereinafter to be collectively referred to as Anatomica Group) may, acting as Data Supervisor under the Law on Protection of Personal Data no. 6698 (la Loi) et d&rsquo;autres lois&#8230; <a class=\"view-article\" href=\"https:\/\/www.anatomicaclinic.com\/fr\/gdpr\/\">Voir l&rsquo;article<\/a>","protected":false},"author":1,"featured_media":0,"parent":0,"menu_order":0,"comment_status":"closed","ping_status":"closed","template":"","meta":{"footnotes":""},"class_list":["post-5107","page","type-page","status-publish","hentry"],"yoast_head":"<!-- This site is optimized with the Yoast SEO plugin v27.0 - https:\/\/yoast.com\/product\/yoast-seo-wordpress\/ -->\n<title>GDPR - Anatomica Clinique<\/title>\n<meta name=\"description\" content=\"GDPR - Anatomica Clinique\" \/>\n<meta name=\"robots\" content=\"index, follow, max-snippet:-1, max-image-preview:large, max-video-preview:-1\" \/>\n<link rel=\"canonical\" href=\"https:\/\/www.anatomicaclinic.com\/fr\/?page_id=5107\" \/>\n<meta property=\"og:locale\" content=\"fr_FR\" \/>\n<meta property=\"og:type\" content=\"article\" \/>\n<meta property=\"og:title\" content=\"GDPR - Anatomica Clinique\" \/>\n<meta property=\"og:description\" content=\"GDPR - Anatomica Clinique\" \/>\n<meta property=\"og:url\" content=\"https:\/\/www.anatomicaclinic.com\/fr\/?page_id=5107\" \/>\n<meta property=\"og:site_name\" content=\"Anatomica Clinique\" \/>\n<meta property=\"article:publisher\" content=\"https:\/\/www.facebook.com\/anatomicadominican\" \/>\n<meta property=\"article:modified_time\" content=\"2026-02-11T11:44:52+00:00\" \/>\n<meta name=\"twitter:card\" content=\"summary_large_image\" \/>\n<meta name=\"twitter:label1\" content=\"Dur\u00e9e de lecture estim\u00e9e\" \/>\n\t<meta name=\"twitter:data1\" content=\"9 minutes\" \/>\n<script type=\"application\/ld+json\" class=\"yoast-schema-graph\">{\"@context\":\"https:\/\/schema.org\",\"@graph\":[{\"@type\":\"WebPage\",\"@id\":\"https:\/\/www.anatomicaclinic.com\/fr\/?page_id=5107\",\"url\":\"https:\/\/www.anatomicaclinic.com\/fr\/?page_id=5107\",\"name\":\"GDPR - Anatomica Clinique\",\"isPartOf\":{\"@id\":\"https:\/\/www.anatomicaclinic.com\/#website\"},\"datePublished\":\"2022-05-16T08:10:07+00:00\",\"dateModified\":\"2026-02-11T11:44:52+00:00\",\"description\":\"GDPR - Anatomica Clinique\",\"breadcrumb\":{\"@id\":\"https:\/\/www.anatomicaclinic.com\/fr\/?page_id=5107#breadcrumb\"},\"inLanguage\":\"fr-FR\",\"potentialAction\":[{\"@type\":\"ReadAction\",\"target\":[\"https:\/\/www.anatomicaclinic.com\/fr\/?page_id=5107\"]}]},{\"@type\":\"BreadcrumbList\",\"@id\":\"https:\/\/www.anatomicaclinic.com\/fr\/?page_id=5107#breadcrumb\",\"itemListElement\":[{\"@type\":\"ListItem\",\"position\":1,\"name\":\"Anasayfa\",\"item\":\"https:\/\/www.anatomicaclinic.com\/fr\/?page_id=7928\"},{\"@type\":\"ListItem\",\"position\":2,\"name\":\"GDPR\"}]},{\"@type\":\"WebSite\",\"@id\":\"https:\/\/www.anatomicaclinic.com\/#website\",\"url\":\"https:\/\/www.anatomicaclinic.com\/\",\"name\":\"Anatomica Clinic\",\"description\":\"Anatomica\",\"publisher\":{\"@id\":\"https:\/\/www.anatomicaclinic.com\/#organization\"},\"alternateName\":\"Anatomica Clinic International\",\"potentialAction\":[{\"@type\":\"SearchAction\",\"target\":{\"@type\":\"EntryPoint\",\"urlTemplate\":\"https:\/\/www.anatomicaclinic.com\/?s={search_term_string}\"},\"query-input\":{\"@type\":\"PropertyValueSpecification\",\"valueRequired\":true,\"valueName\":\"search_term_string\"}}],\"inLanguage\":\"fr-FR\"},{\"@type\":\"Organization\",\"@id\":\"https:\/\/www.anatomicaclinic.com\/#organization\",\"name\":\"Anatomica Clinic Dominicana\",\"url\":\"https:\/\/www.anatomicaclinic.com\/\",\"logo\":{\"@type\":\"ImageObject\",\"inLanguage\":\"fr-FR\",\"@id\":\"https:\/\/www.anatomicaclinic.com\/#\/schema\/logo\/image\/\",\"url\":\"https:\/\/www.anatomicaclinic.com\/wp-content\/uploads\/2023\/11\/8aa015e1-a0cd-4d48-b1d5-c9598cbdad99.jpg\",\"contentUrl\":\"https:\/\/www.anatomicaclinic.com\/wp-content\/uploads\/2023\/11\/8aa015e1-a0cd-4d48-b1d5-c9598cbdad99.jpg\",\"width\":1600,\"height\":1600,\"caption\":\"Anatomica Clinic Dominicana\"},\"image\":{\"@id\":\"https:\/\/www.anatomicaclinic.com\/#\/schema\/logo\/image\/\"},\"sameAs\":[\"https:\/\/www.facebook.com\/anatomicadominican\",\"https:\/\/instagram.com\/anatomicadominican\"]}]}<\/script>\n<!-- \/ Yoast SEO plugin. -->","yoast_head_json":{"title":"GDPR - Anatomica Clinique","description":"GDPR - Anatomica Clinique","robots":{"index":"index","follow":"follow","max-snippet":"max-snippet:-1","max-image-preview":"max-image-preview:large","max-video-preview":"max-video-preview:-1"},"canonical":"https:\/\/www.anatomicaclinic.com\/fr\/?page_id=5107","og_locale":"fr_FR","og_type":"article","og_title":"GDPR - Anatomica Clinique","og_description":"GDPR - Anatomica Clinique","og_url":"https:\/\/www.anatomicaclinic.com\/fr\/?page_id=5107","og_site_name":"Anatomica Clinique","article_publisher":"https:\/\/www.facebook.com\/anatomicadominican","article_modified_time":"2026-02-11T11:44:52+00:00","twitter_card":"summary_large_image","twitter_misc":{"Dur\u00e9e de lecture estim\u00e9e":"9 minutes"},"schema":{"@context":"https:\/\/schema.org","@graph":[{"@type":"WebPage","@id":"https:\/\/www.anatomicaclinic.com\/fr\/?page_id=5107","url":"https:\/\/www.anatomicaclinic.com\/fr\/?page_id=5107","name":"GDPR - Anatomica Clinique","isPartOf":{"@id":"https:\/\/www.anatomicaclinic.com\/#website"},"datePublished":"2022-05-16T08:10:07+00:00","dateModified":"2026-02-11T11:44:52+00:00","description":"GDPR - Anatomica Clinique","breadcrumb":{"@id":"https:\/\/www.anatomicaclinic.com\/fr\/?page_id=5107#breadcrumb"},"inLanguage":"fr-FR","potentialAction":[{"@type":"ReadAction","target":["https:\/\/www.anatomicaclinic.com\/fr\/?page_id=5107"]}]},{"@type":"BreadcrumbList","@id":"https:\/\/www.anatomicaclinic.com\/fr\/?page_id=5107#breadcrumb","itemListElement":[{"@type":"ListItem","position":1,"name":"Anasayfa","item":"https:\/\/www.anatomicaclinic.com\/fr\/?page_id=7928"},{"@type":"ListItem","position":2,"name":"GDPR"}]},{"@type":"WebSite","@id":"https:\/\/www.anatomicaclinic.com\/#website","url":"https:\/\/www.anatomicaclinic.com\/","name":"Anatomica Clinic","description":"Anatomica","publisher":{"@id":"https:\/\/www.anatomicaclinic.com\/#organization"},"alternateName":"Anatomica Clinic International","potentialAction":[{"@type":"SearchAction","target":{"@type":"EntryPoint","urlTemplate":"https:\/\/www.anatomicaclinic.com\/?s={search_term_string}"},"query-input":{"@type":"PropertyValueSpecification","valueRequired":true,"valueName":"search_term_string"}}],"inLanguage":"fr-FR"},{"@type":"Organization","@id":"https:\/\/www.anatomicaclinic.com\/#organization","name":"Anatomica Clinic Dominicana","url":"https:\/\/www.anatomicaclinic.com\/","logo":{"@type":"ImageObject","inLanguage":"fr-FR","@id":"https:\/\/www.anatomicaclinic.com\/#\/schema\/logo\/image\/","url":"https:\/\/www.anatomicaclinic.com\/wp-content\/uploads\/2023\/11\/8aa015e1-a0cd-4d48-b1d5-c9598cbdad99.jpg","contentUrl":"https:\/\/www.anatomicaclinic.com\/wp-content\/uploads\/2023\/11\/8aa015e1-a0cd-4d48-b1d5-c9598cbdad99.jpg","width":1600,"height":1600,"caption":"Anatomica Clinic Dominicana"},"image":{"@id":"https:\/\/www.anatomicaclinic.com\/#\/schema\/logo\/image\/"},"sameAs":["https:\/\/www.facebook.com\/anatomicadominican","https:\/\/instagram.com\/anatomicadominican"]}]}},"_links":{"self":[{"href":"https:\/\/www.anatomicaclinic.com\/fr\/wp-json\/wp\/v2\/pages\/5107","targetHints":{"allow":["GET"]}}],"collection":[{"href":"https:\/\/www.anatomicaclinic.com\/fr\/wp-json\/wp\/v2\/pages"}],"about":[{"href":"https:\/\/www.anatomicaclinic.com\/fr\/wp-json\/wp\/v2\/types\/page"}],"author":[{"embeddable":true,"href":"https:\/\/www.anatomicaclinic.com\/fr\/wp-json\/wp\/v2\/users\/1"}],"replies":[{"embeddable":true,"href":"https:\/\/www.anatomicaclinic.com\/fr\/wp-json\/wp\/v2\/comments?post=5107"}],"version-history":[{"count":1,"href":"https:\/\/www.anatomicaclinic.com\/fr\/wp-json\/wp\/v2\/pages\/5107\/revisions"}],"predecessor-version":[{"id":8594,"href":"https:\/\/www.anatomicaclinic.com\/fr\/wp-json\/wp\/v2\/pages\/5107\/revisions\/8594"}],"wp:attachment":[{"href":"https:\/\/www.anatomicaclinic.com\/fr\/wp-json\/wp\/v2\/media?parent=5107"}],"curies":[{"name":"wp","href":"https:\/\/api.w.org\/{rel}","templated":true}]}}