{"id":5120,"date":"2022-06-19T18:57:29","date_gmt":"2022-06-19T18:57:29","guid":{"rendered":"https:\/\/www.anatomicaclinic.com\/medical-aesthetics\/anti-aging-vaccine-h100\/"},"modified":"2026-02-11T11:44:54","modified_gmt":"2026-02-11T11:44:54","slug":"candidature-jeunesse-h100","status":"publish","type":"page","link":"https:\/\/www.anatomicaclinic.com\/fr\/candidature-jeunesse-h100\/","title":{"rendered":"Candidature Jeunesse H100"},"content":{"rendered":"<div class=\"wpb-content-wrapper\"><p>[vc_section][vc_row el_class=\u00a0\u00bbcontainer_1200&Prime;][vc_column][vc_row_inner][vc_column_inner][vc_custom_heading text=\u00a0\u00bbCandidature Jeunesse H100&Prime; font_container=\u00a0\u00bbtag:h2|font_size:48|text_align:center\u00a0\u00bb use_theme_fonts=\u00a0\u00bbyes\u00a0\u00bb el_class=\u00a0\u00bbsingle-page-h2&Prime;][\/vc_column_inner][\/vc_row_inner][vc_row_inner][vc_column_inner width=\u00a0\u00bb1\/3&Prime;][vc_single_image image=\u00a0\u00bb4574&Prime; img_size=\u00a0\u00bbfull\u00a0\u00bb][\/vc_column_inner][vc_column_inner width=\u00a0\u00bb2\/3&Prime;][vc_column_text]L&rsquo;application du vaccin jeunesse H100 est un type d&rsquo;injection contenant de l&rsquo;acide hyaluronique, des vitamines, min\u00e9raux, acides amin\u00e9s et autres composants, qui prot\u00e8ge la sant\u00e9 globale de la peauavec ses effets revitalisants et autres propri\u00e9t\u00e9s anti-\u00e2ge.<\/p> <p>Tout en procurant un effet raffermissant, il combat \u00e9galement le rel\u00e2chement et la perte d&rsquo;\u00e9lasticit\u00e9.\u00a0 Lacombinaison d&rsquo;ingr\u00e9dients actifs se concentre sur la restauration de la fermet\u00e9 et l&rsquo;apparence de la peauplus jeune et plus lumineux.<\/p> <p>En produisant de nouvelles cellules cutan\u00e9es, il r\u00e9duit et pr\u00e9vient les rides.\u00a0 Augmente l&rsquo;\u00e9lasticit\u00e9 de la peau en d\u00e9clencher la synth\u00e8se de collag\u00e8ne et d&rsquo;\u00e9lastine.\u00a0 Hydrate la peau s\u00e8che et aide \u00e0 maintenir une peau optimale \u00e9quilibre hydrique.[\/vc_column_text][\/vc_column_inner][\/vc_row_inner][\/vc_column][\/vc_row][\/vc_section]<\/p> <\/div>","protected":false},"excerpt":{"rendered":"[vc_section][vc_row el_class=\u00a0\u00bbcontainer_1200&Prime;][vc_column][vc_row_inner][vc_column_inner][vc_custom_heading text=\u00a0\u00bbCandidature Jeunesse H100&Prime; font_container=\u00a0\u00bbtag:h2|font_size:48|text_align:center\u00a0\u00bb use_theme_fonts=\u00a0\u00bbyes\u00a0\u00bb el_class=\u00a0\u00bbsingle-page-h2&Prime;][\/vc_column_inner][\/vc_row_inner][vc_row_inner][vc_column_inner width=\u00a0\u00bb1\/3&Prime;][vc_single_image image=\u00a0\u00bb4574&Prime; img_size=\u00a0\u00bbfull\u00a0\u00bb][\/vc_column_inner][vc_column_inner width=\u00a0\u00bb2\/3&Prime;][vc_column_text]L&rsquo;application du vaccin jeunesse H100 est un type d&rsquo;injection contenant de l&rsquo;acide hyaluronique, des vitamines, min\u00e9raux, acides amin\u00e9s et autres composants, qui prot\u00e8ge la sant\u00e9 globale de la peauavec ses effets revitalisants et autres propri\u00e9t\u00e9s anti-\u00e2ge. Tout en procurant un effet raffermissant, il combat&#8230; <a class=\"view-article\" href=\"https:\/\/www.anatomicaclinic.com\/fr\/candidature-jeunesse-h100\/\">Voir l&rsquo;article<\/a>","protected":false},"author":10,"featured_media":0,"parent":0,"menu_order":0,"comment_status":"closed","ping_status":"closed","template":"","meta":{"footnotes":""},"class_list":["post-5120","page","type-page","status-publish","hentry"],"yoast_head":"<!-- This site is optimized with the Yoast SEO plugin v27.0 - https:\/\/yoast.com\/product\/yoast-seo-wordpress\/ -->\n<title>Candidature Jeunesse H100 - Anatomica Clinique<\/title>\n<meta name=\"description\" content=\"Candidature Jeunesse H100 - Anatomica Clinique\" \/>\n<meta name=\"robots\" content=\"index, follow, max-snippet:-1, max-image-preview:large, max-video-preview:-1\" \/>\n<link rel=\"canonical\" href=\"https:\/\/www.anatomicaclinic.com\/fr\/?page_id=5120\" \/>\n<meta property=\"og:locale\" content=\"fr_FR\" \/>\n<meta property=\"og:type\" content=\"article\" \/>\n<meta property=\"og:title\" content=\"Candidature Jeunesse H100 - Anatomica Clinique\" \/>\n<meta property=\"og:description\" content=\"Candidature Jeunesse H100 - Anatomica Clinique\" \/>\n<meta property=\"og:url\" content=\"https:\/\/www.anatomicaclinic.com\/fr\/?page_id=5120\" \/>\n<meta property=\"og:site_name\" content=\"Anatomica Clinique\" \/>\n<meta property=\"article:publisher\" content=\"https:\/\/www.facebook.com\/anatomicadominican\" \/>\n<meta property=\"article:modified_time\" content=\"2026-02-11T11:44:54+00:00\" \/>\n<meta name=\"twitter:card\" content=\"summary_large_image\" \/>\n<meta name=\"twitter:label1\" content=\"Dur\u00e9e de lecture estim\u00e9e\" \/>\n\t<meta name=\"twitter:data1\" content=\"1 minute\" \/>\n<script type=\"application\/ld+json\" class=\"yoast-schema-graph\">{\"@context\":\"https:\/\/schema.org\",\"@graph\":[{\"@type\":\"WebPage\",\"@id\":\"https:\/\/www.anatomicaclinic.com\/fr\/?page_id=5120\",\"url\":\"https:\/\/www.anatomicaclinic.com\/fr\/?page_id=5120\",\"name\":\"Candidature Jeunesse H100 - Anatomica Clinique\",\"isPartOf\":{\"@id\":\"https:\/\/www.anatomicaclinic.com\/#website\"},\"datePublished\":\"2022-06-19T18:57:29+00:00\",\"dateModified\":\"2026-02-11T11:44:54+00:00\",\"description\":\"Candidature Jeunesse H100 - Anatomica Clinique\",\"breadcrumb\":{\"@id\":\"https:\/\/www.anatomicaclinic.com\/fr\/?page_id=5120#breadcrumb\"},\"inLanguage\":\"fr-FR\",\"potentialAction\":[{\"@type\":\"ReadAction\",\"target\":[\"https:\/\/www.anatomicaclinic.com\/fr\/?page_id=5120\"]}]},{\"@type\":\"BreadcrumbList\",\"@id\":\"https:\/\/www.anatomicaclinic.com\/fr\/?page_id=5120#breadcrumb\",\"itemListElement\":[{\"@type\":\"ListItem\",\"position\":1,\"name\":\"Anasayfa\",\"item\":\"https:\/\/www.anatomicaclinic.com\/fr\/?page_id=7928\"},{\"@type\":\"ListItem\",\"position\":2,\"name\":\"Candidature Jeunesse H100\"}]},{\"@type\":\"WebSite\",\"@id\":\"https:\/\/www.anatomicaclinic.com\/#website\",\"url\":\"https:\/\/www.anatomicaclinic.com\/\",\"name\":\"Anatomica Clinic\",\"description\":\"Anatomica\",\"publisher\":{\"@id\":\"https:\/\/www.anatomicaclinic.com\/#organization\"},\"alternateName\":\"Anatomica Clinic International\",\"potentialAction\":[{\"@type\":\"SearchAction\",\"target\":{\"@type\":\"EntryPoint\",\"urlTemplate\":\"https:\/\/www.anatomicaclinic.com\/?s={search_term_string}\"},\"query-input\":{\"@type\":\"PropertyValueSpecification\",\"valueRequired\":true,\"valueName\":\"search_term_string\"}}],\"inLanguage\":\"fr-FR\"},{\"@type\":\"Organization\",\"@id\":\"https:\/\/www.anatomicaclinic.com\/#organization\",\"name\":\"Anatomica Clinic Dominicana\",\"url\":\"https:\/\/www.anatomicaclinic.com\/\",\"logo\":{\"@type\":\"ImageObject\",\"inLanguage\":\"fr-FR\",\"@id\":\"https:\/\/www.anatomicaclinic.com\/#\/schema\/logo\/image\/\",\"url\":\"https:\/\/www.anatomicaclinic.com\/wp-content\/uploads\/2023\/11\/8aa015e1-a0cd-4d48-b1d5-c9598cbdad99.jpg\",\"contentUrl\":\"https:\/\/www.anatomicaclinic.com\/wp-content\/uploads\/2023\/11\/8aa015e1-a0cd-4d48-b1d5-c9598cbdad99.jpg\",\"width\":1600,\"height\":1600,\"caption\":\"Anatomica Clinic Dominicana\"},\"image\":{\"@id\":\"https:\/\/www.anatomicaclinic.com\/#\/schema\/logo\/image\/\"},\"sameAs\":[\"https:\/\/www.facebook.com\/anatomicadominican\",\"https:\/\/instagram.com\/anatomicadominican\"]}]}<\/script>\n<!-- \/ Yoast SEO plugin. -->","yoast_head_json":{"title":"Candidature Jeunesse H100 - Anatomica Clinique","description":"Candidature Jeunesse H100 - Anatomica Clinique","robots":{"index":"index","follow":"follow","max-snippet":"max-snippet:-1","max-image-preview":"max-image-preview:large","max-video-preview":"max-video-preview:-1"},"canonical":"https:\/\/www.anatomicaclinic.com\/fr\/?page_id=5120","og_locale":"fr_FR","og_type":"article","og_title":"Candidature Jeunesse H100 - Anatomica Clinique","og_description":"Candidature Jeunesse H100 - Anatomica Clinique","og_url":"https:\/\/www.anatomicaclinic.com\/fr\/?page_id=5120","og_site_name":"Anatomica Clinique","article_publisher":"https:\/\/www.facebook.com\/anatomicadominican","article_modified_time":"2026-02-11T11:44:54+00:00","twitter_card":"summary_large_image","twitter_misc":{"Dur\u00e9e de lecture estim\u00e9e":"1 minute"},"schema":{"@context":"https:\/\/schema.org","@graph":[{"@type":"WebPage","@id":"https:\/\/www.anatomicaclinic.com\/fr\/?page_id=5120","url":"https:\/\/www.anatomicaclinic.com\/fr\/?page_id=5120","name":"Candidature Jeunesse H100 - Anatomica Clinique","isPartOf":{"@id":"https:\/\/www.anatomicaclinic.com\/#website"},"datePublished":"2022-06-19T18:57:29+00:00","dateModified":"2026-02-11T11:44:54+00:00","description":"Candidature Jeunesse H100 - Anatomica Clinique","breadcrumb":{"@id":"https:\/\/www.anatomicaclinic.com\/fr\/?page_id=5120#breadcrumb"},"inLanguage":"fr-FR","potentialAction":[{"@type":"ReadAction","target":["https:\/\/www.anatomicaclinic.com\/fr\/?page_id=5120"]}]},{"@type":"BreadcrumbList","@id":"https:\/\/www.anatomicaclinic.com\/fr\/?page_id=5120#breadcrumb","itemListElement":[{"@type":"ListItem","position":1,"name":"Anasayfa","item":"https:\/\/www.anatomicaclinic.com\/fr\/?page_id=7928"},{"@type":"ListItem","position":2,"name":"Candidature Jeunesse H100"}]},{"@type":"WebSite","@id":"https:\/\/www.anatomicaclinic.com\/#website","url":"https:\/\/www.anatomicaclinic.com\/","name":"Anatomica Clinic","description":"Anatomica","publisher":{"@id":"https:\/\/www.anatomicaclinic.com\/#organization"},"alternateName":"Anatomica Clinic International","potentialAction":[{"@type":"SearchAction","target":{"@type":"EntryPoint","urlTemplate":"https:\/\/www.anatomicaclinic.com\/?s={search_term_string}"},"query-input":{"@type":"PropertyValueSpecification","valueRequired":true,"valueName":"search_term_string"}}],"inLanguage":"fr-FR"},{"@type":"Organization","@id":"https:\/\/www.anatomicaclinic.com\/#organization","name":"Anatomica Clinic Dominicana","url":"https:\/\/www.anatomicaclinic.com\/","logo":{"@type":"ImageObject","inLanguage":"fr-FR","@id":"https:\/\/www.anatomicaclinic.com\/#\/schema\/logo\/image\/","url":"https:\/\/www.anatomicaclinic.com\/wp-content\/uploads\/2023\/11\/8aa015e1-a0cd-4d48-b1d5-c9598cbdad99.jpg","contentUrl":"https:\/\/www.anatomicaclinic.com\/wp-content\/uploads\/2023\/11\/8aa015e1-a0cd-4d48-b1d5-c9598cbdad99.jpg","width":1600,"height":1600,"caption":"Anatomica Clinic Dominicana"},"image":{"@id":"https:\/\/www.anatomicaclinic.com\/#\/schema\/logo\/image\/"},"sameAs":["https:\/\/www.facebook.com\/anatomicadominican","https:\/\/instagram.com\/anatomicadominican"]}]}},"_links":{"self":[{"href":"https:\/\/www.anatomicaclinic.com\/fr\/wp-json\/wp\/v2\/pages\/5120","targetHints":{"allow":["GET"]}}],"collection":[{"href":"https:\/\/www.anatomicaclinic.com\/fr\/wp-json\/wp\/v2\/pages"}],"about":[{"href":"https:\/\/www.anatomicaclinic.com\/fr\/wp-json\/wp\/v2\/types\/page"}],"author":[{"embeddable":true,"href":"https:\/\/www.anatomicaclinic.com\/fr\/wp-json\/wp\/v2\/users\/10"}],"replies":[{"embeddable":true,"href":"https:\/\/www.anatomicaclinic.com\/fr\/wp-json\/wp\/v2\/comments?post=5120"}],"version-history":[{"count":1,"href":"https:\/\/www.anatomicaclinic.com\/fr\/wp-json\/wp\/v2\/pages\/5120\/revisions"}],"predecessor-version":[{"id":8591,"href":"https:\/\/www.anatomicaclinic.com\/fr\/wp-json\/wp\/v2\/pages\/5120\/revisions\/8591"}],"wp:attachment":[{"href":"https:\/\/www.anatomicaclinic.com\/fr\/wp-json\/wp\/v2\/media?parent=5120"}],"curies":[{"name":"wp","href":"https:\/\/api.w.org\/{rel}","templated":true}]}}