{"id":5146,"date":"2022-06-15T15:16:07","date_gmt":"2022-06-15T15:16:07","guid":{"rendered":"https:\/\/www.anatomicaclinic.com\/plastic-surgery\/breast-reduction\/"},"modified":"2026-02-11T11:44:54","modified_gmt":"2026-02-11T11:44:54","slug":"la-reduction-mammaire","status":"publish","type":"page","link":"https:\/\/www.anatomicaclinic.com\/fr\/la-reduction-mammaire\/","title":{"rendered":"La R\u00e9duction Mammaire"},"content":{"rendered":"<div class=\"wpb-content-wrapper\"><p>[vc_section][vc_row el_class=\u00a0\u00bbcontainer_1200&Prime;][vc_column][vc_row_inner][vc_column_inner][vc_custom_heading text=\u00a0\u00bbLa R\u00e9duction Mammaire\u00a0\u00bb font_container=\u00a0\u00bbtag:h2|font_size:48|text_align:center\u00a0\u00bb use_theme_fonts=\u00a0\u00bbyes\u00a0\u00bb el_class=\u00a0\u00bbsingle-page-h2&Prime;][\/vc_column_inner][\/vc_row_inner][vc_row_inner][vc_column_inner][vc_column_text]La r\u00e9duction mammaire est l&rsquo;op\u00e9ration consistant \u00e0 r\u00e9duire les seins excessivement gros proportionnellement \u00e0 la taille du corps du patient et \u00e0 leur donner une forme plus pleine et plus droite.[\/vc_column_text][\/vc_column_inner][\/vc_row_inner][vc_row_inner][vc_column_inner width=\u00a0\u00bb1\/3&Prime;][vc_single_image image=\u00a0\u00bb4505&Prime; img_size=\u00a0\u00bbfull\u00a0\u00bb][\/vc_column_inner][vc_column_inner width=\u00a0\u00bb2\/3&Prime;][vc_column_text]De cette fa\u00e7on, nos patients se d\u00e9barrassent compl\u00e8tement des troubles fonctionnels (tels que les douleurs au cou et au bas du dos). Avant l&rsquo;op\u00e9ration, une consultation d\u00e9taill\u00e9e est effectu\u00e9e avec notre m\u00e9decin et la nouvelle forme et la nouvelle taille du sein sont d\u00e9cid\u00e9es. L&rsquo;op\u00e9ration dure environ 2 heures et il convient de rester \u00e0 l&rsquo;h\u00f4pital une nuit. La plupart des sutures sont du type auto-dissolvant.[\/vc_column_text][\/vc_column_inner][\/vc_row_inner][\/vc_column][\/vc_row][\/vc_section]<\/p> <\/div>","protected":false},"excerpt":{"rendered":"[vc_section][vc_row el_class=\u00a0\u00bbcontainer_1200&Prime;][vc_column][vc_row_inner][vc_column_inner][vc_custom_heading text=\u00a0\u00bbLa R\u00e9duction Mammaire\u00a0\u00bb font_container=\u00a0\u00bbtag:h2|font_size:48|text_align:center\u00a0\u00bb use_theme_fonts=\u00a0\u00bbyes\u00a0\u00bb el_class=\u00a0\u00bbsingle-page-h2&Prime;][\/vc_column_inner][\/vc_row_inner][vc_row_inner][vc_column_inner][vc_column_text]La r\u00e9duction mammaire est l&rsquo;op\u00e9ration consistant \u00e0 r\u00e9duire les seins excessivement gros proportionnellement \u00e0 la taille du corps du patient et \u00e0 leur donner une forme plus pleine et plus droite.[\/vc_column_text][\/vc_column_inner][\/vc_row_inner][vc_row_inner][vc_column_inner width=\u00a0\u00bb1\/3&Prime;][vc_single_image image=\u00a0\u00bb4505&Prime; img_size=\u00a0\u00bbfull\u00a0\u00bb][\/vc_column_inner][vc_column_inner width=\u00a0\u00bb2\/3&Prime;][vc_column_text]De cette fa\u00e7on, nos patients se d\u00e9barrassent compl\u00e8tement des troubles fonctionnels (tels que les&#8230; <a class=\"view-article\" href=\"https:\/\/www.anatomicaclinic.com\/fr\/la-reduction-mammaire\/\">Voir l&rsquo;article<\/a>","protected":false},"author":1,"featured_media":0,"parent":0,"menu_order":0,"comment_status":"closed","ping_status":"closed","template":"","meta":{"footnotes":""},"class_list":["post-5146","page","type-page","status-publish","hentry"],"yoast_head":"<!-- This site is optimized with the Yoast SEO plugin v27.0 - https:\/\/yoast.com\/product\/yoast-seo-wordpress\/ -->\n<title>La R\u00e9duction Mammaire - Anatomica Clinique<\/title>\n<meta name=\"description\" content=\"La R\u00e9duction Mammaire - Anatomica Clinique\" \/>\n<meta name=\"robots\" content=\"index, follow, max-snippet:-1, max-image-preview:large, max-video-preview:-1\" \/>\n<link rel=\"canonical\" href=\"https:\/\/www.anatomicaclinic.com\/fr\/?page_id=5146\" \/>\n<meta property=\"og:locale\" content=\"fr_FR\" \/>\n<meta property=\"og:type\" content=\"article\" \/>\n<meta property=\"og:title\" content=\"La R\u00e9duction Mammaire - Anatomica Clinique\" \/>\n<meta property=\"og:description\" content=\"La R\u00e9duction Mammaire - Anatomica Clinique\" \/>\n<meta property=\"og:url\" content=\"https:\/\/www.anatomicaclinic.com\/fr\/?page_id=5146\" \/>\n<meta property=\"og:site_name\" content=\"Anatomica Clinique\" \/>\n<meta property=\"article:publisher\" content=\"https:\/\/www.facebook.com\/anatomicadominican\" \/>\n<meta property=\"article:modified_time\" content=\"2026-02-11T11:44:54+00:00\" \/>\n<meta name=\"twitter:card\" content=\"summary_large_image\" \/>\n<meta name=\"twitter:label1\" content=\"Dur\u00e9e de lecture estim\u00e9e\" \/>\n\t<meta name=\"twitter:data1\" content=\"1 minute\" \/>\n<script type=\"application\/ld+json\" class=\"yoast-schema-graph\">{\"@context\":\"https:\/\/schema.org\",\"@graph\":[{\"@type\":\"WebPage\",\"@id\":\"https:\/\/www.anatomicaclinic.com\/fr\/?page_id=5146\",\"url\":\"https:\/\/www.anatomicaclinic.com\/fr\/?page_id=5146\",\"name\":\"La R\u00e9duction Mammaire - Anatomica Clinique\",\"isPartOf\":{\"@id\":\"https:\/\/www.anatomicaclinic.com\/#website\"},\"datePublished\":\"2022-06-15T15:16:07+00:00\",\"dateModified\":\"2026-02-11T11:44:54+00:00\",\"description\":\"La R\u00e9duction Mammaire - Anatomica Clinique\",\"breadcrumb\":{\"@id\":\"https:\/\/www.anatomicaclinic.com\/fr\/?page_id=5146#breadcrumb\"},\"inLanguage\":\"fr-FR\",\"potentialAction\":[{\"@type\":\"ReadAction\",\"target\":[\"https:\/\/www.anatomicaclinic.com\/fr\/?page_id=5146\"]}]},{\"@type\":\"BreadcrumbList\",\"@id\":\"https:\/\/www.anatomicaclinic.com\/fr\/?page_id=5146#breadcrumb\",\"itemListElement\":[{\"@type\":\"ListItem\",\"position\":1,\"name\":\"Anasayfa\",\"item\":\"https:\/\/www.anatomicaclinic.com\/fr\/?page_id=7928\"},{\"@type\":\"ListItem\",\"position\":2,\"name\":\"La R\u00e9duction Mammaire\"}]},{\"@type\":\"WebSite\",\"@id\":\"https:\/\/www.anatomicaclinic.com\/#website\",\"url\":\"https:\/\/www.anatomicaclinic.com\/\",\"name\":\"Anatomica Clinic\",\"description\":\"Anatomica\",\"publisher\":{\"@id\":\"https:\/\/www.anatomicaclinic.com\/#organization\"},\"alternateName\":\"Anatomica Clinic International\",\"potentialAction\":[{\"@type\":\"SearchAction\",\"target\":{\"@type\":\"EntryPoint\",\"urlTemplate\":\"https:\/\/www.anatomicaclinic.com\/?s={search_term_string}\"},\"query-input\":{\"@type\":\"PropertyValueSpecification\",\"valueRequired\":true,\"valueName\":\"search_term_string\"}}],\"inLanguage\":\"fr-FR\"},{\"@type\":\"Organization\",\"@id\":\"https:\/\/www.anatomicaclinic.com\/#organization\",\"name\":\"Anatomica Clinic Dominicana\",\"url\":\"https:\/\/www.anatomicaclinic.com\/\",\"logo\":{\"@type\":\"ImageObject\",\"inLanguage\":\"fr-FR\",\"@id\":\"https:\/\/www.anatomicaclinic.com\/#\/schema\/logo\/image\/\",\"url\":\"https:\/\/www.anatomicaclinic.com\/wp-content\/uploads\/2023\/11\/8aa015e1-a0cd-4d48-b1d5-c9598cbdad99.jpg\",\"contentUrl\":\"https:\/\/www.anatomicaclinic.com\/wp-content\/uploads\/2023\/11\/8aa015e1-a0cd-4d48-b1d5-c9598cbdad99.jpg\",\"width\":1600,\"height\":1600,\"caption\":\"Anatomica Clinic Dominicana\"},\"image\":{\"@id\":\"https:\/\/www.anatomicaclinic.com\/#\/schema\/logo\/image\/\"},\"sameAs\":[\"https:\/\/www.facebook.com\/anatomicadominican\",\"https:\/\/instagram.com\/anatomicadominican\"]}]}<\/script>\n<!-- \/ Yoast SEO plugin. -->","yoast_head_json":{"title":"La R\u00e9duction Mammaire - Anatomica Clinique","description":"La R\u00e9duction Mammaire - Anatomica Clinique","robots":{"index":"index","follow":"follow","max-snippet":"max-snippet:-1","max-image-preview":"max-image-preview:large","max-video-preview":"max-video-preview:-1"},"canonical":"https:\/\/www.anatomicaclinic.com\/fr\/?page_id=5146","og_locale":"fr_FR","og_type":"article","og_title":"La R\u00e9duction Mammaire - Anatomica Clinique","og_description":"La R\u00e9duction Mammaire - Anatomica Clinique","og_url":"https:\/\/www.anatomicaclinic.com\/fr\/?page_id=5146","og_site_name":"Anatomica Clinique","article_publisher":"https:\/\/www.facebook.com\/anatomicadominican","article_modified_time":"2026-02-11T11:44:54+00:00","twitter_card":"summary_large_image","twitter_misc":{"Dur\u00e9e de lecture estim\u00e9e":"1 minute"},"schema":{"@context":"https:\/\/schema.org","@graph":[{"@type":"WebPage","@id":"https:\/\/www.anatomicaclinic.com\/fr\/?page_id=5146","url":"https:\/\/www.anatomicaclinic.com\/fr\/?page_id=5146","name":"La R\u00e9duction Mammaire - Anatomica Clinique","isPartOf":{"@id":"https:\/\/www.anatomicaclinic.com\/#website"},"datePublished":"2022-06-15T15:16:07+00:00","dateModified":"2026-02-11T11:44:54+00:00","description":"La R\u00e9duction Mammaire - Anatomica Clinique","breadcrumb":{"@id":"https:\/\/www.anatomicaclinic.com\/fr\/?page_id=5146#breadcrumb"},"inLanguage":"fr-FR","potentialAction":[{"@type":"ReadAction","target":["https:\/\/www.anatomicaclinic.com\/fr\/?page_id=5146"]}]},{"@type":"BreadcrumbList","@id":"https:\/\/www.anatomicaclinic.com\/fr\/?page_id=5146#breadcrumb","itemListElement":[{"@type":"ListItem","position":1,"name":"Anasayfa","item":"https:\/\/www.anatomicaclinic.com\/fr\/?page_id=7928"},{"@type":"ListItem","position":2,"name":"La R\u00e9duction Mammaire"}]},{"@type":"WebSite","@id":"https:\/\/www.anatomicaclinic.com\/#website","url":"https:\/\/www.anatomicaclinic.com\/","name":"Anatomica Clinic","description":"Anatomica","publisher":{"@id":"https:\/\/www.anatomicaclinic.com\/#organization"},"alternateName":"Anatomica Clinic International","potentialAction":[{"@type":"SearchAction","target":{"@type":"EntryPoint","urlTemplate":"https:\/\/www.anatomicaclinic.com\/?s={search_term_string}"},"query-input":{"@type":"PropertyValueSpecification","valueRequired":true,"valueName":"search_term_string"}}],"inLanguage":"fr-FR"},{"@type":"Organization","@id":"https:\/\/www.anatomicaclinic.com\/#organization","name":"Anatomica Clinic Dominicana","url":"https:\/\/www.anatomicaclinic.com\/","logo":{"@type":"ImageObject","inLanguage":"fr-FR","@id":"https:\/\/www.anatomicaclinic.com\/#\/schema\/logo\/image\/","url":"https:\/\/www.anatomicaclinic.com\/wp-content\/uploads\/2023\/11\/8aa015e1-a0cd-4d48-b1d5-c9598cbdad99.jpg","contentUrl":"https:\/\/www.anatomicaclinic.com\/wp-content\/uploads\/2023\/11\/8aa015e1-a0cd-4d48-b1d5-c9598cbdad99.jpg","width":1600,"height":1600,"caption":"Anatomica Clinic Dominicana"},"image":{"@id":"https:\/\/www.anatomicaclinic.com\/#\/schema\/logo\/image\/"},"sameAs":["https:\/\/www.facebook.com\/anatomicadominican","https:\/\/instagram.com\/anatomicadominican"]}]}},"_links":{"self":[{"href":"https:\/\/www.anatomicaclinic.com\/fr\/wp-json\/wp\/v2\/pages\/5146","targetHints":{"allow":["GET"]}}],"collection":[{"href":"https:\/\/www.anatomicaclinic.com\/fr\/wp-json\/wp\/v2\/pages"}],"about":[{"href":"https:\/\/www.anatomicaclinic.com\/fr\/wp-json\/wp\/v2\/types\/page"}],"author":[{"embeddable":true,"href":"https:\/\/www.anatomicaclinic.com\/fr\/wp-json\/wp\/v2\/users\/1"}],"replies":[{"embeddable":true,"href":"https:\/\/www.anatomicaclinic.com\/fr\/wp-json\/wp\/v2\/comments?post=5146"}],"version-history":[{"count":1,"href":"https:\/\/www.anatomicaclinic.com\/fr\/wp-json\/wp\/v2\/pages\/5146\/revisions"}],"predecessor-version":[{"id":8602,"href":"https:\/\/www.anatomicaclinic.com\/fr\/wp-json\/wp\/v2\/pages\/5146\/revisions\/8602"}],"wp:attachment":[{"href":"https:\/\/www.anatomicaclinic.com\/fr\/wp-json\/wp\/v2\/media?parent=5146"}],"curies":[{"name":"wp","href":"https:\/\/api.w.org\/{rel}","templated":true}]}}