{"id":5150,"date":"2022-06-15T15:16:28","date_gmt":"2022-06-15T15:16:28","guid":{"rendered":"https:\/\/www.anatomicaclinic.com\/plastic-surgery\/vaser-liposuction\/"},"modified":"2026-02-11T11:44:54","modified_gmt":"2026-02-11T11:44:54","slug":"la-liposuccion-vaser","status":"publish","type":"page","link":"https:\/\/www.anatomicaclinic.com\/fr\/la-liposuccion-vaser\/","title":{"rendered":"La Liposuccion Vaser"},"content":{"rendered":"<div class=\"wpb-content-wrapper\"><p>[vc_section][vc_row el_class=\u00a0\u00bbcontainer_1200&Prime;][vc_column][vc_row_inner][vc_column_inner][vc_custom_heading text=\u00a0\u00bbLa Liposuccion Vaser\u00a0\u00bb font_container=\u00a0\u00bbtag:h2|font_size:48|text_align:center\u00a0\u00bb use_theme_fonts=\u00a0\u00bbyes\u00a0\u00bb el_class=\u00a0\u00bbsingle-page-h2&Prime;][\/vc_column_inner][\/vc_row_inner][vc_row_inner][vc_column_inner][vc_column_text]La liposuccion Vaser est le processus d&rsquo;\u00e9limination de la graisse de la peau de n&rsquo;importe quelle partie du corps. En g\u00e9n\u00e9ral, \u00e0 l&rsquo;aide d&rsquo;un appareil \u00e0 ultrasons appel\u00e9 Vaser, le tissu adipeux est fondu et retir\u00e9 avec des micro-canules.[\/vc_column_text][\/vc_column_inner][\/vc_row_inner][vc_row_inner][vc_column_inner width=\u00a0\u00bb1\/3&Prime;][vc_single_image image=\u00a0\u00bb4506&Prime; img_size=\u00a0\u00bbfull\u00a0\u00bb][\/vc_column_inner][vc_column_inner width=\u00a0\u00bb2\/3&Prime;][vc_column_text]Cette op\u00e9ration est effectu\u00e9e non seulement pour \u00e9liminer la graisse, mais \u00e9galement pour fa\u00e7onner le corps. Lors de la consultation physique avant l&rsquo;op\u00e9ration, les zones \u00e0 liposuccion sont d\u00e9termin\u00e9es avec le m\u00e9decin et le patient et les dessins sont r\u00e9alis\u00e9s. Le patient est expliqu\u00e9 en d\u00e9tail sur les formations qui se produiront apr\u00e8s l&rsquo;op\u00e9ration.<\/p> <p>L&rsquo;op\u00e9ration peut \u00eatre r\u00e9alis\u00e9e sous anesth\u00e9sie g\u00e9n\u00e9rale ou locale selon les zones de liposuccion et l&rsquo;\u00e9tat du patient ; Cela prend entre 1 et 3 heures selon la r\u00e9gion. Il n&rsquo;y a pas de points de suture. Il est recommand\u00e9 que le patient reste \u00e0 l&rsquo;h\u00f4pital pendant 1 nuit. Le point le plus important est de faire une compression avec un corset apr\u00e8s l&rsquo;op\u00e9ration. Ainsi, le gonflement est minime. Le patient peut reprendre une vie normale apr\u00e8s 3 jours.<\/p> <p>Cette op\u00e9ration est effectu\u00e9e pour la mise en forme du corps, pas pour la perte de poids. Dans le suivi post-op\u00e9ratoire, le massage des zones op\u00e9ratoires et l&rsquo;exercice pr\u00e9coce selon les recommandations du m\u00e9decin augmentent encore le succ\u00e8s de l&rsquo;op\u00e9ration.[\/vc_column_text][\/vc_column_inner][\/vc_row_inner][\/vc_column][\/vc_row][\/vc_section][vc_section][\/vc_section]<\/p> <\/div>","protected":false},"excerpt":{"rendered":"[vc_section][vc_row el_class=\u00a0\u00bbcontainer_1200&Prime;][vc_column][vc_row_inner][vc_column_inner][vc_custom_heading text=\u00a0\u00bbLa Liposuccion Vaser\u00a0\u00bb font_container=\u00a0\u00bbtag:h2|font_size:48|text_align:center\u00a0\u00bb use_theme_fonts=\u00a0\u00bbyes\u00a0\u00bb el_class=\u00a0\u00bbsingle-page-h2&Prime;][\/vc_column_inner][\/vc_row_inner][vc_row_inner][vc_column_inner][vc_column_text]La liposuccion Vaser est le processus d&rsquo;\u00e9limination de la graisse de la peau de n&rsquo;importe quelle partie du corps. En g\u00e9n\u00e9ral, \u00e0 l&rsquo;aide d&rsquo;un appareil \u00e0 ultrasons appel\u00e9 Vaser, le tissu adipeux est fondu et retir\u00e9 avec des micro-canules.[\/vc_column_text][\/vc_column_inner][\/vc_row_inner][vc_row_inner][vc_column_inner width=\u00a0\u00bb1\/3&Prime;][vc_single_image image=\u00a0\u00bb4506&Prime; img_size=\u00a0\u00bbfull\u00a0\u00bb][\/vc_column_inner][vc_column_inner width=\u00a0\u00bb2\/3&Prime;][vc_column_text]Cette op\u00e9ration est effectu\u00e9e non seulement&#8230; <a class=\"view-article\" href=\"https:\/\/www.anatomicaclinic.com\/fr\/la-liposuccion-vaser\/\">Voir l&rsquo;article<\/a>","protected":false},"author":10,"featured_media":0,"parent":0,"menu_order":0,"comment_status":"closed","ping_status":"closed","template":"","meta":{"footnotes":""},"class_list":["post-5150","page","type-page","status-publish","hentry"],"yoast_head":"<!-- This site is optimized with the Yoast SEO plugin v27.0 - https:\/\/yoast.com\/product\/yoast-seo-wordpress\/ -->\n<title>La Liposuccion Vaser - Anatomica Clinique<\/title>\n<meta name=\"description\" content=\"La Liposuccion Vaser - Anatomica Clinique\" \/>\n<meta name=\"robots\" content=\"index, follow, max-snippet:-1, max-image-preview:large, max-video-preview:-1\" \/>\n<link rel=\"canonical\" href=\"https:\/\/www.anatomicaclinic.com\/fr\/?page_id=5150\" \/>\n<meta property=\"og:locale\" content=\"fr_FR\" \/>\n<meta property=\"og:type\" content=\"article\" \/>\n<meta property=\"og:title\" content=\"La Liposuccion Vaser - Anatomica Clinique\" \/>\n<meta property=\"og:description\" content=\"La Liposuccion Vaser - Anatomica Clinique\" \/>\n<meta property=\"og:url\" content=\"https:\/\/www.anatomicaclinic.com\/fr\/?page_id=5150\" \/>\n<meta property=\"og:site_name\" content=\"Anatomica Clinique\" \/>\n<meta property=\"article:publisher\" content=\"https:\/\/www.facebook.com\/anatomicadominican\" \/>\n<meta property=\"article:modified_time\" content=\"2026-02-11T11:44:54+00:00\" \/>\n<meta name=\"twitter:card\" content=\"summary_large_image\" \/>\n<meta name=\"twitter:label1\" content=\"Dur\u00e9e de lecture estim\u00e9e\" \/>\n\t<meta name=\"twitter:data1\" content=\"1 minute\" \/>\n<script type=\"application\/ld+json\" class=\"yoast-schema-graph\">{\"@context\":\"https:\/\/schema.org\",\"@graph\":[{\"@type\":\"WebPage\",\"@id\":\"https:\/\/www.anatomicaclinic.com\/fr\/?page_id=5150\",\"url\":\"https:\/\/www.anatomicaclinic.com\/fr\/?page_id=5150\",\"name\":\"La Liposuccion Vaser - Anatomica Clinique\",\"isPartOf\":{\"@id\":\"https:\/\/www.anatomicaclinic.com\/#website\"},\"datePublished\":\"2022-06-15T15:16:28+00:00\",\"dateModified\":\"2026-02-11T11:44:54+00:00\",\"description\":\"La Liposuccion Vaser - Anatomica Clinique\",\"breadcrumb\":{\"@id\":\"https:\/\/www.anatomicaclinic.com\/fr\/?page_id=5150#breadcrumb\"},\"inLanguage\":\"fr-FR\",\"potentialAction\":[{\"@type\":\"ReadAction\",\"target\":[\"https:\/\/www.anatomicaclinic.com\/fr\/?page_id=5150\"]}]},{\"@type\":\"BreadcrumbList\",\"@id\":\"https:\/\/www.anatomicaclinic.com\/fr\/?page_id=5150#breadcrumb\",\"itemListElement\":[{\"@type\":\"ListItem\",\"position\":1,\"name\":\"Anasayfa\",\"item\":\"https:\/\/www.anatomicaclinic.com\/fr\/?page_id=7928\"},{\"@type\":\"ListItem\",\"position\":2,\"name\":\"La Liposuccion Vaser\"}]},{\"@type\":\"WebSite\",\"@id\":\"https:\/\/www.anatomicaclinic.com\/#website\",\"url\":\"https:\/\/www.anatomicaclinic.com\/\",\"name\":\"Anatomica Clinic\",\"description\":\"Anatomica\",\"publisher\":{\"@id\":\"https:\/\/www.anatomicaclinic.com\/#organization\"},\"alternateName\":\"Anatomica Clinic International\",\"potentialAction\":[{\"@type\":\"SearchAction\",\"target\":{\"@type\":\"EntryPoint\",\"urlTemplate\":\"https:\/\/www.anatomicaclinic.com\/?s={search_term_string}\"},\"query-input\":{\"@type\":\"PropertyValueSpecification\",\"valueRequired\":true,\"valueName\":\"search_term_string\"}}],\"inLanguage\":\"fr-FR\"},{\"@type\":\"Organization\",\"@id\":\"https:\/\/www.anatomicaclinic.com\/#organization\",\"name\":\"Anatomica Clinic Dominicana\",\"url\":\"https:\/\/www.anatomicaclinic.com\/\",\"logo\":{\"@type\":\"ImageObject\",\"inLanguage\":\"fr-FR\",\"@id\":\"https:\/\/www.anatomicaclinic.com\/#\/schema\/logo\/image\/\",\"url\":\"https:\/\/www.anatomicaclinic.com\/wp-content\/uploads\/2023\/11\/8aa015e1-a0cd-4d48-b1d5-c9598cbdad99.jpg\",\"contentUrl\":\"https:\/\/www.anatomicaclinic.com\/wp-content\/uploads\/2023\/11\/8aa015e1-a0cd-4d48-b1d5-c9598cbdad99.jpg\",\"width\":1600,\"height\":1600,\"caption\":\"Anatomica Clinic Dominicana\"},\"image\":{\"@id\":\"https:\/\/www.anatomicaclinic.com\/#\/schema\/logo\/image\/\"},\"sameAs\":[\"https:\/\/www.facebook.com\/anatomicadominican\",\"https:\/\/instagram.com\/anatomicadominican\"]}]}<\/script>\n<!-- \/ Yoast SEO plugin. -->","yoast_head_json":{"title":"La Liposuccion Vaser - Anatomica Clinique","description":"La Liposuccion Vaser - Anatomica Clinique","robots":{"index":"index","follow":"follow","max-snippet":"max-snippet:-1","max-image-preview":"max-image-preview:large","max-video-preview":"max-video-preview:-1"},"canonical":"https:\/\/www.anatomicaclinic.com\/fr\/?page_id=5150","og_locale":"fr_FR","og_type":"article","og_title":"La Liposuccion Vaser - Anatomica Clinique","og_description":"La Liposuccion Vaser - Anatomica Clinique","og_url":"https:\/\/www.anatomicaclinic.com\/fr\/?page_id=5150","og_site_name":"Anatomica Clinique","article_publisher":"https:\/\/www.facebook.com\/anatomicadominican","article_modified_time":"2026-02-11T11:44:54+00:00","twitter_card":"summary_large_image","twitter_misc":{"Dur\u00e9e de lecture estim\u00e9e":"1 minute"},"schema":{"@context":"https:\/\/schema.org","@graph":[{"@type":"WebPage","@id":"https:\/\/www.anatomicaclinic.com\/fr\/?page_id=5150","url":"https:\/\/www.anatomicaclinic.com\/fr\/?page_id=5150","name":"La Liposuccion Vaser - Anatomica Clinique","isPartOf":{"@id":"https:\/\/www.anatomicaclinic.com\/#website"},"datePublished":"2022-06-15T15:16:28+00:00","dateModified":"2026-02-11T11:44:54+00:00","description":"La Liposuccion Vaser - Anatomica Clinique","breadcrumb":{"@id":"https:\/\/www.anatomicaclinic.com\/fr\/?page_id=5150#breadcrumb"},"inLanguage":"fr-FR","potentialAction":[{"@type":"ReadAction","target":["https:\/\/www.anatomicaclinic.com\/fr\/?page_id=5150"]}]},{"@type":"BreadcrumbList","@id":"https:\/\/www.anatomicaclinic.com\/fr\/?page_id=5150#breadcrumb","itemListElement":[{"@type":"ListItem","position":1,"name":"Anasayfa","item":"https:\/\/www.anatomicaclinic.com\/fr\/?page_id=7928"},{"@type":"ListItem","position":2,"name":"La Liposuccion Vaser"}]},{"@type":"WebSite","@id":"https:\/\/www.anatomicaclinic.com\/#website","url":"https:\/\/www.anatomicaclinic.com\/","name":"Anatomica Clinic","description":"Anatomica","publisher":{"@id":"https:\/\/www.anatomicaclinic.com\/#organization"},"alternateName":"Anatomica Clinic International","potentialAction":[{"@type":"SearchAction","target":{"@type":"EntryPoint","urlTemplate":"https:\/\/www.anatomicaclinic.com\/?s={search_term_string}"},"query-input":{"@type":"PropertyValueSpecification","valueRequired":true,"valueName":"search_term_string"}}],"inLanguage":"fr-FR"},{"@type":"Organization","@id":"https:\/\/www.anatomicaclinic.com\/#organization","name":"Anatomica Clinic Dominicana","url":"https:\/\/www.anatomicaclinic.com\/","logo":{"@type":"ImageObject","inLanguage":"fr-FR","@id":"https:\/\/www.anatomicaclinic.com\/#\/schema\/logo\/image\/","url":"https:\/\/www.anatomicaclinic.com\/wp-content\/uploads\/2023\/11\/8aa015e1-a0cd-4d48-b1d5-c9598cbdad99.jpg","contentUrl":"https:\/\/www.anatomicaclinic.com\/wp-content\/uploads\/2023\/11\/8aa015e1-a0cd-4d48-b1d5-c9598cbdad99.jpg","width":1600,"height":1600,"caption":"Anatomica Clinic Dominicana"},"image":{"@id":"https:\/\/www.anatomicaclinic.com\/#\/schema\/logo\/image\/"},"sameAs":["https:\/\/www.facebook.com\/anatomicadominican","https:\/\/instagram.com\/anatomicadominican"]}]}},"_links":{"self":[{"href":"https:\/\/www.anatomicaclinic.com\/fr\/wp-json\/wp\/v2\/pages\/5150","targetHints":{"allow":["GET"]}}],"collection":[{"href":"https:\/\/www.anatomicaclinic.com\/fr\/wp-json\/wp\/v2\/pages"}],"about":[{"href":"https:\/\/www.anatomicaclinic.com\/fr\/wp-json\/wp\/v2\/types\/page"}],"author":[{"embeddable":true,"href":"https:\/\/www.anatomicaclinic.com\/fr\/wp-json\/wp\/v2\/users\/10"}],"replies":[{"embeddable":true,"href":"https:\/\/www.anatomicaclinic.com\/fr\/wp-json\/wp\/v2\/comments?post=5150"}],"version-history":[{"count":1,"href":"https:\/\/www.anatomicaclinic.com\/fr\/wp-json\/wp\/v2\/pages\/5150\/revisions"}],"predecessor-version":[{"id":8601,"href":"https:\/\/www.anatomicaclinic.com\/fr\/wp-json\/wp\/v2\/pages\/5150\/revisions\/8601"}],"wp:attachment":[{"href":"https:\/\/www.anatomicaclinic.com\/fr\/wp-json\/wp\/v2\/media?parent=5150"}],"curies":[{"name":"wp","href":"https:\/\/api.w.org\/{rel}","templated":true}]}}