{"id":5370,"date":"2022-07-24T13:32:45","date_gmt":"2022-07-24T13:32:45","guid":{"rendered":"https:\/\/www.anatomicaclinic.com\/plastic-surgery\/abdominoplasty\/"},"modified":"2026-02-11T11:44:54","modified_gmt":"2026-02-11T11:44:54","slug":"laabdominoplastie","status":"publish","type":"page","link":"https:\/\/www.anatomicaclinic.com\/fr\/laabdominoplastie\/","title":{"rendered":"L&rsquo;abdominoplastie"},"content":{"rendered":"<div class=\"wpb-content-wrapper\"><p>[vc_section][vc_row el_class=\u00a0\u00bbcontainer_1200&Prime;][vc_column][vc_row_inner][vc_column_inner][vc_custom_heading text=\u00a0\u00bbL&rsquo;abdominoplastie\u00a0\u00bb font_container=\u00a0\u00bbtag:h2|font_size:48|text_align:center\u00a0\u00bb use_theme_fonts=\u00a0\u00bbyes\u00a0\u00bb el_class=\u00a0\u00bbsingle-page-h2&Prime;][\/vc_column_inner][\/vc_row_inner][vc_row_inner][vc_column_inner][vc_column_text]L&rsquo;abdominoplastie est effectu\u00e9e dans le but d&rsquo;\u00e9liminer l&rsquo;exc\u00e8s de graisse dans l&rsquo;abdomen et l&rsquo;affaissement de la peau apr\u00e8s l&rsquo;accouchement pour former un abdomen plus plat avec moins de plis. La liposuccion est \u00e9galement appliqu\u00e9e sur l&rsquo;abdomen et la taille.[\/vc_column_text][\/vc_column_inner][\/vc_row_inner][vc_row_inner][vc_column_inner width=\u00a0\u00bb1\/3&Prime;][vc_single_image image=\u00a0\u00bb4551&Prime; img_size=\u00a0\u00bbfull\u00a0\u00bb][\/vc_column_inner][vc_column_inner width=\u00a0\u00bb2\/3&Prime;][vc_column_text]Votre m\u00e9decin vous \u00e9valuera en d\u00e9tail avant la chirurgie pour vous informer de tous les d\u00e9tails de l&rsquo;op\u00e9ration. L&rsquo;op\u00e9ration dure environ 3 heures et une nuit \u00e0 l&rsquo;h\u00f4pital suffit. Les r\u00e9sultats apparaissent le lendemain. Les patients peuvent retourner au travail dans 10 jours et reprendre leurs activit\u00e9s normales.<\/p> <p>Votre m\u00e9decin vous \u00e9valuera en d\u00e9tail avant la chirurgie pour vous informer de tous les d\u00e9tails de l&rsquo;op\u00e9ration. L&rsquo;op\u00e9ration dure environ 3 heures et une nuit \u00e0 l&rsquo;h\u00f4pital suffit. Les r\u00e9sultats apparaissent le lendemain. Les patients peuvent retourner au travail dans 10 jours et reprendre leurs activit\u00e9s normales.[\/vc_column_text][\/vc_column_inner][\/vc_row_inner][\/vc_column][\/vc_row][\/vc_section][vc_section][vc_row el_class=\u00a0\u00bbcontainer_1200&Prime; el_id=\u00a0\u00bbsection-homepage-footer-contact-form\u00a0\u00bb][vc_column] <div class=\"wpcf7 no-js\" id=\"wpcf7-f5618-o1\" lang=\"fr-FR\" dir=\"ltr\" data-wpcf7-id=\"5618\"> <div class=\"screen-reader-response\"><p role=\"status\" aria-live=\"polite\" aria-atomic=\"true\"><\/p> <ul><\/ul><\/div> <form action=\"\/fr\/wp-json\/wp\/v2\/pages\/5370#wpcf7-f5618-o1\" method=\"post\" class=\"wpcf7-form init cf7mls-no-scroll cf7mls-auto-return-first-step cf7mls-no-moving-animation\" aria-label=\"Formulaire de contact\" novalidate=\"novalidate\" data-status=\"init\"> <fieldset class=\"hidden-fields-container\"><input type=\"hidden\" name=\"_wpcf7\" value=\"5618\" \/><input type=\"hidden\" name=\"_wpcf7_version\" value=\"6.1.5\" \/><input type=\"hidden\" name=\"_wpcf7_locale\" value=\"fr_FR\" \/><input type=\"hidden\" name=\"_wpcf7_unit_tag\" value=\"wpcf7-f5618-o1\" \/><input type=\"hidden\" name=\"_wpcf7_container_post\" value=\"0\" \/><input type=\"hidden\" name=\"_wpcf7_posted_data_hash\" value=\"\" \/><input type=\"hidden\" name=\"_wpcf7_recaptcha_response\" value=\"\" \/> <\/fieldset> <div id=\"homepage-footer-contact-form-layout\"> \t<h2 class=\"section-homepage-footer-contact-form-title mobile\">Remplissez le formulaire,<br \/> nous vous appellerons \t<\/h2> \t<div class=\"row group gutters\"> \t\t<div class=\"col span_6\"> \t\t\t<p><label><span class=\"wpcf7-form-control-wrap\" data-name=\"your-name\"><input size=\"40\" maxlength=\"400\" class=\"wpcf7-form-control wpcf7-text wpcf7-validates-as-required\" aria-required=\"true\" aria-invalid=\"false\" placeholder=\"Nom et prenom\" value=\"\" type=\"text\" name=\"your-name\" \/><\/span><\/label> \t\t\t<\/p> \t\t<\/div> \t\t<div class=\"col span_6\"> \t\t\t<p><label><span class=\"wpcf7-form-control-wrap\" data-name=\"your-phone\"><input size=\"40\" maxlength=\"400\" class=\"wpcf7-form-control wpcf7-text wpcf7-validates-as-required\" aria-required=\"true\" aria-invalid=\"false\" placeholder=\"Numero de telephone\" value=\"\" type=\"text\" name=\"your-phone\" \/><\/span><\/label> \t\t\t<\/p> \t\t<\/div> \t<\/div> \t<div class=\"row group gutters\"> \t\t<div class=\"col span_12\"> \t\t\t<p><label><span class=\"wpcf7-form-control-wrap\" data-name=\"your-email\"><input size=\"40\" maxlength=\"400\" class=\"wpcf7-form-control wpcf7-email wpcf7-validates-as-required wpcf7-text wpcf7-validates-as-email\" aria-required=\"true\" aria-invalid=\"false\" placeholder=\"E-Mail\" value=\"\" type=\"email\" name=\"your-email\" \/><\/span><\/label> \t\t\t<\/p> \t\t<\/div> \t<\/div> \t<div class=\"row group gutters\"> \t\t<div class=\"col span_12\"> \t\t\t<p><label><span class=\"wpcf7-form-control-wrap\" data-name=\"your-message\"><textarea cols=\"40\" rows=\"10\" maxlength=\"2000\" class=\"wpcf7-form-control wpcf7-textarea wpcf7-validates-as-required\" aria-required=\"true\" aria-invalid=\"false\" name=\"your-message\">Message<\/textarea><\/span><\/label> \t\t\t<\/p> \t\t\t<p><span class=\"wpcf7-form-control-wrap\" data-name=\"your-kvkk\"><span class=\"wpcf7-form-control wpcf7-acceptance\"><span class=\"wpcf7-list-item\"><label><input type=\"checkbox\" name=\"your-kvkk\" value=\"1\" class=\"required\" aria-invalid=\"false\" \/><span class=\"wpcf7-list-item-label\">Conform\u00e9ment au GDPR, j'accepte d'avoir lu et compris la politique de confidentialit\u00e9 GDPR d'Anatomica et LES soci\u00e9t\u00e9s de son groupe<\/span><\/label><\/span><\/span><\/span> \t\t\t<\/p> \t\t\t<p><span class=\"wpcf7-form-control-wrap\" data-name=\"your-kvkk2\"><span class=\"wpcf7-form-control wpcf7-acceptance\"><span class=\"wpcf7-list-item\"><label><input type=\"checkbox\" name=\"your-kvkk2\" value=\"1\" class=\"required\" aria-invalid=\"false\" \/><span class=\"wpcf7-list-item-label\">J'accepte et j'autorise le traitement de mes donn\u00e9es par le Groupe Anatomica, aux fins indiqu\u00e9es dans la Politique de confidentialit\u00e9 pour m'envoyer, par tout moyen, y compris \u00e9lectroniques (WhatsApp, SMS, messagerie directe, e-mail), bulletins (newsletter) informant sur les produits ou services du groupe Anatomica et communications de courtoisie.<\/span><\/label><\/span><\/span><\/span> \t\t\t<\/p> \t\t\t<p><input class=\"wpcf7-form-control wpcf7-submit has-spinner\" type=\"submit\" value=\"Envoyer\" \/> \t\t\t<\/p> \t\t<\/div> \t<\/div> <input class=\"wpcf7-form-control wpcf7-hidden\" value=\"\" type=\"hidden\" name=\"utm_campaign\" \/> <input class=\"wpcf7-form-control wpcf7-hidden\" value=\"\" type=\"hidden\" name=\"utm_source\" \/> <input class=\"wpcf7-form-control wpcf7-hidden\" value=\"\" type=\"hidden\" name=\"utm_medium\" \/> <input class=\"wpcf7-form-control wpcf7-hidden\" value=\"\" type=\"hidden\" name=\"utm_term\" \/> <input class=\"wpcf7-form-control wpcf7-hidden\" value=\"\" type=\"hidden\" name=\"utm_content\" \/> <input class=\"wpcf7-form-control wpcf7-hidden\" value=\"\" type=\"hidden\" name=\"gclid\" \/> <input class=\"wpcf7-form-control wpcf7-hidden\" value=\"Unknown\" type=\"hidden\" name=\"your-country\" \/> <\/div><div class=\"wpcf7-response-output\" aria-hidden=\"true\"><\/div> <\/form> <\/div> [\/vc_column][\/vc_row][\/vc_section]<\/p> <\/div>","protected":false},"excerpt":{"rendered":"[vc_section][vc_row el_class=\u00a0\u00bbcontainer_1200&Prime;][vc_column][vc_row_inner][vc_column_inner][vc_custom_heading text=\u00a0\u00bbL&rsquo;abdominoplastie\u00a0\u00bb font_container=\u00a0\u00bbtag:h2|font_size:48|text_align:center\u00a0\u00bb use_theme_fonts=\u00a0\u00bbyes\u00a0\u00bb el_class=\u00a0\u00bbsingle-page-h2&Prime;][\/vc_column_inner][\/vc_row_inner][vc_row_inner][vc_column_inner][vc_column_text]L&rsquo;abdominoplastie est effectu\u00e9e dans le but d&rsquo;\u00e9liminer l&rsquo;exc\u00e8s de graisse dans l&rsquo;abdomen et l&rsquo;affaissement de la peau apr\u00e8s l&rsquo;accouchement pour former un abdomen plus plat avec moins de plis. La liposuccion est \u00e9galement appliqu\u00e9e sur l&rsquo;abdomen et la taille.[\/vc_column_text][\/vc_column_inner][\/vc_row_inner][vc_row_inner][vc_column_inner width=\u00a0\u00bb1\/3&Prime;][vc_single_image image=\u00a0\u00bb4551&Prime; img_size=\u00a0\u00bbfull\u00a0\u00bb][\/vc_column_inner][vc_column_inner width=\u00a0\u00bb2\/3&Prime;][vc_column_text]Votre m\u00e9decin vous \u00e9valuera en d\u00e9tail avant la&#8230; <a class=\"view-article\" href=\"https:\/\/www.anatomicaclinic.com\/fr\/laabdominoplastie\/\">Voir l&rsquo;article<\/a>","protected":false},"author":10,"featured_media":0,"parent":0,"menu_order":0,"comment_status":"closed","ping_status":"closed","template":"","meta":{"footnotes":""},"class_list":["post-5370","page","type-page","status-publish","hentry"],"yoast_head":"<!-- This site is optimized with the Yoast SEO plugin v27.0 - https:\/\/yoast.com\/product\/yoast-seo-wordpress\/ -->\n<title>L&#039;abdominoplastie - Anatomica Clinique<\/title>\n<meta name=\"description\" content=\"L&#039;abdominoplastie - Anatomica Clinique\" \/>\n<meta name=\"robots\" content=\"index, follow, max-snippet:-1, max-image-preview:large, max-video-preview:-1\" \/>\n<link rel=\"canonical\" href=\"https:\/\/www.anatomicaclinic.com\/fr\/?page_id=5370\" \/>\n<meta property=\"og:locale\" content=\"fr_FR\" \/>\n<meta property=\"og:type\" content=\"article\" \/>\n<meta property=\"og:title\" content=\"L&#039;abdominoplastie - Anatomica Clinique\" \/>\n<meta property=\"og:description\" content=\"L&#039;abdominoplastie - Anatomica Clinique\" \/>\n<meta property=\"og:url\" content=\"https:\/\/www.anatomicaclinic.com\/fr\/?page_id=5370\" \/>\n<meta property=\"og:site_name\" content=\"Anatomica Clinique\" \/>\n<meta property=\"article:publisher\" content=\"https:\/\/www.facebook.com\/anatomicadominican\" \/>\n<meta property=\"article:modified_time\" content=\"2026-02-11T11:44:54+00:00\" \/>\n<meta name=\"twitter:card\" content=\"summary_large_image\" \/>\n<meta name=\"twitter:label1\" content=\"Dur\u00e9e de lecture estim\u00e9e\" \/>\n\t<meta name=\"twitter:data1\" content=\"1 minute\" \/>\n<script type=\"application\/ld+json\" class=\"yoast-schema-graph\">{\"@context\":\"https:\/\/schema.org\",\"@graph\":[{\"@type\":\"WebPage\",\"@id\":\"https:\/\/www.anatomicaclinic.com\/fr\/?page_id=5370\",\"url\":\"https:\/\/www.anatomicaclinic.com\/fr\/?page_id=5370\",\"name\":\"L'abdominoplastie - Anatomica Clinique\",\"isPartOf\":{\"@id\":\"https:\/\/www.anatomicaclinic.com\/#website\"},\"datePublished\":\"2022-07-24T13:32:45+00:00\",\"dateModified\":\"2026-02-11T11:44:54+00:00\",\"description\":\"L'abdominoplastie - Anatomica Clinique\",\"breadcrumb\":{\"@id\":\"https:\/\/www.anatomicaclinic.com\/fr\/?page_id=5370#breadcrumb\"},\"inLanguage\":\"fr-FR\",\"potentialAction\":[{\"@type\":\"ReadAction\",\"target\":[\"https:\/\/www.anatomicaclinic.com\/fr\/?page_id=5370\"]}]},{\"@type\":\"BreadcrumbList\",\"@id\":\"https:\/\/www.anatomicaclinic.com\/fr\/?page_id=5370#breadcrumb\",\"itemListElement\":[{\"@type\":\"ListItem\",\"position\":1,\"name\":\"Anasayfa\",\"item\":\"https:\/\/www.anatomicaclinic.com\/fr\/?page_id=7928\"},{\"@type\":\"ListItem\",\"position\":2,\"name\":\"L&#8217;abdominoplastie\"}]},{\"@type\":\"WebSite\",\"@id\":\"https:\/\/www.anatomicaclinic.com\/#website\",\"url\":\"https:\/\/www.anatomicaclinic.com\/\",\"name\":\"Anatomica Clinic\",\"description\":\"Anatomica\",\"publisher\":{\"@id\":\"https:\/\/www.anatomicaclinic.com\/#organization\"},\"alternateName\":\"Anatomica Clinic International\",\"potentialAction\":[{\"@type\":\"SearchAction\",\"target\":{\"@type\":\"EntryPoint\",\"urlTemplate\":\"https:\/\/www.anatomicaclinic.com\/?s={search_term_string}\"},\"query-input\":{\"@type\":\"PropertyValueSpecification\",\"valueRequired\":true,\"valueName\":\"search_term_string\"}}],\"inLanguage\":\"fr-FR\"},{\"@type\":\"Organization\",\"@id\":\"https:\/\/www.anatomicaclinic.com\/#organization\",\"name\":\"Anatomica Clinic Dominicana\",\"url\":\"https:\/\/www.anatomicaclinic.com\/\",\"logo\":{\"@type\":\"ImageObject\",\"inLanguage\":\"fr-FR\",\"@id\":\"https:\/\/www.anatomicaclinic.com\/#\/schema\/logo\/image\/\",\"url\":\"https:\/\/www.anatomicaclinic.com\/wp-content\/uploads\/2023\/11\/8aa015e1-a0cd-4d48-b1d5-c9598cbdad99.jpg\",\"contentUrl\":\"https:\/\/www.anatomicaclinic.com\/wp-content\/uploads\/2023\/11\/8aa015e1-a0cd-4d48-b1d5-c9598cbdad99.jpg\",\"width\":1600,\"height\":1600,\"caption\":\"Anatomica Clinic Dominicana\"},\"image\":{\"@id\":\"https:\/\/www.anatomicaclinic.com\/#\/schema\/logo\/image\/\"},\"sameAs\":[\"https:\/\/www.facebook.com\/anatomicadominican\",\"https:\/\/instagram.com\/anatomicadominican\"]}]}<\/script>\n<!-- \/ Yoast SEO plugin. -->","yoast_head_json":{"title":"L'abdominoplastie - Anatomica Clinique","description":"L'abdominoplastie - Anatomica Clinique","robots":{"index":"index","follow":"follow","max-snippet":"max-snippet:-1","max-image-preview":"max-image-preview:large","max-video-preview":"max-video-preview:-1"},"canonical":"https:\/\/www.anatomicaclinic.com\/fr\/?page_id=5370","og_locale":"fr_FR","og_type":"article","og_title":"L'abdominoplastie - Anatomica Clinique","og_description":"L'abdominoplastie - Anatomica Clinique","og_url":"https:\/\/www.anatomicaclinic.com\/fr\/?page_id=5370","og_site_name":"Anatomica Clinique","article_publisher":"https:\/\/www.facebook.com\/anatomicadominican","article_modified_time":"2026-02-11T11:44:54+00:00","twitter_card":"summary_large_image","twitter_misc":{"Dur\u00e9e de lecture estim\u00e9e":"1 minute"},"schema":{"@context":"https:\/\/schema.org","@graph":[{"@type":"WebPage","@id":"https:\/\/www.anatomicaclinic.com\/fr\/?page_id=5370","url":"https:\/\/www.anatomicaclinic.com\/fr\/?page_id=5370","name":"L'abdominoplastie - Anatomica Clinique","isPartOf":{"@id":"https:\/\/www.anatomicaclinic.com\/#website"},"datePublished":"2022-07-24T13:32:45+00:00","dateModified":"2026-02-11T11:44:54+00:00","description":"L'abdominoplastie - Anatomica Clinique","breadcrumb":{"@id":"https:\/\/www.anatomicaclinic.com\/fr\/?page_id=5370#breadcrumb"},"inLanguage":"fr-FR","potentialAction":[{"@type":"ReadAction","target":["https:\/\/www.anatomicaclinic.com\/fr\/?page_id=5370"]}]},{"@type":"BreadcrumbList","@id":"https:\/\/www.anatomicaclinic.com\/fr\/?page_id=5370#breadcrumb","itemListElement":[{"@type":"ListItem","position":1,"name":"Anasayfa","item":"https:\/\/www.anatomicaclinic.com\/fr\/?page_id=7928"},{"@type":"ListItem","position":2,"name":"L&#8217;abdominoplastie"}]},{"@type":"WebSite","@id":"https:\/\/www.anatomicaclinic.com\/#website","url":"https:\/\/www.anatomicaclinic.com\/","name":"Anatomica Clinic","description":"Anatomica","publisher":{"@id":"https:\/\/www.anatomicaclinic.com\/#organization"},"alternateName":"Anatomica Clinic International","potentialAction":[{"@type":"SearchAction","target":{"@type":"EntryPoint","urlTemplate":"https:\/\/www.anatomicaclinic.com\/?s={search_term_string}"},"query-input":{"@type":"PropertyValueSpecification","valueRequired":true,"valueName":"search_term_string"}}],"inLanguage":"fr-FR"},{"@type":"Organization","@id":"https:\/\/www.anatomicaclinic.com\/#organization","name":"Anatomica Clinic Dominicana","url":"https:\/\/www.anatomicaclinic.com\/","logo":{"@type":"ImageObject","inLanguage":"fr-FR","@id":"https:\/\/www.anatomicaclinic.com\/#\/schema\/logo\/image\/","url":"https:\/\/www.anatomicaclinic.com\/wp-content\/uploads\/2023\/11\/8aa015e1-a0cd-4d48-b1d5-c9598cbdad99.jpg","contentUrl":"https:\/\/www.anatomicaclinic.com\/wp-content\/uploads\/2023\/11\/8aa015e1-a0cd-4d48-b1d5-c9598cbdad99.jpg","width":1600,"height":1600,"caption":"Anatomica Clinic Dominicana"},"image":{"@id":"https:\/\/www.anatomicaclinic.com\/#\/schema\/logo\/image\/"},"sameAs":["https:\/\/www.facebook.com\/anatomicadominican","https:\/\/instagram.com\/anatomicadominican"]}]}},"_links":{"self":[{"href":"https:\/\/www.anatomicaclinic.com\/fr\/wp-json\/wp\/v2\/pages\/5370","targetHints":{"allow":["GET"]}}],"collection":[{"href":"https:\/\/www.anatomicaclinic.com\/fr\/wp-json\/wp\/v2\/pages"}],"about":[{"href":"https:\/\/www.anatomicaclinic.com\/fr\/wp-json\/wp\/v2\/types\/page"}],"author":[{"embeddable":true,"href":"https:\/\/www.anatomicaclinic.com\/fr\/wp-json\/wp\/v2\/users\/10"}],"replies":[{"embeddable":true,"href":"https:\/\/www.anatomicaclinic.com\/fr\/wp-json\/wp\/v2\/comments?post=5370"}],"version-history":[{"count":1,"href":"https:\/\/www.anatomicaclinic.com\/fr\/wp-json\/wp\/v2\/pages\/5370\/revisions"}],"predecessor-version":[{"id":8528,"href":"https:\/\/www.anatomicaclinic.com\/fr\/wp-json\/wp\/v2\/pages\/5370\/revisions\/8528"}],"wp:attachment":[{"href":"https:\/\/www.anatomicaclinic.com\/fr\/wp-json\/wp\/v2\/media?parent=5370"}],"curies":[{"name":"wp","href":"https:\/\/api.w.org\/{rel}","templated":true}]}}