{"id":8214,"date":"2022-07-05T17:02:59","date_gmt":"2022-07-05T17:02:59","guid":{"rendered":"https:\/\/www.anatomicaclinic.com\/politica-sui-cookie\/"},"modified":"2026-02-11T11:44:53","modified_gmt":"2026-02-11T11:44:53","slug":"politique-en-matiere-de-cookies","status":"publish","type":"page","link":"https:\/\/www.anatomicaclinic.com\/fr\/politique-en-matiere-de-cookies\/","title":{"rendered":"POLITIQUE EN MATI\u00c8RE DE COOKIES"},"content":{"rendered":"<div class=\"wpb-content-wrapper\"><p>[vc_section el_id=\u00a0\u00bbsection-page-kvkk\u00a0\u00bb][vc_row el_class=\u00a0\u00bbcontainer_1200&Prime; css=\u00a0\u00bb.vc_custom_1758809527235{margin-top: 50px !important;}\u00a0\u00bb][vc_column][vc_custom_heading text=\u00a0\u00bbPOLITIQUE EN MATI\u00c8RE DE COOKIES\u00a0\u00bb font_container=\u00a0\u00bbtag:h2|font_size:24px|text_align:left|line_height:24px\u00a0\u00bb use_theme_fonts=\u00a0\u00bbyes\u00a0\u00bb css=\u00a0\u00bb\u00a0\u00bb][vc_column_text css=\u00a0\u00bb\u00a0\u00bb]Lorsque vous visitez nos sites web, sites mobiles ou applications mobiles, nous collectons vos donn\u00e9es personnelles \u00e0 de nombreuses fins diff\u00e9rentes gr\u00e2ce aux \u00ab\u00a0cookies\u00a0\u00bb. Notre objectif est d&rsquo;\u00eatre aussi ouverts et transparents que possible avec vous sur cette question. Cette politique a \u00e9t\u00e9 cr\u00e9\u00e9e pour vous expliquer ce que sont les cookies et comment nous les utilisons. Nous expliquons \u00e9galement les diff\u00e9rents types de cookies que nous utilisons et comment vous pouvez les modifier ou les supprimer. Nous esp\u00e9rons que cette politique vous fournira des informations compr\u00e9hensibles concernant l&rsquo;utilisation des cookies et vous aidera \u00e9galement \u00e0 vous sentir en s\u00e9curit\u00e9. Si vous avez d&rsquo;autres questions \u00e0 ce sujet, n&rsquo;h\u00e9sitez pas \u00e0 nous contacter.<\/p> <p>Cette Politique de Cookies peut \u00eatre modifi\u00e9e \u00e0 tout moment \u00e0 des fins de r\u00e9vision. Pour voir quand cette Politique de Cookies a \u00e9t\u00e9 r\u00e9vis\u00e9e, veuillez consulter l&rsquo;expression \u00ab\u00a0DATE\u00a0\u00bb en haut de cette page.<\/p> <p>Tout changement \u00e0 cette Politique de Cookies devient valide lorsque nous rendons la Politique de Cookies disponible sur notre Site ou par le biais du Site. Pour des informations plus d\u00e9taill\u00e9es sur vos donn\u00e9es personnelles collect\u00e9es par le biais des cookies, veuillez consulter notre Politique de Protection des Donn\u00e9es Personnelles et de Confidentialit\u00e9.<\/p> <p>&nbsp;<\/p> <p><strong>Qu&rsquo;est-ce qu&rsquo;un Cookie ?<\/strong><\/p> <p>Un cookie de navigateur est un \u00e9l\u00e9ment de donn\u00e9es stock\u00e9 sur votre appareil qui aide les sites web et les applications mobiles \u00e0 se souvenir d&rsquo;informations vous concernant. D&rsquo;autres technologies li\u00e9es aux appareils telles que le stockage internet et les identifiants peuvent \u00e9galement \u00eatre utilis\u00e9es \u00e0 des fins similaires. Dans cette politique, nous d\u00e9signerons toutes les autres technologies sous le terme \u00ab\u00a0Cookies\u00a0\u00bb.<\/p> <p>&nbsp;<\/p> <p><strong>\u00c0 Quelles Fins Utilisons-nous les Cookies ?<\/strong><\/p> <p>Nous utilisons les cookies pour prot\u00e9ger vos donn\u00e9es et votre compte, identifier les fonctionnalit\u00e9s les plus populaires, compter l&rsquo;acc\u00e8s \u00e0 une page, am\u00e9liorer l&rsquo;exp\u00e9rience utilisateur, maintenir nos services s\u00e9curis\u00e9s, rendre notre site web plus convivial, adapter notre site web \u00e0 vos int\u00e9r\u00eats et besoins, et mener des activit\u00e9s de publicit\u00e9 comportementale en ligne pour nos utilisateurs. Les cookies m\u00e9morisent des informations vous concernant afin d&rsquo;ex\u00e9cuter les fonctions mentionn\u00e9es ci-dessus et nous aident \u00e0 vous fournir ces services.<\/p> <p>&nbsp;<\/p> <p><strong>Types de Cookies<\/strong><\/p> <p>Ci-dessous, nous avons r\u00e9pertori\u00e9 les types de cookies que nous utilisons sur notre site web, site mobile et applications mobiles.<\/p> <p>Par le biais de ces cookies, vos donn\u00e9es personnelles sont trait\u00e9es, et pour des informations plus d\u00e9taill\u00e9es \u00e0 ce sujet, veuillez consulter la Politique de Protection des Donn\u00e9es Personnelles et de Confidentialit\u00e9.<\/p> <p>&nbsp;<\/p> <p><strong>Types de Cookies Utilis\u00e9s sur Notre Site Web<\/strong><\/p> <ol> <li><strong>Cookies de Session :<\/strong> Les cookies de session sont des cookies temporaires utilis\u00e9s pendant les visites de nos visiteurs sur le Site Web et supprim\u00e9s apr\u00e8s la fermeture du navigateur. L&rsquo;objectif principal de l&rsquo;utilisation de ces types de cookies est d&rsquo;assurer le bon fonctionnement du Site Web pendant votre visite. Par exemple, ils vous permettent de compl\u00e9ter des formulaires en ligne compos\u00e9s de plusieurs pages.<\/li> <li><strong>Cookies Persistants :<\/strong> Les cookies persistants sont des types de cookies utilis\u00e9s pour augmenter la fonctionnalit\u00e9 du Site Web et pour fournir \u00e0 nos visiteurs un service plus rapide et meilleur. Ces types de cookies sont utilis\u00e9s pour m\u00e9moriser vos pr\u00e9f\u00e9rences et sont stock\u00e9s sur votre appareil via les navigateurs. Certains types de cookies persistants peuvent \u00eatre utilis\u00e9s pour vous fournir des suggestions sp\u00e9ciales, en consid\u00e9rant des questions telles que l&rsquo;objectif de votre utilisation du Site Web. Gr\u00e2ce aux cookies persistants, lorsque vous visitez \u00e0 nouveau notre Site Web avec le m\u00eame appareil, il est v\u00e9rifi\u00e9 s&rsquo;il existe un cookie cr\u00e9\u00e9 par notre Site Web sur votre appareil, et si c&rsquo;est le cas, il est compris que vous avez pr\u00e9c\u00e9demment visit\u00e9 le site, et le contenu \u00e0 vous livrer est d\u00e9termin\u00e9 en cons\u00e9quence, vous fournissant ainsi un meilleur service.<\/li> <li><strong>Cookies Analytiques :<\/strong> Les cookies analytiques sont des cookies qui permettent la production de r\u00e9sultats analytiques tels que le nombre de visiteurs du site web, la d\u00e9termination des pages consult\u00e9es sur le site web, les heures de visite du site web et les mouvements de d\u00e9filement des pages du site web.<\/li> <\/ol> <p>&nbsp;<\/p> <p><strong>Gestion des Cookies<\/strong><\/p> <p>&nbsp;<\/p> <p>La plupart des navigateurs internet sont configur\u00e9s pour accepter automatiquement les cookies par d\u00e9faut. Il en va de m\u00eame lorsque vous utilisez notre site web, sites mobiles ou applications mobiles. Si vous souhaitez supprimer les cookies existants de votre appareil, vous pouvez le faire en utilisant les options de votre navigateur. Vous pouvez \u00e9galement bloquer les cookies dans les param\u00e8tres de votre navigateur si vous ne souhaitez pas que des cookies soient plac\u00e9s sur votre appareil \u00e0 l&rsquo;avenir. Veuillez noter que si vous supprimez ou bloquez les cookies que nous utilisons, il peut y avoir des effets sur votre exp\u00e9rience utilisateur sur notre site web, site mobile ou applications mobiles, et le site peut devenir inutilisable. \u00c0 moins que vous ne changiez les param\u00e8tres de votre navigateur pour bloquer les cookies, m\u00eame si vous avez pr\u00e9c\u00e9demment supprim\u00e9 nos cookies, notre syst\u00e8me placera des cookies lorsque vous visitez notre site ou lorsque vous cliquez sur un lien inclus dans un e-mail que nous vous envoyons.<\/p> <p>&nbsp;<\/p> <p><strong>Pour Nous Contacter<\/strong><\/p> <p>&nbsp;<\/p> <p>Si vous avez d&rsquo;autres questions concernant notre \u00ab\u00a0Politique de Cookies\u00a0\u00bb, veuillez nous contacter \u00e0 info@anatomicaclinic.com. De plus, si vous vous rendez \u00e0 l&rsquo;adresse fournie sur notre page de contact, nous serons heureux de vous aider avec vos questions dans le cadre de notre \u00ab\u00a0Politique de Cookies\u00a0\u00bb.[\/vc_column_text][\/vc_column][\/vc_row][\/vc_section]<\/p> <\/div>","protected":false},"excerpt":{"rendered":"[vc_section el_id=\u00a0\u00bbsection-page-kvkk\u00a0\u00bb][vc_row el_class=\u00a0\u00bbcontainer_1200&Prime; css=\u00a0\u00bb.vc_custom_1758809527235{margin-top: 50px !important;}\u00a0\u00bb][vc_column][vc_custom_heading text=\u00a0\u00bbPOLITIQUE EN MATI\u00c8RE DE COOKIES\u00a0\u00bb font_container=\u00a0\u00bbtag:h2|font_size:24px|text_align:left|line_height:24px\u00a0\u00bb use_theme_fonts=\u00a0\u00bbyes\u00a0\u00bb css=\u00a0\u00bb\u00a0\u00bb][vc_column_text css=\u00a0\u00bb\u00a0\u00bb]Lorsque vous visitez nos sites web, sites mobiles ou applications mobiles, nous collectons vos donn\u00e9es personnelles \u00e0 de nombreuses fins diff\u00e9rentes gr\u00e2ce aux \u00ab\u00a0cookies\u00a0\u00bb. Notre objectif est d&rsquo;\u00eatre aussi ouverts et transparents que possible avec vous sur cette question. Cette politique&#8230; <a class=\"view-article\" href=\"https:\/\/www.anatomicaclinic.com\/fr\/politique-en-matiere-de-cookies\/\">Voir l&rsquo;article<\/a>","protected":false},"author":10,"featured_media":0,"parent":0,"menu_order":0,"comment_status":"closed","ping_status":"closed","template":"","meta":{"footnotes":""},"class_list":["post-8214","page","type-page","status-publish","hentry"],"yoast_head":"<!-- This site is optimized with the Yoast SEO plugin v27.0 - https:\/\/yoast.com\/product\/yoast-seo-wordpress\/ -->\n<title>POLITIQUE EN MATI\u00c8RE DE COOKIES - Anatomica Clinique<\/title>\n<meta name=\"description\" content=\"POLITIQUE EN MATI\u00c8RE DE COOKIES - Anatomica Clinique\" \/>\n<meta name=\"robots\" content=\"index, follow, max-snippet:-1, max-image-preview:large, max-video-preview:-1\" \/>\n<link rel=\"canonical\" href=\"https:\/\/www.anatomicaclinic.com\/fr\/?page_id=8214\" \/>\n<meta property=\"og:locale\" content=\"fr_FR\" \/>\n<meta property=\"og:type\" content=\"article\" \/>\n<meta property=\"og:title\" content=\"POLITIQUE EN MATI\u00c8RE DE COOKIES - Anatomica Clinique\" \/>\n<meta property=\"og:description\" content=\"POLITIQUE EN MATI\u00c8RE DE COOKIES - Anatomica Clinique\" \/>\n<meta property=\"og:url\" content=\"https:\/\/www.anatomicaclinic.com\/fr\/?page_id=8214\" \/>\n<meta property=\"og:site_name\" content=\"Anatomica Clinique\" \/>\n<meta property=\"article:publisher\" content=\"https:\/\/www.facebook.com\/anatomicadominican\" \/>\n<meta property=\"article:modified_time\" content=\"2026-02-11T11:44:53+00:00\" \/>\n<meta name=\"twitter:card\" content=\"summary_large_image\" \/>\n<meta name=\"twitter:label1\" content=\"Dur\u00e9e de lecture estim\u00e9e\" \/>\n\t<meta name=\"twitter:data1\" content=\"6 minutes\" \/>\n<script type=\"application\/ld+json\" class=\"yoast-schema-graph\">{\"@context\":\"https:\/\/schema.org\",\"@graph\":[{\"@type\":\"WebPage\",\"@id\":\"https:\/\/www.anatomicaclinic.com\/fr\/?page_id=8214\",\"url\":\"https:\/\/www.anatomicaclinic.com\/fr\/?page_id=8214\",\"name\":\"POLITIQUE EN MATI\u00c8RE DE COOKIES - Anatomica Clinique\",\"isPartOf\":{\"@id\":\"https:\/\/www.anatomicaclinic.com\/#website\"},\"datePublished\":\"2022-07-05T17:02:59+00:00\",\"dateModified\":\"2026-02-11T11:44:53+00:00\",\"description\":\"POLITIQUE EN MATI\u00c8RE DE COOKIES - Anatomica Clinique\",\"breadcrumb\":{\"@id\":\"https:\/\/www.anatomicaclinic.com\/fr\/?page_id=8214#breadcrumb\"},\"inLanguage\":\"fr-FR\",\"potentialAction\":[{\"@type\":\"ReadAction\",\"target\":[\"https:\/\/www.anatomicaclinic.com\/fr\/?page_id=8214\"]}]},{\"@type\":\"BreadcrumbList\",\"@id\":\"https:\/\/www.anatomicaclinic.com\/fr\/?page_id=8214#breadcrumb\",\"itemListElement\":[{\"@type\":\"ListItem\",\"position\":1,\"name\":\"Anasayfa\",\"item\":\"https:\/\/www.anatomicaclinic.com\/fr\/?page_id=7928\"},{\"@type\":\"ListItem\",\"position\":2,\"name\":\"POLITIQUE EN MATI\u00c8RE DE COOKIES\"}]},{\"@type\":\"WebSite\",\"@id\":\"https:\/\/www.anatomicaclinic.com\/#website\",\"url\":\"https:\/\/www.anatomicaclinic.com\/\",\"name\":\"Anatomica Clinic\",\"description\":\"Anatomica\",\"publisher\":{\"@id\":\"https:\/\/www.anatomicaclinic.com\/#organization\"},\"alternateName\":\"Anatomica Clinic International\",\"potentialAction\":[{\"@type\":\"SearchAction\",\"target\":{\"@type\":\"EntryPoint\",\"urlTemplate\":\"https:\/\/www.anatomicaclinic.com\/?s={search_term_string}\"},\"query-input\":{\"@type\":\"PropertyValueSpecification\",\"valueRequired\":true,\"valueName\":\"search_term_string\"}}],\"inLanguage\":\"fr-FR\"},{\"@type\":\"Organization\",\"@id\":\"https:\/\/www.anatomicaclinic.com\/#organization\",\"name\":\"Anatomica Clinic Dominicana\",\"url\":\"https:\/\/www.anatomicaclinic.com\/\",\"logo\":{\"@type\":\"ImageObject\",\"inLanguage\":\"fr-FR\",\"@id\":\"https:\/\/www.anatomicaclinic.com\/#\/schema\/logo\/image\/\",\"url\":\"https:\/\/www.anatomicaclinic.com\/wp-content\/uploads\/2023\/11\/8aa015e1-a0cd-4d48-b1d5-c9598cbdad99.jpg\",\"contentUrl\":\"https:\/\/www.anatomicaclinic.com\/wp-content\/uploads\/2023\/11\/8aa015e1-a0cd-4d48-b1d5-c9598cbdad99.jpg\",\"width\":1600,\"height\":1600,\"caption\":\"Anatomica Clinic Dominicana\"},\"image\":{\"@id\":\"https:\/\/www.anatomicaclinic.com\/#\/schema\/logo\/image\/\"},\"sameAs\":[\"https:\/\/www.facebook.com\/anatomicadominican\",\"https:\/\/instagram.com\/anatomicadominican\"]}]}<\/script>\n<!-- \/ Yoast SEO plugin. -->","yoast_head_json":{"title":"POLITIQUE EN MATI\u00c8RE DE COOKIES - Anatomica Clinique","description":"POLITIQUE EN MATI\u00c8RE DE COOKIES - Anatomica Clinique","robots":{"index":"index","follow":"follow","max-snippet":"max-snippet:-1","max-image-preview":"max-image-preview:large","max-video-preview":"max-video-preview:-1"},"canonical":"https:\/\/www.anatomicaclinic.com\/fr\/?page_id=8214","og_locale":"fr_FR","og_type":"article","og_title":"POLITIQUE EN MATI\u00c8RE DE COOKIES - Anatomica Clinique","og_description":"POLITIQUE EN MATI\u00c8RE DE COOKIES - Anatomica Clinique","og_url":"https:\/\/www.anatomicaclinic.com\/fr\/?page_id=8214","og_site_name":"Anatomica Clinique","article_publisher":"https:\/\/www.facebook.com\/anatomicadominican","article_modified_time":"2026-02-11T11:44:53+00:00","twitter_card":"summary_large_image","twitter_misc":{"Dur\u00e9e de lecture estim\u00e9e":"6 minutes"},"schema":{"@context":"https:\/\/schema.org","@graph":[{"@type":"WebPage","@id":"https:\/\/www.anatomicaclinic.com\/fr\/?page_id=8214","url":"https:\/\/www.anatomicaclinic.com\/fr\/?page_id=8214","name":"POLITIQUE EN MATI\u00c8RE DE COOKIES - Anatomica Clinique","isPartOf":{"@id":"https:\/\/www.anatomicaclinic.com\/#website"},"datePublished":"2022-07-05T17:02:59+00:00","dateModified":"2026-02-11T11:44:53+00:00","description":"POLITIQUE EN MATI\u00c8RE DE COOKIES - Anatomica Clinique","breadcrumb":{"@id":"https:\/\/www.anatomicaclinic.com\/fr\/?page_id=8214#breadcrumb"},"inLanguage":"fr-FR","potentialAction":[{"@type":"ReadAction","target":["https:\/\/www.anatomicaclinic.com\/fr\/?page_id=8214"]}]},{"@type":"BreadcrumbList","@id":"https:\/\/www.anatomicaclinic.com\/fr\/?page_id=8214#breadcrumb","itemListElement":[{"@type":"ListItem","position":1,"name":"Anasayfa","item":"https:\/\/www.anatomicaclinic.com\/fr\/?page_id=7928"},{"@type":"ListItem","position":2,"name":"POLITIQUE EN MATI\u00c8RE DE COOKIES"}]},{"@type":"WebSite","@id":"https:\/\/www.anatomicaclinic.com\/#website","url":"https:\/\/www.anatomicaclinic.com\/","name":"Anatomica Clinic","description":"Anatomica","publisher":{"@id":"https:\/\/www.anatomicaclinic.com\/#organization"},"alternateName":"Anatomica Clinic International","potentialAction":[{"@type":"SearchAction","target":{"@type":"EntryPoint","urlTemplate":"https:\/\/www.anatomicaclinic.com\/?s={search_term_string}"},"query-input":{"@type":"PropertyValueSpecification","valueRequired":true,"valueName":"search_term_string"}}],"inLanguage":"fr-FR"},{"@type":"Organization","@id":"https:\/\/www.anatomicaclinic.com\/#organization","name":"Anatomica Clinic Dominicana","url":"https:\/\/www.anatomicaclinic.com\/","logo":{"@type":"ImageObject","inLanguage":"fr-FR","@id":"https:\/\/www.anatomicaclinic.com\/#\/schema\/logo\/image\/","url":"https:\/\/www.anatomicaclinic.com\/wp-content\/uploads\/2023\/11\/8aa015e1-a0cd-4d48-b1d5-c9598cbdad99.jpg","contentUrl":"https:\/\/www.anatomicaclinic.com\/wp-content\/uploads\/2023\/11\/8aa015e1-a0cd-4d48-b1d5-c9598cbdad99.jpg","width":1600,"height":1600,"caption":"Anatomica Clinic Dominicana"},"image":{"@id":"https:\/\/www.anatomicaclinic.com\/#\/schema\/logo\/image\/"},"sameAs":["https:\/\/www.facebook.com\/anatomicadominican","https:\/\/instagram.com\/anatomicadominican"]}]}},"_links":{"self":[{"href":"https:\/\/www.anatomicaclinic.com\/fr\/wp-json\/wp\/v2\/pages\/8214","targetHints":{"allow":["GET"]}}],"collection":[{"href":"https:\/\/www.anatomicaclinic.com\/fr\/wp-json\/wp\/v2\/pages"}],"about":[{"href":"https:\/\/www.anatomicaclinic.com\/fr\/wp-json\/wp\/v2\/types\/page"}],"author":[{"embeddable":true,"href":"https:\/\/www.anatomicaclinic.com\/fr\/wp-json\/wp\/v2\/users\/10"}],"replies":[{"embeddable":true,"href":"https:\/\/www.anatomicaclinic.com\/fr\/wp-json\/wp\/v2\/comments?post=8214"}],"version-history":[{"count":1,"href":"https:\/\/www.anatomicaclinic.com\/fr\/wp-json\/wp\/v2\/pages\/8214\/revisions"}],"predecessor-version":[{"id":8605,"href":"https:\/\/www.anatomicaclinic.com\/fr\/wp-json\/wp\/v2\/pages\/8214\/revisions\/8605"}],"wp:attachment":[{"href":"https:\/\/www.anatomicaclinic.com\/fr\/wp-json\/wp\/v2\/media?parent=8214"}],"curies":[{"name":"wp","href":"https:\/\/api.w.org\/{rel}","templated":true}]}}