{"id":6218,"date":"2022-06-12T11:56:33","date_gmt":"2022-06-12T11:56:33","guid":{"rendered":"https:\/\/www.anatomicaclinic.com\/clinics\/"},"modified":"2026-02-11T11:45:05","modified_gmt":"2026-02-11T11:45:05","slug":"le-nostre-cliniche","status":"publish","type":"page","link":"https:\/\/www.anatomicaclinic.com\/it\/le-nostre-cliniche\/","title":{"rendered":"Le Nostre Cliniche"},"content":{"rendered":"<div class=\"wpb-content-wrapper\"><p>[vc_section el_id=&#8221;section-branches-page&#8221;][vc_row el_class=&#8221;container_1200&#8243;][vc_column][vc_custom_heading text=&#8221;Le Nostre Cliniche&#8221; use_theme_fonts=&#8221;yes&#8221; el_class=&#8221;section-branches-page-text-title&#8221;][vc_row_inner el_class=&#8221;section-branches-page-items&#8221;][vc_column_inner el_class=&#8221;section-branches-page-item&#8221; width=&#8221;1\/2&#8243;][vc_custom_heading text=&#8221;T\u00fcrkiye\/\u0130stanbul&#8221; use_theme_fonts=&#8221;yes&#8221; el_class=&#8221;section-branches-page-item-title&#8221;][vc_single_image image=&#8221;6960&#8243; img_size=&#8221;full&#8221; el_class=&#8221;section-branches-page-item-img&#8221;][vc_column_text css=&#8221;.vc_custom_1759235914211{margin-top: 10px !important;}&#8221; el_class=&#8221;section-branches-page-country-text turkey&#8221;]<strong>T\u00fcrkiye: <\/strong>Fondata nel 2000, Anatomica raggiunge ogni giorno un numero sempre maggiore di persone grazie ai suoi professionisti nei campi della salute e della bellezza. Con oltre 20 anni di esperienza e il suo team di esperti, la nostra clinica offre servizi di trapianto di capelli e specialit\u00e0 in otorinolaringoiatria (ORL). Fino a oggi, la nostra clinica ha assistito oltre 77.000 persone provenienti da tutto il mondo.<\/p> <p>&nbsp;<\/p> <p>In quanto Anatomica, con l&#8217;apertura del nostro secondo centro nella Repubblica Dominicana nel 2020, continuiamo a creare soluzioni su misura e ad accompagnare i nostri pazienti nel loro percorso verso la salute e la bellezza, rendendo le nostre esperienze accessibili a un numero maggiore di persone.[\/vc_column_text][\/vc_column_inner][vc_column_inner el_class=&#8221;section-branches-page-item&#8221; width=&#8221;1\/2&#8243;][vc_custom_heading text=&#8221;Dominik Cumhuriyeti\/La Romana&#8221; font_container=&#8221;tag:h2|text_align:right&#8221; use_theme_fonts=&#8221;yes&#8221; el_class=&#8221;section-branches-page-item-title&#8221;][vc_single_image image=&#8221;5721&#8243; img_size=&#8221;full&#8221; alignment=&#8221;right&#8221; el_class=&#8221;section-branches-page-item-img&#8221;][vc_column_text css=&#8221;.vc_custom_1759236070135{margin-top: 10px !important;}&#8221; el_class=&#8221;section-branches-page-country-text dominik&#8221;]<\/p> <p style=\"text-align: right;\"><strong>Dominik Cumhuriyeti: <\/strong>Con una superficie di 600 m2, la nostra clinica nella Repubblica Dominicana dispone di confortevoli stanze per i pazienti e delle ultime tecnologie per garantire che ogni paziente abbia accesso alle migliori pratiche. Il team professionale di Anatomica offre diverse soluzioni di ripristino dei capelli agli ospiti provenienti da tutto il mondo. Forniamo anche servizi dermatologici nella Repubblica Dominicana.<\/p> <p>&nbsp;<\/p> <p>La regione di La Romana, dove si trova la nostra clinica, \u00e8 anche una delle destinazioni turistiche pi\u00f9 ambite. La regione, che vanta magnifiche isole come Offshore, Saona, Catalina e Catalinita, offre anche possibilit\u00e0 di shopping, immersioni, sport di lusso e ristoranti gourmet. La clinica \u00e8 raggiungibile dall&#8217;aeroporto di Santo Domingo (SDQ), dall&#8217;aeroporto internazionale di La Romana (LRM), da Punta Cana (PUJ) e dal Porto Turistico di Casa de Campo (sul fiume Salao a La Romana).[\/vc_column_text][\/vc_column_inner][\/vc_row_inner][\/vc_column][\/vc_row][vc_row][vc_column][vc_custom_heading text=&#8221;Scatti Dalle Nostre Filiali&#8221; use_theme_fonts=&#8221;yes&#8221; css=&#8221;&#8221; el_class=&#8221;section-branches-page-item-photos-title&#8221;][vc_column_text]              <div class=\"swiper-container\"          data-slider='swiperSlider465'          data-general='{\"initialSlide\":0,\"direction\":\"horizontal\",\"speed\":300,\"autoHeight\":false,\"effect\":\"slide\",\"slidesPerView\":5,\"slidesPerColumn\":1,\"spaceBetween\":20}'          data-autoplay='{\"delay\":3000,\"stopOnLastSlide\":false,\"disableOnInteraction\":true,\"reverseDirection\":false,\"waitForTransition\":true}'          data-pagination='false'          data-navigation='false'          data-breakpoints='{\"320\":{\"slidesPerView\":1},\"480\":{\"slidesPerView\":2},\"640\":{\"slidesPerView\":3},\"768\":{\"slidesPerView\":3},\"980\":{\"slidesPerView\":3},\"1024\":{\"slidesPerView\":3}}'>          <div class=\"swiper-wrapper\">                                                  <div class=\"swiper-slide\">                          <img decoding=\"async\" class=\"image-preview\" src=\"https:\/\/www.anatomicaclinic.com\/wp-content\/uploads\/2026\/02\/klinik_foto1.jpeg\">                      <\/div>                                      <div class=\"swiper-slide\">                          <img decoding=\"async\" class=\"image-preview\" src=\"https:\/\/www.anatomicaclinic.com\/wp-content\/uploads\/2026\/02\/klinik_foto2.jpeg\">                      <\/div>                                      <div class=\"swiper-slide\">                          <img decoding=\"async\" class=\"image-preview\" src=\"https:\/\/www.anatomicaclinic.com\/wp-content\/uploads\/2026\/02\/klinik_foto3.jpeg\">                      <\/div>                                      <div class=\"swiper-slide\">                          <img decoding=\"async\" class=\"image-preview\" src=\"https:\/\/www.anatomicaclinic.com\/wp-content\/uploads\/2026\/02\/klinik_foto4.jpeg\">                      <\/div>                                      <div class=\"swiper-slide\">                          <img decoding=\"async\" class=\"image-preview\" src=\"https:\/\/www.anatomicaclinic.com\/wp-content\/uploads\/2026\/02\/klinik_foto5.jpeg\">                      <\/div>                                      <\/div>                                      <\/div>                 [\/vc_column_text][\/vc_column][\/vc_row][\/vc_section][vc_section el_id=&#8221;section-homepage-footer-contact-form&#8221;][vc_row el_class=&#8221;container_1200&#8243;][vc_column][vc_row_inner][vc_column_inner el_class=&#8221;section-branches-page-location-items&#8221; width=&#8221;1\/2&#8243;][vc_custom_heading text=&#8221;Anatomica<br \/> <i>Istanbul, T\u00fcrkiye<\/i>&#8221; font_container=&#8221;tag:div|text_align:left&#8221; use_theme_fonts=&#8221;yes&#8221; link=&#8221;url:%230|&#8221; el_class=&#8221;section-branches-page-location-item selected item-1&#8243;][vc_custom_heading text=&#8221;Anatomica<br \/> <i>Rep\u00fablica Dominicana\/La Romana<\/i>&#8221; font_container=&#8221;tag:div|text_align:left&#8221; use_theme_fonts=&#8221;yes&#8221; link=&#8221;url:%230|&#8221; el_class=&#8221;section-branches-page-location-item item-2&#8243;][\/vc_column_inner][vc_column_inner width=&#8221;1\/2&#8243;][vc_gmaps link=&#8221;#E-8_JTNDaWZyYW1lJTIwc3JjJTNEJTIyaHR0cHMlM0ElMkYlMkZ3d3cuZ29vZ2xlLmNvbSUyRm1hcHMlMkZlbWJlZCUzRnBiJTNEJTIxMW0xNCUyMTFtOCUyMTFtMyUyMTFkMTUwNC4xMjAzNzIwMjgyNTglMjEyZDI5LjAwMDkxNjIlMjEzZDQxLjA2MzczJTIxM20yJTIxMWkxMDI0JTIxMmk3NjglMjE0ZjEzLjElMjEzbTMlMjExbTIlMjExczB4MTRjYWI3ZmI3ZTEyYWQzNSUyNTNBMHhhNjE5Nzk4Y2NmNjViMDkxJTIxMnMlMjVDMyUyNTk2emVsJTI1MjBBbmF0b21pY2ElMjUyMFQlMjVDNCUyNUIxcCUyNTIwTWVya2V6aSUyNTIwJTI4QW5hdG9taWElMjUyMFNhJTI1QzQlMjU5RmwlMjVDNCUyNUIxayUyNTIwSGl6bWV0bGVyaSUyOSUyMTVlMCUyMTNtMiUyMTFzdHIlMjEyc3RyJTIxNHYxNjU3MDQxODgzNDU1JTIxNW0yJTIxMXN0ciUyMTJzdHIlMjIlMjB3aWR0aCUzRCUyMjEwMCUyNSUyMiUyMGhlaWdodCUzRCUyMjQ3MCUyMiUyMHN0eWxlJTNEJTIyYm9yZGVyJTNBMCUzQiUyMiUyMGFsbG93ZnVsbHNjcmVlbiUzRCUyMiUyMiUyMGxvYWRpbmclM0QlMjJsYXp5JTIyJTIwcmVmZXJyZXJwb2xpY3klM0QlMjJuby1yZWZlcnJlci13aGVuLWRvd25ncmFkZSUyMiUzRSUzQyUyRmlmcmFtZSUzRQ==&#8221; css=&#8221;.vc_custom_1659537578612{margin-top: 0px !important;margin-right: 0px !important;margin-bottom: 0px !important;margin-left: 0px !important;padding-top: 0px !important;padding-right: 0px !important;padding-bottom: 0px !important;padding-left: 0px !important;}&#8221; el_class=&#8221;map-item item-1&#8243;][vc_gmaps link=&#8221;#E-8_JTNDaWZyYW1lJTIwc3JjJTNEJTIyaHR0cHMlM0ElMkYlMkZ3d3cuZ29vZ2xlLmNvbSUyRm1hcHMlMkZlbWJlZCUzRnBiJTNEJTIxMW0xNCUyMTFtOCUyMTFtMyUyMTFkMTUxMzkuODk0Mjk5MzM4NTY2JTIxMmQtNjguODYzMTMzNCUyMTNkMTguNDM5NTA4OSUyMTNtMiUyMTFpMTAyNCUyMTJpNzY4JTIxNGYxMy4xJTIxM20zJTIxMW0yJTIxMXMweDhlYThhZDI2NWEwZTQ0NDMlMjUzQTB4NDBhNTU1MjYzZjY3MGI5MCUyMTJzQW5hdG9taWNhJTI1MjBEb21pbmljYW4lMjUyMFJlcHVibGljJTIxNWUwJTIxM20yJTIxMXN0ciUyMTJzdHIlMjE0djE2NTcwNDE5OTI3NzAlMjE1bTIlMjExc3RyJTIxMnN0ciUyMiUyMHdpZHRoJTNEJTIyMTAwJTI1JTIyJTIwaGVpZ2h0JTNEJTIyNDcwJTIyJTIwc3R5bGUlM0QlMjJib3JkZXIlM0EwJTNCJTIyJTIwYWxsb3dmdWxsc2NyZWVuJTNEJTIyJTIyJTIwbG9hZGluZyUzRCUyMmxhenklMjIlMjByZWZlcnJlcnBvbGljeSUzRCUyMm5vLXJlZmVycmVyLXdoZW4tZG93bmdyYWRlJTIyJTNFJTNDJTJGaWZyYW1lJTNF&#8221; css=&#8221;.vc_custom_1659537587136{margin-top: 0px !important;margin-right: 0px !important;margin-bottom: 0px !important;margin-left: 0px !important;padding-top: 0px !important;padding-right: 0px !important;padding-bottom: 0px !important;padding-left: 0px !important;}&#8221; el_class=&#8221;map-item item-2 hide&#8221;][\/vc_column_inner][\/vc_row_inner][vc_row_inner css=&#8221;.vc_custom_1655039867807{margin-top: 100px !important;}&#8221;][vc_column_inner el_class=&#8221;section-homepage-footer-contact-form-information-layout&#8221; width=&#8221;1\/2&#8243;][vc_custom_heading text=&#8221;Informazioni di contatto&#8221; use_theme_fonts=&#8221;yes&#8221; css=&#8221;&#8221; el_class=&#8221;section-homepage-footer-contact-form-information-title&#8221;][vc_column_text css=&#8221;&#8221; el_class=&#8221;section-homepage-footer-contact-form-information-list&#8221;]<\/p> <ul> <li><a href=\"tel:+905383945632\">+90 538 394 56 32<\/a><\/li> <li>info@anatomicaclinic.com<\/li> <li> <div class=\"text\">Fulya Mah. B\u00fcy\u00fckdere Cad. No:74\/A Torun Center &#8211; Garden Office No:66 &#8211; \u015ei\u015fli\/\u0130STANBUL<\/div> <\/li> <li> <div class=\"text\">Faks<strong>:<\/strong>\u00a0+90 (212) 211 45 22<\/div> <\/li> <\/ul> <p>[\/vc_column_text][vc_column_text el_class=&#8221;section-homepage-footer-contact-form-information-social-list&#8221;]<\/p> <ul> <li><a href=\"https:\/\/www.facebook.com\/anatomicasaglik\"><img decoding=\"async\" class=\"alignnone size-full wp-image-143\" src=\"https:\/\/www.anatomicaclinic.com\/wp-content\/uploads\/2022\/05\/facebook.png\" alt=\"\" \/><\/a><\/li> <li><a href=\"https:\/\/twitter.com\/AnatomicaTR\"><img decoding=\"async\" class=\"alignnone size-full wp-image-144\" src=\"https:\/\/www.anatomicaclinic.com\/wp-content\/uploads\/2022\/05\/twitter.png\" alt=\"\" \/><\/a><\/li> <li><a href=\"https:\/\/www.instagram.com\/anatomicaklinik\/\"><img decoding=\"async\" class=\"alignnone size-full wp-image-145\" src=\"https:\/\/www.anatomicaclinic.com\/wp-content\/uploads\/2022\/05\/instagram.png\" alt=\"\" \/><\/a><\/li> <li><a href=\"https:\/\/www.youtube.com\/c\/AnatomicaTrSaglikGrubu\"><img decoding=\"async\" class=\"alignnone size-full wp-image-146\" src=\"https:\/\/www.anatomicaclinic.com\/wp-content\/uploads\/2022\/05\/youtube.png\" alt=\"\" \/><\/a><\/li> <\/ul> <p>[\/vc_column_text][\/vc_column_inner][vc_column_inner width=&#8221;1\/2&#8243;] <div class=\"wpcf7 no-js\" id=\"wpcf7-f6800-o1\" lang=\"it-IT\" dir=\"ltr\" data-wpcf7-id=\"6800\"> <div class=\"screen-reader-response\"><p role=\"status\" aria-live=\"polite\" aria-atomic=\"true\"><\/p> <ul><\/ul><\/div> <form action=\"\/it\/wp-json\/wp\/v2\/pages\/6218#wpcf7-f6800-o1\" method=\"post\" class=\"wpcf7-form init cf7mls-no-scroll cf7mls-auto-return-first-step cf7mls-no-moving-animation\" aria-label=\"Modulo di contatto\" novalidate=\"novalidate\" data-status=\"init\"> <fieldset class=\"hidden-fields-container\"><input type=\"hidden\" name=\"_wpcf7\" value=\"6800\" \/><input type=\"hidden\" name=\"_wpcf7_version\" value=\"6.1.5\" \/><input type=\"hidden\" name=\"_wpcf7_locale\" value=\"it_IT\" \/><input type=\"hidden\" name=\"_wpcf7_unit_tag\" value=\"wpcf7-f6800-o1\" \/><input type=\"hidden\" name=\"_wpcf7_container_post\" value=\"0\" \/><input type=\"hidden\" name=\"_wpcf7_posted_data_hash\" value=\"\" \/><input type=\"hidden\" name=\"_wpcf7_recaptcha_response\" value=\"\" \/> <\/fieldset> <div id=\"homepage-footer-contact-form-layout\"> \t<h2 class=\"section-homepage-footer-contact-form-title mobile\" style=\"line-height: 48px\">Compila il form e ti chiameremo \t<\/h2> \t<div class=\"row group gutters\"> \t\t<div class=\"col span_6\"> \t\t\t<p><label><span class=\"wpcf7-form-control-wrap\" data-name=\"your-name\"><input size=\"40\" maxlength=\"400\" class=\"wpcf7-form-control wpcf7-text wpcf7-validates-as-required\" aria-required=\"true\" aria-invalid=\"false\" placeholder=\"Nome Cognome\" value=\"\" type=\"text\" name=\"your-name\" \/><\/span><\/label> \t\t\t<\/p> \t\t<\/div> \t\t<div class=\"col span_6\"> \t\t\t<p><label><span class=\"wpcf7-form-control-wrap\" data-name=\"your-phone\"><input size=\"40\" maxlength=\"400\" class=\"wpcf7-form-control wpcf7-text wpcf7-validates-as-required\" aria-required=\"true\" aria-invalid=\"false\" placeholder=\"Numero di telefono\" value=\"\" type=\"text\" name=\"your-phone\" \/><\/span><\/label> \t\t\t<\/p> \t\t<\/div> \t<\/div> \t<div class=\"row group gutters\"> \t\t<div class=\"col span_12\"> \t\t\t<p><label><span class=\"wpcf7-form-control-wrap\" data-name=\"your-email\"><input size=\"40\" maxlength=\"400\" class=\"wpcf7-form-control wpcf7-email wpcf7-validates-as-required wpcf7-text wpcf7-validates-as-email\" aria-required=\"true\" aria-invalid=\"false\" placeholder=\"E-Mail\" value=\"\" type=\"email\" name=\"your-email\" \/><\/span><\/label> \t\t\t<\/p> \t\t<\/div> \t<\/div> \t<div class=\"row group gutters\"> \t\t<div class=\"col span_12\"> \t\t\t<p><label><span class=\"wpcf7-form-control-wrap\" data-name=\"your-message\"><textarea cols=\"40\" rows=\"10\" maxlength=\"2000\" class=\"wpcf7-form-control wpcf7-textarea wpcf7-validates-as-required\" aria-required=\"true\" aria-invalid=\"false\" name=\"your-message\">Messaggio<\/textarea><\/span><\/label> \t\t\t<\/p> \t\t\t<p><span class=\"wpcf7-form-control-wrap\" data-name=\"your-kvkk\"><span class=\"wpcf7-form-control wpcf7-acceptance\"><span class=\"wpcf7-list-item\"><label><input type=\"checkbox\" name=\"your-kvkk\" value=\"1\" class=\"required\" aria-invalid=\"false\" \/><span class=\"wpcf7-list-item-label\">In conformit\u00e0 con il GDPR, confermo di aver letto e compreso l'Informativa sulla privacy del GDPR di Anatomica e delle societ\u00e0 del gruppo.<\/span><\/label><\/span><\/span><\/span> \t\t\t<\/p> \t\t\t<p><span class=\"wpcf7-form-control-wrap\" data-name=\"your-kvkk2\"><span class=\"wpcf7-form-control wpcf7-acceptance\"><span class=\"wpcf7-list-item\"><label><input type=\"checkbox\" name=\"your-kvkk2\" value=\"1\" class=\"required\" aria-invalid=\"false\" \/><span class=\"wpcf7-list-item-label\">Accetto e autorizzo il trattamento dei miei dati da parte di Anatomica, con le finalit\u00e0 indicate nella Privacy Policy per l'invio, con qualsiasi mezzo, anche elettronico (WhatsApp, SMS, messaggistica diretta, email) , bollettini (newsletter) che informano su prodotti o servizi di Anatomica e comunicazioni di cortesia.<\/span><\/label><\/span><\/span><\/span> \t\t\t<\/p> \t\t\t<p><input class=\"wpcf7-form-control wpcf7-submit has-spinner\" type=\"submit\" value=\"Inviare\" \/> \t\t\t<\/p> \t\t<\/div> \t<\/div> <input class=\"wpcf7-form-control wpcf7-hidden\" value=\"\" type=\"hidden\" name=\"utm_campaign\" \/> <input class=\"wpcf7-form-control wpcf7-hidden\" value=\"\" type=\"hidden\" name=\"utm_source\" \/> <input class=\"wpcf7-form-control wpcf7-hidden\" value=\"\" type=\"hidden\" name=\"utm_medium\" \/> <input class=\"wpcf7-form-control wpcf7-hidden\" value=\"\" type=\"hidden\" name=\"utm_term\" \/> <input class=\"wpcf7-form-control wpcf7-hidden\" value=\"\" type=\"hidden\" name=\"utm_content\" \/> <input class=\"wpcf7-form-control wpcf7-hidden\" value=\"\" type=\"hidden\" name=\"gclid\" \/> <input class=\"wpcf7-form-control wpcf7-hidden\" value=\"Unknown\" type=\"hidden\" name=\"your-country\" \/> <\/div><div class=\"wpcf7-response-output\" aria-hidden=\"true\"><\/div> <\/form> <\/div> [\/vc_column_inner][\/vc_row_inner][\/vc_column][\/vc_row][\/vc_section]<\/p> <\/div>","protected":false},"excerpt":{"rendered":"[vc_section el_id=&#8221;section-branches-page&#8221;][vc_row el_class=&#8221;container_1200&#8243;][vc_column][vc_custom_heading text=&#8221;Le Nostre Cliniche&#8221; use_theme_fonts=&#8221;yes&#8221; el_class=&#8221;section-branches-page-text-title&#8221;][vc_row_inner el_class=&#8221;section-branches-page-items&#8221;][vc_column_inner el_class=&#8221;section-branches-page-item&#8221; width=&#8221;1\/2&#8243;][vc_custom_heading text=&#8221;T\u00fcrkiye\/\u0130stanbul&#8221; use_theme_fonts=&#8221;yes&#8221; el_class=&#8221;section-branches-page-item-title&#8221;][vc_single_image image=&#8221;6960&#8243; img_size=&#8221;full&#8221; el_class=&#8221;section-branches-page-item-img&#8221;][vc_column_text css=&#8221;.vc_custom_1759235914211{margin-top: 10px !important;}&#8221; el_class=&#8221;section-branches-page-country-text turkey&#8221;]T\u00fcrkiye: Fondata nel 2000, Anatomica raggiunge ogni giorno un numero sempre maggiore di persone grazie ai suoi professionisti nei campi della salute e della bellezza. Con oltre 20 anni di esperienza e il suo&#8230; <a class=\"view-article\" href=\"https:\/\/www.anatomicaclinic.com\/it\/swiper_js_slides\/subelerimizden-kareler\/\">Mostra articolo<\/a>","protected":false},"author":1,"featured_media":0,"parent":0,"menu_order":0,"comment_status":"closed","ping_status":"closed","template":"","meta":{"footnotes":""},"class_list":["post-6218","page","type-page","status-publish","hentry"],"yoast_head":"<!-- This site is optimized with the Yoast SEO plugin v27.0 - https:\/\/yoast.com\/product\/yoast-seo-wordpress\/ -->\n<title>Le Nostre Cliniche - Anatomica Cliniche<\/title>\n<meta name=\"description\" content=\"Le Nostre Cliniche - Anatomica Cliniche\" \/>\n<meta name=\"robots\" content=\"index, follow, max-snippet:-1, max-image-preview:large, max-video-preview:-1\" \/>\n<link rel=\"canonical\" href=\"https:\/\/www.anatomicaclinic.com\/it\/?page_id=6218\" \/>\n<meta property=\"og:locale\" content=\"it_IT\" \/>\n<meta property=\"og:type\" content=\"article\" \/>\n<meta property=\"og:title\" content=\"Le Nostre Cliniche - Anatomica Cliniche\" \/>\n<meta property=\"og:description\" content=\"Le Nostre Cliniche - Anatomica Cliniche\" \/>\n<meta property=\"og:url\" content=\"https:\/\/www.anatomicaclinic.com\/it\/?page_id=6218\" \/>\n<meta property=\"og:site_name\" content=\"Anatomica Cliniche\" \/>\n<meta property=\"article:publisher\" content=\"https:\/\/www.facebook.com\/anatomicadominican\" \/>\n<meta property=\"article:modified_time\" content=\"2026-02-11T11:45:05+00:00\" \/>\n<meta property=\"og:image\" content=\"https:\/\/www.anatomicaclinic.com\/wp-content\/uploads\/2022\/05\/facebook.png\" \/>\n<meta name=\"twitter:card\" content=\"summary_large_image\" \/>\n<meta name=\"twitter:label1\" content=\"Tempo di lettura stimato\" \/>\n\t<meta name=\"twitter:data1\" content=\"2 minuti\" \/>\n<script type=\"application\/ld+json\" class=\"yoast-schema-graph\">{\"@context\":\"https:\/\/schema.org\",\"@graph\":[{\"@type\":\"WebPage\",\"@id\":\"https:\/\/www.anatomicaclinic.com\/it\/?page_id=6218\",\"url\":\"https:\/\/www.anatomicaclinic.com\/it\/?page_id=6218\",\"name\":\"Le Nostre Cliniche - Anatomica Cliniche\",\"isPartOf\":{\"@id\":\"https:\/\/www.anatomicaclinic.com\/#website\"},\"primaryImageOfPage\":{\"@id\":\"https:\/\/www.anatomicaclinic.com\/it\/?page_id=6218#primaryimage\"},\"image\":{\"@id\":\"https:\/\/www.anatomicaclinic.com\/it\/?page_id=6218#primaryimage\"},\"thumbnailUrl\":\"https:\/\/www.anatomicaclinic.com\/wp-content\/uploads\/2022\/05\/facebook.png\",\"datePublished\":\"2022-06-12T11:56:33+00:00\",\"dateModified\":\"2026-02-11T11:45:05+00:00\",\"description\":\"Le Nostre Cliniche - Anatomica Cliniche\",\"breadcrumb\":{\"@id\":\"https:\/\/www.anatomicaclinic.com\/it\/?page_id=6218#breadcrumb\"},\"inLanguage\":\"it-IT\",\"potentialAction\":[{\"@type\":\"ReadAction\",\"target\":[\"https:\/\/www.anatomicaclinic.com\/it\/?page_id=6218\"]}]},{\"@type\":\"ImageObject\",\"inLanguage\":\"it-IT\",\"@id\":\"https:\/\/www.anatomicaclinic.com\/it\/?page_id=6218#primaryimage\",\"url\":\"https:\/\/www.anatomicaclinic.com\/wp-content\/uploads\/2022\/05\/facebook.png\",\"contentUrl\":\"https:\/\/www.anatomicaclinic.com\/wp-content\/uploads\/2022\/05\/facebook.png\"},{\"@type\":\"BreadcrumbList\",\"@id\":\"https:\/\/www.anatomicaclinic.com\/it\/?page_id=6218#breadcrumb\",\"itemListElement\":[{\"@type\":\"ListItem\",\"position\":1,\"name\":\"Anasayfa\",\"item\":\"https:\/\/www.anatomicaclinic.com\/it\/\"},{\"@type\":\"ListItem\",\"position\":2,\"name\":\"Le Nostre Cliniche\"}]},{\"@type\":\"WebSite\",\"@id\":\"https:\/\/www.anatomicaclinic.com\/#website\",\"url\":\"https:\/\/www.anatomicaclinic.com\/\",\"name\":\"Anatomica Clinic\",\"description\":\"Anatomica\",\"publisher\":{\"@id\":\"https:\/\/www.anatomicaclinic.com\/#organization\"},\"alternateName\":\"Anatomica Clinic International\",\"potentialAction\":[{\"@type\":\"SearchAction\",\"target\":{\"@type\":\"EntryPoint\",\"urlTemplate\":\"https:\/\/www.anatomicaclinic.com\/?s={search_term_string}\"},\"query-input\":{\"@type\":\"PropertyValueSpecification\",\"valueRequired\":true,\"valueName\":\"search_term_string\"}}],\"inLanguage\":\"it-IT\"},{\"@type\":\"Organization\",\"@id\":\"https:\/\/www.anatomicaclinic.com\/#organization\",\"name\":\"Anatomica Clinic Dominicana\",\"url\":\"https:\/\/www.anatomicaclinic.com\/\",\"logo\":{\"@type\":\"ImageObject\",\"inLanguage\":\"it-IT\",\"@id\":\"https:\/\/www.anatomicaclinic.com\/#\/schema\/logo\/image\/\",\"url\":\"https:\/\/www.anatomicaclinic.com\/wp-content\/uploads\/2023\/11\/8aa015e1-a0cd-4d48-b1d5-c9598cbdad99.jpg\",\"contentUrl\":\"https:\/\/www.anatomicaclinic.com\/wp-content\/uploads\/2023\/11\/8aa015e1-a0cd-4d48-b1d5-c9598cbdad99.jpg\",\"width\":1600,\"height\":1600,\"caption\":\"Anatomica Clinic Dominicana\"},\"image\":{\"@id\":\"https:\/\/www.anatomicaclinic.com\/#\/schema\/logo\/image\/\"},\"sameAs\":[\"https:\/\/www.facebook.com\/anatomicadominican\",\"https:\/\/instagram.com\/anatomicadominican\"]}]}<\/script>\n<!-- \/ Yoast SEO plugin. -->","yoast_head_json":{"title":"Le Nostre Cliniche - Anatomica Cliniche","description":"Le Nostre Cliniche - Anatomica Cliniche","robots":{"index":"index","follow":"follow","max-snippet":"max-snippet:-1","max-image-preview":"max-image-preview:large","max-video-preview":"max-video-preview:-1"},"canonical":"https:\/\/www.anatomicaclinic.com\/it\/?page_id=6218","og_locale":"it_IT","og_type":"article","og_title":"Le Nostre Cliniche - Anatomica Cliniche","og_description":"Le Nostre Cliniche - Anatomica Cliniche","og_url":"https:\/\/www.anatomicaclinic.com\/it\/?page_id=6218","og_site_name":"Anatomica Cliniche","article_publisher":"https:\/\/www.facebook.com\/anatomicadominican","article_modified_time":"2026-02-11T11:45:05+00:00","og_image":[{"url":"https:\/\/www.anatomicaclinic.com\/wp-content\/uploads\/2022\/05\/facebook.png","type":"","width":"","height":""}],"twitter_card":"summary_large_image","twitter_misc":{"Tempo di lettura stimato":"2 minuti"},"schema":{"@context":"https:\/\/schema.org","@graph":[{"@type":"WebPage","@id":"https:\/\/www.anatomicaclinic.com\/it\/?page_id=6218","url":"https:\/\/www.anatomicaclinic.com\/it\/?page_id=6218","name":"Le Nostre Cliniche - Anatomica Cliniche","isPartOf":{"@id":"https:\/\/www.anatomicaclinic.com\/#website"},"primaryImageOfPage":{"@id":"https:\/\/www.anatomicaclinic.com\/it\/?page_id=6218#primaryimage"},"image":{"@id":"https:\/\/www.anatomicaclinic.com\/it\/?page_id=6218#primaryimage"},"thumbnailUrl":"https:\/\/www.anatomicaclinic.com\/wp-content\/uploads\/2022\/05\/facebook.png","datePublished":"2022-06-12T11:56:33+00:00","dateModified":"2026-02-11T11:45:05+00:00","description":"Le Nostre Cliniche - Anatomica Cliniche","breadcrumb":{"@id":"https:\/\/www.anatomicaclinic.com\/it\/?page_id=6218#breadcrumb"},"inLanguage":"it-IT","potentialAction":[{"@type":"ReadAction","target":["https:\/\/www.anatomicaclinic.com\/it\/?page_id=6218"]}]},{"@type":"ImageObject","inLanguage":"it-IT","@id":"https:\/\/www.anatomicaclinic.com\/it\/?page_id=6218#primaryimage","url":"https:\/\/www.anatomicaclinic.com\/wp-content\/uploads\/2022\/05\/facebook.png","contentUrl":"https:\/\/www.anatomicaclinic.com\/wp-content\/uploads\/2022\/05\/facebook.png"},{"@type":"BreadcrumbList","@id":"https:\/\/www.anatomicaclinic.com\/it\/?page_id=6218#breadcrumb","itemListElement":[{"@type":"ListItem","position":1,"name":"Anasayfa","item":"https:\/\/www.anatomicaclinic.com\/it\/"},{"@type":"ListItem","position":2,"name":"Le Nostre Cliniche"}]},{"@type":"WebSite","@id":"https:\/\/www.anatomicaclinic.com\/#website","url":"https:\/\/www.anatomicaclinic.com\/","name":"Anatomica Clinic","description":"Anatomica","publisher":{"@id":"https:\/\/www.anatomicaclinic.com\/#organization"},"alternateName":"Anatomica Clinic International","potentialAction":[{"@type":"SearchAction","target":{"@type":"EntryPoint","urlTemplate":"https:\/\/www.anatomicaclinic.com\/?s={search_term_string}"},"query-input":{"@type":"PropertyValueSpecification","valueRequired":true,"valueName":"search_term_string"}}],"inLanguage":"it-IT"},{"@type":"Organization","@id":"https:\/\/www.anatomicaclinic.com\/#organization","name":"Anatomica Clinic Dominicana","url":"https:\/\/www.anatomicaclinic.com\/","logo":{"@type":"ImageObject","inLanguage":"it-IT","@id":"https:\/\/www.anatomicaclinic.com\/#\/schema\/logo\/image\/","url":"https:\/\/www.anatomicaclinic.com\/wp-content\/uploads\/2023\/11\/8aa015e1-a0cd-4d48-b1d5-c9598cbdad99.jpg","contentUrl":"https:\/\/www.anatomicaclinic.com\/wp-content\/uploads\/2023\/11\/8aa015e1-a0cd-4d48-b1d5-c9598cbdad99.jpg","width":1600,"height":1600,"caption":"Anatomica Clinic Dominicana"},"image":{"@id":"https:\/\/www.anatomicaclinic.com\/#\/schema\/logo\/image\/"},"sameAs":["https:\/\/www.facebook.com\/anatomicadominican","https:\/\/instagram.com\/anatomicadominican"]}]}},"_links":{"self":[{"href":"https:\/\/www.anatomicaclinic.com\/it\/wp-json\/wp\/v2\/pages\/6218","targetHints":{"allow":["GET"]}}],"collection":[{"href":"https:\/\/www.anatomicaclinic.com\/it\/wp-json\/wp\/v2\/pages"}],"about":[{"href":"https:\/\/www.anatomicaclinic.com\/it\/wp-json\/wp\/v2\/types\/page"}],"author":[{"embeddable":true,"href":"https:\/\/www.anatomicaclinic.com\/it\/wp-json\/wp\/v2\/users\/1"}],"replies":[{"embeddable":true,"href":"https:\/\/www.anatomicaclinic.com\/it\/wp-json\/wp\/v2\/comments?post=6218"}],"version-history":[{"count":1,"href":"https:\/\/www.anatomicaclinic.com\/it\/wp-json\/wp\/v2\/pages\/6218\/revisions"}],"predecessor-version":[{"id":8501,"href":"https:\/\/www.anatomicaclinic.com\/it\/wp-json\/wp\/v2\/pages\/6218\/revisions\/8501"}],"wp:attachment":[{"href":"https:\/\/www.anatomicaclinic.com\/it\/wp-json\/wp\/v2\/media?parent=6218"}],"curies":[{"name":"wp","href":"https:\/\/api.w.org\/{rel}","templated":true}]}}