{"id":6226,"date":"2022-06-19T19:02:04","date_gmt":"2022-06-19T19:02:04","guid":{"rendered":"https:\/\/www.anatomicaclinic.com\/dental-treatments\/dental-bridges\/"},"modified":"2026-02-11T11:45:05","modified_gmt":"2026-02-11T11:45:05","slug":"ponti-dentali","status":"publish","type":"page","link":"https:\/\/www.anatomicaclinic.com\/it\/trattamenti-odontoiatrici\/ponti-dentali\/","title":{"rendered":"Ponti Dentali"},"content":{"rendered":"<div class=\"wpb-content-wrapper\"><p>[vc_section][vc_row el_class=&#8221;container_1200&#8243;][vc_column][vc_row_inner][vc_column_inner][vc_custom_heading text=&#8221;Ponti Dentali&#8221; font_container=&#8221;tag:h2|font_size:48|text_align:center&#8221; use_theme_fonts=&#8221;yes&#8221; el_class=&#8221;single-page-h2&#8243;][\/vc_column_inner][\/vc_row_inner][vc_row_inner][vc_column_inner][vc_column_text]I ponti dentali vengono utilizzati per sostituire uno o pi\u00f9 denti mancanti in bocca. I ponti dentali vengono fissati sull&#8217;impianto posizionato accanto ai denti mancanti incollandoli sui denti pilastro.[\/vc_column_text][\/vc_column_inner][\/vc_row_inner][vc_row_inner][vc_column_inner width=&#8221;1\/3&#8243;][vc_single_image image=&#8221;6830&#8243; img_size=&#8221;full&#8221;][\/vc_column_inner][vc_column_inner width=&#8221;2\/3&#8243;][vc_column_text]<strong>L&#8217;importanza di sostituire i denti mancanti<\/strong><\/p> <p>La sostituzione dei denti mancanti, oltre al vantaggio estetico, ripristiner\u00e0 la tua capacit\u00e0 di masticare e parlare correttamente. Inoltre, il divario causato dai denti mancanti pu\u00f2 consentire ai denti circostanti di spostarsi in quello spazio.<\/p> <p>Questo spostamento pu\u00f2 causare problemi di morso che possono causare problemi all&#8217;articolazione della mascella. Questi denti spostati sono anche pi\u00f9 difficili da pulire, rendendoli pi\u00f9 sensibili a malattie gengivali, carie e persino ulteriore perdita dei denti.[\/vc_column_text][\/vc_column_inner][\/vc_row_inner][vc_row_inner][vc_column_inner width=&#8221;2\/3&#8243;][vc_column_text]<strong>Trattamento ponte dentale<\/strong><\/p> <p>Normalmente occorrono due o pi\u00f9 visite al dentista per completare il ponte. Alla prima visita, vengono preparati i denti di sostegno, tipicamente su entrambi i lati del dente mancante. Questo viene fatto per fare spazio alle corone che si mettono sui denti di sostegno. Queste corone servono anche come fermi per sostituire il dente mancante.<\/p> <p>Viene quindi presa un&#8217;impronta dei denti di supporto in modo che un laboratorio odontotecnico possa adattare il ponte su misura. Infine, viene posizionato un ponte dentale provvisorio per proteggere i denti di supporto e lo spazio tra loro.<\/p> <p>Alla seconda visita, il ponte permanente viene posizionato e regolato per garantire che si adatti e funzioni correttamente. Se l&#8217;adattamento del ponte \u00e8 soddisfacente, il dentista continuer\u00e0 a posizionare il ponte in modo permanente.[\/vc_column_text][\/vc_column_inner][vc_column_inner width=&#8221;1\/3&#8243;][vc_single_image image=&#8221;5807&#8243; img_size=&#8221;full&#8221;][\/vc_column_inner][\/vc_row_inner][\/vc_column][\/vc_row][\/vc_section]<\/p> <\/div>","protected":false},"excerpt":{"rendered":"[vc_section][vc_row el_class=&#8221;container_1200&#8243;][vc_column][vc_row_inner][vc_column_inner][vc_custom_heading text=&#8221;Ponti Dentali&#8221; font_container=&#8221;tag:h2|font_size:48|text_align:center&#8221; use_theme_fonts=&#8221;yes&#8221; el_class=&#8221;single-page-h2&#8243;][\/vc_column_inner][\/vc_row_inner][vc_row_inner][vc_column_inner][vc_column_text]I ponti dentali vengono utilizzati per sostituire uno o pi\u00f9 denti mancanti in bocca. I ponti dentali vengono fissati sull&#8217;impianto posizionato accanto ai denti mancanti incollandoli sui denti pilastro.[\/vc_column_text][\/vc_column_inner][\/vc_row_inner][vc_row_inner][vc_column_inner width=&#8221;1\/3&#8243;][vc_single_image image=&#8221;6830&#8243; img_size=&#8221;full&#8221;][\/vc_column_inner][vc_column_inner width=&#8221;2\/3&#8243;][vc_column_text]L&#8217;importanza di sostituire i denti mancanti La sostituzione dei denti mancanti, oltre al vantaggio estetico, ripristiner\u00e0 la&#8230; <a class=\"view-article\" href=\"https:\/\/www.anatomicaclinic.com\/it\/trattamenti-odontoiatrici\/ponti-dentali\/\">Mostra articolo<\/a>","protected":false},"author":10,"featured_media":0,"parent":6222,"menu_order":0,"comment_status":"closed","ping_status":"closed","template":"","meta":{"footnotes":""},"class_list":["post-6226","page","type-page","status-publish","hentry"],"yoast_head":"<!-- This site is optimized with the Yoast SEO plugin v27.0 - https:\/\/yoast.com\/product\/yoast-seo-wordpress\/ -->\n<title>Ponti Dentali - Anatomica Cliniche<\/title>\n<meta name=\"description\" content=\"Ponti Dentali - Anatomica Cliniche\" \/>\n<meta name=\"robots\" content=\"index, follow, max-snippet:-1, max-image-preview:large, max-video-preview:-1\" \/>\n<link rel=\"canonical\" href=\"https:\/\/www.anatomicaclinic.com\/it\/?page_id=6226\" \/>\n<meta property=\"og:locale\" content=\"it_IT\" \/>\n<meta property=\"og:type\" content=\"article\" \/>\n<meta property=\"og:title\" content=\"Ponti Dentali - Anatomica Cliniche\" \/>\n<meta property=\"og:description\" content=\"Ponti Dentali - Anatomica Cliniche\" \/>\n<meta property=\"og:url\" content=\"https:\/\/www.anatomicaclinic.com\/it\/?page_id=6226\" \/>\n<meta property=\"og:site_name\" content=\"Anatomica Cliniche\" \/>\n<meta property=\"article:publisher\" content=\"https:\/\/www.facebook.com\/anatomicadominican\" \/>\n<meta property=\"article:modified_time\" content=\"2026-02-11T11:45:05+00:00\" \/>\n<meta name=\"twitter:card\" content=\"summary_large_image\" \/>\n<meta name=\"twitter:label1\" content=\"Tempo di lettura stimato\" \/>\n\t<meta name=\"twitter:data1\" content=\"2 minuti\" \/>\n<script type=\"application\/ld+json\" class=\"yoast-schema-graph\">{\"@context\":\"https:\/\/schema.org\",\"@graph\":[{\"@type\":\"WebPage\",\"@id\":\"https:\/\/www.anatomicaclinic.com\/it\/?page_id=6226\",\"url\":\"https:\/\/www.anatomicaclinic.com\/it\/?page_id=6226\",\"name\":\"Ponti Dentali - Anatomica Cliniche\",\"isPartOf\":{\"@id\":\"https:\/\/www.anatomicaclinic.com\/#website\"},\"datePublished\":\"2022-06-19T19:02:04+00:00\",\"dateModified\":\"2026-02-11T11:45:05+00:00\",\"description\":\"Ponti Dentali - Anatomica Cliniche\",\"breadcrumb\":{\"@id\":\"https:\/\/www.anatomicaclinic.com\/it\/?page_id=6226#breadcrumb\"},\"inLanguage\":\"it-IT\",\"potentialAction\":[{\"@type\":\"ReadAction\",\"target\":[\"https:\/\/www.anatomicaclinic.com\/it\/?page_id=6226\"]}]},{\"@type\":\"BreadcrumbList\",\"@id\":\"https:\/\/www.anatomicaclinic.com\/it\/?page_id=6226#breadcrumb\",\"itemListElement\":[{\"@type\":\"ListItem\",\"position\":1,\"name\":\"Anasayfa\",\"item\":\"https:\/\/www.anatomicaclinic.com\/it\/\"},{\"@type\":\"ListItem\",\"position\":2,\"name\":\"Trattamenti Odontoiatrici\",\"item\":\"https:\/\/www.anatomicaclinic.com\/it\/?page_id=6222\"},{\"@type\":\"ListItem\",\"position\":3,\"name\":\"Ponti Dentali\"}]},{\"@type\":\"WebSite\",\"@id\":\"https:\/\/www.anatomicaclinic.com\/#website\",\"url\":\"https:\/\/www.anatomicaclinic.com\/\",\"name\":\"Anatomica Clinic\",\"description\":\"Anatomica\",\"publisher\":{\"@id\":\"https:\/\/www.anatomicaclinic.com\/#organization\"},\"alternateName\":\"Anatomica Clinic International\",\"potentialAction\":[{\"@type\":\"SearchAction\",\"target\":{\"@type\":\"EntryPoint\",\"urlTemplate\":\"https:\/\/www.anatomicaclinic.com\/?s={search_term_string}\"},\"query-input\":{\"@type\":\"PropertyValueSpecification\",\"valueRequired\":true,\"valueName\":\"search_term_string\"}}],\"inLanguage\":\"it-IT\"},{\"@type\":\"Organization\",\"@id\":\"https:\/\/www.anatomicaclinic.com\/#organization\",\"name\":\"Anatomica Clinic Dominicana\",\"url\":\"https:\/\/www.anatomicaclinic.com\/\",\"logo\":{\"@type\":\"ImageObject\",\"inLanguage\":\"it-IT\",\"@id\":\"https:\/\/www.anatomicaclinic.com\/#\/schema\/logo\/image\/\",\"url\":\"https:\/\/www.anatomicaclinic.com\/wp-content\/uploads\/2023\/11\/8aa015e1-a0cd-4d48-b1d5-c9598cbdad99.jpg\",\"contentUrl\":\"https:\/\/www.anatomicaclinic.com\/wp-content\/uploads\/2023\/11\/8aa015e1-a0cd-4d48-b1d5-c9598cbdad99.jpg\",\"width\":1600,\"height\":1600,\"caption\":\"Anatomica Clinic Dominicana\"},\"image\":{\"@id\":\"https:\/\/www.anatomicaclinic.com\/#\/schema\/logo\/image\/\"},\"sameAs\":[\"https:\/\/www.facebook.com\/anatomicadominican\",\"https:\/\/instagram.com\/anatomicadominican\"]}]}<\/script>\n<!-- \/ Yoast SEO plugin. -->","yoast_head_json":{"title":"Ponti Dentali - Anatomica Cliniche","description":"Ponti Dentali - Anatomica Cliniche","robots":{"index":"index","follow":"follow","max-snippet":"max-snippet:-1","max-image-preview":"max-image-preview:large","max-video-preview":"max-video-preview:-1"},"canonical":"https:\/\/www.anatomicaclinic.com\/it\/?page_id=6226","og_locale":"it_IT","og_type":"article","og_title":"Ponti Dentali - Anatomica Cliniche","og_description":"Ponti Dentali - Anatomica Cliniche","og_url":"https:\/\/www.anatomicaclinic.com\/it\/?page_id=6226","og_site_name":"Anatomica Cliniche","article_publisher":"https:\/\/www.facebook.com\/anatomicadominican","article_modified_time":"2026-02-11T11:45:05+00:00","twitter_card":"summary_large_image","twitter_misc":{"Tempo di lettura stimato":"2 minuti"},"schema":{"@context":"https:\/\/schema.org","@graph":[{"@type":"WebPage","@id":"https:\/\/www.anatomicaclinic.com\/it\/?page_id=6226","url":"https:\/\/www.anatomicaclinic.com\/it\/?page_id=6226","name":"Ponti Dentali - Anatomica Cliniche","isPartOf":{"@id":"https:\/\/www.anatomicaclinic.com\/#website"},"datePublished":"2022-06-19T19:02:04+00:00","dateModified":"2026-02-11T11:45:05+00:00","description":"Ponti Dentali - Anatomica Cliniche","breadcrumb":{"@id":"https:\/\/www.anatomicaclinic.com\/it\/?page_id=6226#breadcrumb"},"inLanguage":"it-IT","potentialAction":[{"@type":"ReadAction","target":["https:\/\/www.anatomicaclinic.com\/it\/?page_id=6226"]}]},{"@type":"BreadcrumbList","@id":"https:\/\/www.anatomicaclinic.com\/it\/?page_id=6226#breadcrumb","itemListElement":[{"@type":"ListItem","position":1,"name":"Anasayfa","item":"https:\/\/www.anatomicaclinic.com\/it\/"},{"@type":"ListItem","position":2,"name":"Trattamenti Odontoiatrici","item":"https:\/\/www.anatomicaclinic.com\/it\/?page_id=6222"},{"@type":"ListItem","position":3,"name":"Ponti Dentali"}]},{"@type":"WebSite","@id":"https:\/\/www.anatomicaclinic.com\/#website","url":"https:\/\/www.anatomicaclinic.com\/","name":"Anatomica Clinic","description":"Anatomica","publisher":{"@id":"https:\/\/www.anatomicaclinic.com\/#organization"},"alternateName":"Anatomica Clinic International","potentialAction":[{"@type":"SearchAction","target":{"@type":"EntryPoint","urlTemplate":"https:\/\/www.anatomicaclinic.com\/?s={search_term_string}"},"query-input":{"@type":"PropertyValueSpecification","valueRequired":true,"valueName":"search_term_string"}}],"inLanguage":"it-IT"},{"@type":"Organization","@id":"https:\/\/www.anatomicaclinic.com\/#organization","name":"Anatomica Clinic Dominicana","url":"https:\/\/www.anatomicaclinic.com\/","logo":{"@type":"ImageObject","inLanguage":"it-IT","@id":"https:\/\/www.anatomicaclinic.com\/#\/schema\/logo\/image\/","url":"https:\/\/www.anatomicaclinic.com\/wp-content\/uploads\/2023\/11\/8aa015e1-a0cd-4d48-b1d5-c9598cbdad99.jpg","contentUrl":"https:\/\/www.anatomicaclinic.com\/wp-content\/uploads\/2023\/11\/8aa015e1-a0cd-4d48-b1d5-c9598cbdad99.jpg","width":1600,"height":1600,"caption":"Anatomica Clinic Dominicana"},"image":{"@id":"https:\/\/www.anatomicaclinic.com\/#\/schema\/logo\/image\/"},"sameAs":["https:\/\/www.facebook.com\/anatomicadominican","https:\/\/instagram.com\/anatomicadominican"]}]}},"_links":{"self":[{"href":"https:\/\/www.anatomicaclinic.com\/it\/wp-json\/wp\/v2\/pages\/6226","targetHints":{"allow":["GET"]}}],"collection":[{"href":"https:\/\/www.anatomicaclinic.com\/it\/wp-json\/wp\/v2\/pages"}],"about":[{"href":"https:\/\/www.anatomicaclinic.com\/it\/wp-json\/wp\/v2\/types\/page"}],"author":[{"embeddable":true,"href":"https:\/\/www.anatomicaclinic.com\/it\/wp-json\/wp\/v2\/users\/10"}],"replies":[{"embeddable":true,"href":"https:\/\/www.anatomicaclinic.com\/it\/wp-json\/wp\/v2\/comments?post=6226"}],"version-history":[{"count":1,"href":"https:\/\/www.anatomicaclinic.com\/it\/wp-json\/wp\/v2\/pages\/6226\/revisions"}],"predecessor-version":[{"id":8647,"href":"https:\/\/www.anatomicaclinic.com\/it\/wp-json\/wp\/v2\/pages\/6226\/revisions\/8647"}],"up":[{"embeddable":true,"href":"https:\/\/www.anatomicaclinic.com\/it\/wp-json\/wp\/v2\/pages\/6222"}],"wp:attachment":[{"href":"https:\/\/www.anatomicaclinic.com\/it\/wp-json\/wp\/v2\/media?parent=6226"}],"curies":[{"name":"wp","href":"https:\/\/api.w.org\/{rel}","templated":true}]}}