{"id":6228,"date":"2022-06-19T19:01:02","date_gmt":"2022-06-19T19:01:02","guid":{"rendered":"https:\/\/www.anatomicaclinic.com\/dental-treatments\/dental-implants\/"},"modified":"2026-02-11T11:45:05","modified_gmt":"2026-02-11T11:45:05","slug":"impianti-dentali","status":"publish","type":"page","link":"https:\/\/www.anatomicaclinic.com\/it\/trattamenti-odontoiatrici\/impianti-dentali\/","title":{"rendered":"Impianti Dentali"},"content":{"rendered":"<div class=\"wpb-content-wrapper\"><p>[vc_section][vc_row el_class=&#8221;container_1200&#8243;][vc_column][vc_row_inner][vc_column_inner][vc_custom_heading text=&#8221;Impianti Dentali&#8221; font_container=&#8221;tag:h2|font_size:48|text_align:center&#8221; use_theme_fonts=&#8221;yes&#8221; el_class=&#8221;single-page-h2&#8243;][\/vc_column_inner][\/vc_row_inner][vc_row_inner][vc_column_inner][vc_column_text]Gli impianti dentali migliorando la loro salute generale, allo stesso tempo possono aiutare i nostri pazienti ad acquisire la sicurezza che deriva da un sorriso che sembra naturale.<\/p> <p>Ci sono molti vantaggi nel sostituire i denti mancanti con gli impianti dentali. Principali vantaggi:<\/p> <ul> <li>Mantiene l&#8217;integrit\u00e0 della struttura ossea dopo la perdita dei denti.<\/li> <li>Protegge la salute dei denti vicini poich\u00e9 non \u00e8 necessario il funzionamento del ponte.<\/li> <li>Sostituisce protesi mobili.<\/li> <li>Distribuisce le forze del morso in modo uniforme in tutta la bocca.<\/li> <li>Crea una funzione e si sente come i denti naturali.<\/li> <li>Migliora la capacit\u00e0 del linguaggio poich\u00e9 le protesi ingombranti vengono eliminate.<\/li> <li>Migliora l&#8217;aspetto del viso prevenendo la perdita ossea.<\/li> <\/ul> <p>\u00c8 fondamentale sostituire tempestivamente i denti mancanti con impianti dentali per prevenire conseguenze sulla salute come:<\/p> <ul> <li>Perdita di massa ossea<\/li> <li>Spostamento dei denti<\/li> <li>Cambiamento del morso dovuto allo spostamento dei denti<\/li> <li>Problemi alle articolazioni della mascella<\/li> <li>Difficolt\u00e0 a masticare correttamente<\/li> <li>Aggiuntivo stress sui denti rimanenti<\/li> <\/ul> <p>[\/vc_column_text][\/vc_column_inner][\/vc_row_inner][vc_row_inner][vc_column_inner width=&#8221;1\/3&#8243;][vc_single_image image=&#8221;5804&#8243; img_size=&#8221;full&#8221;][\/vc_column_inner][vc_column_inner width=&#8221;2\/3&#8243;][vc_column_text]<strong>Cosa sono gli impianti dentali?<\/strong><\/p> <p>Gli impianti dentali sono in titanio biocompatibile che sostituisce le radici di ancoraggio del dente. Gli impianti dentali sostituiscono i denti mancanti imitando la natura il pi\u00f9 fedelmente possibile.<\/p> <p>I restauri implantari dentali nel nostro studio sono composti da tre parti:<\/p> <ul> <li>Titanio, impianto integrato nell&#8217;osso<\/li> <li>Moncone implantare<\/li> <li>Corona in porcellana implantare<\/li> <\/ul> <p><strong>Qual \u00e8 il processo di posizionamento dell&#8217;impianto dentale?<\/strong><\/p> <p><strong>Fase di pianificazione: <\/strong>La pianificazione \u00e8 la parte pi\u00f9 importante del processo. Un piano di trattamento attentamente ponderato fa la differenza tra successo e fallimento. A volte potremmo aver bisogno di immagini speciali per visualizzare le condizioni ossee.<\/p> <p><strong>Posizionamento dell&#8217;impianto: <\/strong>I nostri specialisti collocheranno l&#8217;impianto dentale nel punto ideale per formare il tessuto gengivale attorno all&#8217;impianto.<\/p> <p><strong>Restauro provvisorio: <\/strong>Se l&#8217;impianto dentale si trova in un&#8217;area facilmente visibile, \u00e8 possibile posizionare un restauro provvisorio per scopi estetici mentre l&#8217;area guarisce.<\/p> <p><strong>Posizionamento dell&#8217;abutment: <\/strong>Quando la guarigione \u00e8 completa, viene posizionato un abutment per impianto dentale per fissare l&#8217;impianto dentale alla corona in porcellana.<\/p> <p><strong>Corona in porcellana: <\/strong>Dopo che il produttore di ceramica abbia prodotto la nuova corona in porcellana secondo le specifiche esatte, incolliamo la corona sull&#8217;abutment.<\/p> <p><strong>Come fa sentire la procedura?<\/strong><\/p> <p>La scienza dell&#8217;implantologia dentale si \u00e8 evoluta cos\u00ec rapidamente dai suoi primi giorni che ora \u00e8 diventata una procedura molto prevedibile. Gli impianti dentali si sentono, sembrano e funzionano come i denti naturali. Le persone spesso dicono che non riescono nemmeno a ricordare dove sono stati inseriti gli impianti dentali in bocca perch\u00e9 si sentono davvero come i loro denti naturali.[\/vc_column_text][\/vc_column_inner][\/vc_row_inner][vc_row_inner][vc_column_inner width=&#8221;2\/3&#8243;][vc_column_text]<strong>Gli impianti dentali devono essere sostituiti?<\/strong><\/p> <p>Crediamo che una corretta pianificazione sia essenziale per garantire il successo. Ci preoccupiamo di garantire la corretta distribuzione delle forze in bocca in modo che i denti o gli impianti non vengano forzati nella direzione sbagliata o applicando una forza eccessiva.<\/p> <p><strong>Gli impianti dentali richiedono una manutenzione speciale?<\/strong><\/p> <p>Non ci sono restrizioni a lungo termine con gli impianti dentali, ma \u00e8 necessario prestare attenzione fino a quando l&#8217;osso non \u00e8 completamente guarito. Quando gli impianti dentali vengono ripristinati con successo, \u00e8 importante evitare di mordere gli oggetti duri in primo luogo.<\/p> <p>Pensaci, se il tuo braccio \u00e8 ingessato per mesi, non vuoi giocare subito a tennis. Le tue ossa non saranno abituate ad avere cos\u00ec tanta forza su di esse e dovranno essere gradualmente riqualificate. Lo stesso vale per gli impianti dentali.<\/p> <p>Una dieta blanda inizialmente \u00e8 la migliore per le prime due settimane. Dopodich\u00e9, puoi gradualmente mangiare cibi pi\u00f9 duri. State tranquilli, presto potrete gustare tutti i tipi di piatti.<\/p> <p>Non esiste un modo specifico per pulire gli impianti dentali. Spazzola e usa il filo interdentale due volte al giorno, proprio come i tuoi denti naturali, e visita il tuo dentista due volte all&#8217;anno per i controlli e la pulizia.[\/vc_column_text][\/vc_column_inner][vc_column_inner width=&#8221;1\/3&#8243;][vc_single_image image=&#8221;5805&#8243; img_size=&#8221;full&#8221;][\/vc_column_inner][\/vc_row_inner][\/vc_column][\/vc_row][\/vc_section]<\/p> <\/div>","protected":false},"excerpt":{"rendered":"[vc_section][vc_row el_class=&#8221;container_1200&#8243;][vc_column][vc_row_inner][vc_column_inner][vc_custom_heading text=&#8221;Impianti Dentali&#8221; font_container=&#8221;tag:h2|font_size:48|text_align:center&#8221; use_theme_fonts=&#8221;yes&#8221; el_class=&#8221;single-page-h2&#8243;][\/vc_column_inner][\/vc_row_inner][vc_row_inner][vc_column_inner][vc_column_text]Gli impianti dentali migliorando la loro salute generale, allo stesso tempo possono aiutare i nostri pazienti ad acquisire la sicurezza che deriva da un sorriso che sembra naturale. Ci sono molti vantaggi nel sostituire i denti mancanti con gli impianti dentali. Principali vantaggi: Mantiene l&#8217;integrit\u00e0 della struttura ossea dopo&#8230; <a class=\"view-article\" href=\"https:\/\/www.anatomicaclinic.com\/it\/trattamenti-odontoiatrici\/impianti-dentali\/\">Mostra articolo<\/a>","protected":false},"author":10,"featured_media":0,"parent":6222,"menu_order":0,"comment_status":"closed","ping_status":"closed","template":"","meta":{"footnotes":""},"class_list":["post-6228","page","type-page","status-publish","hentry"],"yoast_head":"<!-- This site is optimized with the Yoast SEO plugin v27.0 - https:\/\/yoast.com\/product\/yoast-seo-wordpress\/ -->\n<title>Impianti Dentali - Anatomica Cliniche<\/title>\n<meta name=\"description\" content=\"Impianti Dentali - Anatomica Cliniche\" \/>\n<meta name=\"robots\" content=\"index, follow, max-snippet:-1, max-image-preview:large, max-video-preview:-1\" \/>\n<link rel=\"canonical\" href=\"https:\/\/www.anatomicaclinic.com\/it\/?page_id=6228\" \/>\n<meta property=\"og:locale\" content=\"it_IT\" \/>\n<meta property=\"og:type\" content=\"article\" \/>\n<meta property=\"og:title\" content=\"Impianti Dentali - Anatomica Cliniche\" \/>\n<meta property=\"og:description\" content=\"Impianti Dentali - Anatomica Cliniche\" \/>\n<meta property=\"og:url\" content=\"https:\/\/www.anatomicaclinic.com\/it\/?page_id=6228\" \/>\n<meta property=\"og:site_name\" content=\"Anatomica Cliniche\" \/>\n<meta property=\"article:publisher\" content=\"https:\/\/www.facebook.com\/anatomicadominican\" \/>\n<meta property=\"article:modified_time\" content=\"2026-02-11T11:45:05+00:00\" \/>\n<meta name=\"twitter:card\" content=\"summary_large_image\" \/>\n<meta name=\"twitter:label1\" content=\"Tempo di lettura stimato\" \/>\n\t<meta name=\"twitter:data1\" content=\"3 minuti\" \/>\n<script type=\"application\/ld+json\" class=\"yoast-schema-graph\">{\"@context\":\"https:\/\/schema.org\",\"@graph\":[{\"@type\":\"WebPage\",\"@id\":\"https:\/\/www.anatomicaclinic.com\/it\/?page_id=6228\",\"url\":\"https:\/\/www.anatomicaclinic.com\/it\/?page_id=6228\",\"name\":\"Impianti Dentali - Anatomica Cliniche\",\"isPartOf\":{\"@id\":\"https:\/\/www.anatomicaclinic.com\/#website\"},\"datePublished\":\"2022-06-19T19:01:02+00:00\",\"dateModified\":\"2026-02-11T11:45:05+00:00\",\"description\":\"Impianti Dentali - Anatomica Cliniche\",\"breadcrumb\":{\"@id\":\"https:\/\/www.anatomicaclinic.com\/it\/?page_id=6228#breadcrumb\"},\"inLanguage\":\"it-IT\",\"potentialAction\":[{\"@type\":\"ReadAction\",\"target\":[\"https:\/\/www.anatomicaclinic.com\/it\/?page_id=6228\"]}]},{\"@type\":\"BreadcrumbList\",\"@id\":\"https:\/\/www.anatomicaclinic.com\/it\/?page_id=6228#breadcrumb\",\"itemListElement\":[{\"@type\":\"ListItem\",\"position\":1,\"name\":\"Anasayfa\",\"item\":\"https:\/\/www.anatomicaclinic.com\/it\/\"},{\"@type\":\"ListItem\",\"position\":2,\"name\":\"Trattamenti Odontoiatrici\",\"item\":\"https:\/\/www.anatomicaclinic.com\/it\/?page_id=6222\"},{\"@type\":\"ListItem\",\"position\":3,\"name\":\"Impianti Dentali\"}]},{\"@type\":\"WebSite\",\"@id\":\"https:\/\/www.anatomicaclinic.com\/#website\",\"url\":\"https:\/\/www.anatomicaclinic.com\/\",\"name\":\"Anatomica Clinic\",\"description\":\"Anatomica\",\"publisher\":{\"@id\":\"https:\/\/www.anatomicaclinic.com\/#organization\"},\"alternateName\":\"Anatomica Clinic International\",\"potentialAction\":[{\"@type\":\"SearchAction\",\"target\":{\"@type\":\"EntryPoint\",\"urlTemplate\":\"https:\/\/www.anatomicaclinic.com\/?s={search_term_string}\"},\"query-input\":{\"@type\":\"PropertyValueSpecification\",\"valueRequired\":true,\"valueName\":\"search_term_string\"}}],\"inLanguage\":\"it-IT\"},{\"@type\":\"Organization\",\"@id\":\"https:\/\/www.anatomicaclinic.com\/#organization\",\"name\":\"Anatomica Clinic Dominicana\",\"url\":\"https:\/\/www.anatomicaclinic.com\/\",\"logo\":{\"@type\":\"ImageObject\",\"inLanguage\":\"it-IT\",\"@id\":\"https:\/\/www.anatomicaclinic.com\/#\/schema\/logo\/image\/\",\"url\":\"https:\/\/www.anatomicaclinic.com\/wp-content\/uploads\/2023\/11\/8aa015e1-a0cd-4d48-b1d5-c9598cbdad99.jpg\",\"contentUrl\":\"https:\/\/www.anatomicaclinic.com\/wp-content\/uploads\/2023\/11\/8aa015e1-a0cd-4d48-b1d5-c9598cbdad99.jpg\",\"width\":1600,\"height\":1600,\"caption\":\"Anatomica Clinic Dominicana\"},\"image\":{\"@id\":\"https:\/\/www.anatomicaclinic.com\/#\/schema\/logo\/image\/\"},\"sameAs\":[\"https:\/\/www.facebook.com\/anatomicadominican\",\"https:\/\/instagram.com\/anatomicadominican\"]}]}<\/script>\n<!-- \/ Yoast SEO plugin. -->","yoast_head_json":{"title":"Impianti Dentali - Anatomica Cliniche","description":"Impianti Dentali - Anatomica Cliniche","robots":{"index":"index","follow":"follow","max-snippet":"max-snippet:-1","max-image-preview":"max-image-preview:large","max-video-preview":"max-video-preview:-1"},"canonical":"https:\/\/www.anatomicaclinic.com\/it\/?page_id=6228","og_locale":"it_IT","og_type":"article","og_title":"Impianti Dentali - Anatomica Cliniche","og_description":"Impianti Dentali - Anatomica Cliniche","og_url":"https:\/\/www.anatomicaclinic.com\/it\/?page_id=6228","og_site_name":"Anatomica Cliniche","article_publisher":"https:\/\/www.facebook.com\/anatomicadominican","article_modified_time":"2026-02-11T11:45:05+00:00","twitter_card":"summary_large_image","twitter_misc":{"Tempo di lettura stimato":"3 minuti"},"schema":{"@context":"https:\/\/schema.org","@graph":[{"@type":"WebPage","@id":"https:\/\/www.anatomicaclinic.com\/it\/?page_id=6228","url":"https:\/\/www.anatomicaclinic.com\/it\/?page_id=6228","name":"Impianti Dentali - Anatomica Cliniche","isPartOf":{"@id":"https:\/\/www.anatomicaclinic.com\/#website"},"datePublished":"2022-06-19T19:01:02+00:00","dateModified":"2026-02-11T11:45:05+00:00","description":"Impianti Dentali - Anatomica Cliniche","breadcrumb":{"@id":"https:\/\/www.anatomicaclinic.com\/it\/?page_id=6228#breadcrumb"},"inLanguage":"it-IT","potentialAction":[{"@type":"ReadAction","target":["https:\/\/www.anatomicaclinic.com\/it\/?page_id=6228"]}]},{"@type":"BreadcrumbList","@id":"https:\/\/www.anatomicaclinic.com\/it\/?page_id=6228#breadcrumb","itemListElement":[{"@type":"ListItem","position":1,"name":"Anasayfa","item":"https:\/\/www.anatomicaclinic.com\/it\/"},{"@type":"ListItem","position":2,"name":"Trattamenti Odontoiatrici","item":"https:\/\/www.anatomicaclinic.com\/it\/?page_id=6222"},{"@type":"ListItem","position":3,"name":"Impianti Dentali"}]},{"@type":"WebSite","@id":"https:\/\/www.anatomicaclinic.com\/#website","url":"https:\/\/www.anatomicaclinic.com\/","name":"Anatomica Clinic","description":"Anatomica","publisher":{"@id":"https:\/\/www.anatomicaclinic.com\/#organization"},"alternateName":"Anatomica Clinic International","potentialAction":[{"@type":"SearchAction","target":{"@type":"EntryPoint","urlTemplate":"https:\/\/www.anatomicaclinic.com\/?s={search_term_string}"},"query-input":{"@type":"PropertyValueSpecification","valueRequired":true,"valueName":"search_term_string"}}],"inLanguage":"it-IT"},{"@type":"Organization","@id":"https:\/\/www.anatomicaclinic.com\/#organization","name":"Anatomica Clinic Dominicana","url":"https:\/\/www.anatomicaclinic.com\/","logo":{"@type":"ImageObject","inLanguage":"it-IT","@id":"https:\/\/www.anatomicaclinic.com\/#\/schema\/logo\/image\/","url":"https:\/\/www.anatomicaclinic.com\/wp-content\/uploads\/2023\/11\/8aa015e1-a0cd-4d48-b1d5-c9598cbdad99.jpg","contentUrl":"https:\/\/www.anatomicaclinic.com\/wp-content\/uploads\/2023\/11\/8aa015e1-a0cd-4d48-b1d5-c9598cbdad99.jpg","width":1600,"height":1600,"caption":"Anatomica Clinic Dominicana"},"image":{"@id":"https:\/\/www.anatomicaclinic.com\/#\/schema\/logo\/image\/"},"sameAs":["https:\/\/www.facebook.com\/anatomicadominican","https:\/\/instagram.com\/anatomicadominican"]}]}},"_links":{"self":[{"href":"https:\/\/www.anatomicaclinic.com\/it\/wp-json\/wp\/v2\/pages\/6228","targetHints":{"allow":["GET"]}}],"collection":[{"href":"https:\/\/www.anatomicaclinic.com\/it\/wp-json\/wp\/v2\/pages"}],"about":[{"href":"https:\/\/www.anatomicaclinic.com\/it\/wp-json\/wp\/v2\/types\/page"}],"author":[{"embeddable":true,"href":"https:\/\/www.anatomicaclinic.com\/it\/wp-json\/wp\/v2\/users\/10"}],"replies":[{"embeddable":true,"href":"https:\/\/www.anatomicaclinic.com\/it\/wp-json\/wp\/v2\/comments?post=6228"}],"version-history":[{"count":1,"href":"https:\/\/www.anatomicaclinic.com\/it\/wp-json\/wp\/v2\/pages\/6228\/revisions"}],"predecessor-version":[{"id":8644,"href":"https:\/\/www.anatomicaclinic.com\/it\/wp-json\/wp\/v2\/pages\/6228\/revisions\/8644"}],"up":[{"embeddable":true,"href":"https:\/\/www.anatomicaclinic.com\/it\/wp-json\/wp\/v2\/pages\/6222"}],"wp:attachment":[{"href":"https:\/\/www.anatomicaclinic.com\/it\/wp-json\/wp\/v2\/media?parent=6228"}],"curies":[{"name":"wp","href":"https:\/\/api.w.org\/{rel}","templated":true}]}}