{"id":6234,"date":"2022-06-19T19:00:45","date_gmt":"2022-06-19T19:00:45","guid":{"rendered":"https:\/\/www.anatomicaclinic.com\/dental-treatments\/gum-reshaping\/"},"modified":"2026-02-11T11:45:05","modified_gmt":"2026-02-11T11:45:05","slug":"ricostruire-la-gengiva","status":"publish","type":"page","link":"https:\/\/www.anatomicaclinic.com\/it\/trattamenti-odontoiatrici\/ricostruire-la-gengiva\/","title":{"rendered":"Ricostruire la Gengiva"},"content":{"rendered":"<div class=\"wpb-content-wrapper\"><p>[vc_section][vc_row el_class=&#8221;container_1200&#8243;][vc_column][vc_row_inner][vc_column_inner][vc_custom_heading text=&#8221;Ricostruire la Gengiva&#8221; font_container=&#8221;tag:h2|font_size:48|text_align:center&#8221; use_theme_fonts=&#8221;yes&#8221; el_class=&#8221;single-page-h2&#8243;][\/vc_column_inner][\/vc_row_inner][vc_row_inner][vc_column_inner][vc_column_text]Se le tue gengive sono troppo basse o troppo alte sui tuoi denti e non sei soddisfatto del tuo sorriso, potresti essere un candidato per un intervento chirurgico di modellamento delle gengive. Chiamata anche rimodellamento delle gengive o rimodellamento dei tessuti, questa procedura dentale cosmetica pu\u00f2 correggere una linea gengivale irregolare e darti un sorriso di cui essere orgoglioso.[\/vc_column_text][\/vc_column_inner][\/vc_row_inner][vc_row_inner][vc_column_inner width=&#8221;1\/3&#8243;][vc_single_image image=&#8221;5802&#8243; img_size=&#8221;full&#8221;][\/vc_column_inner][vc_column_inner width=&#8221;2\/3&#8243;][vc_column_text]<strong>Chirurgia gengivale: \u00e8 necessaria?<\/strong><\/p> <p>La modellatura delle gengive \u00e8 gia considerata una procedura cosmetica da se. Il pi\u00f9 delle volte non \u00e8 necessario dal punto di vista medico. La maggior parte delle persone rimodella le gengive per migliorare l&#8217;aspetto del proprio sorriso. Tuttavia, alcuni individui si sottopongono a un intervento chirurgico di rimodellamento delle gengive come parte di altre procedure parodontali necessarie come l&#8217;allungamento della corona, la riduzione della tasca e le procedure rigenerative.<\/p> <p>Le procedure di rimodellamento gengivale che non sono considerate cosmetiche includono l&#8217;aggiunta di tessuto gengivale quando si verifica una recessione e il taglio del tessuto invaso che copre parte della corona dentale.[\/vc_column_text][\/vc_column_inner][\/vc_row_inner][vc_row_inner][vc_column_inner width=&#8221;2\/3&#8243;][vc_column_text]<strong>Cosa aspettarsi?<\/strong><\/p> <p>L&#8217;intervento chirurgico di modellatura delle gengive viene eseguito nello studio del dentista. Attualmente, i dentisti utilizzano bisturi, laser e radiochirurgia per eseguire la procedura di modellatura delle gengive. Chiedi al tuo dentista quale tecnica \u00e8 la migliore per la tua situazione.<\/p> <p>Prima dell&#8217;operazione, il medico dovrebbe rivedere ci\u00f2 che far\u00e0 durante la procedura. Spesso i dentisti usano una penna e tracciano una linea per segnare la nuova linea gengivale. In questo modo, puoi vedere esattamente quanto tessuto verr\u00e0 rimosso o come verr\u00e0 rimodellata la linea gengivale.<\/p> <p>L&#8217;anestetico locale pu\u00f2 essere applicato per intorpidire l&#8217;area. A volte, anche l&#8217;osso davanti alla radice del dente deve essere rimosso durante la modellatura delle gengive per ottenere i migliori risultati a lungo termine.[\/vc_column_text][\/vc_column_inner][vc_column_inner width=&#8221;1\/3&#8243;][vc_single_image image=&#8221;5803&#8243; img_size=&#8221;full&#8221;][\/vc_column_inner][\/vc_row_inner][\/vc_column][\/vc_row][\/vc_section]<\/p> <\/div>","protected":false},"excerpt":{"rendered":"[vc_section][vc_row el_class=&#8221;container_1200&#8243;][vc_column][vc_row_inner][vc_column_inner][vc_custom_heading text=&#8221;Ricostruire la Gengiva&#8221; font_container=&#8221;tag:h2|font_size:48|text_align:center&#8221; use_theme_fonts=&#8221;yes&#8221; el_class=&#8221;single-page-h2&#8243;][\/vc_column_inner][\/vc_row_inner][vc_row_inner][vc_column_inner][vc_column_text]Se le tue gengive sono troppo basse o troppo alte sui tuoi denti e non sei soddisfatto del tuo sorriso, potresti essere un candidato per un intervento chirurgico di modellamento delle gengive. Chiamata anche rimodellamento delle gengive o rimodellamento dei tessuti, questa procedura dentale cosmetica pu\u00f2 correggere una&#8230; <a class=\"view-article\" href=\"https:\/\/www.anatomicaclinic.com\/it\/trattamenti-odontoiatrici\/ricostruire-la-gengiva\/\">Mostra articolo<\/a>","protected":false},"author":10,"featured_media":0,"parent":6222,"menu_order":0,"comment_status":"closed","ping_status":"closed","template":"","meta":{"footnotes":""},"class_list":["post-6234","page","type-page","status-publish","hentry"],"yoast_head":"<!-- This site is optimized with the Yoast SEO plugin v27.0 - https:\/\/yoast.com\/product\/yoast-seo-wordpress\/ -->\n<title>Ricostruire la Gengiva - Anatomica Cliniche<\/title>\n<meta name=\"description\" content=\"Ricostruire la Gengiva - Anatomica Cliniche\" \/>\n<meta name=\"robots\" content=\"index, follow, max-snippet:-1, max-image-preview:large, max-video-preview:-1\" \/>\n<link rel=\"canonical\" href=\"https:\/\/www.anatomicaclinic.com\/it\/?page_id=6234\" \/>\n<meta property=\"og:locale\" content=\"it_IT\" \/>\n<meta property=\"og:type\" content=\"article\" \/>\n<meta property=\"og:title\" content=\"Ricostruire la Gengiva - Anatomica Cliniche\" \/>\n<meta property=\"og:description\" content=\"Ricostruire la Gengiva - Anatomica Cliniche\" \/>\n<meta property=\"og:url\" content=\"https:\/\/www.anatomicaclinic.com\/it\/?page_id=6234\" \/>\n<meta property=\"og:site_name\" content=\"Anatomica Cliniche\" \/>\n<meta property=\"article:publisher\" content=\"https:\/\/www.facebook.com\/anatomicadominican\" \/>\n<meta property=\"article:modified_time\" content=\"2026-02-11T11:45:05+00:00\" \/>\n<meta name=\"twitter:card\" content=\"summary_large_image\" \/>\n<meta name=\"twitter:label1\" content=\"Tempo di lettura stimato\" \/>\n\t<meta name=\"twitter:data1\" content=\"2 minuti\" \/>\n<script type=\"application\/ld+json\" class=\"yoast-schema-graph\">{\"@context\":\"https:\/\/schema.org\",\"@graph\":[{\"@type\":\"WebPage\",\"@id\":\"https:\/\/www.anatomicaclinic.com\/it\/?page_id=6234\",\"url\":\"https:\/\/www.anatomicaclinic.com\/it\/?page_id=6234\",\"name\":\"Ricostruire la Gengiva - Anatomica Cliniche\",\"isPartOf\":{\"@id\":\"https:\/\/www.anatomicaclinic.com\/#website\"},\"datePublished\":\"2022-06-19T19:00:45+00:00\",\"dateModified\":\"2026-02-11T11:45:05+00:00\",\"description\":\"Ricostruire la Gengiva - Anatomica Cliniche\",\"breadcrumb\":{\"@id\":\"https:\/\/www.anatomicaclinic.com\/it\/?page_id=6234#breadcrumb\"},\"inLanguage\":\"it-IT\",\"potentialAction\":[{\"@type\":\"ReadAction\",\"target\":[\"https:\/\/www.anatomicaclinic.com\/it\/?page_id=6234\"]}]},{\"@type\":\"BreadcrumbList\",\"@id\":\"https:\/\/www.anatomicaclinic.com\/it\/?page_id=6234#breadcrumb\",\"itemListElement\":[{\"@type\":\"ListItem\",\"position\":1,\"name\":\"Anasayfa\",\"item\":\"https:\/\/www.anatomicaclinic.com\/it\/\"},{\"@type\":\"ListItem\",\"position\":2,\"name\":\"Trattamenti Odontoiatrici\",\"item\":\"https:\/\/www.anatomicaclinic.com\/it\/?page_id=6222\"},{\"@type\":\"ListItem\",\"position\":3,\"name\":\"Ricostruire la Gengiva\"}]},{\"@type\":\"WebSite\",\"@id\":\"https:\/\/www.anatomicaclinic.com\/#website\",\"url\":\"https:\/\/www.anatomicaclinic.com\/\",\"name\":\"Anatomica Clinic\",\"description\":\"Anatomica\",\"publisher\":{\"@id\":\"https:\/\/www.anatomicaclinic.com\/#organization\"},\"alternateName\":\"Anatomica Clinic International\",\"potentialAction\":[{\"@type\":\"SearchAction\",\"target\":{\"@type\":\"EntryPoint\",\"urlTemplate\":\"https:\/\/www.anatomicaclinic.com\/?s={search_term_string}\"},\"query-input\":{\"@type\":\"PropertyValueSpecification\",\"valueRequired\":true,\"valueName\":\"search_term_string\"}}],\"inLanguage\":\"it-IT\"},{\"@type\":\"Organization\",\"@id\":\"https:\/\/www.anatomicaclinic.com\/#organization\",\"name\":\"Anatomica Clinic Dominicana\",\"url\":\"https:\/\/www.anatomicaclinic.com\/\",\"logo\":{\"@type\":\"ImageObject\",\"inLanguage\":\"it-IT\",\"@id\":\"https:\/\/www.anatomicaclinic.com\/#\/schema\/logo\/image\/\",\"url\":\"https:\/\/www.anatomicaclinic.com\/wp-content\/uploads\/2023\/11\/8aa015e1-a0cd-4d48-b1d5-c9598cbdad99.jpg\",\"contentUrl\":\"https:\/\/www.anatomicaclinic.com\/wp-content\/uploads\/2023\/11\/8aa015e1-a0cd-4d48-b1d5-c9598cbdad99.jpg\",\"width\":1600,\"height\":1600,\"caption\":\"Anatomica Clinic Dominicana\"},\"image\":{\"@id\":\"https:\/\/www.anatomicaclinic.com\/#\/schema\/logo\/image\/\"},\"sameAs\":[\"https:\/\/www.facebook.com\/anatomicadominican\",\"https:\/\/instagram.com\/anatomicadominican\"]}]}<\/script>\n<!-- \/ Yoast SEO plugin. -->","yoast_head_json":{"title":"Ricostruire la Gengiva - Anatomica Cliniche","description":"Ricostruire la Gengiva - Anatomica Cliniche","robots":{"index":"index","follow":"follow","max-snippet":"max-snippet:-1","max-image-preview":"max-image-preview:large","max-video-preview":"max-video-preview:-1"},"canonical":"https:\/\/www.anatomicaclinic.com\/it\/?page_id=6234","og_locale":"it_IT","og_type":"article","og_title":"Ricostruire la Gengiva - Anatomica Cliniche","og_description":"Ricostruire la Gengiva - Anatomica Cliniche","og_url":"https:\/\/www.anatomicaclinic.com\/it\/?page_id=6234","og_site_name":"Anatomica Cliniche","article_publisher":"https:\/\/www.facebook.com\/anatomicadominican","article_modified_time":"2026-02-11T11:45:05+00:00","twitter_card":"summary_large_image","twitter_misc":{"Tempo di lettura stimato":"2 minuti"},"schema":{"@context":"https:\/\/schema.org","@graph":[{"@type":"WebPage","@id":"https:\/\/www.anatomicaclinic.com\/it\/?page_id=6234","url":"https:\/\/www.anatomicaclinic.com\/it\/?page_id=6234","name":"Ricostruire la Gengiva - Anatomica Cliniche","isPartOf":{"@id":"https:\/\/www.anatomicaclinic.com\/#website"},"datePublished":"2022-06-19T19:00:45+00:00","dateModified":"2026-02-11T11:45:05+00:00","description":"Ricostruire la Gengiva - Anatomica Cliniche","breadcrumb":{"@id":"https:\/\/www.anatomicaclinic.com\/it\/?page_id=6234#breadcrumb"},"inLanguage":"it-IT","potentialAction":[{"@type":"ReadAction","target":["https:\/\/www.anatomicaclinic.com\/it\/?page_id=6234"]}]},{"@type":"BreadcrumbList","@id":"https:\/\/www.anatomicaclinic.com\/it\/?page_id=6234#breadcrumb","itemListElement":[{"@type":"ListItem","position":1,"name":"Anasayfa","item":"https:\/\/www.anatomicaclinic.com\/it\/"},{"@type":"ListItem","position":2,"name":"Trattamenti Odontoiatrici","item":"https:\/\/www.anatomicaclinic.com\/it\/?page_id=6222"},{"@type":"ListItem","position":3,"name":"Ricostruire la Gengiva"}]},{"@type":"WebSite","@id":"https:\/\/www.anatomicaclinic.com\/#website","url":"https:\/\/www.anatomicaclinic.com\/","name":"Anatomica Clinic","description":"Anatomica","publisher":{"@id":"https:\/\/www.anatomicaclinic.com\/#organization"},"alternateName":"Anatomica Clinic International","potentialAction":[{"@type":"SearchAction","target":{"@type":"EntryPoint","urlTemplate":"https:\/\/www.anatomicaclinic.com\/?s={search_term_string}"},"query-input":{"@type":"PropertyValueSpecification","valueRequired":true,"valueName":"search_term_string"}}],"inLanguage":"it-IT"},{"@type":"Organization","@id":"https:\/\/www.anatomicaclinic.com\/#organization","name":"Anatomica Clinic Dominicana","url":"https:\/\/www.anatomicaclinic.com\/","logo":{"@type":"ImageObject","inLanguage":"it-IT","@id":"https:\/\/www.anatomicaclinic.com\/#\/schema\/logo\/image\/","url":"https:\/\/www.anatomicaclinic.com\/wp-content\/uploads\/2023\/11\/8aa015e1-a0cd-4d48-b1d5-c9598cbdad99.jpg","contentUrl":"https:\/\/www.anatomicaclinic.com\/wp-content\/uploads\/2023\/11\/8aa015e1-a0cd-4d48-b1d5-c9598cbdad99.jpg","width":1600,"height":1600,"caption":"Anatomica Clinic Dominicana"},"image":{"@id":"https:\/\/www.anatomicaclinic.com\/#\/schema\/logo\/image\/"},"sameAs":["https:\/\/www.facebook.com\/anatomicadominican","https:\/\/instagram.com\/anatomicadominican"]}]}},"_links":{"self":[{"href":"https:\/\/www.anatomicaclinic.com\/it\/wp-json\/wp\/v2\/pages\/6234","targetHints":{"allow":["GET"]}}],"collection":[{"href":"https:\/\/www.anatomicaclinic.com\/it\/wp-json\/wp\/v2\/pages"}],"about":[{"href":"https:\/\/www.anatomicaclinic.com\/it\/wp-json\/wp\/v2\/types\/page"}],"author":[{"embeddable":true,"href":"https:\/\/www.anatomicaclinic.com\/it\/wp-json\/wp\/v2\/users\/10"}],"replies":[{"embeddable":true,"href":"https:\/\/www.anatomicaclinic.com\/it\/wp-json\/wp\/v2\/comments?post=6234"}],"version-history":[{"count":1,"href":"https:\/\/www.anatomicaclinic.com\/it\/wp-json\/wp\/v2\/pages\/6234\/revisions"}],"predecessor-version":[{"id":8649,"href":"https:\/\/www.anatomicaclinic.com\/it\/wp-json\/wp\/v2\/pages\/6234\/revisions\/8649"}],"up":[{"embeddable":true,"href":"https:\/\/www.anatomicaclinic.com\/it\/wp-json\/wp\/v2\/pages\/6222"}],"wp:attachment":[{"href":"https:\/\/www.anatomicaclinic.com\/it\/wp-json\/wp\/v2\/media?parent=6234"}],"curies":[{"name":"wp","href":"https:\/\/api.w.org\/{rel}","templated":true}]}}