{"id":6236,"date":"2022-06-19T19:00:06","date_gmt":"2022-06-19T19:00:06","guid":{"rendered":"https:\/\/www.anatomicaclinic.com\/dental-treatments\/porcelain-crowns\/"},"modified":"2026-02-11T11:45:05","modified_gmt":"2026-02-11T11:45:05","slug":"corone-in-porcellana","status":"publish","type":"page","link":"https:\/\/www.anatomicaclinic.com\/it\/trattamenti-odontoiatrici\/corone-in-porcellana\/","title":{"rendered":"Corone in Porcellana"},"content":{"rendered":"<div class=\"wpb-content-wrapper\"><p>[vc_section][vc_row el_class=&#8221;container_1200&#8243;][vc_column][vc_row_inner][vc_column_inner][vc_custom_heading text=&#8221;Corone in Porcellana&#8221; font_container=&#8221;tag:h2|font_size:48|text_align:center&#8221; use_theme_fonts=&#8221;yes&#8221; el_class=&#8221;single-page-h2&#8243;][\/vc_column_inner][\/vc_row_inner][vc_row_inner][vc_column_inner][vc_column_text]Un dente gravemente danneggiato o cariato pu\u00f2 creare difetti estetici, essere fonte di sensibilit\u00e0 o causare forti dolori. Le corone in porcellana sono progettate per rafforzare e ripristinare l&#8217;integrit\u00e0 strutturale di un dente preservando quanto pi\u00f9 possibile la struttura naturale del dente.[\/vc_column_text][\/vc_column_inner][\/vc_row_inner][vc_row_inner][vc_column_inner width=&#8221;1\/3&#8243;][vc_single_image image=&#8221;5797&#8243; img_size=&#8221;full&#8221;][\/vc_column_inner][vc_column_inner width=&#8221;2\/3&#8243;][vc_column_text]Quando \u00e8 necessario un trattamento canalare per migliorare la salute dentale, le corone in porcellana possono essere utilizzate per rafforzare la struttura del dente e allo stesso tempo ringiovanirne l&#8217;aspetto. Una corona in porcellana pu\u00f2 essere la soluzione ideale per i pazienti che desiderano ripristinare sia la funzione che l&#8217;estetica di un dente danneggiato o cariato.<\/p> <p><strong>Vantaggi delle corone in porcellana<\/strong><\/p> <p>Una corona in porcellana offre il duplice vantaggio di sostenere un dente danneggiato ed esaltare la bellezza di un sorriso. Ulteriori vantaggi delle corone dentali in porcellana di qualit\u00e0 possono includere:<\/p> <ul> <li>Integrit\u00e0 strutturale, resistenza e durata migliorate<\/li> <li>Protezione contro danni o deterioramento<\/li> <li>Forma del dente ripristinata<\/li> <\/ul> <p>[\/vc_column_text][\/vc_column_inner][\/vc_row_inner][\/vc_column][\/vc_row][\/vc_section]<\/p> <\/div>","protected":false},"excerpt":{"rendered":"[vc_section][vc_row el_class=&#8221;container_1200&#8243;][vc_column][vc_row_inner][vc_column_inner][vc_custom_heading text=&#8221;Corone in Porcellana&#8221; font_container=&#8221;tag:h2|font_size:48|text_align:center&#8221; use_theme_fonts=&#8221;yes&#8221; el_class=&#8221;single-page-h2&#8243;][\/vc_column_inner][\/vc_row_inner][vc_row_inner][vc_column_inner][vc_column_text]Un dente gravemente danneggiato o cariato pu\u00f2 creare difetti estetici, essere fonte di sensibilit\u00e0 o causare forti dolori. Le corone in porcellana sono progettate per rafforzare e ripristinare l&#8217;integrit\u00e0 strutturale di un dente preservando quanto pi\u00f9 possibile la struttura naturale del dente.[\/vc_column_text][\/vc_column_inner][\/vc_row_inner][vc_row_inner][vc_column_inner width=&#8221;1\/3&#8243;][vc_single_image image=&#8221;5797&#8243; img_size=&#8221;full&#8221;][\/vc_column_inner][vc_column_inner width=&#8221;2\/3&#8243;][vc_column_text]Quando \u00e8 necessario&#8230; <a class=\"view-article\" href=\"https:\/\/www.anatomicaclinic.com\/it\/trattamenti-odontoiatrici\/corone-in-porcellana\/\">Mostra articolo<\/a>","protected":false},"author":10,"featured_media":0,"parent":6222,"menu_order":0,"comment_status":"closed","ping_status":"closed","template":"","meta":{"footnotes":""},"class_list":["post-6236","page","type-page","status-publish","hentry"],"yoast_head":"<!-- This site is optimized with the Yoast SEO plugin v27.0 - https:\/\/yoast.com\/product\/yoast-seo-wordpress\/ -->\n<title>Corone in Porcellana - Anatomica Cliniche<\/title>\n<meta name=\"description\" content=\"Corone in Porcellana - Anatomica Cliniche\" \/>\n<meta name=\"robots\" content=\"index, follow, max-snippet:-1, max-image-preview:large, max-video-preview:-1\" \/>\n<link rel=\"canonical\" href=\"https:\/\/www.anatomicaclinic.com\/it\/?page_id=6236\" \/>\n<meta property=\"og:locale\" content=\"it_IT\" \/>\n<meta property=\"og:type\" content=\"article\" \/>\n<meta property=\"og:title\" content=\"Corone in Porcellana - Anatomica Cliniche\" \/>\n<meta property=\"og:description\" content=\"Corone in Porcellana - Anatomica Cliniche\" \/>\n<meta property=\"og:url\" content=\"https:\/\/www.anatomicaclinic.com\/it\/?page_id=6236\" \/>\n<meta property=\"og:site_name\" content=\"Anatomica Cliniche\" \/>\n<meta property=\"article:publisher\" content=\"https:\/\/www.facebook.com\/anatomicadominican\" \/>\n<meta property=\"article:modified_time\" content=\"2026-02-11T11:45:05+00:00\" \/>\n<meta name=\"twitter:card\" content=\"summary_large_image\" \/>\n<meta name=\"twitter:label1\" content=\"Tempo di lettura stimato\" \/>\n\t<meta name=\"twitter:data1\" content=\"1 minuto\" \/>\n<script type=\"application\/ld+json\" class=\"yoast-schema-graph\">{\"@context\":\"https:\/\/schema.org\",\"@graph\":[{\"@type\":\"WebPage\",\"@id\":\"https:\/\/www.anatomicaclinic.com\/it\/?page_id=6236\",\"url\":\"https:\/\/www.anatomicaclinic.com\/it\/?page_id=6236\",\"name\":\"Corone in Porcellana - Anatomica Cliniche\",\"isPartOf\":{\"@id\":\"https:\/\/www.anatomicaclinic.com\/#website\"},\"datePublished\":\"2022-06-19T19:00:06+00:00\",\"dateModified\":\"2026-02-11T11:45:05+00:00\",\"description\":\"Corone in Porcellana - Anatomica Cliniche\",\"breadcrumb\":{\"@id\":\"https:\/\/www.anatomicaclinic.com\/it\/?page_id=6236#breadcrumb\"},\"inLanguage\":\"it-IT\",\"potentialAction\":[{\"@type\":\"ReadAction\",\"target\":[\"https:\/\/www.anatomicaclinic.com\/it\/?page_id=6236\"]}]},{\"@type\":\"BreadcrumbList\",\"@id\":\"https:\/\/www.anatomicaclinic.com\/it\/?page_id=6236#breadcrumb\",\"itemListElement\":[{\"@type\":\"ListItem\",\"position\":1,\"name\":\"Anasayfa\",\"item\":\"https:\/\/www.anatomicaclinic.com\/it\/\"},{\"@type\":\"ListItem\",\"position\":2,\"name\":\"Trattamenti Odontoiatrici\",\"item\":\"https:\/\/www.anatomicaclinic.com\/it\/?page_id=6222\"},{\"@type\":\"ListItem\",\"position\":3,\"name\":\"Corone in Porcellana\"}]},{\"@type\":\"WebSite\",\"@id\":\"https:\/\/www.anatomicaclinic.com\/#website\",\"url\":\"https:\/\/www.anatomicaclinic.com\/\",\"name\":\"Anatomica Clinic\",\"description\":\"Anatomica\",\"publisher\":{\"@id\":\"https:\/\/www.anatomicaclinic.com\/#organization\"},\"alternateName\":\"Anatomica Clinic International\",\"potentialAction\":[{\"@type\":\"SearchAction\",\"target\":{\"@type\":\"EntryPoint\",\"urlTemplate\":\"https:\/\/www.anatomicaclinic.com\/?s={search_term_string}\"},\"query-input\":{\"@type\":\"PropertyValueSpecification\",\"valueRequired\":true,\"valueName\":\"search_term_string\"}}],\"inLanguage\":\"it-IT\"},{\"@type\":\"Organization\",\"@id\":\"https:\/\/www.anatomicaclinic.com\/#organization\",\"name\":\"Anatomica Clinic Dominicana\",\"url\":\"https:\/\/www.anatomicaclinic.com\/\",\"logo\":{\"@type\":\"ImageObject\",\"inLanguage\":\"it-IT\",\"@id\":\"https:\/\/www.anatomicaclinic.com\/#\/schema\/logo\/image\/\",\"url\":\"https:\/\/www.anatomicaclinic.com\/wp-content\/uploads\/2023\/11\/8aa015e1-a0cd-4d48-b1d5-c9598cbdad99.jpg\",\"contentUrl\":\"https:\/\/www.anatomicaclinic.com\/wp-content\/uploads\/2023\/11\/8aa015e1-a0cd-4d48-b1d5-c9598cbdad99.jpg\",\"width\":1600,\"height\":1600,\"caption\":\"Anatomica Clinic Dominicana\"},\"image\":{\"@id\":\"https:\/\/www.anatomicaclinic.com\/#\/schema\/logo\/image\/\"},\"sameAs\":[\"https:\/\/www.facebook.com\/anatomicadominican\",\"https:\/\/instagram.com\/anatomicadominican\"]}]}<\/script>\n<!-- \/ Yoast SEO plugin. -->","yoast_head_json":{"title":"Corone in Porcellana - Anatomica Cliniche","description":"Corone in Porcellana - Anatomica Cliniche","robots":{"index":"index","follow":"follow","max-snippet":"max-snippet:-1","max-image-preview":"max-image-preview:large","max-video-preview":"max-video-preview:-1"},"canonical":"https:\/\/www.anatomicaclinic.com\/it\/?page_id=6236","og_locale":"it_IT","og_type":"article","og_title":"Corone in Porcellana - Anatomica Cliniche","og_description":"Corone in Porcellana - Anatomica Cliniche","og_url":"https:\/\/www.anatomicaclinic.com\/it\/?page_id=6236","og_site_name":"Anatomica Cliniche","article_publisher":"https:\/\/www.facebook.com\/anatomicadominican","article_modified_time":"2026-02-11T11:45:05+00:00","twitter_card":"summary_large_image","twitter_misc":{"Tempo di lettura stimato":"1 minuto"},"schema":{"@context":"https:\/\/schema.org","@graph":[{"@type":"WebPage","@id":"https:\/\/www.anatomicaclinic.com\/it\/?page_id=6236","url":"https:\/\/www.anatomicaclinic.com\/it\/?page_id=6236","name":"Corone in Porcellana - Anatomica Cliniche","isPartOf":{"@id":"https:\/\/www.anatomicaclinic.com\/#website"},"datePublished":"2022-06-19T19:00:06+00:00","dateModified":"2026-02-11T11:45:05+00:00","description":"Corone in Porcellana - Anatomica Cliniche","breadcrumb":{"@id":"https:\/\/www.anatomicaclinic.com\/it\/?page_id=6236#breadcrumb"},"inLanguage":"it-IT","potentialAction":[{"@type":"ReadAction","target":["https:\/\/www.anatomicaclinic.com\/it\/?page_id=6236"]}]},{"@type":"BreadcrumbList","@id":"https:\/\/www.anatomicaclinic.com\/it\/?page_id=6236#breadcrumb","itemListElement":[{"@type":"ListItem","position":1,"name":"Anasayfa","item":"https:\/\/www.anatomicaclinic.com\/it\/"},{"@type":"ListItem","position":2,"name":"Trattamenti Odontoiatrici","item":"https:\/\/www.anatomicaclinic.com\/it\/?page_id=6222"},{"@type":"ListItem","position":3,"name":"Corone in Porcellana"}]},{"@type":"WebSite","@id":"https:\/\/www.anatomicaclinic.com\/#website","url":"https:\/\/www.anatomicaclinic.com\/","name":"Anatomica Clinic","description":"Anatomica","publisher":{"@id":"https:\/\/www.anatomicaclinic.com\/#organization"},"alternateName":"Anatomica Clinic International","potentialAction":[{"@type":"SearchAction","target":{"@type":"EntryPoint","urlTemplate":"https:\/\/www.anatomicaclinic.com\/?s={search_term_string}"},"query-input":{"@type":"PropertyValueSpecification","valueRequired":true,"valueName":"search_term_string"}}],"inLanguage":"it-IT"},{"@type":"Organization","@id":"https:\/\/www.anatomicaclinic.com\/#organization","name":"Anatomica Clinic Dominicana","url":"https:\/\/www.anatomicaclinic.com\/","logo":{"@type":"ImageObject","inLanguage":"it-IT","@id":"https:\/\/www.anatomicaclinic.com\/#\/schema\/logo\/image\/","url":"https:\/\/www.anatomicaclinic.com\/wp-content\/uploads\/2023\/11\/8aa015e1-a0cd-4d48-b1d5-c9598cbdad99.jpg","contentUrl":"https:\/\/www.anatomicaclinic.com\/wp-content\/uploads\/2023\/11\/8aa015e1-a0cd-4d48-b1d5-c9598cbdad99.jpg","width":1600,"height":1600,"caption":"Anatomica Clinic Dominicana"},"image":{"@id":"https:\/\/www.anatomicaclinic.com\/#\/schema\/logo\/image\/"},"sameAs":["https:\/\/www.facebook.com\/anatomicadominican","https:\/\/instagram.com\/anatomicadominican"]}]}},"_links":{"self":[{"href":"https:\/\/www.anatomicaclinic.com\/it\/wp-json\/wp\/v2\/pages\/6236","targetHints":{"allow":["GET"]}}],"collection":[{"href":"https:\/\/www.anatomicaclinic.com\/it\/wp-json\/wp\/v2\/pages"}],"about":[{"href":"https:\/\/www.anatomicaclinic.com\/it\/wp-json\/wp\/v2\/types\/page"}],"author":[{"embeddable":true,"href":"https:\/\/www.anatomicaclinic.com\/it\/wp-json\/wp\/v2\/users\/10"}],"replies":[{"embeddable":true,"href":"https:\/\/www.anatomicaclinic.com\/it\/wp-json\/wp\/v2\/comments?post=6236"}],"version-history":[{"count":1,"href":"https:\/\/www.anatomicaclinic.com\/it\/wp-json\/wp\/v2\/pages\/6236\/revisions"}],"predecessor-version":[{"id":8642,"href":"https:\/\/www.anatomicaclinic.com\/it\/wp-json\/wp\/v2\/pages\/6236\/revisions\/8642"}],"up":[{"embeddable":true,"href":"https:\/\/www.anatomicaclinic.com\/it\/wp-json\/wp\/v2\/pages\/6222"}],"wp:attachment":[{"href":"https:\/\/www.anatomicaclinic.com\/it\/wp-json\/wp\/v2\/media?parent=6236"}],"curies":[{"name":"wp","href":"https:\/\/api.w.org\/{rel}","templated":true}]}}