{"id":6238,"date":"2022-06-19T18:59:51","date_gmt":"2022-06-19T18:59:51","guid":{"rendered":"https:\/\/www.anatomicaclinic.com\/dental-treatments\/porcelain-inlays-and-onlays\/"},"modified":"2026-02-11T11:45:05","modified_gmt":"2026-02-11T11:45:05","slug":"inlay-e-onlay-in-porcellana","status":"publish","type":"page","link":"https:\/\/www.anatomicaclinic.com\/it\/trattamenti-odontoiatrici\/inlay-e-onlay-in-porcellana\/","title":{"rendered":"Inlay e Onlay in Porcellana"},"content":{"rendered":"<div class=\"wpb-content-wrapper\"><p>[vc_section][vc_row el_class=&#8221;container_1200&#8243;][vc_column][vc_row_inner][vc_column_inner][vc_custom_heading text=&#8221;Inlay e Onlay in Porcellana&#8221; font_container=&#8221;tag:h2|font_size:48|text_align:center&#8221; use_theme_fonts=&#8221;yes&#8221; el_class=&#8221;single-page-h2&#8243;][\/vc_column_inner][\/vc_row_inner][vc_row_inner][vc_column_inner][vc_column_text]La moderna odontoiatria estetica ci ha fornito progressi tecnologici che aiuteranno a creare otturazioni personalizzate per risolvere i problemi strutturali dei denti. Gli inlay e gli onlay in porcellana sono otturazioni dall&#8217;aspetto naturale che aiutano a riparare la superficie dei denti. Sono potenti e aiutano a prevenire futuri problemi dentali.<\/p> <p>Sia gli inlay che gli onlay in porcellana sono ottimi per i denti con cavit\u00e0 che richiedono una riparazione meno estesa rispetto a una corona dentale, ma sono abbastanza seri da richiedere qualcosa di pi\u00f9 di supporto di un&#8217;otturazione dentale. \u00c8 anche molto adatto per denti con piccole crepe o fratture che richiedono un restauro. Gli inlay e gli onlay in porcellana sono la scelta per preservare la massima quantit\u00e0 del proprio dente.<\/p> <p>Mentre gli inlay e gli onlay in porcellana spesso servono allo stesso scopo, ci sono piccole differenze tra i due:[\/vc_column_text][\/vc_column_inner][\/vc_row_inner][vc_row_inner][vc_column_inner width=&#8221;1\/3&#8243;][vc_single_image image=&#8221;5800&#8243; img_size=&#8221;full&#8221;][\/vc_column_inner][vc_column_inner width=&#8221;2\/3&#8243;][vc_column_text]<strong>Inlay in porcellana: <\/strong>Gli inlay vengono posizionati al centro del dente e incollati. Sono usati principalmente per denti cariati o danneggiati dove le aree problematiche sono poco profonde ma larghe e vicine alle superfici esterne del dente.<\/p> <p><strong>Onlay in porcellana: <\/strong>Gli onlay possono essere necessari laddove il riempimento di grandi dimensioni precedente non \u00e8 riuscito e deve essere sostituito o se \u00e8 presente un grande spazio che deve essere riparato. Gli onlay possono essere utilizzati anche per riparare danni a pi\u00f9 estremit\u00e0.<\/p> <p>Ogni opzione aiuta fornendo pi\u00f9 supporto alla struttura del dente rimanente, riducendo al minimo la possibilit\u00e0 che alla fine avrai bisogno di ulteriori trattamenti come corone, ponti o impianti dentali.<\/p> <p><strong>Qual \u00e8 la differenza tra inlay e onlay da otturazioni e corone?<\/strong><\/p> <p>Le otturazioni dentali vengono utilizzate per rimuovere la carie da quasi tutte le superfici dei denti. Le corone dentali vengono posizionate sui denti che sono stati indeboliti da carie o traumi. Gli inlay rimuovono la carie tra le punte dei denti. Gli onlay sono destinati alle carie sopra e alle estremit\u00e0 dei denti. Esistono applicazioni incrociate tra tutti questi servizi di restauro, ma ciascuno \u00e8 specificamente progettato per uno scopo diverso.[\/vc_column_text][\/vc_column_inner][\/vc_row_inner][vc_row_inner][vc_column_inner width=&#8221;2\/3&#8243;][vc_column_text]<strong>Vantaggi degli inlay e degli onlay in porcellana<\/strong><\/p> <p>Come accennato in precedenza, gli inlay e gli onlay in porcellana sono un&#8217;ottima soluzione quando i denti necessitano di restauri intermedi. Offrono molti vantaggi tra cui:<\/p> <p><strong>Applicazione speciale<\/strong>: Inlay e onlay richiedono una preparazione minima e proteggono il dente il pi\u00f9 possibile. Utilizzando le dimensioni del tuo dente esistente, viene creato uno stampo che si adatta perfettamente al tuo dente.<\/p> <p><strong>Aspetto naturale: <\/strong>La porcellana utilizzata \u00e8 adatta al colore del tuo dente attuale ed \u00e8 improbabile che sbiadisca nel tempo, come possono fare le otturazioni in resina.<\/p> <p><strong>Facile da pulire: <\/strong>Grazie alla loro aderenza perfetta, gli inlay e gli onlay sono proprio come i tuoi denti naturali, inoltre sono meno ingombranti delle corone dentali, facilitando lo spazzolamento e l&#8217;uso del filo interdentale. Inoltre non si macchiano facilmente.<\/p> <p><strong>Sensazione naturale: <\/strong>Se fatto bene, si sente e funziona proprio come i tuoi denti naturali.<\/p> <p><strong>Forza: <\/strong>Dopo l&#8217;adesione al dente, gli inserti in porcellana aggiungono forza e supporto al dente danneggiato.<\/p> <p><strong>Longevit\u00e0: <\/strong>Il materiale in porcellana \u00e8 altamente resistente e fatto per durare.<\/p> <p><strong>Sicurezza: <\/strong>Il materiale in porcellana non si restringe o si espande con cibi e bevande caldi o freddi, il che significa che non rompe i denti.[\/vc_column_text][\/vc_column_inner][vc_column_inner width=&#8221;1\/3&#8243;][vc_single_image image=&#8221;5801&#8243; img_size=&#8221;full&#8221;][\/vc_column_inner][\/vc_row_inner][\/vc_column][\/vc_row][\/vc_section]<\/p> <\/div>","protected":false},"excerpt":{"rendered":"[vc_section][vc_row el_class=&#8221;container_1200&#8243;][vc_column][vc_row_inner][vc_column_inner][vc_custom_heading text=&#8221;Inlay e Onlay in Porcellana&#8221; font_container=&#8221;tag:h2|font_size:48|text_align:center&#8221; use_theme_fonts=&#8221;yes&#8221; el_class=&#8221;single-page-h2&#8243;][\/vc_column_inner][\/vc_row_inner][vc_row_inner][vc_column_inner][vc_column_text]La moderna odontoiatria estetica ci ha fornito progressi tecnologici che aiuteranno a creare otturazioni personalizzate per risolvere i problemi strutturali dei denti. Gli inlay e gli onlay in porcellana sono otturazioni dall&#8217;aspetto naturale che aiutano a riparare la superficie dei denti. Sono potenti e aiutano a&#8230; <a class=\"view-article\" href=\"https:\/\/www.anatomicaclinic.com\/it\/trattamenti-odontoiatrici\/inlay-e-onlay-in-porcellana\/\">Mostra articolo<\/a>","protected":false},"author":10,"featured_media":0,"parent":6222,"menu_order":0,"comment_status":"closed","ping_status":"closed","template":"","meta":{"footnotes":""},"class_list":["post-6238","page","type-page","status-publish","hentry"],"yoast_head":"<!-- This site is optimized with the Yoast SEO plugin v27.0 - https:\/\/yoast.com\/product\/yoast-seo-wordpress\/ -->\n<title>Inlay e Onlay in Porcellana - Anatomica Cliniche<\/title>\n<meta name=\"description\" content=\"Inlay e Onlay in Porcellana - Anatomica Cliniche\" \/>\n<meta name=\"robots\" content=\"index, follow, max-snippet:-1, max-image-preview:large, max-video-preview:-1\" \/>\n<link rel=\"canonical\" href=\"https:\/\/www.anatomicaclinic.com\/it\/?page_id=6238\" \/>\n<meta property=\"og:locale\" content=\"it_IT\" \/>\n<meta property=\"og:type\" content=\"article\" \/>\n<meta property=\"og:title\" content=\"Inlay e Onlay in Porcellana - Anatomica Cliniche\" \/>\n<meta property=\"og:description\" content=\"Inlay e Onlay in Porcellana - Anatomica Cliniche\" \/>\n<meta property=\"og:url\" content=\"https:\/\/www.anatomicaclinic.com\/it\/?page_id=6238\" \/>\n<meta property=\"og:site_name\" content=\"Anatomica Cliniche\" \/>\n<meta property=\"article:publisher\" content=\"https:\/\/www.facebook.com\/anatomicadominican\" \/>\n<meta property=\"article:modified_time\" content=\"2026-02-11T11:45:05+00:00\" \/>\n<meta name=\"twitter:card\" content=\"summary_large_image\" \/>\n<meta name=\"twitter:label1\" content=\"Tempo di lettura stimato\" \/>\n\t<meta name=\"twitter:data1\" content=\"3 minuti\" \/>\n<script type=\"application\/ld+json\" class=\"yoast-schema-graph\">{\"@context\":\"https:\/\/schema.org\",\"@graph\":[{\"@type\":\"WebPage\",\"@id\":\"https:\/\/www.anatomicaclinic.com\/it\/?page_id=6238\",\"url\":\"https:\/\/www.anatomicaclinic.com\/it\/?page_id=6238\",\"name\":\"Inlay e Onlay in Porcellana - Anatomica Cliniche\",\"isPartOf\":{\"@id\":\"https:\/\/www.anatomicaclinic.com\/#website\"},\"datePublished\":\"2022-06-19T18:59:51+00:00\",\"dateModified\":\"2026-02-11T11:45:05+00:00\",\"description\":\"Inlay e Onlay in Porcellana - Anatomica Cliniche\",\"breadcrumb\":{\"@id\":\"https:\/\/www.anatomicaclinic.com\/it\/?page_id=6238#breadcrumb\"},\"inLanguage\":\"it-IT\",\"potentialAction\":[{\"@type\":\"ReadAction\",\"target\":[\"https:\/\/www.anatomicaclinic.com\/it\/?page_id=6238\"]}]},{\"@type\":\"BreadcrumbList\",\"@id\":\"https:\/\/www.anatomicaclinic.com\/it\/?page_id=6238#breadcrumb\",\"itemListElement\":[{\"@type\":\"ListItem\",\"position\":1,\"name\":\"Anasayfa\",\"item\":\"https:\/\/www.anatomicaclinic.com\/it\/\"},{\"@type\":\"ListItem\",\"position\":2,\"name\":\"Trattamenti Odontoiatrici\",\"item\":\"https:\/\/www.anatomicaclinic.com\/it\/?page_id=6222\"},{\"@type\":\"ListItem\",\"position\":3,\"name\":\"Inlay e Onlay in Porcellana\"}]},{\"@type\":\"WebSite\",\"@id\":\"https:\/\/www.anatomicaclinic.com\/#website\",\"url\":\"https:\/\/www.anatomicaclinic.com\/\",\"name\":\"Anatomica Clinic\",\"description\":\"Anatomica\",\"publisher\":{\"@id\":\"https:\/\/www.anatomicaclinic.com\/#organization\"},\"alternateName\":\"Anatomica Clinic International\",\"potentialAction\":[{\"@type\":\"SearchAction\",\"target\":{\"@type\":\"EntryPoint\",\"urlTemplate\":\"https:\/\/www.anatomicaclinic.com\/?s={search_term_string}\"},\"query-input\":{\"@type\":\"PropertyValueSpecification\",\"valueRequired\":true,\"valueName\":\"search_term_string\"}}],\"inLanguage\":\"it-IT\"},{\"@type\":\"Organization\",\"@id\":\"https:\/\/www.anatomicaclinic.com\/#organization\",\"name\":\"Anatomica Clinic Dominicana\",\"url\":\"https:\/\/www.anatomicaclinic.com\/\",\"logo\":{\"@type\":\"ImageObject\",\"inLanguage\":\"it-IT\",\"@id\":\"https:\/\/www.anatomicaclinic.com\/#\/schema\/logo\/image\/\",\"url\":\"https:\/\/www.anatomicaclinic.com\/wp-content\/uploads\/2023\/11\/8aa015e1-a0cd-4d48-b1d5-c9598cbdad99.jpg\",\"contentUrl\":\"https:\/\/www.anatomicaclinic.com\/wp-content\/uploads\/2023\/11\/8aa015e1-a0cd-4d48-b1d5-c9598cbdad99.jpg\",\"width\":1600,\"height\":1600,\"caption\":\"Anatomica Clinic Dominicana\"},\"image\":{\"@id\":\"https:\/\/www.anatomicaclinic.com\/#\/schema\/logo\/image\/\"},\"sameAs\":[\"https:\/\/www.facebook.com\/anatomicadominican\",\"https:\/\/instagram.com\/anatomicadominican\"]}]}<\/script>\n<!-- \/ Yoast SEO plugin. -->","yoast_head_json":{"title":"Inlay e Onlay in Porcellana - Anatomica Cliniche","description":"Inlay e Onlay in Porcellana - Anatomica Cliniche","robots":{"index":"index","follow":"follow","max-snippet":"max-snippet:-1","max-image-preview":"max-image-preview:large","max-video-preview":"max-video-preview:-1"},"canonical":"https:\/\/www.anatomicaclinic.com\/it\/?page_id=6238","og_locale":"it_IT","og_type":"article","og_title":"Inlay e Onlay in Porcellana - Anatomica Cliniche","og_description":"Inlay e Onlay in Porcellana - Anatomica Cliniche","og_url":"https:\/\/www.anatomicaclinic.com\/it\/?page_id=6238","og_site_name":"Anatomica Cliniche","article_publisher":"https:\/\/www.facebook.com\/anatomicadominican","article_modified_time":"2026-02-11T11:45:05+00:00","twitter_card":"summary_large_image","twitter_misc":{"Tempo di lettura stimato":"3 minuti"},"schema":{"@context":"https:\/\/schema.org","@graph":[{"@type":"WebPage","@id":"https:\/\/www.anatomicaclinic.com\/it\/?page_id=6238","url":"https:\/\/www.anatomicaclinic.com\/it\/?page_id=6238","name":"Inlay e Onlay in Porcellana - Anatomica Cliniche","isPartOf":{"@id":"https:\/\/www.anatomicaclinic.com\/#website"},"datePublished":"2022-06-19T18:59:51+00:00","dateModified":"2026-02-11T11:45:05+00:00","description":"Inlay e Onlay in Porcellana - Anatomica Cliniche","breadcrumb":{"@id":"https:\/\/www.anatomicaclinic.com\/it\/?page_id=6238#breadcrumb"},"inLanguage":"it-IT","potentialAction":[{"@type":"ReadAction","target":["https:\/\/www.anatomicaclinic.com\/it\/?page_id=6238"]}]},{"@type":"BreadcrumbList","@id":"https:\/\/www.anatomicaclinic.com\/it\/?page_id=6238#breadcrumb","itemListElement":[{"@type":"ListItem","position":1,"name":"Anasayfa","item":"https:\/\/www.anatomicaclinic.com\/it\/"},{"@type":"ListItem","position":2,"name":"Trattamenti Odontoiatrici","item":"https:\/\/www.anatomicaclinic.com\/it\/?page_id=6222"},{"@type":"ListItem","position":3,"name":"Inlay e Onlay in Porcellana"}]},{"@type":"WebSite","@id":"https:\/\/www.anatomicaclinic.com\/#website","url":"https:\/\/www.anatomicaclinic.com\/","name":"Anatomica Clinic","description":"Anatomica","publisher":{"@id":"https:\/\/www.anatomicaclinic.com\/#organization"},"alternateName":"Anatomica Clinic International","potentialAction":[{"@type":"SearchAction","target":{"@type":"EntryPoint","urlTemplate":"https:\/\/www.anatomicaclinic.com\/?s={search_term_string}"},"query-input":{"@type":"PropertyValueSpecification","valueRequired":true,"valueName":"search_term_string"}}],"inLanguage":"it-IT"},{"@type":"Organization","@id":"https:\/\/www.anatomicaclinic.com\/#organization","name":"Anatomica Clinic Dominicana","url":"https:\/\/www.anatomicaclinic.com\/","logo":{"@type":"ImageObject","inLanguage":"it-IT","@id":"https:\/\/www.anatomicaclinic.com\/#\/schema\/logo\/image\/","url":"https:\/\/www.anatomicaclinic.com\/wp-content\/uploads\/2023\/11\/8aa015e1-a0cd-4d48-b1d5-c9598cbdad99.jpg","contentUrl":"https:\/\/www.anatomicaclinic.com\/wp-content\/uploads\/2023\/11\/8aa015e1-a0cd-4d48-b1d5-c9598cbdad99.jpg","width":1600,"height":1600,"caption":"Anatomica Clinic Dominicana"},"image":{"@id":"https:\/\/www.anatomicaclinic.com\/#\/schema\/logo\/image\/"},"sameAs":["https:\/\/www.facebook.com\/anatomicadominican","https:\/\/instagram.com\/anatomicadominican"]}]}},"_links":{"self":[{"href":"https:\/\/www.anatomicaclinic.com\/it\/wp-json\/wp\/v2\/pages\/6238","targetHints":{"allow":["GET"]}}],"collection":[{"href":"https:\/\/www.anatomicaclinic.com\/it\/wp-json\/wp\/v2\/pages"}],"about":[{"href":"https:\/\/www.anatomicaclinic.com\/it\/wp-json\/wp\/v2\/types\/page"}],"author":[{"embeddable":true,"href":"https:\/\/www.anatomicaclinic.com\/it\/wp-json\/wp\/v2\/users\/10"}],"replies":[{"embeddable":true,"href":"https:\/\/www.anatomicaclinic.com\/it\/wp-json\/wp\/v2\/comments?post=6238"}],"version-history":[{"count":1,"href":"https:\/\/www.anatomicaclinic.com\/it\/wp-json\/wp\/v2\/pages\/6238\/revisions"}],"predecessor-version":[{"id":8645,"href":"https:\/\/www.anatomicaclinic.com\/it\/wp-json\/wp\/v2\/pages\/6238\/revisions\/8645"}],"up":[{"embeddable":true,"href":"https:\/\/www.anatomicaclinic.com\/it\/wp-json\/wp\/v2\/pages\/6222"}],"wp:attachment":[{"href":"https:\/\/www.anatomicaclinic.com\/it\/wp-json\/wp\/v2\/media?parent=6238"}],"curies":[{"name":"wp","href":"https:\/\/api.w.org\/{rel}","templated":true}]}}