{"id":6250,"date":"2022-05-16T08:10:07","date_gmt":"2022-05-16T08:10:07","guid":{"rendered":"https:\/\/www.anatomicaclinic.com\/gdpr\/"},"modified":"2026-02-11T11:45:03","modified_gmt":"2026-02-11T11:45:03","slug":"gdpr","status":"publish","type":"page","link":"https:\/\/www.anatomicaclinic.com\/it\/gdpr\/","title":{"rendered":"GDPR"},"content":{"rendered":"<div class=\"wpb-content-wrapper\"><p>[vc_section el_id=&#8221;section-page-kvkk&#8221;][vc_row el_class=&#8221;container_1200&#8243;][vc_column][vc_custom_heading text=&#8221;MODULO INFORMATIVO SULLA RACCOLTA E IL TRATTAMENTO DEI DATI PERSONALI&#8221; use_theme_fonts=&#8221;yes&#8221; el_class=&#8221;kvkk-main-title&#8221;][vc_column_text el_class=&#8221;kvkk-text&#8221;]La Clinica Anatomica (Anatomica) e gli azionisti di maggioranza, le societ\u00e0 madri e le affiliate di Anatomica (di seguito denominate collettivamente il Gruppo Anatomica) possono, in qualit\u00e0 di Garante dei dati personali ai sensi della legge sulla protezione dei dati personali n. 6698 (la legge) e altre leggi e regolamenti pertinenti, trattano i vostri dati personali nel quadro seguente e in stretta conformit\u00e0 con la legge sui servizi sanitari di base n. 3359, il decreto legge governativo sull&#8217;organizzazione e le funzioni del Ministero della Salute e delle sue societ\u00e0 affiliate n. 663, Regolamento degli ospedali privati, e altri regolamenti del Ministero della Salute, e altre leggi e disposizioni applicabili.[\/vc_column_text][vc_custom_heading text=&#8221;1. Raccolta e trattamento dei dati personali e scopi del trattamento:&#8221; use_theme_fonts=&#8221;yes&#8221; el_class=&#8221;kvkk-title&#8221;][vc_column_text el_class=&#8221;kvkk-text&#8221;]I suoi dati personali sono raccolti e ottenuti verbalmente, per iscritto, o con mezzi visivi o elettronici, attraverso un call center, un sito Internet, verbalmente, per iscritto o altri canali simili per l&#8217;esecuzione di servizi quali la tutela della salute pubblica, la medicina preventiva, la diagnosi medica, la cura e i servizi di manutenzione offerti dal Gruppo Anatomica, o per la pianificazione e la gestione dei servizi sanitari e dei finanziamenti, e in conformit\u00e0 con le aree di business delle Societ\u00e0 del Gruppo Anatomica. Possiamo divulgare i suoi dati personali, i servizi di trattamento e manutenzione offerti dal Gruppo Anatomica, o per la pianificazione e la gestione dei servizi sanitari e di finanziamento, e in conformit\u00e0 con le aree di business delle Societ\u00e0 del Gruppo Anatomica. I vostri dati personali generali e i dati personali speciali, in particolare i vostri dati sanitari, possono essere trattati dal gruppo in misura limitata per tutti gli scopi, compresi, ma non solo, i seguenti scopi:<\/p> <p><strong>&#8211; I suoi dati e informazioni sull&#8217;identit\u00e0: il <\/strong>suo nome, cognome, numero di identit\u00e0 T.R., numero di passaporto o numero di identit\u00e0 T.R., data e luogo di nascita, stato civile, sesso, numero di sicurezza sociale o numero di protocollo del paziente, cos\u00ec come altri dati di identit\u00e0 che possono essere utili per identificarla; e<\/p> <p><strong>&#8211; I suoi dati di comunicazione: il <\/strong>suo indirizzo, numero di telefono, indirizzo e-mail e altri dati di comunicazione, e la sua intervista verbale o le registrazioni delle chiamate mantenute dal servizio clienti o dai dipartimenti di assistenza ai pazienti secondo gli standard dei call center, cos\u00ec come i suoi dati personali raccolti quando comunica con noi via e-mail, lettera o altri mezzi di comunicazione; e<\/p> <p><strong>&#8211; Le sue informazioni contabili: il <\/strong>suo numero di conto bancario, il numero IBAN, i dettagli della carta di credito, i dettagli di fatturazione e altri dati e informazioni finanziarie simili; e<\/p> <p>&#8211; I suoi dati di assicurazione sanitaria privata e i dati e le informazioni della Social Security Agency, come necessario per finanziare e pianificare i servizi di assistenza sanitaria; e<\/p> <p>&#8211; Le registrazioni e le immagini della sua telecamera prese e conservate per scopi di sicurezza e di controllo ogni volta che visita i nostri ospedali o centri medici; e<\/p> <p>&#8211; Il numero di targa della sua auto se usa il parcheggio; e<\/p> <p><strong>&#8211; Le sue informazioni sull&#8217;assistenza sanitaria: i <\/strong>suoi dati personali sulla salute e sulla vita sessuale acquisiti e raccolti nel corso della fornitura o come risultato dei servizi di diagnosi, trattamento e assistenza sanitaria, inclusi, ma non limitati a, i risultati delle analisi di laboratorio, i risultati dei test, i dati degli esami medici, i dati e le informazioni sugli appuntamenti, i dati di monitoraggio e i dati e le informazioni sulle prescrizioni; e<\/p> <p>I suoi dati personali ottenuti e trattati in conformit\u00e0 con le leggi e i regolamenti applicabili possono essere trasferiti in archivi fisici e\/o sistemi informatici di Anatomica o del Gruppo Anatomica e possono essere conservati e archiviati su piattaforme sia digitali che fisiche.[\/vc_column_text][vc_custom_heading text=&#8221;2. Trasferimento di dati personali&#8221; use_theme_fonts=&#8221;yes&#8221; el_class=&#8221;kvkk-title&#8221;][vc_column_text el_class=&#8221;kvkk-text&#8221;]I vostri dati personali possono essere condivisi da Anatomica e dal Gruppo Anatomica con le aziende incluse nel Gruppo Anatomica o con le compagnie di assicurazione private, il Ministero della Salute e le sue sotto-unit\u00e0, il Fondo di Assicurazione Sociale, la Direzione Generale della Sicurezza e altre forze di sicurezza, la Direzione Generale della Popolazione e del Censimento, l&#8217;Associazione dei Farmacisti Turchi, i tribunali e tutti i tipi di altre autorit\u00e0 legali, terze parti centrali, ecc, i loro rappresentanti e agenti autorizzati, e terze parti che ci forniscono servizi di consulenza e assistenza, compresi, ma non solo, avvocati, consulenti fiscali e finanziari e revisori, e i nostri partner commerciali e altre terze parti che agiscono in collaborazione con noi per lo svolgimento della nostra attivit\u00e0, i loro rappresentanti e agenti autorizzati e i terzi che ci forniscono servizi di consulenza, compresi, a titolo esemplificativo ma non esaustivo, avvocati, consulenti fiscali e finanziari e revisori dei conti, nonch\u00e9 i nostri partner commerciali e altri terzi che agiscono in collaborazione con noi per l&#8217;ulteriore sviluppo o l&#8217;esecuzione di servizi sanitari per le finalit\u00e0 di cui sopra, compresi anche gli organismi e le autorit\u00e0 di regolamentazione e di vigilanza e le autorit\u00e0 ufficiali, per le finalit\u00e0 di trattamento sopra elencate, in conformit\u00e0 con la Legge e altre leggi e regolamenti applicabili.[\/vc_column_text][vc_custom_heading text=&#8221;3. Modalit\u00e0 e motivi legali per la raccolta di dati personali&#8221; use_theme_fonts=&#8221;yes&#8221; el_class=&#8221;kvkk-title&#8221;][vc_column_text el_class=&#8221;kvkk-text&#8221;]I suoi dati personali sono raccolti e trattati con tutti i tipi di mezzi verbali, scritti, visivi o elettronici, per le finalit\u00e0 sopra elencate, e per l&#8217;esecuzione di tutti i tipi di lavoro che rientrano nei campi di attivit\u00e0 di Anatomica Group nell&#8217;ambito legale, e di conseguenza, per la piena e dovuta esecuzione di tutti i tipi di doveri e obblighi contrattuali e legali di Anatomica Group. I motivi legali per la raccolta e l&#8217;acquisizione dei vostri dati personali sono le disposizioni pertinenti di:<\/p> <p>&#8211; Legge sulla protezione dei dati personali n. 6698; e<\/p> <p>&#8211; Legge sui servizi sanitari di base n. 3359; e<\/p> <p>&#8211; Decreto legge governativo sull&#8217;organizzazione e le funzioni del Ministero della Salute e delle sue aziende affiliate n. 663; e<\/p> <p>&#8211; Regolamenti sugli ospedali privati; e<\/p> <p>&#8211; Regolamento sul trattamento e la protezione della privacy delle informazioni sanitarie personali; e<\/p> <p>&#8211; altri regolamenti del Ministero della Salute, e altre leggi e regolamenti applicabili.<\/p> <p>Inoltre, secondo le disposizioni dell&#8217;articolo 6 (3) della legge, i dati personali relativi alla salute possono essere trattati anche da persone soggette a obblighi di segretezza o da enti e organismi ufficiali autorizzati, senza poter ottenere un consenso esplicito preventivo per il relativo scopo, unicamente per la protezione della salute pubblica, la medicina preventiva, la diagnosi medica, le cure e i servizi di manutenzione, nonch\u00e9 per la pianificazione e la gestione dei servizi sanitari e il loro finanziamento.[\/vc_column_text][vc_custom_heading text=&#8221;4. I vostri diritti di protezione dei dati personali&#8221; use_theme_fonts=&#8221;yes&#8221; el_class=&#8221;kvkk-title&#8221;][vc_column_text el_class=&#8221;kvkk-text&#8221;]In conformit\u00e0 con la legge e altre leggi e regolamenti applicabili, avete diritto a:<\/p> <p>&#8211; Sapere se i loro dati personali sono trattati o meno; e<\/p> <p>&#8211; Se i suoi dati personali sono trattati, per richiedere informazioni relative ai suoi dati personali; e<\/p> <p>&#8211; Accesso e richiesta di informazioni e dati sanitari personali; e<\/p> <p>&#8211; Conoscere lo scopo del trattamento dei dati personali e sapere se sono usati o meno per gli scopi previsti; e<\/p> <p>&#8211; Conoscere l&#8217;indirizzo di terzi nel paese o all&#8217;estero e a chi vengono trasferiti i loro dati personali; e<\/p> <p>&#8211; Se i suoi dati personali sono trattati in modo incompleto o scorretto, per richiedere la correzione o il completamento del trattamento; e<\/p> <p>&#8211; Richiedere la cancellazione o la distruzione dei loro dati personali; e<\/p> <p>&#8211; Richiedere che i terzi a cui sono stati precedentemente trasferiti i loro dati personali siano informati della correzione o della cessazione dei loro dati personali in caso di trattamento incompleto o erroneo, e\/o della cancellazione o della distruzione dei loro dati personali; e<\/p> <p>&#8211; Opporsi alle conclusioni che possono essere tratte contro i loro interessi dall&#8217;analisi dei loro dati personali trattati esclusivamente da sistemi automatizzati.<\/p> <p>Se in qualsiasi momento lei si avvale di uno o pi\u00f9 dei suoi diritti summenzionati, l&#8217;informazione relativa le sar\u00e0 trasmessa in modo chiaro e comprensibile, per iscritto o per via elettronica, utilizzando i dati di comunicazione e le informazioni da lei fornite.[\/vc_column_text][vc_custom_heading text=&#8221;5. Sicurezza dei dati&#8221; use_theme_fonts=&#8221;yes&#8221; el_class=&#8221;kvkk-title&#8221;][vc_column_text el_class=&#8221;kvkk-text&#8221;]Anatomica Group protegge i tuoi dati personali nel pieno e rigoroso rispetto di tutti i controlli di sicurezza tecnici e amministrativi richiesti dagli standard e dalle procedure di sicurezza delle informazioni. Tali azioni e misure di sicurezza sono prese e fornite a un livello adeguato ai rischi probabili, tenendo conto anche delle possibilit\u00e0 tecnologiche.[\/vc_column_text][vc_custom_heading text=&#8221;6. Reclami e comunicazioni&#8221; use_theme_fonts=&#8221;yes&#8221; el_class=&#8221;kvkk-title&#8221;][vc_column_text el_class=&#8221;kvkk-text&#8221;]Se desiderate presentare le vostre richieste e domande relative ai vostri dati personali, vi preghiamo di utilizzare il Modulo di richiesta per persone rilevanti;<\/p> <p>&#8211; Inviandolo a GAYRETTEPE MAH.MEVL\u00dcT PEHL\u0130VAN CAD.NO.23 \u015e\u0130\u0130\u015eL\u0130\/\u0130STANBUL con firma umida e fotocopia della carta d&#8217;identit\u00e0<\/p> <p>&#8211; Presentandosi di persona alla Direzione Generale del Gruppo Anatomica situata all&#8217;indirizzo GAYRETTEPE MAH.MEVL\u00dcT PEHL\u0130VAN CAD.NO.23 \u015e\u0130\u015e\u015eL\u0130\/\u0130STANBUL, con un documento di identit\u00e0 valido,<\/p> <p>&#8211; Firma con una firma mobile o una firma elettronica sicura e invia un&#8217;e-mail a kvkk@anatomica.com.tr,<\/p> <p>&#8211; Puoi inoltrarla al Gruppo Anatomica inviandola al nostro indirizzo e-mail registrato sergun@hs08.kep.tr utilizzando un indirizzo e-mail registrato (KEP) e una firma elettronica sicura o una firma mobile.<\/p> <p>Tutti i tipi di dati personali ottenuti dal Gruppo Anatomica (inclusi, ma non limitati ai dati personali speciali) possono essere trattati per le seguenti finalit\u00e0:<\/p> <p>&#8211; Per la conferma dell&#8217;identit\u00e0; e<\/p> <p>&#8211; Per la protezione della salute pubblica, la medicina preventiva, la diagnosi medica, il trattamento e i servizi di manutenzione, e per la pianificazione e la gestione dei servizi sanitari e il loro finanziamento; e<\/p> <p>&#8211; Condividere le informazioni richieste con il Ministero della Salute e altri enti e amministrazioni pubbliche pertinenti, in conformit\u00e0 con le leggi e i regolamenti applicabili; e<\/p> <p>&#8211; Pianificazione e gestione delle operazioni interne e delle operazioni quotidiane dei nostri ospedali e centri medici; e<\/p> <p>&#8211; Misurazione, miglioramento e studio della soddisfazione del paziente da parte dei dipartimenti Gestione dell&#8217;ospedale, Diritti del paziente e Esperienza del paziente; e<\/p> <p>&#8211; Approvvigionamento di medicinali; e<\/p> <p>&#8211; Se si ottiene un appuntamento, tenervi informati sull&#8217;appuntamento; e<\/p> <p>&#8211; Attuazione della gestione del rischio e delle attivit\u00e0 di miglioramento della qualit\u00e0; e<\/p> <p>&#8211; Condurre analisi per un ulteriore sviluppo dei servizi sanitari; e<\/p> <p>&#8211; Finanziamento dei suoi servizi di assistenza sanitaria da parte dei Servizi ai pazienti. I dipartimenti Affari Finanziari e Marketing, e il pagamento dei vostri costi di esame medico, diagnosi e trattamento. e la condivisione delle informazioni richieste con le compagnie private di assicurazione sanitaria come parte della vostra consultazione per l&#8217;idoneit\u00e0; e<\/p> <p>&#8211; Condurre ricerche e studi; e<\/p> <p>&#8211; Conformit\u00e0 con i requisiti e le condizioni legali e regolamentari; e<\/p> <p>&#8211; Scambio di informazioni richieste con compagnie private di assicurazione sanitaria nel corso del finanziamento di servizi di assistenza sanitaria; e<\/p> <p>&#8211; Attuazione della gestione del rischio e delle attivit\u00e0 di sviluppo della qualit\u00e0 da parte dei dipartimenti Qualit\u00e0, Esperienza del paziente e Sistemi informativi; e<\/p> <p>&#8211; Emissione di fatture per i servizi ai pazienti. Questioni finanziarie e i rispettivi dipartimenti in considerazione dei nostri servizi. e la conferma dei loro rapporti con le istituzioni e le aziende contrattate; e<\/p> <p>&#8211; Partecipazione a campagne e diffusione di informazioni sulle campagne. e progettazione e trasmissione di contenuti speciali, caratteristiche discrete e astratte su canali web e mobili, da parte dei dipartimenti Media e Comunicazione e Call Center.[\/vc_column_text][\/vc_column][\/vc_row][\/vc_section]<\/p> <\/div>","protected":false},"excerpt":{"rendered":"[vc_section el_id=&#8221;section-page-kvkk&#8221;][vc_row el_class=&#8221;container_1200&#8243;][vc_column][vc_custom_heading text=&#8221;MODULO INFORMATIVO SULLA RACCOLTA E IL TRATTAMENTO DEI DATI PERSONALI&#8221; use_theme_fonts=&#8221;yes&#8221; el_class=&#8221;kvkk-main-title&#8221;][vc_column_text el_class=&#8221;kvkk-text&#8221;]La Clinica Anatomica (Anatomica) e gli azionisti di maggioranza, le societ\u00e0 madri e le affiliate di Anatomica (di seguito denominate collettivamente il Gruppo Anatomica) possono, in qualit\u00e0 di Garante dei dati personali ai sensi della legge sulla protezione dei dati&#8230; <a class=\"view-article\" href=\"https:\/\/www.anatomicaclinic.com\/it\/gdpr\/\">Mostra articolo<\/a>","protected":false},"author":1,"featured_media":0,"parent":0,"menu_order":0,"comment_status":"closed","ping_status":"closed","template":"","meta":{"footnotes":""},"class_list":["post-6250","page","type-page","status-publish","hentry"],"yoast_head":"<!-- This site is optimized with the Yoast SEO plugin v27.0 - https:\/\/yoast.com\/product\/yoast-seo-wordpress\/ -->\n<title>GDPR - Anatomica Cliniche<\/title>\n<meta name=\"description\" content=\"GDPR - Anatomica Cliniche\" \/>\n<meta name=\"robots\" content=\"index, follow, max-snippet:-1, max-image-preview:large, max-video-preview:-1\" \/>\n<link rel=\"canonical\" href=\"https:\/\/www.anatomicaclinic.com\/it\/?page_id=6250\" \/>\n<meta property=\"og:locale\" content=\"it_IT\" \/>\n<meta property=\"og:type\" content=\"article\" \/>\n<meta property=\"og:title\" content=\"GDPR - Anatomica Cliniche\" \/>\n<meta property=\"og:description\" content=\"GDPR - Anatomica Cliniche\" \/>\n<meta property=\"og:url\" content=\"https:\/\/www.anatomicaclinic.com\/it\/?page_id=6250\" \/>\n<meta property=\"og:site_name\" content=\"Anatomica Cliniche\" \/>\n<meta property=\"article:publisher\" content=\"https:\/\/www.facebook.com\/anatomicadominican\" \/>\n<meta property=\"article:modified_time\" content=\"2026-02-11T11:45:03+00:00\" \/>\n<meta name=\"twitter:card\" content=\"summary_large_image\" \/>\n<meta name=\"twitter:label1\" content=\"Tempo di lettura stimato\" \/>\n\t<meta name=\"twitter:data1\" content=\"8 minuti\" \/>\n<script type=\"application\/ld+json\" class=\"yoast-schema-graph\">{\"@context\":\"https:\/\/schema.org\",\"@graph\":[{\"@type\":\"WebPage\",\"@id\":\"https:\/\/www.anatomicaclinic.com\/it\/?page_id=6250\",\"url\":\"https:\/\/www.anatomicaclinic.com\/it\/?page_id=6250\",\"name\":\"GDPR - Anatomica Cliniche\",\"isPartOf\":{\"@id\":\"https:\/\/www.anatomicaclinic.com\/#website\"},\"datePublished\":\"2022-05-16T08:10:07+00:00\",\"dateModified\":\"2026-02-11T11:45:03+00:00\",\"description\":\"GDPR - Anatomica Cliniche\",\"breadcrumb\":{\"@id\":\"https:\/\/www.anatomicaclinic.com\/it\/?page_id=6250#breadcrumb\"},\"inLanguage\":\"it-IT\",\"potentialAction\":[{\"@type\":\"ReadAction\",\"target\":[\"https:\/\/www.anatomicaclinic.com\/it\/?page_id=6250\"]}]},{\"@type\":\"BreadcrumbList\",\"@id\":\"https:\/\/www.anatomicaclinic.com\/it\/?page_id=6250#breadcrumb\",\"itemListElement\":[{\"@type\":\"ListItem\",\"position\":1,\"name\":\"Anasayfa\",\"item\":\"https:\/\/www.anatomicaclinic.com\/it\/\"},{\"@type\":\"ListItem\",\"position\":2,\"name\":\"GDPR\"}]},{\"@type\":\"WebSite\",\"@id\":\"https:\/\/www.anatomicaclinic.com\/#website\",\"url\":\"https:\/\/www.anatomicaclinic.com\/\",\"name\":\"Anatomica Clinic\",\"description\":\"Anatomica\",\"publisher\":{\"@id\":\"https:\/\/www.anatomicaclinic.com\/#organization\"},\"alternateName\":\"Anatomica Clinic International\",\"potentialAction\":[{\"@type\":\"SearchAction\",\"target\":{\"@type\":\"EntryPoint\",\"urlTemplate\":\"https:\/\/www.anatomicaclinic.com\/?s={search_term_string}\"},\"query-input\":{\"@type\":\"PropertyValueSpecification\",\"valueRequired\":true,\"valueName\":\"search_term_string\"}}],\"inLanguage\":\"it-IT\"},{\"@type\":\"Organization\",\"@id\":\"https:\/\/www.anatomicaclinic.com\/#organization\",\"name\":\"Anatomica Clinic Dominicana\",\"url\":\"https:\/\/www.anatomicaclinic.com\/\",\"logo\":{\"@type\":\"ImageObject\",\"inLanguage\":\"it-IT\",\"@id\":\"https:\/\/www.anatomicaclinic.com\/#\/schema\/logo\/image\/\",\"url\":\"https:\/\/www.anatomicaclinic.com\/wp-content\/uploads\/2023\/11\/8aa015e1-a0cd-4d48-b1d5-c9598cbdad99.jpg\",\"contentUrl\":\"https:\/\/www.anatomicaclinic.com\/wp-content\/uploads\/2023\/11\/8aa015e1-a0cd-4d48-b1d5-c9598cbdad99.jpg\",\"width\":1600,\"height\":1600,\"caption\":\"Anatomica Clinic Dominicana\"},\"image\":{\"@id\":\"https:\/\/www.anatomicaclinic.com\/#\/schema\/logo\/image\/\"},\"sameAs\":[\"https:\/\/www.facebook.com\/anatomicadominican\",\"https:\/\/instagram.com\/anatomicadominican\"]}]}<\/script>\n<!-- \/ Yoast SEO plugin. -->","yoast_head_json":{"title":"GDPR - Anatomica Cliniche","description":"GDPR - Anatomica Cliniche","robots":{"index":"index","follow":"follow","max-snippet":"max-snippet:-1","max-image-preview":"max-image-preview:large","max-video-preview":"max-video-preview:-1"},"canonical":"https:\/\/www.anatomicaclinic.com\/it\/?page_id=6250","og_locale":"it_IT","og_type":"article","og_title":"GDPR - Anatomica Cliniche","og_description":"GDPR - Anatomica Cliniche","og_url":"https:\/\/www.anatomicaclinic.com\/it\/?page_id=6250","og_site_name":"Anatomica Cliniche","article_publisher":"https:\/\/www.facebook.com\/anatomicadominican","article_modified_time":"2026-02-11T11:45:03+00:00","twitter_card":"summary_large_image","twitter_misc":{"Tempo di lettura stimato":"8 minuti"},"schema":{"@context":"https:\/\/schema.org","@graph":[{"@type":"WebPage","@id":"https:\/\/www.anatomicaclinic.com\/it\/?page_id=6250","url":"https:\/\/www.anatomicaclinic.com\/it\/?page_id=6250","name":"GDPR - Anatomica Cliniche","isPartOf":{"@id":"https:\/\/www.anatomicaclinic.com\/#website"},"datePublished":"2022-05-16T08:10:07+00:00","dateModified":"2026-02-11T11:45:03+00:00","description":"GDPR - Anatomica Cliniche","breadcrumb":{"@id":"https:\/\/www.anatomicaclinic.com\/it\/?page_id=6250#breadcrumb"},"inLanguage":"it-IT","potentialAction":[{"@type":"ReadAction","target":["https:\/\/www.anatomicaclinic.com\/it\/?page_id=6250"]}]},{"@type":"BreadcrumbList","@id":"https:\/\/www.anatomicaclinic.com\/it\/?page_id=6250#breadcrumb","itemListElement":[{"@type":"ListItem","position":1,"name":"Anasayfa","item":"https:\/\/www.anatomicaclinic.com\/it\/"},{"@type":"ListItem","position":2,"name":"GDPR"}]},{"@type":"WebSite","@id":"https:\/\/www.anatomicaclinic.com\/#website","url":"https:\/\/www.anatomicaclinic.com\/","name":"Anatomica Clinic","description":"Anatomica","publisher":{"@id":"https:\/\/www.anatomicaclinic.com\/#organization"},"alternateName":"Anatomica Clinic International","potentialAction":[{"@type":"SearchAction","target":{"@type":"EntryPoint","urlTemplate":"https:\/\/www.anatomicaclinic.com\/?s={search_term_string}"},"query-input":{"@type":"PropertyValueSpecification","valueRequired":true,"valueName":"search_term_string"}}],"inLanguage":"it-IT"},{"@type":"Organization","@id":"https:\/\/www.anatomicaclinic.com\/#organization","name":"Anatomica Clinic Dominicana","url":"https:\/\/www.anatomicaclinic.com\/","logo":{"@type":"ImageObject","inLanguage":"it-IT","@id":"https:\/\/www.anatomicaclinic.com\/#\/schema\/logo\/image\/","url":"https:\/\/www.anatomicaclinic.com\/wp-content\/uploads\/2023\/11\/8aa015e1-a0cd-4d48-b1d5-c9598cbdad99.jpg","contentUrl":"https:\/\/www.anatomicaclinic.com\/wp-content\/uploads\/2023\/11\/8aa015e1-a0cd-4d48-b1d5-c9598cbdad99.jpg","width":1600,"height":1600,"caption":"Anatomica Clinic Dominicana"},"image":{"@id":"https:\/\/www.anatomicaclinic.com\/#\/schema\/logo\/image\/"},"sameAs":["https:\/\/www.facebook.com\/anatomicadominican","https:\/\/instagram.com\/anatomicadominican"]}]}},"_links":{"self":[{"href":"https:\/\/www.anatomicaclinic.com\/it\/wp-json\/wp\/v2\/pages\/6250","targetHints":{"allow":["GET"]}}],"collection":[{"href":"https:\/\/www.anatomicaclinic.com\/it\/wp-json\/wp\/v2\/pages"}],"about":[{"href":"https:\/\/www.anatomicaclinic.com\/it\/wp-json\/wp\/v2\/types\/page"}],"author":[{"embeddable":true,"href":"https:\/\/www.anatomicaclinic.com\/it\/wp-json\/wp\/v2\/users\/1"}],"replies":[{"embeddable":true,"href":"https:\/\/www.anatomicaclinic.com\/it\/wp-json\/wp\/v2\/comments?post=6250"}],"version-history":[{"count":1,"href":"https:\/\/www.anatomicaclinic.com\/it\/wp-json\/wp\/v2\/pages\/6250\/revisions"}],"predecessor-version":[{"id":8625,"href":"https:\/\/www.anatomicaclinic.com\/it\/wp-json\/wp\/v2\/pages\/6250\/revisions\/8625"}],"wp:attachment":[{"href":"https:\/\/www.anatomicaclinic.com\/it\/wp-json\/wp\/v2\/media?parent=6250"}],"curies":[{"name":"wp","href":"https:\/\/api.w.org\/{rel}","templated":true}]}}