{"id":6265,"date":"2022-06-19T18:58:13","date_gmt":"2022-06-19T18:58:13","guid":{"rendered":"https:\/\/www.anatomicaclinic.com\/medical-aesthetics\/filorga-nctf-135\/"},"modified":"2026-02-11T11:45:04","modified_gmt":"2026-02-11T11:45:04","slug":"filorga-nctf-135","status":"publish","type":"page","link":"https:\/\/www.anatomicaclinic.com\/it\/filorga-nctf-135\/","title":{"rendered":"Filorga NCTF 135"},"content":{"rendered":"<div class=\"wpb-content-wrapper\"><p>[vc_section][vc_row el_class=&#8221;container_1200&#8243;][vc_column][vc_row_inner][vc_column_inner][vc_custom_heading text=&#8221;Filorga NCTF 135&#8243; font_container=&#8221;tag:h2|font_size:48|text_align:center&#8221; use_theme_fonts=&#8221;yes&#8221; el_class=&#8221;single-page-h2&#8243;][\/vc_column_inner][\/vc_row_inner][vc_row_inner][vc_column_inner width=&#8221;1\/3&#8243;][vc_single_image image=&#8221;5786&#8243; img_size=&#8221;full&#8221;][\/vc_column_inner][vc_column_inner width=&#8221;2\/3&#8243;][vc_column_text]Rivitalizzante (NCTF 135); \u00c8 un&#8217;applicazione di mesoterapia altamente efficace che contiene vitamine, acido ialuronico, antiossidanti, minerali ed enzimi. Ripara i danni causati da fattori quali invecchiamento, esposizione al sole, vita irregolare e alimentazione scorretta. Restituisce alla pelle la sua luminosit\u00e0 e vitalit\u00e0 alla pelle invecchiata. NCTF 135 pu\u00f2 essere applicato anche intorno agli occhi. Migliora la qualit\u00e0 del corso di arresto rimuovendo le rughe sottili e riducendo l&#8217;aspetto scuro.[\/vc_column_text][\/vc_column_inner][\/vc_row_inner][\/vc_column][\/vc_row][\/vc_section]<\/p> <\/div>","protected":false},"excerpt":{"rendered":"[vc_section][vc_row el_class=&#8221;container_1200&#8243;][vc_column][vc_row_inner][vc_column_inner][vc_custom_heading text=&#8221;Filorga NCTF 135&#8243; font_container=&#8221;tag:h2|font_size:48|text_align:center&#8221; use_theme_fonts=&#8221;yes&#8221; el_class=&#8221;single-page-h2&#8243;][\/vc_column_inner][\/vc_row_inner][vc_row_inner][vc_column_inner width=&#8221;1\/3&#8243;][vc_single_image image=&#8221;5786&#8243; img_size=&#8221;full&#8221;][\/vc_column_inner][vc_column_inner width=&#8221;2\/3&#8243;][vc_column_text]Rivitalizzante (NCTF 135); \u00c8 un&#8217;applicazione di mesoterapia altamente efficace che contiene vitamine, acido ialuronico, antiossidanti, minerali ed enzimi. Ripara i danni causati da fattori quali invecchiamento, esposizione al sole, vita irregolare e alimentazione scorretta. Restituisce alla pelle la sua luminosit\u00e0 e vitalit\u00e0 alla pelle&#8230; <a class=\"view-article\" href=\"https:\/\/www.anatomicaclinic.com\/it\/filorga-nctf-135\/\">Mostra articolo<\/a>","protected":false},"author":10,"featured_media":0,"parent":0,"menu_order":0,"comment_status":"closed","ping_status":"closed","template":"","meta":{"footnotes":""},"class_list":["post-6265","page","type-page","status-publish","hentry"],"yoast_head":"<!-- This site is optimized with the Yoast SEO plugin v27.0 - https:\/\/yoast.com\/product\/yoast-seo-wordpress\/ -->\n<title>Filorga NCTF 135 - Anatomica Cliniche<\/title>\n<meta name=\"description\" content=\"Filorga NCTF 135 - Anatomica Cliniche\" \/>\n<meta name=\"robots\" content=\"index, follow, max-snippet:-1, max-image-preview:large, max-video-preview:-1\" \/>\n<link rel=\"canonical\" href=\"https:\/\/www.anatomicaclinic.com\/it\/?page_id=6265\" \/>\n<meta property=\"og:locale\" content=\"it_IT\" \/>\n<meta property=\"og:type\" content=\"article\" \/>\n<meta property=\"og:title\" content=\"Filorga NCTF 135 - Anatomica Cliniche\" \/>\n<meta property=\"og:description\" content=\"Filorga NCTF 135 - Anatomica Cliniche\" \/>\n<meta property=\"og:url\" content=\"https:\/\/www.anatomicaclinic.com\/it\/?page_id=6265\" \/>\n<meta property=\"og:site_name\" content=\"Anatomica Cliniche\" \/>\n<meta property=\"article:publisher\" content=\"https:\/\/www.facebook.com\/anatomicadominican\" \/>\n<meta property=\"article:modified_time\" content=\"2026-02-11T11:45:04+00:00\" \/>\n<meta name=\"twitter:card\" content=\"summary_large_image\" \/>\n<meta name=\"twitter:label1\" content=\"Tempo di lettura stimato\" \/>\n\t<meta name=\"twitter:data1\" content=\"1 minuto\" \/>\n<script type=\"application\/ld+json\" class=\"yoast-schema-graph\">{\"@context\":\"https:\/\/schema.org\",\"@graph\":[{\"@type\":\"WebPage\",\"@id\":\"https:\/\/www.anatomicaclinic.com\/it\/?page_id=6265\",\"url\":\"https:\/\/www.anatomicaclinic.com\/it\/?page_id=6265\",\"name\":\"Filorga NCTF 135 - Anatomica Cliniche\",\"isPartOf\":{\"@id\":\"https:\/\/www.anatomicaclinic.com\/#website\"},\"datePublished\":\"2022-06-19T18:58:13+00:00\",\"dateModified\":\"2026-02-11T11:45:04+00:00\",\"description\":\"Filorga NCTF 135 - Anatomica Cliniche\",\"breadcrumb\":{\"@id\":\"https:\/\/www.anatomicaclinic.com\/it\/?page_id=6265#breadcrumb\"},\"inLanguage\":\"it-IT\",\"potentialAction\":[{\"@type\":\"ReadAction\",\"target\":[\"https:\/\/www.anatomicaclinic.com\/it\/?page_id=6265\"]}]},{\"@type\":\"BreadcrumbList\",\"@id\":\"https:\/\/www.anatomicaclinic.com\/it\/?page_id=6265#breadcrumb\",\"itemListElement\":[{\"@type\":\"ListItem\",\"position\":1,\"name\":\"Anasayfa\",\"item\":\"https:\/\/www.anatomicaclinic.com\/it\/\"},{\"@type\":\"ListItem\",\"position\":2,\"name\":\"Filorga NCTF 135\"}]},{\"@type\":\"WebSite\",\"@id\":\"https:\/\/www.anatomicaclinic.com\/#website\",\"url\":\"https:\/\/www.anatomicaclinic.com\/\",\"name\":\"Anatomica Clinic\",\"description\":\"Anatomica\",\"publisher\":{\"@id\":\"https:\/\/www.anatomicaclinic.com\/#organization\"},\"alternateName\":\"Anatomica Clinic International\",\"potentialAction\":[{\"@type\":\"SearchAction\",\"target\":{\"@type\":\"EntryPoint\",\"urlTemplate\":\"https:\/\/www.anatomicaclinic.com\/?s={search_term_string}\"},\"query-input\":{\"@type\":\"PropertyValueSpecification\",\"valueRequired\":true,\"valueName\":\"search_term_string\"}}],\"inLanguage\":\"it-IT\"},{\"@type\":\"Organization\",\"@id\":\"https:\/\/www.anatomicaclinic.com\/#organization\",\"name\":\"Anatomica Clinic Dominicana\",\"url\":\"https:\/\/www.anatomicaclinic.com\/\",\"logo\":{\"@type\":\"ImageObject\",\"inLanguage\":\"it-IT\",\"@id\":\"https:\/\/www.anatomicaclinic.com\/#\/schema\/logo\/image\/\",\"url\":\"https:\/\/www.anatomicaclinic.com\/wp-content\/uploads\/2023\/11\/8aa015e1-a0cd-4d48-b1d5-c9598cbdad99.jpg\",\"contentUrl\":\"https:\/\/www.anatomicaclinic.com\/wp-content\/uploads\/2023\/11\/8aa015e1-a0cd-4d48-b1d5-c9598cbdad99.jpg\",\"width\":1600,\"height\":1600,\"caption\":\"Anatomica Clinic Dominicana\"},\"image\":{\"@id\":\"https:\/\/www.anatomicaclinic.com\/#\/schema\/logo\/image\/\"},\"sameAs\":[\"https:\/\/www.facebook.com\/anatomicadominican\",\"https:\/\/instagram.com\/anatomicadominican\"]}]}<\/script>\n<!-- \/ Yoast SEO plugin. -->","yoast_head_json":{"title":"Filorga NCTF 135 - Anatomica Cliniche","description":"Filorga NCTF 135 - Anatomica Cliniche","robots":{"index":"index","follow":"follow","max-snippet":"max-snippet:-1","max-image-preview":"max-image-preview:large","max-video-preview":"max-video-preview:-1"},"canonical":"https:\/\/www.anatomicaclinic.com\/it\/?page_id=6265","og_locale":"it_IT","og_type":"article","og_title":"Filorga NCTF 135 - Anatomica Cliniche","og_description":"Filorga NCTF 135 - Anatomica Cliniche","og_url":"https:\/\/www.anatomicaclinic.com\/it\/?page_id=6265","og_site_name":"Anatomica Cliniche","article_publisher":"https:\/\/www.facebook.com\/anatomicadominican","article_modified_time":"2026-02-11T11:45:04+00:00","twitter_card":"summary_large_image","twitter_misc":{"Tempo di lettura stimato":"1 minuto"},"schema":{"@context":"https:\/\/schema.org","@graph":[{"@type":"WebPage","@id":"https:\/\/www.anatomicaclinic.com\/it\/?page_id=6265","url":"https:\/\/www.anatomicaclinic.com\/it\/?page_id=6265","name":"Filorga NCTF 135 - Anatomica Cliniche","isPartOf":{"@id":"https:\/\/www.anatomicaclinic.com\/#website"},"datePublished":"2022-06-19T18:58:13+00:00","dateModified":"2026-02-11T11:45:04+00:00","description":"Filorga NCTF 135 - Anatomica Cliniche","breadcrumb":{"@id":"https:\/\/www.anatomicaclinic.com\/it\/?page_id=6265#breadcrumb"},"inLanguage":"it-IT","potentialAction":[{"@type":"ReadAction","target":["https:\/\/www.anatomicaclinic.com\/it\/?page_id=6265"]}]},{"@type":"BreadcrumbList","@id":"https:\/\/www.anatomicaclinic.com\/it\/?page_id=6265#breadcrumb","itemListElement":[{"@type":"ListItem","position":1,"name":"Anasayfa","item":"https:\/\/www.anatomicaclinic.com\/it\/"},{"@type":"ListItem","position":2,"name":"Filorga NCTF 135"}]},{"@type":"WebSite","@id":"https:\/\/www.anatomicaclinic.com\/#website","url":"https:\/\/www.anatomicaclinic.com\/","name":"Anatomica Clinic","description":"Anatomica","publisher":{"@id":"https:\/\/www.anatomicaclinic.com\/#organization"},"alternateName":"Anatomica Clinic International","potentialAction":[{"@type":"SearchAction","target":{"@type":"EntryPoint","urlTemplate":"https:\/\/www.anatomicaclinic.com\/?s={search_term_string}"},"query-input":{"@type":"PropertyValueSpecification","valueRequired":true,"valueName":"search_term_string"}}],"inLanguage":"it-IT"},{"@type":"Organization","@id":"https:\/\/www.anatomicaclinic.com\/#organization","name":"Anatomica Clinic Dominicana","url":"https:\/\/www.anatomicaclinic.com\/","logo":{"@type":"ImageObject","inLanguage":"it-IT","@id":"https:\/\/www.anatomicaclinic.com\/#\/schema\/logo\/image\/","url":"https:\/\/www.anatomicaclinic.com\/wp-content\/uploads\/2023\/11\/8aa015e1-a0cd-4d48-b1d5-c9598cbdad99.jpg","contentUrl":"https:\/\/www.anatomicaclinic.com\/wp-content\/uploads\/2023\/11\/8aa015e1-a0cd-4d48-b1d5-c9598cbdad99.jpg","width":1600,"height":1600,"caption":"Anatomica Clinic Dominicana"},"image":{"@id":"https:\/\/www.anatomicaclinic.com\/#\/schema\/logo\/image\/"},"sameAs":["https:\/\/www.facebook.com\/anatomicadominican","https:\/\/instagram.com\/anatomicadominican"]}]}},"_links":{"self":[{"href":"https:\/\/www.anatomicaclinic.com\/it\/wp-json\/wp\/v2\/pages\/6265","targetHints":{"allow":["GET"]}}],"collection":[{"href":"https:\/\/www.anatomicaclinic.com\/it\/wp-json\/wp\/v2\/pages"}],"about":[{"href":"https:\/\/www.anatomicaclinic.com\/it\/wp-json\/wp\/v2\/types\/page"}],"author":[{"embeddable":true,"href":"https:\/\/www.anatomicaclinic.com\/it\/wp-json\/wp\/v2\/users\/10"}],"replies":[{"embeddable":true,"href":"https:\/\/www.anatomicaclinic.com\/it\/wp-json\/wp\/v2\/comments?post=6265"}],"version-history":[{"count":1,"href":"https:\/\/www.anatomicaclinic.com\/it\/wp-json\/wp\/v2\/pages\/6265\/revisions"}],"predecessor-version":[{"id":8624,"href":"https:\/\/www.anatomicaclinic.com\/it\/wp-json\/wp\/v2\/pages\/6265\/revisions\/8624"}],"wp:attachment":[{"href":"https:\/\/www.anatomicaclinic.com\/it\/wp-json\/wp\/v2\/media?parent=6265"}],"curies":[{"name":"wp","href":"https:\/\/api.w.org\/{rel}","templated":true}]}}