{"id":6267,"date":"2022-06-19T18:56:41","date_gmt":"2022-06-19T18:56:41","guid":{"rendered":"https:\/\/www.anatomicaclinic.com\/medical-aesthetics\/filling\/"},"modified":"2026-02-11T11:45:05","modified_gmt":"2026-02-11T11:45:05","slug":"riempimento","status":"publish","type":"page","link":"https:\/\/www.anatomicaclinic.com\/it\/riempimento\/","title":{"rendered":"Riempimento"},"content":{"rendered":"<div class=\"wpb-content-wrapper\"><p>[vc_section][vc_row el_class=&#8221;container_1200&#8243;][vc_column][vc_row_inner][vc_column_inner][vc_custom_heading text=&#8221;Riempimento&#8221; font_container=&#8221;tag:h2|font_size:48|text_align:center&#8221; use_theme_fonts=&#8221;yes&#8221; el_class=&#8221;single-page-h2&#8243;][\/vc_column_inner][\/vc_row_inner][vc_row_inner][vc_column_inner width=&#8221;1\/3&#8243;][vc_single_image image=&#8221;5788&#8243; img_size=&#8221;full&#8221;][\/vc_column_inner][vc_column_inner width=&#8221;2\/3&#8243;][vc_column_text]Le applicazioni di riempimento sono tra i metodi pi\u00f9 utilizzati da chi vuole ottenere un aspetto pi\u00f9 giovane e pi\u00f9 sano. La quantit\u00e0 di acido ialuronico nella nostra pelle diminuisce nel tempo. La caratteristica pi\u00f9 importante di questo acido \u00e8 che trattiene molta acqua. Poich\u00e9 la pelle naturalmente invecchiata non pu\u00f2 trattenere l&#8217;acqua, compaiono rughe profonde. Catturare l&#8217;aspetto estetico del viso con il processo di riempimento \u00e8 uno dei metodi pi\u00f9 utilizzati. Il fatto che i prodotti utilizzati siano approvati dalla FDA ne dimostra l&#8217;affidabilit\u00e0 ed elimina il rischio di allergie.<\/p> <p>La profondit\u00e0 di applicazione varia a seconda del tipo di filler e della profondit\u00e0 del difetto o della ruga cutanea. Il tempo di elaborazione \u00e8 compreso tra 10 e 20 minuti. Si raccomandano iniezioni ripetute per ottenere i migliori risultati.<\/p> <p>Tra i principali ambiti di utilizzo dei riempitivi;<\/p> <ul> <li>Linee che scendono dal bordo del naso (Linee nasolabiali)<\/li> <li>Linee tra naso e bocca (Filtrum)<\/li> <li>Aumento delle labbra<\/li> <li>Linee radiali intorno alle labbra<\/li> <li>Rughe intorno agli occhi<\/li> <li>Linee sulla fronte<\/li> <li>Cicatrici da acne<\/li> <li>Deformit\u00e0 causate da incidenti o traumi<\/li> <li>Filler di guancia e zigomi<\/li> <li>Correzione di alcune asimmetrie nel corpo<\/li> <\/ul> <p><strong>In quali problemi estetici vengono utilizzati i filler?<\/strong><\/p> <p>Viene utilizzato con successo soprattutto nella correzione delle rughe statiche e delle rughe profonde del viso e nella schiaritura delle labbra.<\/p> <p>I tamponi in tessuto sono prodotti pronti per l&#8217;uso nell&#8217;iniettore. Una dose adeguata di riempitivo tissutale viene iniettata nell&#8217;area da trattare con un ago a punta fine. I pazienti non hanno quasi nessuna lamentela di dolore o sanguinamento. Si raccomanda l&#8217;applicazione a breve termine di ghiaccio ai pazienti dopo l&#8217;iniezione.<\/p> <p><strong>Quante volte va applicato?<\/strong><\/p> <p>Deve essere deciso da un medico specialista in base alle esigenze e alle caratteristiche della zona da applicare. Sebbene l&#8217;efficacia del trattamento venga mostrata in 5-7 giorni, il suo effetto continua per 3-6 mesi. Puoi tornare alla tua vita normale dopo 2-4 ore di riposo.<\/p> <p><strong>Posso farlo ovunque?<\/strong><\/p> <p>No, poich\u00e9 sebbene questa procedura sembri essere una semplice iniezione, si consiglia di farsi visitare da un medico esperto in questo campo, al fine di eseguire prima l&#8217;analisi facciale corretta e rivelare le opzioni di trattamento appropriate. Questo \u00e8 molto importante sia per la buona riuscita del risultato da ottenere sia per evitare le complicazioni che possono verificarsi.[\/vc_column_text][\/vc_column_inner][\/vc_row_inner][\/vc_column][\/vc_row][\/vc_section]<\/p> <\/div>","protected":false},"excerpt":{"rendered":"[vc_section][vc_row el_class=&#8221;container_1200&#8243;][vc_column][vc_row_inner][vc_column_inner][vc_custom_heading text=&#8221;Riempimento&#8221; font_container=&#8221;tag:h2|font_size:48|text_align:center&#8221; use_theme_fonts=&#8221;yes&#8221; el_class=&#8221;single-page-h2&#8243;][\/vc_column_inner][\/vc_row_inner][vc_row_inner][vc_column_inner width=&#8221;1\/3&#8243;][vc_single_image image=&#8221;5788&#8243; img_size=&#8221;full&#8221;][\/vc_column_inner][vc_column_inner width=&#8221;2\/3&#8243;][vc_column_text]Le applicazioni di riempimento sono tra i metodi pi\u00f9 utilizzati da chi vuole ottenere un aspetto pi\u00f9 giovane e pi\u00f9 sano. La quantit\u00e0 di acido ialuronico nella nostra pelle diminuisce nel tempo. La caratteristica pi\u00f9 importante di questo acido \u00e8 che trattiene molta acqua. Poich\u00e9 la&#8230; <a class=\"view-article\" href=\"https:\/\/www.anatomicaclinic.com\/it\/riempimento\/\">Mostra articolo<\/a>","protected":false},"author":10,"featured_media":0,"parent":0,"menu_order":0,"comment_status":"closed","ping_status":"closed","template":"","meta":{"footnotes":""},"class_list":["post-6267","page","type-page","status-publish","hentry"],"yoast_head":"<!-- This site is optimized with the Yoast SEO plugin v27.0 - https:\/\/yoast.com\/product\/yoast-seo-wordpress\/ -->\n<title>Riempimento - Anatomica Cliniche<\/title>\n<meta name=\"description\" content=\"Riempimento - Anatomica Cliniche\" \/>\n<meta name=\"robots\" content=\"index, follow, max-snippet:-1, max-image-preview:large, max-video-preview:-1\" \/>\n<link rel=\"canonical\" href=\"https:\/\/www.anatomicaclinic.com\/it\/?page_id=6267\" \/>\n<meta property=\"og:locale\" content=\"it_IT\" \/>\n<meta property=\"og:type\" content=\"article\" \/>\n<meta property=\"og:title\" content=\"Riempimento - Anatomica Cliniche\" \/>\n<meta property=\"og:description\" content=\"Riempimento - Anatomica Cliniche\" \/>\n<meta property=\"og:url\" content=\"https:\/\/www.anatomicaclinic.com\/it\/?page_id=6267\" \/>\n<meta property=\"og:site_name\" content=\"Anatomica Cliniche\" \/>\n<meta property=\"article:publisher\" content=\"https:\/\/www.facebook.com\/anatomicadominican\" \/>\n<meta property=\"article:modified_time\" content=\"2026-02-11T11:45:05+00:00\" \/>\n<meta name=\"twitter:card\" content=\"summary_large_image\" \/>\n<meta name=\"twitter:label1\" content=\"Tempo di lettura stimato\" \/>\n\t<meta name=\"twitter:data1\" content=\"2 minuti\" \/>\n<script type=\"application\/ld+json\" class=\"yoast-schema-graph\">{\"@context\":\"https:\/\/schema.org\",\"@graph\":[{\"@type\":\"WebPage\",\"@id\":\"https:\/\/www.anatomicaclinic.com\/it\/?page_id=6267\",\"url\":\"https:\/\/www.anatomicaclinic.com\/it\/?page_id=6267\",\"name\":\"Riempimento - Anatomica Cliniche\",\"isPartOf\":{\"@id\":\"https:\/\/www.anatomicaclinic.com\/#website\"},\"datePublished\":\"2022-06-19T18:56:41+00:00\",\"dateModified\":\"2026-02-11T11:45:05+00:00\",\"description\":\"Riempimento - Anatomica Cliniche\",\"breadcrumb\":{\"@id\":\"https:\/\/www.anatomicaclinic.com\/it\/?page_id=6267#breadcrumb\"},\"inLanguage\":\"it-IT\",\"potentialAction\":[{\"@type\":\"ReadAction\",\"target\":[\"https:\/\/www.anatomicaclinic.com\/it\/?page_id=6267\"]}]},{\"@type\":\"BreadcrumbList\",\"@id\":\"https:\/\/www.anatomicaclinic.com\/it\/?page_id=6267#breadcrumb\",\"itemListElement\":[{\"@type\":\"ListItem\",\"position\":1,\"name\":\"Anasayfa\",\"item\":\"https:\/\/www.anatomicaclinic.com\/it\/\"},{\"@type\":\"ListItem\",\"position\":2,\"name\":\"Riempimento\"}]},{\"@type\":\"WebSite\",\"@id\":\"https:\/\/www.anatomicaclinic.com\/#website\",\"url\":\"https:\/\/www.anatomicaclinic.com\/\",\"name\":\"Anatomica Clinic\",\"description\":\"Anatomica\",\"publisher\":{\"@id\":\"https:\/\/www.anatomicaclinic.com\/#organization\"},\"alternateName\":\"Anatomica Clinic International\",\"potentialAction\":[{\"@type\":\"SearchAction\",\"target\":{\"@type\":\"EntryPoint\",\"urlTemplate\":\"https:\/\/www.anatomicaclinic.com\/?s={search_term_string}\"},\"query-input\":{\"@type\":\"PropertyValueSpecification\",\"valueRequired\":true,\"valueName\":\"search_term_string\"}}],\"inLanguage\":\"it-IT\"},{\"@type\":\"Organization\",\"@id\":\"https:\/\/www.anatomicaclinic.com\/#organization\",\"name\":\"Anatomica Clinic Dominicana\",\"url\":\"https:\/\/www.anatomicaclinic.com\/\",\"logo\":{\"@type\":\"ImageObject\",\"inLanguage\":\"it-IT\",\"@id\":\"https:\/\/www.anatomicaclinic.com\/#\/schema\/logo\/image\/\",\"url\":\"https:\/\/www.anatomicaclinic.com\/wp-content\/uploads\/2023\/11\/8aa015e1-a0cd-4d48-b1d5-c9598cbdad99.jpg\",\"contentUrl\":\"https:\/\/www.anatomicaclinic.com\/wp-content\/uploads\/2023\/11\/8aa015e1-a0cd-4d48-b1d5-c9598cbdad99.jpg\",\"width\":1600,\"height\":1600,\"caption\":\"Anatomica Clinic Dominicana\"},\"image\":{\"@id\":\"https:\/\/www.anatomicaclinic.com\/#\/schema\/logo\/image\/\"},\"sameAs\":[\"https:\/\/www.facebook.com\/anatomicadominican\",\"https:\/\/instagram.com\/anatomicadominican\"]}]}<\/script>\n<!-- \/ Yoast SEO plugin. -->","yoast_head_json":{"title":"Riempimento - Anatomica Cliniche","description":"Riempimento - Anatomica Cliniche","robots":{"index":"index","follow":"follow","max-snippet":"max-snippet:-1","max-image-preview":"max-image-preview:large","max-video-preview":"max-video-preview:-1"},"canonical":"https:\/\/www.anatomicaclinic.com\/it\/?page_id=6267","og_locale":"it_IT","og_type":"article","og_title":"Riempimento - Anatomica Cliniche","og_description":"Riempimento - Anatomica Cliniche","og_url":"https:\/\/www.anatomicaclinic.com\/it\/?page_id=6267","og_site_name":"Anatomica Cliniche","article_publisher":"https:\/\/www.facebook.com\/anatomicadominican","article_modified_time":"2026-02-11T11:45:05+00:00","twitter_card":"summary_large_image","twitter_misc":{"Tempo di lettura stimato":"2 minuti"},"schema":{"@context":"https:\/\/schema.org","@graph":[{"@type":"WebPage","@id":"https:\/\/www.anatomicaclinic.com\/it\/?page_id=6267","url":"https:\/\/www.anatomicaclinic.com\/it\/?page_id=6267","name":"Riempimento - Anatomica Cliniche","isPartOf":{"@id":"https:\/\/www.anatomicaclinic.com\/#website"},"datePublished":"2022-06-19T18:56:41+00:00","dateModified":"2026-02-11T11:45:05+00:00","description":"Riempimento - Anatomica Cliniche","breadcrumb":{"@id":"https:\/\/www.anatomicaclinic.com\/it\/?page_id=6267#breadcrumb"},"inLanguage":"it-IT","potentialAction":[{"@type":"ReadAction","target":["https:\/\/www.anatomicaclinic.com\/it\/?page_id=6267"]}]},{"@type":"BreadcrumbList","@id":"https:\/\/www.anatomicaclinic.com\/it\/?page_id=6267#breadcrumb","itemListElement":[{"@type":"ListItem","position":1,"name":"Anasayfa","item":"https:\/\/www.anatomicaclinic.com\/it\/"},{"@type":"ListItem","position":2,"name":"Riempimento"}]},{"@type":"WebSite","@id":"https:\/\/www.anatomicaclinic.com\/#website","url":"https:\/\/www.anatomicaclinic.com\/","name":"Anatomica Clinic","description":"Anatomica","publisher":{"@id":"https:\/\/www.anatomicaclinic.com\/#organization"},"alternateName":"Anatomica Clinic International","potentialAction":[{"@type":"SearchAction","target":{"@type":"EntryPoint","urlTemplate":"https:\/\/www.anatomicaclinic.com\/?s={search_term_string}"},"query-input":{"@type":"PropertyValueSpecification","valueRequired":true,"valueName":"search_term_string"}}],"inLanguage":"it-IT"},{"@type":"Organization","@id":"https:\/\/www.anatomicaclinic.com\/#organization","name":"Anatomica Clinic Dominicana","url":"https:\/\/www.anatomicaclinic.com\/","logo":{"@type":"ImageObject","inLanguage":"it-IT","@id":"https:\/\/www.anatomicaclinic.com\/#\/schema\/logo\/image\/","url":"https:\/\/www.anatomicaclinic.com\/wp-content\/uploads\/2023\/11\/8aa015e1-a0cd-4d48-b1d5-c9598cbdad99.jpg","contentUrl":"https:\/\/www.anatomicaclinic.com\/wp-content\/uploads\/2023\/11\/8aa015e1-a0cd-4d48-b1d5-c9598cbdad99.jpg","width":1600,"height":1600,"caption":"Anatomica Clinic Dominicana"},"image":{"@id":"https:\/\/www.anatomicaclinic.com\/#\/schema\/logo\/image\/"},"sameAs":["https:\/\/www.facebook.com\/anatomicadominican","https:\/\/instagram.com\/anatomicadominican"]}]}},"_links":{"self":[{"href":"https:\/\/www.anatomicaclinic.com\/it\/wp-json\/wp\/v2\/pages\/6267","targetHints":{"allow":["GET"]}}],"collection":[{"href":"https:\/\/www.anatomicaclinic.com\/it\/wp-json\/wp\/v2\/pages"}],"about":[{"href":"https:\/\/www.anatomicaclinic.com\/it\/wp-json\/wp\/v2\/types\/page"}],"author":[{"embeddable":true,"href":"https:\/\/www.anatomicaclinic.com\/it\/wp-json\/wp\/v2\/users\/10"}],"replies":[{"embeddable":true,"href":"https:\/\/www.anatomicaclinic.com\/it\/wp-json\/wp\/v2\/comments?post=6267"}],"version-history":[{"count":1,"href":"https:\/\/www.anatomicaclinic.com\/it\/wp-json\/wp\/v2\/pages\/6267\/revisions"}],"predecessor-version":[{"id":8637,"href":"https:\/\/www.anatomicaclinic.com\/it\/wp-json\/wp\/v2\/pages\/6267\/revisions\/8637"}],"wp:attachment":[{"href":"https:\/\/www.anatomicaclinic.com\/it\/wp-json\/wp\/v2\/media?parent=6267"}],"curies":[{"name":"wp","href":"https:\/\/api.w.org\/{rel}","templated":true}]}}