{"id":8212,"date":"2022-07-05T17:02:59","date_gmt":"2022-07-05T17:02:59","guid":{"rendered":"https:\/\/www.anatomicaclinic.com\/politica-de-cookies\/"},"modified":"2026-02-11T11:45:03","modified_gmt":"2026-02-11T11:45:03","slug":"politica-sui-cookie","status":"publish","type":"page","link":"https:\/\/www.anatomicaclinic.com\/it\/politica-sui-cookie\/","title":{"rendered":"POLITICA SUI COOKIE"},"content":{"rendered":"<div class=\"wpb-content-wrapper\"><p>[vc_section el_id=&#8221;section-page-kvkk&#8221;][vc_row el_class=&#8221;container_1200&#8243; css=&#8221;.vc_custom_1758809527235{margin-top: 50px !important;}&#8221;][vc_column][vc_custom_heading text=&#8221;POLITICA SUI COOKIE&#8221; font_container=&#8221;tag:h2|font_size:24px|text_align:left|line_height:24px&#8221; use_theme_fonts=&#8221;yes&#8221; css=&#8221;&#8221;][vc_column_text css=&#8221;&#8221;]Quando visitate i nostri siti web, siti mobili o applicazioni mobili, raccogliamo i vostri dati personali per molti scopi diversi attraverso i &#8220;cookie&#8221;. Il nostro obiettivo \u00e8 essere il pi\u00f9 aperti e trasparenti possibile con voi su questa questione. Questa politica \u00e8 stata creata per spiegarvi cosa sono i cookie e come li utilizziamo. Spieghiamo anche i diversi tipi di cookie che utilizziamo e come potete modificarli o eliminarli. Speriamo che questa politica vi fornisca informazioni comprensibili riguardo all&#8217;uso dei cookie e vi aiuti anche a sentirvi sicuri. Se avete ulteriori domande su questa questione, non esitate a contattarci.<\/p> <p>&nbsp;<\/p> <p>Questa Politica sui Cookie pu\u00f2 essere modificata in qualsiasi momento per scopi di revisione. Per vedere quando questa Politica sui Cookie \u00e8 stata rivista, si prega di consultare l&#8217;espressione &#8220;DATA&#8221; nella parte superiore di questa pagina.<\/p> <p>&nbsp;<\/p> <p>Qualsiasi modifica a questa Politica sui Cookie diventa valida quando rendiamo disponibile la Politica sui Cookie sul nostro Sito o attraverso il Sito. Per informazioni pi\u00f9 dettagliate sui vostri dati personali raccolti attraverso i cookie, si prega di consultare la nostra Politica di Protezione dei Dati Personali e Privacy.<\/p> <p>&nbsp;<\/p> <p><strong>Cos&#8217;\u00e8 un Cookie?<\/strong><\/p> <p>&nbsp;<\/p> <p>Un cookie del browser \u00e8 un pezzo di dati memorizzato sul vostro dispositivo che aiuta i siti web e le applicazioni mobili a ricordare informazioni su di voi. Altre tecnologie relative ai dispositivi come l&#8217;archiviazione internet e gli identificatori possono anche essere utilizzate per scopi simili. In questa politica, ci riferiremo a tutte le altre tecnologie come &#8220;Cookie&#8221;.<\/p> <p>&nbsp;<\/p> <p><strong>Per Quali Scopi Utilizziamo i Cookie?<\/strong><\/p> <p>&nbsp;<\/p> <p>Utilizziamo i cookie per proteggere i vostri dati e account, identificare le caratteristiche pi\u00f9 popolari, contare l&#8217;accesso a una pagina, migliorare l&#8217;esperienza utente, mantenere i nostri servizi sicuri, rendere il nostro sito web pi\u00f9 user-friendly, adattare il nostro sito web ai vostri interessi e bisogni, e condurre attivit\u00e0 di pubblicit\u00e0 comportamentale online per i nostri utenti. I cookie ricordano informazioni su di voi per svolgere le funzioni sopra menzionate e ci aiutano a fornirvi questi servizi.<\/p> <p>&nbsp;<\/p> <p><strong>Tipi di Cookie<\/strong><\/p> <p>&nbsp;<\/p> <p>Di seguito abbiamo elencato i tipi di cookie che utilizziamo sul nostro sito web, sito mobile e applicazioni mobili.<\/p> <p>Attraverso questi cookie, i vostri dati personali vengono elaborati, e per informazioni pi\u00f9 dettagliate su questa questione, si prega di consultare la Politica di Protezione dei Dati Personali e Privacy.<\/p> <p>&nbsp;<\/p> <p><strong>Tipi di Cookie Utilizzati sul Nostro Sito Web<\/strong><\/p> <p>&nbsp;<\/p> <ol> <li><strong>Cookie di Sessione:<\/strong> I cookie di sessione sono cookie temporanei utilizzati durante le visite dei nostri visitatori al Sito Web e vengono eliminati dopo la chiusura del browser. Lo scopo principale dell&#8217;utilizzo di questi tipi di cookie \u00e8 garantire il corretto funzionamento del Sito Web durante la vostra visita. Ad esempio, vi permettono di completare moduli online composti da pi\u00f9 pagine.<\/li> <li><strong>Cookie Persistenti:<\/strong> I cookie persistenti sono tipi di cookie utilizzati per aumentare la funzionalit\u00e0 del Sito Web e per fornire ai nostri visitatori un servizio pi\u00f9 veloce e migliore. Questi tipi di cookie vengono utilizzati per ricordare le vostre preferenze e sono memorizzati sul vostro dispositivo tramite i browser. Alcuni tipi di cookie persistenti possono essere utilizzati per fornirvi suggerimenti speciali, considerando questioni come lo scopo del vostro utilizzo del Sito Web. Grazie ai cookie persistenti, quando visitate nuovamente il nostro Sito Web con lo stesso dispositivo, viene verificato se esiste un cookie creato dal nostro Sito Web sul vostro dispositivo, e se cos\u00ec fosse, si comprende che avete precedentemente visitato il sito, e il contenuto da consegnarvi viene determinato di conseguenza, fornendovi cos\u00ec un servizio migliore.<\/li> <li><strong>Cookie Analitici:<\/strong> I cookie analitici sono cookie che consentono la produzione di risultati analitici come il numero di visitatori del sito web, la determinazione delle pagine visualizzate sul sito web, gli orari di visita del sito web e i movimenti di scorrimento delle pagine del sito web.<\/li> <\/ol> <p>&nbsp;<\/p> <p><strong>Gestione dei Cookie<\/strong><\/p> <p>&nbsp;<\/p> <p>La maggior parte dei browser internet sono impostati per accettare automaticamente i cookie per impostazione predefinita. Lo stesso vale quando utilizzate il nostro sito web, siti mobili o applicazioni mobili. Se desiderate rimuovere i cookie esistenti dal vostro dispositivo, potete farlo utilizzando le opzioni del vostro browser. Potete anche bloccare i cookie nelle impostazioni del vostro browser se non desiderate che i cookie vengano posizionati sul vostro dispositivo in futuro. Si prega di notare che se rimuovete o bloccate i cookie che utilizziamo, potrebbero esserci alcuni effetti sulla vostra esperienza utente sul nostro sito web, sito mobile o applicazioni mobili, e il sito potrebbe diventare inutilizzabile. A meno che non cambiate le impostazioni del vostro browser per bloccare i cookie, anche se avete precedentemente eliminato i nostri cookie, il nostro sistema posizioner\u00e0 i cookie quando visitate il nostro sito o quando cliccate su un link incluso in un&#8217;email che vi inviamo.<\/p> <p><strong>Per Contattarci<\/strong><\/p> <p>&nbsp;<\/p> <p>Se avete altre domande sulla nostra &#8220;Politica sui Cookie&#8221;, si prega di contattarci all&#8217;indirizzo info@anatomicaclinic.com. Inoltre, se raggiungete l&#8217;indirizzo fornito sulla nostra pagina di contatto, saremo lieti di assistervi con le vostre domande nel quadro della nostra &#8220;Politica sui Cookie&#8221;.[\/vc_column_text][\/vc_column][\/vc_row][\/vc_section]<\/p> <\/div>","protected":false},"excerpt":{"rendered":"[vc_section el_id=&#8221;section-page-kvkk&#8221;][vc_row el_class=&#8221;container_1200&#8243; css=&#8221;.vc_custom_1758809527235{margin-top: 50px !important;}&#8221;][vc_column][vc_custom_heading text=&#8221;POLITICA SUI COOKIE&#8221; font_container=&#8221;tag:h2|font_size:24px|text_align:left|line_height:24px&#8221; use_theme_fonts=&#8221;yes&#8221; css=&#8221;&#8221;][vc_column_text css=&#8221;&#8221;]Quando visitate i nostri siti web, siti mobili o applicazioni mobili, raccogliamo i vostri dati personali per molti scopi diversi attraverso i &#8220;cookie&#8221;. Il nostro obiettivo \u00e8 essere il pi\u00f9 aperti e trasparenti possibile con voi su questa questione. Questa politica \u00e8 stata&#8230; <a class=\"view-article\" href=\"https:\/\/www.anatomicaclinic.com\/it\/politica-sui-cookie\/\">Mostra articolo<\/a>","protected":false},"author":10,"featured_media":0,"parent":0,"menu_order":0,"comment_status":"closed","ping_status":"closed","template":"","meta":{"footnotes":""},"class_list":["post-8212","page","type-page","status-publish","hentry"],"yoast_head":"<!-- This site is optimized with the Yoast SEO plugin v27.0 - https:\/\/yoast.com\/product\/yoast-seo-wordpress\/ -->\n<title>POLITICA SUI COOKIE - Anatomica Cliniche<\/title>\n<meta name=\"description\" content=\"POLITICA SUI COOKIE - Anatomica Cliniche\" \/>\n<meta name=\"robots\" content=\"index, follow, max-snippet:-1, max-image-preview:large, max-video-preview:-1\" \/>\n<link rel=\"canonical\" href=\"https:\/\/www.anatomicaclinic.com\/it\/?page_id=8212\" \/>\n<meta property=\"og:locale\" content=\"it_IT\" \/>\n<meta property=\"og:type\" content=\"article\" \/>\n<meta property=\"og:title\" content=\"POLITICA SUI COOKIE - Anatomica Cliniche\" \/>\n<meta property=\"og:description\" content=\"POLITICA SUI COOKIE - Anatomica Cliniche\" \/>\n<meta property=\"og:url\" content=\"https:\/\/www.anatomicaclinic.com\/it\/?page_id=8212\" \/>\n<meta property=\"og:site_name\" content=\"Anatomica Cliniche\" \/>\n<meta property=\"article:publisher\" content=\"https:\/\/www.facebook.com\/anatomicadominican\" \/>\n<meta property=\"article:modified_time\" content=\"2026-02-11T11:45:03+00:00\" \/>\n<meta name=\"twitter:card\" content=\"summary_large_image\" \/>\n<meta name=\"twitter:label1\" content=\"Tempo di lettura stimato\" \/>\n\t<meta name=\"twitter:data1\" content=\"6 minuti\" \/>\n<script type=\"application\/ld+json\" class=\"yoast-schema-graph\">{\"@context\":\"https:\/\/schema.org\",\"@graph\":[{\"@type\":\"WebPage\",\"@id\":\"https:\/\/www.anatomicaclinic.com\/it\/?page_id=8212\",\"url\":\"https:\/\/www.anatomicaclinic.com\/it\/?page_id=8212\",\"name\":\"POLITICA SUI COOKIE - Anatomica Cliniche\",\"isPartOf\":{\"@id\":\"https:\/\/www.anatomicaclinic.com\/#website\"},\"datePublished\":\"2022-07-05T17:02:59+00:00\",\"dateModified\":\"2026-02-11T11:45:03+00:00\",\"description\":\"POLITICA SUI COOKIE - Anatomica Cliniche\",\"breadcrumb\":{\"@id\":\"https:\/\/www.anatomicaclinic.com\/it\/?page_id=8212#breadcrumb\"},\"inLanguage\":\"it-IT\",\"potentialAction\":[{\"@type\":\"ReadAction\",\"target\":[\"https:\/\/www.anatomicaclinic.com\/it\/?page_id=8212\"]}]},{\"@type\":\"BreadcrumbList\",\"@id\":\"https:\/\/www.anatomicaclinic.com\/it\/?page_id=8212#breadcrumb\",\"itemListElement\":[{\"@type\":\"ListItem\",\"position\":1,\"name\":\"Anasayfa\",\"item\":\"https:\/\/www.anatomicaclinic.com\/it\/\"},{\"@type\":\"ListItem\",\"position\":2,\"name\":\"POLITICA SUI COOKIE\"}]},{\"@type\":\"WebSite\",\"@id\":\"https:\/\/www.anatomicaclinic.com\/#website\",\"url\":\"https:\/\/www.anatomicaclinic.com\/\",\"name\":\"Anatomica Clinic\",\"description\":\"Anatomica\",\"publisher\":{\"@id\":\"https:\/\/www.anatomicaclinic.com\/#organization\"},\"alternateName\":\"Anatomica Clinic International\",\"potentialAction\":[{\"@type\":\"SearchAction\",\"target\":{\"@type\":\"EntryPoint\",\"urlTemplate\":\"https:\/\/www.anatomicaclinic.com\/?s={search_term_string}\"},\"query-input\":{\"@type\":\"PropertyValueSpecification\",\"valueRequired\":true,\"valueName\":\"search_term_string\"}}],\"inLanguage\":\"it-IT\"},{\"@type\":\"Organization\",\"@id\":\"https:\/\/www.anatomicaclinic.com\/#organization\",\"name\":\"Anatomica Clinic Dominicana\",\"url\":\"https:\/\/www.anatomicaclinic.com\/\",\"logo\":{\"@type\":\"ImageObject\",\"inLanguage\":\"it-IT\",\"@id\":\"https:\/\/www.anatomicaclinic.com\/#\/schema\/logo\/image\/\",\"url\":\"https:\/\/www.anatomicaclinic.com\/wp-content\/uploads\/2023\/11\/8aa015e1-a0cd-4d48-b1d5-c9598cbdad99.jpg\",\"contentUrl\":\"https:\/\/www.anatomicaclinic.com\/wp-content\/uploads\/2023\/11\/8aa015e1-a0cd-4d48-b1d5-c9598cbdad99.jpg\",\"width\":1600,\"height\":1600,\"caption\":\"Anatomica Clinic Dominicana\"},\"image\":{\"@id\":\"https:\/\/www.anatomicaclinic.com\/#\/schema\/logo\/image\/\"},\"sameAs\":[\"https:\/\/www.facebook.com\/anatomicadominican\",\"https:\/\/instagram.com\/anatomicadominican\"]}]}<\/script>\n<!-- \/ Yoast SEO plugin. -->","yoast_head_json":{"title":"POLITICA SUI COOKIE - Anatomica Cliniche","description":"POLITICA SUI COOKIE - Anatomica Cliniche","robots":{"index":"index","follow":"follow","max-snippet":"max-snippet:-1","max-image-preview":"max-image-preview:large","max-video-preview":"max-video-preview:-1"},"canonical":"https:\/\/www.anatomicaclinic.com\/it\/?page_id=8212","og_locale":"it_IT","og_type":"article","og_title":"POLITICA SUI COOKIE - Anatomica Cliniche","og_description":"POLITICA SUI COOKIE - Anatomica Cliniche","og_url":"https:\/\/www.anatomicaclinic.com\/it\/?page_id=8212","og_site_name":"Anatomica Cliniche","article_publisher":"https:\/\/www.facebook.com\/anatomicadominican","article_modified_time":"2026-02-11T11:45:03+00:00","twitter_card":"summary_large_image","twitter_misc":{"Tempo di lettura stimato":"6 minuti"},"schema":{"@context":"https:\/\/schema.org","@graph":[{"@type":"WebPage","@id":"https:\/\/www.anatomicaclinic.com\/it\/?page_id=8212","url":"https:\/\/www.anatomicaclinic.com\/it\/?page_id=8212","name":"POLITICA SUI COOKIE - Anatomica Cliniche","isPartOf":{"@id":"https:\/\/www.anatomicaclinic.com\/#website"},"datePublished":"2022-07-05T17:02:59+00:00","dateModified":"2026-02-11T11:45:03+00:00","description":"POLITICA SUI COOKIE - Anatomica Cliniche","breadcrumb":{"@id":"https:\/\/www.anatomicaclinic.com\/it\/?page_id=8212#breadcrumb"},"inLanguage":"it-IT","potentialAction":[{"@type":"ReadAction","target":["https:\/\/www.anatomicaclinic.com\/it\/?page_id=8212"]}]},{"@type":"BreadcrumbList","@id":"https:\/\/www.anatomicaclinic.com\/it\/?page_id=8212#breadcrumb","itemListElement":[{"@type":"ListItem","position":1,"name":"Anasayfa","item":"https:\/\/www.anatomicaclinic.com\/it\/"},{"@type":"ListItem","position":2,"name":"POLITICA SUI COOKIE"}]},{"@type":"WebSite","@id":"https:\/\/www.anatomicaclinic.com\/#website","url":"https:\/\/www.anatomicaclinic.com\/","name":"Anatomica Clinic","description":"Anatomica","publisher":{"@id":"https:\/\/www.anatomicaclinic.com\/#organization"},"alternateName":"Anatomica Clinic International","potentialAction":[{"@type":"SearchAction","target":{"@type":"EntryPoint","urlTemplate":"https:\/\/www.anatomicaclinic.com\/?s={search_term_string}"},"query-input":{"@type":"PropertyValueSpecification","valueRequired":true,"valueName":"search_term_string"}}],"inLanguage":"it-IT"},{"@type":"Organization","@id":"https:\/\/www.anatomicaclinic.com\/#organization","name":"Anatomica Clinic Dominicana","url":"https:\/\/www.anatomicaclinic.com\/","logo":{"@type":"ImageObject","inLanguage":"it-IT","@id":"https:\/\/www.anatomicaclinic.com\/#\/schema\/logo\/image\/","url":"https:\/\/www.anatomicaclinic.com\/wp-content\/uploads\/2023\/11\/8aa015e1-a0cd-4d48-b1d5-c9598cbdad99.jpg","contentUrl":"https:\/\/www.anatomicaclinic.com\/wp-content\/uploads\/2023\/11\/8aa015e1-a0cd-4d48-b1d5-c9598cbdad99.jpg","width":1600,"height":1600,"caption":"Anatomica Clinic Dominicana"},"image":{"@id":"https:\/\/www.anatomicaclinic.com\/#\/schema\/logo\/image\/"},"sameAs":["https:\/\/www.facebook.com\/anatomicadominican","https:\/\/instagram.com\/anatomicadominican"]}]}},"_links":{"self":[{"href":"https:\/\/www.anatomicaclinic.com\/it\/wp-json\/wp\/v2\/pages\/8212","targetHints":{"allow":["GET"]}}],"collection":[{"href":"https:\/\/www.anatomicaclinic.com\/it\/wp-json\/wp\/v2\/pages"}],"about":[{"href":"https:\/\/www.anatomicaclinic.com\/it\/wp-json\/wp\/v2\/types\/page"}],"author":[{"embeddable":true,"href":"https:\/\/www.anatomicaclinic.com\/it\/wp-json\/wp\/v2\/users\/10"}],"replies":[{"embeddable":true,"href":"https:\/\/www.anatomicaclinic.com\/it\/wp-json\/wp\/v2\/comments?post=8212"}],"version-history":[{"count":1,"href":"https:\/\/www.anatomicaclinic.com\/it\/wp-json\/wp\/v2\/pages\/8212\/revisions"}],"predecessor-version":[{"id":8634,"href":"https:\/\/www.anatomicaclinic.com\/it\/wp-json\/wp\/v2\/pages\/8212\/revisions\/8634"}],"wp:attachment":[{"href":"https:\/\/www.anatomicaclinic.com\/it\/wp-json\/wp\/v2\/media?parent=8212"}],"curies":[{"name":"wp","href":"https:\/\/api.w.org\/{rel}","templated":true}]}}