{"id":1576,"date":"2022-06-29T14:46:36","date_gmt":"2022-06-29T14:46:36","guid":{"rendered":"https:\/\/www.anatomicaclinic.com\/?page_id=1576"},"modified":"2026-02-11T11:45:25","modified_gmt":"2026-02-11T11:45:25","slug":"porselen-kaplamalar-veneerler","status":"publish","type":"page","link":"https:\/\/www.anatomicaclinic.com\/tr\/dis-tedavileri\/porselen-kaplamalar-veneerler\/","title":{"rendered":"Porselen Kaplamalar (Veneerler)"},"content":{"rendered":"<div class=\"wpb-content-wrapper\"><p>[vc_section][vc_row el_class=&#8221;container_1200&#8243;][vc_column][vc_row_inner][vc_column_inner][vc_custom_heading text=&#8221;Porselen Kaplamalar (Veneerler)&#8221; font_container=&#8221;tag:h2|font_size:48|text_align:center&#8221; use_theme_fonts=&#8221;yes&#8221; el_class=&#8221;single-page-h2&#8243;][\/vc_column_inner][\/vc_row_inner][vc_row_inner][vc_column_inner][vc_column_text]Porselen kaplamalar ile kendinizi \u00f6zg\u00fcvenli hissetmenizi sa\u011flayan bir g\u00fcl\u00fc\u015fe sahip olabilirsiniz. Sundu\u011fumuz kaplamalar; dayan\u0131kl\u0131, g\u00fczel g\u00f6r\u00fcn\u00fcml\u00fc ve d\u00fcnyaya g\u00f6stermekten gurur duyaca\u011f\u0131n\u0131z bir g\u00fcl\u00fcmseme olu\u015fturmak i\u00e7in say\u0131s\u0131z kozmetik di\u015f problemini \u00e7\u00f6zebilecek kapasitededir.[\/vc_column_text][\/vc_column_inner][\/vc_row_inner][vc_row_inner][vc_column_inner width=&#8221;1\/3&#8243;][vc_single_image image=&#8221;1070&#8243; img_size=&#8221;full&#8221;][\/vc_column_inner][vc_column_inner width=&#8221;2\/3&#8243;][vc_column_text]<strong>Porselen Kaplamalar\u0131n \u00c7\u00f6zd\u00fc\u011f\u00fc Sorunlar<\/strong><\/p> <p>Kaplamalar, \u00e7e\u015fitli kozmetik di\u015f problemlerini gizlemek i\u00e7in di\u015flerin \u00f6n k\u0131sm\u0131na yerle\u015ftirilir. Porselen kaplamalar\u0131n d\u00fczeltti\u011fi en yayg\u0131n sorunlardan baz\u0131lar\u0131 \u015funlard\u0131r:<\/p> <ul> <li>Di\u015fler aras\u0131ndaki bo\u015fluklar ve aral\u0131klar<\/li> <li>\u00c7arp\u0131k di\u015f<\/li> <li>D\u00fczensiz \u015fekilli veya e\u015fit olmayan boyutta di\u015fler<\/li> <li>Di\u015f beyazlatma tedavilerine cevap vermeyecek lekeler<\/li> <\/ul> <p>Di\u015f aral\u0131\u011f\u0131 ve konumland\u0131rma ile ilgili sorunlar gibi kozmetik malokl\u00fczyonlar\u0131 d\u00fczeltme yetenekleriyle, kaplamalara bazen &#8220;an\u0131nda ortodonti&#8221; denir. Ger\u00e7ekten de baz\u0131 hastalar i\u00e7in bu kozmetik restorasyonlar, daha invaziv ortodontik se\u00e7eneklere harika bir alternatif olarak hizmet eder.<\/p> <p>Porselen kaplamalar, tek bir g\u00fcl\u00fcmsemeyi etkileyen bir\u00e7ok kozmetik sorunun d\u00fczeltilmesi i\u00e7in tek ba\u015f\u0131na bir \u00e7\u00f6z\u00fcm olarak da hizmet edebilir &#8211; baz\u0131 durumlarda tam bir g\u00fcl\u00fcmseme esteti\u011fi sa\u011flar.[\/vc_column_text][\/vc_column_inner][\/vc_row_inner][vc_row_inner][vc_column_inner width=&#8221;2\/3&#8243;][vc_column_text]<strong>Porselen Kaplamalar\u0131n Faydalar\u0131<\/strong><\/p> <p>Porselen kaplamalar, bir tak\u0131m kozmetik sorunlar\u0131 nispeten k\u0131sa bir s\u00fcrede d\u00fczeltebilir. Ancak sa\u011flad\u0131klar\u0131 tek fayda bu de\u011fildir. Kaplamalar:<\/p> <ul> <li>G\u00fcl\u00fcmsemenize kusursuz bir \u015fekilde uymas\u0131 i\u00e7in \u00f6zelle\u015ftirilmi\u015ftir.<\/li> <li>En kaliteli malzemelerden \u00fcretilmi\u015ftir<\/li> <li>Dayan\u0131kl\u0131 ve uzun \u00f6m\u00fcrl\u00fcd\u00fcr<\/li> <li>Bak\u0131m\u0131 kolayd\u0131r<\/li> <li>Genel y\u00fcz \u015feklinizi tamamlama kapasitesine sahiptir.<\/li> <\/ul> <p>Di\u015f kaplamalar\u0131 i\u00e7in kullan\u0131lan porselen malzeme dayan\u0131kl\u0131d\u0131r ve de\u011fi\u015ftirilmesi gerekmeden uzun y\u0131llar, potansiyel olarak onlarca y\u0131l dayanabilir. Ayr\u0131ca, malzeme solmaya ve lekelenmeye kar\u015f\u0131 dayan\u0131kl\u0131d\u0131r.[\/vc_column_text][\/vc_column_inner][vc_column_inner width=&#8221;1\/3&#8243;][vc_single_image image=&#8221;1072&#8243; img_size=&#8221;full&#8221;][\/vc_column_inner][\/vc_row_inner][\/vc_column][\/vc_row][\/vc_section]<\/p> <\/div>","protected":false},"excerpt":{"rendered":"[vc_section][vc_row el_class=&#8221;container_1200&#8243;][vc_column][vc_row_inner][vc_column_inner][vc_custom_heading text=&#8221;Porselen Kaplamalar (Veneerler)&#8221; font_container=&#8221;tag:h2|font_size:48|text_align:center&#8221; use_theme_fonts=&#8221;yes&#8221; el_class=&#8221;single-page-h2&#8243;][\/vc_column_inner][\/vc_row_inner][vc_row_inner][vc_column_inner][vc_column_text]Porselen kaplamalar ile kendinizi \u00f6zg\u00fcvenli hissetmenizi sa\u011flayan bir g\u00fcl\u00fc\u015fe sahip olabilirsiniz. Sundu\u011fumuz kaplamalar; dayan\u0131kl\u0131, g\u00fczel g\u00f6r\u00fcn\u00fcml\u00fc ve d\u00fcnyaya g\u00f6stermekten gurur duyaca\u011f\u0131n\u0131z bir g\u00fcl\u00fcmseme olu\u015fturmak i\u00e7in say\u0131s\u0131z kozmetik di\u015f problemini \u00e7\u00f6zebilecek kapasitededir.[\/vc_column_text][\/vc_column_inner][\/vc_row_inner][vc_row_inner][vc_column_inner width=&#8221;1\/3&#8243;][vc_single_image image=&#8221;1070&#8243; img_size=&#8221;full&#8221;][\/vc_column_inner][vc_column_inner width=&#8221;2\/3&#8243;][vc_column_text]Porselen Kaplamalar\u0131n \u00c7\u00f6zd\u00fc\u011f\u00fc Sorunlar Kaplamalar, \u00e7e\u015fitli kozmetik di\u015f problemlerini gizlemek i\u00e7in di\u015flerin \u00f6n k\u0131sm\u0131na&#8230; <a class=\"view-article\" href=\"https:\/\/www.anatomicaclinic.com\/tr\/dis-tedavileri\/porselen-kaplamalar-veneerler\/\">View Article<\/a>","protected":false},"author":10,"featured_media":0,"parent":328,"menu_order":0,"comment_status":"closed","ping_status":"closed","template":"","meta":{"footnotes":""},"class_list":["post-1576","page","type-page","status-publish","hentry"],"yoast_head":"<!-- This site is optimized with the Yoast SEO plugin v27.0 - https:\/\/yoast.com\/product\/yoast-seo-wordpress\/ -->\n<title>Porselen Kaplamalar (Veneerler) - Anatomica Klinik<\/title>\n<meta name=\"description\" content=\"Porselen Kaplamalar (Veneerler) - Anatomica Klinik\" \/>\n<meta name=\"robots\" content=\"index, follow, max-snippet:-1, max-image-preview:large, max-video-preview:-1\" \/>\n<link rel=\"canonical\" href=\"https:\/\/www.anatomicaclinic.com\/tr\/?page_id=1576\" \/>\n<meta property=\"og:locale\" content=\"tr_TR\" \/>\n<meta property=\"og:type\" content=\"article\" \/>\n<meta property=\"og:title\" content=\"Porselen Kaplamalar (Veneerler) - Anatomica Klinik\" \/>\n<meta property=\"og:description\" content=\"Porselen Kaplamalar (Veneerler) - Anatomica Klinik\" \/>\n<meta property=\"og:url\" content=\"https:\/\/www.anatomicaclinic.com\/tr\/?page_id=1576\" \/>\n<meta property=\"og:site_name\" content=\"Anatomica Klinik\" \/>\n<meta property=\"article:publisher\" content=\"https:\/\/www.facebook.com\/anatomicadominican\" \/>\n<meta property=\"article:modified_time\" content=\"2026-02-11T11:45:25+00:00\" \/>\n<meta name=\"twitter:card\" content=\"summary_large_image\" \/>\n<meta name=\"twitter:label1\" content=\"Tahmini okuma s\u00fcresi\" \/>\n\t<meta name=\"twitter:data1\" content=\"2 dakika\" \/>\n<script type=\"application\/ld+json\" class=\"yoast-schema-graph\">{\"@context\":\"https:\/\/schema.org\",\"@graph\":[{\"@type\":\"WebPage\",\"@id\":\"https:\/\/www.anatomicaclinic.com\/tr\/?page_id=1576\",\"url\":\"https:\/\/www.anatomicaclinic.com\/tr\/?page_id=1576\",\"name\":\"Porselen Kaplamalar (Veneerler) - Anatomica Klinik\",\"isPartOf\":{\"@id\":\"https:\/\/www.anatomicaclinic.com\/#website\"},\"datePublished\":\"2022-06-29T14:46:36+00:00\",\"dateModified\":\"2026-02-11T11:45:25+00:00\",\"description\":\"Porselen Kaplamalar (Veneerler) - Anatomica Klinik\",\"breadcrumb\":{\"@id\":\"https:\/\/www.anatomicaclinic.com\/tr\/?page_id=1576#breadcrumb\"},\"inLanguage\":\"tr\",\"potentialAction\":[{\"@type\":\"ReadAction\",\"target\":[\"https:\/\/www.anatomicaclinic.com\/tr\/?page_id=1576\"]}]},{\"@type\":\"BreadcrumbList\",\"@id\":\"https:\/\/www.anatomicaclinic.com\/tr\/?page_id=1576#breadcrumb\",\"itemListElement\":[{\"@type\":\"ListItem\",\"position\":1,\"name\":\"Anasayfa\",\"item\":\"https:\/\/www.anatomicaclinic.com\/tr\/\"},{\"@type\":\"ListItem\",\"position\":2,\"name\":\"Di\u015f Tedavileri\",\"item\":\"https:\/\/www.anatomicaclinic.com\/tr\/?page_id=328\"},{\"@type\":\"ListItem\",\"position\":3,\"name\":\"Porselen Kaplamalar (Veneerler)\"}]},{\"@type\":\"WebSite\",\"@id\":\"https:\/\/www.anatomicaclinic.com\/#website\",\"url\":\"https:\/\/www.anatomicaclinic.com\/\",\"name\":\"Anatomica Clinic\",\"description\":\"Anatomica\",\"publisher\":{\"@id\":\"https:\/\/www.anatomicaclinic.com\/#organization\"},\"alternateName\":\"Anatomica Clinic International\",\"potentialAction\":[{\"@type\":\"SearchAction\",\"target\":{\"@type\":\"EntryPoint\",\"urlTemplate\":\"https:\/\/www.anatomicaclinic.com\/?s={search_term_string}\"},\"query-input\":{\"@type\":\"PropertyValueSpecification\",\"valueRequired\":true,\"valueName\":\"search_term_string\"}}],\"inLanguage\":\"tr\"},{\"@type\":\"Organization\",\"@id\":\"https:\/\/www.anatomicaclinic.com\/#organization\",\"name\":\"Anatomica Clinic Dominicana\",\"url\":\"https:\/\/www.anatomicaclinic.com\/\",\"logo\":{\"@type\":\"ImageObject\",\"inLanguage\":\"tr\",\"@id\":\"https:\/\/www.anatomicaclinic.com\/#\/schema\/logo\/image\/\",\"url\":\"https:\/\/www.anatomicaclinic.com\/wp-content\/uploads\/2023\/11\/8aa015e1-a0cd-4d48-b1d5-c9598cbdad99.jpg\",\"contentUrl\":\"https:\/\/www.anatomicaclinic.com\/wp-content\/uploads\/2023\/11\/8aa015e1-a0cd-4d48-b1d5-c9598cbdad99.jpg\",\"width\":1600,\"height\":1600,\"caption\":\"Anatomica Clinic Dominicana\"},\"image\":{\"@id\":\"https:\/\/www.anatomicaclinic.com\/#\/schema\/logo\/image\/\"},\"sameAs\":[\"https:\/\/www.facebook.com\/anatomicadominican\",\"https:\/\/instagram.com\/anatomicadominican\"]}]}<\/script>\n<!-- \/ Yoast SEO plugin. -->","yoast_head_json":{"title":"Porselen Kaplamalar (Veneerler) - Anatomica Klinik","description":"Porselen Kaplamalar (Veneerler) - Anatomica Klinik","robots":{"index":"index","follow":"follow","max-snippet":"max-snippet:-1","max-image-preview":"max-image-preview:large","max-video-preview":"max-video-preview:-1"},"canonical":"https:\/\/www.anatomicaclinic.com\/tr\/?page_id=1576","og_locale":"tr_TR","og_type":"article","og_title":"Porselen Kaplamalar (Veneerler) - Anatomica Klinik","og_description":"Porselen Kaplamalar (Veneerler) - Anatomica Klinik","og_url":"https:\/\/www.anatomicaclinic.com\/tr\/?page_id=1576","og_site_name":"Anatomica Klinik","article_publisher":"https:\/\/www.facebook.com\/anatomicadominican","article_modified_time":"2026-02-11T11:45:25+00:00","twitter_card":"summary_large_image","twitter_misc":{"Tahmini okuma s\u00fcresi":"2 dakika"},"schema":{"@context":"https:\/\/schema.org","@graph":[{"@type":"WebPage","@id":"https:\/\/www.anatomicaclinic.com\/tr\/?page_id=1576","url":"https:\/\/www.anatomicaclinic.com\/tr\/?page_id=1576","name":"Porselen Kaplamalar (Veneerler) - Anatomica Klinik","isPartOf":{"@id":"https:\/\/www.anatomicaclinic.com\/#website"},"datePublished":"2022-06-29T14:46:36+00:00","dateModified":"2026-02-11T11:45:25+00:00","description":"Porselen Kaplamalar (Veneerler) - Anatomica Klinik","breadcrumb":{"@id":"https:\/\/www.anatomicaclinic.com\/tr\/?page_id=1576#breadcrumb"},"inLanguage":"tr","potentialAction":[{"@type":"ReadAction","target":["https:\/\/www.anatomicaclinic.com\/tr\/?page_id=1576"]}]},{"@type":"BreadcrumbList","@id":"https:\/\/www.anatomicaclinic.com\/tr\/?page_id=1576#breadcrumb","itemListElement":[{"@type":"ListItem","position":1,"name":"Anasayfa","item":"https:\/\/www.anatomicaclinic.com\/tr\/"},{"@type":"ListItem","position":2,"name":"Di\u015f Tedavileri","item":"https:\/\/www.anatomicaclinic.com\/tr\/?page_id=328"},{"@type":"ListItem","position":3,"name":"Porselen Kaplamalar (Veneerler)"}]},{"@type":"WebSite","@id":"https:\/\/www.anatomicaclinic.com\/#website","url":"https:\/\/www.anatomicaclinic.com\/","name":"Anatomica Clinic","description":"Anatomica","publisher":{"@id":"https:\/\/www.anatomicaclinic.com\/#organization"},"alternateName":"Anatomica Clinic International","potentialAction":[{"@type":"SearchAction","target":{"@type":"EntryPoint","urlTemplate":"https:\/\/www.anatomicaclinic.com\/?s={search_term_string}"},"query-input":{"@type":"PropertyValueSpecification","valueRequired":true,"valueName":"search_term_string"}}],"inLanguage":"tr"},{"@type":"Organization","@id":"https:\/\/www.anatomicaclinic.com\/#organization","name":"Anatomica Clinic Dominicana","url":"https:\/\/www.anatomicaclinic.com\/","logo":{"@type":"ImageObject","inLanguage":"tr","@id":"https:\/\/www.anatomicaclinic.com\/#\/schema\/logo\/image\/","url":"https:\/\/www.anatomicaclinic.com\/wp-content\/uploads\/2023\/11\/8aa015e1-a0cd-4d48-b1d5-c9598cbdad99.jpg","contentUrl":"https:\/\/www.anatomicaclinic.com\/wp-content\/uploads\/2023\/11\/8aa015e1-a0cd-4d48-b1d5-c9598cbdad99.jpg","width":1600,"height":1600,"caption":"Anatomica Clinic Dominicana"},"image":{"@id":"https:\/\/www.anatomicaclinic.com\/#\/schema\/logo\/image\/"},"sameAs":["https:\/\/www.facebook.com\/anatomicadominican","https:\/\/instagram.com\/anatomicadominican"]}]}},"_links":{"self":[{"href":"https:\/\/www.anatomicaclinic.com\/tr\/wp-json\/wp\/v2\/pages\/1576","targetHints":{"allow":["GET"]}}],"collection":[{"href":"https:\/\/www.anatomicaclinic.com\/tr\/wp-json\/wp\/v2\/pages"}],"about":[{"href":"https:\/\/www.anatomicaclinic.com\/tr\/wp-json\/wp\/v2\/types\/page"}],"author":[{"embeddable":true,"href":"https:\/\/www.anatomicaclinic.com\/tr\/wp-json\/wp\/v2\/users\/10"}],"replies":[{"embeddable":true,"href":"https:\/\/www.anatomicaclinic.com\/tr\/wp-json\/wp\/v2\/comments?post=1576"}],"version-history":[{"count":1,"href":"https:\/\/www.anatomicaclinic.com\/tr\/wp-json\/wp\/v2\/pages\/1576\/revisions"}],"predecessor-version":[{"id":8512,"href":"https:\/\/www.anatomicaclinic.com\/tr\/wp-json\/wp\/v2\/pages\/1576\/revisions\/8512"}],"up":[{"embeddable":true,"href":"https:\/\/www.anatomicaclinic.com\/tr\/wp-json\/wp\/v2\/pages\/328"}],"wp:attachment":[{"href":"https:\/\/www.anatomicaclinic.com\/tr\/wp-json\/wp\/v2\/media?parent=1576"}],"curies":[{"name":"wp","href":"https:\/\/api.w.org\/{rel}","templated":true}]}}