{"id":179,"date":"2022-05-24T19:19:14","date_gmt":"2022-05-24T19:19:14","guid":{"rendered":"https:\/\/www.anatomicaclinic.com\/?page_id=179"},"modified":"2026-02-14T20:21:46","modified_gmt":"2026-02-14T20:21:46","slug":"hakkimizda","status":"publish","type":"page","link":"https:\/\/www.anatomicaclinic.com\/tr\/hakkimizda\/","title":{"rendered":"Hakk\u0131m\u0131zda"},"content":{"rendered":"<div class=\"wpb-content-wrapper\"><p>[vc_section el_id=&#8221;section-hakkimizda-section-1&#8243;][vc_row el_class=&#8221;container_1200&#8243;][vc_column][vc_row_inner][vc_column_inner][vc_single_image image=&#8221;3512&#8243; img_size=&#8221;full&#8221; el_class=&#8221;desktop&#8221;][vc_single_image image=&#8221;3516&#8243; img_size=&#8221;full&#8221; el_class=&#8221;mobile&#8221;][vc_custom_heading text=&#8221;Biz Kimiz?&#8221; font_container=&#8221;tag:h3|font_size:24|text_align:left&#8221; use_theme_fonts=&#8221;yes&#8221;][vc_column_text css=&#8221;&#8221;]Anatomica; sa\u00e7 ekimi ve KBB alanlar\u0131nda uzman ekibi ve son teknolojiye sahip tesisleri ile d\u00fcnya standartlar\u0131nda hizmet vermektedir.<\/p> <p>&nbsp;<\/p> <p>Klini\u011fimiz, kulak burun bo\u011faz hastal\u0131klar\u0131 konusunda \u00fclkemizin ileri gelen merkezlerinden biridir. Genel KBB, \u00e7\u0131nlama, ba\u015f d\u00f6nmesi (vertigo), alerji gibi alanlarda konusunda uzman bir ekip ve laboratuvar\u0131 bar\u0131nd\u0131ran merkezimiz, yurtd\u0131\u015f\u0131ndan da bir\u00e7ok hasta taraf\u0131ndan da tercih edilmektedir.<\/p> <p>&nbsp;<\/p> <p>25 y\u0131l\u0131 a\u015fan tecr\u00fcbesi ve 45&#8217;ten fazla \u00fclkeden 80.000 hastas\u0131 ile Anatomica, \u00f6nde gelen sa\u00e7 ekimi merkezlerinden biridir. T\u00fcrk medikal ekiplerinin sa\u00e7 ekimindeki ba\u015far\u0131s\u0131n\u0131 ve itibar\u0131n\u0131 d\u00fcnya \u00e7ap\u0131nda temsil eden Anatomica, Avrupa&#8217;daki acenteleri ile hizmet a\u011f\u0131n\u0131 g\u00fc\u00e7lendirdi.<\/p> <p>&nbsp;<\/p> <p>Art\u0131k Avrupa&#8217;da referans ekip haline gelen sa\u00e7 ekimi ekibimiz, bilgi ve deneyimlerini aktarmak i\u00e7in Avrupa&#8217;da 40&#8217;tan fazla \u015fehirde seminerler vermektedir.<\/p> <p>&nbsp;<\/p> <p>Anatomica, Kuzey ve G\u00fcney Amerika ba\u015fta olmak \u00fczere d\u00fcnyan\u0131n her yerinden bir\u00e7ok hastay\u0131 opere ederek ve T\u00fcrk tecr\u00fcbesini ve g\u00fcvenilirli\u011fini Dominik Cumhuriyeti&#8217;ne de ta\u015f\u0131d\u0131.[\/vc_column_text][\/vc_column_inner][vc_column_inner][\/vc_column_inner][\/vc_row_inner][\/vc_column][\/vc_row][\/vc_section][vc_section el_id=&#8221;section-homepage-statistics&#8221;][vc_row el_class=&#8221;container_1200&#8243;][vc_column][vc_row_inner el_id=&#8221;section-statistic-items&#8221; css=&#8221;.vc_custom_1652786401637{padding-top: 44px !important;}&#8221;][vc_column_inner el_class=&#8221;section-statistic-item&#8221; width=&#8221;1\/4&#8243;][vc_single_image image=&#8221;15&#8243; img_size=&#8221;full&#8221; el_class=&#8221;statistic-item-image&#8221;][vc_custom_heading text=&#8221;<i>25<\/i>+&#8221; use_theme_fonts=&#8221;yes&#8221; css=&#8221;&#8221; el_class=&#8221;statistic-item-value&#8221; el_id=&#8221;num1&#8243;][vc_custom_heading text=&#8221;Y\u0131ll\u0131k Tecr\u00fcbe&#8221; use_theme_fonts=&#8221;yes&#8221; el_class=&#8221;statistic-item-title&#8221;][\/vc_column_inner][vc_column_inner el_class=&#8221;section-statistic-item&#8221; width=&#8221;1\/4&#8243;][vc_single_image image=&#8221;17&#8243; img_size=&#8221;full&#8221; el_class=&#8221;statistic-item-image&#8221;][vc_custom_heading text=&#8221;<i>45<\/i>+&#8221; use_theme_fonts=&#8221;yes&#8221; el_class=&#8221;statistic-item-value&#8221; el_id=&#8221;num2&#8243;][vc_custom_heading text=&#8221;\u00dclkeye Hizmet&#8221; use_theme_fonts=&#8221;yes&#8221; el_class=&#8221;statistic-item-title&#8221;][\/vc_column_inner][vc_column_inner el_class=&#8221;section-statistic-item&#8221; width=&#8221;1\/4&#8243;][vc_single_image image=&#8221;18&#8243; img_size=&#8221;full&#8221; el_class=&#8221;statistic-item-image&#8221;][vc_custom_heading text=&#8221;<i>80<\/i>.b+&#8221; use_theme_fonts=&#8221;yes&#8221; css=&#8221;&#8221; el_class=&#8221;statistic-item-value&#8221; el_id=&#8221;num3&#8243;][vc_custom_heading text=&#8221;Mutlu Hasta&#8221; use_theme_fonts=&#8221;yes&#8221; el_class=&#8221;statistic-item-title&#8221;][\/vc_column_inner][vc_column_inner el_class=&#8221;section-statistic-item&#8221; width=&#8221;1\/4&#8243;][vc_single_image image=&#8221;19&#8243; img_size=&#8221;full&#8221; el_class=&#8221;statistic-item-image&#8221;][vc_custom_heading text=&#8221;<i>90<\/i>+&#8221; use_theme_fonts=&#8221;yes&#8221; el_class=&#8221;statistic-item-value&#8221; el_id=&#8221;num4&#8243;][vc_custom_heading text=&#8221;Ki\u015filik Uzman Ekip&#8221; use_theme_fonts=&#8221;yes&#8221; el_class=&#8221;statistic-item-title&#8221;][\/vc_column_inner][\/vc_row_inner][\/vc_column][\/vc_row][\/vc_section][vc_section el_id=&#8221;section-hakkimizda-experts&#8221;][\/vc_section][vc_section el_id=&#8221;section-homepage-horizontal-contact-form&#8221; css=&#8221;.vc_custom_1653426814256{margin-top: 100px !important;margin-bottom: 158px !important;}&#8221;][vc_row el_class=&#8221;container_1200&#8243;][vc_column] <div class=\"wpcf7 no-js\" id=\"wpcf7-f67-o1\" lang=\"tr-TR\" dir=\"ltr\" data-wpcf7-id=\"67\"> <div class=\"screen-reader-response\"><p role=\"status\" aria-live=\"polite\" aria-atomic=\"true\"><\/p> <ul><\/ul><\/div> <form action=\"\/tr\/wp-json\/wp\/v2\/pages\/179#wpcf7-f67-o1\" method=\"post\" class=\"wpcf7-form init cf7mls-no-scroll cf7mls-auto-return-first-step cf7mls-no-moving-animation\" aria-label=\"\u0130leti\u015fim Formu\" novalidate=\"novalidate\" data-status=\"init\"> <fieldset class=\"hidden-fields-container\"><input type=\"hidden\" name=\"_wpcf7\" value=\"67\" \/><input type=\"hidden\" name=\"_wpcf7_version\" value=\"6.1.5\" \/><input type=\"hidden\" name=\"_wpcf7_locale\" value=\"tr_TR\" \/><input type=\"hidden\" name=\"_wpcf7_unit_tag\" value=\"wpcf7-f67-o1\" \/><input type=\"hidden\" name=\"_wpcf7_container_post\" value=\"0\" \/><input type=\"hidden\" name=\"_wpcf7_posted_data_hash\" value=\"\" \/><input type=\"hidden\" name=\"_wpcf7_recaptcha_response\" value=\"\" \/> <\/fieldset> <div id=\"homepage-horizontal-contact-form-layout\"> \t<div class=\"row group gutters\"> \t\t<div class=\"col span_6\"> \t\t\t<p class=\"contact-form-services-title\">\u015eimdi Randevu Al\u0131n \t\t\t<\/p> \t\t\t<p class=\"contact-form-services-subtitle\">Randevu almak istedi\u011finiz birimi l\u00fctfen se\u00e7iniz. \t\t\t<\/p> \t\t<\/div> \t\t<div class=\"col span_6\"> \t\t\t<div class=\"contact-form-services-list\"> \t\t\t\t<p><span class=\"wpcf7-form-control-wrap\" data-name=\"your-services\"><select class=\"wpcf7-form-control wpcf7-select wpcf7-validates-as-required\" aria-required=\"true\" aria-invalid=\"false\" name=\"your-services\"><option value=\"\">Birim Se\u00e7iniz<\/option><option value=\"Sa\u00e7 Ekimi\">Sa\u00e7 Ekimi<\/option><option value=\"Di\u011fer\">Di\u011fer<\/option><\/select><\/span> \t\t\t\t<\/p> \t\t\t<\/div> \t\t<\/div> \t<\/div> \t<div class=\"row group gutters\"> \t\t<div class=\"col span_6\"> \t\t\t<div class=\"row group gutters\"> \t\t\t\t<div class=\"col span_6\"> \t\t\t\t\t<p><label><span class=\"wpcf7-form-control-wrap\" data-name=\"your-name\"><input size=\"40\" maxlength=\"400\" class=\"wpcf7-form-control wpcf7-text wpcf7-validates-as-required\" aria-required=\"true\" aria-invalid=\"false\" placeholder=\"Ad\u0131n\u0131z Soyad\u0131n\u0131z\" value=\"\" type=\"text\" name=\"your-name\" \/><\/span><\/label> \t\t\t\t\t<\/p> \t\t\t\t<\/div> \t\t\t\t<div class=\"col span_6\"> \t\t\t\t\t<p><label><span class=\"wpcf7-form-control-wrap\" data-name=\"your-phone\"><input size=\"40\" maxlength=\"400\" class=\"wpcf7-form-control wpcf7-text wpcf7-validates-as-required\" aria-required=\"true\" aria-invalid=\"false\" placeholder=\"Telefon Numaran\u0131z\" value=\"\" type=\"text\" name=\"your-phone\" \/><\/span><\/label> \t\t\t\t\t<\/p> \t\t\t\t<\/div> \t\t\t<\/div> \t\t<\/div> \t\t<div class=\"col span_6\"> \t\t\t<div class=\"row group gutters\"> \t\t\t\t<div class=\"col span_8\"> \t\t\t\t\t<p><label><span class=\"wpcf7-form-control-wrap\" data-name=\"your-email\"><input size=\"40\" maxlength=\"400\" class=\"wpcf7-form-control wpcf7-email wpcf7-validates-as-required wpcf7-text wpcf7-validates-as-email\" aria-required=\"true\" aria-invalid=\"false\" placeholder=\"Eposta Adresiniz\" value=\"\" type=\"email\" name=\"your-email\" \/><\/span><\/label> \t\t\t\t\t<\/p> \t\t\t\t<\/div> \t\t\t\t<div class=\"col span_4\"> \t\t\t\t\t<p><input class=\"wpcf7-form-control wpcf7-submit has-spinner\" type=\"submit\" value=\"G\u00f6nder\" \/> \t\t\t\t\t<\/p> \t\t\t\t<\/div> \t\t\t<\/div> \t\t<\/div> \t<\/div> \t<div class=\"row group gutters\"> \t\t<div class=\"col span_6\"> \t\t\t<p><span class=\"wpcf7-form-control-wrap\" data-name=\"your-kvkk\"><span class=\"wpcf7-form-control wpcf7-acceptance\"><span class=\"wpcf7-list-item\"><label><input type=\"checkbox\" name=\"your-kvkk\" value=\"1\" class=\"required\" aria-invalid=\"false\" \/><span class=\"wpcf7-list-item-label\">Ki\u015fisel Verilerin Korunmas\u0131 Kanunu uyar\u0131nca, Anatomica ve grup \u015firketlerinin <a href=\"\/kvkk\">Ayd\u0131nlatma Metni<\/a>'ni okudu\u011fumu ve anlad\u0131\u011f\u0131m\u0131 kabul ediyorum.<\/span><\/label><\/span><\/span><\/span> \t\t\t<\/p> \t\t<\/div> \t\t<div class=\"col span_6\"> \t\t\t<p><span class=\"wpcf7-form-control-wrap\" data-name=\"your-kvkk2\"><span class=\"wpcf7-form-control wpcf7-acceptance\"><span class=\"wpcf7-list-item\"><label><input type=\"checkbox\" name=\"your-kvkk2\" value=\"1\" class=\"required\" aria-invalid=\"false\" \/><span class=\"wpcf7-list-item-label\">6563 say\u0131l\u0131 Elektronik Ticaretin D\u00fczenlenmesi Hakk\u0131nda Kanun ve 6698 say\u0131l\u0131 Ki\u015fisel Verilerin Korunmas\u0131 Kanunu uyar\u0131nca, Anatomica ve grup \u015firketlerinin kampanyalar ve di\u011fer haberler ile ilgili taraf\u0131ma elektronik posta, telefon ve benzeri ileti\u015fim kanallar\u0131 vas\u0131tas\u0131yla ses ve g\u00f6r\u00fcnt\u00fc i\u00e7erikli bilgilendirme ve pazarlama iletileri g\u00f6ndermesine ve ki\u015fisel verilerimin bu ama\u00e7la i\u015flenmesine onay veriyorum.<\/span><\/label><\/span><\/span><\/span> \t\t\t<\/p> \t\t<\/div> \t<\/div> <input class=\"wpcf7-form-control wpcf7-hidden\" value=\"Turkey\" type=\"hidden\" name=\"your-country\" \/> <input class=\"wpcf7-form-control wpcf7-hidden\" value=\"\" type=\"hidden\" name=\"utm_campaign\" \/> <input class=\"wpcf7-form-control wpcf7-hidden\" value=\"\" type=\"hidden\" name=\"utm_source\" \/> <input class=\"wpcf7-form-control wpcf7-hidden\" value=\"\" type=\"hidden\" name=\"utm_medium\" \/> <input class=\"wpcf7-form-control wpcf7-hidden\" value=\"\" type=\"hidden\" name=\"utm_term\" \/> <input class=\"wpcf7-form-control wpcf7-hidden\" value=\"\" type=\"hidden\" name=\"utm_content\" \/> <input class=\"wpcf7-form-control wpcf7-hidden\" value=\"\" type=\"hidden\" name=\"gclid\" \/> <\/div><div class=\"wpcf7-response-output\" aria-hidden=\"true\"><\/div> <\/form> <\/div> [\/vc_column][\/vc_row][\/vc_section]<\/p> <\/div>","protected":false},"excerpt":{"rendered":"[vc_section el_id=&#8221;section-hakkimizda-section-1&#8243;][vc_row el_class=&#8221;container_1200&#8243;][vc_column][vc_row_inner][vc_column_inner][vc_single_image image=&#8221;3512&#8243; img_size=&#8221;full&#8221; el_class=&#8221;desktop&#8221;][vc_single_image image=&#8221;3516&#8243; img_size=&#8221;full&#8221; el_class=&#8221;mobile&#8221;][vc_custom_heading text=&#8221;Biz Kimiz?&#8221; font_container=&#8221;tag:h3|font_size:24|text_align:left&#8221; use_theme_fonts=&#8221;yes&#8221;][vc_column_text css=&#8221;&#8221;]Anatomica; sa\u00e7 ekimi ve KBB alanlar\u0131nda uzman ekibi ve son teknolojiye sahip tesisleri ile d\u00fcnya standartlar\u0131nda hizmet vermektedir. &nbsp; Klini\u011fimiz, kulak burun bo\u011faz hastal\u0131klar\u0131 konusunda \u00fclkemizin ileri gelen merkezlerinden biridir. Genel KBB, \u00e7\u0131nlama, ba\u015f d\u00f6nmesi (vertigo), alerji gibi alanlarda konusunda uzman bir&#8230; <a class=\"view-article\" href=\"https:\/\/www.anatomicaclinic.com\/tr\/hakkimizda\/\">View Article<\/a>","protected":false},"author":10,"featured_media":0,"parent":0,"menu_order":0,"comment_status":"closed","ping_status":"closed","template":"","meta":{"footnotes":""},"class_list":["post-179","page","type-page","status-publish","hentry"],"yoast_head":"<!-- This site is optimized with the Yoast SEO plugin v27.0 - https:\/\/yoast.com\/product\/yoast-seo-wordpress\/ -->\n<title>Hakk\u0131m\u0131zda - Anatomica Klinik<\/title>\n<meta name=\"description\" content=\"Hakk\u0131m\u0131zda - Anatomica Klinik\" \/>\n<meta name=\"robots\" content=\"index, follow, max-snippet:-1, max-image-preview:large, max-video-preview:-1\" \/>\n<link rel=\"canonical\" href=\"https:\/\/www.anatomicaclinic.com\/tr\/hakkimizda\/\" \/>\n<meta property=\"og:locale\" content=\"tr_TR\" \/>\n<meta property=\"og:type\" content=\"article\" \/>\n<meta property=\"og:title\" content=\"Hakk\u0131m\u0131zda - Anatomica Klinik\" \/>\n<meta property=\"og:description\" content=\"Hakk\u0131m\u0131zda - Anatomica Klinik\" \/>\n<meta property=\"og:url\" content=\"https:\/\/www.anatomicaclinic.com\/tr\/hakkimizda\/\" \/>\n<meta property=\"og:site_name\" content=\"Anatomica Klinik\" \/>\n<meta property=\"article:publisher\" content=\"https:\/\/www.facebook.com\/anatomicadominican\" \/>\n<meta property=\"article:modified_time\" content=\"2026-02-14T20:21:46+00:00\" \/>\n<meta name=\"twitter:card\" content=\"summary_large_image\" \/>\n<meta name=\"twitter:label1\" content=\"Tahmini okuma s\u00fcresi\" \/>\n\t<meta name=\"twitter:data1\" content=\"3 dakika\" \/>\n<script type=\"application\/ld+json\" class=\"yoast-schema-graph\">{\"@context\":\"https:\/\/schema.org\",\"@graph\":[{\"@type\":\"WebPage\",\"@id\":\"https:\/\/www.anatomicaclinic.com\/tr\/hakkimizda\/\",\"url\":\"https:\/\/www.anatomicaclinic.com\/tr\/hakkimizda\/\",\"name\":\"Hakk\u0131m\u0131zda - Anatomica Klinik\",\"isPartOf\":{\"@id\":\"https:\/\/www.anatomicaclinic.com\/#website\"},\"datePublished\":\"2022-05-24T19:19:14+00:00\",\"dateModified\":\"2026-02-14T20:21:46+00:00\",\"description\":\"Hakk\u0131m\u0131zda - Anatomica Klinik\",\"breadcrumb\":{\"@id\":\"https:\/\/www.anatomicaclinic.com\/tr\/hakkimizda\/#breadcrumb\"},\"inLanguage\":\"tr\",\"potentialAction\":[{\"@type\":\"ReadAction\",\"target\":[\"https:\/\/www.anatomicaclinic.com\/tr\/hakkimizda\/\"]}]},{\"@type\":\"BreadcrumbList\",\"@id\":\"https:\/\/www.anatomicaclinic.com\/tr\/hakkimizda\/#breadcrumb\",\"itemListElement\":[{\"@type\":\"ListItem\",\"position\":1,\"name\":\"Anasayfa\",\"item\":\"https:\/\/www.anatomicaclinic.com\/tr\/\"},{\"@type\":\"ListItem\",\"position\":2,\"name\":\"Hakk\u0131m\u0131zda\"}]},{\"@type\":\"WebSite\",\"@id\":\"https:\/\/www.anatomicaclinic.com\/#website\",\"url\":\"https:\/\/www.anatomicaclinic.com\/\",\"name\":\"Anatomica Clinic\",\"description\":\"Anatomica\",\"publisher\":{\"@id\":\"https:\/\/www.anatomicaclinic.com\/#organization\"},\"alternateName\":\"Anatomica Clinic International\",\"potentialAction\":[{\"@type\":\"SearchAction\",\"target\":{\"@type\":\"EntryPoint\",\"urlTemplate\":\"https:\/\/www.anatomicaclinic.com\/?s={search_term_string}\"},\"query-input\":{\"@type\":\"PropertyValueSpecification\",\"valueRequired\":true,\"valueName\":\"search_term_string\"}}],\"inLanguage\":\"tr\"},{\"@type\":\"Organization\",\"@id\":\"https:\/\/www.anatomicaclinic.com\/#organization\",\"name\":\"Anatomica Clinic Dominicana\",\"url\":\"https:\/\/www.anatomicaclinic.com\/\",\"logo\":{\"@type\":\"ImageObject\",\"inLanguage\":\"tr\",\"@id\":\"https:\/\/www.anatomicaclinic.com\/#\/schema\/logo\/image\/\",\"url\":\"https:\/\/www.anatomicaclinic.com\/wp-content\/uploads\/2023\/11\/8aa015e1-a0cd-4d48-b1d5-c9598cbdad99.jpg\",\"contentUrl\":\"https:\/\/www.anatomicaclinic.com\/wp-content\/uploads\/2023\/11\/8aa015e1-a0cd-4d48-b1d5-c9598cbdad99.jpg\",\"width\":1600,\"height\":1600,\"caption\":\"Anatomica Clinic Dominicana\"},\"image\":{\"@id\":\"https:\/\/www.anatomicaclinic.com\/#\/schema\/logo\/image\/\"},\"sameAs\":[\"https:\/\/www.facebook.com\/anatomicadominican\",\"https:\/\/instagram.com\/anatomicadominican\"]}]}<\/script>\n<!-- \/ Yoast SEO plugin. -->","yoast_head_json":{"title":"Hakk\u0131m\u0131zda - Anatomica Klinik","description":"Hakk\u0131m\u0131zda - Anatomica Klinik","robots":{"index":"index","follow":"follow","max-snippet":"max-snippet:-1","max-image-preview":"max-image-preview:large","max-video-preview":"max-video-preview:-1"},"canonical":"https:\/\/www.anatomicaclinic.com\/tr\/hakkimizda\/","og_locale":"tr_TR","og_type":"article","og_title":"Hakk\u0131m\u0131zda - Anatomica Klinik","og_description":"Hakk\u0131m\u0131zda - Anatomica Klinik","og_url":"https:\/\/www.anatomicaclinic.com\/tr\/hakkimizda\/","og_site_name":"Anatomica Klinik","article_publisher":"https:\/\/www.facebook.com\/anatomicadominican","article_modified_time":"2026-02-14T20:21:46+00:00","twitter_card":"summary_large_image","twitter_misc":{"Tahmini okuma s\u00fcresi":"3 dakika"},"schema":{"@context":"https:\/\/schema.org","@graph":[{"@type":"WebPage","@id":"https:\/\/www.anatomicaclinic.com\/tr\/hakkimizda\/","url":"https:\/\/www.anatomicaclinic.com\/tr\/hakkimizda\/","name":"Hakk\u0131m\u0131zda - Anatomica Klinik","isPartOf":{"@id":"https:\/\/www.anatomicaclinic.com\/#website"},"datePublished":"2022-05-24T19:19:14+00:00","dateModified":"2026-02-14T20:21:46+00:00","description":"Hakk\u0131m\u0131zda - Anatomica Klinik","breadcrumb":{"@id":"https:\/\/www.anatomicaclinic.com\/tr\/hakkimizda\/#breadcrumb"},"inLanguage":"tr","potentialAction":[{"@type":"ReadAction","target":["https:\/\/www.anatomicaclinic.com\/tr\/hakkimizda\/"]}]},{"@type":"BreadcrumbList","@id":"https:\/\/www.anatomicaclinic.com\/tr\/hakkimizda\/#breadcrumb","itemListElement":[{"@type":"ListItem","position":1,"name":"Anasayfa","item":"https:\/\/www.anatomicaclinic.com\/tr\/"},{"@type":"ListItem","position":2,"name":"Hakk\u0131m\u0131zda"}]},{"@type":"WebSite","@id":"https:\/\/www.anatomicaclinic.com\/#website","url":"https:\/\/www.anatomicaclinic.com\/","name":"Anatomica Clinic","description":"Anatomica","publisher":{"@id":"https:\/\/www.anatomicaclinic.com\/#organization"},"alternateName":"Anatomica Clinic International","potentialAction":[{"@type":"SearchAction","target":{"@type":"EntryPoint","urlTemplate":"https:\/\/www.anatomicaclinic.com\/?s={search_term_string}"},"query-input":{"@type":"PropertyValueSpecification","valueRequired":true,"valueName":"search_term_string"}}],"inLanguage":"tr"},{"@type":"Organization","@id":"https:\/\/www.anatomicaclinic.com\/#organization","name":"Anatomica Clinic Dominicana","url":"https:\/\/www.anatomicaclinic.com\/","logo":{"@type":"ImageObject","inLanguage":"tr","@id":"https:\/\/www.anatomicaclinic.com\/#\/schema\/logo\/image\/","url":"https:\/\/www.anatomicaclinic.com\/wp-content\/uploads\/2023\/11\/8aa015e1-a0cd-4d48-b1d5-c9598cbdad99.jpg","contentUrl":"https:\/\/www.anatomicaclinic.com\/wp-content\/uploads\/2023\/11\/8aa015e1-a0cd-4d48-b1d5-c9598cbdad99.jpg","width":1600,"height":1600,"caption":"Anatomica Clinic Dominicana"},"image":{"@id":"https:\/\/www.anatomicaclinic.com\/#\/schema\/logo\/image\/"},"sameAs":["https:\/\/www.facebook.com\/anatomicadominican","https:\/\/instagram.com\/anatomicadominican"]}]}},"_links":{"self":[{"href":"https:\/\/www.anatomicaclinic.com\/tr\/wp-json\/wp\/v2\/pages\/179","targetHints":{"allow":["GET"]}}],"collection":[{"href":"https:\/\/www.anatomicaclinic.com\/tr\/wp-json\/wp\/v2\/pages"}],"about":[{"href":"https:\/\/www.anatomicaclinic.com\/tr\/wp-json\/wp\/v2\/types\/page"}],"author":[{"embeddable":true,"href":"https:\/\/www.anatomicaclinic.com\/tr\/wp-json\/wp\/v2\/users\/10"}],"replies":[{"embeddable":true,"href":"https:\/\/www.anatomicaclinic.com\/tr\/wp-json\/wp\/v2\/comments?post=179"}],"version-history":[{"count":2,"href":"https:\/\/www.anatomicaclinic.com\/tr\/wp-json\/wp\/v2\/pages\/179\/revisions"}],"predecessor-version":[{"id":101274,"href":"https:\/\/www.anatomicaclinic.com\/tr\/wp-json\/wp\/v2\/pages\/179\/revisions\/101274"}],"wp:attachment":[{"href":"https:\/\/www.anatomicaclinic.com\/tr\/wp-json\/wp\/v2\/media?parent=179"}],"curies":[{"name":"wp","href":"https:\/\/api.w.org\/{rel}","templated":true}]}}