{"id":371,"date":"2022-06-08T18:46:47","date_gmt":"2022-06-08T18:46:47","guid":{"rendered":"https:\/\/www.anatomicaclinic.com\/?page_id=371"},"modified":"2026-02-16T12:26:38","modified_gmt":"2026-02-16T12:26:38","slug":"tibbi-kadromuz","status":"publish","type":"page","link":"https:\/\/www.anatomicaclinic.com\/tr\/tibbi-kadromuz\/","title":{"rendered":"Kadromuz"},"content":{"rendered":"<div class=\"wpb-content-wrapper\"><p>[vc_section el_id=&#8221;section-tibbi-kadromuz-title&#8221;][vc_row][vc_column][vc_custom_heading text=&#8221;Kadromuz&#8221; use_theme_fonts=&#8221;yes&#8221; el_class=&#8221;section-tibbi-kadromuz-title&#8221;][\/vc_column][\/vc_row][vc_row el_class=&#8221;container_1200 section-tibbi-kadro&#8221;][vc_column width=&#8221;1\/4&#8243;][vc_single_image image=&#8221;95158&#8243; img_size=&#8221;full&#8221; onclick=&#8221;custom_link&#8221; css=&#8221;&#8221; el_class=&#8221;section-tibbi-kadro-item-img&#8221; link=&#8221;https:\/\/www.anatomicaclinic.com\/wp-content\/uploads\/2022\/06\/kbb-cv.pdf&#8221;][vc_custom_heading text=&#8221;Op. Dr. \u00d6mer Cenker<br \/> ILICALI&#8221; use_theme_fonts=&#8221;yes&#8221; el_class=&#8221;section-tibbi-kadro-item-title&#8221;][vc_custom_heading text=&#8221;KBB Hastal\u0131klar\u0131 Uzman\u0131&#8221; use_theme_fonts=&#8221;yes&#8221; el_class=&#8221;section-tibbi-kadro-item-unvan&#8221;][\/vc_column][\/vc_row][\/vc_section]<\/p> <\/div>","protected":false},"excerpt":{"rendered":"[vc_section el_id=&#8221;section-tibbi-kadromuz-title&#8221;][vc_row][vc_column][vc_custom_heading text=&#8221;Kadromuz&#8221; use_theme_fonts=&#8221;yes&#8221; el_class=&#8221;section-tibbi-kadromuz-title&#8221;][\/vc_column][\/vc_row][vc_row el_class=&#8221;container_1200 section-tibbi-kadro&#8221;][vc_column width=&#8221;1\/4&#8243;][vc_single_image image=&#8221;95158&#8243; img_size=&#8221;full&#8221; onclick=&#8221;custom_link&#8221; css=&#8221;&#8221; el_class=&#8221;section-tibbi-kadro-item-img&#8221; link=&#8221;https:\/\/www.anatomicaclinic.com\/wp-content\/uploads\/2022\/06\/kbb-cv.pdf&#8221;][vc_custom_heading text=&#8221;Op. Dr. \u00d6mer Cenker ILICALI&#8221; use_theme_fonts=&#8221;yes&#8221; el_class=&#8221;section-tibbi-kadro-item-title&#8221;][vc_custom_heading text=&#8221;KBB Hastal\u0131klar\u0131 Uzman\u0131&#8221; use_theme_fonts=&#8221;yes&#8221; el_class=&#8221;section-tibbi-kadro-item-unvan&#8221;][\/vc_column][\/vc_row][\/vc_section]","protected":false},"author":10,"featured_media":0,"parent":0,"menu_order":0,"comment_status":"closed","ping_status":"closed","template":"","meta":{"footnotes":""},"class_list":["post-371","page","type-page","status-publish","hentry"],"yoast_head":"<!-- This site is optimized with the Yoast SEO plugin v27.0 - https:\/\/yoast.com\/product\/yoast-seo-wordpress\/ -->\n<title>Kadromuz - Anatomica Klinik<\/title>\n<meta name=\"description\" content=\"Kadromuz - Anatomica Klinik\" \/>\n<meta name=\"robots\" content=\"index, follow, max-snippet:-1, max-image-preview:large, max-video-preview:-1\" \/>\n<link rel=\"canonical\" href=\"https:\/\/www.anatomicaclinic.com\/tr\/tibbi-kadromuz\/\" \/>\n<meta property=\"og:locale\" content=\"tr_TR\" \/>\n<meta property=\"og:type\" content=\"article\" \/>\n<meta property=\"og:title\" content=\"Kadromuz - Anatomica Klinik\" \/>\n<meta property=\"og:description\" content=\"Kadromuz - Anatomica Klinik\" \/>\n<meta property=\"og:url\" content=\"https:\/\/www.anatomicaclinic.com\/tr\/tibbi-kadromuz\/\" \/>\n<meta property=\"og:site_name\" content=\"Anatomica Klinik\" \/>\n<meta property=\"article:publisher\" content=\"https:\/\/www.facebook.com\/anatomicadominican\" \/>\n<meta property=\"article:modified_time\" content=\"2026-02-16T12:26:38+00:00\" \/>\n<meta name=\"twitter:card\" content=\"summary_large_image\" \/>\n<meta name=\"twitter:label1\" content=\"Tahmini okuma s\u00fcresi\" \/>\n\t<meta name=\"twitter:data1\" content=\"1 dakika\" \/>\n<script type=\"application\/ld+json\" class=\"yoast-schema-graph\">{\"@context\":\"https:\/\/schema.org\",\"@graph\":[{\"@type\":\"WebPage\",\"@id\":\"https:\/\/www.anatomicaclinic.com\/tr\/tibbi-kadromuz\/\",\"url\":\"https:\/\/www.anatomicaclinic.com\/tr\/tibbi-kadromuz\/\",\"name\":\"Kadromuz - Anatomica Klinik\",\"isPartOf\":{\"@id\":\"https:\/\/www.anatomicaclinic.com\/#website\"},\"datePublished\":\"2022-06-08T18:46:47+00:00\",\"dateModified\":\"2026-02-16T12:26:38+00:00\",\"description\":\"Kadromuz - Anatomica Klinik\",\"breadcrumb\":{\"@id\":\"https:\/\/www.anatomicaclinic.com\/tr\/tibbi-kadromuz\/#breadcrumb\"},\"inLanguage\":\"tr\",\"potentialAction\":[{\"@type\":\"ReadAction\",\"target\":[\"https:\/\/www.anatomicaclinic.com\/tr\/tibbi-kadromuz\/\"]}]},{\"@type\":\"BreadcrumbList\",\"@id\":\"https:\/\/www.anatomicaclinic.com\/tr\/tibbi-kadromuz\/#breadcrumb\",\"itemListElement\":[{\"@type\":\"ListItem\",\"position\":1,\"name\":\"Anasayfa\",\"item\":\"https:\/\/www.anatomicaclinic.com\/tr\/\"},{\"@type\":\"ListItem\",\"position\":2,\"name\":\"Kadromuz\"}]},{\"@type\":\"WebSite\",\"@id\":\"https:\/\/www.anatomicaclinic.com\/#website\",\"url\":\"https:\/\/www.anatomicaclinic.com\/\",\"name\":\"Anatomica Clinic\",\"description\":\"Anatomica\",\"publisher\":{\"@id\":\"https:\/\/www.anatomicaclinic.com\/#organization\"},\"alternateName\":\"Anatomica Clinic International\",\"potentialAction\":[{\"@type\":\"SearchAction\",\"target\":{\"@type\":\"EntryPoint\",\"urlTemplate\":\"https:\/\/www.anatomicaclinic.com\/?s={search_term_string}\"},\"query-input\":{\"@type\":\"PropertyValueSpecification\",\"valueRequired\":true,\"valueName\":\"search_term_string\"}}],\"inLanguage\":\"tr\"},{\"@type\":\"Organization\",\"@id\":\"https:\/\/www.anatomicaclinic.com\/#organization\",\"name\":\"Anatomica Clinic Dominicana\",\"url\":\"https:\/\/www.anatomicaclinic.com\/\",\"logo\":{\"@type\":\"ImageObject\",\"inLanguage\":\"tr\",\"@id\":\"https:\/\/www.anatomicaclinic.com\/#\/schema\/logo\/image\/\",\"url\":\"https:\/\/www.anatomicaclinic.com\/wp-content\/uploads\/2023\/11\/8aa015e1-a0cd-4d48-b1d5-c9598cbdad99.jpg\",\"contentUrl\":\"https:\/\/www.anatomicaclinic.com\/wp-content\/uploads\/2023\/11\/8aa015e1-a0cd-4d48-b1d5-c9598cbdad99.jpg\",\"width\":1600,\"height\":1600,\"caption\":\"Anatomica Clinic Dominicana\"},\"image\":{\"@id\":\"https:\/\/www.anatomicaclinic.com\/#\/schema\/logo\/image\/\"},\"sameAs\":[\"https:\/\/www.facebook.com\/anatomicadominican\",\"https:\/\/instagram.com\/anatomicadominican\"]}]}<\/script>\n<!-- \/ Yoast SEO plugin. -->","yoast_head_json":{"title":"Kadromuz - Anatomica Klinik","description":"Kadromuz - Anatomica Klinik","robots":{"index":"index","follow":"follow","max-snippet":"max-snippet:-1","max-image-preview":"max-image-preview:large","max-video-preview":"max-video-preview:-1"},"canonical":"https:\/\/www.anatomicaclinic.com\/tr\/tibbi-kadromuz\/","og_locale":"tr_TR","og_type":"article","og_title":"Kadromuz - Anatomica Klinik","og_description":"Kadromuz - Anatomica Klinik","og_url":"https:\/\/www.anatomicaclinic.com\/tr\/tibbi-kadromuz\/","og_site_name":"Anatomica Klinik","article_publisher":"https:\/\/www.facebook.com\/anatomicadominican","article_modified_time":"2026-02-16T12:26:38+00:00","twitter_card":"summary_large_image","twitter_misc":{"Tahmini okuma s\u00fcresi":"1 dakika"},"schema":{"@context":"https:\/\/schema.org","@graph":[{"@type":"WebPage","@id":"https:\/\/www.anatomicaclinic.com\/tr\/tibbi-kadromuz\/","url":"https:\/\/www.anatomicaclinic.com\/tr\/tibbi-kadromuz\/","name":"Kadromuz - Anatomica Klinik","isPartOf":{"@id":"https:\/\/www.anatomicaclinic.com\/#website"},"datePublished":"2022-06-08T18:46:47+00:00","dateModified":"2026-02-16T12:26:38+00:00","description":"Kadromuz - Anatomica Klinik","breadcrumb":{"@id":"https:\/\/www.anatomicaclinic.com\/tr\/tibbi-kadromuz\/#breadcrumb"},"inLanguage":"tr","potentialAction":[{"@type":"ReadAction","target":["https:\/\/www.anatomicaclinic.com\/tr\/tibbi-kadromuz\/"]}]},{"@type":"BreadcrumbList","@id":"https:\/\/www.anatomicaclinic.com\/tr\/tibbi-kadromuz\/#breadcrumb","itemListElement":[{"@type":"ListItem","position":1,"name":"Anasayfa","item":"https:\/\/www.anatomicaclinic.com\/tr\/"},{"@type":"ListItem","position":2,"name":"Kadromuz"}]},{"@type":"WebSite","@id":"https:\/\/www.anatomicaclinic.com\/#website","url":"https:\/\/www.anatomicaclinic.com\/","name":"Anatomica Clinic","description":"Anatomica","publisher":{"@id":"https:\/\/www.anatomicaclinic.com\/#organization"},"alternateName":"Anatomica Clinic International","potentialAction":[{"@type":"SearchAction","target":{"@type":"EntryPoint","urlTemplate":"https:\/\/www.anatomicaclinic.com\/?s={search_term_string}"},"query-input":{"@type":"PropertyValueSpecification","valueRequired":true,"valueName":"search_term_string"}}],"inLanguage":"tr"},{"@type":"Organization","@id":"https:\/\/www.anatomicaclinic.com\/#organization","name":"Anatomica Clinic Dominicana","url":"https:\/\/www.anatomicaclinic.com\/","logo":{"@type":"ImageObject","inLanguage":"tr","@id":"https:\/\/www.anatomicaclinic.com\/#\/schema\/logo\/image\/","url":"https:\/\/www.anatomicaclinic.com\/wp-content\/uploads\/2023\/11\/8aa015e1-a0cd-4d48-b1d5-c9598cbdad99.jpg","contentUrl":"https:\/\/www.anatomicaclinic.com\/wp-content\/uploads\/2023\/11\/8aa015e1-a0cd-4d48-b1d5-c9598cbdad99.jpg","width":1600,"height":1600,"caption":"Anatomica Clinic Dominicana"},"image":{"@id":"https:\/\/www.anatomicaclinic.com\/#\/schema\/logo\/image\/"},"sameAs":["https:\/\/www.facebook.com\/anatomicadominican","https:\/\/instagram.com\/anatomicadominican"]}]}},"_links":{"self":[{"href":"https:\/\/www.anatomicaclinic.com\/tr\/wp-json\/wp\/v2\/pages\/371","targetHints":{"allow":["GET"]}}],"collection":[{"href":"https:\/\/www.anatomicaclinic.com\/tr\/wp-json\/wp\/v2\/pages"}],"about":[{"href":"https:\/\/www.anatomicaclinic.com\/tr\/wp-json\/wp\/v2\/types\/page"}],"author":[{"embeddable":true,"href":"https:\/\/www.anatomicaclinic.com\/tr\/wp-json\/wp\/v2\/users\/10"}],"replies":[{"embeddable":true,"href":"https:\/\/www.anatomicaclinic.com\/tr\/wp-json\/wp\/v2\/comments?post=371"}],"version-history":[{"count":2,"href":"https:\/\/www.anatomicaclinic.com\/tr\/wp-json\/wp\/v2\/pages\/371\/revisions"}],"predecessor-version":[{"id":101284,"href":"https:\/\/www.anatomicaclinic.com\/tr\/wp-json\/wp\/v2\/pages\/371\/revisions\/101284"}],"wp:attachment":[{"href":"https:\/\/www.anatomicaclinic.com\/tr\/wp-json\/wp\/v2\/media?parent=371"}],"curies":[{"name":"wp","href":"https:\/\/api.w.org\/{rel}","templated":true}]}}