{"id":386,"date":"2022-06-08T19:34:46","date_gmt":"2022-06-08T19:34:46","guid":{"rendered":"https:\/\/www.anatomicaclinic.com\/?page_id=386"},"modified":"2026-02-11T11:45:25","modified_gmt":"2026-02-11T11:45:25","slug":"hizmetlerimiz","status":"publish","type":"page","link":"https:\/\/www.anatomicaclinic.com\/tr\/hizmetlerimiz\/","title":{"rendered":"Hizmetlerimiz"},"content":{"rendered":"<div class=\"wpb-content-wrapper\"><p>[vc_section el_id=&#8221;section-homepage-services&#8221;][vc_row el_class=&#8221;container_1200&#8243;][vc_column css=&#8221;.vc_custom_1652803767976{padding-top: 100px !important;}&#8221;][vc_custom_heading text=&#8221;Hizmetlerimiz&#8221; font_container=&#8221;tag:h1|text_align:center&#8221; use_theme_fonts=&#8221;yes&#8221; el_class=&#8221;section-services-title&#8221;][vc_row_inner el_class=&#8221;section-service-items&#8221;][vc_column_inner el_class=&#8221;section-service-item&#8221; width=&#8221;1\/4&#8243;][vc_single_image image=&#8221;35&#8243; img_size=&#8221;full&#8221; el_class=&#8221;service-item-image&#8221;][vc_custom_heading text=&#8221;Sa\u00e7 Ekimi&#8221; use_theme_fonts=&#8221;yes&#8221; el_class=&#8221;service-item-title&#8221;][vc_custom_heading text=&#8221;22 y\u0131ll\u0131k tecr\u00fcbemiz ve alan\u0131nda uzman sa\u00e7 ekimi kadromuz ile do\u011fal g\u00f6r\u00fcn\u00fcml\u00fc sa\u00e7lara kavu\u015fabilirsiniz.&#8221; font_container=&#8221;tag:div|text_align:left&#8221; use_theme_fonts=&#8221;yes&#8221; el_class=&#8221;service-item-excerpt&#8221;][vc_custom_heading text=&#8221;Daha Fazla Bilgi&#8221; font_container=&#8221;tag:div|text_align:left&#8221; use_theme_fonts=&#8221;yes&#8221; el_class=&#8221;service-item-more&#8221; link=&#8221;url:http%3A%2F%2Fwww.anatomicaclinic.com%2Ftr%2Fsac-ekimi%2F|title:Sa%C3%A7%20Ekimi&#8221;][\/vc_column_inner][vc_column_inner el_class=&#8221;section-service-item&#8221; width=&#8221;1\/4&#8243;][vc_single_image image=&#8221;50&#8243; img_size=&#8221;full&#8221; el_class=&#8221;service-item-image&#8221;][vc_custom_heading text=&#8221;Kulak Burun Bo\u011faz&#8221; use_theme_fonts=&#8221;yes&#8221; el_class=&#8221;service-item-title&#8221;][vc_custom_heading text=&#8221;Merkezimizde; kulak, burun, bo\u011faz ve ba\u015f boyun hastal\u0131klar\u0131n\u0131n hem t\u0131bbi hem de cerrahi tedavisi ger\u00e7ekle\u015ftirilmektedir.&#8221; font_container=&#8221;tag:div|text_align:left&#8221; use_theme_fonts=&#8221;yes&#8221; el_class=&#8221;service-item-excerpt&#8221;][vc_custom_heading text=&#8221;Daha Fazla Bilgi&#8221; font_container=&#8221;tag:div|text_align:left&#8221; use_theme_fonts=&#8221;yes&#8221; el_class=&#8221;service-item-more&#8221; link=&#8221;url:http%3A%2F%2Fwww.anatomicaclinic.com%2Ftr%2Fk-b-b%2F|title:K.B.B&#8221;][\/vc_column_inner][\/vc_row_inner][\/vc_column][\/vc_row][\/vc_section][vc_section el_id=&#8221;section-homepage-footer-contact-form&#8221;][vc_row el_class=&#8221;container_1200&#8243;][vc_column][vc_row_inner][vc_column_inner el_class=&#8221;section-homepage-footer-contact-form-information-layout&#8221; width=&#8221;1\/2&#8243;][vc_custom_heading text=&#8221;\u0130leti\u015fim Bilgileri&#8221; use_theme_fonts=&#8221;yes&#8221; el_class=&#8221;section-homepage-footer-contact-form-information-title&#8221;][vc_column_text css=&#8221;&#8221; el_class=&#8221;section-homepage-footer-contact-form-information-list&#8221;]<\/p> <ul> <li>+90 538 394 5632<\/li> <li>info@anatomicaclinic.com<\/li> <li> <div class=\"text\">Fulya Mah. B\u00fcy\u00fckdere Cad. No:74\/A Torun Center &#8211; Garden Office No:66 &#8211; \u015ei\u015fli\/\u0130STANBUL<\/div> <\/li> <li> <div class=\"text\">Faks<strong>:<\/strong>\u00a0+90 (212) 211 45 22<\/div> <\/li> <\/ul> <p>[\/vc_column_text][\/vc_column_inner][vc_column_inner width=&#8221;1\/2&#8243;] <div class=\"wpcf7 no-js\" id=\"wpcf7-f148-o1\" lang=\"tr-TR\" dir=\"ltr\" data-wpcf7-id=\"148\"> <div class=\"screen-reader-response\"><p role=\"status\" aria-live=\"polite\" aria-atomic=\"true\"><\/p> <ul><\/ul><\/div> <form action=\"\/tr\/wp-json\/wp\/v2\/pages\/386#wpcf7-f148-o1\" method=\"post\" class=\"wpcf7-form init cf7mls-no-scroll cf7mls-auto-return-first-step cf7mls-no-moving-animation\" aria-label=\"\u0130leti\u015fim Formu\" novalidate=\"novalidate\" data-status=\"init\"> <fieldset class=\"hidden-fields-container\"><input type=\"hidden\" name=\"_wpcf7\" value=\"148\" \/><input type=\"hidden\" name=\"_wpcf7_version\" value=\"6.1.5\" \/><input type=\"hidden\" name=\"_wpcf7_locale\" value=\"tr_TR\" \/><input type=\"hidden\" name=\"_wpcf7_unit_tag\" value=\"wpcf7-f148-o1\" \/><input type=\"hidden\" name=\"_wpcf7_container_post\" value=\"0\" \/><input type=\"hidden\" name=\"_wpcf7_posted_data_hash\" value=\"\" \/><input type=\"hidden\" name=\"_wpcf7_recaptcha_response\" value=\"\" \/> <\/fieldset> <div id=\"homepage-footer-contact-form-layout\"> \t<h2 class=\"section-homepage-footer-contact-form-title mobile\">Formu doldurun, sizi<br \/> arayal\u0131m. \t<\/h2> \t<div class=\"row group gutters\"> \t\t<div class=\"col span_6\"> \t\t\t<p><label><span class=\"wpcf7-form-control-wrap\" data-name=\"your-name\"><input size=\"40\" maxlength=\"400\" class=\"wpcf7-form-control wpcf7-text wpcf7-validates-as-required\" aria-required=\"true\" aria-invalid=\"false\" placeholder=\"Ad\u0131n\u0131z Soyad\u0131n\u0131z\" value=\"\" type=\"text\" name=\"your-name\" \/><\/span><\/label> \t\t\t<\/p> \t\t<\/div> \t\t<div class=\"col span_6\"> \t\t\t<p><label><span class=\"wpcf7-form-control-wrap\" data-name=\"your-phone\"><input size=\"40\" maxlength=\"400\" class=\"wpcf7-form-control wpcf7-text wpcf7-validates-as-required\" aria-required=\"true\" aria-invalid=\"false\" placeholder=\"Telefon Numaran\u0131z\" value=\"\" type=\"text\" name=\"your-phone\" \/><\/span><\/label> \t\t\t<\/p> \t\t<\/div> \t<\/div> \t<div class=\"row group gutters\"> \t\t<div class=\"col span_12\"> \t\t\t<p><label><span class=\"wpcf7-form-control-wrap\" data-name=\"your-email\"><input size=\"40\" maxlength=\"400\" class=\"wpcf7-form-control wpcf7-email wpcf7-validates-as-required wpcf7-text wpcf7-validates-as-email\" aria-required=\"true\" aria-invalid=\"false\" placeholder=\"E-Posta Adresiniz\" value=\"\" type=\"email\" name=\"your-email\" \/><\/span><\/label> \t\t\t<\/p> \t\t<\/div> \t<\/div> \t<div class=\"row group gutters\"> \t\t<div class=\"col span_12\"> \t\t\t<p><label><span class=\"wpcf7-form-control-wrap\" data-name=\"your-message\"><textarea cols=\"40\" rows=\"10\" maxlength=\"2000\" class=\"wpcf7-form-control wpcf7-textarea wpcf7-validates-as-required\" aria-required=\"true\" aria-invalid=\"false\" name=\"your-message\">Mesaj\u0131n\u0131z<\/textarea><\/span><\/label> \t\t\t<\/p> \t\t\t<p><span class=\"wpcf7-form-control-wrap\" data-name=\"your-kvkk\"><span class=\"wpcf7-form-control wpcf7-acceptance\"><span class=\"wpcf7-list-item\"><label><input type=\"checkbox\" name=\"your-kvkk\" value=\"1\" class=\"required\" aria-invalid=\"false\" \/><span class=\"wpcf7-list-item-label\">Ki\u015fisel Verilerin Korunmas\u0131 Kanunu uyar\u0131nca, Anatomica ve grup \u015firketlerinin <a href=\"\/kvkk\">Ayd\u0131nlatma Metni<\/a>'ni okudu\u011fumu ve anlad\u0131\u011f\u0131m\u0131 kabul ediyorum.<\/span><\/label><\/span><\/span><\/span> \t\t\t<\/p> \t\t\t<p><span class=\"wpcf7-form-control-wrap\" data-name=\"your-kvkk2\"><span class=\"wpcf7-form-control wpcf7-acceptance\"><span class=\"wpcf7-list-item\"><label><input type=\"checkbox\" name=\"your-kvkk2\" value=\"1\" class=\"required\" aria-invalid=\"false\" \/><span class=\"wpcf7-list-item-label\">6563 say\u0131l\u0131 Elektronik Ticaretin D\u00fczenlenmesi Hakk\u0131nda Kanun ve 6698 say\u0131l\u0131 Ki\u015fisel Verilerin Korunmas\u0131 Kanunu uyar\u0131nca, Anatomica ve grup \u015firketlerinin kampanyalar ve di\u011fer haberler ile ilgili taraf\u0131ma elektronik posta, telefon ve benzeri ileti\u015fim kanallar\u0131 vas\u0131tas\u0131yla ses ve g\u00f6r\u00fcnt\u00fc i\u00e7erikli bilgilendirme ve pazarlama iletileri g\u00f6ndermesine ve ki\u015fisel verilerimin bu ama\u00e7la i\u015flenmesine onay veriyorum.<\/span><\/label><\/span><\/span><\/span> \t\t\t<\/p> \t\t\t<p><input class=\"wpcf7-form-control wpcf7-submit has-spinner\" type=\"submit\" value=\"G\u00f6nder\" \/> \t\t\t<\/p> \t\t<\/div> \t<\/div> <input class=\"wpcf7-form-control wpcf7-hidden\" value=\"Turkey\" type=\"hidden\" name=\"your-country\" \/> <input class=\"wpcf7-form-control wpcf7-hidden\" value=\"\" type=\"hidden\" name=\"utm_campaign\" \/> <input class=\"wpcf7-form-control wpcf7-hidden\" value=\"\" type=\"hidden\" name=\"utm_source\" \/> <input class=\"wpcf7-form-control wpcf7-hidden\" value=\"\" type=\"hidden\" name=\"utm_medium\" \/> <input class=\"wpcf7-form-control wpcf7-hidden\" value=\"\" type=\"hidden\" name=\"utm_term\" \/> <input class=\"wpcf7-form-control wpcf7-hidden\" value=\"\" type=\"hidden\" name=\"utm_content\" \/> <input class=\"wpcf7-form-control wpcf7-hidden\" value=\"\" type=\"hidden\" name=\"gclid\" \/> <\/div><div class=\"wpcf7-response-output\" aria-hidden=\"true\"><\/div> <\/form> <\/div> [\/vc_column_inner][\/vc_row_inner][\/vc_column][\/vc_row][\/vc_section]<\/p> <\/div>","protected":false},"excerpt":{"rendered":"[vc_section el_id=&#8221;section-homepage-services&#8221;][vc_row el_class=&#8221;container_1200&#8243;][vc_column css=&#8221;.vc_custom_1652803767976{padding-top: 100px !important;}&#8221;][vc_custom_heading text=&#8221;Hizmetlerimiz&#8221; font_container=&#8221;tag:h1|text_align:center&#8221; use_theme_fonts=&#8221;yes&#8221; el_class=&#8221;section-services-title&#8221;][vc_row_inner el_class=&#8221;section-service-items&#8221;][vc_column_inner el_class=&#8221;section-service-item&#8221; width=&#8221;1\/4&#8243;][vc_single_image image=&#8221;35&#8243; img_size=&#8221;full&#8221; el_class=&#8221;service-item-image&#8221;][vc_custom_heading text=&#8221;Sa\u00e7 Ekimi&#8221; use_theme_fonts=&#8221;yes&#8221; el_class=&#8221;service-item-title&#8221;][vc_custom_heading text=&#8221;22 y\u0131ll\u0131k tecr\u00fcbemiz ve alan\u0131nda uzman sa\u00e7 ekimi kadromuz ile do\u011fal g\u00f6r\u00fcn\u00fcml\u00fc sa\u00e7lara kavu\u015fabilirsiniz.&#8221; font_container=&#8221;tag:div|text_align:left&#8221; use_theme_fonts=&#8221;yes&#8221; el_class=&#8221;service-item-excerpt&#8221;][vc_custom_heading text=&#8221;Daha Fazla Bilgi&#8221; font_container=&#8221;tag:div|text_align:left&#8221; use_theme_fonts=&#8221;yes&#8221; el_class=&#8221;service-item-more&#8221; link=&#8221;url:http%3A%2F%2Fwww.anatomicaclinic.com%2Ftr%2Fsac-ekimi%2F|title:Sa%C3%A7%20Ekimi&#8221;][\/vc_column_inner][vc_column_inner el_class=&#8221;section-service-item&#8221; width=&#8221;1\/4&#8243;][vc_single_image image=&#8221;50&#8243; img_size=&#8221;full&#8221; el_class=&#8221;service-item-image&#8221;][vc_custom_heading text=&#8221;Kulak Burun Bo\u011faz&#8221; use_theme_fonts=&#8221;yes&#8221; el_class=&#8221;service-item-title&#8221;][vc_custom_heading text=&#8221;Merkezimizde;&#8230; <a class=\"view-article\" href=\"https:\/\/www.anatomicaclinic.com\/tr\/hizmetlerimiz\/\">View Article<\/a>","protected":false},"author":10,"featured_media":0,"parent":0,"menu_order":0,"comment_status":"closed","ping_status":"closed","template":"","meta":{"footnotes":""},"class_list":["post-386","page","type-page","status-publish","hentry"],"yoast_head":"<!-- This site is optimized with the Yoast SEO plugin v27.0 - https:\/\/yoast.com\/product\/yoast-seo-wordpress\/ -->\n<title>Hizmetlerimiz - Anatomica Klinik<\/title>\n<meta name=\"description\" content=\"Hizmetlerimiz - Anatomica Klinik\" \/>\n<meta name=\"robots\" content=\"index, follow, max-snippet:-1, max-image-preview:large, max-video-preview:-1\" \/>\n<link rel=\"canonical\" href=\"https:\/\/www.anatomicaclinic.com\/tr\/?page_id=386\" \/>\n<meta property=\"og:locale\" content=\"tr_TR\" \/>\n<meta property=\"og:type\" content=\"article\" \/>\n<meta property=\"og:title\" content=\"Hizmetlerimiz - Anatomica Klinik\" \/>\n<meta property=\"og:description\" content=\"Hizmetlerimiz - Anatomica Klinik\" \/>\n<meta property=\"og:url\" content=\"https:\/\/www.anatomicaclinic.com\/tr\/?page_id=386\" \/>\n<meta property=\"og:site_name\" content=\"Anatomica Klinik\" \/>\n<meta property=\"article:publisher\" content=\"https:\/\/www.facebook.com\/anatomicadominican\" \/>\n<meta property=\"article:modified_time\" content=\"2026-02-11T11:45:25+00:00\" \/>\n<meta name=\"twitter:card\" content=\"summary_large_image\" \/>\n<meta name=\"twitter:label1\" content=\"Tahmini okuma s\u00fcresi\" \/>\n\t<meta name=\"twitter:data1\" content=\"1 dakika\" \/>\n<script type=\"application\/ld+json\" class=\"yoast-schema-graph\">{\"@context\":\"https:\/\/schema.org\",\"@graph\":[{\"@type\":\"WebPage\",\"@id\":\"https:\/\/www.anatomicaclinic.com\/tr\/?page_id=386\",\"url\":\"https:\/\/www.anatomicaclinic.com\/tr\/?page_id=386\",\"name\":\"Hizmetlerimiz - Anatomica Klinik\",\"isPartOf\":{\"@id\":\"https:\/\/www.anatomicaclinic.com\/#website\"},\"datePublished\":\"2022-06-08T19:34:46+00:00\",\"dateModified\":\"2026-02-11T11:45:25+00:00\",\"description\":\"Hizmetlerimiz - Anatomica Klinik\",\"breadcrumb\":{\"@id\":\"https:\/\/www.anatomicaclinic.com\/tr\/?page_id=386#breadcrumb\"},\"inLanguage\":\"tr\",\"potentialAction\":[{\"@type\":\"ReadAction\",\"target\":[\"https:\/\/www.anatomicaclinic.com\/tr\/?page_id=386\"]}]},{\"@type\":\"BreadcrumbList\",\"@id\":\"https:\/\/www.anatomicaclinic.com\/tr\/?page_id=386#breadcrumb\",\"itemListElement\":[{\"@type\":\"ListItem\",\"position\":1,\"name\":\"Anasayfa\",\"item\":\"https:\/\/www.anatomicaclinic.com\/tr\/\"},{\"@type\":\"ListItem\",\"position\":2,\"name\":\"Hizmetlerimiz\"}]},{\"@type\":\"WebSite\",\"@id\":\"https:\/\/www.anatomicaclinic.com\/#website\",\"url\":\"https:\/\/www.anatomicaclinic.com\/\",\"name\":\"Anatomica Clinic\",\"description\":\"Anatomica\",\"publisher\":{\"@id\":\"https:\/\/www.anatomicaclinic.com\/#organization\"},\"alternateName\":\"Anatomica Clinic International\",\"potentialAction\":[{\"@type\":\"SearchAction\",\"target\":{\"@type\":\"EntryPoint\",\"urlTemplate\":\"https:\/\/www.anatomicaclinic.com\/?s={search_term_string}\"},\"query-input\":{\"@type\":\"PropertyValueSpecification\",\"valueRequired\":true,\"valueName\":\"search_term_string\"}}],\"inLanguage\":\"tr\"},{\"@type\":\"Organization\",\"@id\":\"https:\/\/www.anatomicaclinic.com\/#organization\",\"name\":\"Anatomica Clinic Dominicana\",\"url\":\"https:\/\/www.anatomicaclinic.com\/\",\"logo\":{\"@type\":\"ImageObject\",\"inLanguage\":\"tr\",\"@id\":\"https:\/\/www.anatomicaclinic.com\/#\/schema\/logo\/image\/\",\"url\":\"https:\/\/www.anatomicaclinic.com\/wp-content\/uploads\/2023\/11\/8aa015e1-a0cd-4d48-b1d5-c9598cbdad99.jpg\",\"contentUrl\":\"https:\/\/www.anatomicaclinic.com\/wp-content\/uploads\/2023\/11\/8aa015e1-a0cd-4d48-b1d5-c9598cbdad99.jpg\",\"width\":1600,\"height\":1600,\"caption\":\"Anatomica Clinic Dominicana\"},\"image\":{\"@id\":\"https:\/\/www.anatomicaclinic.com\/#\/schema\/logo\/image\/\"},\"sameAs\":[\"https:\/\/www.facebook.com\/anatomicadominican\",\"https:\/\/instagram.com\/anatomicadominican\"]}]}<\/script>\n<!-- \/ Yoast SEO plugin. -->","yoast_head_json":{"title":"Hizmetlerimiz - Anatomica Klinik","description":"Hizmetlerimiz - Anatomica Klinik","robots":{"index":"index","follow":"follow","max-snippet":"max-snippet:-1","max-image-preview":"max-image-preview:large","max-video-preview":"max-video-preview:-1"},"canonical":"https:\/\/www.anatomicaclinic.com\/tr\/?page_id=386","og_locale":"tr_TR","og_type":"article","og_title":"Hizmetlerimiz - Anatomica Klinik","og_description":"Hizmetlerimiz - Anatomica Klinik","og_url":"https:\/\/www.anatomicaclinic.com\/tr\/?page_id=386","og_site_name":"Anatomica Klinik","article_publisher":"https:\/\/www.facebook.com\/anatomicadominican","article_modified_time":"2026-02-11T11:45:25+00:00","twitter_card":"summary_large_image","twitter_misc":{"Tahmini okuma s\u00fcresi":"1 dakika"},"schema":{"@context":"https:\/\/schema.org","@graph":[{"@type":"WebPage","@id":"https:\/\/www.anatomicaclinic.com\/tr\/?page_id=386","url":"https:\/\/www.anatomicaclinic.com\/tr\/?page_id=386","name":"Hizmetlerimiz - Anatomica Klinik","isPartOf":{"@id":"https:\/\/www.anatomicaclinic.com\/#website"},"datePublished":"2022-06-08T19:34:46+00:00","dateModified":"2026-02-11T11:45:25+00:00","description":"Hizmetlerimiz - Anatomica Klinik","breadcrumb":{"@id":"https:\/\/www.anatomicaclinic.com\/tr\/?page_id=386#breadcrumb"},"inLanguage":"tr","potentialAction":[{"@type":"ReadAction","target":["https:\/\/www.anatomicaclinic.com\/tr\/?page_id=386"]}]},{"@type":"BreadcrumbList","@id":"https:\/\/www.anatomicaclinic.com\/tr\/?page_id=386#breadcrumb","itemListElement":[{"@type":"ListItem","position":1,"name":"Anasayfa","item":"https:\/\/www.anatomicaclinic.com\/tr\/"},{"@type":"ListItem","position":2,"name":"Hizmetlerimiz"}]},{"@type":"WebSite","@id":"https:\/\/www.anatomicaclinic.com\/#website","url":"https:\/\/www.anatomicaclinic.com\/","name":"Anatomica Clinic","description":"Anatomica","publisher":{"@id":"https:\/\/www.anatomicaclinic.com\/#organization"},"alternateName":"Anatomica Clinic International","potentialAction":[{"@type":"SearchAction","target":{"@type":"EntryPoint","urlTemplate":"https:\/\/www.anatomicaclinic.com\/?s={search_term_string}"},"query-input":{"@type":"PropertyValueSpecification","valueRequired":true,"valueName":"search_term_string"}}],"inLanguage":"tr"},{"@type":"Organization","@id":"https:\/\/www.anatomicaclinic.com\/#organization","name":"Anatomica Clinic Dominicana","url":"https:\/\/www.anatomicaclinic.com\/","logo":{"@type":"ImageObject","inLanguage":"tr","@id":"https:\/\/www.anatomicaclinic.com\/#\/schema\/logo\/image\/","url":"https:\/\/www.anatomicaclinic.com\/wp-content\/uploads\/2023\/11\/8aa015e1-a0cd-4d48-b1d5-c9598cbdad99.jpg","contentUrl":"https:\/\/www.anatomicaclinic.com\/wp-content\/uploads\/2023\/11\/8aa015e1-a0cd-4d48-b1d5-c9598cbdad99.jpg","width":1600,"height":1600,"caption":"Anatomica Clinic Dominicana"},"image":{"@id":"https:\/\/www.anatomicaclinic.com\/#\/schema\/logo\/image\/"},"sameAs":["https:\/\/www.facebook.com\/anatomicadominican","https:\/\/instagram.com\/anatomicadominican"]}]}},"_links":{"self":[{"href":"https:\/\/www.anatomicaclinic.com\/tr\/wp-json\/wp\/v2\/pages\/386","targetHints":{"allow":["GET"]}}],"collection":[{"href":"https:\/\/www.anatomicaclinic.com\/tr\/wp-json\/wp\/v2\/pages"}],"about":[{"href":"https:\/\/www.anatomicaclinic.com\/tr\/wp-json\/wp\/v2\/types\/page"}],"author":[{"embeddable":true,"href":"https:\/\/www.anatomicaclinic.com\/tr\/wp-json\/wp\/v2\/users\/10"}],"replies":[{"embeddable":true,"href":"https:\/\/www.anatomicaclinic.com\/tr\/wp-json\/wp\/v2\/comments?post=386"}],"version-history":[{"count":1,"href":"https:\/\/www.anatomicaclinic.com\/tr\/wp-json\/wp\/v2\/pages\/386\/revisions"}],"predecessor-version":[{"id":8468,"href":"https:\/\/www.anatomicaclinic.com\/tr\/wp-json\/wp\/v2\/pages\/386\/revisions\/8468"}],"wp:attachment":[{"href":"https:\/\/www.anatomicaclinic.com\/tr\/wp-json\/wp\/v2\/media?parent=386"}],"curies":[{"name":"wp","href":"https:\/\/api.w.org\/{rel}","templated":true}]}}