{"id":445,"date":"2022-06-12T11:56:33","date_gmt":"2022-06-12T11:56:33","guid":{"rendered":"https:\/\/www.anatomicaclinic.com\/?page_id=445"},"modified":"2026-02-14T20:51:16","modified_gmt":"2026-02-14T20:51:16","slug":"subeler","status":"publish","type":"page","link":"https:\/\/www.anatomicaclinic.com\/tr\/subeler\/","title":{"rendered":"\u015eubeler"},"content":{"rendered":"<div class=\"wpb-content-wrapper\"><p>[vc_section el_id=&#8221;section-branches-page&#8221;][vc_row el_class=&#8221;container_1200&#8243;][vc_column][vc_custom_heading text=&#8221;\u015eubeler&#8221; use_theme_fonts=&#8221;yes&#8221; el_class=&#8221;section-branches-page-text-title&#8221;][vc_row_inner el_class=&#8221;section-branches-page-items&#8221;][vc_column_inner el_class=&#8221;section-branches-page-item&#8221; width=&#8221;1\/2&#8243;][vc_custom_heading text=&#8221;T\u00fcrkiye\/\u0130stanbul&#8221; use_theme_fonts=&#8221;yes&#8221; el_class=&#8221;section-branches-page-item-title&#8221;][vc_single_image image=&#8221;6956&#8243; img_size=&#8221;full&#8221; el_class=&#8221;section-branches-page-item-img&#8221;][vc_column_text css=&#8221;.vc_custom_1759234294542{margin-top: 10px !important;}&#8221; el_class=&#8221;section-branches-page-country-text turkey&#8221;]<strong>T\u00fcrkiye: <\/strong>2000 y\u0131l\u0131nda kurulan Anatomica, sa\u011fl\u0131k ve g\u00fczellik alanlar\u0131nda sundu\u011fu profesyonel hizmetlerle her ge\u00e7en g\u00fcn daha fazla insana dokunuyor. 20 y\u0131l\u0131 a\u015fk\u0131n deneyimi ve uzman ekibi ile sa\u00e7 ekimi ve Kulak-Burun-Bo\u011faz (KBB) bran\u015flar\u0131nda hizmet veren klini\u011fimiz bug\u00fcne kadar d\u00fcnyan\u0131n her yerinden 77.000&#8217;den fazla ki\u015fiye hizmet vermi\u015ftir.<\/p> <p>&nbsp;<\/p> <p>Anatomica olarak 2020 y\u0131l\u0131nda Dominik Cumhuriyeti\u2019nde a\u00e7\u0131lan ve deneyimlerimizi daha fazla insana ula\u015ft\u0131rmam\u0131za olanak tan\u0131yan ikinci merkezimiz ile ihtiya\u00e7lara \u00f6zel \u00e7\u00f6z\u00fcmler \u00fcretmeye ve sa\u011fl\u0131k ve g\u00fczellik yolculuklar\u0131nda hastalar\u0131m\u0131za e\u015flik etmeye devam ediyoruz.[\/vc_column_text][\/vc_column_inner][vc_column_inner el_class=&#8221;section-branches-page-item&#8221; width=&#8221;1\/2&#8243;][vc_custom_heading text=&#8221;Dominik Cumhuriyeti\/La Romana&#8221; font_container=&#8221;tag:h2|text_align:right&#8221; use_theme_fonts=&#8221;yes&#8221; el_class=&#8221;section-branches-page-item-title&#8221;][vc_single_image image=&#8221;655&#8243; img_size=&#8221;full&#8221; alignment=&#8221;right&#8221; el_class=&#8221;section-branches-page-item-img&#8221;][vc_column_text css=&#8221;.vc_custom_1759234325959{margin-top: 10px !important;}&#8221; el_class=&#8221;section-branches-page-country-text dominik&#8221;]<\/p> <p style=\"text-align: right;\"><strong>Dominik Cumhuriyeti: <\/strong>600 m2\u2019lik alana sahip Dominik Cumhuriyeti klini\u011fimiz, her hastan\u0131n en iyi uygulamalara eri\u015fmesini sa\u011flamak i\u00e7in konforlu hasta odalar\u0131 ve en son teknolojiye sahiptir. Anatomica, profesyonel ekibi ile d\u00fcnyan\u0131n her yerinden konuklar\u0131na \u00e7e\u015fitli sa\u00e7 restorasyon \u00e7\u00f6z\u00fcmleri sunmaktad\u0131r.<\/p> <p>&nbsp;<\/p> <p style=\"text-align: right;\">La Romana&#8217;da bulunan klini\u011fimiz tatil i\u00e7in en \u00e7ok tercih edilen yerlerden biridir. Offshore, Saona, Catalina ve Catalinita gibi muhte\u015fem adalara sahip olan b\u00f6lgede al\u0131\u015fveri\u015f, dal\u0131\u015f, l\u00fcks spor ve gurme restoran se\u00e7enekleri de bulunuyor. Klini\u011fe Santo Domingo Havaliman\u0131 (SDQ), La Romana Uluslararas\u0131 Havaliman\u0131 (LRM), Punta Cana (PUJ) ve Casa de Campo Turist Liman\u0131&#8217;ndan (La Romana&#8217;n\u0131n Salao Nehri \u00fczerinde) ula\u015f\u0131labilir.<\/p> <p>[\/vc_column_text][\/vc_column_inner][\/vc_row_inner][\/vc_column][\/vc_row][vc_row][vc_column][vc_custom_heading text=&#8221;\u015eubelerimizden Kareler&#8221; use_theme_fonts=&#8221;yes&#8221; el_class=&#8221;section-branches-page-item-photos-title&#8221;][vc_column_text css=&#8221;&#8221;]              <div class=\"swiper-container\"          data-slider='swiperSlider465'          data-general='{\"initialSlide\":0,\"direction\":\"horizontal\",\"speed\":300,\"autoHeight\":false,\"effect\":\"slide\",\"slidesPerView\":5,\"slidesPerColumn\":1,\"spaceBetween\":20}'          data-autoplay='{\"delay\":3000,\"stopOnLastSlide\":false,\"disableOnInteraction\":true,\"reverseDirection\":false,\"waitForTransition\":true}'          data-pagination='false'          data-navigation='false'          data-breakpoints='{\"320\":{\"slidesPerView\":1},\"480\":{\"slidesPerView\":2},\"640\":{\"slidesPerView\":3},\"768\":{\"slidesPerView\":3},\"980\":{\"slidesPerView\":3},\"1024\":{\"slidesPerView\":3}}'>          <div class=\"swiper-wrapper\">                                                  <div class=\"swiper-slide\">                          <img decoding=\"async\" class=\"image-preview\" src=\"https:\/\/www.anatomicaclinic.com\/wp-content\/uploads\/2026\/02\/klinik_foto1.jpeg\">                      <\/div>                                      <div class=\"swiper-slide\">                          <img decoding=\"async\" class=\"image-preview\" src=\"https:\/\/www.anatomicaclinic.com\/wp-content\/uploads\/2026\/02\/klinik_foto2.jpeg\">                      <\/div>                                      <div class=\"swiper-slide\">                          <img decoding=\"async\" class=\"image-preview\" src=\"https:\/\/www.anatomicaclinic.com\/wp-content\/uploads\/2026\/02\/klinik_foto3.jpeg\">                      <\/div>                                      <div class=\"swiper-slide\">                          <img decoding=\"async\" class=\"image-preview\" src=\"https:\/\/www.anatomicaclinic.com\/wp-content\/uploads\/2026\/02\/klinik_foto4.jpeg\">                      <\/div>                                      <div class=\"swiper-slide\">                          <img decoding=\"async\" class=\"image-preview\" src=\"https:\/\/www.anatomicaclinic.com\/wp-content\/uploads\/2026\/02\/klinik_foto5.jpeg\">                      <\/div>                                      <\/div>                                      <\/div>                 [\/vc_column_text][\/vc_column][\/vc_row][\/vc_section][vc_section el_id=&#8221;section-homepage-footer-contact-form&#8221;][vc_row el_class=&#8221;container_1200&#8243;][vc_column][vc_row_inner][vc_column_inner el_class=&#8221;section-branches-page-location-items&#8221; width=&#8221;1\/2&#8243;][vc_custom_heading text=&#8221;Anatomica<br \/> <i>Istanbul, T\u00fcrkiye<\/i>&#8221; font_container=&#8221;tag:div|text_align:left&#8221; use_theme_fonts=&#8221;yes&#8221; link=&#8221;url:%230&#8243; el_class=&#8221;section-branches-page-location-item selected item-1&#8243;][vc_custom_heading text=&#8221;Anatomica<br \/> <i>Rep\u00fablica Dominicana\/La Romana<\/i>&#8221; font_container=&#8221;tag:div|text_align:left&#8221; use_theme_fonts=&#8221;yes&#8221; link=&#8221;url:%230&#8243; el_class=&#8221;section-branches-page-location-item item-2&#8243;][\/vc_column_inner][vc_column_inner width=&#8221;1\/2&#8243;][vc_gmaps link=&#8221;#E-8_JTNDaWZyYW1lJTIwc3JjJTNEJTIyaHR0cHMlM0ElMkYlMkZ3d3cuZ29vZ2xlLmNvbSUyRm1hcHMlMkZlbWJlZCUzRnBiJTNEJTIxMW0xNCUyMTFtOCUyMTFtMyUyMTFkMTUwNC4xMjAzNzIwMjgyNTglMjEyZDI5LjAwMDkxNjIlMjEzZDQxLjA2MzczJTIxM20yJTIxMWkxMDI0JTIxMmk3NjglMjE0ZjEzLjElMjEzbTMlMjExbTIlMjExczB4MTRjYWI3ZmI3ZTEyYWQzNSUyNTNBMHhhNjE5Nzk4Y2NmNjViMDkxJTIxMnMlMjVDMyUyNTk2emVsJTI1MjBBbmF0b21pY2ElMjUyMFQlMjVDNCUyNUIxcCUyNTIwTWVya2V6aSUyNTIwJTI4QW5hdG9taWElMjUyMFNhJTI1QzQlMjU5RmwlMjVDNCUyNUIxayUyNTIwSGl6bWV0bGVyaSUyOSUyMTVlMCUyMTNtMiUyMTFzdHIlMjEyc3RyJTIxNHYxNjU3MDQxODgzNDU1JTIxNW0yJTIxMXN0ciUyMTJzdHIlMjIlMjB3aWR0aCUzRCUyMjEwMCUyNSUyMiUyMGhlaWdodCUzRCUyMjQ3MCUyMiUyMHN0eWxlJTNEJTIyYm9yZGVyJTNBMCUzQiUyMiUyMGFsbG93ZnVsbHNjcmVlbiUzRCUyMiUyMiUyMGxvYWRpbmclM0QlMjJsYXp5JTIyJTIwcmVmZXJyZXJwb2xpY3klM0QlMjJuby1yZWZlcnJlci13aGVuLWRvd25ncmFkZSUyMiUzRSUzQyUyRmlmcmFtZSUzRQ==&#8221; css=&#8221;.vc_custom_1659537578612{margin-top: 0px !important;margin-right: 0px !important;margin-bottom: 0px !important;margin-left: 0px !important;padding-top: 0px !important;padding-right: 0px !important;padding-bottom: 0px !important;padding-left: 0px !important;}&#8221; el_class=&#8221;map-item item-1&#8243;][vc_gmaps link=&#8221;#E-8_JTNDaWZyYW1lJTIwc3JjJTNEJTIyaHR0cHMlM0ElMkYlMkZ3d3cuZ29vZ2xlLmNvbSUyRm1hcHMlMkZlbWJlZCUzRnBiJTNEJTIxMW0xNCUyMTFtOCUyMTFtMyUyMTFkMTUxMzkuODk0Mjk5MzM4NTY2JTIxMmQtNjguODYzMTMzNCUyMTNkMTguNDM5NTA4OSUyMTNtMiUyMTFpMTAyNCUyMTJpNzY4JTIxNGYxMy4xJTIxM20zJTIxMW0yJTIxMXMweDhlYThhZDI2NWEwZTQ0NDMlMjUzQTB4NDBhNTU1MjYzZjY3MGI5MCUyMTJzQW5hdG9taWNhJTI1MjBEb21pbmljYW4lMjUyMFJlcHVibGljJTIxNWUwJTIxM20yJTIxMXN0ciUyMTJzdHIlMjE0djE2NTcwNDE5OTI3NzAlMjE1bTIlMjExc3RyJTIxMnN0ciUyMiUyMHdpZHRoJTNEJTIyMTAwJTI1JTIyJTIwaGVpZ2h0JTNEJTIyNDcwJTIyJTIwc3R5bGUlM0QlMjJib3JkZXIlM0EwJTNCJTIyJTIwYWxsb3dmdWxsc2NyZWVuJTNEJTIyJTIyJTIwbG9hZGluZyUzRCUyMmxhenklMjIlMjByZWZlcnJlcnBvbGljeSUzRCUyMm5vLXJlZmVycmVyLXdoZW4tZG93bmdyYWRlJTIyJTNFJTNDJTJGaWZyYW1lJTNF&#8221; css=&#8221;.vc_custom_1659537587136{margin-top: 0px !important;margin-right: 0px !important;margin-bottom: 0px !important;margin-left: 0px !important;padding-top: 0px !important;padding-right: 0px !important;padding-bottom: 0px !important;padding-left: 0px !important;}&#8221; el_class=&#8221;map-item item-2 hide&#8221;][\/vc_column_inner][\/vc_row_inner][vc_row_inner css=&#8221;.vc_custom_1655039867807{margin-top: 100px !important;}&#8221;][vc_column_inner el_class=&#8221;section-homepage-footer-contact-form-information-layout&#8221; width=&#8221;1\/2&#8243;][vc_custom_heading text=&#8221;\u0130leti\u015fim Bilgileri&#8221; use_theme_fonts=&#8221;yes&#8221; el_class=&#8221;section-homepage-footer-contact-form-information-title&#8221;][vc_column_text css=&#8221;&#8221; el_class=&#8221;section-homepage-footer-contact-form-information-list&#8221;]<\/p> <ul> <li>+90 538 394 5632<\/li> <li>info@anatomicaclinic.com<\/li> <li> <div class=\"text\">Fulya Mah. B\u00fcy\u00fckdere Cad. No:74\/A Torun Center &#8211; Garden Office No:66 &#8211; \u015ei\u015fli\/\u0130STANBUL<\/div> <\/li> <li> <div class=\"text\">Faks<strong>:<\/strong>\u00a0+90 (212) 211 45 22<\/div> <\/li> <\/ul> <p>[\/vc_column_text][vc_column_text el_class=&#8221;section-homepage-footer-contact-form-information-social-list&#8221;]<\/p> <ul> <li><a href=\"https:\/\/www.facebook.com\/anatomicasaglik\"><img decoding=\"async\" class=\"alignnone size-full wp-image-143\" src=\"https:\/\/www.anatomicaclinic.com\/wp-content\/uploads\/2022\/05\/facebook.png\" alt=\"\" \/><\/a><\/li> <li><a href=\"https:\/\/twitter.com\/AnatomicaTR\"><img decoding=\"async\" class=\"alignnone size-full wp-image-144\" src=\"https:\/\/www.anatomicaclinic.com\/wp-content\/uploads\/2022\/05\/twitter.png\" alt=\"\" \/><\/a><\/li> <li><a href=\"https:\/\/www.instagram.com\/anatomicaklinik\/\"><img decoding=\"async\" class=\"alignnone size-full wp-image-145\" src=\"https:\/\/www.anatomicaclinic.com\/wp-content\/uploads\/2022\/05\/instagram.png\" alt=\"\" \/><\/a><\/li> <li><a href=\"https:\/\/www.youtube.com\/c\/AnatomicaTrSaglikGrubu\"><img decoding=\"async\" class=\"alignnone size-full wp-image-146\" src=\"https:\/\/www.anatomicaclinic.com\/wp-content\/uploads\/2022\/05\/youtube.png\" alt=\"\" \/><\/a><\/li> <\/ul> <p>[\/vc_column_text][\/vc_column_inner][vc_column_inner width=&#8221;1\/2&#8243;] <div class=\"wpcf7 no-js\" id=\"wpcf7-f148-o1\" lang=\"tr-TR\" dir=\"ltr\" data-wpcf7-id=\"148\"> <div class=\"screen-reader-response\"><p role=\"status\" aria-live=\"polite\" aria-atomic=\"true\"><\/p> <ul><\/ul><\/div> <form action=\"\/tr\/wp-json\/wp\/v2\/pages\/445#wpcf7-f148-o1\" method=\"post\" class=\"wpcf7-form init cf7mls-no-scroll cf7mls-auto-return-first-step cf7mls-no-moving-animation\" aria-label=\"\u0130leti\u015fim Formu\" novalidate=\"novalidate\" data-status=\"init\"> <fieldset class=\"hidden-fields-container\"><input type=\"hidden\" name=\"_wpcf7\" value=\"148\" \/><input type=\"hidden\" name=\"_wpcf7_version\" value=\"6.1.5\" \/><input type=\"hidden\" name=\"_wpcf7_locale\" value=\"tr_TR\" \/><input type=\"hidden\" name=\"_wpcf7_unit_tag\" value=\"wpcf7-f148-o1\" \/><input type=\"hidden\" name=\"_wpcf7_container_post\" value=\"0\" \/><input type=\"hidden\" name=\"_wpcf7_posted_data_hash\" value=\"\" \/><input type=\"hidden\" name=\"_wpcf7_recaptcha_response\" value=\"\" \/> <\/fieldset> <div id=\"homepage-footer-contact-form-layout\"> \t<h2 class=\"section-homepage-footer-contact-form-title mobile\">Formu doldurun, sizi<br \/> arayal\u0131m. \t<\/h2> \t<div class=\"row group gutters\"> \t\t<div class=\"col span_6\"> \t\t\t<p><label><span class=\"wpcf7-form-control-wrap\" data-name=\"your-name\"><input size=\"40\" maxlength=\"400\" class=\"wpcf7-form-control wpcf7-text wpcf7-validates-as-required\" aria-required=\"true\" aria-invalid=\"false\" placeholder=\"Ad\u0131n\u0131z Soyad\u0131n\u0131z\" value=\"\" type=\"text\" name=\"your-name\" \/><\/span><\/label> \t\t\t<\/p> \t\t<\/div> \t\t<div class=\"col span_6\"> \t\t\t<p><label><span class=\"wpcf7-form-control-wrap\" data-name=\"your-phone\"><input size=\"40\" maxlength=\"400\" class=\"wpcf7-form-control wpcf7-text wpcf7-validates-as-required\" aria-required=\"true\" aria-invalid=\"false\" placeholder=\"Telefon Numaran\u0131z\" value=\"\" type=\"text\" name=\"your-phone\" \/><\/span><\/label> \t\t\t<\/p> \t\t<\/div> \t<\/div> \t<div class=\"row group gutters\"> \t\t<div class=\"col span_12\"> \t\t\t<p><label><span class=\"wpcf7-form-control-wrap\" data-name=\"your-email\"><input size=\"40\" maxlength=\"400\" class=\"wpcf7-form-control wpcf7-email wpcf7-validates-as-required wpcf7-text wpcf7-validates-as-email\" aria-required=\"true\" aria-invalid=\"false\" placeholder=\"E-Posta Adresiniz\" value=\"\" type=\"email\" name=\"your-email\" \/><\/span><\/label> \t\t\t<\/p> \t\t<\/div> \t<\/div> \t<div class=\"row group gutters\"> \t\t<div class=\"col span_12\"> \t\t\t<p><label><span class=\"wpcf7-form-control-wrap\" data-name=\"your-message\"><textarea cols=\"40\" rows=\"10\" maxlength=\"2000\" class=\"wpcf7-form-control wpcf7-textarea wpcf7-validates-as-required\" aria-required=\"true\" aria-invalid=\"false\" name=\"your-message\">Mesaj\u0131n\u0131z<\/textarea><\/span><\/label> \t\t\t<\/p> \t\t\t<p><span class=\"wpcf7-form-control-wrap\" data-name=\"your-kvkk\"><span class=\"wpcf7-form-control wpcf7-acceptance\"><span class=\"wpcf7-list-item\"><label><input type=\"checkbox\" name=\"your-kvkk\" value=\"1\" class=\"required\" aria-invalid=\"false\" \/><span class=\"wpcf7-list-item-label\">Ki\u015fisel Verilerin Korunmas\u0131 Kanunu uyar\u0131nca, Anatomica ve grup \u015firketlerinin <a href=\"\/kvkk\">Ayd\u0131nlatma Metni<\/a>'ni okudu\u011fumu ve anlad\u0131\u011f\u0131m\u0131 kabul ediyorum.<\/span><\/label><\/span><\/span><\/span> \t\t\t<\/p> \t\t\t<p><span class=\"wpcf7-form-control-wrap\" data-name=\"your-kvkk2\"><span class=\"wpcf7-form-control wpcf7-acceptance\"><span class=\"wpcf7-list-item\"><label><input type=\"checkbox\" name=\"your-kvkk2\" value=\"1\" class=\"required\" aria-invalid=\"false\" \/><span class=\"wpcf7-list-item-label\">6563 say\u0131l\u0131 Elektronik Ticaretin D\u00fczenlenmesi Hakk\u0131nda Kanun ve 6698 say\u0131l\u0131 Ki\u015fisel Verilerin Korunmas\u0131 Kanunu uyar\u0131nca, Anatomica ve grup \u015firketlerinin kampanyalar ve di\u011fer haberler ile ilgili taraf\u0131ma elektronik posta, telefon ve benzeri ileti\u015fim kanallar\u0131 vas\u0131tas\u0131yla ses ve g\u00f6r\u00fcnt\u00fc i\u00e7erikli bilgilendirme ve pazarlama iletileri g\u00f6ndermesine ve ki\u015fisel verilerimin bu ama\u00e7la i\u015flenmesine onay veriyorum.<\/span><\/label><\/span><\/span><\/span> \t\t\t<\/p> \t\t\t<p><input class=\"wpcf7-form-control wpcf7-submit has-spinner\" type=\"submit\" value=\"G\u00f6nder\" \/> \t\t\t<\/p> \t\t<\/div> \t<\/div> <input class=\"wpcf7-form-control wpcf7-hidden\" value=\"Turkey\" type=\"hidden\" name=\"your-country\" \/> <input class=\"wpcf7-form-control wpcf7-hidden\" value=\"\" type=\"hidden\" name=\"utm_campaign\" \/> <input class=\"wpcf7-form-control wpcf7-hidden\" value=\"\" type=\"hidden\" name=\"utm_source\" \/> <input class=\"wpcf7-form-control wpcf7-hidden\" value=\"\" type=\"hidden\" name=\"utm_medium\" \/> <input class=\"wpcf7-form-control wpcf7-hidden\" value=\"\" type=\"hidden\" name=\"utm_term\" \/> <input class=\"wpcf7-form-control wpcf7-hidden\" value=\"\" type=\"hidden\" name=\"utm_content\" \/> <input class=\"wpcf7-form-control wpcf7-hidden\" value=\"\" type=\"hidden\" name=\"gclid\" \/> <\/div><div class=\"wpcf7-response-output\" aria-hidden=\"true\"><\/div> <\/form> <\/div> [\/vc_column_inner][\/vc_row_inner][\/vc_column][\/vc_row][\/vc_section]<\/p> <\/div>","protected":false},"excerpt":{"rendered":"[vc_section el_id=&#8221;section-branches-page&#8221;][vc_row el_class=&#8221;container_1200&#8243;][vc_column][vc_custom_heading text=&#8221;\u015eubeler&#8221; use_theme_fonts=&#8221;yes&#8221; el_class=&#8221;section-branches-page-text-title&#8221;][vc_row_inner el_class=&#8221;section-branches-page-items&#8221;][vc_column_inner el_class=&#8221;section-branches-page-item&#8221; width=&#8221;1\/2&#8243;][vc_custom_heading text=&#8221;T\u00fcrkiye\/\u0130stanbul&#8221; use_theme_fonts=&#8221;yes&#8221; el_class=&#8221;section-branches-page-item-title&#8221;][vc_single_image image=&#8221;6956&#8243; img_size=&#8221;full&#8221; el_class=&#8221;section-branches-page-item-img&#8221;][vc_column_text css=&#8221;.vc_custom_1759234294542{margin-top: 10px !important;}&#8221; el_class=&#8221;section-branches-page-country-text turkey&#8221;]T\u00fcrkiye: 2000 y\u0131l\u0131nda kurulan Anatomica, sa\u011fl\u0131k ve g\u00fczellik alanlar\u0131nda sundu\u011fu profesyonel hizmetlerle her ge\u00e7en g\u00fcn daha fazla insana dokunuyor. 20 y\u0131l\u0131 a\u015fk\u0131n deneyimi ve uzman ekibi ile sa\u00e7 ekimi ve Kulak-Burun-Bo\u011faz (KBB) bran\u015flar\u0131nda hizmet veren klini\u011fimiz&#8230; <a class=\"view-article\" href=\"https:\/\/www.anatomicaclinic.com\/tr\/swiper_js_slides\/subelerimizden-kareler\/\">View Article<\/a>","protected":false},"author":10,"featured_media":0,"parent":0,"menu_order":0,"comment_status":"closed","ping_status":"closed","template":"","meta":{"footnotes":""},"class_list":["post-445","page","type-page","status-publish","hentry"],"yoast_head":"<!-- This site is optimized with the Yoast SEO plugin v27.0 - https:\/\/yoast.com\/product\/yoast-seo-wordpress\/ -->\n<title>\u015eubeler - Anatomica Klinik<\/title>\n<meta name=\"description\" content=\"\u015eubeler - Anatomica Klinik\" \/>\n<meta name=\"robots\" content=\"index, follow, max-snippet:-1, max-image-preview:large, max-video-preview:-1\" \/>\n<link rel=\"canonical\" href=\"https:\/\/www.anatomicaclinic.com\/tr\/subeler\/\" \/>\n<meta property=\"og:locale\" content=\"tr_TR\" \/>\n<meta property=\"og:type\" content=\"article\" \/>\n<meta property=\"og:title\" content=\"\u015eubeler - Anatomica Klinik\" \/>\n<meta property=\"og:description\" content=\"\u015eubeler - Anatomica Klinik\" \/>\n<meta property=\"og:url\" content=\"https:\/\/www.anatomicaclinic.com\/tr\/subeler\/\" \/>\n<meta property=\"og:site_name\" content=\"Anatomica Klinik\" \/>\n<meta property=\"article:publisher\" content=\"https:\/\/www.facebook.com\/anatomicadominican\" \/>\n<meta property=\"article:modified_time\" content=\"2026-02-14T20:51:16+00:00\" \/>\n<meta name=\"twitter:card\" content=\"summary_large_image\" \/>\n<meta name=\"twitter:label1\" content=\"Tahmini okuma s\u00fcresi\" \/>\n\t<meta name=\"twitter:data1\" content=\"4 dakika\" \/>\n<script type=\"application\/ld+json\" class=\"yoast-schema-graph\">{\"@context\":\"https:\/\/schema.org\",\"@graph\":[{\"@type\":\"WebPage\",\"@id\":\"https:\/\/www.anatomicaclinic.com\/tr\/subeler\/\",\"url\":\"https:\/\/www.anatomicaclinic.com\/tr\/subeler\/\",\"name\":\"\u015eubeler - Anatomica Klinik\",\"isPartOf\":{\"@id\":\"https:\/\/www.anatomicaclinic.com\/#website\"},\"primaryImageOfPage\":{\"@id\":\"https:\/\/www.anatomicaclinic.com\/tr\/subeler\/#primaryimage\"},\"image\":{\"@id\":\"https:\/\/www.anatomicaclinic.com\/tr\/subeler\/#primaryimage\"},\"thumbnailUrl\":\"https:\/\/www.anatomicaclinic.com\/wp-content\/uploads\/2022\/05\/facebook.png\",\"datePublished\":\"2022-06-12T11:56:33+00:00\",\"dateModified\":\"2026-02-14T20:51:16+00:00\",\"description\":\"\u015eubeler - Anatomica Klinik\",\"breadcrumb\":{\"@id\":\"https:\/\/www.anatomicaclinic.com\/tr\/subeler\/#breadcrumb\"},\"inLanguage\":\"tr\",\"potentialAction\":[{\"@type\":\"ReadAction\",\"target\":[\"https:\/\/www.anatomicaclinic.com\/tr\/subeler\/\"]}]},{\"@type\":\"ImageObject\",\"inLanguage\":\"tr\",\"@id\":\"https:\/\/www.anatomicaclinic.com\/tr\/subeler\/#primaryimage\",\"url\":\"https:\/\/www.anatomicaclinic.com\/wp-content\/uploads\/2022\/05\/facebook.png\",\"contentUrl\":\"https:\/\/www.anatomicaclinic.com\/wp-content\/uploads\/2022\/05\/facebook.png\"},{\"@type\":\"BreadcrumbList\",\"@id\":\"https:\/\/www.anatomicaclinic.com\/tr\/subeler\/#breadcrumb\",\"itemListElement\":[{\"@type\":\"ListItem\",\"position\":1,\"name\":\"Anasayfa\",\"item\":\"https:\/\/www.anatomicaclinic.com\/tr\/\"},{\"@type\":\"ListItem\",\"position\":2,\"name\":\"\u015eubeler\"}]},{\"@type\":\"WebSite\",\"@id\":\"https:\/\/www.anatomicaclinic.com\/#website\",\"url\":\"https:\/\/www.anatomicaclinic.com\/\",\"name\":\"Anatomica Clinic\",\"description\":\"Anatomica\",\"publisher\":{\"@id\":\"https:\/\/www.anatomicaclinic.com\/#organization\"},\"alternateName\":\"Anatomica Clinic International\",\"potentialAction\":[{\"@type\":\"SearchAction\",\"target\":{\"@type\":\"EntryPoint\",\"urlTemplate\":\"https:\/\/www.anatomicaclinic.com\/?s={search_term_string}\"},\"query-input\":{\"@type\":\"PropertyValueSpecification\",\"valueRequired\":true,\"valueName\":\"search_term_string\"}}],\"inLanguage\":\"tr\"},{\"@type\":\"Organization\",\"@id\":\"https:\/\/www.anatomicaclinic.com\/#organization\",\"name\":\"Anatomica Clinic Dominicana\",\"url\":\"https:\/\/www.anatomicaclinic.com\/\",\"logo\":{\"@type\":\"ImageObject\",\"inLanguage\":\"tr\",\"@id\":\"https:\/\/www.anatomicaclinic.com\/#\/schema\/logo\/image\/\",\"url\":\"https:\/\/www.anatomicaclinic.com\/wp-content\/uploads\/2023\/11\/8aa015e1-a0cd-4d48-b1d5-c9598cbdad99.jpg\",\"contentUrl\":\"https:\/\/www.anatomicaclinic.com\/wp-content\/uploads\/2023\/11\/8aa015e1-a0cd-4d48-b1d5-c9598cbdad99.jpg\",\"width\":1600,\"height\":1600,\"caption\":\"Anatomica Clinic Dominicana\"},\"image\":{\"@id\":\"https:\/\/www.anatomicaclinic.com\/#\/schema\/logo\/image\/\"},\"sameAs\":[\"https:\/\/www.facebook.com\/anatomicadominican\",\"https:\/\/instagram.com\/anatomicadominican\"]}]}<\/script>\n<!-- \/ Yoast SEO plugin. -->","yoast_head_json":{"title":"\u015eubeler - Anatomica Klinik","description":"\u015eubeler - Anatomica Klinik","robots":{"index":"index","follow":"follow","max-snippet":"max-snippet:-1","max-image-preview":"max-image-preview:large","max-video-preview":"max-video-preview:-1"},"canonical":"https:\/\/www.anatomicaclinic.com\/tr\/subeler\/","og_locale":"tr_TR","og_type":"article","og_title":"\u015eubeler - Anatomica Klinik","og_description":"\u015eubeler - Anatomica Klinik","og_url":"https:\/\/www.anatomicaclinic.com\/tr\/subeler\/","og_site_name":"Anatomica Klinik","article_publisher":"https:\/\/www.facebook.com\/anatomicadominican","article_modified_time":"2026-02-14T20:51:16+00:00","twitter_card":"summary_large_image","twitter_misc":{"Tahmini okuma s\u00fcresi":"4 dakika"},"schema":{"@context":"https:\/\/schema.org","@graph":[{"@type":"WebPage","@id":"https:\/\/www.anatomicaclinic.com\/tr\/subeler\/","url":"https:\/\/www.anatomicaclinic.com\/tr\/subeler\/","name":"\u015eubeler - Anatomica Klinik","isPartOf":{"@id":"https:\/\/www.anatomicaclinic.com\/#website"},"primaryImageOfPage":{"@id":"https:\/\/www.anatomicaclinic.com\/tr\/subeler\/#primaryimage"},"image":{"@id":"https:\/\/www.anatomicaclinic.com\/tr\/subeler\/#primaryimage"},"thumbnailUrl":"https:\/\/www.anatomicaclinic.com\/wp-content\/uploads\/2022\/05\/facebook.png","datePublished":"2022-06-12T11:56:33+00:00","dateModified":"2026-02-14T20:51:16+00:00","description":"\u015eubeler - Anatomica Klinik","breadcrumb":{"@id":"https:\/\/www.anatomicaclinic.com\/tr\/subeler\/#breadcrumb"},"inLanguage":"tr","potentialAction":[{"@type":"ReadAction","target":["https:\/\/www.anatomicaclinic.com\/tr\/subeler\/"]}]},{"@type":"ImageObject","inLanguage":"tr","@id":"https:\/\/www.anatomicaclinic.com\/tr\/subeler\/#primaryimage","url":"https:\/\/www.anatomicaclinic.com\/wp-content\/uploads\/2022\/05\/facebook.png","contentUrl":"https:\/\/www.anatomicaclinic.com\/wp-content\/uploads\/2022\/05\/facebook.png"},{"@type":"BreadcrumbList","@id":"https:\/\/www.anatomicaclinic.com\/tr\/subeler\/#breadcrumb","itemListElement":[{"@type":"ListItem","position":1,"name":"Anasayfa","item":"https:\/\/www.anatomicaclinic.com\/tr\/"},{"@type":"ListItem","position":2,"name":"\u015eubeler"}]},{"@type":"WebSite","@id":"https:\/\/www.anatomicaclinic.com\/#website","url":"https:\/\/www.anatomicaclinic.com\/","name":"Anatomica Clinic","description":"Anatomica","publisher":{"@id":"https:\/\/www.anatomicaclinic.com\/#organization"},"alternateName":"Anatomica Clinic International","potentialAction":[{"@type":"SearchAction","target":{"@type":"EntryPoint","urlTemplate":"https:\/\/www.anatomicaclinic.com\/?s={search_term_string}"},"query-input":{"@type":"PropertyValueSpecification","valueRequired":true,"valueName":"search_term_string"}}],"inLanguage":"tr"},{"@type":"Organization","@id":"https:\/\/www.anatomicaclinic.com\/#organization","name":"Anatomica Clinic Dominicana","url":"https:\/\/www.anatomicaclinic.com\/","logo":{"@type":"ImageObject","inLanguage":"tr","@id":"https:\/\/www.anatomicaclinic.com\/#\/schema\/logo\/image\/","url":"https:\/\/www.anatomicaclinic.com\/wp-content\/uploads\/2023\/11\/8aa015e1-a0cd-4d48-b1d5-c9598cbdad99.jpg","contentUrl":"https:\/\/www.anatomicaclinic.com\/wp-content\/uploads\/2023\/11\/8aa015e1-a0cd-4d48-b1d5-c9598cbdad99.jpg","width":1600,"height":1600,"caption":"Anatomica Clinic Dominicana"},"image":{"@id":"https:\/\/www.anatomicaclinic.com\/#\/schema\/logo\/image\/"},"sameAs":["https:\/\/www.facebook.com\/anatomicadominican","https:\/\/instagram.com\/anatomicadominican"]}]}},"_links":{"self":[{"href":"https:\/\/www.anatomicaclinic.com\/tr\/wp-json\/wp\/v2\/pages\/445","targetHints":{"allow":["GET"]}}],"collection":[{"href":"https:\/\/www.anatomicaclinic.com\/tr\/wp-json\/wp\/v2\/pages"}],"about":[{"href":"https:\/\/www.anatomicaclinic.com\/tr\/wp-json\/wp\/v2\/types\/page"}],"author":[{"embeddable":true,"href":"https:\/\/www.anatomicaclinic.com\/tr\/wp-json\/wp\/v2\/users\/10"}],"replies":[{"embeddable":true,"href":"https:\/\/www.anatomicaclinic.com\/tr\/wp-json\/wp\/v2\/comments?post=445"}],"version-history":[{"count":2,"href":"https:\/\/www.anatomicaclinic.com\/tr\/wp-json\/wp\/v2\/pages\/445\/revisions"}],"predecessor-version":[{"id":101281,"href":"https:\/\/www.anatomicaclinic.com\/tr\/wp-json\/wp\/v2\/pages\/445\/revisions\/101281"}],"wp:attachment":[{"href":"https:\/\/www.anatomicaclinic.com\/tr\/wp-json\/wp\/v2\/media?parent=445"}],"curies":[{"name":"wp","href":"https:\/\/api.w.org\/{rel}","templated":true}]}}