{"id":722,"date":"2022-06-15T15:01:39","date_gmt":"2022-06-15T15:01:39","guid":{"rendered":"https:\/\/www.anatomicaclinic.com\/?page_id=722"},"modified":"2026-02-11T11:45:26","modified_gmt":"2026-02-11T11:45:26","slug":"rinoplasti","status":"publish","type":"page","link":"https:\/\/www.anatomicaclinic.com\/tr\/rinoplasti\/","title":{"rendered":"Rinoplasti"},"content":{"rendered":"<div class=\"wpb-content-wrapper\"><p>[vc_section][vc_row el_class=&#8221;container_1200&#8243;][vc_column][vc_row_inner][vc_column_inner][vc_custom_heading text=&#8221;Rinoplasti (Burun Esteti\u011fi)&#8221; font_container=&#8221;tag:h2|font_size:48|text_align:center&#8221; use_theme_fonts=&#8221;yes&#8221; el_class=&#8221;single-page-h2&#8243;][\/vc_column_inner][\/vc_row_inner][vc_row_inner][vc_column_inner][vc_column_text][\/vc_column_text][\/vc_column_inner][\/vc_row_inner][vc_row_inner][vc_column_inner width=&#8221;1\/3&#8243;][vc_single_image image=&#8221;695&#8243; img_size=&#8221;full&#8221;][\/vc_column_inner][vc_column_inner width=&#8221;2\/3&#8243;][vc_column_text]Rinoplasti, var olan burun deformitesinin hem fonksiyonel, hem de estetik olarak y\u00fcz hatlar\u0131 ile orant\u0131l\u0131 bi\u00e7imde d\u00fczeltilmesi operasyonudur.<\/p> <p>Operasyon \u00f6ncesi doktorumuz taraf\u0131ndan her hasta ile ayr\u0131nt\u0131l\u0131 kons\u00fcltasyon yap\u0131larak yeni burun \u015fekline karar verilmektedir. Operasyon, yakla\u015f\u0131k 2 saat s\u00fcrer ve hastanede bir gece yat\u0131lmas\u0131 tavsiye edilir. Operasyon sonras\u0131ndaki a\u011fr\u0131 minimal olup, a\u011fr\u0131 kesicilere cevap vermektedir. Operasyon sonras\u0131 \u015fi\u015flikler olabilir fakat hepsi ge\u00e7icidir.<\/p> <p>5-7 g\u00fcn sonunda tamamen yeni bir burunla kar\u015f\u0131la\u015fmak, t\u00fcm hastalar\u0131n kendilerine olan g\u00fcvenini artt\u0131r\u0131r ve mutlu olmalar\u0131n\u0131 sa\u011flar.[\/vc_column_text][\/vc_column_inner][\/vc_row_inner][\/vc_column][\/vc_row][\/vc_section]<\/p> <\/div>","protected":false},"excerpt":{"rendered":"[vc_section][vc_row el_class=&#8221;container_1200&#8243;][vc_column][vc_row_inner][vc_column_inner][vc_custom_heading text=&#8221;Rinoplasti (Burun Esteti\u011fi)&#8221; font_container=&#8221;tag:h2|font_size:48|text_align:center&#8221; use_theme_fonts=&#8221;yes&#8221; el_class=&#8221;single-page-h2&#8243;][\/vc_column_inner][\/vc_row_inner][vc_row_inner][vc_column_inner][vc_column_text][\/vc_column_text][\/vc_column_inner][\/vc_row_inner][vc_row_inner][vc_column_inner width=&#8221;1\/3&#8243;][vc_single_image image=&#8221;695&#8243; img_size=&#8221;full&#8221;][\/vc_column_inner][vc_column_inner width=&#8221;2\/3&#8243;][vc_column_text]Rinoplasti, var olan burun deformitesinin hem fonksiyonel, hem de estetik olarak y\u00fcz hatlar\u0131 ile orant\u0131l\u0131 bi\u00e7imde d\u00fczeltilmesi operasyonudur. Operasyon \u00f6ncesi doktorumuz taraf\u0131ndan her hasta ile ayr\u0131nt\u0131l\u0131 kons\u00fcltasyon yap\u0131larak yeni burun \u015fekline karar verilmektedir. Operasyon, yakla\u015f\u0131k 2 saat s\u00fcrer ve hastanede bir gece yat\u0131lmas\u0131 tavsiye&#8230; <a class=\"view-article\" href=\"https:\/\/www.anatomicaclinic.com\/tr\/rinoplasti\/\">View Article<\/a>","protected":false},"author":10,"featured_media":0,"parent":0,"menu_order":0,"comment_status":"closed","ping_status":"closed","template":"","meta":{"footnotes":""},"class_list":["post-722","page","type-page","status-publish","hentry"],"yoast_head":"<!-- This site is optimized with the Yoast SEO plugin v27.0 - https:\/\/yoast.com\/product\/yoast-seo-wordpress\/ -->\n<title>Rinoplasti - Anatomica Klinik<\/title>\n<meta name=\"description\" content=\"Rinoplasti - Anatomica Klinik\" \/>\n<meta name=\"robots\" content=\"index, follow, max-snippet:-1, max-image-preview:large, max-video-preview:-1\" \/>\n<link rel=\"canonical\" href=\"https:\/\/www.anatomicaclinic.com\/tr\/?page_id=722\" \/>\n<meta property=\"og:locale\" content=\"tr_TR\" \/>\n<meta property=\"og:type\" content=\"article\" \/>\n<meta property=\"og:title\" content=\"Rinoplasti - Anatomica Klinik\" \/>\n<meta property=\"og:description\" content=\"Rinoplasti - Anatomica Klinik\" \/>\n<meta property=\"og:url\" content=\"https:\/\/www.anatomicaclinic.com\/tr\/?page_id=722\" \/>\n<meta property=\"og:site_name\" content=\"Anatomica Klinik\" \/>\n<meta property=\"article:publisher\" content=\"https:\/\/www.facebook.com\/anatomicadominican\" \/>\n<meta property=\"article:modified_time\" content=\"2026-02-11T11:45:26+00:00\" \/>\n<meta name=\"twitter:card\" content=\"summary_large_image\" \/>\n<meta name=\"twitter:label1\" content=\"Tahmini okuma s\u00fcresi\" \/>\n\t<meta name=\"twitter:data1\" content=\"1 dakika\" \/>\n<script type=\"application\/ld+json\" class=\"yoast-schema-graph\">{\"@context\":\"https:\/\/schema.org\",\"@graph\":[{\"@type\":\"WebPage\",\"@id\":\"https:\/\/www.anatomicaclinic.com\/tr\/?page_id=722\",\"url\":\"https:\/\/www.anatomicaclinic.com\/tr\/?page_id=722\",\"name\":\"Rinoplasti - Anatomica Klinik\",\"isPartOf\":{\"@id\":\"https:\/\/www.anatomicaclinic.com\/#website\"},\"datePublished\":\"2022-06-15T15:01:39+00:00\",\"dateModified\":\"2026-02-11T11:45:26+00:00\",\"description\":\"Rinoplasti - Anatomica Klinik\",\"breadcrumb\":{\"@id\":\"https:\/\/www.anatomicaclinic.com\/tr\/?page_id=722#breadcrumb\"},\"inLanguage\":\"tr\",\"potentialAction\":[{\"@type\":\"ReadAction\",\"target\":[\"https:\/\/www.anatomicaclinic.com\/tr\/?page_id=722\"]}]},{\"@type\":\"BreadcrumbList\",\"@id\":\"https:\/\/www.anatomicaclinic.com\/tr\/?page_id=722#breadcrumb\",\"itemListElement\":[{\"@type\":\"ListItem\",\"position\":1,\"name\":\"Anasayfa\",\"item\":\"https:\/\/www.anatomicaclinic.com\/tr\/\"},{\"@type\":\"ListItem\",\"position\":2,\"name\":\"Rinoplasti\"}]},{\"@type\":\"WebSite\",\"@id\":\"https:\/\/www.anatomicaclinic.com\/#website\",\"url\":\"https:\/\/www.anatomicaclinic.com\/\",\"name\":\"Anatomica Clinic\",\"description\":\"Anatomica\",\"publisher\":{\"@id\":\"https:\/\/www.anatomicaclinic.com\/#organization\"},\"alternateName\":\"Anatomica Clinic International\",\"potentialAction\":[{\"@type\":\"SearchAction\",\"target\":{\"@type\":\"EntryPoint\",\"urlTemplate\":\"https:\/\/www.anatomicaclinic.com\/?s={search_term_string}\"},\"query-input\":{\"@type\":\"PropertyValueSpecification\",\"valueRequired\":true,\"valueName\":\"search_term_string\"}}],\"inLanguage\":\"tr\"},{\"@type\":\"Organization\",\"@id\":\"https:\/\/www.anatomicaclinic.com\/#organization\",\"name\":\"Anatomica Clinic Dominicana\",\"url\":\"https:\/\/www.anatomicaclinic.com\/\",\"logo\":{\"@type\":\"ImageObject\",\"inLanguage\":\"tr\",\"@id\":\"https:\/\/www.anatomicaclinic.com\/#\/schema\/logo\/image\/\",\"url\":\"https:\/\/www.anatomicaclinic.com\/wp-content\/uploads\/2023\/11\/8aa015e1-a0cd-4d48-b1d5-c9598cbdad99.jpg\",\"contentUrl\":\"https:\/\/www.anatomicaclinic.com\/wp-content\/uploads\/2023\/11\/8aa015e1-a0cd-4d48-b1d5-c9598cbdad99.jpg\",\"width\":1600,\"height\":1600,\"caption\":\"Anatomica Clinic Dominicana\"},\"image\":{\"@id\":\"https:\/\/www.anatomicaclinic.com\/#\/schema\/logo\/image\/\"},\"sameAs\":[\"https:\/\/www.facebook.com\/anatomicadominican\",\"https:\/\/instagram.com\/anatomicadominican\"]}]}<\/script>\n<!-- \/ Yoast SEO plugin. -->","yoast_head_json":{"title":"Rinoplasti - Anatomica Klinik","description":"Rinoplasti - Anatomica Klinik","robots":{"index":"index","follow":"follow","max-snippet":"max-snippet:-1","max-image-preview":"max-image-preview:large","max-video-preview":"max-video-preview:-1"},"canonical":"https:\/\/www.anatomicaclinic.com\/tr\/?page_id=722","og_locale":"tr_TR","og_type":"article","og_title":"Rinoplasti - Anatomica Klinik","og_description":"Rinoplasti - Anatomica Klinik","og_url":"https:\/\/www.anatomicaclinic.com\/tr\/?page_id=722","og_site_name":"Anatomica Klinik","article_publisher":"https:\/\/www.facebook.com\/anatomicadominican","article_modified_time":"2026-02-11T11:45:26+00:00","twitter_card":"summary_large_image","twitter_misc":{"Tahmini okuma s\u00fcresi":"1 dakika"},"schema":{"@context":"https:\/\/schema.org","@graph":[{"@type":"WebPage","@id":"https:\/\/www.anatomicaclinic.com\/tr\/?page_id=722","url":"https:\/\/www.anatomicaclinic.com\/tr\/?page_id=722","name":"Rinoplasti - Anatomica Klinik","isPartOf":{"@id":"https:\/\/www.anatomicaclinic.com\/#website"},"datePublished":"2022-06-15T15:01:39+00:00","dateModified":"2026-02-11T11:45:26+00:00","description":"Rinoplasti - Anatomica Klinik","breadcrumb":{"@id":"https:\/\/www.anatomicaclinic.com\/tr\/?page_id=722#breadcrumb"},"inLanguage":"tr","potentialAction":[{"@type":"ReadAction","target":["https:\/\/www.anatomicaclinic.com\/tr\/?page_id=722"]}]},{"@type":"BreadcrumbList","@id":"https:\/\/www.anatomicaclinic.com\/tr\/?page_id=722#breadcrumb","itemListElement":[{"@type":"ListItem","position":1,"name":"Anasayfa","item":"https:\/\/www.anatomicaclinic.com\/tr\/"},{"@type":"ListItem","position":2,"name":"Rinoplasti"}]},{"@type":"WebSite","@id":"https:\/\/www.anatomicaclinic.com\/#website","url":"https:\/\/www.anatomicaclinic.com\/","name":"Anatomica Clinic","description":"Anatomica","publisher":{"@id":"https:\/\/www.anatomicaclinic.com\/#organization"},"alternateName":"Anatomica Clinic International","potentialAction":[{"@type":"SearchAction","target":{"@type":"EntryPoint","urlTemplate":"https:\/\/www.anatomicaclinic.com\/?s={search_term_string}"},"query-input":{"@type":"PropertyValueSpecification","valueRequired":true,"valueName":"search_term_string"}}],"inLanguage":"tr"},{"@type":"Organization","@id":"https:\/\/www.anatomicaclinic.com\/#organization","name":"Anatomica Clinic Dominicana","url":"https:\/\/www.anatomicaclinic.com\/","logo":{"@type":"ImageObject","inLanguage":"tr","@id":"https:\/\/www.anatomicaclinic.com\/#\/schema\/logo\/image\/","url":"https:\/\/www.anatomicaclinic.com\/wp-content\/uploads\/2023\/11\/8aa015e1-a0cd-4d48-b1d5-c9598cbdad99.jpg","contentUrl":"https:\/\/www.anatomicaclinic.com\/wp-content\/uploads\/2023\/11\/8aa015e1-a0cd-4d48-b1d5-c9598cbdad99.jpg","width":1600,"height":1600,"caption":"Anatomica Clinic Dominicana"},"image":{"@id":"https:\/\/www.anatomicaclinic.com\/#\/schema\/logo\/image\/"},"sameAs":["https:\/\/www.facebook.com\/anatomicadominican","https:\/\/instagram.com\/anatomicadominican"]}]}},"_links":{"self":[{"href":"https:\/\/www.anatomicaclinic.com\/tr\/wp-json\/wp\/v2\/pages\/722","targetHints":{"allow":["GET"]}}],"collection":[{"href":"https:\/\/www.anatomicaclinic.com\/tr\/wp-json\/wp\/v2\/pages"}],"about":[{"href":"https:\/\/www.anatomicaclinic.com\/tr\/wp-json\/wp\/v2\/types\/page"}],"author":[{"embeddable":true,"href":"https:\/\/www.anatomicaclinic.com\/tr\/wp-json\/wp\/v2\/users\/10"}],"replies":[{"embeddable":true,"href":"https:\/\/www.anatomicaclinic.com\/tr\/wp-json\/wp\/v2\/comments?post=722"}],"version-history":[{"count":1,"href":"https:\/\/www.anatomicaclinic.com\/tr\/wp-json\/wp\/v2\/pages\/722\/revisions"}],"predecessor-version":[{"id":8720,"href":"https:\/\/www.anatomicaclinic.com\/tr\/wp-json\/wp\/v2\/pages\/722\/revisions\/8720"}],"wp:attachment":[{"href":"https:\/\/www.anatomicaclinic.com\/tr\/wp-json\/wp\/v2\/media?parent=722"}],"curies":[{"name":"wp","href":"https:\/\/api.w.org\/{rel}","templated":true}]}}