{"id":728,"date":"2022-06-15T15:16:57","date_gmt":"2022-06-15T15:16:57","guid":{"rendered":"https:\/\/www.anatomicaclinic.com\/?page_id=728"},"modified":"2026-02-11T11:45:25","modified_gmt":"2026-02-11T11:45:25","slug":"goz-kapagi-estetigi","status":"publish","type":"page","link":"https:\/\/www.anatomicaclinic.com\/tr\/goz-kapagi-estetigi\/","title":{"rendered":"G\u00f6z Kapa\u011f\u0131 Esteti\u011fi"},"content":{"rendered":"<div class=\"wpb-content-wrapper\"><p>[vc_section][vc_row el_class=&#8221;container_1200&#8243;][vc_column][vc_row_inner][vc_column_inner][vc_custom_heading text=&#8221;G\u00f6z Kapa\u011f\u0131 Esteti\u011fi&#8221; font_container=&#8221;tag:h2|font_size:48|text_align:center&#8221; use_theme_fonts=&#8221;yes&#8221; el_class=&#8221;single-page-h2&#8243;][\/vc_column_inner][\/vc_row_inner][vc_row_inner][vc_column_inner][vc_column_text]Blefaroplasti, alt ve \u00fcst g\u00f6z kapaklar\u0131n\u0131n a\u015f\u0131r\u0131 derecede deri sarkmas\u0131 ve torbalanmas\u0131 sonucu olu\u015fan g\u00f6z kapa\u011f\u0131 deformitelerinin estetik olarak d\u00fczeltilmesi operasyonudur.[\/vc_column_text][\/vc_column_inner][\/vc_row_inner][vc_row_inner][vc_column_inner width=&#8221;1\/3&#8243;][vc_single_image image=&#8221;755&#8243; img_size=&#8221;full&#8221;][\/vc_column_inner][vc_column_inner width=&#8221;2\/3&#8243;][vc_column_text]Bu operasyon ile sadece kozmetik de\u011fil fonksiyonel olarak da d\u00fczeltme sa\u011flan\u0131r. Operasyon, lokal veya genel anestezi i\u015fle yap\u0131labilir. Sonras\u0131nda so\u011fuk kompres uygulanmas\u0131, \u015fi\u015flik ve morluklar i\u00e7in \u00e7ok \u00f6nemlidir. 3. g\u00fcn diki\u015fler al\u0131nd\u0131ktan sonra hastalar normal hayatlar\u0131na devam d\u00f6nebilirler. Bu operasyon ile bak\u0131\u015flar daha fresh ve canl\u0131 olur. Ya\u015flanma belirtileri azalt\u0131l\u0131r. Ki\u015filer, az 5 y\u0131l \u00f6nceki g\u00f6r\u00fcn\u00fcmlerine sahip olurlar.[\/vc_column_text][\/vc_column_inner][\/vc_row_inner][\/vc_column][\/vc_row][\/vc_section]<\/p> <\/div>","protected":false},"excerpt":{"rendered":"[vc_section][vc_row el_class=&#8221;container_1200&#8243;][vc_column][vc_row_inner][vc_column_inner][vc_custom_heading text=&#8221;G\u00f6z Kapa\u011f\u0131 Esteti\u011fi&#8221; font_container=&#8221;tag:h2|font_size:48|text_align:center&#8221; use_theme_fonts=&#8221;yes&#8221; el_class=&#8221;single-page-h2&#8243;][\/vc_column_inner][\/vc_row_inner][vc_row_inner][vc_column_inner][vc_column_text]Blefaroplasti, alt ve \u00fcst g\u00f6z kapaklar\u0131n\u0131n a\u015f\u0131r\u0131 derecede deri sarkmas\u0131 ve torbalanmas\u0131 sonucu olu\u015fan g\u00f6z kapa\u011f\u0131 deformitelerinin estetik olarak d\u00fczeltilmesi operasyonudur.[\/vc_column_text][\/vc_column_inner][\/vc_row_inner][vc_row_inner][vc_column_inner width=&#8221;1\/3&#8243;][vc_single_image image=&#8221;755&#8243; img_size=&#8221;full&#8221;][\/vc_column_inner][vc_column_inner width=&#8221;2\/3&#8243;][vc_column_text]Bu operasyon ile sadece kozmetik de\u011fil fonksiyonel olarak da d\u00fczeltme sa\u011flan\u0131r. Operasyon, lokal veya genel anestezi i\u015fle yap\u0131labilir. Sonras\u0131nda so\u011fuk kompres uygulanmas\u0131, \u015fi\u015flik ve&#8230; <a class=\"view-article\" href=\"https:\/\/www.anatomicaclinic.com\/tr\/goz-kapagi-estetigi\/\">View Article<\/a>","protected":false},"author":10,"featured_media":0,"parent":0,"menu_order":0,"comment_status":"closed","ping_status":"closed","template":"","meta":{"footnotes":""},"class_list":["post-728","page","type-page","status-publish","hentry"],"yoast_head":"<!-- This site is optimized with the Yoast SEO plugin v27.0 - https:\/\/yoast.com\/product\/yoast-seo-wordpress\/ -->\n<title>G\u00f6z Kapa\u011f\u0131 Esteti\u011fi - Anatomica Klinik<\/title>\n<meta name=\"description\" content=\"G\u00f6z Kapa\u011f\u0131 Esteti\u011fi - Anatomica Klinik\" \/>\n<meta name=\"robots\" content=\"index, follow, max-snippet:-1, max-image-preview:large, max-video-preview:-1\" \/>\n<link rel=\"canonical\" href=\"https:\/\/www.anatomicaclinic.com\/tr\/?page_id=728\" \/>\n<meta property=\"og:locale\" content=\"tr_TR\" \/>\n<meta property=\"og:type\" content=\"article\" \/>\n<meta property=\"og:title\" content=\"G\u00f6z Kapa\u011f\u0131 Esteti\u011fi - Anatomica Klinik\" \/>\n<meta property=\"og:description\" content=\"G\u00f6z Kapa\u011f\u0131 Esteti\u011fi - Anatomica Klinik\" \/>\n<meta property=\"og:url\" content=\"https:\/\/www.anatomicaclinic.com\/tr\/?page_id=728\" \/>\n<meta property=\"og:site_name\" content=\"Anatomica Klinik\" \/>\n<meta property=\"article:publisher\" content=\"https:\/\/www.facebook.com\/anatomicadominican\" \/>\n<meta property=\"article:modified_time\" content=\"2026-02-11T11:45:25+00:00\" \/>\n<meta name=\"twitter:card\" content=\"summary_large_image\" \/>\n<meta name=\"twitter:label1\" content=\"Tahmini okuma s\u00fcresi\" \/>\n\t<meta name=\"twitter:data1\" content=\"1 dakika\" \/>\n<script type=\"application\/ld+json\" class=\"yoast-schema-graph\">{\"@context\":\"https:\/\/schema.org\",\"@graph\":[{\"@type\":\"WebPage\",\"@id\":\"https:\/\/www.anatomicaclinic.com\/tr\/?page_id=728\",\"url\":\"https:\/\/www.anatomicaclinic.com\/tr\/?page_id=728\",\"name\":\"G\u00f6z Kapa\u011f\u0131 Esteti\u011fi - Anatomica Klinik\",\"isPartOf\":{\"@id\":\"https:\/\/www.anatomicaclinic.com\/#website\"},\"datePublished\":\"2022-06-15T15:16:57+00:00\",\"dateModified\":\"2026-02-11T11:45:25+00:00\",\"description\":\"G\u00f6z Kapa\u011f\u0131 Esteti\u011fi - Anatomica Klinik\",\"breadcrumb\":{\"@id\":\"https:\/\/www.anatomicaclinic.com\/tr\/?page_id=728#breadcrumb\"},\"inLanguage\":\"tr\",\"potentialAction\":[{\"@type\":\"ReadAction\",\"target\":[\"https:\/\/www.anatomicaclinic.com\/tr\/?page_id=728\"]}]},{\"@type\":\"BreadcrumbList\",\"@id\":\"https:\/\/www.anatomicaclinic.com\/tr\/?page_id=728#breadcrumb\",\"itemListElement\":[{\"@type\":\"ListItem\",\"position\":1,\"name\":\"Anasayfa\",\"item\":\"https:\/\/www.anatomicaclinic.com\/tr\/\"},{\"@type\":\"ListItem\",\"position\":2,\"name\":\"G\u00f6z Kapa\u011f\u0131 Esteti\u011fi\"}]},{\"@type\":\"WebSite\",\"@id\":\"https:\/\/www.anatomicaclinic.com\/#website\",\"url\":\"https:\/\/www.anatomicaclinic.com\/\",\"name\":\"Anatomica Clinic\",\"description\":\"Anatomica\",\"publisher\":{\"@id\":\"https:\/\/www.anatomicaclinic.com\/#organization\"},\"alternateName\":\"Anatomica Clinic International\",\"potentialAction\":[{\"@type\":\"SearchAction\",\"target\":{\"@type\":\"EntryPoint\",\"urlTemplate\":\"https:\/\/www.anatomicaclinic.com\/?s={search_term_string}\"},\"query-input\":{\"@type\":\"PropertyValueSpecification\",\"valueRequired\":true,\"valueName\":\"search_term_string\"}}],\"inLanguage\":\"tr\"},{\"@type\":\"Organization\",\"@id\":\"https:\/\/www.anatomicaclinic.com\/#organization\",\"name\":\"Anatomica Clinic Dominicana\",\"url\":\"https:\/\/www.anatomicaclinic.com\/\",\"logo\":{\"@type\":\"ImageObject\",\"inLanguage\":\"tr\",\"@id\":\"https:\/\/www.anatomicaclinic.com\/#\/schema\/logo\/image\/\",\"url\":\"https:\/\/www.anatomicaclinic.com\/wp-content\/uploads\/2023\/11\/8aa015e1-a0cd-4d48-b1d5-c9598cbdad99.jpg\",\"contentUrl\":\"https:\/\/www.anatomicaclinic.com\/wp-content\/uploads\/2023\/11\/8aa015e1-a0cd-4d48-b1d5-c9598cbdad99.jpg\",\"width\":1600,\"height\":1600,\"caption\":\"Anatomica Clinic Dominicana\"},\"image\":{\"@id\":\"https:\/\/www.anatomicaclinic.com\/#\/schema\/logo\/image\/\"},\"sameAs\":[\"https:\/\/www.facebook.com\/anatomicadominican\",\"https:\/\/instagram.com\/anatomicadominican\"]}]}<\/script>\n<!-- \/ Yoast SEO plugin. -->","yoast_head_json":{"title":"G\u00f6z Kapa\u011f\u0131 Esteti\u011fi - Anatomica Klinik","description":"G\u00f6z Kapa\u011f\u0131 Esteti\u011fi - Anatomica Klinik","robots":{"index":"index","follow":"follow","max-snippet":"max-snippet:-1","max-image-preview":"max-image-preview:large","max-video-preview":"max-video-preview:-1"},"canonical":"https:\/\/www.anatomicaclinic.com\/tr\/?page_id=728","og_locale":"tr_TR","og_type":"article","og_title":"G\u00f6z Kapa\u011f\u0131 Esteti\u011fi - Anatomica Klinik","og_description":"G\u00f6z Kapa\u011f\u0131 Esteti\u011fi - Anatomica Klinik","og_url":"https:\/\/www.anatomicaclinic.com\/tr\/?page_id=728","og_site_name":"Anatomica Klinik","article_publisher":"https:\/\/www.facebook.com\/anatomicadominican","article_modified_time":"2026-02-11T11:45:25+00:00","twitter_card":"summary_large_image","twitter_misc":{"Tahmini okuma s\u00fcresi":"1 dakika"},"schema":{"@context":"https:\/\/schema.org","@graph":[{"@type":"WebPage","@id":"https:\/\/www.anatomicaclinic.com\/tr\/?page_id=728","url":"https:\/\/www.anatomicaclinic.com\/tr\/?page_id=728","name":"G\u00f6z Kapa\u011f\u0131 Esteti\u011fi - Anatomica Klinik","isPartOf":{"@id":"https:\/\/www.anatomicaclinic.com\/#website"},"datePublished":"2022-06-15T15:16:57+00:00","dateModified":"2026-02-11T11:45:25+00:00","description":"G\u00f6z Kapa\u011f\u0131 Esteti\u011fi - Anatomica Klinik","breadcrumb":{"@id":"https:\/\/www.anatomicaclinic.com\/tr\/?page_id=728#breadcrumb"},"inLanguage":"tr","potentialAction":[{"@type":"ReadAction","target":["https:\/\/www.anatomicaclinic.com\/tr\/?page_id=728"]}]},{"@type":"BreadcrumbList","@id":"https:\/\/www.anatomicaclinic.com\/tr\/?page_id=728#breadcrumb","itemListElement":[{"@type":"ListItem","position":1,"name":"Anasayfa","item":"https:\/\/www.anatomicaclinic.com\/tr\/"},{"@type":"ListItem","position":2,"name":"G\u00f6z Kapa\u011f\u0131 Esteti\u011fi"}]},{"@type":"WebSite","@id":"https:\/\/www.anatomicaclinic.com\/#website","url":"https:\/\/www.anatomicaclinic.com\/","name":"Anatomica Clinic","description":"Anatomica","publisher":{"@id":"https:\/\/www.anatomicaclinic.com\/#organization"},"alternateName":"Anatomica Clinic International","potentialAction":[{"@type":"SearchAction","target":{"@type":"EntryPoint","urlTemplate":"https:\/\/www.anatomicaclinic.com\/?s={search_term_string}"},"query-input":{"@type":"PropertyValueSpecification","valueRequired":true,"valueName":"search_term_string"}}],"inLanguage":"tr"},{"@type":"Organization","@id":"https:\/\/www.anatomicaclinic.com\/#organization","name":"Anatomica Clinic Dominicana","url":"https:\/\/www.anatomicaclinic.com\/","logo":{"@type":"ImageObject","inLanguage":"tr","@id":"https:\/\/www.anatomicaclinic.com\/#\/schema\/logo\/image\/","url":"https:\/\/www.anatomicaclinic.com\/wp-content\/uploads\/2023\/11\/8aa015e1-a0cd-4d48-b1d5-c9598cbdad99.jpg","contentUrl":"https:\/\/www.anatomicaclinic.com\/wp-content\/uploads\/2023\/11\/8aa015e1-a0cd-4d48-b1d5-c9598cbdad99.jpg","width":1600,"height":1600,"caption":"Anatomica Clinic Dominicana"},"image":{"@id":"https:\/\/www.anatomicaclinic.com\/#\/schema\/logo\/image\/"},"sameAs":["https:\/\/www.facebook.com\/anatomicadominican","https:\/\/instagram.com\/anatomicadominican"]}]}},"_links":{"self":[{"href":"https:\/\/www.anatomicaclinic.com\/tr\/wp-json\/wp\/v2\/pages\/728","targetHints":{"allow":["GET"]}}],"collection":[{"href":"https:\/\/www.anatomicaclinic.com\/tr\/wp-json\/wp\/v2\/pages"}],"about":[{"href":"https:\/\/www.anatomicaclinic.com\/tr\/wp-json\/wp\/v2\/types\/page"}],"author":[{"embeddable":true,"href":"https:\/\/www.anatomicaclinic.com\/tr\/wp-json\/wp\/v2\/users\/10"}],"replies":[{"embeddable":true,"href":"https:\/\/www.anatomicaclinic.com\/tr\/wp-json\/wp\/v2\/comments?post=728"}],"version-history":[{"count":1,"href":"https:\/\/www.anatomicaclinic.com\/tr\/wp-json\/wp\/v2\/pages\/728\/revisions"}],"predecessor-version":[{"id":8706,"href":"https:\/\/www.anatomicaclinic.com\/tr\/wp-json\/wp\/v2\/pages\/728\/revisions\/8706"}],"wp:attachment":[{"href":"https:\/\/www.anatomicaclinic.com\/tr\/wp-json\/wp\/v2\/media?parent=728"}],"curies":[{"name":"wp","href":"https:\/\/api.w.org\/{rel}","templated":true}]}}