{"id":730,"date":"2022-06-15T15:17:21","date_gmt":"2022-06-15T15:17:21","guid":{"rendered":"https:\/\/www.anatomicaclinic.com\/?page_id=730"},"modified":"2026-02-14T20:46:24","modified_gmt":"2026-02-14T20:46:24","slug":"kas-ekimi","status":"publish","type":"page","link":"https:\/\/www.anatomicaclinic.com\/tr\/sac-ekimi\/kas-ekimi\/","title":{"rendered":"Ka\u015f Ekimi"},"content":{"rendered":"<div class=\"wpb-content-wrapper\"><p>[vc_section][vc_row el_class=&#8221;container_1200&#8243;][vc_column][vc_row_inner][vc_column_inner][vc_custom_heading text=&#8221;Ka\u015f Ekimi&#8221; font_container=&#8221;tag:h2|font_size:48|text_align:center&#8221; use_theme_fonts=&#8221;yes&#8221; el_class=&#8221;single-page-h2&#8243;][\/vc_column_inner][\/vc_row_inner][vc_row_inner][vc_column_inner][vc_column_text]Ka\u015flar; \u00e7e\u015fitli travmalar, yan\u0131klar, kazalar, do\u011fumsal anomaliler ve cilt hastal\u0131klar\u0131 sonucu d\u00f6k\u00fcl\u00fcp, kaybedilebilmektedir. Kad\u0131nlar\u0131n s\u0131k\u00e7a ka\u015f ald\u0131rmas\u0131 da, ka\u015flar\u0131n zarar g\u00f6rmesine ve kaybedilmesine sebep olmaktad\u0131r. Bu sebeplerle kaybedilen ka\u015flar\u0131n geri kazan\u0131lmas\u0131, daha kal\u0131n ka\u015f sahibi olmak isteyenler i\u00e7in en etkili ve tek y\u00f6ntem ka\u015f ekimidir.[\/vc_column_text][\/vc_column_inner][\/vc_row_inner][vc_row_inner][vc_column_inner width=&#8221;1\/3&#8243;][vc_single_image image=&#8221;93580&#8243; img_size=&#8221;full&#8221; css=&#8221;&#8221;][\/vc_column_inner][vc_column_inner width=&#8221;2\/3&#8243;][vc_column_text]<strong>Ka\u015f ekimi nas\u0131l yap\u0131l\u0131r?<\/strong><\/p> <p>Ka\u015f ekimi; lokal anestezi ile yap\u0131lan, ihtiya\u00e7 duyulan ka\u015f miktar\u0131yla birlikte de\u011fi\u015fmekle birlikte 1,5-3 saat s\u00fcren bir i\u015flemdir. Mikro FUE y\u00f6ntemiyle ense b\u00f6lgesinin; ka\u015f telinin kal\u0131nl\u0131\u011f\u0131na, rengine ve yap\u0131s\u0131na uygun olan alan\u0131ndan, tekli greftler \u00e7\u0131kar\u0131l\u0131r. Ka\u015f \u00e7izimi yap\u0131l\u0131p, hastayla ka\u015f \u015fekline karar verilir. \u00c7\u0131kar\u0131lan greftlerden ince i\u011fne ucuyla, 10-20 derecelik a\u00e7\u0131larla, ka\u015flar\u0131n y\u00f6n\u00fcne uygun olarak kanallar a\u00e7\u0131l\u0131r. Daha sonra mikro ekim pensetleriyle tekli greftler, a\u00e7\u0131lan kanallara yerle\u015ftirilir. B\u00f6ylelikle ka\u015f ekimi tamamlan\u0131r.<\/p> <p>\u0130\u015flem sonras\u0131 hasta taburcu edilir. Ki\u015fi ertesi g\u00fcn, g\u00fcnl\u00fck i\u015f ve sosyal hayat\u0131na d\u00f6nebilir. Ekim b\u00f6lgesinde 1 haftaya kadar \u00e7ok k\u00fc\u00e7\u00fck kabuklanmalar meydana gelir. Yap\u0131lacak 10 g\u00fcnl\u00fck y\u0131kama sonras\u0131nda hi\u00e7bir kabuk ve iz kalmayacakt\u0131r. 2<\/p> <p>0 g\u00fcnl\u00fck s\u00fcreyle sauna, solaryum, hamam, g\u00fcne\u015flenme, denize girme ve a\u011f\u0131r sporlardan uzak durulmal\u0131d\u0131r. Ekilen ka\u015flar, 20-25. g\u00fcnlerde \u015fok d\u00f6k\u00fclme evresine girip d\u00f6k\u00fclecekler ve 3 ay sonra tekrar \u00e7\u0131kmaya ba\u015flayacakt\u0131r. 7. ve 8. aylarda ka\u015f \u00e7\u0131k\u0131\u015flar\u0131 tamamlanarak son \u015feklini al\u0131r. Daha s\u0131k bir g\u00f6r\u00fcnt\u00fc istenmesi halinde 2. seans planlanabilir.[\/vc_column_text][\/vc_column_inner][\/vc_row_inner][\/vc_column][\/vc_row][\/vc_section]<\/p> <\/div>","protected":false},"excerpt":{"rendered":"[vc_section][vc_row el_class=&#8221;container_1200&#8243;][vc_column][vc_row_inner][vc_column_inner][vc_custom_heading text=&#8221;Ka\u015f Ekimi&#8221; font_container=&#8221;tag:h2|font_size:48|text_align:center&#8221; use_theme_fonts=&#8221;yes&#8221; el_class=&#8221;single-page-h2&#8243;][\/vc_column_inner][\/vc_row_inner][vc_row_inner][vc_column_inner][vc_column_text]Ka\u015flar; \u00e7e\u015fitli travmalar, yan\u0131klar, kazalar, do\u011fumsal anomaliler ve cilt hastal\u0131klar\u0131 sonucu d\u00f6k\u00fcl\u00fcp, kaybedilebilmektedir. Kad\u0131nlar\u0131n s\u0131k\u00e7a ka\u015f ald\u0131rmas\u0131 da, ka\u015flar\u0131n zarar g\u00f6rmesine ve kaybedilmesine sebep olmaktad\u0131r. Bu sebeplerle kaybedilen ka\u015flar\u0131n geri kazan\u0131lmas\u0131, daha kal\u0131n ka\u015f sahibi olmak isteyenler i\u00e7in en etkili ve tek y\u00f6ntem ka\u015f ekimidir.[\/vc_column_text][\/vc_column_inner][\/vc_row_inner][vc_row_inner][vc_column_inner width=&#8221;1\/3&#8243;][vc_single_image image=&#8221;93580&#8243; img_size=&#8221;full&#8221; css=&#8221;&#8221;][\/vc_column_inner][vc_column_inner&#8230; <a class=\"view-article\" href=\"https:\/\/www.anatomicaclinic.com\/tr\/sac-ekimi\/kas-ekimi\/\">View Article<\/a>","protected":false},"author":10,"featured_media":0,"parent":268,"menu_order":0,"comment_status":"closed","ping_status":"closed","template":"","meta":{"footnotes":""},"class_list":["post-730","page","type-page","status-publish","hentry"],"yoast_head":"<!-- This site is optimized with the Yoast SEO plugin v27.0 - https:\/\/yoast.com\/product\/yoast-seo-wordpress\/ -->\n<title>Ka\u015f Ekimi - Anatomica Klinik<\/title>\n<meta name=\"description\" content=\"Ka\u015f Ekimi - Anatomica Klinik\" \/>\n<meta name=\"robots\" content=\"index, follow, max-snippet:-1, max-image-preview:large, max-video-preview:-1\" \/>\n<link rel=\"canonical\" href=\"https:\/\/www.anatomicaclinic.com\/tr\/sac-ekimi\/kas-ekimi\/\" \/>\n<meta property=\"og:locale\" content=\"tr_TR\" \/>\n<meta property=\"og:type\" content=\"article\" \/>\n<meta property=\"og:title\" content=\"Ka\u015f Ekimi - Anatomica Klinik\" \/>\n<meta property=\"og:description\" content=\"Ka\u015f Ekimi - Anatomica Klinik\" \/>\n<meta property=\"og:url\" content=\"https:\/\/www.anatomicaclinic.com\/tr\/sac-ekimi\/kas-ekimi\/\" \/>\n<meta property=\"og:site_name\" content=\"Anatomica Klinik\" \/>\n<meta property=\"article:publisher\" content=\"https:\/\/www.facebook.com\/anatomicadominican\" \/>\n<meta property=\"article:modified_time\" content=\"2026-02-14T20:46:24+00:00\" \/>\n<meta name=\"twitter:card\" content=\"summary_large_image\" \/>\n<meta name=\"twitter:label1\" content=\"Tahmini okuma s\u00fcresi\" \/>\n\t<meta name=\"twitter:data1\" content=\"2 dakika\" \/>\n<script type=\"application\/ld+json\" class=\"yoast-schema-graph\">{\"@context\":\"https:\/\/schema.org\",\"@graph\":[{\"@type\":\"WebPage\",\"@id\":\"https:\/\/www.anatomicaclinic.com\/tr\/sac-ekimi\/kas-ekimi\/\",\"url\":\"https:\/\/www.anatomicaclinic.com\/tr\/sac-ekimi\/kas-ekimi\/\",\"name\":\"Ka\u015f Ekimi - Anatomica Klinik\",\"isPartOf\":{\"@id\":\"https:\/\/www.anatomicaclinic.com\/#website\"},\"datePublished\":\"2022-06-15T15:17:21+00:00\",\"dateModified\":\"2026-02-14T20:46:24+00:00\",\"description\":\"Ka\u015f Ekimi - Anatomica Klinik\",\"breadcrumb\":{\"@id\":\"https:\/\/www.anatomicaclinic.com\/tr\/sac-ekimi\/kas-ekimi\/#breadcrumb\"},\"inLanguage\":\"tr\",\"potentialAction\":[{\"@type\":\"ReadAction\",\"target\":[\"https:\/\/www.anatomicaclinic.com\/tr\/sac-ekimi\/kas-ekimi\/\"]}]},{\"@type\":\"BreadcrumbList\",\"@id\":\"https:\/\/www.anatomicaclinic.com\/tr\/sac-ekimi\/kas-ekimi\/#breadcrumb\",\"itemListElement\":[{\"@type\":\"ListItem\",\"position\":1,\"name\":\"Anasayfa\",\"item\":\"https:\/\/www.anatomicaclinic.com\/tr\/\"},{\"@type\":\"ListItem\",\"position\":2,\"name\":\"Sa\u00e7 Ekimi\",\"item\":\"https:\/\/www.anatomicaclinic.com\/tr\/sac-ekimi\/\"},{\"@type\":\"ListItem\",\"position\":3,\"name\":\"Ka\u015f Ekimi\"}]},{\"@type\":\"WebSite\",\"@id\":\"https:\/\/www.anatomicaclinic.com\/#website\",\"url\":\"https:\/\/www.anatomicaclinic.com\/\",\"name\":\"Anatomica Clinic\",\"description\":\"Anatomica\",\"publisher\":{\"@id\":\"https:\/\/www.anatomicaclinic.com\/#organization\"},\"alternateName\":\"Anatomica Clinic International\",\"potentialAction\":[{\"@type\":\"SearchAction\",\"target\":{\"@type\":\"EntryPoint\",\"urlTemplate\":\"https:\/\/www.anatomicaclinic.com\/?s={search_term_string}\"},\"query-input\":{\"@type\":\"PropertyValueSpecification\",\"valueRequired\":true,\"valueName\":\"search_term_string\"}}],\"inLanguage\":\"tr\"},{\"@type\":\"Organization\",\"@id\":\"https:\/\/www.anatomicaclinic.com\/#organization\",\"name\":\"Anatomica Clinic Dominicana\",\"url\":\"https:\/\/www.anatomicaclinic.com\/\",\"logo\":{\"@type\":\"ImageObject\",\"inLanguage\":\"tr\",\"@id\":\"https:\/\/www.anatomicaclinic.com\/#\/schema\/logo\/image\/\",\"url\":\"https:\/\/www.anatomicaclinic.com\/wp-content\/uploads\/2023\/11\/8aa015e1-a0cd-4d48-b1d5-c9598cbdad99.jpg\",\"contentUrl\":\"https:\/\/www.anatomicaclinic.com\/wp-content\/uploads\/2023\/11\/8aa015e1-a0cd-4d48-b1d5-c9598cbdad99.jpg\",\"width\":1600,\"height\":1600,\"caption\":\"Anatomica Clinic Dominicana\"},\"image\":{\"@id\":\"https:\/\/www.anatomicaclinic.com\/#\/schema\/logo\/image\/\"},\"sameAs\":[\"https:\/\/www.facebook.com\/anatomicadominican\",\"https:\/\/instagram.com\/anatomicadominican\"]}]}<\/script>\n<!-- \/ Yoast SEO plugin. -->","yoast_head_json":{"title":"Ka\u015f Ekimi - Anatomica Klinik","description":"Ka\u015f Ekimi - Anatomica Klinik","robots":{"index":"index","follow":"follow","max-snippet":"max-snippet:-1","max-image-preview":"max-image-preview:large","max-video-preview":"max-video-preview:-1"},"canonical":"https:\/\/www.anatomicaclinic.com\/tr\/sac-ekimi\/kas-ekimi\/","og_locale":"tr_TR","og_type":"article","og_title":"Ka\u015f Ekimi - Anatomica Klinik","og_description":"Ka\u015f Ekimi - Anatomica Klinik","og_url":"https:\/\/www.anatomicaclinic.com\/tr\/sac-ekimi\/kas-ekimi\/","og_site_name":"Anatomica Klinik","article_publisher":"https:\/\/www.facebook.com\/anatomicadominican","article_modified_time":"2026-02-14T20:46:24+00:00","twitter_card":"summary_large_image","twitter_misc":{"Tahmini okuma s\u00fcresi":"2 dakika"},"schema":{"@context":"https:\/\/schema.org","@graph":[{"@type":"WebPage","@id":"https:\/\/www.anatomicaclinic.com\/tr\/sac-ekimi\/kas-ekimi\/","url":"https:\/\/www.anatomicaclinic.com\/tr\/sac-ekimi\/kas-ekimi\/","name":"Ka\u015f Ekimi - Anatomica Klinik","isPartOf":{"@id":"https:\/\/www.anatomicaclinic.com\/#website"},"datePublished":"2022-06-15T15:17:21+00:00","dateModified":"2026-02-14T20:46:24+00:00","description":"Ka\u015f Ekimi - Anatomica Klinik","breadcrumb":{"@id":"https:\/\/www.anatomicaclinic.com\/tr\/sac-ekimi\/kas-ekimi\/#breadcrumb"},"inLanguage":"tr","potentialAction":[{"@type":"ReadAction","target":["https:\/\/www.anatomicaclinic.com\/tr\/sac-ekimi\/kas-ekimi\/"]}]},{"@type":"BreadcrumbList","@id":"https:\/\/www.anatomicaclinic.com\/tr\/sac-ekimi\/kas-ekimi\/#breadcrumb","itemListElement":[{"@type":"ListItem","position":1,"name":"Anasayfa","item":"https:\/\/www.anatomicaclinic.com\/tr\/"},{"@type":"ListItem","position":2,"name":"Sa\u00e7 Ekimi","item":"https:\/\/www.anatomicaclinic.com\/tr\/sac-ekimi\/"},{"@type":"ListItem","position":3,"name":"Ka\u015f Ekimi"}]},{"@type":"WebSite","@id":"https:\/\/www.anatomicaclinic.com\/#website","url":"https:\/\/www.anatomicaclinic.com\/","name":"Anatomica Clinic","description":"Anatomica","publisher":{"@id":"https:\/\/www.anatomicaclinic.com\/#organization"},"alternateName":"Anatomica Clinic International","potentialAction":[{"@type":"SearchAction","target":{"@type":"EntryPoint","urlTemplate":"https:\/\/www.anatomicaclinic.com\/?s={search_term_string}"},"query-input":{"@type":"PropertyValueSpecification","valueRequired":true,"valueName":"search_term_string"}}],"inLanguage":"tr"},{"@type":"Organization","@id":"https:\/\/www.anatomicaclinic.com\/#organization","name":"Anatomica Clinic Dominicana","url":"https:\/\/www.anatomicaclinic.com\/","logo":{"@type":"ImageObject","inLanguage":"tr","@id":"https:\/\/www.anatomicaclinic.com\/#\/schema\/logo\/image\/","url":"https:\/\/www.anatomicaclinic.com\/wp-content\/uploads\/2023\/11\/8aa015e1-a0cd-4d48-b1d5-c9598cbdad99.jpg","contentUrl":"https:\/\/www.anatomicaclinic.com\/wp-content\/uploads\/2023\/11\/8aa015e1-a0cd-4d48-b1d5-c9598cbdad99.jpg","width":1600,"height":1600,"caption":"Anatomica Clinic Dominicana"},"image":{"@id":"https:\/\/www.anatomicaclinic.com\/#\/schema\/logo\/image\/"},"sameAs":["https:\/\/www.facebook.com\/anatomicadominican","https:\/\/instagram.com\/anatomicadominican"]}]}},"_links":{"self":[{"href":"https:\/\/www.anatomicaclinic.com\/tr\/wp-json\/wp\/v2\/pages\/730","targetHints":{"allow":["GET"]}}],"collection":[{"href":"https:\/\/www.anatomicaclinic.com\/tr\/wp-json\/wp\/v2\/pages"}],"about":[{"href":"https:\/\/www.anatomicaclinic.com\/tr\/wp-json\/wp\/v2\/types\/page"}],"author":[{"embeddable":true,"href":"https:\/\/www.anatomicaclinic.com\/tr\/wp-json\/wp\/v2\/users\/10"}],"replies":[{"embeddable":true,"href":"https:\/\/www.anatomicaclinic.com\/tr\/wp-json\/wp\/v2\/comments?post=730"}],"version-history":[{"count":2,"href":"https:\/\/www.anatomicaclinic.com\/tr\/wp-json\/wp\/v2\/pages\/730\/revisions"}],"predecessor-version":[{"id":101280,"href":"https:\/\/www.anatomicaclinic.com\/tr\/wp-json\/wp\/v2\/pages\/730\/revisions\/101280"}],"up":[{"embeddable":true,"href":"https:\/\/www.anatomicaclinic.com\/tr\/wp-json\/wp\/v2\/pages\/268"}],"wp:attachment":[{"href":"https:\/\/www.anatomicaclinic.com\/tr\/wp-json\/wp\/v2\/media?parent=730"}],"curies":[{"name":"wp","href":"https:\/\/api.w.org\/{rel}","templated":true}]}}