{"id":963,"date":"2022-06-19T18:56:41","date_gmt":"2022-06-19T18:56:41","guid":{"rendered":"https:\/\/www.anatomicaclinic.com\/?page_id=963"},"modified":"2026-02-11T11:45:25","modified_gmt":"2026-02-11T11:45:25","slug":"dolgu","status":"publish","type":"page","link":"https:\/\/www.anatomicaclinic.com\/tr\/dolgu\/","title":{"rendered":"Dolgu"},"content":{"rendered":"<div class=\"wpb-content-wrapper\"><p>[vc_section][vc_row el_class=&#8221;container_1200&#8243;][vc_column][vc_row_inner][vc_column_inner][vc_custom_heading text=&#8221;Dolgu&#8221; font_container=&#8221;tag:h2|font_size:48|text_align:center&#8221; use_theme_fonts=&#8221;yes&#8221; el_class=&#8221;single-page-h2&#8243;][\/vc_column_inner][\/vc_row_inner][vc_row_inner][vc_column_inner width=&#8221;1\/3&#8243;][vc_single_image image=&#8221;1046&#8243; img_size=&#8221;full&#8221;][\/vc_column_inner][vc_column_inner width=&#8221;2\/3&#8243;][vc_column_text]Dolgu uygulamalar\u0131, daha gen\u00e7 ve canl\u0131 g\u00f6r\u00fcn\u00fcme kavu\u015fmak isteyenlerin en s\u0131k ba\u015fvurdu\u011fu y\u00f6ntemler aras\u0131ndad\u0131r. Cildimizdeki Hyaluronik asit miktar\u0131 zamanla azal\u0131r. Bu asitin en \u00f6nemli \u00f6zelli\u011fi bol su tutmas\u0131d\u0131r. Do\u011fal olarak ya\u015flanan ciltler su tutamad\u0131klar\u0131 i\u00e7in ortaya derin k\u0131r\u0131\u015f\u0131kl\u0131klar \u00e7\u0131kmaktad\u0131r. Dolgu i\u015flemiyle y\u00fczdeki estetik g\u00f6r\u00fcnt\u00fcy\u00fc yakalamak olduk\u00e7a s\u0131k ba\u015fvurulan y\u00f6ntemlerden biridir. Kullan\u0131lan \u00fcr\u00fcnlerin FDA onayl\u0131 olmas\u0131 g\u00fcvenirli\u011fini kan\u0131tlar ve olu\u015fabilecek alerji riskini ortadan kald\u0131r\u0131r.<\/p> <p>Uygulama derinli\u011fi dolgu maddesinin tipine ve deri defektinin veya k\u0131r\u0131\u015f\u0131kl\u0131\u011f\u0131n derinli\u011fine g\u00f6re de\u011fi\u015fiklik g\u00f6sterir. \u0130\u015flem s\u00fcresi 10 ila 20 dakika aras\u0131ndad\u0131r. En iyi sonu\u00e7 i\u00e7in tekrarlayan enjeksiyonlar tavsiye edilir.[\/vc_column_text][\/vc_column_inner][\/vc_row_inner][vc_row_inner][vc_column_inner][vc_column_text]<strong>Dolgu maddelerinin ba\u015fl\u0131ca kullan\u0131m alanlar\u0131 aras\u0131nda;<\/strong><\/p> <p>\u2022 Burun kenar\u0131ndan a\u015fa\u011f\u0131 inen \u00e7izgiler (Nazolabial \u00c7izgiler)<\/p> <p>\u2022 Burun ile a\u011f\u0131z aras\u0131ndaki \u00e7izgiler (Philtral \u00c7izgiler)<\/p> <p>\u2022 Dudak dolgunla\u015ft\u0131r\u0131lmas\u0131<\/p> <p>\u2022 Dudaklar etraf\u0131ndaki radial \u00e7izgiler<\/p> <p>\u2022 G\u00f6z \u00e7evresindeki k\u0131r\u0131\u015f\u0131kl\u0131klar<\/p> <p>\u2022 Al\u0131ndaki \u00e7izgiler<\/p> <p>\u2022 Akne izleri<\/p> <p>\u2022 Kaza veya travma sonucu olu\u015fan deformiteler<\/p> <p>\u2022 Yanak ve elmac\u0131k kemi\u011fi dolgunla\u015ft\u0131rma<\/p> <p>\u2022 V\u00fccuttaki baz\u0131 asimetrilerin d\u00fczeltilmesi[\/vc_column_text][\/vc_column_inner][\/vc_row_inner][vc_row_inner][vc_column_inner width=&#8221;2\/3&#8243;][vc_column_text]<strong>Dolgular hangi estetik sorunlarda kullan\u0131l\u0131r?<\/strong><\/p> <p>\u00d6zellikle y\u00fczdeki statik k\u0131r\u0131\u015f\u0131kl\u0131klar\u0131n ve derin \u00e7izgilerin d\u00fczeltilmesinde, dudaklar\u0131n belirginle\u015ftirilmesinde ba\u015far\u0131yla kullan\u0131lmaktad\u0131r.<\/p> <p>Doku doldurucular enjekt\u00f6r\u00fcn i\u00e7inde kullan\u0131ma haz\u0131r olarak imal edilmektedir. \u0130nce u\u00e7lu i\u011fne ile tedavi edilmesi planlanan b\u00f6lgeye uygun dozda doku doldurucu enjekte edilir. Hastalarda hemen hemen hi\u00e7bir a\u011fr\u0131, kanama \u015fik\u00e2yeti olmaz. Hastalara enjeksiyon sonras\u0131 k\u0131sa s\u00fcreli buz uygulamas\u0131 \u00f6nerilir.<\/p> <p><strong>Ka\u00e7 kez uygulanmal\u0131d\u0131r?<\/strong><\/p> <p>Uygulanmas\u0131 gereken b\u00f6lgenin ihtiyac\u0131 ve niteli\u011fine g\u00f6re konusunda uzman bir hekim taraf\u0131ndan karar verilmelidir. Tedavinin etkinli\u011fi 5-7 g\u00fcn i\u00e7erisinde kendini g\u00f6sterirken, 3-6 ay boyuncu etkisi devam etmektedir. 2-4 saatlik istirahat sonras\u0131 normal ya\u015fam\u0131n\u0131za d\u00f6nebilirsiniz.<\/p> <p><strong>Her yerde yapt\u0131rabilir miyim?<\/strong><\/p> <p>Hay\u0131r \u00e7\u00fcnk\u00fc bu i\u015flem basit bir enjeksiyon gibi g\u00f6z\u00fckse de, \u00f6ncelikle y\u00fcz analizinin do\u011fru yap\u0131larak uygun tedavi se\u00e7eneklerinin ortaya konulabilmesi i\u00e7in bu konunun uzman\u0131 bir hekim taraf\u0131ndan de\u011ferlendirilmeniz \u00f6nerilmektedir. Bu gerek elde edilecek sonucun ba\u015far\u0131s\u0131, gerekse de olu\u015fabilecek komplikasyonlardan ka\u00e7\u0131n\u0131labilmesi i\u00e7in \u00e7ok \u00f6nemlidir.[\/vc_column_text][\/vc_column_inner][vc_column_inner width=&#8221;1\/3&#8243;][vc_single_image image=&#8221;1048&#8243; img_size=&#8221;full&#8221;][\/vc_column_inner][\/vc_row_inner][\/vc_column][\/vc_row][\/vc_section]<\/p> <\/div>","protected":false},"excerpt":{"rendered":"[vc_section][vc_row el_class=&#8221;container_1200&#8243;][vc_column][vc_row_inner][vc_column_inner][vc_custom_heading text=&#8221;Dolgu&#8221; font_container=&#8221;tag:h2|font_size:48|text_align:center&#8221; use_theme_fonts=&#8221;yes&#8221; el_class=&#8221;single-page-h2&#8243;][\/vc_column_inner][\/vc_row_inner][vc_row_inner][vc_column_inner width=&#8221;1\/3&#8243;][vc_single_image image=&#8221;1046&#8243; img_size=&#8221;full&#8221;][\/vc_column_inner][vc_column_inner width=&#8221;2\/3&#8243;][vc_column_text]Dolgu uygulamalar\u0131, daha gen\u00e7 ve canl\u0131 g\u00f6r\u00fcn\u00fcme kavu\u015fmak isteyenlerin en s\u0131k ba\u015fvurdu\u011fu y\u00f6ntemler aras\u0131ndad\u0131r. Cildimizdeki Hyaluronik asit miktar\u0131 zamanla azal\u0131r. Bu asitin en \u00f6nemli \u00f6zelli\u011fi bol su tutmas\u0131d\u0131r. Do\u011fal olarak ya\u015flanan ciltler su tutamad\u0131klar\u0131 i\u00e7in ortaya derin k\u0131r\u0131\u015f\u0131kl\u0131klar \u00e7\u0131kmaktad\u0131r. Dolgu i\u015flemiyle y\u00fczdeki estetik g\u00f6r\u00fcnt\u00fcy\u00fc yakalamak olduk\u00e7a&#8230; <a class=\"view-article\" href=\"https:\/\/www.anatomicaclinic.com\/tr\/dolgu\/\">View Article<\/a>","protected":false},"author":10,"featured_media":0,"parent":0,"menu_order":0,"comment_status":"closed","ping_status":"closed","template":"","meta":{"footnotes":""},"class_list":["post-963","page","type-page","status-publish","hentry"],"yoast_head":"<!-- This site is optimized with the Yoast SEO plugin v27.0 - https:\/\/yoast.com\/product\/yoast-seo-wordpress\/ -->\n<title>Dolgu - Anatomica Klinik<\/title>\n<meta name=\"description\" content=\"Dolgu - Anatomica Klinik\" \/>\n<meta name=\"robots\" content=\"index, follow, max-snippet:-1, max-image-preview:large, max-video-preview:-1\" \/>\n<link rel=\"canonical\" href=\"https:\/\/www.anatomicaclinic.com\/tr\/?page_id=963\" \/>\n<meta property=\"og:locale\" content=\"tr_TR\" \/>\n<meta property=\"og:type\" content=\"article\" \/>\n<meta property=\"og:title\" content=\"Dolgu - Anatomica Klinik\" \/>\n<meta property=\"og:description\" content=\"Dolgu - Anatomica Klinik\" \/>\n<meta property=\"og:url\" content=\"https:\/\/www.anatomicaclinic.com\/tr\/?page_id=963\" \/>\n<meta property=\"og:site_name\" content=\"Anatomica Klinik\" \/>\n<meta property=\"article:publisher\" content=\"https:\/\/www.facebook.com\/anatomicadominican\" \/>\n<meta property=\"article:modified_time\" content=\"2026-02-11T11:45:25+00:00\" \/>\n<meta name=\"twitter:card\" content=\"summary_large_image\" \/>\n<meta name=\"twitter:label1\" content=\"Tahmini okuma s\u00fcresi\" \/>\n\t<meta name=\"twitter:data1\" content=\"3 dakika\" \/>\n<script type=\"application\/ld+json\" class=\"yoast-schema-graph\">{\"@context\":\"https:\/\/schema.org\",\"@graph\":[{\"@type\":\"WebPage\",\"@id\":\"https:\/\/www.anatomicaclinic.com\/tr\/?page_id=963\",\"url\":\"https:\/\/www.anatomicaclinic.com\/tr\/?page_id=963\",\"name\":\"Dolgu - Anatomica Klinik\",\"isPartOf\":{\"@id\":\"https:\/\/www.anatomicaclinic.com\/#website\"},\"datePublished\":\"2022-06-19T18:56:41+00:00\",\"dateModified\":\"2026-02-11T11:45:25+00:00\",\"description\":\"Dolgu - Anatomica Klinik\",\"breadcrumb\":{\"@id\":\"https:\/\/www.anatomicaclinic.com\/tr\/?page_id=963#breadcrumb\"},\"inLanguage\":\"tr\",\"potentialAction\":[{\"@type\":\"ReadAction\",\"target\":[\"https:\/\/www.anatomicaclinic.com\/tr\/?page_id=963\"]}]},{\"@type\":\"BreadcrumbList\",\"@id\":\"https:\/\/www.anatomicaclinic.com\/tr\/?page_id=963#breadcrumb\",\"itemListElement\":[{\"@type\":\"ListItem\",\"position\":1,\"name\":\"Anasayfa\",\"item\":\"https:\/\/www.anatomicaclinic.com\/tr\/\"},{\"@type\":\"ListItem\",\"position\":2,\"name\":\"Dolgu\"}]},{\"@type\":\"WebSite\",\"@id\":\"https:\/\/www.anatomicaclinic.com\/#website\",\"url\":\"https:\/\/www.anatomicaclinic.com\/\",\"name\":\"Anatomica Clinic\",\"description\":\"Anatomica\",\"publisher\":{\"@id\":\"https:\/\/www.anatomicaclinic.com\/#organization\"},\"alternateName\":\"Anatomica Clinic International\",\"potentialAction\":[{\"@type\":\"SearchAction\",\"target\":{\"@type\":\"EntryPoint\",\"urlTemplate\":\"https:\/\/www.anatomicaclinic.com\/?s={search_term_string}\"},\"query-input\":{\"@type\":\"PropertyValueSpecification\",\"valueRequired\":true,\"valueName\":\"search_term_string\"}}],\"inLanguage\":\"tr\"},{\"@type\":\"Organization\",\"@id\":\"https:\/\/www.anatomicaclinic.com\/#organization\",\"name\":\"Anatomica Clinic Dominicana\",\"url\":\"https:\/\/www.anatomicaclinic.com\/\",\"logo\":{\"@type\":\"ImageObject\",\"inLanguage\":\"tr\",\"@id\":\"https:\/\/www.anatomicaclinic.com\/#\/schema\/logo\/image\/\",\"url\":\"https:\/\/www.anatomicaclinic.com\/wp-content\/uploads\/2023\/11\/8aa015e1-a0cd-4d48-b1d5-c9598cbdad99.jpg\",\"contentUrl\":\"https:\/\/www.anatomicaclinic.com\/wp-content\/uploads\/2023\/11\/8aa015e1-a0cd-4d48-b1d5-c9598cbdad99.jpg\",\"width\":1600,\"height\":1600,\"caption\":\"Anatomica Clinic Dominicana\"},\"image\":{\"@id\":\"https:\/\/www.anatomicaclinic.com\/#\/schema\/logo\/image\/\"},\"sameAs\":[\"https:\/\/www.facebook.com\/anatomicadominican\",\"https:\/\/instagram.com\/anatomicadominican\"]}]}<\/script>\n<!-- \/ Yoast SEO plugin. -->","yoast_head_json":{"title":"Dolgu - Anatomica Klinik","description":"Dolgu - Anatomica Klinik","robots":{"index":"index","follow":"follow","max-snippet":"max-snippet:-1","max-image-preview":"max-image-preview:large","max-video-preview":"max-video-preview:-1"},"canonical":"https:\/\/www.anatomicaclinic.com\/tr\/?page_id=963","og_locale":"tr_TR","og_type":"article","og_title":"Dolgu - Anatomica Klinik","og_description":"Dolgu - Anatomica Klinik","og_url":"https:\/\/www.anatomicaclinic.com\/tr\/?page_id=963","og_site_name":"Anatomica Klinik","article_publisher":"https:\/\/www.facebook.com\/anatomicadominican","article_modified_time":"2026-02-11T11:45:25+00:00","twitter_card":"summary_large_image","twitter_misc":{"Tahmini okuma s\u00fcresi":"3 dakika"},"schema":{"@context":"https:\/\/schema.org","@graph":[{"@type":"WebPage","@id":"https:\/\/www.anatomicaclinic.com\/tr\/?page_id=963","url":"https:\/\/www.anatomicaclinic.com\/tr\/?page_id=963","name":"Dolgu - Anatomica Klinik","isPartOf":{"@id":"https:\/\/www.anatomicaclinic.com\/#website"},"datePublished":"2022-06-19T18:56:41+00:00","dateModified":"2026-02-11T11:45:25+00:00","description":"Dolgu - Anatomica Klinik","breadcrumb":{"@id":"https:\/\/www.anatomicaclinic.com\/tr\/?page_id=963#breadcrumb"},"inLanguage":"tr","potentialAction":[{"@type":"ReadAction","target":["https:\/\/www.anatomicaclinic.com\/tr\/?page_id=963"]}]},{"@type":"BreadcrumbList","@id":"https:\/\/www.anatomicaclinic.com\/tr\/?page_id=963#breadcrumb","itemListElement":[{"@type":"ListItem","position":1,"name":"Anasayfa","item":"https:\/\/www.anatomicaclinic.com\/tr\/"},{"@type":"ListItem","position":2,"name":"Dolgu"}]},{"@type":"WebSite","@id":"https:\/\/www.anatomicaclinic.com\/#website","url":"https:\/\/www.anatomicaclinic.com\/","name":"Anatomica Clinic","description":"Anatomica","publisher":{"@id":"https:\/\/www.anatomicaclinic.com\/#organization"},"alternateName":"Anatomica Clinic International","potentialAction":[{"@type":"SearchAction","target":{"@type":"EntryPoint","urlTemplate":"https:\/\/www.anatomicaclinic.com\/?s={search_term_string}"},"query-input":{"@type":"PropertyValueSpecification","valueRequired":true,"valueName":"search_term_string"}}],"inLanguage":"tr"},{"@type":"Organization","@id":"https:\/\/www.anatomicaclinic.com\/#organization","name":"Anatomica Clinic Dominicana","url":"https:\/\/www.anatomicaclinic.com\/","logo":{"@type":"ImageObject","inLanguage":"tr","@id":"https:\/\/www.anatomicaclinic.com\/#\/schema\/logo\/image\/","url":"https:\/\/www.anatomicaclinic.com\/wp-content\/uploads\/2023\/11\/8aa015e1-a0cd-4d48-b1d5-c9598cbdad99.jpg","contentUrl":"https:\/\/www.anatomicaclinic.com\/wp-content\/uploads\/2023\/11\/8aa015e1-a0cd-4d48-b1d5-c9598cbdad99.jpg","width":1600,"height":1600,"caption":"Anatomica Clinic Dominicana"},"image":{"@id":"https:\/\/www.anatomicaclinic.com\/#\/schema\/logo\/image\/"},"sameAs":["https:\/\/www.facebook.com\/anatomicadominican","https:\/\/instagram.com\/anatomicadominican"]}]}},"_links":{"self":[{"href":"https:\/\/www.anatomicaclinic.com\/tr\/wp-json\/wp\/v2\/pages\/963","targetHints":{"allow":["GET"]}}],"collection":[{"href":"https:\/\/www.anatomicaclinic.com\/tr\/wp-json\/wp\/v2\/pages"}],"about":[{"href":"https:\/\/www.anatomicaclinic.com\/tr\/wp-json\/wp\/v2\/types\/page"}],"author":[{"embeddable":true,"href":"https:\/\/www.anatomicaclinic.com\/tr\/wp-json\/wp\/v2\/users\/10"}],"replies":[{"embeddable":true,"href":"https:\/\/www.anatomicaclinic.com\/tr\/wp-json\/wp\/v2\/comments?post=963"}],"version-history":[{"count":1,"href":"https:\/\/www.anatomicaclinic.com\/tr\/wp-json\/wp\/v2\/pages\/963\/revisions"}],"predecessor-version":[{"id":8704,"href":"https:\/\/www.anatomicaclinic.com\/tr\/wp-json\/wp\/v2\/pages\/963\/revisions\/8704"}],"wp:attachment":[{"href":"https:\/\/www.anatomicaclinic.com\/tr\/wp-json\/wp\/v2\/media?parent=963"}],"curies":[{"name":"wp","href":"https:\/\/api.w.org\/{rel}","templated":true}]}}