{"id":965,"date":"2022-06-19T18:57:08","date_gmt":"2022-06-19T18:57:08","guid":{"rendered":"https:\/\/www.anatomicaclinic.com\/?page_id=965"},"modified":"2026-02-11T11:45:26","modified_gmt":"2026-02-11T11:45:26","slug":"yuz-mezoterapisi","status":"publish","type":"page","link":"https:\/\/www.anatomicaclinic.com\/tr\/yuz-mezoterapisi\/","title":{"rendered":"Y\u00fcz Mezoterapisi"},"content":{"rendered":"<div class=\"wpb-content-wrapper\"><p>[vc_section][vc_row el_class=&#8221;container_1200&#8243;][vc_column][vc_row_inner][vc_column_inner][vc_custom_heading text=&#8221;Y\u00fcz Mezoterapisi&#8221; font_container=&#8221;tag:h2|font_size:48|text_align:center&#8221; use_theme_fonts=&#8221;yes&#8221; el_class=&#8221;single-page-h2&#8243;][\/vc_column_inner][\/vc_row_inner][vc_row_inner][vc_column_inner width=&#8221;1\/3&#8243;][vc_single_image image=&#8221;1026&#8243; img_size=&#8221;full&#8221;][\/vc_column_inner][vc_column_inner width=&#8221;2\/3&#8243;][vc_column_text]Y\u00fcz mezoterapisi, cildi gen\u00e7le\u015ftirmek, sa\u011fl\u0131\u011f\u0131n\u0131 ve g\u00f6r\u00fcn\u00fcm\u00fcn\u00fc iyile\u015ftirmek i\u00e7in uygulanan yenilik\u00e7i bir tekniktir. Tedavi, cildinizin alt tabakas\u0131na hyaluronik asit, vitaminler, mineraller gibi \u00f6zel bir besin kokteyli iletir.<\/p> <p>&nbsp;<\/p> <p>Y\u00fcz mezoterapisi; kirlilik, g\u00fcne\u015fe maruz kalma, ya\u015fam tarz\u0131 fakt\u00f6rleri ve stres gibi d\u0131\u015f etkenler de d\u00e2hil olmak \u00fczere g\u00f6zle g\u00f6r\u00fcl\u00fcr ya\u015flanma belirtilerini tersine \u00e7evirmek i\u00e7in en ba\u015far\u0131l\u0131 cilt tedavileri aras\u0131ndad\u0131r. Y\u00fcz mezoterapisi tedavisi, cildinizin alt tabakas\u0131na \u00f6zel bir vitamin, mineral, antioksidan, amino asit ve hyaluronik asit kokteyli verilmesidir.<\/p> <p>&nbsp;<\/p> <p>Bu tedavi t\u00fcm cilt tipleri i\u00e7in idealdir ve \u00e7ok rahatt\u0131r. Besinlerin kar\u0131\u015f\u0131m\u0131na ba\u011fl\u0131 olarak, cildi gen\u00e7le\u015ftirerek, kolajen ve elastin \u00fcretimini uyararak cilde yo\u011fun ve uzun s\u00fcreli nem verecektir[\/vc_column_text][\/vc_column_inner][\/vc_row_inner][\/vc_column][\/vc_row][\/vc_section]<\/p> <\/div>","protected":false},"excerpt":{"rendered":"[vc_section][vc_row el_class=&#8221;container_1200&#8243;][vc_column][vc_row_inner][vc_column_inner][vc_custom_heading text=&#8221;Y\u00fcz Mezoterapisi&#8221; font_container=&#8221;tag:h2|font_size:48|text_align:center&#8221; use_theme_fonts=&#8221;yes&#8221; el_class=&#8221;single-page-h2&#8243;][\/vc_column_inner][\/vc_row_inner][vc_row_inner][vc_column_inner width=&#8221;1\/3&#8243;][vc_single_image image=&#8221;1026&#8243; img_size=&#8221;full&#8221;][\/vc_column_inner][vc_column_inner width=&#8221;2\/3&#8243;][vc_column_text]Y\u00fcz mezoterapisi, cildi gen\u00e7le\u015ftirmek, sa\u011fl\u0131\u011f\u0131n\u0131 ve g\u00f6r\u00fcn\u00fcm\u00fcn\u00fc iyile\u015ftirmek i\u00e7in uygulanan yenilik\u00e7i bir tekniktir. Tedavi, cildinizin alt tabakas\u0131na hyaluronik asit, vitaminler, mineraller gibi \u00f6zel bir besin kokteyli iletir. &nbsp; Y\u00fcz mezoterapisi; kirlilik, g\u00fcne\u015fe maruz kalma, ya\u015fam tarz\u0131 fakt\u00f6rleri ve stres gibi d\u0131\u015f etkenler de d\u00e2hil olmak&#8230; <a class=\"view-article\" href=\"https:\/\/www.anatomicaclinic.com\/tr\/yuz-mezoterapisi\/\">View Article<\/a>","protected":false},"author":10,"featured_media":0,"parent":0,"menu_order":0,"comment_status":"closed","ping_status":"closed","template":"","meta":{"footnotes":""},"class_list":["post-965","page","type-page","status-publish","hentry"],"yoast_head":"<!-- This site is optimized with the Yoast SEO plugin v27.0 - https:\/\/yoast.com\/product\/yoast-seo-wordpress\/ -->\n<title>Y\u00fcz Mezoterapisi - Anatomica Klinik<\/title>\n<meta name=\"description\" content=\"Y\u00fcz Mezoterapisi - Anatomica Klinik\" \/>\n<meta name=\"robots\" content=\"index, follow, max-snippet:-1, max-image-preview:large, max-video-preview:-1\" \/>\n<link rel=\"canonical\" href=\"https:\/\/www.anatomicaclinic.com\/tr\/?page_id=965\" \/>\n<meta property=\"og:locale\" content=\"tr_TR\" \/>\n<meta property=\"og:type\" content=\"article\" \/>\n<meta property=\"og:title\" content=\"Y\u00fcz Mezoterapisi - Anatomica Klinik\" \/>\n<meta property=\"og:description\" content=\"Y\u00fcz Mezoterapisi - Anatomica Klinik\" \/>\n<meta property=\"og:url\" content=\"https:\/\/www.anatomicaclinic.com\/tr\/?page_id=965\" \/>\n<meta property=\"og:site_name\" content=\"Anatomica Klinik\" \/>\n<meta property=\"article:publisher\" content=\"https:\/\/www.facebook.com\/anatomicadominican\" \/>\n<meta property=\"article:modified_time\" content=\"2026-02-11T11:45:26+00:00\" \/>\n<meta name=\"twitter:card\" content=\"summary_large_image\" \/>\n<meta name=\"twitter:label1\" content=\"Tahmini okuma s\u00fcresi\" \/>\n\t<meta name=\"twitter:data1\" content=\"1 dakika\" \/>\n<script type=\"application\/ld+json\" class=\"yoast-schema-graph\">{\"@context\":\"https:\/\/schema.org\",\"@graph\":[{\"@type\":\"WebPage\",\"@id\":\"https:\/\/www.anatomicaclinic.com\/tr\/?page_id=965\",\"url\":\"https:\/\/www.anatomicaclinic.com\/tr\/?page_id=965\",\"name\":\"Y\u00fcz Mezoterapisi - Anatomica Klinik\",\"isPartOf\":{\"@id\":\"https:\/\/www.anatomicaclinic.com\/#website\"},\"datePublished\":\"2022-06-19T18:57:08+00:00\",\"dateModified\":\"2026-02-11T11:45:26+00:00\",\"description\":\"Y\u00fcz Mezoterapisi - Anatomica Klinik\",\"breadcrumb\":{\"@id\":\"https:\/\/www.anatomicaclinic.com\/tr\/?page_id=965#breadcrumb\"},\"inLanguage\":\"tr\",\"potentialAction\":[{\"@type\":\"ReadAction\",\"target\":[\"https:\/\/www.anatomicaclinic.com\/tr\/?page_id=965\"]}]},{\"@type\":\"BreadcrumbList\",\"@id\":\"https:\/\/www.anatomicaclinic.com\/tr\/?page_id=965#breadcrumb\",\"itemListElement\":[{\"@type\":\"ListItem\",\"position\":1,\"name\":\"Anasayfa\",\"item\":\"https:\/\/www.anatomicaclinic.com\/tr\/\"},{\"@type\":\"ListItem\",\"position\":2,\"name\":\"Y\u00fcz Mezoterapisi\"}]},{\"@type\":\"WebSite\",\"@id\":\"https:\/\/www.anatomicaclinic.com\/#website\",\"url\":\"https:\/\/www.anatomicaclinic.com\/\",\"name\":\"Anatomica Clinic\",\"description\":\"Anatomica\",\"publisher\":{\"@id\":\"https:\/\/www.anatomicaclinic.com\/#organization\"},\"alternateName\":\"Anatomica Clinic International\",\"potentialAction\":[{\"@type\":\"SearchAction\",\"target\":{\"@type\":\"EntryPoint\",\"urlTemplate\":\"https:\/\/www.anatomicaclinic.com\/?s={search_term_string}\"},\"query-input\":{\"@type\":\"PropertyValueSpecification\",\"valueRequired\":true,\"valueName\":\"search_term_string\"}}],\"inLanguage\":\"tr\"},{\"@type\":\"Organization\",\"@id\":\"https:\/\/www.anatomicaclinic.com\/#organization\",\"name\":\"Anatomica Clinic Dominicana\",\"url\":\"https:\/\/www.anatomicaclinic.com\/\",\"logo\":{\"@type\":\"ImageObject\",\"inLanguage\":\"tr\",\"@id\":\"https:\/\/www.anatomicaclinic.com\/#\/schema\/logo\/image\/\",\"url\":\"https:\/\/www.anatomicaclinic.com\/wp-content\/uploads\/2023\/11\/8aa015e1-a0cd-4d48-b1d5-c9598cbdad99.jpg\",\"contentUrl\":\"https:\/\/www.anatomicaclinic.com\/wp-content\/uploads\/2023\/11\/8aa015e1-a0cd-4d48-b1d5-c9598cbdad99.jpg\",\"width\":1600,\"height\":1600,\"caption\":\"Anatomica Clinic Dominicana\"},\"image\":{\"@id\":\"https:\/\/www.anatomicaclinic.com\/#\/schema\/logo\/image\/\"},\"sameAs\":[\"https:\/\/www.facebook.com\/anatomicadominican\",\"https:\/\/instagram.com\/anatomicadominican\"]}]}<\/script>\n<!-- \/ Yoast SEO plugin. -->","yoast_head_json":{"title":"Y\u00fcz Mezoterapisi - Anatomica Klinik","description":"Y\u00fcz Mezoterapisi - Anatomica Klinik","robots":{"index":"index","follow":"follow","max-snippet":"max-snippet:-1","max-image-preview":"max-image-preview:large","max-video-preview":"max-video-preview:-1"},"canonical":"https:\/\/www.anatomicaclinic.com\/tr\/?page_id=965","og_locale":"tr_TR","og_type":"article","og_title":"Y\u00fcz Mezoterapisi - Anatomica Klinik","og_description":"Y\u00fcz Mezoterapisi - Anatomica Klinik","og_url":"https:\/\/www.anatomicaclinic.com\/tr\/?page_id=965","og_site_name":"Anatomica Klinik","article_publisher":"https:\/\/www.facebook.com\/anatomicadominican","article_modified_time":"2026-02-11T11:45:26+00:00","twitter_card":"summary_large_image","twitter_misc":{"Tahmini okuma s\u00fcresi":"1 dakika"},"schema":{"@context":"https:\/\/schema.org","@graph":[{"@type":"WebPage","@id":"https:\/\/www.anatomicaclinic.com\/tr\/?page_id=965","url":"https:\/\/www.anatomicaclinic.com\/tr\/?page_id=965","name":"Y\u00fcz Mezoterapisi - Anatomica Klinik","isPartOf":{"@id":"https:\/\/www.anatomicaclinic.com\/#website"},"datePublished":"2022-06-19T18:57:08+00:00","dateModified":"2026-02-11T11:45:26+00:00","description":"Y\u00fcz Mezoterapisi - Anatomica Klinik","breadcrumb":{"@id":"https:\/\/www.anatomicaclinic.com\/tr\/?page_id=965#breadcrumb"},"inLanguage":"tr","potentialAction":[{"@type":"ReadAction","target":["https:\/\/www.anatomicaclinic.com\/tr\/?page_id=965"]}]},{"@type":"BreadcrumbList","@id":"https:\/\/www.anatomicaclinic.com\/tr\/?page_id=965#breadcrumb","itemListElement":[{"@type":"ListItem","position":1,"name":"Anasayfa","item":"https:\/\/www.anatomicaclinic.com\/tr\/"},{"@type":"ListItem","position":2,"name":"Y\u00fcz Mezoterapisi"}]},{"@type":"WebSite","@id":"https:\/\/www.anatomicaclinic.com\/#website","url":"https:\/\/www.anatomicaclinic.com\/","name":"Anatomica Clinic","description":"Anatomica","publisher":{"@id":"https:\/\/www.anatomicaclinic.com\/#organization"},"alternateName":"Anatomica Clinic International","potentialAction":[{"@type":"SearchAction","target":{"@type":"EntryPoint","urlTemplate":"https:\/\/www.anatomicaclinic.com\/?s={search_term_string}"},"query-input":{"@type":"PropertyValueSpecification","valueRequired":true,"valueName":"search_term_string"}}],"inLanguage":"tr"},{"@type":"Organization","@id":"https:\/\/www.anatomicaclinic.com\/#organization","name":"Anatomica Clinic Dominicana","url":"https:\/\/www.anatomicaclinic.com\/","logo":{"@type":"ImageObject","inLanguage":"tr","@id":"https:\/\/www.anatomicaclinic.com\/#\/schema\/logo\/image\/","url":"https:\/\/www.anatomicaclinic.com\/wp-content\/uploads\/2023\/11\/8aa015e1-a0cd-4d48-b1d5-c9598cbdad99.jpg","contentUrl":"https:\/\/www.anatomicaclinic.com\/wp-content\/uploads\/2023\/11\/8aa015e1-a0cd-4d48-b1d5-c9598cbdad99.jpg","width":1600,"height":1600,"caption":"Anatomica Clinic Dominicana"},"image":{"@id":"https:\/\/www.anatomicaclinic.com\/#\/schema\/logo\/image\/"},"sameAs":["https:\/\/www.facebook.com\/anatomicadominican","https:\/\/instagram.com\/anatomicadominican"]}]}},"_links":{"self":[{"href":"https:\/\/www.anatomicaclinic.com\/tr\/wp-json\/wp\/v2\/pages\/965","targetHints":{"allow":["GET"]}}],"collection":[{"href":"https:\/\/www.anatomicaclinic.com\/tr\/wp-json\/wp\/v2\/pages"}],"about":[{"href":"https:\/\/www.anatomicaclinic.com\/tr\/wp-json\/wp\/v2\/types\/page"}],"author":[{"embeddable":true,"href":"https:\/\/www.anatomicaclinic.com\/tr\/wp-json\/wp\/v2\/users\/10"}],"replies":[{"embeddable":true,"href":"https:\/\/www.anatomicaclinic.com\/tr\/wp-json\/wp\/v2\/comments?post=965"}],"version-history":[{"count":1,"href":"https:\/\/www.anatomicaclinic.com\/tr\/wp-json\/wp\/v2\/pages\/965\/revisions"}],"predecessor-version":[{"id":8725,"href":"https:\/\/www.anatomicaclinic.com\/tr\/wp-json\/wp\/v2\/pages\/965\/revisions\/8725"}],"wp:attachment":[{"href":"https:\/\/www.anatomicaclinic.com\/tr\/wp-json\/wp\/v2\/media?parent=965"}],"curies":[{"name":"wp","href":"https:\/\/api.w.org\/{rel}","templated":true}]}}