{"id":969,"date":"2022-06-19T18:57:49","date_gmt":"2022-06-19T18:57:49","guid":{"rendered":"https:\/\/www.anatomicaclinic.com\/?page_id=969"},"modified":"2026-02-11T11:45:26","modified_gmt":"2026-02-11T11:45:26","slug":"kolajen-asisi","status":"publish","type":"page","link":"https:\/\/www.anatomicaclinic.com\/tr\/kolajen-asisi\/","title":{"rendered":"Kolajen Uygulamas\u0131"},"content":{"rendered":"<div class=\"wpb-content-wrapper\"><p>[vc_section][vc_row el_class=&#8221;container_1200&#8243;][vc_column][vc_row_inner][vc_column_inner][vc_custom_heading text=&#8221;Kolajen Uygulamas\u0131&#8221; font_container=&#8221;tag:h2|font_size:48|text_align:center&#8221; use_theme_fonts=&#8221;yes&#8221; el_class=&#8221;single-page-h2&#8243;][\/vc_column_inner][\/vc_row_inner][vc_row_inner][vc_column_inner width=&#8221;1\/3&#8243;][vc_single_image image=&#8221;1042&#8243; img_size=&#8221;full&#8221;][\/vc_column_inner][vc_column_inner width=&#8221;2\/3&#8243;][vc_column_text]Ad\u0131ndan da anla\u015f\u0131laca\u011f\u0131 gibi cildimizin temel yap\u0131lar\u0131ndan biri olan kolajeni artt\u0131rmaya y\u00f6nelik bir tedavi \u00e7e\u015fididir. Kolajen, cildimizin esnekli\u011finden sorumlu ana protein lifidir. Ya\u015flanma s\u00fcreci ile birlikte kolajen hem say\u0131 hem de kalite olarak azalmaktad\u0131r.<\/p> <p>Yeni nesil kolajen uygulamas\u0131, kozmetik t\u0131bb\u0131n ve ya\u015flanma kar\u015f\u0131t\u0131 tedavilerin temel yap\u0131s\u0131 olan kolajeni \u00fcreten fibroblast\u0131 uyar\u0131r. Bu da cildi yeniden yap\u0131land\u0131r\u0131r, elastikiyetini geri kazand\u0131r\u0131r ve parlak cildi yeniden ortaya \u00e7\u0131kar\u0131r. Ya\u015flanma belirtileriyle sava\u015fan benzersiz bir takviye olarak tan\u0131mlanabilir.[\/vc_column_text][\/vc_column_inner][\/vc_row_inner][\/vc_column][\/vc_row][\/vc_section]<\/p> <\/div>","protected":false},"excerpt":{"rendered":"[vc_section][vc_row el_class=&#8221;container_1200&#8243;][vc_column][vc_row_inner][vc_column_inner][vc_custom_heading text=&#8221;Kolajen Uygulamas\u0131&#8221; font_container=&#8221;tag:h2|font_size:48|text_align:center&#8221; use_theme_fonts=&#8221;yes&#8221; el_class=&#8221;single-page-h2&#8243;][\/vc_column_inner][\/vc_row_inner][vc_row_inner][vc_column_inner width=&#8221;1\/3&#8243;][vc_single_image image=&#8221;1042&#8243; img_size=&#8221;full&#8221;][\/vc_column_inner][vc_column_inner width=&#8221;2\/3&#8243;][vc_column_text]Ad\u0131ndan da anla\u015f\u0131laca\u011f\u0131 gibi cildimizin temel yap\u0131lar\u0131ndan biri olan kolajeni artt\u0131rmaya y\u00f6nelik bir tedavi \u00e7e\u015fididir. Kolajen, cildimizin esnekli\u011finden sorumlu ana protein lifidir. Ya\u015flanma s\u00fcreci ile birlikte kolajen hem say\u0131 hem de kalite olarak azalmaktad\u0131r. Yeni nesil kolajen uygulamas\u0131, kozmetik t\u0131bb\u0131n ve ya\u015flanma kar\u015f\u0131t\u0131 tedavilerin temel&#8230; <a class=\"view-article\" href=\"https:\/\/www.anatomicaclinic.com\/tr\/kolajen-asisi\/\">View Article<\/a>","protected":false},"author":10,"featured_media":0,"parent":0,"menu_order":0,"comment_status":"closed","ping_status":"closed","template":"","meta":{"footnotes":""},"class_list":["post-969","page","type-page","status-publish","hentry"],"yoast_head":"<!-- This site is optimized with the Yoast SEO plugin v27.0 - https:\/\/yoast.com\/product\/yoast-seo-wordpress\/ -->\n<title>Kolajen Uygulamas\u0131 - Anatomica Klinik<\/title>\n<meta name=\"description\" content=\"Kolajen Uygulamas\u0131 - Anatomica Klinik\" \/>\n<meta name=\"robots\" content=\"index, follow, max-snippet:-1, max-image-preview:large, max-video-preview:-1\" \/>\n<link rel=\"canonical\" href=\"https:\/\/www.anatomicaclinic.com\/tr\/?page_id=969\" \/>\n<meta property=\"og:locale\" content=\"tr_TR\" \/>\n<meta property=\"og:type\" content=\"article\" \/>\n<meta property=\"og:title\" content=\"Kolajen Uygulamas\u0131 - Anatomica Klinik\" \/>\n<meta property=\"og:description\" content=\"Kolajen Uygulamas\u0131 - Anatomica Klinik\" \/>\n<meta property=\"og:url\" content=\"https:\/\/www.anatomicaclinic.com\/tr\/?page_id=969\" \/>\n<meta property=\"og:site_name\" content=\"Anatomica Klinik\" \/>\n<meta property=\"article:publisher\" content=\"https:\/\/www.facebook.com\/anatomicadominican\" \/>\n<meta property=\"article:modified_time\" content=\"2026-02-11T11:45:26+00:00\" \/>\n<meta name=\"twitter:card\" content=\"summary_large_image\" \/>\n<meta name=\"twitter:label1\" content=\"Tahmini okuma s\u00fcresi\" \/>\n\t<meta name=\"twitter:data1\" content=\"1 dakika\" \/>\n<script type=\"application\/ld+json\" class=\"yoast-schema-graph\">{\"@context\":\"https:\/\/schema.org\",\"@graph\":[{\"@type\":\"WebPage\",\"@id\":\"https:\/\/www.anatomicaclinic.com\/tr\/?page_id=969\",\"url\":\"https:\/\/www.anatomicaclinic.com\/tr\/?page_id=969\",\"name\":\"Kolajen Uygulamas\u0131 - Anatomica Klinik\",\"isPartOf\":{\"@id\":\"https:\/\/www.anatomicaclinic.com\/#website\"},\"datePublished\":\"2022-06-19T18:57:49+00:00\",\"dateModified\":\"2026-02-11T11:45:26+00:00\",\"description\":\"Kolajen Uygulamas\u0131 - Anatomica Klinik\",\"breadcrumb\":{\"@id\":\"https:\/\/www.anatomicaclinic.com\/tr\/?page_id=969#breadcrumb\"},\"inLanguage\":\"tr\",\"potentialAction\":[{\"@type\":\"ReadAction\",\"target\":[\"https:\/\/www.anatomicaclinic.com\/tr\/?page_id=969\"]}]},{\"@type\":\"BreadcrumbList\",\"@id\":\"https:\/\/www.anatomicaclinic.com\/tr\/?page_id=969#breadcrumb\",\"itemListElement\":[{\"@type\":\"ListItem\",\"position\":1,\"name\":\"Anasayfa\",\"item\":\"https:\/\/www.anatomicaclinic.com\/tr\/\"},{\"@type\":\"ListItem\",\"position\":2,\"name\":\"Kolajen Uygulamas\u0131\"}]},{\"@type\":\"WebSite\",\"@id\":\"https:\/\/www.anatomicaclinic.com\/#website\",\"url\":\"https:\/\/www.anatomicaclinic.com\/\",\"name\":\"Anatomica Clinic\",\"description\":\"Anatomica\",\"publisher\":{\"@id\":\"https:\/\/www.anatomicaclinic.com\/#organization\"},\"alternateName\":\"Anatomica Clinic International\",\"potentialAction\":[{\"@type\":\"SearchAction\",\"target\":{\"@type\":\"EntryPoint\",\"urlTemplate\":\"https:\/\/www.anatomicaclinic.com\/?s={search_term_string}\"},\"query-input\":{\"@type\":\"PropertyValueSpecification\",\"valueRequired\":true,\"valueName\":\"search_term_string\"}}],\"inLanguage\":\"tr\"},{\"@type\":\"Organization\",\"@id\":\"https:\/\/www.anatomicaclinic.com\/#organization\",\"name\":\"Anatomica Clinic Dominicana\",\"url\":\"https:\/\/www.anatomicaclinic.com\/\",\"logo\":{\"@type\":\"ImageObject\",\"inLanguage\":\"tr\",\"@id\":\"https:\/\/www.anatomicaclinic.com\/#\/schema\/logo\/image\/\",\"url\":\"https:\/\/www.anatomicaclinic.com\/wp-content\/uploads\/2023\/11\/8aa015e1-a0cd-4d48-b1d5-c9598cbdad99.jpg\",\"contentUrl\":\"https:\/\/www.anatomicaclinic.com\/wp-content\/uploads\/2023\/11\/8aa015e1-a0cd-4d48-b1d5-c9598cbdad99.jpg\",\"width\":1600,\"height\":1600,\"caption\":\"Anatomica Clinic Dominicana\"},\"image\":{\"@id\":\"https:\/\/www.anatomicaclinic.com\/#\/schema\/logo\/image\/\"},\"sameAs\":[\"https:\/\/www.facebook.com\/anatomicadominican\",\"https:\/\/instagram.com\/anatomicadominican\"]}]}<\/script>\n<!-- \/ Yoast SEO plugin. -->","yoast_head_json":{"title":"Kolajen Uygulamas\u0131 - Anatomica Klinik","description":"Kolajen Uygulamas\u0131 - Anatomica Klinik","robots":{"index":"index","follow":"follow","max-snippet":"max-snippet:-1","max-image-preview":"max-image-preview:large","max-video-preview":"max-video-preview:-1"},"canonical":"https:\/\/www.anatomicaclinic.com\/tr\/?page_id=969","og_locale":"tr_TR","og_type":"article","og_title":"Kolajen Uygulamas\u0131 - Anatomica Klinik","og_description":"Kolajen Uygulamas\u0131 - Anatomica Klinik","og_url":"https:\/\/www.anatomicaclinic.com\/tr\/?page_id=969","og_site_name":"Anatomica Klinik","article_publisher":"https:\/\/www.facebook.com\/anatomicadominican","article_modified_time":"2026-02-11T11:45:26+00:00","twitter_card":"summary_large_image","twitter_misc":{"Tahmini okuma s\u00fcresi":"1 dakika"},"schema":{"@context":"https:\/\/schema.org","@graph":[{"@type":"WebPage","@id":"https:\/\/www.anatomicaclinic.com\/tr\/?page_id=969","url":"https:\/\/www.anatomicaclinic.com\/tr\/?page_id=969","name":"Kolajen Uygulamas\u0131 - Anatomica Klinik","isPartOf":{"@id":"https:\/\/www.anatomicaclinic.com\/#website"},"datePublished":"2022-06-19T18:57:49+00:00","dateModified":"2026-02-11T11:45:26+00:00","description":"Kolajen Uygulamas\u0131 - Anatomica Klinik","breadcrumb":{"@id":"https:\/\/www.anatomicaclinic.com\/tr\/?page_id=969#breadcrumb"},"inLanguage":"tr","potentialAction":[{"@type":"ReadAction","target":["https:\/\/www.anatomicaclinic.com\/tr\/?page_id=969"]}]},{"@type":"BreadcrumbList","@id":"https:\/\/www.anatomicaclinic.com\/tr\/?page_id=969#breadcrumb","itemListElement":[{"@type":"ListItem","position":1,"name":"Anasayfa","item":"https:\/\/www.anatomicaclinic.com\/tr\/"},{"@type":"ListItem","position":2,"name":"Kolajen Uygulamas\u0131"}]},{"@type":"WebSite","@id":"https:\/\/www.anatomicaclinic.com\/#website","url":"https:\/\/www.anatomicaclinic.com\/","name":"Anatomica Clinic","description":"Anatomica","publisher":{"@id":"https:\/\/www.anatomicaclinic.com\/#organization"},"alternateName":"Anatomica Clinic International","potentialAction":[{"@type":"SearchAction","target":{"@type":"EntryPoint","urlTemplate":"https:\/\/www.anatomicaclinic.com\/?s={search_term_string}"},"query-input":{"@type":"PropertyValueSpecification","valueRequired":true,"valueName":"search_term_string"}}],"inLanguage":"tr"},{"@type":"Organization","@id":"https:\/\/www.anatomicaclinic.com\/#organization","name":"Anatomica Clinic Dominicana","url":"https:\/\/www.anatomicaclinic.com\/","logo":{"@type":"ImageObject","inLanguage":"tr","@id":"https:\/\/www.anatomicaclinic.com\/#\/schema\/logo\/image\/","url":"https:\/\/www.anatomicaclinic.com\/wp-content\/uploads\/2023\/11\/8aa015e1-a0cd-4d48-b1d5-c9598cbdad99.jpg","contentUrl":"https:\/\/www.anatomicaclinic.com\/wp-content\/uploads\/2023\/11\/8aa015e1-a0cd-4d48-b1d5-c9598cbdad99.jpg","width":1600,"height":1600,"caption":"Anatomica Clinic Dominicana"},"image":{"@id":"https:\/\/www.anatomicaclinic.com\/#\/schema\/logo\/image\/"},"sameAs":["https:\/\/www.facebook.com\/anatomicadominican","https:\/\/instagram.com\/anatomicadominican"]}]}},"_links":{"self":[{"href":"https:\/\/www.anatomicaclinic.com\/tr\/wp-json\/wp\/v2\/pages\/969","targetHints":{"allow":["GET"]}}],"collection":[{"href":"https:\/\/www.anatomicaclinic.com\/tr\/wp-json\/wp\/v2\/pages"}],"about":[{"href":"https:\/\/www.anatomicaclinic.com\/tr\/wp-json\/wp\/v2\/types\/page"}],"author":[{"embeddable":true,"href":"https:\/\/www.anatomicaclinic.com\/tr\/wp-json\/wp\/v2\/users\/10"}],"replies":[{"embeddable":true,"href":"https:\/\/www.anatomicaclinic.com\/tr\/wp-json\/wp\/v2\/comments?post=969"}],"version-history":[{"count":1,"href":"https:\/\/www.anatomicaclinic.com\/tr\/wp-json\/wp\/v2\/pages\/969\/revisions"}],"predecessor-version":[{"id":8714,"href":"https:\/\/www.anatomicaclinic.com\/tr\/wp-json\/wp\/v2\/pages\/969\/revisions\/8714"}],"wp:attachment":[{"href":"https:\/\/www.anatomicaclinic.com\/tr\/wp-json\/wp\/v2\/media?parent=969"}],"curies":[{"name":"wp","href":"https:\/\/api.w.org\/{rel}","templated":true}]}}